{"id":59643,"date":"2024-01-23T17:24:59","date_gmt":"2024-01-23T16:24:59","guid":{"rendered":"https:\/\/www.meliconi.com\/prodotto\/supporto-tv-meliconi-flatstyle-fdr200\/"},"modified":"2025-04-23T14:07:05","modified_gmt":"2025-04-23T12:07:05","slug":"flatstyle-fdr200-2","status":"publish","type":"product","link":"https:\/\/www.meliconi.com\/es\/producto\/flatstyle-fdr200-2\/","title":{"rendered":"FLATSTYLE FDR200"},"content":{"rendered":"<p>Flatstyle Meliconi es sin\u00f3nimo de tecnolog\u00edas de vanguardia a un precio accesible. Nuestros soportes de TV, 100% Made in Italy, son f\u00e1ciles de instalar y duraderos (5 a\u00f1os de garant\u00eda). Elige la calidad italiana de Meliconi y disfruta de una experiencia de visualizaci\u00f3n de TV sin compromisos.<\/p>\n<p>Flatstyle FDR200 es un soporte adecuado para todos los televisores con perforaciones VESA de 50-75-100-200 mm, desde 26 hasta 45 pulgadas, con una capacidad m\u00e1xima de carga de 25 kg y una distancia de la pared de m\u00ednimo 7 cm y m\u00e1ximo 39 cm.<\/p>\n","protected":false},"excerpt":{"rendered":"<p>Soporte de TV de un brazo<\/p>\n","protected":false},"featured_media":34125,"template":"","meta":{"_acf_changed":false},"product_cat":[336],"product_tag":[],"class_list":{"0":"post-59643","1":"product","2":"type-product","3":"status-publish","4":"has-post-thumbnail","6":"product_cat-flatstyle-es","7":"pa_movimento-supporto-double-rotation-es","9":"first","10":"instock","11":"taxable","12":"shipping-taxable","13":"purchasable","14":"product-type-simple"},"acf":[],"yoast_head":"<!-- This site is optimized with the Yoast SEO plugin v26.1.1 - https:\/\/yoast.com\/wordpress\/plugins\/seo\/ -->\n<title>FLATSTYLE FDR200 - Meliconi<\/title>\n<meta name=\"description\" content=\"Soporte de pared para TV Meliconi. Para VESA 50-75-100-200 de 26 a 45 pulgadas, capacidad de carga m\u00e1xima de 25 kg. Sistema Tilt&amp;Turn: inclina y gira el televisor sin esfuerzo.\" \/>\n<meta name=\"robots\" content=\"index, follow, max-snippet:-1, max-image-preview:large, max-video-preview:-1\" \/>\n<link rel=\"canonical\" href=\"https:\/\/www.meliconi.com\/es\/producto\/flatstyle-fdr200-2\/\" \/>\n<meta property=\"og:locale\" content=\"es_ES\" \/>\n<meta property=\"og:type\" content=\"article\" \/>\n<meta property=\"og:title\" content=\"FLATSTYLE FDR200 - Meliconi\" \/>\n<meta property=\"og:description\" content=\"Soporte de pared para TV Meliconi. Para VESA 50-75-100-200 de 26 a 45 pulgadas, capacidad de carga m\u00e1xima de 25 kg. Sistema Tilt&amp;Turn: inclina y gira el televisor sin esfuerzo.\" \/>\n<meta property=\"og:url\" content=\"https:\/\/www.meliconi.com\/es\/producto\/flatstyle-fdr200-2\/\" \/>\n<meta property=\"og:site_name\" content=\"Meliconi\" \/>\n<meta property=\"article:modified_time\" content=\"2025-04-23T12:07:05+00:00\" \/>\n<meta property=\"og:image\" content=\"https:\/\/www.meliconi.com\/wp-content\/uploads\/2024\/01\/580472_FLATSTYLE-FDR-200-2023-1-1024x914.png\" \/>\n\t<meta property=\"og:image:width\" content=\"1024\" \/>\n\t<meta property=\"og:image:height\" content=\"914\" \/>\n\t<meta property=\"og:image:type\" content=\"image\/png\" \/>\n<meta name=\"twitter:card\" content=\"summary_large_image\" \/>\n<meta name=\"twitter:label1\" content=\"Tiempo de lectura\" \/>\n\t<meta name=\"twitter:data1\" content=\"1 minuto\" \/>\n<script type=\"application\/ld+json\" class=\"yoast-schema-graph\">{\"@context\":\"https:\/\/schema.org\",\"@graph\":[{\"@type\":\"WebPage\",\"@id\":\"https:\/\/www.meliconi.com\/es\/producto\/flatstyle-fdr200-2\/\",\"url\":\"https:\/\/www.meliconi.com\/es\/producto\/flatstyle-fdr200-2\/\",\"name\":\"FLATSTYLE FDR200 - Meliconi\",\"isPartOf\":{\"@id\":\"https:\/\/www.meliconi.com\/es\/#website\"},\"primaryImageOfPage\":{\"@id\":\"https:\/\/www.meliconi.com\/es\/producto\/flatstyle-fdr200-2\/#primaryimage\"},\"image\":{\"@id\":\"https:\/\/www.meliconi.com\/es\/producto\/flatstyle-fdr200-2\/#primaryimage\"},\"thumbnailUrl\":\"https:\/\/www.meliconi.com\/wp-content\/uploads\/2024\/01\/580472_FLATSTYLE-FDR-200-2023-1.png\",\"datePublished\":\"2024-01-23T16:24:59+00:00\",\"dateModified\":\"2025-04-23T12:07:05+00:00\",\"description\":\"Soporte de pared para TV Meliconi. Para VESA 50-75-100-200 de 26 a 45 pulgadas, capacidad de carga m\u00e1xima de 25 kg. Sistema Tilt&Turn: inclina y gira el televisor sin esfuerzo.\",\"breadcrumb\":{\"@id\":\"https:\/\/www.meliconi.com\/es\/producto\/flatstyle-fdr200-2\/#breadcrumb\"},\"inLanguage\":\"es\",\"potentialAction\":[{\"@type\":\"ReadAction\",\"target\":[\"https:\/\/www.meliconi.com\/es\/producto\/flatstyle-fdr200-2\/\"]}]},{\"@type\":\"ImageObject\",\"inLanguage\":\"es\",\"@id\":\"https:\/\/www.meliconi.com\/es\/producto\/flatstyle-fdr200-2\/#primaryimage\",\"url\":\"https:\/\/www.meliconi.com\/wp-content\/uploads\/2024\/01\/580472_FLATSTYLE-FDR-200-2023-1.png\",\"contentUrl\":\"https:\/\/www.meliconi.com\/wp-content\/uploads\/2024\/01\/580472_FLATSTYLE-FDR-200-2023-1.png\",\"width\":5000,\"height\":4464},{\"@type\":\"BreadcrumbList\",\"@id\":\"https:\/\/www.meliconi.com\/es\/producto\/flatstyle-fdr200-2\/#breadcrumb\",\"itemListElement\":[{\"@type\":\"ListItem\",\"position\":1,\"name\":\"Home\",\"item\":\"https:\/\/www.meliconi.com\/es\/\"},{\"@type\":\"ListItem\",\"position\":2,\"name\":\"Shop\",\"item\":\"https:\/\/www.meliconi.com\/es\/shop-es\/\"},{\"@type\":\"ListItem\",\"position\":3,\"name\":\"FLATSTYLE FDR200\"}]},{\"@type\":\"WebSite\",\"@id\":\"https:\/\/www.meliconi.com\/es\/#website\",\"url\":\"https:\/\/www.meliconi.com\/es\/\",\"name\":\"Meliconi\",\"description\":\"El especialista en accesorios \",\"publisher\":{\"@id\":\"https:\/\/www.meliconi.com\/es\/#organization\"},\"potentialAction\":[{\"@type\":\"SearchAction\",\"target\":{\"@type\":\"EntryPoint\",\"urlTemplate\":\"https:\/\/www.meliconi.com\/es\/?s={search_term_string}\"},\"query-input\":{\"@type\":\"PropertyValueSpecification\",\"valueRequired\":true,\"valueName\":\"search_term_string\"}}],\"inLanguage\":\"es\"},{\"@type\":\"Organization\",\"@id\":\"https:\/\/www.meliconi.com\/es\/#organization\",\"name\":\"Meliconi\",\"url\":\"https:\/\/www.meliconi.com\/es\/\",\"logo\":{\"@type\":\"ImageObject\",\"inLanguage\":\"es\",\"@id\":\"https:\/\/www.meliconi.com\/es\/#\/schema\/logo\/image\/\",\"url\":\"https:\/\/www.meliconi.com\/wp-content\/uploads\/2021\/06\/logo-meliconi.png\",\"contentUrl\":\"https:\/\/www.meliconi.com\/wp-content\/uploads\/2021\/06\/logo-meliconi.png\",\"width\":338,\"height\":102,\"caption\":\"Meliconi\"},\"image\":{\"@id\":\"https:\/\/www.meliconi.com\/es\/#\/schema\/logo\/image\/\"}}]}<\/script>\n<!-- \/ Yoast SEO plugin. -->","yoast_head_json":{"title":"FLATSTYLE FDR200 - Meliconi","description":"Soporte de pared para TV Meliconi. Para VESA 50-75-100-200 de 26 a 45 pulgadas, capacidad de carga m\u00e1xima de 25 kg. Sistema Tilt&Turn: inclina y gira el televisor sin esfuerzo.","robots":{"index":"index","follow":"follow","max-snippet":"max-snippet:-1","max-image-preview":"max-image-preview:large","max-video-preview":"max-video-preview:-1"},"canonical":"https:\/\/www.meliconi.com\/es\/producto\/flatstyle-fdr200-2\/","og_locale":"es_ES","og_type":"article","og_title":"FLATSTYLE FDR200 - Meliconi","og_description":"Soporte de pared para TV Meliconi. Para VESA 50-75-100-200 de 26 a 45 pulgadas, capacidad de carga m\u00e1xima de 25 kg. Sistema Tilt&Turn: inclina y gira el televisor sin esfuerzo.","og_url":"https:\/\/www.meliconi.com\/es\/producto\/flatstyle-fdr200-2\/","og_site_name":"Meliconi","article_modified_time":"2025-04-23T12:07:05+00:00","og_image":[{"width":1024,"height":914,"url":"https:\/\/www.meliconi.com\/wp-content\/uploads\/2024\/01\/580472_FLATSTYLE-FDR-200-2023-1-1024x914.png","type":"image\/png"}],"twitter_card":"summary_large_image","twitter_misc":{"Tiempo de lectura":"1 minuto"},"schema":{"@context":"https:\/\/schema.org","@graph":[{"@type":"WebPage","@id":"https:\/\/www.meliconi.com\/es\/producto\/flatstyle-fdr200-2\/","url":"https:\/\/www.meliconi.com\/es\/producto\/flatstyle-fdr200-2\/","name":"FLATSTYLE FDR200 - Meliconi","isPartOf":{"@id":"https:\/\/www.meliconi.com\/es\/#website"},"primaryImageOfPage":{"@id":"https:\/\/www.meliconi.com\/es\/producto\/flatstyle-fdr200-2\/#primaryimage"},"image":{"@id":"https:\/\/www.meliconi.com\/es\/producto\/flatstyle-fdr200-2\/#primaryimage"},"thumbnailUrl":"https:\/\/www.meliconi.com\/wp-content\/uploads\/2024\/01\/580472_FLATSTYLE-FDR-200-2023-1.png","datePublished":"2024-01-23T16:24:59+00:00","dateModified":"2025-04-23T12:07:05+00:00","description":"Soporte de pared para TV Meliconi. Para VESA 50-75-100-200 de 26 a 45 pulgadas, capacidad de carga m\u00e1xima de 25 kg. Sistema Tilt&Turn: inclina y gira el televisor sin esfuerzo.","breadcrumb":{"@id":"https:\/\/www.meliconi.com\/es\/producto\/flatstyle-fdr200-2\/#breadcrumb"},"inLanguage":"es","potentialAction":[{"@type":"ReadAction","target":["https:\/\/www.meliconi.com\/es\/producto\/flatstyle-fdr200-2\/"]}]},{"@type":"ImageObject","inLanguage":"es","@id":"https:\/\/www.meliconi.com\/es\/producto\/flatstyle-fdr200-2\/#primaryimage","url":"https:\/\/www.meliconi.com\/wp-content\/uploads\/2024\/01\/580472_FLATSTYLE-FDR-200-2023-1.png","contentUrl":"https:\/\/www.meliconi.com\/wp-content\/uploads\/2024\/01\/580472_FLATSTYLE-FDR-200-2023-1.png","width":5000,"height":4464},{"@type":"BreadcrumbList","@id":"https:\/\/www.meliconi.com\/es\/producto\/flatstyle-fdr200-2\/#breadcrumb","itemListElement":[{"@type":"ListItem","position":1,"name":"Home","item":"https:\/\/www.meliconi.com\/es\/"},{"@type":"ListItem","position":2,"name":"Shop","item":"https:\/\/www.meliconi.com\/es\/shop-es\/"},{"@type":"ListItem","position":3,"name":"FLATSTYLE FDR200"}]},{"@type":"WebSite","@id":"https:\/\/www.meliconi.com\/es\/#website","url":"https:\/\/www.meliconi.com\/es\/","name":"Meliconi","description":"El especialista en accesorios ","publisher":{"@id":"https:\/\/www.meliconi.com\/es\/#organization"},"potentialAction":[{"@type":"SearchAction","target":{"@type":"EntryPoint","urlTemplate":"https:\/\/www.meliconi.com\/es\/?s={search_term_string}"},"query-input":{"@type":"PropertyValueSpecification","valueRequired":true,"valueName":"search_term_string"}}],"inLanguage":"es"},{"@type":"Organization","@id":"https:\/\/www.meliconi.com\/es\/#organization","name":"Meliconi","url":"https:\/\/www.meliconi.com\/es\/","logo":{"@type":"ImageObject","inLanguage":"es","@id":"https:\/\/www.meliconi.com\/es\/#\/schema\/logo\/image\/","url":"https:\/\/www.meliconi.com\/wp-content\/uploads\/2021\/06\/logo-meliconi.png","contentUrl":"https:\/\/www.meliconi.com\/wp-content\/uploads\/2021\/06\/logo-meliconi.png","width":338,"height":102,"caption":"Meliconi"},"image":{"@id":"https:\/\/www.meliconi.com\/es\/#\/schema\/logo\/image\/"}}]}},"_links":{"self":[{"href":"https:\/\/www.meliconi.com\/es\/wp-json\/wp\/v2\/product\/59643","targetHints":{"allow":["GET"]}}],"collection":[{"href":"https:\/\/www.meliconi.com\/es\/wp-json\/wp\/v2\/product"}],"about":[{"href":"https:\/\/www.meliconi.com\/es\/wp-json\/wp\/v2\/types\/product"}],"wp:featuredmedia":[{"embeddable":true,"href":"https:\/\/www.meliconi.com\/es\/wp-json\/wp\/v2\/media\/34125"}],"wp:attachment":[{"href":"https:\/\/www.meliconi.com\/es\/wp-json\/wp\/v2\/media?parent=59643"}],"wp:term":[{"taxonomy":"product_cat","embeddable":true,"href":"https:\/\/www.meliconi.com\/es\/wp-json\/wp\/v2\/product_cat?post=59643"},{"taxonomy":"product_tag","embeddable":true,"href":"https:\/\/www.meliconi.com\/es\/wp-json\/wp\/v2\/product_tag?post=59643"}],"curies":[{"name":"wp","href":"https:\/\/api.w.org\/{rel}","templated":true}]}}