{"id":59635,"date":"2024-01-23T16:55:43","date_gmt":"2024-01-23T15:55:43","guid":{"rendered":"https:\/\/www.meliconi.com\/prodotto\/supporto-tv-meliconi-flatstyle-fdr100\/"},"modified":"2025-04-23T14:04:50","modified_gmt":"2025-04-23T12:04:50","slug":"flatstyle-fdr100","status":"publish","type":"product","link":"https:\/\/www.meliconi.com\/es\/producto\/flatstyle-fdr100\/","title":{"rendered":"FLATSTYLE FDR100"},"content":{"rendered":"<p>Flatstyle Meliconi es sin\u00f3nimo de tecnolog\u00edas de vanguardia a un precio accesible. Nuestros soportes de TV, 100% Made in Italy, son f\u00e1ciles de instalar y duraderos (5 a\u00f1os de garant\u00eda). Elige la calidad italiana de Meliconi y disfruta de una experiencia de visualizaci\u00f3n de TV sin compromisos.<\/p>\n<p>Flatstyle FDR100 es un soporte adecuado para todos los televisores con perforaciones VESA de 50-75-100 mm, desde 14 a 32 pulgadas, con una capacidad m\u00e1xima de carga de 25 kg y una distancia de la pared de m\u00ednimo 8 cm y m\u00e1ximo 31,5 cm.<\/p>\n","protected":false},"excerpt":{"rendered":"<p>Soporte de TV de un brazo<\/p>\n","protected":false},"featured_media":34077,"template":"","meta":{"_acf_changed":false},"product_brand":[],"product_cat":[336],"product_tag":[],"class_list":{"0":"post-59635","1":"product","2":"type-product","3":"status-publish","4":"has-post-thumbnail","6":"product_cat-flatstyle-es","7":"pa_movimento-supporto-double-rotation-es","9":"first","10":"instock","11":"taxable","12":"shipping-taxable","13":"purchasable","14":"product-type-simple"},"acf":[],"yoast_head":"<!-- This site is optimized with the Yoast SEO plugin v27.4 - https:\/\/yoast.com\/product\/yoast-seo-wordpress\/ -->\n<title>FLATSTYLE FDR100 - Meliconi<\/title>\n<meta name=\"description\" content=\"Soporte de pared para TV Meliconi. Para VESA 50-75-100, de 14 a 25 pulgadas, capacidad de carga m\u00e1xima de 25 kg. Sistema Tilt&amp;Turn: inclina y gira el televisor sin esfuerzo.\" \/>\n<meta name=\"robots\" content=\"index, follow, max-snippet:-1, max-image-preview:large, max-video-preview:-1\" \/>\n<link rel=\"canonical\" href=\"https:\/\/www.meliconi.com\/es\/producto\/flatstyle-fdr100\/\" \/>\n<meta property=\"og:locale\" content=\"es_ES\" \/>\n<meta property=\"og:type\" content=\"article\" \/>\n<meta property=\"og:title\" content=\"FLATSTYLE FDR100 - Meliconi\" \/>\n<meta property=\"og:description\" content=\"Soporte de pared para TV Meliconi. Para VESA 50-75-100, de 14 a 25 pulgadas, capacidad de carga m\u00e1xima de 25 kg. Sistema Tilt&amp;Turn: inclina y gira el televisor sin esfuerzo.\" \/>\n<meta property=\"og:url\" content=\"https:\/\/www.meliconi.com\/es\/producto\/flatstyle-fdr100\/\" \/>\n<meta property=\"og:site_name\" content=\"Meliconi\" \/>\n<meta property=\"article:modified_time\" content=\"2025-04-23T12:04:50+00:00\" \/>\n<meta property=\"og:image\" content=\"https:\/\/www.meliconi.com\/wp-content\/uploads\/2024\/01\/580460_FLATSTYLE_FDR100_2--1024x681.png\" \/>\n\t<meta property=\"og:image:width\" content=\"1024\" \/>\n\t<meta property=\"og:image:height\" content=\"681\" \/>\n\t<meta property=\"og:image:type\" content=\"image\/png\" \/>\n<meta name=\"twitter:card\" content=\"summary_large_image\" \/>\n<meta name=\"twitter:label1\" content=\"Tiempo de lectura\" \/>\n\t<meta name=\"twitter:data1\" content=\"1 minuto\" \/>\n<script type=\"application\/ld+json\" class=\"yoast-schema-graph\">{\"@context\":\"https:\\\/\\\/schema.org\",\"@graph\":[{\"@type\":\"WebPage\",\"@id\":\"https:\\\/\\\/www.meliconi.com\\\/es\\\/producto\\\/flatstyle-fdr100\\\/\",\"url\":\"https:\\\/\\\/www.meliconi.com\\\/es\\\/producto\\\/flatstyle-fdr100\\\/\",\"name\":\"FLATSTYLE FDR100 - Meliconi\",\"isPartOf\":{\"@id\":\"https:\\\/\\\/www.meliconi.com\\\/es\\\/#website\"},\"primaryImageOfPage\":{\"@id\":\"https:\\\/\\\/www.meliconi.com\\\/es\\\/producto\\\/flatstyle-fdr100\\\/#primaryimage\"},\"image\":{\"@id\":\"https:\\\/\\\/www.meliconi.com\\\/es\\\/producto\\\/flatstyle-fdr100\\\/#primaryimage\"},\"thumbnailUrl\":\"https:\\\/\\\/www.meliconi.com\\\/wp-content\\\/uploads\\\/2024\\\/01\\\/580460_FLATSTYLE_FDR100_2-.png\",\"datePublished\":\"2024-01-23T15:55:43+00:00\",\"dateModified\":\"2025-04-23T12:04:50+00:00\",\"description\":\"Soporte de pared para TV Meliconi. Para VESA 50-75-100, de 14 a 25 pulgadas, capacidad de carga m\u00e1xima de 25 kg. Sistema Tilt&Turn: inclina y gira el televisor sin esfuerzo.\",\"breadcrumb\":{\"@id\":\"https:\\\/\\\/www.meliconi.com\\\/es\\\/producto\\\/flatstyle-fdr100\\\/#breadcrumb\"},\"inLanguage\":\"es\",\"potentialAction\":[{\"@type\":\"ReadAction\",\"target\":[\"https:\\\/\\\/www.meliconi.com\\\/es\\\/producto\\\/flatstyle-fdr100\\\/\"]}]},{\"@type\":\"ImageObject\",\"inLanguage\":\"es\",\"@id\":\"https:\\\/\\\/www.meliconi.com\\\/es\\\/producto\\\/flatstyle-fdr100\\\/#primaryimage\",\"url\":\"https:\\\/\\\/www.meliconi.com\\\/wp-content\\\/uploads\\\/2024\\\/01\\\/580460_FLATSTYLE_FDR100_2-.png\",\"contentUrl\":\"https:\\\/\\\/www.meliconi.com\\\/wp-content\\\/uploads\\\/2024\\\/01\\\/580460_FLATSTYLE_FDR100_2-.png\",\"width\":3992,\"height\":2656},{\"@type\":\"BreadcrumbList\",\"@id\":\"https:\\\/\\\/www.meliconi.com\\\/es\\\/producto\\\/flatstyle-fdr100\\\/#breadcrumb\",\"itemListElement\":[{\"@type\":\"ListItem\",\"position\":1,\"name\":\"Home\",\"item\":\"https:\\\/\\\/www.meliconi.com\\\/es\\\/\"},{\"@type\":\"ListItem\",\"position\":2,\"name\":\"Shop\",\"item\":\"https:\\\/\\\/www.meliconi.com\\\/es\\\/shop-es\\\/\"},{\"@type\":\"ListItem\",\"position\":3,\"name\":\"FLATSTYLE FDR100\"}]},{\"@type\":\"WebSite\",\"@id\":\"https:\\\/\\\/www.meliconi.com\\\/es\\\/#website\",\"url\":\"https:\\\/\\\/www.meliconi.com\\\/es\\\/\",\"name\":\"Meliconi\",\"description\":\"El especialista en accesorios \",\"publisher\":{\"@id\":\"https:\\\/\\\/www.meliconi.com\\\/es\\\/#organization\"},\"potentialAction\":[{\"@type\":\"SearchAction\",\"target\":{\"@type\":\"EntryPoint\",\"urlTemplate\":\"https:\\\/\\\/www.meliconi.com\\\/es\\\/?s={search_term_string}\"},\"query-input\":{\"@type\":\"PropertyValueSpecification\",\"valueRequired\":true,\"valueName\":\"search_term_string\"}}],\"inLanguage\":\"es\"},{\"@type\":\"Organization\",\"@id\":\"https:\\\/\\\/www.meliconi.com\\\/es\\\/#organization\",\"name\":\"Meliconi\",\"url\":\"https:\\\/\\\/www.meliconi.com\\\/es\\\/\",\"logo\":{\"@type\":\"ImageObject\",\"inLanguage\":\"es\",\"@id\":\"https:\\\/\\\/www.meliconi.com\\\/es\\\/#\\\/schema\\\/logo\\\/image\\\/\",\"url\":\"https:\\\/\\\/www.meliconi.com\\\/wp-content\\\/uploads\\\/2021\\\/06\\\/logo-meliconi.png\",\"contentUrl\":\"https:\\\/\\\/www.meliconi.com\\\/wp-content\\\/uploads\\\/2021\\\/06\\\/logo-meliconi.png\",\"width\":338,\"height\":102,\"caption\":\"Meliconi\"},\"image\":{\"@id\":\"https:\\\/\\\/www.meliconi.com\\\/es\\\/#\\\/schema\\\/logo\\\/image\\\/\"}}]}<\/script>\n<!-- \/ Yoast SEO plugin. -->","yoast_head_json":{"title":"FLATSTYLE FDR100 - Meliconi","description":"Soporte de pared para TV Meliconi. Para VESA 50-75-100, de 14 a 25 pulgadas, capacidad de carga m\u00e1xima de 25 kg. Sistema Tilt&Turn: inclina y gira el televisor sin esfuerzo.","robots":{"index":"index","follow":"follow","max-snippet":"max-snippet:-1","max-image-preview":"max-image-preview:large","max-video-preview":"max-video-preview:-1"},"canonical":"https:\/\/www.meliconi.com\/es\/producto\/flatstyle-fdr100\/","og_locale":"es_ES","og_type":"article","og_title":"FLATSTYLE FDR100 - Meliconi","og_description":"Soporte de pared para TV Meliconi. Para VESA 50-75-100, de 14 a 25 pulgadas, capacidad de carga m\u00e1xima de 25 kg. Sistema Tilt&Turn: inclina y gira el televisor sin esfuerzo.","og_url":"https:\/\/www.meliconi.com\/es\/producto\/flatstyle-fdr100\/","og_site_name":"Meliconi","article_modified_time":"2025-04-23T12:04:50+00:00","og_image":[{"width":1024,"height":681,"url":"https:\/\/www.meliconi.com\/wp-content\/uploads\/2024\/01\/580460_FLATSTYLE_FDR100_2--1024x681.png","type":"image\/png"}],"twitter_card":"summary_large_image","twitter_misc":{"Tiempo de lectura":"1 minuto"},"schema":{"@context":"https:\/\/schema.org","@graph":[{"@type":"WebPage","@id":"https:\/\/www.meliconi.com\/es\/producto\/flatstyle-fdr100\/","url":"https:\/\/www.meliconi.com\/es\/producto\/flatstyle-fdr100\/","name":"FLATSTYLE FDR100 - Meliconi","isPartOf":{"@id":"https:\/\/www.meliconi.com\/es\/#website"},"primaryImageOfPage":{"@id":"https:\/\/www.meliconi.com\/es\/producto\/flatstyle-fdr100\/#primaryimage"},"image":{"@id":"https:\/\/www.meliconi.com\/es\/producto\/flatstyle-fdr100\/#primaryimage"},"thumbnailUrl":"https:\/\/www.meliconi.com\/wp-content\/uploads\/2024\/01\/580460_FLATSTYLE_FDR100_2-.png","datePublished":"2024-01-23T15:55:43+00:00","dateModified":"2025-04-23T12:04:50+00:00","description":"Soporte de pared para TV Meliconi. Para VESA 50-75-100, de 14 a 25 pulgadas, capacidad de carga m\u00e1xima de 25 kg. Sistema Tilt&Turn: inclina y gira el televisor sin esfuerzo.","breadcrumb":{"@id":"https:\/\/www.meliconi.com\/es\/producto\/flatstyle-fdr100\/#breadcrumb"},"inLanguage":"es","potentialAction":[{"@type":"ReadAction","target":["https:\/\/www.meliconi.com\/es\/producto\/flatstyle-fdr100\/"]}]},{"@type":"ImageObject","inLanguage":"es","@id":"https:\/\/www.meliconi.com\/es\/producto\/flatstyle-fdr100\/#primaryimage","url":"https:\/\/www.meliconi.com\/wp-content\/uploads\/2024\/01\/580460_FLATSTYLE_FDR100_2-.png","contentUrl":"https:\/\/www.meliconi.com\/wp-content\/uploads\/2024\/01\/580460_FLATSTYLE_FDR100_2-.png","width":3992,"height":2656},{"@type":"BreadcrumbList","@id":"https:\/\/www.meliconi.com\/es\/producto\/flatstyle-fdr100\/#breadcrumb","itemListElement":[{"@type":"ListItem","position":1,"name":"Home","item":"https:\/\/www.meliconi.com\/es\/"},{"@type":"ListItem","position":2,"name":"Shop","item":"https:\/\/www.meliconi.com\/es\/shop-es\/"},{"@type":"ListItem","position":3,"name":"FLATSTYLE FDR100"}]},{"@type":"WebSite","@id":"https:\/\/www.meliconi.com\/es\/#website","url":"https:\/\/www.meliconi.com\/es\/","name":"Meliconi","description":"El especialista en accesorios ","publisher":{"@id":"https:\/\/www.meliconi.com\/es\/#organization"},"potentialAction":[{"@type":"SearchAction","target":{"@type":"EntryPoint","urlTemplate":"https:\/\/www.meliconi.com\/es\/?s={search_term_string}"},"query-input":{"@type":"PropertyValueSpecification","valueRequired":true,"valueName":"search_term_string"}}],"inLanguage":"es"},{"@type":"Organization","@id":"https:\/\/www.meliconi.com\/es\/#organization","name":"Meliconi","url":"https:\/\/www.meliconi.com\/es\/","logo":{"@type":"ImageObject","inLanguage":"es","@id":"https:\/\/www.meliconi.com\/es\/#\/schema\/logo\/image\/","url":"https:\/\/www.meliconi.com\/wp-content\/uploads\/2021\/06\/logo-meliconi.png","contentUrl":"https:\/\/www.meliconi.com\/wp-content\/uploads\/2021\/06\/logo-meliconi.png","width":338,"height":102,"caption":"Meliconi"},"image":{"@id":"https:\/\/www.meliconi.com\/es\/#\/schema\/logo\/image\/"}}]}},"_links":{"self":[{"href":"https:\/\/www.meliconi.com\/es\/wp-json\/wp\/v2\/product\/59635","targetHints":{"allow":["GET"]}}],"collection":[{"href":"https:\/\/www.meliconi.com\/es\/wp-json\/wp\/v2\/product"}],"about":[{"href":"https:\/\/www.meliconi.com\/es\/wp-json\/wp\/v2\/types\/product"}],"wp:featuredmedia":[{"embeddable":true,"href":"https:\/\/www.meliconi.com\/es\/wp-json\/wp\/v2\/media\/34077"}],"wp:attachment":[{"href":"https:\/\/www.meliconi.com\/es\/wp-json\/wp\/v2\/media?parent=59635"}],"wp:term":[{"taxonomy":"product_brand","embeddable":true,"href":"https:\/\/www.meliconi.com\/es\/wp-json\/wp\/v2\/product_brand?post=59635"},{"taxonomy":"product_cat","embeddable":true,"href":"https:\/\/www.meliconi.com\/es\/wp-json\/wp\/v2\/product_cat?post=59635"},{"taxonomy":"product_tag","embeddable":true,"href":"https:\/\/www.meliconi.com\/es\/wp-json\/wp\/v2\/product_tag?post=59635"}],"curies":[{"name":"wp","href":"https:\/\/api.w.org\/{rel}","templated":true}]}}