{"id":58569,"date":"2024-06-21T08:47:50","date_gmt":"2024-06-21T06:47:51","guid":{"rendered":"https:\/\/www.meliconi.com\/?post_type=product&#038;p=58569"},"modified":"2025-04-14T14:57:48","modified_gmt":"2025-04-14T12:57:48","slug":"hp-digital-smart","status":"publish","type":"product","link":"https:\/\/www.meliconi.com\/es\/producto\/hp-digital-smart\/","title":{"rendered":"HP DIGITAL SMART"},"content":{"rendered":"<p>\u2022 Sistema inal\u00e1mbrico (863 MHz) que permite escuchar los programas sin el estorbo de los cables y dejando total libertad de movimientos.<\/p>\n<p>\u2022 Alcance m\u00e1ximo de 100 m en campo abierto.<\/p>\n<p>\u2022 Conexi\u00f3n r\u00e1pida a la TV y a otras fuentes de audio digitales mediante cable \u00f3ptico (Toslink) y a fuentes de audio anal\u00f3gicas mediante cable AUX (conector de 3,5 mm) incluido.<\/p>\n<p>\u2022 Base transmisora de tama\u00f1o reducido, alimentada por enchufe USB (cable USB incluido).<\/p>\n<p>\u2022 El cascos tiene una bater\u00eda de pol\u00edmero de litio incorporada, que se recarga muy r\u00e1pidamente a trav\u00e9s del cable USB (2 horas para una carga completa). Aproximadamente 8 horas de uso continuo con una sola carga.<\/p>\n<p>\u2022 Bater\u00eda de litio potenciada: +70% respecto a la versi\u00f3n anterior<\/p>\n<p>\u2022 Excelente aislamiento del ruido ambiental.<\/p>\n<p>\u2022 Ligeros, ergon\u00f3micos y c\u00f3modos, con cascos de forma ovalada que se adaptan a la forma de las orejas.<\/p>\n<p>\u2022 Dos canales de transmisi\u00f3n disponibles para evitar interferencias.<\/p>\n<p>\u2022 El casco tambi\u00e9n puede utilizarse como un casc normal con cable.<\/p>\n","protected":false},"excerpt":{"rendered":"<p>Auriculares inal\u00e1mbricos para TV con entradas de audio anal\u00f3gicas (jack de 3,5 mm o AUX) y digitales \u00f3pticas (Toslink). Alcance m\u00e1ximo de 100 m<\/p>\n","protected":false},"featured_media":58782,"template":"","meta":{"_acf_changed":false},"product_brand":[],"product_cat":[332],"product_tag":[],"class_list":{"0":"post-58569","1":"product","2":"type-product","3":"status-publish","4":"has-post-thumbnail","6":"product_cat-inalambrico-es","8":"first","9":"instock","10":"taxable","11":"shipping-taxable","12":"purchasable","13":"product-type-simple"},"acf":[],"yoast_head":"<!-- This site is optimized with the Yoast SEO plugin v27.4 - https:\/\/yoast.com\/product\/yoast-seo-wordpress\/ -->\n<title>HP DIGITAL SMART - Meliconi<\/title>\n<meta name=\"robots\" content=\"index, follow, max-snippet:-1, max-image-preview:large, max-video-preview:-1\" \/>\n<link rel=\"canonical\" href=\"https:\/\/www.meliconi.com\/es\/producto\/hp-digital-smart\/\" \/>\n<meta property=\"og:locale\" content=\"es_ES\" \/>\n<meta property=\"og:type\" content=\"article\" \/>\n<meta property=\"og:title\" content=\"HP DIGITAL SMART - Meliconi\" \/>\n<meta property=\"og:description\" content=\"Auriculares inal\u00e1mbricos para TV con entradas de audio anal\u00f3gicas (jack de 3,5 mm o AUX) y digitales \u00f3pticas (Toslink). Alcance m\u00e1ximo de 100 m\" \/>\n<meta property=\"og:url\" content=\"https:\/\/www.meliconi.com\/es\/producto\/hp-digital-smart\/\" \/>\n<meta property=\"og:site_name\" content=\"Meliconi\" \/>\n<meta property=\"article:modified_time\" content=\"2025-04-14T12:57:48+00:00\" \/>\n<meta property=\"og:image\" content=\"https:\/\/www.meliconi.com\/wp-content\/uploads\/2024\/06\/497337_HP_DIGITAL_SMART-1-779x1024.png\" \/>\n\t<meta property=\"og:image:width\" content=\"779\" \/>\n\t<meta property=\"og:image:height\" content=\"1024\" \/>\n\t<meta property=\"og:image:type\" content=\"image\/png\" \/>\n<meta name=\"twitter:card\" content=\"summary_large_image\" \/>\n<meta name=\"twitter:label1\" content=\"Tiempo de lectura\" \/>\n\t<meta name=\"twitter:data1\" content=\"2 minutos\" \/>\n<script type=\"application\/ld+json\" class=\"yoast-schema-graph\">{\"@context\":\"https:\\\/\\\/schema.org\",\"@graph\":[{\"@type\":\"WebPage\",\"@id\":\"https:\\\/\\\/www.meliconi.com\\\/es\\\/producto\\\/hp-digital-smart\\\/\",\"url\":\"https:\\\/\\\/www.meliconi.com\\\/es\\\/producto\\\/hp-digital-smart\\\/\",\"name\":\"HP DIGITAL SMART - Meliconi\",\"isPartOf\":{\"@id\":\"https:\\\/\\\/www.meliconi.com\\\/es\\\/#website\"},\"primaryImageOfPage\":{\"@id\":\"https:\\\/\\\/www.meliconi.com\\\/es\\\/producto\\\/hp-digital-smart\\\/#primaryimage\"},\"image\":{\"@id\":\"https:\\\/\\\/www.meliconi.com\\\/es\\\/producto\\\/hp-digital-smart\\\/#primaryimage\"},\"thumbnailUrl\":\"https:\\\/\\\/www.meliconi.com\\\/wp-content\\\/uploads\\\/2024\\\/06\\\/497337_HP_DIGITAL_SMART-1.png\",\"datePublished\":\"2024-06-21T06:47:51+00:00\",\"dateModified\":\"2025-04-14T12:57:48+00:00\",\"breadcrumb\":{\"@id\":\"https:\\\/\\\/www.meliconi.com\\\/es\\\/producto\\\/hp-digital-smart\\\/#breadcrumb\"},\"inLanguage\":\"es\",\"potentialAction\":[{\"@type\":\"ReadAction\",\"target\":[\"https:\\\/\\\/www.meliconi.com\\\/es\\\/producto\\\/hp-digital-smart\\\/\"]}]},{\"@type\":\"ImageObject\",\"inLanguage\":\"es\",\"@id\":\"https:\\\/\\\/www.meliconi.com\\\/es\\\/producto\\\/hp-digital-smart\\\/#primaryimage\",\"url\":\"https:\\\/\\\/www.meliconi.com\\\/wp-content\\\/uploads\\\/2024\\\/06\\\/497337_HP_DIGITAL_SMART-1.png\",\"contentUrl\":\"https:\\\/\\\/www.meliconi.com\\\/wp-content\\\/uploads\\\/2024\\\/06\\\/497337_HP_DIGITAL_SMART-1.png\",\"width\":2694,\"height\":3543},{\"@type\":\"BreadcrumbList\",\"@id\":\"https:\\\/\\\/www.meliconi.com\\\/es\\\/producto\\\/hp-digital-smart\\\/#breadcrumb\",\"itemListElement\":[{\"@type\":\"ListItem\",\"position\":1,\"name\":\"Home\",\"item\":\"https:\\\/\\\/www.meliconi.com\\\/es\\\/\"},{\"@type\":\"ListItem\",\"position\":2,\"name\":\"Shop\",\"item\":\"https:\\\/\\\/www.meliconi.com\\\/es\\\/shop-es\\\/\"},{\"@type\":\"ListItem\",\"position\":3,\"name\":\"HP DIGITAL SMART\"}]},{\"@type\":\"WebSite\",\"@id\":\"https:\\\/\\\/www.meliconi.com\\\/es\\\/#website\",\"url\":\"https:\\\/\\\/www.meliconi.com\\\/es\\\/\",\"name\":\"Meliconi\",\"description\":\"El especialista en accesorios \",\"publisher\":{\"@id\":\"https:\\\/\\\/www.meliconi.com\\\/es\\\/#organization\"},\"potentialAction\":[{\"@type\":\"SearchAction\",\"target\":{\"@type\":\"EntryPoint\",\"urlTemplate\":\"https:\\\/\\\/www.meliconi.com\\\/es\\\/?s={search_term_string}\"},\"query-input\":{\"@type\":\"PropertyValueSpecification\",\"valueRequired\":true,\"valueName\":\"search_term_string\"}}],\"inLanguage\":\"es\"},{\"@type\":\"Organization\",\"@id\":\"https:\\\/\\\/www.meliconi.com\\\/es\\\/#organization\",\"name\":\"Meliconi\",\"url\":\"https:\\\/\\\/www.meliconi.com\\\/es\\\/\",\"logo\":{\"@type\":\"ImageObject\",\"inLanguage\":\"es\",\"@id\":\"https:\\\/\\\/www.meliconi.com\\\/es\\\/#\\\/schema\\\/logo\\\/image\\\/\",\"url\":\"https:\\\/\\\/www.meliconi.com\\\/wp-content\\\/uploads\\\/2021\\\/06\\\/logo-meliconi.png\",\"contentUrl\":\"https:\\\/\\\/www.meliconi.com\\\/wp-content\\\/uploads\\\/2021\\\/06\\\/logo-meliconi.png\",\"width\":338,\"height\":102,\"caption\":\"Meliconi\"},\"image\":{\"@id\":\"https:\\\/\\\/www.meliconi.com\\\/es\\\/#\\\/schema\\\/logo\\\/image\\\/\"}}]}<\/script>\n<!-- \/ Yoast SEO plugin. -->","yoast_head_json":{"title":"HP DIGITAL SMART - Meliconi","robots":{"index":"index","follow":"follow","max-snippet":"max-snippet:-1","max-image-preview":"max-image-preview:large","max-video-preview":"max-video-preview:-1"},"canonical":"https:\/\/www.meliconi.com\/es\/producto\/hp-digital-smart\/","og_locale":"es_ES","og_type":"article","og_title":"HP DIGITAL SMART - Meliconi","og_description":"Auriculares inal\u00e1mbricos para TV con entradas de audio anal\u00f3gicas (jack de 3,5 mm o AUX) y digitales \u00f3pticas (Toslink). Alcance m\u00e1ximo de 100 m","og_url":"https:\/\/www.meliconi.com\/es\/producto\/hp-digital-smart\/","og_site_name":"Meliconi","article_modified_time":"2025-04-14T12:57:48+00:00","og_image":[{"width":779,"height":1024,"url":"https:\/\/www.meliconi.com\/wp-content\/uploads\/2024\/06\/497337_HP_DIGITAL_SMART-1-779x1024.png","type":"image\/png"}],"twitter_card":"summary_large_image","twitter_misc":{"Tiempo de lectura":"2 minutos"},"schema":{"@context":"https:\/\/schema.org","@graph":[{"@type":"WebPage","@id":"https:\/\/www.meliconi.com\/es\/producto\/hp-digital-smart\/","url":"https:\/\/www.meliconi.com\/es\/producto\/hp-digital-smart\/","name":"HP DIGITAL SMART - Meliconi","isPartOf":{"@id":"https:\/\/www.meliconi.com\/es\/#website"},"primaryImageOfPage":{"@id":"https:\/\/www.meliconi.com\/es\/producto\/hp-digital-smart\/#primaryimage"},"image":{"@id":"https:\/\/www.meliconi.com\/es\/producto\/hp-digital-smart\/#primaryimage"},"thumbnailUrl":"https:\/\/www.meliconi.com\/wp-content\/uploads\/2024\/06\/497337_HP_DIGITAL_SMART-1.png","datePublished":"2024-06-21T06:47:51+00:00","dateModified":"2025-04-14T12:57:48+00:00","breadcrumb":{"@id":"https:\/\/www.meliconi.com\/es\/producto\/hp-digital-smart\/#breadcrumb"},"inLanguage":"es","potentialAction":[{"@type":"ReadAction","target":["https:\/\/www.meliconi.com\/es\/producto\/hp-digital-smart\/"]}]},{"@type":"ImageObject","inLanguage":"es","@id":"https:\/\/www.meliconi.com\/es\/producto\/hp-digital-smart\/#primaryimage","url":"https:\/\/www.meliconi.com\/wp-content\/uploads\/2024\/06\/497337_HP_DIGITAL_SMART-1.png","contentUrl":"https:\/\/www.meliconi.com\/wp-content\/uploads\/2024\/06\/497337_HP_DIGITAL_SMART-1.png","width":2694,"height":3543},{"@type":"BreadcrumbList","@id":"https:\/\/www.meliconi.com\/es\/producto\/hp-digital-smart\/#breadcrumb","itemListElement":[{"@type":"ListItem","position":1,"name":"Home","item":"https:\/\/www.meliconi.com\/es\/"},{"@type":"ListItem","position":2,"name":"Shop","item":"https:\/\/www.meliconi.com\/es\/shop-es\/"},{"@type":"ListItem","position":3,"name":"HP DIGITAL SMART"}]},{"@type":"WebSite","@id":"https:\/\/www.meliconi.com\/es\/#website","url":"https:\/\/www.meliconi.com\/es\/","name":"Meliconi","description":"El especialista en accesorios ","publisher":{"@id":"https:\/\/www.meliconi.com\/es\/#organization"},"potentialAction":[{"@type":"SearchAction","target":{"@type":"EntryPoint","urlTemplate":"https:\/\/www.meliconi.com\/es\/?s={search_term_string}"},"query-input":{"@type":"PropertyValueSpecification","valueRequired":true,"valueName":"search_term_string"}}],"inLanguage":"es"},{"@type":"Organization","@id":"https:\/\/www.meliconi.com\/es\/#organization","name":"Meliconi","url":"https:\/\/www.meliconi.com\/es\/","logo":{"@type":"ImageObject","inLanguage":"es","@id":"https:\/\/www.meliconi.com\/es\/#\/schema\/logo\/image\/","url":"https:\/\/www.meliconi.com\/wp-content\/uploads\/2021\/06\/logo-meliconi.png","contentUrl":"https:\/\/www.meliconi.com\/wp-content\/uploads\/2021\/06\/logo-meliconi.png","width":338,"height":102,"caption":"Meliconi"},"image":{"@id":"https:\/\/www.meliconi.com\/es\/#\/schema\/logo\/image\/"}}]}},"_links":{"self":[{"href":"https:\/\/www.meliconi.com\/es\/wp-json\/wp\/v2\/product\/58569","targetHints":{"allow":["GET"]}}],"collection":[{"href":"https:\/\/www.meliconi.com\/es\/wp-json\/wp\/v2\/product"}],"about":[{"href":"https:\/\/www.meliconi.com\/es\/wp-json\/wp\/v2\/types\/product"}],"wp:featuredmedia":[{"embeddable":true,"href":"https:\/\/www.meliconi.com\/es\/wp-json\/wp\/v2\/media\/58782"}],"wp:attachment":[{"href":"https:\/\/www.meliconi.com\/es\/wp-json\/wp\/v2\/media?parent=58569"}],"wp:term":[{"taxonomy":"product_brand","embeddable":true,"href":"https:\/\/www.meliconi.com\/es\/wp-json\/wp\/v2\/product_brand?post=58569"},{"taxonomy":"product_cat","embeddable":true,"href":"https:\/\/www.meliconi.com\/es\/wp-json\/wp\/v2\/product_cat?post=58569"},{"taxonomy":"product_tag","embeddable":true,"href":"https:\/\/www.meliconi.com\/es\/wp-json\/wp\/v2\/product_tag?post=58569"}],"curies":[{"name":"wp","href":"https:\/\/api.w.org\/{rel}","templated":true}]}}