{"id":58560,"date":"2024-06-20T08:40:33","date_gmt":"2024-06-20T06:40:33","guid":{"rendered":"https:\/\/www.meliconi.com\/?post_type=product&#038;p=58560"},"modified":"2025-04-08T09:44:02","modified_gmt":"2025-04-08T07:44:02","slug":"400-duo","status":"publish","type":"product","link":"https:\/\/www.meliconi.com\/es\/producto\/400-duo\/","title":{"rendered":"400 DUO CG"},"content":{"rendered":"<p>EXTRA es la nueva l\u00ednea de soportes de pared ultradelgados para TV de Meliconi S.p.A., la combinaci\u00f3n perfecta de tecnolog\u00edas de vanguardia, materiales de \u00faltima generaci\u00f3n y dise\u00f1o atractivo. La adici\u00f3n de un revestimiento protector de goma en todos los soportes proteger\u00e1 tu TV a lo largo del tiempo, sin renunciar a un volumen m\u00ednimo (hasta un m\u00ednimo de 2 cm de la pared) y una total seguridad. Todos los soportes EXTRA son 100% Made in Italy y vienen con una garant\u00eda de 10 a\u00f1os.<\/p>\n<p>400 DUO es un soporte inclinable y giratorio para TVs con perforaciones VESA de 200-300-400 mm y 200-300-400&#215;200, permitiendo inclinar la pantalla vertical y horizontalmente. El soporte viene con dos pares de soportes para TV:<\/p>\n<ul>\n<li>Soportes VESA 200-300-400 adecuados para todas las TVs de \u00faltima generaci\u00f3n como QLED, Neo QLED, QNED, Nanocell, Mini-LED y LED.<\/li>\n<li>Soportes VESA 200-300-400&#215;200 adecuados para todas las TVs LG OLED y OLED Evo.<\/li>\n<\/ul>\n<p>El exclusivo sistema de bloqueo inteligente de los soportes, FASTBLOCK, permite montar la TV en la pared en 3 sencillos pasos:<\/p>\n<ol>\n<li>Fija la placa a la pared.<\/li>\n<li>Atornilla los soportes en la parte posterior de la TV.<\/li>\n<li>Instala la TV en la placa de pared.<\/li>\n<\/ol>\n","protected":false},"excerpt":{"rendered":"<p>Soporte de pared para TV de doble brazo y rotaci\u00f3n<\/p>\n","protected":false},"featured_media":17808,"template":"","meta":{"_acf_changed":false},"product_cat":[335],"product_tag":[],"class_list":{"0":"post-58560","1":"product","2":"type-product","3":"status-publish","4":"has-post-thumbnail","6":"product_cat-soportes-tv-de-pared-es","7":"pa_movimento-supporto-tilted-es","9":"first","10":"instock","11":"taxable","12":"shipping-taxable","13":"purchasable","14":"product-type-simple"},"acf":[],"yoast_head":"<!-- This site is optimized with the Yoast SEO plugin v26.1.1 - https:\/\/yoast.com\/wordpress\/plugins\/seo\/ -->\n<title>400 DUO CG - Meliconi<\/title>\n<meta name=\"robots\" content=\"index, follow, max-snippet:-1, max-image-preview:large, max-video-preview:-1\" \/>\n<link rel=\"canonical\" href=\"https:\/\/www.meliconi.com\/es\/producto\/400-duo\/\" \/>\n<meta property=\"og:locale\" content=\"es_ES\" \/>\n<meta property=\"og:type\" content=\"article\" \/>\n<meta property=\"og:title\" content=\"400 DUO CG - Meliconi\" \/>\n<meta property=\"og:description\" content=\"Soporte de pared para TV de doble brazo y rotaci\u00f3n\" \/>\n<meta property=\"og:url\" content=\"https:\/\/www.meliconi.com\/es\/producto\/400-duo\/\" \/>\n<meta property=\"og:site_name\" content=\"Meliconi\" \/>\n<meta property=\"article:modified_time\" content=\"2025-04-08T07:44:02+00:00\" \/>\n<meta property=\"og:image\" content=\"https:\/\/www.meliconi.com\/wp-content\/uploads\/2022\/09\/Extra-400-Duo-3-4-400x400-1-763x1024.png\" \/>\n\t<meta property=\"og:image:width\" content=\"763\" \/>\n\t<meta property=\"og:image:height\" content=\"1024\" \/>\n\t<meta property=\"og:image:type\" content=\"image\/png\" \/>\n<meta name=\"twitter:card\" content=\"summary_large_image\" \/>\n<meta name=\"twitter:label1\" content=\"Tiempo de lectura\" \/>\n\t<meta name=\"twitter:data1\" content=\"2 minutos\" \/>\n<script type=\"application\/ld+json\" class=\"yoast-schema-graph\">{\"@context\":\"https:\/\/schema.org\",\"@graph\":[{\"@type\":\"WebPage\",\"@id\":\"https:\/\/www.meliconi.com\/es\/producto\/400-duo\/\",\"url\":\"https:\/\/www.meliconi.com\/es\/producto\/400-duo\/\",\"name\":\"400 DUO CG - Meliconi\",\"isPartOf\":{\"@id\":\"https:\/\/www.meliconi.com\/es\/#website\"},\"primaryImageOfPage\":{\"@id\":\"https:\/\/www.meliconi.com\/es\/producto\/400-duo\/#primaryimage\"},\"image\":{\"@id\":\"https:\/\/www.meliconi.com\/es\/producto\/400-duo\/#primaryimage\"},\"thumbnailUrl\":\"https:\/\/www.meliconi.com\/wp-content\/uploads\/2022\/09\/Extra-400-Duo-3-4-400x400-1.png\",\"datePublished\":\"2024-06-20T06:40:33+00:00\",\"dateModified\":\"2025-04-08T07:44:02+00:00\",\"breadcrumb\":{\"@id\":\"https:\/\/www.meliconi.com\/es\/producto\/400-duo\/#breadcrumb\"},\"inLanguage\":\"es\",\"potentialAction\":[{\"@type\":\"ReadAction\",\"target\":[\"https:\/\/www.meliconi.com\/es\/producto\/400-duo\/\"]}]},{\"@type\":\"ImageObject\",\"inLanguage\":\"es\",\"@id\":\"https:\/\/www.meliconi.com\/es\/producto\/400-duo\/#primaryimage\",\"url\":\"https:\/\/www.meliconi.com\/wp-content\/uploads\/2022\/09\/Extra-400-Duo-3-4-400x400-1.png\",\"contentUrl\":\"https:\/\/www.meliconi.com\/wp-content\/uploads\/2022\/09\/Extra-400-Duo-3-4-400x400-1.png\",\"width\":2632,\"height\":3533},{\"@type\":\"BreadcrumbList\",\"@id\":\"https:\/\/www.meliconi.com\/es\/producto\/400-duo\/#breadcrumb\",\"itemListElement\":[{\"@type\":\"ListItem\",\"position\":1,\"name\":\"Home\",\"item\":\"https:\/\/www.meliconi.com\/es\/\"},{\"@type\":\"ListItem\",\"position\":2,\"name\":\"Shop\",\"item\":\"https:\/\/www.meliconi.com\/es\/shop-es\/\"},{\"@type\":\"ListItem\",\"position\":3,\"name\":\"400 DUO CG\"}]},{\"@type\":\"WebSite\",\"@id\":\"https:\/\/www.meliconi.com\/es\/#website\",\"url\":\"https:\/\/www.meliconi.com\/es\/\",\"name\":\"Meliconi\",\"description\":\"El especialista en accesorios \",\"publisher\":{\"@id\":\"https:\/\/www.meliconi.com\/es\/#organization\"},\"potentialAction\":[{\"@type\":\"SearchAction\",\"target\":{\"@type\":\"EntryPoint\",\"urlTemplate\":\"https:\/\/www.meliconi.com\/es\/?s={search_term_string}\"},\"query-input\":{\"@type\":\"PropertyValueSpecification\",\"valueRequired\":true,\"valueName\":\"search_term_string\"}}],\"inLanguage\":\"es\"},{\"@type\":\"Organization\",\"@id\":\"https:\/\/www.meliconi.com\/es\/#organization\",\"name\":\"Meliconi\",\"url\":\"https:\/\/www.meliconi.com\/es\/\",\"logo\":{\"@type\":\"ImageObject\",\"inLanguage\":\"es\",\"@id\":\"https:\/\/www.meliconi.com\/es\/#\/schema\/logo\/image\/\",\"url\":\"https:\/\/www.meliconi.com\/wp-content\/uploads\/2021\/06\/logo-meliconi.png\",\"contentUrl\":\"https:\/\/www.meliconi.com\/wp-content\/uploads\/2021\/06\/logo-meliconi.png\",\"width\":338,\"height\":102,\"caption\":\"Meliconi\"},\"image\":{\"@id\":\"https:\/\/www.meliconi.com\/es\/#\/schema\/logo\/image\/\"}}]}<\/script>\n<!-- \/ Yoast SEO plugin. -->","yoast_head_json":{"title":"400 DUO CG - Meliconi","robots":{"index":"index","follow":"follow","max-snippet":"max-snippet:-1","max-image-preview":"max-image-preview:large","max-video-preview":"max-video-preview:-1"},"canonical":"https:\/\/www.meliconi.com\/es\/producto\/400-duo\/","og_locale":"es_ES","og_type":"article","og_title":"400 DUO CG - Meliconi","og_description":"Soporte de pared para TV de doble brazo y rotaci\u00f3n","og_url":"https:\/\/www.meliconi.com\/es\/producto\/400-duo\/","og_site_name":"Meliconi","article_modified_time":"2025-04-08T07:44:02+00:00","og_image":[{"width":763,"height":1024,"url":"https:\/\/www.meliconi.com\/wp-content\/uploads\/2022\/09\/Extra-400-Duo-3-4-400x400-1-763x1024.png","type":"image\/png"}],"twitter_card":"summary_large_image","twitter_misc":{"Tiempo de lectura":"2 minutos"},"schema":{"@context":"https:\/\/schema.org","@graph":[{"@type":"WebPage","@id":"https:\/\/www.meliconi.com\/es\/producto\/400-duo\/","url":"https:\/\/www.meliconi.com\/es\/producto\/400-duo\/","name":"400 DUO CG - Meliconi","isPartOf":{"@id":"https:\/\/www.meliconi.com\/es\/#website"},"primaryImageOfPage":{"@id":"https:\/\/www.meliconi.com\/es\/producto\/400-duo\/#primaryimage"},"image":{"@id":"https:\/\/www.meliconi.com\/es\/producto\/400-duo\/#primaryimage"},"thumbnailUrl":"https:\/\/www.meliconi.com\/wp-content\/uploads\/2022\/09\/Extra-400-Duo-3-4-400x400-1.png","datePublished":"2024-06-20T06:40:33+00:00","dateModified":"2025-04-08T07:44:02+00:00","breadcrumb":{"@id":"https:\/\/www.meliconi.com\/es\/producto\/400-duo\/#breadcrumb"},"inLanguage":"es","potentialAction":[{"@type":"ReadAction","target":["https:\/\/www.meliconi.com\/es\/producto\/400-duo\/"]}]},{"@type":"ImageObject","inLanguage":"es","@id":"https:\/\/www.meliconi.com\/es\/producto\/400-duo\/#primaryimage","url":"https:\/\/www.meliconi.com\/wp-content\/uploads\/2022\/09\/Extra-400-Duo-3-4-400x400-1.png","contentUrl":"https:\/\/www.meliconi.com\/wp-content\/uploads\/2022\/09\/Extra-400-Duo-3-4-400x400-1.png","width":2632,"height":3533},{"@type":"BreadcrumbList","@id":"https:\/\/www.meliconi.com\/es\/producto\/400-duo\/#breadcrumb","itemListElement":[{"@type":"ListItem","position":1,"name":"Home","item":"https:\/\/www.meliconi.com\/es\/"},{"@type":"ListItem","position":2,"name":"Shop","item":"https:\/\/www.meliconi.com\/es\/shop-es\/"},{"@type":"ListItem","position":3,"name":"400 DUO CG"}]},{"@type":"WebSite","@id":"https:\/\/www.meliconi.com\/es\/#website","url":"https:\/\/www.meliconi.com\/es\/","name":"Meliconi","description":"El especialista en accesorios ","publisher":{"@id":"https:\/\/www.meliconi.com\/es\/#organization"},"potentialAction":[{"@type":"SearchAction","target":{"@type":"EntryPoint","urlTemplate":"https:\/\/www.meliconi.com\/es\/?s={search_term_string}"},"query-input":{"@type":"PropertyValueSpecification","valueRequired":true,"valueName":"search_term_string"}}],"inLanguage":"es"},{"@type":"Organization","@id":"https:\/\/www.meliconi.com\/es\/#organization","name":"Meliconi","url":"https:\/\/www.meliconi.com\/es\/","logo":{"@type":"ImageObject","inLanguage":"es","@id":"https:\/\/www.meliconi.com\/es\/#\/schema\/logo\/image\/","url":"https:\/\/www.meliconi.com\/wp-content\/uploads\/2021\/06\/logo-meliconi.png","contentUrl":"https:\/\/www.meliconi.com\/wp-content\/uploads\/2021\/06\/logo-meliconi.png","width":338,"height":102,"caption":"Meliconi"},"image":{"@id":"https:\/\/www.meliconi.com\/es\/#\/schema\/logo\/image\/"}}]}},"_links":{"self":[{"href":"https:\/\/www.meliconi.com\/es\/wp-json\/wp\/v2\/product\/58560","targetHints":{"allow":["GET"]}}],"collection":[{"href":"https:\/\/www.meliconi.com\/es\/wp-json\/wp\/v2\/product"}],"about":[{"href":"https:\/\/www.meliconi.com\/es\/wp-json\/wp\/v2\/types\/product"}],"wp:featuredmedia":[{"embeddable":true,"href":"https:\/\/www.meliconi.com\/es\/wp-json\/wp\/v2\/media\/17808"}],"wp:attachment":[{"href":"https:\/\/www.meliconi.com\/es\/wp-json\/wp\/v2\/media?parent=58560"}],"wp:term":[{"taxonomy":"product_cat","embeddable":true,"href":"https:\/\/www.meliconi.com\/es\/wp-json\/wp\/v2\/product_cat?post=58560"},{"taxonomy":"product_tag","embeddable":true,"href":"https:\/\/www.meliconi.com\/es\/wp-json\/wp\/v2\/product_tag?post=58560"}],"curies":[{"name":"wp","href":"https:\/\/api.w.org\/{rel}","templated":true}]}}