{"id":58479,"date":"2024-06-13T17:32:54","date_gmt":"2024-06-13T15:32:54","guid":{"rendered":"https:\/\/www.meliconi.com\/?post_type=product&#038;p=58479"},"modified":"2025-04-29T15:26:57","modified_gmt":"2025-04-29T13:26:57","slug":"easyclean-2","status":"publish","type":"product","link":"https:\/\/www.meliconi.com\/es\/producto\/easyclean-2\/","title":{"rendered":"Easyclean 2+"},"content":{"rendered":"<p>\u2022 Sustituye y agrupa dos mandos a distancia infrarrojos originales (1 TV y 1 decodificador digital terrestre o sat\u00e9lite).<\/p>\n<p>\u2022 El mando a distancia tiene una de las bases de datos internas m\u00e1s completas del mercado y funciona con casi todas las marcas y modelos.<\/p>\n<p>\u2022 Teclado plano, higi\u00e9nico y lavable. A prueba de polvo y salpicaduras, IP53.<\/p>\n<p>\u2022 Ideal para su uso en cocinas y entornos donde pueda mojarse y ensuciarse con facilidad o donde sea importante una limpieza a fondo.<\/p>\n<p>\u2022 Funci\u00f3n de aprendizaje.<\/p>\n<p>\u2022 Se puede bloquear (freeze) la configuraci\u00f3n inicial para que nadie pueda cambiarla a voluntad.<\/p>\n<p>\u2022 Acceso directo a las funciones de smart TV Home y Netflix.<\/p>\n<p>\u2022 Soporte web completo en el idioma espa\u00f1o en www.cme.it (software de b\u00fasqueda de c\u00f3digo,<br \/>\ntablas de correspondencia de teclas \/ funciones, b\u00fasqueda de im\u00e1genes, manual de instrucciones,<br \/>\nvideogu\u00eda y m\u00e1s).<\/p>\n","protected":false},"excerpt":{"rendered":"<ul>\n<li>2 en 1 UNIVERSAL: Controla casi todos los televisores y descodificadores con un solo mando a distancia<\/li>\n<li>IDEAL PARA LA COCINA<\/li>\n<li>IMPERMEABLE: Resistente a las salpicaduras de agua y al polvo<\/li>\n<li>SENCILLO Y C\u00d3MODO: Configuraci\u00f3n sencilla, forma ergon\u00f3mica y tama\u00f1o compacto.<\/li>\n<li>FUNCIONAL: Controla las principales funciones de TV y decodificador, acceso directo a Home Smart y Netflix, funci\u00f3n de aprendizaje para funciones adicionales, modo combo activable para selecci\u00f3n autom\u00e1tica de TV\/Decodificador.<\/li>\n<\/ul>\n","protected":false},"featured_media":64353,"template":"","meta":{"_acf_changed":false},"product_cat":[346],"product_tag":[786,787,788,789,790,791,792,793,794,795,796,797,798,799,800,801,802,803,804,805,806,807,808,809,810,811,812,813,814,815,816,817,818,819,820,428],"class_list":{"0":"post-58479","1":"product","2":"type-product","3":"status-publish","4":"has-post-thumbnail","6":"product_cat-mandos-a-distancia-es","7":"product_tag-codice-tv-lg-per-telecomando-universale-es","8":"product_tag-codice-tv-per-telecomando-universale-es","9":"product_tag-codice-tv-philips-per-telecomando-universale-es","10":"product_tag-codice-tv-samsung-per-telecomando-universale-es","11":"product_tag-codice-tv-united-per-telecomando-universale-es","12":"product_tag-codici-tv-per-telecomando-universale-es","13":"product_tag-come-trovare-codice-tv-per-telecomando-universale-es","14":"product_tag-cover-telecomando-es","15":"product_tag-guscio-telecomando-es","16":"product_tag-meliconi-telecomando-universale-es","17":"product_tag-programmare-telecomando-universale-tv-es","18":"product_tag-telecomando-es","19":"product_tag-telecomando-smart-tv-es","20":"product_tag-telecomando-tv-lg-universale-es","21":"product_tag-telecomando-tv-universale-es","22":"product_tag-telecomando-universale-es","23":"product_tag-telecomando-universale-meliconi-es","24":"product_tag-telecomando-universale-meliconi-codici-tv-es","25":"product_tag-telecomando-universale-per-tv-es","26":"product_tag-telecomando-universale-per-tv-lg-es","27":"product_tag-telecomando-universale-per-tv-ok-es","28":"product_tag-telecomando-universale-per-tv-philips-es","29":"product_tag-telecomando-universale-per-tv-samsung-es","30":"product_tag-telecomando-universale-per-tv-telefunken-es","31":"product_tag-telecomando-universale-samsung-smart-tv-es","32":"product_tag-telecomando-universale-samsung-tv-es","33":"product_tag-telecomando-universale-smart-tv-es","34":"product_tag-telecomando-universale-tv-es","35":"product_tag-telecomando-universale-tv-codici-es","36":"product_tag-telecomando-universale-tv-come-funziona-es","37":"product_tag-telecomando-universale-tv-lg-es","38":"product_tag-telecomando-universale-tv-meliconi-es","39":"product_tag-telecomando-universale-tv-philips-es","40":"product_tag-telecomando-universale-tv-samsung-es","41":"product_tag-telecomando-universale-tv-telefunken-es","42":"product_tag-universale-es","43":"pa_tipo-telecomando-universali-es","45":"first","46":"instock","47":"taxable","48":"shipping-taxable","49":"purchasable","50":"product-type-simple"},"acf":[],"yoast_head":"<!-- This site is optimized with the Yoast SEO plugin v26.1.1 - https:\/\/yoast.com\/wordpress\/plugins\/seo\/ -->\n<title>Easyclean 2+ - Meliconi mando a distancia universal estanco<\/title>\n<meta name=\"description\" content=\"MELICONI EASYCLEAN 2+, mando a distancia universal 2 en 1 para TV y descodificador. Ideal para su uso en la COCINA. Se puede LIMPIAR e HIGIENIZAR.\" \/>\n<meta name=\"robots\" content=\"index, follow, max-snippet:-1, max-image-preview:large, max-video-preview:-1\" \/>\n<link rel=\"canonical\" href=\"https:\/\/www.meliconi.com\/es\/producto\/easyclean-2\/\" \/>\n<meta property=\"og:locale\" content=\"es_ES\" \/>\n<meta property=\"og:type\" content=\"article\" \/>\n<meta property=\"og:title\" content=\"Easyclean 2+ - Meliconi mando a distancia universal estanco\" \/>\n<meta property=\"og:description\" content=\"MELICONI EASYCLEAN 2+, mando a distancia universal 2 en 1 para TV y descodificador. Ideal para su uso en la COCINA. Se puede LIMPIAR e HIGIENIZAR.\" \/>\n<meta property=\"og:url\" content=\"https:\/\/www.meliconi.com\/es\/producto\/easyclean-2\/\" \/>\n<meta property=\"og:site_name\" content=\"Meliconi\" \/>\n<meta property=\"article:modified_time\" content=\"2025-04-29T13:26:57+00:00\" \/>\n<meta property=\"og:image\" content=\"https:\/\/www.meliconi.com\/wp-content\/uploads\/2024\/06\/802111_EASYCLEAN-2-1-724x1024.png\" \/>\n\t<meta property=\"og:image:width\" content=\"724\" \/>\n\t<meta property=\"og:image:height\" content=\"1024\" \/>\n\t<meta property=\"og:image:type\" content=\"image\/png\" \/>\n<meta name=\"twitter:card\" content=\"summary_large_image\" \/>\n<meta name=\"twitter:label1\" content=\"Tiempo de lectura\" \/>\n\t<meta name=\"twitter:data1\" content=\"1 minuto\" \/>\n<script type=\"application\/ld+json\" class=\"yoast-schema-graph\">{\"@context\":\"https:\/\/schema.org\",\"@graph\":[{\"@type\":\"WebPage\",\"@id\":\"https:\/\/www.meliconi.com\/es\/producto\/easyclean-2\/\",\"url\":\"https:\/\/www.meliconi.com\/es\/producto\/easyclean-2\/\",\"name\":\"Easyclean 2+ - Meliconi mando a distancia universal estanco\",\"isPartOf\":{\"@id\":\"https:\/\/www.meliconi.com\/es\/#website\"},\"primaryImageOfPage\":{\"@id\":\"https:\/\/www.meliconi.com\/es\/producto\/easyclean-2\/#primaryimage\"},\"image\":{\"@id\":\"https:\/\/www.meliconi.com\/es\/producto\/easyclean-2\/#primaryimage\"},\"thumbnailUrl\":\"https:\/\/www.meliconi.com\/wp-content\/uploads\/2024\/06\/802111_EASYCLEAN-2-1.png\",\"datePublished\":\"2024-06-13T15:32:54+00:00\",\"dateModified\":\"2025-04-29T13:26:57+00:00\",\"description\":\"MELICONI EASYCLEAN 2+, mando a distancia universal 2 en 1 para TV y descodificador. Ideal para su uso en la COCINA. Se puede LIMPIAR e HIGIENIZAR.\",\"breadcrumb\":{\"@id\":\"https:\/\/www.meliconi.com\/es\/producto\/easyclean-2\/#breadcrumb\"},\"inLanguage\":\"es\",\"potentialAction\":[{\"@type\":\"ReadAction\",\"target\":[\"https:\/\/www.meliconi.com\/es\/producto\/easyclean-2\/\"]}]},{\"@type\":\"ImageObject\",\"inLanguage\":\"es\",\"@id\":\"https:\/\/www.meliconi.com\/es\/producto\/easyclean-2\/#primaryimage\",\"url\":\"https:\/\/www.meliconi.com\/wp-content\/uploads\/2024\/06\/802111_EASYCLEAN-2-1.png\",\"contentUrl\":\"https:\/\/www.meliconi.com\/wp-content\/uploads\/2024\/06\/802111_EASYCLEAN-2-1.png\",\"width\":4949,\"height\":7001},{\"@type\":\"BreadcrumbList\",\"@id\":\"https:\/\/www.meliconi.com\/es\/producto\/easyclean-2\/#breadcrumb\",\"itemListElement\":[{\"@type\":\"ListItem\",\"position\":1,\"name\":\"Home\",\"item\":\"https:\/\/www.meliconi.com\/es\/\"},{\"@type\":\"ListItem\",\"position\":2,\"name\":\"Shop\",\"item\":\"https:\/\/www.meliconi.com\/es\/shop-es\/\"},{\"@type\":\"ListItem\",\"position\":3,\"name\":\"Easyclean 2+\"}]},{\"@type\":\"WebSite\",\"@id\":\"https:\/\/www.meliconi.com\/es\/#website\",\"url\":\"https:\/\/www.meliconi.com\/es\/\",\"name\":\"Meliconi\",\"description\":\"El especialista en accesorios \",\"publisher\":{\"@id\":\"https:\/\/www.meliconi.com\/es\/#organization\"},\"potentialAction\":[{\"@type\":\"SearchAction\",\"target\":{\"@type\":\"EntryPoint\",\"urlTemplate\":\"https:\/\/www.meliconi.com\/es\/?s={search_term_string}\"},\"query-input\":{\"@type\":\"PropertyValueSpecification\",\"valueRequired\":true,\"valueName\":\"search_term_string\"}}],\"inLanguage\":\"es\"},{\"@type\":\"Organization\",\"@id\":\"https:\/\/www.meliconi.com\/es\/#organization\",\"name\":\"Meliconi\",\"url\":\"https:\/\/www.meliconi.com\/es\/\",\"logo\":{\"@type\":\"ImageObject\",\"inLanguage\":\"es\",\"@id\":\"https:\/\/www.meliconi.com\/es\/#\/schema\/logo\/image\/\",\"url\":\"https:\/\/www.meliconi.com\/wp-content\/uploads\/2021\/06\/logo-meliconi.png\",\"contentUrl\":\"https:\/\/www.meliconi.com\/wp-content\/uploads\/2021\/06\/logo-meliconi.png\",\"width\":338,\"height\":102,\"caption\":\"Meliconi\"},\"image\":{\"@id\":\"https:\/\/www.meliconi.com\/es\/#\/schema\/logo\/image\/\"}}]}<\/script>\n<!-- \/ Yoast SEO plugin. -->","yoast_head_json":{"title":"Easyclean 2+ - Meliconi mando a distancia universal estanco","description":"MELICONI EASYCLEAN 2+, mando a distancia universal 2 en 1 para TV y descodificador. Ideal para su uso en la COCINA. Se puede LIMPIAR e HIGIENIZAR.","robots":{"index":"index","follow":"follow","max-snippet":"max-snippet:-1","max-image-preview":"max-image-preview:large","max-video-preview":"max-video-preview:-1"},"canonical":"https:\/\/www.meliconi.com\/es\/producto\/easyclean-2\/","og_locale":"es_ES","og_type":"article","og_title":"Easyclean 2+ - Meliconi mando a distancia universal estanco","og_description":"MELICONI EASYCLEAN 2+, mando a distancia universal 2 en 1 para TV y descodificador. Ideal para su uso en la COCINA. Se puede LIMPIAR e HIGIENIZAR.","og_url":"https:\/\/www.meliconi.com\/es\/producto\/easyclean-2\/","og_site_name":"Meliconi","article_modified_time":"2025-04-29T13:26:57+00:00","og_image":[{"width":724,"height":1024,"url":"https:\/\/www.meliconi.com\/wp-content\/uploads\/2024\/06\/802111_EASYCLEAN-2-1-724x1024.png","type":"image\/png"}],"twitter_card":"summary_large_image","twitter_misc":{"Tiempo de lectura":"1 minuto"},"schema":{"@context":"https:\/\/schema.org","@graph":[{"@type":"WebPage","@id":"https:\/\/www.meliconi.com\/es\/producto\/easyclean-2\/","url":"https:\/\/www.meliconi.com\/es\/producto\/easyclean-2\/","name":"Easyclean 2+ - Meliconi mando a distancia universal estanco","isPartOf":{"@id":"https:\/\/www.meliconi.com\/es\/#website"},"primaryImageOfPage":{"@id":"https:\/\/www.meliconi.com\/es\/producto\/easyclean-2\/#primaryimage"},"image":{"@id":"https:\/\/www.meliconi.com\/es\/producto\/easyclean-2\/#primaryimage"},"thumbnailUrl":"https:\/\/www.meliconi.com\/wp-content\/uploads\/2024\/06\/802111_EASYCLEAN-2-1.png","datePublished":"2024-06-13T15:32:54+00:00","dateModified":"2025-04-29T13:26:57+00:00","description":"MELICONI EASYCLEAN 2+, mando a distancia universal 2 en 1 para TV y descodificador. Ideal para su uso en la COCINA. Se puede LIMPIAR e HIGIENIZAR.","breadcrumb":{"@id":"https:\/\/www.meliconi.com\/es\/producto\/easyclean-2\/#breadcrumb"},"inLanguage":"es","potentialAction":[{"@type":"ReadAction","target":["https:\/\/www.meliconi.com\/es\/producto\/easyclean-2\/"]}]},{"@type":"ImageObject","inLanguage":"es","@id":"https:\/\/www.meliconi.com\/es\/producto\/easyclean-2\/#primaryimage","url":"https:\/\/www.meliconi.com\/wp-content\/uploads\/2024\/06\/802111_EASYCLEAN-2-1.png","contentUrl":"https:\/\/www.meliconi.com\/wp-content\/uploads\/2024\/06\/802111_EASYCLEAN-2-1.png","width":4949,"height":7001},{"@type":"BreadcrumbList","@id":"https:\/\/www.meliconi.com\/es\/producto\/easyclean-2\/#breadcrumb","itemListElement":[{"@type":"ListItem","position":1,"name":"Home","item":"https:\/\/www.meliconi.com\/es\/"},{"@type":"ListItem","position":2,"name":"Shop","item":"https:\/\/www.meliconi.com\/es\/shop-es\/"},{"@type":"ListItem","position":3,"name":"Easyclean 2+"}]},{"@type":"WebSite","@id":"https:\/\/www.meliconi.com\/es\/#website","url":"https:\/\/www.meliconi.com\/es\/","name":"Meliconi","description":"El especialista en accesorios ","publisher":{"@id":"https:\/\/www.meliconi.com\/es\/#organization"},"potentialAction":[{"@type":"SearchAction","target":{"@type":"EntryPoint","urlTemplate":"https:\/\/www.meliconi.com\/es\/?s={search_term_string}"},"query-input":{"@type":"PropertyValueSpecification","valueRequired":true,"valueName":"search_term_string"}}],"inLanguage":"es"},{"@type":"Organization","@id":"https:\/\/www.meliconi.com\/es\/#organization","name":"Meliconi","url":"https:\/\/www.meliconi.com\/es\/","logo":{"@type":"ImageObject","inLanguage":"es","@id":"https:\/\/www.meliconi.com\/es\/#\/schema\/logo\/image\/","url":"https:\/\/www.meliconi.com\/wp-content\/uploads\/2021\/06\/logo-meliconi.png","contentUrl":"https:\/\/www.meliconi.com\/wp-content\/uploads\/2021\/06\/logo-meliconi.png","width":338,"height":102,"caption":"Meliconi"},"image":{"@id":"https:\/\/www.meliconi.com\/es\/#\/schema\/logo\/image\/"}}]}},"_links":{"self":[{"href":"https:\/\/www.meliconi.com\/es\/wp-json\/wp\/v2\/product\/58479","targetHints":{"allow":["GET"]}}],"collection":[{"href":"https:\/\/www.meliconi.com\/es\/wp-json\/wp\/v2\/product"}],"about":[{"href":"https:\/\/www.meliconi.com\/es\/wp-json\/wp\/v2\/types\/product"}],"wp:featuredmedia":[{"embeddable":true,"href":"https:\/\/www.meliconi.com\/es\/wp-json\/wp\/v2\/media\/64353"}],"wp:attachment":[{"href":"https:\/\/www.meliconi.com\/es\/wp-json\/wp\/v2\/media?parent=58479"}],"wp:term":[{"taxonomy":"product_cat","embeddable":true,"href":"https:\/\/www.meliconi.com\/es\/wp-json\/wp\/v2\/product_cat?post=58479"},{"taxonomy":"product_tag","embeddable":true,"href":"https:\/\/www.meliconi.com\/es\/wp-json\/wp\/v2\/product_tag?post=58479"}],"curies":[{"name":"wp","href":"https:\/\/api.w.org\/{rel}","templated":true}]}}