{"id":58149,"date":"2024-05-22T16:07:37","date_gmt":"2024-05-22T14:07:37","guid":{"rendered":"https:\/\/www.meliconi.com\/?post_type=product&#038;p=58149"},"modified":"2025-04-02T12:29:06","modified_gmt":"2025-04-02T10:29:06","slug":"moving-tower","status":"publish","type":"product","link":"https:\/\/www.meliconi.com\/es\/producto\/moving-tower\/","title":{"rendered":"Moving Tower"},"content":{"rendered":"<p>Moving Tower, el kit de superposici\u00f3n de lavadora y secadora 2 en 1 de Meliconi, es la soluci\u00f3n perfecta para crear una torre de lavadora y secadora y facilitar su traslado. Este kit incluye el Tower Style y la Base Wash Evo, ofreciendo practicidad y estabilidad para sus electrodom\u00e9sticos.<\/p>\n<p>Universal y compatible con todas las lavadoras y secadoras de carga frontal de 60 cm de ancho, con una distancia m\u00e1xima entre las patas delanteras y traseras de 54,5 cm. Tambi\u00e9n es compatible con secadoras de hasta 70 cm de profundidad. El kit de superposici\u00f3n de lavadora y secadora est\u00e1 premontado y es muy f\u00e1cil de instalar, incluida una correa de seguridad para mayor estabilidad.<\/p>\n<p>En l\u00ednea con el compromiso de Meliconi con el medio ambiente, Base Wash Evo est\u00e1 fabricado con un 30% de pl\u00e1stico reciclado, lo que reduce el impacto medioambiental sin comprometer la resistencia y la estabilidad.<\/p>\n<p>El certificado T\u00dcV S\u00dcD garantiza una capacidad de carga m\u00e1xima de 250 kg para Torre Style, garantizando seguridad y fiabilidad.<\/p>\n","protected":false},"excerpt":{"rendered":"<p>\u2022 Kit 2 en 1 : una base c\u00f3moda con ruedas para mover f\u00e1cilmente la lavadora y un kit de superposici\u00f3n Meliconi para apilar la secadora y crear m\u00e1s espacio y orden en tu lavander\u00eda.<br \/>\n\u2022 Compatibilidad base: para todas las lavadoras de carga frontal con una profundidad m\u00ednima de 45 cm y secadoras de carga frontal con una<br \/>\nprofundidad m\u00e1xima de 70 cm.<br \/>\n\u2022 Compatibilidad apilamiento: para todas las lavadoras y secadoras de carga frontal de 60 cm de ancho y hasta 61 cm de profundidad; Distancia m\u00e1xima entre las patas delanteras y traseras: 54,5 cm. Secadoras con una profundidad m\u00e1xima de 70 cm.<br \/>\n\u2022 Portada m\u00e1xima: 250 kg<\/p>\n","protected":false},"featured_media":58155,"template":"","meta":{"_acf_changed":false},"product_cat":[267],"product_tag":[],"class_list":{"0":"post-58149","1":"product","2":"type-product","3":"status-publish","4":"has-post-thumbnail","6":"product_cat-kit-de-superposicion-es","8":"first","9":"instock","10":"taxable","11":"shipping-taxable","12":"purchasable","13":"product-type-simple"},"acf":[],"yoast_head":"<!-- This site is optimized with the Yoast SEO plugin v26.1.1 - https:\/\/yoast.com\/wordpress\/plugins\/seo\/ -->\n<title>Moving Tower - Meliconi<\/title>\n<meta name=\"robots\" content=\"index, follow, max-snippet:-1, max-image-preview:large, max-video-preview:-1\" \/>\n<link rel=\"canonical\" href=\"https:\/\/www.meliconi.com\/es\/producto\/moving-tower\/\" \/>\n<meta property=\"og:locale\" content=\"es_ES\" \/>\n<meta property=\"og:type\" content=\"article\" \/>\n<meta property=\"og:title\" content=\"Moving Tower - Meliconi\" \/>\n<meta property=\"og:description\" content=\"\u2022 Kit 2 en 1 : una base c\u00f3moda con ruedas para mover f\u00e1cilmente la lavadora y un kit de superposici\u00f3n Meliconi para apilar la secadora y crear m\u00e1s espacio y orden en tu lavander\u00eda. \u2022 Compatibilidad base: para todas las lavadoras de carga frontal con una profundidad m\u00ednima de 45 cm y secadoras de carga frontal con una profundidad m\u00e1xima de 70 cm. \u2022 Compatibilidad apilamiento: para todas las lavadoras y secadoras de carga frontal de 60 cm de ancho y hasta 61 cm de profundidad; Distancia m\u00e1xima entre las patas delanteras y traseras: 54,5 cm. Secadoras con una profundidad m\u00e1xima de 70 cm. \u2022 Portada m\u00e1xima: 250 kg\" \/>\n<meta property=\"og:url\" content=\"https:\/\/www.meliconi.com\/es\/producto\/moving-tower\/\" \/>\n<meta property=\"og:site_name\" content=\"Meliconi\" \/>\n<meta property=\"article:modified_time\" content=\"2025-04-02T10:29:06+00:00\" \/>\n<meta property=\"og:image\" content=\"https:\/\/www.meliconi.com\/wp-content\/uploads\/2024\/05\/656147_MT2024-livelli_CMYK_mod-copia-724x1024.png\" \/>\n\t<meta property=\"og:image:width\" content=\"724\" \/>\n\t<meta property=\"og:image:height\" content=\"1024\" \/>\n\t<meta property=\"og:image:type\" content=\"image\/png\" \/>\n<meta name=\"twitter:card\" content=\"summary_large_image\" \/>\n<meta name=\"twitter:label1\" content=\"Tiempo de lectura\" \/>\n\t<meta name=\"twitter:data1\" content=\"2 minutos\" \/>\n<script type=\"application\/ld+json\" class=\"yoast-schema-graph\">{\"@context\":\"https:\/\/schema.org\",\"@graph\":[{\"@type\":\"WebPage\",\"@id\":\"https:\/\/www.meliconi.com\/es\/producto\/moving-tower\/\",\"url\":\"https:\/\/www.meliconi.com\/es\/producto\/moving-tower\/\",\"name\":\"Moving Tower - Meliconi\",\"isPartOf\":{\"@id\":\"https:\/\/www.meliconi.com\/es\/#website\"},\"primaryImageOfPage\":{\"@id\":\"https:\/\/www.meliconi.com\/es\/producto\/moving-tower\/#primaryimage\"},\"image\":{\"@id\":\"https:\/\/www.meliconi.com\/es\/producto\/moving-tower\/#primaryimage\"},\"thumbnailUrl\":\"https:\/\/www.meliconi.com\/wp-content\/uploads\/2024\/05\/656147_MT2024-livelli_CMYK_mod-copia.png\",\"datePublished\":\"2024-05-22T14:07:37+00:00\",\"dateModified\":\"2025-04-02T10:29:06+00:00\",\"breadcrumb\":{\"@id\":\"https:\/\/www.meliconi.com\/es\/producto\/moving-tower\/#breadcrumb\"},\"inLanguage\":\"es\",\"potentialAction\":[{\"@type\":\"ReadAction\",\"target\":[\"https:\/\/www.meliconi.com\/es\/producto\/moving-tower\/\"]}]},{\"@type\":\"ImageObject\",\"inLanguage\":\"es\",\"@id\":\"https:\/\/www.meliconi.com\/es\/producto\/moving-tower\/#primaryimage\",\"url\":\"https:\/\/www.meliconi.com\/wp-content\/uploads\/2024\/05\/656147_MT2024-livelli_CMYK_mod-copia.png\",\"contentUrl\":\"https:\/\/www.meliconi.com\/wp-content\/uploads\/2024\/05\/656147_MT2024-livelli_CMYK_mod-copia.png\",\"width\":5000,\"height\":7072},{\"@type\":\"BreadcrumbList\",\"@id\":\"https:\/\/www.meliconi.com\/es\/producto\/moving-tower\/#breadcrumb\",\"itemListElement\":[{\"@type\":\"ListItem\",\"position\":1,\"name\":\"Home\",\"item\":\"https:\/\/www.meliconi.com\/es\/\"},{\"@type\":\"ListItem\",\"position\":2,\"name\":\"Shop\",\"item\":\"https:\/\/www.meliconi.com\/es\/shop-es\/\"},{\"@type\":\"ListItem\",\"position\":3,\"name\":\"Moving Tower\"}]},{\"@type\":\"WebSite\",\"@id\":\"https:\/\/www.meliconi.com\/es\/#website\",\"url\":\"https:\/\/www.meliconi.com\/es\/\",\"name\":\"Meliconi\",\"description\":\"El especialista en accesorios \",\"publisher\":{\"@id\":\"https:\/\/www.meliconi.com\/es\/#organization\"},\"potentialAction\":[{\"@type\":\"SearchAction\",\"target\":{\"@type\":\"EntryPoint\",\"urlTemplate\":\"https:\/\/www.meliconi.com\/es\/?s={search_term_string}\"},\"query-input\":{\"@type\":\"PropertyValueSpecification\",\"valueRequired\":true,\"valueName\":\"search_term_string\"}}],\"inLanguage\":\"es\"},{\"@type\":\"Organization\",\"@id\":\"https:\/\/www.meliconi.com\/es\/#organization\",\"name\":\"Meliconi\",\"url\":\"https:\/\/www.meliconi.com\/es\/\",\"logo\":{\"@type\":\"ImageObject\",\"inLanguage\":\"es\",\"@id\":\"https:\/\/www.meliconi.com\/es\/#\/schema\/logo\/image\/\",\"url\":\"https:\/\/www.meliconi.com\/wp-content\/uploads\/2021\/06\/logo-meliconi.png\",\"contentUrl\":\"https:\/\/www.meliconi.com\/wp-content\/uploads\/2021\/06\/logo-meliconi.png\",\"width\":338,\"height\":102,\"caption\":\"Meliconi\"},\"image\":{\"@id\":\"https:\/\/www.meliconi.com\/es\/#\/schema\/logo\/image\/\"}}]}<\/script>\n<!-- \/ Yoast SEO plugin. -->","yoast_head_json":{"title":"Moving Tower - Meliconi","robots":{"index":"index","follow":"follow","max-snippet":"max-snippet:-1","max-image-preview":"max-image-preview:large","max-video-preview":"max-video-preview:-1"},"canonical":"https:\/\/www.meliconi.com\/es\/producto\/moving-tower\/","og_locale":"es_ES","og_type":"article","og_title":"Moving Tower - Meliconi","og_description":"\u2022 Kit 2 en 1 : una base c\u00f3moda con ruedas para mover f\u00e1cilmente la lavadora y un kit de superposici\u00f3n Meliconi para apilar la secadora y crear m\u00e1s espacio y orden en tu lavander\u00eda. \u2022 Compatibilidad base: para todas las lavadoras de carga frontal con una profundidad m\u00ednima de 45 cm y secadoras de carga frontal con una profundidad m\u00e1xima de 70 cm. \u2022 Compatibilidad apilamiento: para todas las lavadoras y secadoras de carga frontal de 60 cm de ancho y hasta 61 cm de profundidad; Distancia m\u00e1xima entre las patas delanteras y traseras: 54,5 cm. Secadoras con una profundidad m\u00e1xima de 70 cm. \u2022 Portada m\u00e1xima: 250 kg","og_url":"https:\/\/www.meliconi.com\/es\/producto\/moving-tower\/","og_site_name":"Meliconi","article_modified_time":"2025-04-02T10:29:06+00:00","og_image":[{"width":724,"height":1024,"url":"https:\/\/www.meliconi.com\/wp-content\/uploads\/2024\/05\/656147_MT2024-livelli_CMYK_mod-copia-724x1024.png","type":"image\/png"}],"twitter_card":"summary_large_image","twitter_misc":{"Tiempo de lectura":"2 minutos"},"schema":{"@context":"https:\/\/schema.org","@graph":[{"@type":"WebPage","@id":"https:\/\/www.meliconi.com\/es\/producto\/moving-tower\/","url":"https:\/\/www.meliconi.com\/es\/producto\/moving-tower\/","name":"Moving Tower - Meliconi","isPartOf":{"@id":"https:\/\/www.meliconi.com\/es\/#website"},"primaryImageOfPage":{"@id":"https:\/\/www.meliconi.com\/es\/producto\/moving-tower\/#primaryimage"},"image":{"@id":"https:\/\/www.meliconi.com\/es\/producto\/moving-tower\/#primaryimage"},"thumbnailUrl":"https:\/\/www.meliconi.com\/wp-content\/uploads\/2024\/05\/656147_MT2024-livelli_CMYK_mod-copia.png","datePublished":"2024-05-22T14:07:37+00:00","dateModified":"2025-04-02T10:29:06+00:00","breadcrumb":{"@id":"https:\/\/www.meliconi.com\/es\/producto\/moving-tower\/#breadcrumb"},"inLanguage":"es","potentialAction":[{"@type":"ReadAction","target":["https:\/\/www.meliconi.com\/es\/producto\/moving-tower\/"]}]},{"@type":"ImageObject","inLanguage":"es","@id":"https:\/\/www.meliconi.com\/es\/producto\/moving-tower\/#primaryimage","url":"https:\/\/www.meliconi.com\/wp-content\/uploads\/2024\/05\/656147_MT2024-livelli_CMYK_mod-copia.png","contentUrl":"https:\/\/www.meliconi.com\/wp-content\/uploads\/2024\/05\/656147_MT2024-livelli_CMYK_mod-copia.png","width":5000,"height":7072},{"@type":"BreadcrumbList","@id":"https:\/\/www.meliconi.com\/es\/producto\/moving-tower\/#breadcrumb","itemListElement":[{"@type":"ListItem","position":1,"name":"Home","item":"https:\/\/www.meliconi.com\/es\/"},{"@type":"ListItem","position":2,"name":"Shop","item":"https:\/\/www.meliconi.com\/es\/shop-es\/"},{"@type":"ListItem","position":3,"name":"Moving Tower"}]},{"@type":"WebSite","@id":"https:\/\/www.meliconi.com\/es\/#website","url":"https:\/\/www.meliconi.com\/es\/","name":"Meliconi","description":"El especialista en accesorios ","publisher":{"@id":"https:\/\/www.meliconi.com\/es\/#organization"},"potentialAction":[{"@type":"SearchAction","target":{"@type":"EntryPoint","urlTemplate":"https:\/\/www.meliconi.com\/es\/?s={search_term_string}"},"query-input":{"@type":"PropertyValueSpecification","valueRequired":true,"valueName":"search_term_string"}}],"inLanguage":"es"},{"@type":"Organization","@id":"https:\/\/www.meliconi.com\/es\/#organization","name":"Meliconi","url":"https:\/\/www.meliconi.com\/es\/","logo":{"@type":"ImageObject","inLanguage":"es","@id":"https:\/\/www.meliconi.com\/es\/#\/schema\/logo\/image\/","url":"https:\/\/www.meliconi.com\/wp-content\/uploads\/2021\/06\/logo-meliconi.png","contentUrl":"https:\/\/www.meliconi.com\/wp-content\/uploads\/2021\/06\/logo-meliconi.png","width":338,"height":102,"caption":"Meliconi"},"image":{"@id":"https:\/\/www.meliconi.com\/es\/#\/schema\/logo\/image\/"}}]}},"_links":{"self":[{"href":"https:\/\/www.meliconi.com\/es\/wp-json\/wp\/v2\/product\/58149","targetHints":{"allow":["GET"]}}],"collection":[{"href":"https:\/\/www.meliconi.com\/es\/wp-json\/wp\/v2\/product"}],"about":[{"href":"https:\/\/www.meliconi.com\/es\/wp-json\/wp\/v2\/types\/product"}],"wp:featuredmedia":[{"embeddable":true,"href":"https:\/\/www.meliconi.com\/es\/wp-json\/wp\/v2\/media\/58155"}],"wp:attachment":[{"href":"https:\/\/www.meliconi.com\/es\/wp-json\/wp\/v2\/media?parent=58149"}],"wp:term":[{"taxonomy":"product_cat","embeddable":true,"href":"https:\/\/www.meliconi.com\/es\/wp-json\/wp\/v2\/product_cat?post=58149"},{"taxonomy":"product_tag","embeddable":true,"href":"https:\/\/www.meliconi.com\/es\/wp-json\/wp\/v2\/product_tag?post=58149"}],"curies":[{"name":"wp","href":"https:\/\/api.w.org\/{rel}","templated":true}]}}