{"id":58053,"date":"2024-05-13T17:28:40","date_gmt":"2024-05-13T15:28:40","guid":{"rendered":"https:\/\/www.meliconi.com\/?post_type=product&#038;p=58053"},"modified":"2025-04-08T10:03:00","modified_gmt":"2025-04-08T08:03:00","slug":"xdr200-400","status":"publish","type":"product","link":"https:\/\/www.meliconi.com\/es\/producto\/xdr200-400\/","title":{"rendered":"XDR200 400"},"content":{"rendered":"<p>Extra es la nueva l\u00ednea de soportes para TV de Meliconi ideal para todas las necesidades, que combina tecnolog\u00eda de vanguardia, materiales de \u00faltima generaci\u00f3n y dise\u00f1o innovador. Estos productos est\u00e1n dise\u00f1ados para los televisores m\u00e1s grandes: descubre nuestras opciones y encuentra la que mejor se adapte a tus necesidades. Como todos los soportes Meliconi, se distingue por su calidad Made in Italy, garantizando los m\u00e1s altos est\u00e1ndares y una f\u00e1cil instalaci\u00f3n con un esfuerzo m\u00ednimo.<\/p>\n<p>El XDR200 400 es un soporte para TV con doble rotaci\u00f3n espec\u00edficamente para cart\u00f3n yeso, ideal para TVs con perforaciones VESA de 200-300-400. Est\u00e1 equipado con barras dobles (200 y 400) para facilitar la instalaci\u00f3n incluso en TVs con montaje VESA 200. Adem\u00e1s, cuenta con el sistema Fast Block y est\u00e1 certificado por TUV. Este soporte para TV de cart\u00f3n yeso es adecuado para televisores con un grosor de 12,5 mm a 25 mm, permitiendo la instalaci\u00f3n en cualquier posici\u00f3n, y tiene una capacidad de carga de 30 kg.<\/p>\n<p>El exclusivo sistema de bloqueo inteligente de las barras, FASTBLOCK, permite montar la TV en la pared en 3 simples pasos:<\/p>\n<ol>\n<li>Fija la placa a la pared.<\/li>\n<li>Atornilla las barras en la parte posterior de la TV.<\/li>\n<li>Instala la TV en la placa de pared.<\/li>\n<\/ol>\n<p>Caracter\u00edsticas:<\/p>\n<ul>\n<li>Soportes con doble rotaci\u00f3n: XDR200 400 es tu soporte Meliconi para TV con rotaci\u00f3n, para una visualizaci\u00f3n \u00f3ptima desde cualquier \u00e1ngulo.<\/li>\n<li>Made in Italy: Alta calidad garantizada.<\/li>\n<li>F\u00e1cil instalaci\u00f3n: Montaje sencillo y r\u00e1pido con el sistema FASTBLOCK.<\/li>\n<li>Adecuado para cart\u00f3n yeso: Espec\u00edficamente dise\u00f1ado para instalaciones en cart\u00f3n yeso con un grosor de 12,5 mm a 25 mm.<\/li>\n<li>Certificado TUV: M\u00e1xima seguridad y fiabilidad.<\/li>\n<li>Capacidad de carga: Soporta hasta 30 kg.<\/li>\n<\/ul>\n","protected":false},"excerpt":{"rendered":"<p>Soporte de pared para TV de doble brazo y rotaci\u00f3n<\/p>\n","protected":false},"featured_media":58080,"template":"","meta":{"_acf_changed":false},"product_brand":[],"product_cat":[297],"product_tag":[],"class_list":{"0":"post-58053","1":"product","2":"type-product","3":"status-publish","4":"has-post-thumbnail","6":"product_cat-extra-es","7":"pa_movimento-supporto-double-rotation-es","9":"first","10":"instock","11":"taxable","12":"shipping-taxable","13":"product-type-simple"},"acf":[],"yoast_head":"<!-- This site is optimized with the Yoast SEO plugin v27.4 - https:\/\/yoast.com\/product\/yoast-seo-wordpress\/ -->\n<title>XDR200 400 - Meliconi<\/title>\n<meta name=\"robots\" content=\"index, follow, max-snippet:-1, max-image-preview:large, max-video-preview:-1\" \/>\n<link rel=\"canonical\" href=\"https:\/\/www.meliconi.com\/es\/producto\/xdr200-400\/\" \/>\n<meta property=\"og:locale\" content=\"es_ES\" \/>\n<meta property=\"og:type\" content=\"article\" \/>\n<meta property=\"og:title\" content=\"XDR200 400 - Meliconi\" \/>\n<meta property=\"og:description\" content=\"Soporte de pared para TV de doble brazo y rotaci\u00f3n\" \/>\n<meta property=\"og:url\" content=\"https:\/\/www.meliconi.com\/es\/producto\/xdr200-400\/\" \/>\n<meta property=\"og:site_name\" content=\"Meliconi\" \/>\n<meta property=\"article:modified_time\" content=\"2025-04-08T08:03:00+00:00\" \/>\n<meta property=\"og:image\" content=\"https:\/\/www.meliconi.com\/wp-content\/uploads\/2024\/05\/480879_XDR200400_UNITE-2-1024x724.png\" \/>\n\t<meta property=\"og:image:width\" content=\"1024\" \/>\n\t<meta property=\"og:image:height\" content=\"724\" \/>\n\t<meta property=\"og:image:type\" content=\"image\/png\" \/>\n<meta name=\"twitter:card\" content=\"summary_large_image\" \/>\n<meta name=\"twitter:label1\" content=\"Tiempo de lectura\" \/>\n\t<meta name=\"twitter:data1\" content=\"2 minutos\" \/>\n<script type=\"application\/ld+json\" class=\"yoast-schema-graph\">{\"@context\":\"https:\\\/\\\/schema.org\",\"@graph\":[{\"@type\":\"WebPage\",\"@id\":\"https:\\\/\\\/www.meliconi.com\\\/es\\\/producto\\\/xdr200-400\\\/\",\"url\":\"https:\\\/\\\/www.meliconi.com\\\/es\\\/producto\\\/xdr200-400\\\/\",\"name\":\"XDR200 400 - Meliconi\",\"isPartOf\":{\"@id\":\"https:\\\/\\\/www.meliconi.com\\\/es\\\/#website\"},\"primaryImageOfPage\":{\"@id\":\"https:\\\/\\\/www.meliconi.com\\\/es\\\/producto\\\/xdr200-400\\\/#primaryimage\"},\"image\":{\"@id\":\"https:\\\/\\\/www.meliconi.com\\\/es\\\/producto\\\/xdr200-400\\\/#primaryimage\"},\"thumbnailUrl\":\"https:\\\/\\\/www.meliconi.com\\\/wp-content\\\/uploads\\\/2024\\\/05\\\/480879_XDR200400_UNITE-2.png\",\"datePublished\":\"2024-05-13T15:28:40+00:00\",\"dateModified\":\"2025-04-08T08:03:00+00:00\",\"breadcrumb\":{\"@id\":\"https:\\\/\\\/www.meliconi.com\\\/es\\\/producto\\\/xdr200-400\\\/#breadcrumb\"},\"inLanguage\":\"es\",\"potentialAction\":[{\"@type\":\"ReadAction\",\"target\":[\"https:\\\/\\\/www.meliconi.com\\\/es\\\/producto\\\/xdr200-400\\\/\"]}]},{\"@type\":\"ImageObject\",\"inLanguage\":\"es\",\"@id\":\"https:\\\/\\\/www.meliconi.com\\\/es\\\/producto\\\/xdr200-400\\\/#primaryimage\",\"url\":\"https:\\\/\\\/www.meliconi.com\\\/wp-content\\\/uploads\\\/2024\\\/05\\\/480879_XDR200400_UNITE-2.png\",\"contentUrl\":\"https:\\\/\\\/www.meliconi.com\\\/wp-content\\\/uploads\\\/2024\\\/05\\\/480879_XDR200400_UNITE-2.png\",\"width\":6000,\"height\":4242},{\"@type\":\"BreadcrumbList\",\"@id\":\"https:\\\/\\\/www.meliconi.com\\\/es\\\/producto\\\/xdr200-400\\\/#breadcrumb\",\"itemListElement\":[{\"@type\":\"ListItem\",\"position\":1,\"name\":\"Home\",\"item\":\"https:\\\/\\\/www.meliconi.com\\\/es\\\/\"},{\"@type\":\"ListItem\",\"position\":2,\"name\":\"Shop\",\"item\":\"https:\\\/\\\/www.meliconi.com\\\/es\\\/shop-es\\\/\"},{\"@type\":\"ListItem\",\"position\":3,\"name\":\"XDR200 400\"}]},{\"@type\":\"WebSite\",\"@id\":\"https:\\\/\\\/www.meliconi.com\\\/es\\\/#website\",\"url\":\"https:\\\/\\\/www.meliconi.com\\\/es\\\/\",\"name\":\"Meliconi\",\"description\":\"El especialista en accesorios \",\"publisher\":{\"@id\":\"https:\\\/\\\/www.meliconi.com\\\/es\\\/#organization\"},\"potentialAction\":[{\"@type\":\"SearchAction\",\"target\":{\"@type\":\"EntryPoint\",\"urlTemplate\":\"https:\\\/\\\/www.meliconi.com\\\/es\\\/?s={search_term_string}\"},\"query-input\":{\"@type\":\"PropertyValueSpecification\",\"valueRequired\":true,\"valueName\":\"search_term_string\"}}],\"inLanguage\":\"es\"},{\"@type\":\"Organization\",\"@id\":\"https:\\\/\\\/www.meliconi.com\\\/es\\\/#organization\",\"name\":\"Meliconi\",\"url\":\"https:\\\/\\\/www.meliconi.com\\\/es\\\/\",\"logo\":{\"@type\":\"ImageObject\",\"inLanguage\":\"es\",\"@id\":\"https:\\\/\\\/www.meliconi.com\\\/es\\\/#\\\/schema\\\/logo\\\/image\\\/\",\"url\":\"https:\\\/\\\/www.meliconi.com\\\/wp-content\\\/uploads\\\/2021\\\/06\\\/logo-meliconi.png\",\"contentUrl\":\"https:\\\/\\\/www.meliconi.com\\\/wp-content\\\/uploads\\\/2021\\\/06\\\/logo-meliconi.png\",\"width\":338,\"height\":102,\"caption\":\"Meliconi\"},\"image\":{\"@id\":\"https:\\\/\\\/www.meliconi.com\\\/es\\\/#\\\/schema\\\/logo\\\/image\\\/\"}}]}<\/script>\n<!-- \/ Yoast SEO plugin. -->","yoast_head_json":{"title":"XDR200 400 - Meliconi","robots":{"index":"index","follow":"follow","max-snippet":"max-snippet:-1","max-image-preview":"max-image-preview:large","max-video-preview":"max-video-preview:-1"},"canonical":"https:\/\/www.meliconi.com\/es\/producto\/xdr200-400\/","og_locale":"es_ES","og_type":"article","og_title":"XDR200 400 - Meliconi","og_description":"Soporte de pared para TV de doble brazo y rotaci\u00f3n","og_url":"https:\/\/www.meliconi.com\/es\/producto\/xdr200-400\/","og_site_name":"Meliconi","article_modified_time":"2025-04-08T08:03:00+00:00","og_image":[{"width":1024,"height":724,"url":"https:\/\/www.meliconi.com\/wp-content\/uploads\/2024\/05\/480879_XDR200400_UNITE-2-1024x724.png","type":"image\/png"}],"twitter_card":"summary_large_image","twitter_misc":{"Tiempo de lectura":"2 minutos"},"schema":{"@context":"https:\/\/schema.org","@graph":[{"@type":"WebPage","@id":"https:\/\/www.meliconi.com\/es\/producto\/xdr200-400\/","url":"https:\/\/www.meliconi.com\/es\/producto\/xdr200-400\/","name":"XDR200 400 - Meliconi","isPartOf":{"@id":"https:\/\/www.meliconi.com\/es\/#website"},"primaryImageOfPage":{"@id":"https:\/\/www.meliconi.com\/es\/producto\/xdr200-400\/#primaryimage"},"image":{"@id":"https:\/\/www.meliconi.com\/es\/producto\/xdr200-400\/#primaryimage"},"thumbnailUrl":"https:\/\/www.meliconi.com\/wp-content\/uploads\/2024\/05\/480879_XDR200400_UNITE-2.png","datePublished":"2024-05-13T15:28:40+00:00","dateModified":"2025-04-08T08:03:00+00:00","breadcrumb":{"@id":"https:\/\/www.meliconi.com\/es\/producto\/xdr200-400\/#breadcrumb"},"inLanguage":"es","potentialAction":[{"@type":"ReadAction","target":["https:\/\/www.meliconi.com\/es\/producto\/xdr200-400\/"]}]},{"@type":"ImageObject","inLanguage":"es","@id":"https:\/\/www.meliconi.com\/es\/producto\/xdr200-400\/#primaryimage","url":"https:\/\/www.meliconi.com\/wp-content\/uploads\/2024\/05\/480879_XDR200400_UNITE-2.png","contentUrl":"https:\/\/www.meliconi.com\/wp-content\/uploads\/2024\/05\/480879_XDR200400_UNITE-2.png","width":6000,"height":4242},{"@type":"BreadcrumbList","@id":"https:\/\/www.meliconi.com\/es\/producto\/xdr200-400\/#breadcrumb","itemListElement":[{"@type":"ListItem","position":1,"name":"Home","item":"https:\/\/www.meliconi.com\/es\/"},{"@type":"ListItem","position":2,"name":"Shop","item":"https:\/\/www.meliconi.com\/es\/shop-es\/"},{"@type":"ListItem","position":3,"name":"XDR200 400"}]},{"@type":"WebSite","@id":"https:\/\/www.meliconi.com\/es\/#website","url":"https:\/\/www.meliconi.com\/es\/","name":"Meliconi","description":"El especialista en accesorios ","publisher":{"@id":"https:\/\/www.meliconi.com\/es\/#organization"},"potentialAction":[{"@type":"SearchAction","target":{"@type":"EntryPoint","urlTemplate":"https:\/\/www.meliconi.com\/es\/?s={search_term_string}"},"query-input":{"@type":"PropertyValueSpecification","valueRequired":true,"valueName":"search_term_string"}}],"inLanguage":"es"},{"@type":"Organization","@id":"https:\/\/www.meliconi.com\/es\/#organization","name":"Meliconi","url":"https:\/\/www.meliconi.com\/es\/","logo":{"@type":"ImageObject","inLanguage":"es","@id":"https:\/\/www.meliconi.com\/es\/#\/schema\/logo\/image\/","url":"https:\/\/www.meliconi.com\/wp-content\/uploads\/2021\/06\/logo-meliconi.png","contentUrl":"https:\/\/www.meliconi.com\/wp-content\/uploads\/2021\/06\/logo-meliconi.png","width":338,"height":102,"caption":"Meliconi"},"image":{"@id":"https:\/\/www.meliconi.com\/es\/#\/schema\/logo\/image\/"}}]}},"_links":{"self":[{"href":"https:\/\/www.meliconi.com\/es\/wp-json\/wp\/v2\/product\/58053","targetHints":{"allow":["GET"]}}],"collection":[{"href":"https:\/\/www.meliconi.com\/es\/wp-json\/wp\/v2\/product"}],"about":[{"href":"https:\/\/www.meliconi.com\/es\/wp-json\/wp\/v2\/types\/product"}],"wp:featuredmedia":[{"embeddable":true,"href":"https:\/\/www.meliconi.com\/es\/wp-json\/wp\/v2\/media\/58080"}],"wp:attachment":[{"href":"https:\/\/www.meliconi.com\/es\/wp-json\/wp\/v2\/media?parent=58053"}],"wp:term":[{"taxonomy":"product_brand","embeddable":true,"href":"https:\/\/www.meliconi.com\/es\/wp-json\/wp\/v2\/product_brand?post=58053"},{"taxonomy":"product_cat","embeddable":true,"href":"https:\/\/www.meliconi.com\/es\/wp-json\/wp\/v2\/product_cat?post=58053"},{"taxonomy":"product_tag","embeddable":true,"href":"https:\/\/www.meliconi.com\/es\/wp-json\/wp\/v2\/product_tag?post=58053"}],"curies":[{"name":"wp","href":"https:\/\/api.w.org\/{rel}","templated":true}]}}