{"id":33900,"date":"2024-01-19T08:55:06","date_gmt":"2024-01-19T08:55:07","guid":{"rendered":"https:\/\/www.meliconi.com\/?post_type=product&#038;p=33900"},"modified":"2025-04-08T10:00:07","modified_gmt":"2025-04-08T08:00:07","slug":"600-sdrp","status":"publish","type":"product","link":"https:\/\/www.meliconi.com\/es\/producto\/600-sdrp\/","title":{"rendered":"600 SDRP"},"content":{"rendered":"<p>EXTRA es la nueva l\u00ednea de soportes de pared para TV de Meliconi S.p.A., la combinaci\u00f3n perfecta de tecnolog\u00eda de vanguardia, materiales de \u00faltima generaci\u00f3n y dise\u00f1o atractivo. La adici\u00f3n de un revestimiento protector de goma en todos los soportes proteger\u00e1 tu TV a lo largo del tiempo, sin renunciar a un volumen m\u00ednimo (hasta un m\u00ednimo de 10,5 cm de la pared) y una total seguridad. Todos los soportes EXTRA son 100% Made in Italy, con calidad certificada TUV y 10 a\u00f1os de garant\u00eda.<\/p>\n<p>600 SDRP PLUS es un soporte de pared orientable con dos brazos y dos articulaciones para TV con perforaciones VESA de 300 \u2013 400 \u2013 600 mm, de 50 a 85 pulgadas y con una capacidad m\u00e1xima de carga de 55 kg. Permite inclinar la pantalla vertical y horizontalmente, adecuado para TVs de gran formato.<\/p>\n<p>El nuevo sistema de bloqueo FAST BLOCK hace que el soporte de TV sea f\u00e1cil, seguro y r\u00e1pido de instalar. Instala la TV en pocos pasos: atornilla los soportes en la parte posterior de la TV, eng\u00e1nchala a la placa y con un \u00abclic\u00bb, \u00a1la TV estar\u00e1 correctamente posicionada! Fast Block permite la instalaci\u00f3n incluso por una sola persona.<\/p>\n<p>EASY FIX Up&amp;Down es el \u00fanico sistema completo de ajuste de TV post-montaje. Gracias a esta tecnolog\u00eda, los soportes Meliconi permiten ajustes horizontales y verticales post-montaje, para corregir cualquier error de instalaci\u00f3n sin desmontar el soporte ni volver a perforar la pared.<\/p>\n","protected":false},"excerpt":{"rendered":"<p>Soporte de pared para TV de doble brazo y rotaci\u00f3n<\/p>\n","protected":false},"featured_media":33919,"template":"","meta":{"_acf_changed":false},"product_cat":[335],"product_tag":[],"class_list":{"0":"post-33900","1":"product","2":"type-product","3":"status-publish","4":"has-post-thumbnail","6":"product_cat-soportes-tv-de-pared-es","7":"pa_movimento-supporto-double-rotation-es","9":"first","10":"instock","11":"taxable","12":"shipping-taxable","13":"product-type-simple"},"acf":[],"yoast_head":"<!-- This site is optimized with the Yoast SEO plugin v26.1.1 - https:\/\/yoast.com\/wordpress\/plugins\/seo\/ -->\n<title>600 SDRP - Meliconi<\/title>\n<meta name=\"robots\" content=\"index, follow, max-snippet:-1, max-image-preview:large, max-video-preview:-1\" \/>\n<link rel=\"canonical\" href=\"https:\/\/www.meliconi.com\/es\/producto\/600-sdrp\/\" \/>\n<meta property=\"og:locale\" content=\"es_ES\" \/>\n<meta property=\"og:type\" content=\"article\" \/>\n<meta property=\"og:title\" content=\"600 SDRP - Meliconi\" \/>\n<meta property=\"og:description\" content=\"Soporte de pared para TV de doble brazo y rotaci\u00f3n\" \/>\n<meta property=\"og:url\" content=\"https:\/\/www.meliconi.com\/es\/producto\/600-sdrp\/\" \/>\n<meta property=\"og:site_name\" content=\"Meliconi\" \/>\n<meta property=\"article:modified_time\" content=\"2025-04-08T08:00:07+00:00\" \/>\n<meta property=\"og:image\" content=\"https:\/\/www.meliconi.com\/wp-content\/uploads\/2024\/01\/480875_EXTRA-600-SDRP-Plus-2023-ok-2-1024x724.png\" \/>\n\t<meta property=\"og:image:width\" content=\"1024\" \/>\n\t<meta property=\"og:image:height\" content=\"724\" \/>\n\t<meta property=\"og:image:type\" content=\"image\/png\" \/>\n<meta name=\"twitter:card\" content=\"summary_large_image\" \/>\n<meta name=\"twitter:label1\" content=\"Tiempo de lectura\" \/>\n\t<meta name=\"twitter:data1\" content=\"2 minutos\" \/>\n<script type=\"application\/ld+json\" class=\"yoast-schema-graph\">{\"@context\":\"https:\/\/schema.org\",\"@graph\":[{\"@type\":\"WebPage\",\"@id\":\"https:\/\/www.meliconi.com\/es\/producto\/600-sdrp\/\",\"url\":\"https:\/\/www.meliconi.com\/es\/producto\/600-sdrp\/\",\"name\":\"600 SDRP - Meliconi\",\"isPartOf\":{\"@id\":\"https:\/\/www.meliconi.com\/es\/#website\"},\"primaryImageOfPage\":{\"@id\":\"https:\/\/www.meliconi.com\/es\/producto\/600-sdrp\/#primaryimage\"},\"image\":{\"@id\":\"https:\/\/www.meliconi.com\/es\/producto\/600-sdrp\/#primaryimage\"},\"thumbnailUrl\":\"https:\/\/www.meliconi.com\/wp-content\/uploads\/2024\/01\/480875_EXTRA-600-SDRP-Plus-2023-ok-2.png\",\"datePublished\":\"2024-01-19T08:55:07+00:00\",\"dateModified\":\"2025-04-08T08:00:07+00:00\",\"breadcrumb\":{\"@id\":\"https:\/\/www.meliconi.com\/es\/producto\/600-sdrp\/#breadcrumb\"},\"inLanguage\":\"es\",\"potentialAction\":[{\"@type\":\"ReadAction\",\"target\":[\"https:\/\/www.meliconi.com\/es\/producto\/600-sdrp\/\"]}]},{\"@type\":\"ImageObject\",\"inLanguage\":\"es\",\"@id\":\"https:\/\/www.meliconi.com\/es\/producto\/600-sdrp\/#primaryimage\",\"url\":\"https:\/\/www.meliconi.com\/wp-content\/uploads\/2024\/01\/480875_EXTRA-600-SDRP-Plus-2023-ok-2.png\",\"contentUrl\":\"https:\/\/www.meliconi.com\/wp-content\/uploads\/2024\/01\/480875_EXTRA-600-SDRP-Plus-2023-ok-2.png\",\"width\":5000,\"height\":3535},{\"@type\":\"BreadcrumbList\",\"@id\":\"https:\/\/www.meliconi.com\/es\/producto\/600-sdrp\/#breadcrumb\",\"itemListElement\":[{\"@type\":\"ListItem\",\"position\":1,\"name\":\"Home\",\"item\":\"https:\/\/www.meliconi.com\/es\/\"},{\"@type\":\"ListItem\",\"position\":2,\"name\":\"Shop\",\"item\":\"https:\/\/www.meliconi.com\/es\/shop-es\/\"},{\"@type\":\"ListItem\",\"position\":3,\"name\":\"600 SDRP\"}]},{\"@type\":\"WebSite\",\"@id\":\"https:\/\/www.meliconi.com\/es\/#website\",\"url\":\"https:\/\/www.meliconi.com\/es\/\",\"name\":\"Meliconi\",\"description\":\"El especialista en accesorios \",\"publisher\":{\"@id\":\"https:\/\/www.meliconi.com\/es\/#organization\"},\"potentialAction\":[{\"@type\":\"SearchAction\",\"target\":{\"@type\":\"EntryPoint\",\"urlTemplate\":\"https:\/\/www.meliconi.com\/es\/?s={search_term_string}\"},\"query-input\":{\"@type\":\"PropertyValueSpecification\",\"valueRequired\":true,\"valueName\":\"search_term_string\"}}],\"inLanguage\":\"es\"},{\"@type\":\"Organization\",\"@id\":\"https:\/\/www.meliconi.com\/es\/#organization\",\"name\":\"Meliconi\",\"url\":\"https:\/\/www.meliconi.com\/es\/\",\"logo\":{\"@type\":\"ImageObject\",\"inLanguage\":\"es\",\"@id\":\"https:\/\/www.meliconi.com\/es\/#\/schema\/logo\/image\/\",\"url\":\"https:\/\/www.meliconi.com\/wp-content\/uploads\/2021\/06\/logo-meliconi.png\",\"contentUrl\":\"https:\/\/www.meliconi.com\/wp-content\/uploads\/2021\/06\/logo-meliconi.png\",\"width\":338,\"height\":102,\"caption\":\"Meliconi\"},\"image\":{\"@id\":\"https:\/\/www.meliconi.com\/es\/#\/schema\/logo\/image\/\"}}]}<\/script>\n<!-- \/ Yoast SEO plugin. -->","yoast_head_json":{"title":"600 SDRP - Meliconi","robots":{"index":"index","follow":"follow","max-snippet":"max-snippet:-1","max-image-preview":"max-image-preview:large","max-video-preview":"max-video-preview:-1"},"canonical":"https:\/\/www.meliconi.com\/es\/producto\/600-sdrp\/","og_locale":"es_ES","og_type":"article","og_title":"600 SDRP - Meliconi","og_description":"Soporte de pared para TV de doble brazo y rotaci\u00f3n","og_url":"https:\/\/www.meliconi.com\/es\/producto\/600-sdrp\/","og_site_name":"Meliconi","article_modified_time":"2025-04-08T08:00:07+00:00","og_image":[{"width":1024,"height":724,"url":"https:\/\/www.meliconi.com\/wp-content\/uploads\/2024\/01\/480875_EXTRA-600-SDRP-Plus-2023-ok-2-1024x724.png","type":"image\/png"}],"twitter_card":"summary_large_image","twitter_misc":{"Tiempo de lectura":"2 minutos"},"schema":{"@context":"https:\/\/schema.org","@graph":[{"@type":"WebPage","@id":"https:\/\/www.meliconi.com\/es\/producto\/600-sdrp\/","url":"https:\/\/www.meliconi.com\/es\/producto\/600-sdrp\/","name":"600 SDRP - Meliconi","isPartOf":{"@id":"https:\/\/www.meliconi.com\/es\/#website"},"primaryImageOfPage":{"@id":"https:\/\/www.meliconi.com\/es\/producto\/600-sdrp\/#primaryimage"},"image":{"@id":"https:\/\/www.meliconi.com\/es\/producto\/600-sdrp\/#primaryimage"},"thumbnailUrl":"https:\/\/www.meliconi.com\/wp-content\/uploads\/2024\/01\/480875_EXTRA-600-SDRP-Plus-2023-ok-2.png","datePublished":"2024-01-19T08:55:07+00:00","dateModified":"2025-04-08T08:00:07+00:00","breadcrumb":{"@id":"https:\/\/www.meliconi.com\/es\/producto\/600-sdrp\/#breadcrumb"},"inLanguage":"es","potentialAction":[{"@type":"ReadAction","target":["https:\/\/www.meliconi.com\/es\/producto\/600-sdrp\/"]}]},{"@type":"ImageObject","inLanguage":"es","@id":"https:\/\/www.meliconi.com\/es\/producto\/600-sdrp\/#primaryimage","url":"https:\/\/www.meliconi.com\/wp-content\/uploads\/2024\/01\/480875_EXTRA-600-SDRP-Plus-2023-ok-2.png","contentUrl":"https:\/\/www.meliconi.com\/wp-content\/uploads\/2024\/01\/480875_EXTRA-600-SDRP-Plus-2023-ok-2.png","width":5000,"height":3535},{"@type":"BreadcrumbList","@id":"https:\/\/www.meliconi.com\/es\/producto\/600-sdrp\/#breadcrumb","itemListElement":[{"@type":"ListItem","position":1,"name":"Home","item":"https:\/\/www.meliconi.com\/es\/"},{"@type":"ListItem","position":2,"name":"Shop","item":"https:\/\/www.meliconi.com\/es\/shop-es\/"},{"@type":"ListItem","position":3,"name":"600 SDRP"}]},{"@type":"WebSite","@id":"https:\/\/www.meliconi.com\/es\/#website","url":"https:\/\/www.meliconi.com\/es\/","name":"Meliconi","description":"El especialista en accesorios ","publisher":{"@id":"https:\/\/www.meliconi.com\/es\/#organization"},"potentialAction":[{"@type":"SearchAction","target":{"@type":"EntryPoint","urlTemplate":"https:\/\/www.meliconi.com\/es\/?s={search_term_string}"},"query-input":{"@type":"PropertyValueSpecification","valueRequired":true,"valueName":"search_term_string"}}],"inLanguage":"es"},{"@type":"Organization","@id":"https:\/\/www.meliconi.com\/es\/#organization","name":"Meliconi","url":"https:\/\/www.meliconi.com\/es\/","logo":{"@type":"ImageObject","inLanguage":"es","@id":"https:\/\/www.meliconi.com\/es\/#\/schema\/logo\/image\/","url":"https:\/\/www.meliconi.com\/wp-content\/uploads\/2021\/06\/logo-meliconi.png","contentUrl":"https:\/\/www.meliconi.com\/wp-content\/uploads\/2021\/06\/logo-meliconi.png","width":338,"height":102,"caption":"Meliconi"},"image":{"@id":"https:\/\/www.meliconi.com\/es\/#\/schema\/logo\/image\/"}}]}},"_links":{"self":[{"href":"https:\/\/www.meliconi.com\/es\/wp-json\/wp\/v2\/product\/33900","targetHints":{"allow":["GET"]}}],"collection":[{"href":"https:\/\/www.meliconi.com\/es\/wp-json\/wp\/v2\/product"}],"about":[{"href":"https:\/\/www.meliconi.com\/es\/wp-json\/wp\/v2\/types\/product"}],"wp:featuredmedia":[{"embeddable":true,"href":"https:\/\/www.meliconi.com\/es\/wp-json\/wp\/v2\/media\/33919"}],"wp:attachment":[{"href":"https:\/\/www.meliconi.com\/es\/wp-json\/wp\/v2\/media?parent=33900"}],"wp:term":[{"taxonomy":"product_cat","embeddable":true,"href":"https:\/\/www.meliconi.com\/es\/wp-json\/wp\/v2\/product_cat?post=33900"},{"taxonomy":"product_tag","embeddable":true,"href":"https:\/\/www.meliconi.com\/es\/wp-json\/wp\/v2\/product_tag?post=33900"}],"curies":[{"name":"wp","href":"https:\/\/api.w.org\/{rel}","templated":true}]}}