{"id":33816,"date":"2024-01-19T08:26:11","date_gmt":"2024-01-19T08:26:12","guid":{"rendered":"https:\/\/www.meliconi.com\/?post_type=product&#038;p=33816"},"modified":"2024-08-07T14:43:29","modified_gmt":"2024-08-07T12:43:29","slug":"slimstyle-plus-400-sdr-copia-2","status":"publish","type":"product","link":"https:\/\/www.meliconi.com\/es\/producto\/slimstyle-plus-400-sdr-copia-2\/","title":{"rendered":"SLIMSTYLE PLUS 400 SDR"},"content":{"rendered":"<p>SLIMSTYLE PLUS es la nueva l\u00ednea de soportes de TV ultradelgados de Meliconi S.p.A., la combinaci\u00f3n perfecta de tecnolog\u00eda de vanguardia, materiales de \u00faltima generaci\u00f3n y dise\u00f1o atractivo. La adici\u00f3n de un revestimiento protector de goma en todos los soportes de TV proteger\u00e1 tu TV a lo largo del tiempo, sin renunciar a un volumen m\u00ednimo (hasta un m\u00ednimo de 2 cm de la pared) y una total seguridad. Todos los soportes SLIMSTYLE PLUS son 100% Made in Italy, con calidad certificada TUV y 10 a\u00f1os de garant\u00eda.<\/p>\n<p>El modelo 400 SDR es un soporte de TV Meliconi de dos articulaciones para TVs con perforaciones VESA de 200-300-400 mm, adecuado para TVs de gran formato (40&#8243;-82&#8243;). La funci\u00f3n EASY TILT PRO, adem\u00e1s de permitirte cambiar la inclinaci\u00f3n vertical del televisor de manera libre, garantiza que el televisor est\u00e9 nivelado incluso despu\u00e9s de fijar el soporte de pared, sin necesidad de utilizar ning\u00fan destornillador.<\/p>\n<p>El nuevo sistema de bloqueo FAST BLOCK lo hace f\u00e1cil, seguro y r\u00e1pido de instalar. Instala la TV en pocos pasos: atornilla los soportes en la parte posterior de la TV, eng\u00e1nchala a la placa y, con un \u00abclic\u00bb, \u00a1la TV estar\u00e1 correctamente posicionada! FAST BLOCK permite la instalaci\u00f3n incluso por una sola persona.<\/p>\n<p>EASY FIX Up&amp;Down es el \u00fanico sistema completo de ajuste de TV post-montaje. Gracias a esta tecnolog\u00eda, los soportes Meliconi permiten ajustes horizontales y verticales despu\u00e9s de la instalaci\u00f3n, para corregir cualquier error de instalaci\u00f3n sin desmontar el soporte y volver a perforar la pared. Elige el soporte de TV Meliconi para una soluci\u00f3n pr\u00e1ctica y elegante.<\/p>\n","protected":false},"excerpt":{"rendered":"<p>Soporte de pared para TV doble rotaci\u00f3n<\/p>\n","protected":false},"featured_media":33834,"template":"","meta":{"_acf_changed":false},"product_cat":[293],"product_tag":[],"class_list":{"0":"post-33816","1":"product","2":"type-product","3":"status-publish","4":"has-post-thumbnail","6":"product_cat-slimstyle-plus-es","7":"pa_movimento-supporto-double-rotation-es","9":"first","10":"instock","11":"taxable","12":"shipping-taxable","13":"purchasable","14":"product-type-simple"},"acf":[],"yoast_head":"<!-- This site is optimized with the Yoast SEO plugin v26.1.1 - https:\/\/yoast.com\/wordpress\/plugins\/seo\/ -->\n<title>SLIMSTYLE PLUS 400 SDR - Meliconi<\/title>\n<meta name=\"robots\" content=\"index, follow, max-snippet:-1, max-image-preview:large, max-video-preview:-1\" \/>\n<link rel=\"canonical\" href=\"https:\/\/www.meliconi.com\/es\/producto\/slimstyle-plus-400-sdr-copia-2\/\" \/>\n<meta property=\"og:locale\" content=\"es_ES\" \/>\n<meta property=\"og:type\" content=\"article\" \/>\n<meta property=\"og:title\" content=\"SLIMSTYLE PLUS 400 SDR - Meliconi\" \/>\n<meta property=\"og:description\" content=\"Soporte de pared para TV doble rotaci\u00f3n\" \/>\n<meta property=\"og:url\" content=\"https:\/\/www.meliconi.com\/es\/producto\/slimstyle-plus-400-sdr-copia-2\/\" \/>\n<meta property=\"og:site_name\" content=\"Meliconi\" \/>\n<meta property=\"article:modified_time\" content=\"2024-08-07T12:43:29+00:00\" \/>\n<meta property=\"og:image\" content=\"https:\/\/www.meliconi.com\/wp-content\/uploads\/2024\/01\/480994_SLIM-STYLE-Plus-400-SDR-2023-k-1-1-1-1024x724.png\" \/>\n\t<meta property=\"og:image:width\" content=\"1024\" \/>\n\t<meta property=\"og:image:height\" content=\"724\" \/>\n\t<meta property=\"og:image:type\" content=\"image\/png\" \/>\n<meta name=\"twitter:card\" content=\"summary_large_image\" \/>\n<meta name=\"twitter:label1\" content=\"Tiempo de lectura\" \/>\n\t<meta name=\"twitter:data1\" content=\"2 minutos\" \/>\n<script type=\"application\/ld+json\" class=\"yoast-schema-graph\">{\"@context\":\"https:\/\/schema.org\",\"@graph\":[{\"@type\":\"WebPage\",\"@id\":\"https:\/\/www.meliconi.com\/es\/producto\/slimstyle-plus-400-sdr-copia-2\/\",\"url\":\"https:\/\/www.meliconi.com\/es\/producto\/slimstyle-plus-400-sdr-copia-2\/\",\"name\":\"SLIMSTYLE PLUS 400 SDR - Meliconi\",\"isPartOf\":{\"@id\":\"https:\/\/www.meliconi.com\/es\/#website\"},\"primaryImageOfPage\":{\"@id\":\"https:\/\/www.meliconi.com\/es\/producto\/slimstyle-plus-400-sdr-copia-2\/#primaryimage\"},\"image\":{\"@id\":\"https:\/\/www.meliconi.com\/es\/producto\/slimstyle-plus-400-sdr-copia-2\/#primaryimage\"},\"thumbnailUrl\":\"https:\/\/www.meliconi.com\/wp-content\/uploads\/2024\/01\/480994_SLIM-STYLE-Plus-400-SDR-2023-k-1-1-1.png\",\"datePublished\":\"2024-01-19T08:26:12+00:00\",\"dateModified\":\"2024-08-07T12:43:29+00:00\",\"breadcrumb\":{\"@id\":\"https:\/\/www.meliconi.com\/es\/producto\/slimstyle-plus-400-sdr-copia-2\/#breadcrumb\"},\"inLanguage\":\"es\",\"potentialAction\":[{\"@type\":\"ReadAction\",\"target\":[\"https:\/\/www.meliconi.com\/es\/producto\/slimstyle-plus-400-sdr-copia-2\/\"]}]},{\"@type\":\"ImageObject\",\"inLanguage\":\"es\",\"@id\":\"https:\/\/www.meliconi.com\/es\/producto\/slimstyle-plus-400-sdr-copia-2\/#primaryimage\",\"url\":\"https:\/\/www.meliconi.com\/wp-content\/uploads\/2024\/01\/480994_SLIM-STYLE-Plus-400-SDR-2023-k-1-1-1.png\",\"contentUrl\":\"https:\/\/www.meliconi.com\/wp-content\/uploads\/2024\/01\/480994_SLIM-STYLE-Plus-400-SDR-2023-k-1-1-1.png\",\"width\":5000,\"height\":3535},{\"@type\":\"BreadcrumbList\",\"@id\":\"https:\/\/www.meliconi.com\/es\/producto\/slimstyle-plus-400-sdr-copia-2\/#breadcrumb\",\"itemListElement\":[{\"@type\":\"ListItem\",\"position\":1,\"name\":\"Home\",\"item\":\"https:\/\/www.meliconi.com\/es\/\"},{\"@type\":\"ListItem\",\"position\":2,\"name\":\"Shop\",\"item\":\"https:\/\/www.meliconi.com\/es\/shop-es\/\"},{\"@type\":\"ListItem\",\"position\":3,\"name\":\"SLIMSTYLE PLUS 400 SDR\"}]},{\"@type\":\"WebSite\",\"@id\":\"https:\/\/www.meliconi.com\/es\/#website\",\"url\":\"https:\/\/www.meliconi.com\/es\/\",\"name\":\"Meliconi\",\"description\":\"El especialista en accesorios \",\"publisher\":{\"@id\":\"https:\/\/www.meliconi.com\/es\/#organization\"},\"potentialAction\":[{\"@type\":\"SearchAction\",\"target\":{\"@type\":\"EntryPoint\",\"urlTemplate\":\"https:\/\/www.meliconi.com\/es\/?s={search_term_string}\"},\"query-input\":{\"@type\":\"PropertyValueSpecification\",\"valueRequired\":true,\"valueName\":\"search_term_string\"}}],\"inLanguage\":\"es\"},{\"@type\":\"Organization\",\"@id\":\"https:\/\/www.meliconi.com\/es\/#organization\",\"name\":\"Meliconi\",\"url\":\"https:\/\/www.meliconi.com\/es\/\",\"logo\":{\"@type\":\"ImageObject\",\"inLanguage\":\"es\",\"@id\":\"https:\/\/www.meliconi.com\/es\/#\/schema\/logo\/image\/\",\"url\":\"https:\/\/www.meliconi.com\/wp-content\/uploads\/2021\/06\/logo-meliconi.png\",\"contentUrl\":\"https:\/\/www.meliconi.com\/wp-content\/uploads\/2021\/06\/logo-meliconi.png\",\"width\":338,\"height\":102,\"caption\":\"Meliconi\"},\"image\":{\"@id\":\"https:\/\/www.meliconi.com\/es\/#\/schema\/logo\/image\/\"}}]}<\/script>\n<!-- \/ Yoast SEO plugin. -->","yoast_head_json":{"title":"SLIMSTYLE PLUS 400 SDR - Meliconi","robots":{"index":"index","follow":"follow","max-snippet":"max-snippet:-1","max-image-preview":"max-image-preview:large","max-video-preview":"max-video-preview:-1"},"canonical":"https:\/\/www.meliconi.com\/es\/producto\/slimstyle-plus-400-sdr-copia-2\/","og_locale":"es_ES","og_type":"article","og_title":"SLIMSTYLE PLUS 400 SDR - Meliconi","og_description":"Soporte de pared para TV doble rotaci\u00f3n","og_url":"https:\/\/www.meliconi.com\/es\/producto\/slimstyle-plus-400-sdr-copia-2\/","og_site_name":"Meliconi","article_modified_time":"2024-08-07T12:43:29+00:00","og_image":[{"width":1024,"height":724,"url":"https:\/\/www.meliconi.com\/wp-content\/uploads\/2024\/01\/480994_SLIM-STYLE-Plus-400-SDR-2023-k-1-1-1-1024x724.png","type":"image\/png"}],"twitter_card":"summary_large_image","twitter_misc":{"Tiempo de lectura":"2 minutos"},"schema":{"@context":"https:\/\/schema.org","@graph":[{"@type":"WebPage","@id":"https:\/\/www.meliconi.com\/es\/producto\/slimstyle-plus-400-sdr-copia-2\/","url":"https:\/\/www.meliconi.com\/es\/producto\/slimstyle-plus-400-sdr-copia-2\/","name":"SLIMSTYLE PLUS 400 SDR - Meliconi","isPartOf":{"@id":"https:\/\/www.meliconi.com\/es\/#website"},"primaryImageOfPage":{"@id":"https:\/\/www.meliconi.com\/es\/producto\/slimstyle-plus-400-sdr-copia-2\/#primaryimage"},"image":{"@id":"https:\/\/www.meliconi.com\/es\/producto\/slimstyle-plus-400-sdr-copia-2\/#primaryimage"},"thumbnailUrl":"https:\/\/www.meliconi.com\/wp-content\/uploads\/2024\/01\/480994_SLIM-STYLE-Plus-400-SDR-2023-k-1-1-1.png","datePublished":"2024-01-19T08:26:12+00:00","dateModified":"2024-08-07T12:43:29+00:00","breadcrumb":{"@id":"https:\/\/www.meliconi.com\/es\/producto\/slimstyle-plus-400-sdr-copia-2\/#breadcrumb"},"inLanguage":"es","potentialAction":[{"@type":"ReadAction","target":["https:\/\/www.meliconi.com\/es\/producto\/slimstyle-plus-400-sdr-copia-2\/"]}]},{"@type":"ImageObject","inLanguage":"es","@id":"https:\/\/www.meliconi.com\/es\/producto\/slimstyle-plus-400-sdr-copia-2\/#primaryimage","url":"https:\/\/www.meliconi.com\/wp-content\/uploads\/2024\/01\/480994_SLIM-STYLE-Plus-400-SDR-2023-k-1-1-1.png","contentUrl":"https:\/\/www.meliconi.com\/wp-content\/uploads\/2024\/01\/480994_SLIM-STYLE-Plus-400-SDR-2023-k-1-1-1.png","width":5000,"height":3535},{"@type":"BreadcrumbList","@id":"https:\/\/www.meliconi.com\/es\/producto\/slimstyle-plus-400-sdr-copia-2\/#breadcrumb","itemListElement":[{"@type":"ListItem","position":1,"name":"Home","item":"https:\/\/www.meliconi.com\/es\/"},{"@type":"ListItem","position":2,"name":"Shop","item":"https:\/\/www.meliconi.com\/es\/shop-es\/"},{"@type":"ListItem","position":3,"name":"SLIMSTYLE PLUS 400 SDR"}]},{"@type":"WebSite","@id":"https:\/\/www.meliconi.com\/es\/#website","url":"https:\/\/www.meliconi.com\/es\/","name":"Meliconi","description":"El especialista en accesorios ","publisher":{"@id":"https:\/\/www.meliconi.com\/es\/#organization"},"potentialAction":[{"@type":"SearchAction","target":{"@type":"EntryPoint","urlTemplate":"https:\/\/www.meliconi.com\/es\/?s={search_term_string}"},"query-input":{"@type":"PropertyValueSpecification","valueRequired":true,"valueName":"search_term_string"}}],"inLanguage":"es"},{"@type":"Organization","@id":"https:\/\/www.meliconi.com\/es\/#organization","name":"Meliconi","url":"https:\/\/www.meliconi.com\/es\/","logo":{"@type":"ImageObject","inLanguage":"es","@id":"https:\/\/www.meliconi.com\/es\/#\/schema\/logo\/image\/","url":"https:\/\/www.meliconi.com\/wp-content\/uploads\/2021\/06\/logo-meliconi.png","contentUrl":"https:\/\/www.meliconi.com\/wp-content\/uploads\/2021\/06\/logo-meliconi.png","width":338,"height":102,"caption":"Meliconi"},"image":{"@id":"https:\/\/www.meliconi.com\/es\/#\/schema\/logo\/image\/"}}]}},"_links":{"self":[{"href":"https:\/\/www.meliconi.com\/es\/wp-json\/wp\/v2\/product\/33816","targetHints":{"allow":["GET"]}}],"collection":[{"href":"https:\/\/www.meliconi.com\/es\/wp-json\/wp\/v2\/product"}],"about":[{"href":"https:\/\/www.meliconi.com\/es\/wp-json\/wp\/v2\/types\/product"}],"wp:featuredmedia":[{"embeddable":true,"href":"https:\/\/www.meliconi.com\/es\/wp-json\/wp\/v2\/media\/33834"}],"wp:attachment":[{"href":"https:\/\/www.meliconi.com\/es\/wp-json\/wp\/v2\/media?parent=33816"}],"wp:term":[{"taxonomy":"product_cat","embeddable":true,"href":"https:\/\/www.meliconi.com\/es\/wp-json\/wp\/v2\/product_cat?post=33816"},{"taxonomy":"product_tag","embeddable":true,"href":"https:\/\/www.meliconi.com\/es\/wp-json\/wp\/v2\/product_tag?post=33816"}],"curies":[{"name":"wp","href":"https:\/\/api.w.org\/{rel}","templated":true}]}}