{"id":33492,"date":"2023-12-22T13:58:53","date_gmt":"2023-12-22T13:58:53","guid":{"rendered":"https:\/\/www.meliconi.com\/?post_type=product&#038;p=33492"},"modified":"2025-04-29T16:10:23","modified_gmt":"2025-04-29T14:10:23","slug":"algo-2","status":"publish","type":"product","link":"https:\/\/www.meliconi.com\/es\/producto\/algo-2\/","title":{"rendered":"Algo 2+"},"content":{"rendered":"<p>\u2022 Mando a distancia de repuesto para Televisores y otros dispositivos AV, puede agrupar hasta 2 mandos a distancia en 1.<\/p>\n<p>\u2022 Compatible con los siguientes tipos de dispositivos: Televisores, Decodificadores externos (digitales terrestres y satelitales), Blu Ray \/ DVD, Barra de sonido, sistemas de Home Theater y otros dispositivos AV.<\/p>\n<p>\u2022 Todas las funciones infrarrojas originales directamente accesibles (las funciones adicionales, no indicadas en el teclado, son accesibles con la tecla especial M). Se programa solo a trav\u00e9s de un cable especial suministrado por separado (accediendo al sitio web www.cme.it).<\/p>\n<p>\u2022 Puede adquirir se\u00f1ales de otros mandos a distancia (funci\u00f3n LEARN): ideal para controlar, junto con el televisor, tambi\u00e9n la funci\u00f3n de volumen de las barras de sonido y de los sistemas de audio dom\u00e9stico conectados a \u00e9l.<\/p>\n<p>\u2022 Soporte web completo en espa\u00f1ol en www.cme.it (software de b\u00fasqueda de c\u00f3digo, tablas de correspondencia de teclas \/ funciones, b\u00fasqueda de im\u00e1genes, manual de instrucciones, videogu\u00eda y m\u00e1s).<\/p>\n","protected":false},"excerpt":{"rendered":"<p>Mando a distancia de repuesto 2 en 1, compatible con TV, Decodificador, SKY, Bluray\/DVD y m\u00e1s. Se puede programar desde la web mediante el cable 497201. Todas las funciones infrarrojas originales est\u00e1n disponibles. Acceso directo a las funciones Smart Home, Netflix y Prime Video. Funci\u00f3n de aprendizaje. Soporte web completo.<\/p>\n","protected":false},"featured_media":33498,"template":"","meta":{"_acf_changed":false},"product_cat":[346],"product_tag":[],"class_list":{"0":"post-33492","1":"product","2":"type-product","3":"status-publish","4":"has-post-thumbnail","6":"product_cat-mandos-a-distancia-es","7":"pa_tipo-telecomando-universali-es","9":"first","10":"outofstock","11":"taxable","12":"shipping-taxable","13":"product-type-simple"},"acf":[],"yoast_head":"<!-- This site is optimized with the Yoast SEO plugin v26.1.1 - https:\/\/yoast.com\/wordpress\/plugins\/seo\/ -->\n<title>Algo 2+ - Meliconi<\/title>\n<meta name=\"robots\" content=\"index, follow, max-snippet:-1, max-image-preview:large, max-video-preview:-1\" \/>\n<link rel=\"canonical\" href=\"https:\/\/www.meliconi.com\/es\/producto\/algo-2\/\" \/>\n<meta property=\"og:locale\" content=\"es_ES\" \/>\n<meta property=\"og:type\" content=\"article\" \/>\n<meta property=\"og:title\" content=\"Algo 2+ - Meliconi\" \/>\n<meta property=\"og:description\" content=\"Mando a distancia de repuesto 2 en 1, compatible con TV, Decodificador, SKY, Bluray\/DVD y m\u00e1s. Se puede programar desde la web mediante el cable 497201. Todas las funciones infrarrojas originales est\u00e1n disponibles. Acceso directo a las funciones Smart Home, Netflix y Prime Video. Funci\u00f3n de aprendizaje. Soporte web completo.\" \/>\n<meta property=\"og:url\" content=\"https:\/\/www.meliconi.com\/es\/producto\/algo-2\/\" \/>\n<meta property=\"og:site_name\" content=\"Meliconi\" \/>\n<meta property=\"article:modified_time\" content=\"2025-04-29T14:10:23+00:00\" \/>\n<meta property=\"og:image\" content=\"https:\/\/www.meliconi.com\/wp-content\/uploads\/2023\/12\/868005_ITAEXP-868006-FRA_ALGO-2-723x1024.png\" \/>\n\t<meta property=\"og:image:width\" content=\"723\" \/>\n\t<meta property=\"og:image:height\" content=\"1024\" \/>\n\t<meta property=\"og:image:type\" content=\"image\/png\" \/>\n<meta name=\"twitter:card\" content=\"summary_large_image\" \/>\n<meta name=\"twitter:label1\" content=\"Tiempo de lectura\" \/>\n\t<meta name=\"twitter:data1\" content=\"2 minutos\" \/>\n<script type=\"application\/ld+json\" class=\"yoast-schema-graph\">{\"@context\":\"https:\/\/schema.org\",\"@graph\":[{\"@type\":\"WebPage\",\"@id\":\"https:\/\/www.meliconi.com\/es\/producto\/algo-2\/\",\"url\":\"https:\/\/www.meliconi.com\/es\/producto\/algo-2\/\",\"name\":\"Algo 2+ - Meliconi\",\"isPartOf\":{\"@id\":\"https:\/\/www.meliconi.com\/es\/#website\"},\"primaryImageOfPage\":{\"@id\":\"https:\/\/www.meliconi.com\/es\/producto\/algo-2\/#primaryimage\"},\"image\":{\"@id\":\"https:\/\/www.meliconi.com\/es\/producto\/algo-2\/#primaryimage\"},\"thumbnailUrl\":\"https:\/\/www.meliconi.com\/wp-content\/uploads\/2023\/12\/868005_ITAEXP-868006-FRA_ALGO-2.png\",\"datePublished\":\"2023-12-22T13:58:53+00:00\",\"dateModified\":\"2025-04-29T14:10:23+00:00\",\"breadcrumb\":{\"@id\":\"https:\/\/www.meliconi.com\/es\/producto\/algo-2\/#breadcrumb\"},\"inLanguage\":\"es\",\"potentialAction\":[{\"@type\":\"ReadAction\",\"target\":[\"https:\/\/www.meliconi.com\/es\/producto\/algo-2\/\"]}]},{\"@type\":\"ImageObject\",\"inLanguage\":\"es\",\"@id\":\"https:\/\/www.meliconi.com\/es\/producto\/algo-2\/#primaryimage\",\"url\":\"https:\/\/www.meliconi.com\/wp-content\/uploads\/2023\/12\/868005_ITAEXP-868006-FRA_ALGO-2.png\",\"contentUrl\":\"https:\/\/www.meliconi.com\/wp-content\/uploads\/2023\/12\/868005_ITAEXP-868006-FRA_ALGO-2.png\",\"width\":4236,\"height\":6000},{\"@type\":\"BreadcrumbList\",\"@id\":\"https:\/\/www.meliconi.com\/es\/producto\/algo-2\/#breadcrumb\",\"itemListElement\":[{\"@type\":\"ListItem\",\"position\":1,\"name\":\"Home\",\"item\":\"https:\/\/www.meliconi.com\/es\/\"},{\"@type\":\"ListItem\",\"position\":2,\"name\":\"Shop\",\"item\":\"https:\/\/www.meliconi.com\/es\/shop-es\/\"},{\"@type\":\"ListItem\",\"position\":3,\"name\":\"Algo 2+\"}]},{\"@type\":\"WebSite\",\"@id\":\"https:\/\/www.meliconi.com\/es\/#website\",\"url\":\"https:\/\/www.meliconi.com\/es\/\",\"name\":\"Meliconi\",\"description\":\"El especialista en accesorios \",\"publisher\":{\"@id\":\"https:\/\/www.meliconi.com\/es\/#organization\"},\"potentialAction\":[{\"@type\":\"SearchAction\",\"target\":{\"@type\":\"EntryPoint\",\"urlTemplate\":\"https:\/\/www.meliconi.com\/es\/?s={search_term_string}\"},\"query-input\":{\"@type\":\"PropertyValueSpecification\",\"valueRequired\":true,\"valueName\":\"search_term_string\"}}],\"inLanguage\":\"es\"},{\"@type\":\"Organization\",\"@id\":\"https:\/\/www.meliconi.com\/es\/#organization\",\"name\":\"Meliconi\",\"url\":\"https:\/\/www.meliconi.com\/es\/\",\"logo\":{\"@type\":\"ImageObject\",\"inLanguage\":\"es\",\"@id\":\"https:\/\/www.meliconi.com\/es\/#\/schema\/logo\/image\/\",\"url\":\"https:\/\/www.meliconi.com\/wp-content\/uploads\/2021\/06\/logo-meliconi.png\",\"contentUrl\":\"https:\/\/www.meliconi.com\/wp-content\/uploads\/2021\/06\/logo-meliconi.png\",\"width\":338,\"height\":102,\"caption\":\"Meliconi\"},\"image\":{\"@id\":\"https:\/\/www.meliconi.com\/es\/#\/schema\/logo\/image\/\"}}]}<\/script>\n<!-- \/ Yoast SEO plugin. -->","yoast_head_json":{"title":"Algo 2+ - Meliconi","robots":{"index":"index","follow":"follow","max-snippet":"max-snippet:-1","max-image-preview":"max-image-preview:large","max-video-preview":"max-video-preview:-1"},"canonical":"https:\/\/www.meliconi.com\/es\/producto\/algo-2\/","og_locale":"es_ES","og_type":"article","og_title":"Algo 2+ - Meliconi","og_description":"Mando a distancia de repuesto 2 en 1, compatible con TV, Decodificador, SKY, Bluray\/DVD y m\u00e1s. Se puede programar desde la web mediante el cable 497201. Todas las funciones infrarrojas originales est\u00e1n disponibles. Acceso directo a las funciones Smart Home, Netflix y Prime Video. Funci\u00f3n de aprendizaje. Soporte web completo.","og_url":"https:\/\/www.meliconi.com\/es\/producto\/algo-2\/","og_site_name":"Meliconi","article_modified_time":"2025-04-29T14:10:23+00:00","og_image":[{"width":723,"height":1024,"url":"https:\/\/www.meliconi.com\/wp-content\/uploads\/2023\/12\/868005_ITAEXP-868006-FRA_ALGO-2-723x1024.png","type":"image\/png"}],"twitter_card":"summary_large_image","twitter_misc":{"Tiempo de lectura":"2 minutos"},"schema":{"@context":"https:\/\/schema.org","@graph":[{"@type":"WebPage","@id":"https:\/\/www.meliconi.com\/es\/producto\/algo-2\/","url":"https:\/\/www.meliconi.com\/es\/producto\/algo-2\/","name":"Algo 2+ - Meliconi","isPartOf":{"@id":"https:\/\/www.meliconi.com\/es\/#website"},"primaryImageOfPage":{"@id":"https:\/\/www.meliconi.com\/es\/producto\/algo-2\/#primaryimage"},"image":{"@id":"https:\/\/www.meliconi.com\/es\/producto\/algo-2\/#primaryimage"},"thumbnailUrl":"https:\/\/www.meliconi.com\/wp-content\/uploads\/2023\/12\/868005_ITAEXP-868006-FRA_ALGO-2.png","datePublished":"2023-12-22T13:58:53+00:00","dateModified":"2025-04-29T14:10:23+00:00","breadcrumb":{"@id":"https:\/\/www.meliconi.com\/es\/producto\/algo-2\/#breadcrumb"},"inLanguage":"es","potentialAction":[{"@type":"ReadAction","target":["https:\/\/www.meliconi.com\/es\/producto\/algo-2\/"]}]},{"@type":"ImageObject","inLanguage":"es","@id":"https:\/\/www.meliconi.com\/es\/producto\/algo-2\/#primaryimage","url":"https:\/\/www.meliconi.com\/wp-content\/uploads\/2023\/12\/868005_ITAEXP-868006-FRA_ALGO-2.png","contentUrl":"https:\/\/www.meliconi.com\/wp-content\/uploads\/2023\/12\/868005_ITAEXP-868006-FRA_ALGO-2.png","width":4236,"height":6000},{"@type":"BreadcrumbList","@id":"https:\/\/www.meliconi.com\/es\/producto\/algo-2\/#breadcrumb","itemListElement":[{"@type":"ListItem","position":1,"name":"Home","item":"https:\/\/www.meliconi.com\/es\/"},{"@type":"ListItem","position":2,"name":"Shop","item":"https:\/\/www.meliconi.com\/es\/shop-es\/"},{"@type":"ListItem","position":3,"name":"Algo 2+"}]},{"@type":"WebSite","@id":"https:\/\/www.meliconi.com\/es\/#website","url":"https:\/\/www.meliconi.com\/es\/","name":"Meliconi","description":"El especialista en accesorios ","publisher":{"@id":"https:\/\/www.meliconi.com\/es\/#organization"},"potentialAction":[{"@type":"SearchAction","target":{"@type":"EntryPoint","urlTemplate":"https:\/\/www.meliconi.com\/es\/?s={search_term_string}"},"query-input":{"@type":"PropertyValueSpecification","valueRequired":true,"valueName":"search_term_string"}}],"inLanguage":"es"},{"@type":"Organization","@id":"https:\/\/www.meliconi.com\/es\/#organization","name":"Meliconi","url":"https:\/\/www.meliconi.com\/es\/","logo":{"@type":"ImageObject","inLanguage":"es","@id":"https:\/\/www.meliconi.com\/es\/#\/schema\/logo\/image\/","url":"https:\/\/www.meliconi.com\/wp-content\/uploads\/2021\/06\/logo-meliconi.png","contentUrl":"https:\/\/www.meliconi.com\/wp-content\/uploads\/2021\/06\/logo-meliconi.png","width":338,"height":102,"caption":"Meliconi"},"image":{"@id":"https:\/\/www.meliconi.com\/es\/#\/schema\/logo\/image\/"}}]}},"_links":{"self":[{"href":"https:\/\/www.meliconi.com\/es\/wp-json\/wp\/v2\/product\/33492","targetHints":{"allow":["GET"]}}],"collection":[{"href":"https:\/\/www.meliconi.com\/es\/wp-json\/wp\/v2\/product"}],"about":[{"href":"https:\/\/www.meliconi.com\/es\/wp-json\/wp\/v2\/types\/product"}],"wp:featuredmedia":[{"embeddable":true,"href":"https:\/\/www.meliconi.com\/es\/wp-json\/wp\/v2\/media\/33498"}],"wp:attachment":[{"href":"https:\/\/www.meliconi.com\/es\/wp-json\/wp\/v2\/media?parent=33492"}],"wp:term":[{"taxonomy":"product_cat","embeddable":true,"href":"https:\/\/www.meliconi.com\/es\/wp-json\/wp\/v2\/product_cat?post=33492"},{"taxonomy":"product_tag","embeddable":true,"href":"https:\/\/www.meliconi.com\/es\/wp-json\/wp\/v2\/product_tag?post=33492"}],"curies":[{"name":"wp","href":"https:\/\/api.w.org\/{rel}","templated":true}]}}