{"id":33286,"date":"2023-11-28T10:09:36","date_gmt":"2023-11-28T10:09:37","guid":{"rendered":"https:\/\/www.meliconi.com\/?post_type=product&#038;p=33286"},"modified":"2025-04-08T09:52:34","modified_gmt":"2025-04-08T07:52:34","slug":"400-sdrp-plus-2","status":"publish","type":"product","link":"https:\/\/www.meliconi.com\/es\/producto\/400-sdrp-plus-2\/","title":{"rendered":"400 SDRP PLUS"},"content":{"rendered":"<p>EXTRA es la nueva l\u00ednea de soportes de pared ultradelgados para TV de Meliconi S.p.A., la combinaci\u00f3n perfecta de tecnolog\u00eda de vanguardia, materiales de \u00faltima generaci\u00f3n y dise\u00f1o atractivo. Gracias a las innovadoras funciones FAST BLOCK y EASY FIX UP&amp;DOWN, instalar tu TV nunca ha sido tan sencillo y preciso. La adici\u00f3n de un revestimiento protector de goma en todos los soportes proteger\u00e1 tu TV a lo largo del tiempo, sin renunciar a un volumen m\u00ednimo (hasta un m\u00ednimo de 10.5 cm de la pared) y una total seguridad. Todos los soportes EXTRA son 100% Made in Italy, con calidad certificada TUV y 10 a\u00f1os de garant\u00eda.<\/p>\n<p>400 SDRP PLUS es un soporte orientable con dos brazos y dos articulaciones para TV con perforaciones VESA de 200 \u2013 300 \u2013 400 mm. Permite inclinar la pantalla vertical y horizontalmente, adecuado para TVs de formato mediano y grande. La funci\u00f3n EASY FIX UP&amp;DOWN no solo te permite cambiar la inclinaci\u00f3n vertical del televisor de manera libre, sino que tambi\u00e9n garantiza que el televisor est\u00e9 nivelado tanto vertical como horizontalmente incluso despu\u00e9s de fijar el soporte a la pared, sin necesidad de utilizar ning\u00fan destornillador.<\/p>\n","protected":false},"excerpt":{"rendered":"<p>Soporte de pared para TV doble rotaci\u00f3n<\/p>\n","protected":false},"featured_media":33290,"template":"","meta":{"_acf_changed":false},"product_cat":[335],"product_tag":[],"class_list":{"0":"post-33286","1":"product","2":"type-product","3":"status-publish","4":"has-post-thumbnail","6":"product_cat-soportes-tv-de-pared-es","7":"pa_movimento-supporto-double-rotation-es","9":"first","10":"instock","11":"taxable","12":"shipping-taxable","13":"product-type-simple"},"acf":[],"yoast_head":"<!-- This site is optimized with the Yoast SEO plugin v26.1.1 - https:\/\/yoast.com\/wordpress\/plugins\/seo\/ -->\n<title>400 SDRP PLUS - Meliconi<\/title>\n<meta name=\"robots\" content=\"index, follow, max-snippet:-1, max-image-preview:large, max-video-preview:-1\" \/>\n<link rel=\"canonical\" href=\"https:\/\/www.meliconi.com\/es\/producto\/400-sdrp-plus-2\/\" \/>\n<meta property=\"og:locale\" content=\"es_ES\" \/>\n<meta property=\"og:type\" content=\"article\" \/>\n<meta property=\"og:title\" content=\"400 SDRP PLUS - Meliconi\" \/>\n<meta property=\"og:description\" content=\"Soporte de pared para TV doble rotaci\u00f3n\" \/>\n<meta property=\"og:url\" content=\"https:\/\/www.meliconi.com\/es\/producto\/400-sdrp-plus-2\/\" \/>\n<meta property=\"og:site_name\" content=\"Meliconi\" \/>\n<meta property=\"article:modified_time\" content=\"2025-04-08T07:52:34+00:00\" \/>\n<meta property=\"og:image\" content=\"https:\/\/www.meliconi.com\/wp-content\/uploads\/2023\/11\/480874_EXTRA-400-SDRP-Plus-2023-ok-2-1024x724.png\" \/>\n\t<meta property=\"og:image:width\" content=\"1024\" \/>\n\t<meta property=\"og:image:height\" content=\"724\" \/>\n\t<meta property=\"og:image:type\" content=\"image\/png\" \/>\n<meta name=\"twitter:card\" content=\"summary_large_image\" \/>\n<meta name=\"twitter:label1\" content=\"Tiempo de lectura\" \/>\n\t<meta name=\"twitter:data1\" content=\"2 minutos\" \/>\n<script type=\"application\/ld+json\" class=\"yoast-schema-graph\">{\"@context\":\"https:\/\/schema.org\",\"@graph\":[{\"@type\":\"WebPage\",\"@id\":\"https:\/\/www.meliconi.com\/es\/producto\/400-sdrp-plus-2\/\",\"url\":\"https:\/\/www.meliconi.com\/es\/producto\/400-sdrp-plus-2\/\",\"name\":\"400 SDRP PLUS - Meliconi\",\"isPartOf\":{\"@id\":\"https:\/\/www.meliconi.com\/es\/#website\"},\"primaryImageOfPage\":{\"@id\":\"https:\/\/www.meliconi.com\/es\/producto\/400-sdrp-plus-2\/#primaryimage\"},\"image\":{\"@id\":\"https:\/\/www.meliconi.com\/es\/producto\/400-sdrp-plus-2\/#primaryimage\"},\"thumbnailUrl\":\"https:\/\/www.meliconi.com\/wp-content\/uploads\/2023\/11\/480874_EXTRA-400-SDRP-Plus-2023-ok-2.png\",\"datePublished\":\"2023-11-28T10:09:37+00:00\",\"dateModified\":\"2025-04-08T07:52:34+00:00\",\"breadcrumb\":{\"@id\":\"https:\/\/www.meliconi.com\/es\/producto\/400-sdrp-plus-2\/#breadcrumb\"},\"inLanguage\":\"es\",\"potentialAction\":[{\"@type\":\"ReadAction\",\"target\":[\"https:\/\/www.meliconi.com\/es\/producto\/400-sdrp-plus-2\/\"]}]},{\"@type\":\"ImageObject\",\"inLanguage\":\"es\",\"@id\":\"https:\/\/www.meliconi.com\/es\/producto\/400-sdrp-plus-2\/#primaryimage\",\"url\":\"https:\/\/www.meliconi.com\/wp-content\/uploads\/2023\/11\/480874_EXTRA-400-SDRP-Plus-2023-ok-2.png\",\"contentUrl\":\"https:\/\/www.meliconi.com\/wp-content\/uploads\/2023\/11\/480874_EXTRA-400-SDRP-Plus-2023-ok-2.png\",\"width\":5000,\"height\":3535},{\"@type\":\"BreadcrumbList\",\"@id\":\"https:\/\/www.meliconi.com\/es\/producto\/400-sdrp-plus-2\/#breadcrumb\",\"itemListElement\":[{\"@type\":\"ListItem\",\"position\":1,\"name\":\"Home\",\"item\":\"https:\/\/www.meliconi.com\/es\/\"},{\"@type\":\"ListItem\",\"position\":2,\"name\":\"Shop\",\"item\":\"https:\/\/www.meliconi.com\/es\/shop-es\/\"},{\"@type\":\"ListItem\",\"position\":3,\"name\":\"400 SDRP PLUS\"}]},{\"@type\":\"WebSite\",\"@id\":\"https:\/\/www.meliconi.com\/es\/#website\",\"url\":\"https:\/\/www.meliconi.com\/es\/\",\"name\":\"Meliconi\",\"description\":\"El especialista en accesorios \",\"publisher\":{\"@id\":\"https:\/\/www.meliconi.com\/es\/#organization\"},\"potentialAction\":[{\"@type\":\"SearchAction\",\"target\":{\"@type\":\"EntryPoint\",\"urlTemplate\":\"https:\/\/www.meliconi.com\/es\/?s={search_term_string}\"},\"query-input\":{\"@type\":\"PropertyValueSpecification\",\"valueRequired\":true,\"valueName\":\"search_term_string\"}}],\"inLanguage\":\"es\"},{\"@type\":\"Organization\",\"@id\":\"https:\/\/www.meliconi.com\/es\/#organization\",\"name\":\"Meliconi\",\"url\":\"https:\/\/www.meliconi.com\/es\/\",\"logo\":{\"@type\":\"ImageObject\",\"inLanguage\":\"es\",\"@id\":\"https:\/\/www.meliconi.com\/es\/#\/schema\/logo\/image\/\",\"url\":\"https:\/\/www.meliconi.com\/wp-content\/uploads\/2021\/06\/logo-meliconi.png\",\"contentUrl\":\"https:\/\/www.meliconi.com\/wp-content\/uploads\/2021\/06\/logo-meliconi.png\",\"width\":338,\"height\":102,\"caption\":\"Meliconi\"},\"image\":{\"@id\":\"https:\/\/www.meliconi.com\/es\/#\/schema\/logo\/image\/\"}}]}<\/script>\n<!-- \/ Yoast SEO plugin. -->","yoast_head_json":{"title":"400 SDRP PLUS - Meliconi","robots":{"index":"index","follow":"follow","max-snippet":"max-snippet:-1","max-image-preview":"max-image-preview:large","max-video-preview":"max-video-preview:-1"},"canonical":"https:\/\/www.meliconi.com\/es\/producto\/400-sdrp-plus-2\/","og_locale":"es_ES","og_type":"article","og_title":"400 SDRP PLUS - Meliconi","og_description":"Soporte de pared para TV doble rotaci\u00f3n","og_url":"https:\/\/www.meliconi.com\/es\/producto\/400-sdrp-plus-2\/","og_site_name":"Meliconi","article_modified_time":"2025-04-08T07:52:34+00:00","og_image":[{"width":1024,"height":724,"url":"https:\/\/www.meliconi.com\/wp-content\/uploads\/2023\/11\/480874_EXTRA-400-SDRP-Plus-2023-ok-2-1024x724.png","type":"image\/png"}],"twitter_card":"summary_large_image","twitter_misc":{"Tiempo de lectura":"2 minutos"},"schema":{"@context":"https:\/\/schema.org","@graph":[{"@type":"WebPage","@id":"https:\/\/www.meliconi.com\/es\/producto\/400-sdrp-plus-2\/","url":"https:\/\/www.meliconi.com\/es\/producto\/400-sdrp-plus-2\/","name":"400 SDRP PLUS - Meliconi","isPartOf":{"@id":"https:\/\/www.meliconi.com\/es\/#website"},"primaryImageOfPage":{"@id":"https:\/\/www.meliconi.com\/es\/producto\/400-sdrp-plus-2\/#primaryimage"},"image":{"@id":"https:\/\/www.meliconi.com\/es\/producto\/400-sdrp-plus-2\/#primaryimage"},"thumbnailUrl":"https:\/\/www.meliconi.com\/wp-content\/uploads\/2023\/11\/480874_EXTRA-400-SDRP-Plus-2023-ok-2.png","datePublished":"2023-11-28T10:09:37+00:00","dateModified":"2025-04-08T07:52:34+00:00","breadcrumb":{"@id":"https:\/\/www.meliconi.com\/es\/producto\/400-sdrp-plus-2\/#breadcrumb"},"inLanguage":"es","potentialAction":[{"@type":"ReadAction","target":["https:\/\/www.meliconi.com\/es\/producto\/400-sdrp-plus-2\/"]}]},{"@type":"ImageObject","inLanguage":"es","@id":"https:\/\/www.meliconi.com\/es\/producto\/400-sdrp-plus-2\/#primaryimage","url":"https:\/\/www.meliconi.com\/wp-content\/uploads\/2023\/11\/480874_EXTRA-400-SDRP-Plus-2023-ok-2.png","contentUrl":"https:\/\/www.meliconi.com\/wp-content\/uploads\/2023\/11\/480874_EXTRA-400-SDRP-Plus-2023-ok-2.png","width":5000,"height":3535},{"@type":"BreadcrumbList","@id":"https:\/\/www.meliconi.com\/es\/producto\/400-sdrp-plus-2\/#breadcrumb","itemListElement":[{"@type":"ListItem","position":1,"name":"Home","item":"https:\/\/www.meliconi.com\/es\/"},{"@type":"ListItem","position":2,"name":"Shop","item":"https:\/\/www.meliconi.com\/es\/shop-es\/"},{"@type":"ListItem","position":3,"name":"400 SDRP PLUS"}]},{"@type":"WebSite","@id":"https:\/\/www.meliconi.com\/es\/#website","url":"https:\/\/www.meliconi.com\/es\/","name":"Meliconi","description":"El especialista en accesorios ","publisher":{"@id":"https:\/\/www.meliconi.com\/es\/#organization"},"potentialAction":[{"@type":"SearchAction","target":{"@type":"EntryPoint","urlTemplate":"https:\/\/www.meliconi.com\/es\/?s={search_term_string}"},"query-input":{"@type":"PropertyValueSpecification","valueRequired":true,"valueName":"search_term_string"}}],"inLanguage":"es"},{"@type":"Organization","@id":"https:\/\/www.meliconi.com\/es\/#organization","name":"Meliconi","url":"https:\/\/www.meliconi.com\/es\/","logo":{"@type":"ImageObject","inLanguage":"es","@id":"https:\/\/www.meliconi.com\/es\/#\/schema\/logo\/image\/","url":"https:\/\/www.meliconi.com\/wp-content\/uploads\/2021\/06\/logo-meliconi.png","contentUrl":"https:\/\/www.meliconi.com\/wp-content\/uploads\/2021\/06\/logo-meliconi.png","width":338,"height":102,"caption":"Meliconi"},"image":{"@id":"https:\/\/www.meliconi.com\/es\/#\/schema\/logo\/image\/"}}]}},"_links":{"self":[{"href":"https:\/\/www.meliconi.com\/es\/wp-json\/wp\/v2\/product\/33286","targetHints":{"allow":["GET"]}}],"collection":[{"href":"https:\/\/www.meliconi.com\/es\/wp-json\/wp\/v2\/product"}],"about":[{"href":"https:\/\/www.meliconi.com\/es\/wp-json\/wp\/v2\/types\/product"}],"wp:featuredmedia":[{"embeddable":true,"href":"https:\/\/www.meliconi.com\/es\/wp-json\/wp\/v2\/media\/33290"}],"wp:attachment":[{"href":"https:\/\/www.meliconi.com\/es\/wp-json\/wp\/v2\/media?parent=33286"}],"wp:term":[{"taxonomy":"product_cat","embeddable":true,"href":"https:\/\/www.meliconi.com\/es\/wp-json\/wp\/v2\/product_cat?post=33286"},{"taxonomy":"product_tag","embeddable":true,"href":"https:\/\/www.meliconi.com\/es\/wp-json\/wp\/v2\/product_tag?post=33286"}],"curies":[{"name":"wp","href":"https:\/\/api.w.org\/{rel}","templated":true}]}}