{"id":18487,"date":"2023-01-13T11:21:47","date_gmt":"2023-01-13T11:21:48","guid":{"rendered":"https:\/\/www.meliconi.com\/?post_type=product&#038;p=18487"},"modified":"2025-04-29T15:22:42","modified_gmt":"2025-04-29T13:22:42","slug":"gumbody-facile-tv","status":"publish","type":"product","link":"https:\/\/www.meliconi.com\/es\/producto\/gumbody-facile-tv\/","title":{"rendered":"Gumbody Facile TV+"},"content":{"rendered":"<p>\u2022Mando a distancia universal para 1 televisor, sustituye al mando a distancia original que no funciona, est\u00e1 roto o se ha perdido.<\/p>\n<p>\u2022 Todas las funciones de los mandos a distancia originales est\u00e1n disponibles. Gracias a las tablas disponibles en www.cme.it, es posible comprobar exactamente a cuales teclas corresponden las funciones originales deseadas<\/p>\n<p>\u2022 La forma ergon\u00f3mica y el cuerpo de goma suave favorecen el agarre y protegen el mando a distancia de golpes y ca\u00eddas.<\/p>\n<p>\u2022 Funci\u00f3n de Aprendizaje (Learn) y otras funciones avanzadas.<\/p>\n<p>\u2022 Acceso directo a las funciones Home, Netflix, Prime video en los televisores Smart.<\/p>\n<p>\u2022 Soporte web completo en espa\u00f1ol en www.cme.it (software de b\u00fasqueda de c\u00f3digo, tablas de correspondencia de teclas \/ funciones, b\u00fasqueda de im\u00e1genes, manual de instrucciones, videogu\u00eda y m\u00e1s).<\/p>\n","protected":false},"excerpt":{"rendered":"<p>Mando a distancia universal para 1 TV con cuerpo de goma, compatible con casi todos los televisores en circulaci\u00f3n. Todas las funciones originales disponibles. Actualizable v\u00eda web. Funci\u00f3n de aprendizaje. Soporte web completo.<\/p>\n","protected":false},"featured_media":18490,"template":"","meta":{"_acf_changed":false},"product_cat":[346],"product_tag":[428],"class_list":{"0":"post-18487","1":"product","2":"type-product","3":"status-publish","4":"has-post-thumbnail","6":"product_cat-mandos-a-distancia-es","7":"product_tag-universale-es","8":"pa_tipo-telecomando-universali-es","10":"first","11":"instock","12":"taxable","13":"shipping-taxable","14":"purchasable","15":"product-type-simple"},"acf":[],"yoast_head":"<!-- This site is optimized with the Yoast SEO plugin v26.1.1 - https:\/\/yoast.com\/wordpress\/plugins\/seo\/ -->\n<title>Gumbody Facile TV+ - Meliconi<\/title>\n<meta name=\"robots\" content=\"index, follow, max-snippet:-1, max-image-preview:large, max-video-preview:-1\" \/>\n<link rel=\"canonical\" href=\"https:\/\/www.meliconi.com\/es\/producto\/gumbody-facile-tv\/\" \/>\n<meta property=\"og:locale\" content=\"es_ES\" \/>\n<meta property=\"og:type\" content=\"article\" \/>\n<meta property=\"og:title\" content=\"Gumbody Facile TV+ - Meliconi\" \/>\n<meta property=\"og:description\" content=\"Mando a distancia universal para 1 TV con cuerpo de goma, compatible con casi todos los televisores en circulaci\u00f3n. Todas las funciones originales disponibles. Actualizable v\u00eda web. Funci\u00f3n de aprendizaje. Soporte web completo.\" \/>\n<meta property=\"og:url\" content=\"https:\/\/www.meliconi.com\/es\/producto\/gumbody-facile-tv\/\" \/>\n<meta property=\"og:site_name\" content=\"Meliconi\" \/>\n<meta property=\"article:modified_time\" content=\"2025-04-29T13:22:42+00:00\" \/>\n<meta property=\"og:image\" content=\"https:\/\/www.meliconi.com\/wp-content\/uploads\/2023\/01\/806079_FACILE-TV-723x1024.png\" \/>\n\t<meta property=\"og:image:width\" content=\"723\" \/>\n\t<meta property=\"og:image:height\" content=\"1024\" \/>\n\t<meta property=\"og:image:type\" content=\"image\/png\" \/>\n<meta name=\"twitter:card\" content=\"summary_large_image\" \/>\n<meta name=\"twitter:label1\" content=\"Tiempo de lectura\" \/>\n\t<meta name=\"twitter:data1\" content=\"1 minuto\" \/>\n<script type=\"application\/ld+json\" class=\"yoast-schema-graph\">{\"@context\":\"https:\/\/schema.org\",\"@graph\":[{\"@type\":\"WebPage\",\"@id\":\"https:\/\/www.meliconi.com\/es\/producto\/gumbody-facile-tv\/\",\"url\":\"https:\/\/www.meliconi.com\/es\/producto\/gumbody-facile-tv\/\",\"name\":\"Gumbody Facile TV+ - Meliconi\",\"isPartOf\":{\"@id\":\"https:\/\/www.meliconi.com\/es\/#website\"},\"primaryImageOfPage\":{\"@id\":\"https:\/\/www.meliconi.com\/es\/producto\/gumbody-facile-tv\/#primaryimage\"},\"image\":{\"@id\":\"https:\/\/www.meliconi.com\/es\/producto\/gumbody-facile-tv\/#primaryimage\"},\"thumbnailUrl\":\"https:\/\/www.meliconi.com\/wp-content\/uploads\/2023\/01\/806079_FACILE-TV.png\",\"datePublished\":\"2023-01-13T11:21:48+00:00\",\"dateModified\":\"2025-04-29T13:22:42+00:00\",\"breadcrumb\":{\"@id\":\"https:\/\/www.meliconi.com\/es\/producto\/gumbody-facile-tv\/#breadcrumb\"},\"inLanguage\":\"es\",\"potentialAction\":[{\"@type\":\"ReadAction\",\"target\":[\"https:\/\/www.meliconi.com\/es\/producto\/gumbody-facile-tv\/\"]}]},{\"@type\":\"ImageObject\",\"inLanguage\":\"es\",\"@id\":\"https:\/\/www.meliconi.com\/es\/producto\/gumbody-facile-tv\/#primaryimage\",\"url\":\"https:\/\/www.meliconi.com\/wp-content\/uploads\/2023\/01\/806079_FACILE-TV.png\",\"contentUrl\":\"https:\/\/www.meliconi.com\/wp-content\/uploads\/2023\/01\/806079_FACILE-TV.png\",\"width\":4236,\"height\":6000},{\"@type\":\"BreadcrumbList\",\"@id\":\"https:\/\/www.meliconi.com\/es\/producto\/gumbody-facile-tv\/#breadcrumb\",\"itemListElement\":[{\"@type\":\"ListItem\",\"position\":1,\"name\":\"Home\",\"item\":\"https:\/\/www.meliconi.com\/es\/\"},{\"@type\":\"ListItem\",\"position\":2,\"name\":\"Shop\",\"item\":\"https:\/\/www.meliconi.com\/es\/shop-es\/\"},{\"@type\":\"ListItem\",\"position\":3,\"name\":\"Gumbody Facile TV+\"}]},{\"@type\":\"WebSite\",\"@id\":\"https:\/\/www.meliconi.com\/es\/#website\",\"url\":\"https:\/\/www.meliconi.com\/es\/\",\"name\":\"Meliconi\",\"description\":\"El especialista en accesorios \",\"publisher\":{\"@id\":\"https:\/\/www.meliconi.com\/es\/#organization\"},\"potentialAction\":[{\"@type\":\"SearchAction\",\"target\":{\"@type\":\"EntryPoint\",\"urlTemplate\":\"https:\/\/www.meliconi.com\/es\/?s={search_term_string}\"},\"query-input\":{\"@type\":\"PropertyValueSpecification\",\"valueRequired\":true,\"valueName\":\"search_term_string\"}}],\"inLanguage\":\"es\"},{\"@type\":\"Organization\",\"@id\":\"https:\/\/www.meliconi.com\/es\/#organization\",\"name\":\"Meliconi\",\"url\":\"https:\/\/www.meliconi.com\/es\/\",\"logo\":{\"@type\":\"ImageObject\",\"inLanguage\":\"es\",\"@id\":\"https:\/\/www.meliconi.com\/es\/#\/schema\/logo\/image\/\",\"url\":\"https:\/\/www.meliconi.com\/wp-content\/uploads\/2021\/06\/logo-meliconi.png\",\"contentUrl\":\"https:\/\/www.meliconi.com\/wp-content\/uploads\/2021\/06\/logo-meliconi.png\",\"width\":338,\"height\":102,\"caption\":\"Meliconi\"},\"image\":{\"@id\":\"https:\/\/www.meliconi.com\/es\/#\/schema\/logo\/image\/\"}}]}<\/script>\n<!-- \/ Yoast SEO plugin. -->","yoast_head_json":{"title":"Gumbody Facile TV+ - Meliconi","robots":{"index":"index","follow":"follow","max-snippet":"max-snippet:-1","max-image-preview":"max-image-preview:large","max-video-preview":"max-video-preview:-1"},"canonical":"https:\/\/www.meliconi.com\/es\/producto\/gumbody-facile-tv\/","og_locale":"es_ES","og_type":"article","og_title":"Gumbody Facile TV+ - Meliconi","og_description":"Mando a distancia universal para 1 TV con cuerpo de goma, compatible con casi todos los televisores en circulaci\u00f3n. Todas las funciones originales disponibles. Actualizable v\u00eda web. Funci\u00f3n de aprendizaje. Soporte web completo.","og_url":"https:\/\/www.meliconi.com\/es\/producto\/gumbody-facile-tv\/","og_site_name":"Meliconi","article_modified_time":"2025-04-29T13:22:42+00:00","og_image":[{"width":723,"height":1024,"url":"https:\/\/www.meliconi.com\/wp-content\/uploads\/2023\/01\/806079_FACILE-TV-723x1024.png","type":"image\/png"}],"twitter_card":"summary_large_image","twitter_misc":{"Tiempo de lectura":"1 minuto"},"schema":{"@context":"https:\/\/schema.org","@graph":[{"@type":"WebPage","@id":"https:\/\/www.meliconi.com\/es\/producto\/gumbody-facile-tv\/","url":"https:\/\/www.meliconi.com\/es\/producto\/gumbody-facile-tv\/","name":"Gumbody Facile TV+ - Meliconi","isPartOf":{"@id":"https:\/\/www.meliconi.com\/es\/#website"},"primaryImageOfPage":{"@id":"https:\/\/www.meliconi.com\/es\/producto\/gumbody-facile-tv\/#primaryimage"},"image":{"@id":"https:\/\/www.meliconi.com\/es\/producto\/gumbody-facile-tv\/#primaryimage"},"thumbnailUrl":"https:\/\/www.meliconi.com\/wp-content\/uploads\/2023\/01\/806079_FACILE-TV.png","datePublished":"2023-01-13T11:21:48+00:00","dateModified":"2025-04-29T13:22:42+00:00","breadcrumb":{"@id":"https:\/\/www.meliconi.com\/es\/producto\/gumbody-facile-tv\/#breadcrumb"},"inLanguage":"es","potentialAction":[{"@type":"ReadAction","target":["https:\/\/www.meliconi.com\/es\/producto\/gumbody-facile-tv\/"]}]},{"@type":"ImageObject","inLanguage":"es","@id":"https:\/\/www.meliconi.com\/es\/producto\/gumbody-facile-tv\/#primaryimage","url":"https:\/\/www.meliconi.com\/wp-content\/uploads\/2023\/01\/806079_FACILE-TV.png","contentUrl":"https:\/\/www.meliconi.com\/wp-content\/uploads\/2023\/01\/806079_FACILE-TV.png","width":4236,"height":6000},{"@type":"BreadcrumbList","@id":"https:\/\/www.meliconi.com\/es\/producto\/gumbody-facile-tv\/#breadcrumb","itemListElement":[{"@type":"ListItem","position":1,"name":"Home","item":"https:\/\/www.meliconi.com\/es\/"},{"@type":"ListItem","position":2,"name":"Shop","item":"https:\/\/www.meliconi.com\/es\/shop-es\/"},{"@type":"ListItem","position":3,"name":"Gumbody Facile TV+"}]},{"@type":"WebSite","@id":"https:\/\/www.meliconi.com\/es\/#website","url":"https:\/\/www.meliconi.com\/es\/","name":"Meliconi","description":"El especialista en accesorios ","publisher":{"@id":"https:\/\/www.meliconi.com\/es\/#organization"},"potentialAction":[{"@type":"SearchAction","target":{"@type":"EntryPoint","urlTemplate":"https:\/\/www.meliconi.com\/es\/?s={search_term_string}"},"query-input":{"@type":"PropertyValueSpecification","valueRequired":true,"valueName":"search_term_string"}}],"inLanguage":"es"},{"@type":"Organization","@id":"https:\/\/www.meliconi.com\/es\/#organization","name":"Meliconi","url":"https:\/\/www.meliconi.com\/es\/","logo":{"@type":"ImageObject","inLanguage":"es","@id":"https:\/\/www.meliconi.com\/es\/#\/schema\/logo\/image\/","url":"https:\/\/www.meliconi.com\/wp-content\/uploads\/2021\/06\/logo-meliconi.png","contentUrl":"https:\/\/www.meliconi.com\/wp-content\/uploads\/2021\/06\/logo-meliconi.png","width":338,"height":102,"caption":"Meliconi"},"image":{"@id":"https:\/\/www.meliconi.com\/es\/#\/schema\/logo\/image\/"}}]}},"_links":{"self":[{"href":"https:\/\/www.meliconi.com\/es\/wp-json\/wp\/v2\/product\/18487","targetHints":{"allow":["GET"]}}],"collection":[{"href":"https:\/\/www.meliconi.com\/es\/wp-json\/wp\/v2\/product"}],"about":[{"href":"https:\/\/www.meliconi.com\/es\/wp-json\/wp\/v2\/types\/product"}],"wp:featuredmedia":[{"embeddable":true,"href":"https:\/\/www.meliconi.com\/es\/wp-json\/wp\/v2\/media\/18490"}],"wp:attachment":[{"href":"https:\/\/www.meliconi.com\/es\/wp-json\/wp\/v2\/media?parent=18487"}],"wp:term":[{"taxonomy":"product_cat","embeddable":true,"href":"https:\/\/www.meliconi.com\/es\/wp-json\/wp\/v2\/product_cat?post=18487"},{"taxonomy":"product_tag","embeddable":true,"href":"https:\/\/www.meliconi.com\/es\/wp-json\/wp\/v2\/product_tag?post=18487"}],"curies":[{"name":"wp","href":"https:\/\/api.w.org\/{rel}","templated":true}]}}