{"id":18074,"date":"2022-10-21T15:24:06","date_gmt":"2022-10-21T15:24:06","guid":{"rendered":"https:\/\/www.meliconi.com\/prodotto\/hp50-plus\/"},"modified":"2025-04-14T14:52:24","modified_gmt":"2025-04-14T12:52:24","slug":"hp50-plus","status":"publish","type":"product","link":"https:\/\/www.meliconi.com\/es\/producto\/hp50-plus\/","title":{"rendered":"HP50 plus"},"content":{"rendered":"<p>Auriculares con cable de audio de 5m (jack 3,5mm) ideales para TV<\/p>\n<p>Conexi\u00f3n r\u00e1pida a TV y otras fuentes de audio anal\u00f3gicas<\/p>\n<p>Ergon\u00f3micos y c\u00f3modos, los pabellones se adaptan a la forma de la oreja<\/p>\n<p>Cable de 5m con jack de 3,5mm, ideal para escuchar la TV desde el sof\u00e1 o en la cama<\/p>\n<p>Ajuste de volumen en el cable<\/p>\n<p>Muescas numeradas para un ajuste \u00f3ptimo de la extensi\u00f3n de la diadema<\/p>\n<p>Altavoz de audio de alta calidad<\/p>\n<p>Nuevo look completamente negro<\/p>\n<p>Adaptador de 6,3 mm M \/ 3,5 mm F incluido en el paquete<\/p>\n","protected":false},"excerpt":{"rendered":"<p>Auriculares con cable de audio de 5m (jack 3,5mm) ideales para TV Conexi\u00f3n r\u00e1pida a TV y otras fuentes de audio anal\u00f3gicas Ergon\u00f3micos y c\u00f3modos, los pabellones se adaptan a la forma de la oreja Cable de 5m con jack de 3,5mm, ideal para escuchar la TV desde el sof\u00e1 o en la cama Ajuste [&hellip;]<\/p>\n","protected":false},"featured_media":18069,"template":"","meta":{"_acf_changed":false},"product_cat":[265,331],"product_tag":[],"class_list":{"0":"post-18074","1":"product","2":"type-product","3":"status-publish","4":"has-post-thumbnail","6":"product_cat-cat-audio-es","7":"product_cat-con-cable-es","9":"first","10":"instock","11":"taxable","12":"shipping-taxable","13":"purchasable","14":"product-type-simple"},"acf":[],"yoast_head":"<!-- This site is optimized with the Yoast SEO plugin v26.1.1 - https:\/\/yoast.com\/wordpress\/plugins\/seo\/ -->\n<title>HP50 plus - Meliconi<\/title>\n<meta name=\"robots\" content=\"index, follow, max-snippet:-1, max-image-preview:large, max-video-preview:-1\" \/>\n<link rel=\"canonical\" href=\"https:\/\/www.meliconi.com\/es\/producto\/hp50-plus\/\" \/>\n<meta property=\"og:locale\" content=\"es_ES\" \/>\n<meta property=\"og:type\" content=\"article\" \/>\n<meta property=\"og:title\" content=\"HP50 plus - Meliconi\" \/>\n<meta property=\"og:description\" content=\"Auriculares con cable de audio de 5m (jack 3,5mm) ideales para TV Conexi\u00f3n r\u00e1pida a TV y otras fuentes de audio anal\u00f3gicas Ergon\u00f3micos y c\u00f3modos, los pabellones se adaptan a la forma de la oreja Cable de 5m con jack de 3,5mm, ideal para escuchar la TV desde el sof\u00e1 o en la cama Ajuste [&hellip;]\" \/>\n<meta property=\"og:url\" content=\"https:\/\/www.meliconi.com\/es\/producto\/hp50-plus\/\" \/>\n<meta property=\"og:site_name\" content=\"Meliconi\" \/>\n<meta property=\"article:modified_time\" content=\"2025-04-14T12:52:24+00:00\" \/>\n<meta property=\"og:image\" content=\"https:\/\/www.meliconi.com\/wp-content\/uploads\/2022\/10\/HP50_PLUS_New_CMYK-841x1024.png\" \/>\n\t<meta property=\"og:image:width\" content=\"841\" \/>\n\t<meta property=\"og:image:height\" content=\"1024\" \/>\n\t<meta property=\"og:image:type\" content=\"image\/png\" \/>\n<meta name=\"twitter:card\" content=\"summary_large_image\" \/>\n<meta name=\"twitter:label1\" content=\"Tiempo de lectura\" \/>\n\t<meta name=\"twitter:data1\" content=\"1 minuto\" \/>\n<script type=\"application\/ld+json\" class=\"yoast-schema-graph\">{\"@context\":\"https:\/\/schema.org\",\"@graph\":[{\"@type\":\"WebPage\",\"@id\":\"https:\/\/www.meliconi.com\/es\/producto\/hp50-plus\/\",\"url\":\"https:\/\/www.meliconi.com\/es\/producto\/hp50-plus\/\",\"name\":\"HP50 plus - Meliconi\",\"isPartOf\":{\"@id\":\"https:\/\/www.meliconi.com\/es\/#website\"},\"primaryImageOfPage\":{\"@id\":\"https:\/\/www.meliconi.com\/es\/producto\/hp50-plus\/#primaryimage\"},\"image\":{\"@id\":\"https:\/\/www.meliconi.com\/es\/producto\/hp50-plus\/#primaryimage\"},\"thumbnailUrl\":\"https:\/\/www.meliconi.com\/wp-content\/uploads\/2022\/10\/HP50_PLUS_New_CMYK.png\",\"datePublished\":\"2022-10-21T15:24:06+00:00\",\"dateModified\":\"2025-04-14T12:52:24+00:00\",\"breadcrumb\":{\"@id\":\"https:\/\/www.meliconi.com\/es\/producto\/hp50-plus\/#breadcrumb\"},\"inLanguage\":\"es\",\"potentialAction\":[{\"@type\":\"ReadAction\",\"target\":[\"https:\/\/www.meliconi.com\/es\/producto\/hp50-plus\/\"]}]},{\"@type\":\"ImageObject\",\"inLanguage\":\"es\",\"@id\":\"https:\/\/www.meliconi.com\/es\/producto\/hp50-plus\/#primaryimage\",\"url\":\"https:\/\/www.meliconi.com\/wp-content\/uploads\/2022\/10\/HP50_PLUS_New_CMYK.png\",\"contentUrl\":\"https:\/\/www.meliconi.com\/wp-content\/uploads\/2022\/10\/HP50_PLUS_New_CMYK.png\",\"width\":4055,\"height\":4938},{\"@type\":\"BreadcrumbList\",\"@id\":\"https:\/\/www.meliconi.com\/es\/producto\/hp50-plus\/#breadcrumb\",\"itemListElement\":[{\"@type\":\"ListItem\",\"position\":1,\"name\":\"Home\",\"item\":\"https:\/\/www.meliconi.com\/es\/\"},{\"@type\":\"ListItem\",\"position\":2,\"name\":\"Shop\",\"item\":\"https:\/\/www.meliconi.com\/es\/shop-es\/\"},{\"@type\":\"ListItem\",\"position\":3,\"name\":\"HP50 plus\"}]},{\"@type\":\"WebSite\",\"@id\":\"https:\/\/www.meliconi.com\/es\/#website\",\"url\":\"https:\/\/www.meliconi.com\/es\/\",\"name\":\"Meliconi\",\"description\":\"El especialista en accesorios \",\"publisher\":{\"@id\":\"https:\/\/www.meliconi.com\/es\/#organization\"},\"potentialAction\":[{\"@type\":\"SearchAction\",\"target\":{\"@type\":\"EntryPoint\",\"urlTemplate\":\"https:\/\/www.meliconi.com\/es\/?s={search_term_string}\"},\"query-input\":{\"@type\":\"PropertyValueSpecification\",\"valueRequired\":true,\"valueName\":\"search_term_string\"}}],\"inLanguage\":\"es\"},{\"@type\":\"Organization\",\"@id\":\"https:\/\/www.meliconi.com\/es\/#organization\",\"name\":\"Meliconi\",\"url\":\"https:\/\/www.meliconi.com\/es\/\",\"logo\":{\"@type\":\"ImageObject\",\"inLanguage\":\"es\",\"@id\":\"https:\/\/www.meliconi.com\/es\/#\/schema\/logo\/image\/\",\"url\":\"https:\/\/www.meliconi.com\/wp-content\/uploads\/2021\/06\/logo-meliconi.png\",\"contentUrl\":\"https:\/\/www.meliconi.com\/wp-content\/uploads\/2021\/06\/logo-meliconi.png\",\"width\":338,\"height\":102,\"caption\":\"Meliconi\"},\"image\":{\"@id\":\"https:\/\/www.meliconi.com\/es\/#\/schema\/logo\/image\/\"}}]}<\/script>\n<!-- \/ Yoast SEO plugin. -->","yoast_head_json":{"title":"HP50 plus - Meliconi","robots":{"index":"index","follow":"follow","max-snippet":"max-snippet:-1","max-image-preview":"max-image-preview:large","max-video-preview":"max-video-preview:-1"},"canonical":"https:\/\/www.meliconi.com\/es\/producto\/hp50-plus\/","og_locale":"es_ES","og_type":"article","og_title":"HP50 plus - Meliconi","og_description":"Auriculares con cable de audio de 5m (jack 3,5mm) ideales para TV Conexi\u00f3n r\u00e1pida a TV y otras fuentes de audio anal\u00f3gicas Ergon\u00f3micos y c\u00f3modos, los pabellones se adaptan a la forma de la oreja Cable de 5m con jack de 3,5mm, ideal para escuchar la TV desde el sof\u00e1 o en la cama Ajuste [&hellip;]","og_url":"https:\/\/www.meliconi.com\/es\/producto\/hp50-plus\/","og_site_name":"Meliconi","article_modified_time":"2025-04-14T12:52:24+00:00","og_image":[{"width":841,"height":1024,"url":"https:\/\/www.meliconi.com\/wp-content\/uploads\/2022\/10\/HP50_PLUS_New_CMYK-841x1024.png","type":"image\/png"}],"twitter_card":"summary_large_image","twitter_misc":{"Tiempo de lectura":"1 minuto"},"schema":{"@context":"https:\/\/schema.org","@graph":[{"@type":"WebPage","@id":"https:\/\/www.meliconi.com\/es\/producto\/hp50-plus\/","url":"https:\/\/www.meliconi.com\/es\/producto\/hp50-plus\/","name":"HP50 plus - Meliconi","isPartOf":{"@id":"https:\/\/www.meliconi.com\/es\/#website"},"primaryImageOfPage":{"@id":"https:\/\/www.meliconi.com\/es\/producto\/hp50-plus\/#primaryimage"},"image":{"@id":"https:\/\/www.meliconi.com\/es\/producto\/hp50-plus\/#primaryimage"},"thumbnailUrl":"https:\/\/www.meliconi.com\/wp-content\/uploads\/2022\/10\/HP50_PLUS_New_CMYK.png","datePublished":"2022-10-21T15:24:06+00:00","dateModified":"2025-04-14T12:52:24+00:00","breadcrumb":{"@id":"https:\/\/www.meliconi.com\/es\/producto\/hp50-plus\/#breadcrumb"},"inLanguage":"es","potentialAction":[{"@type":"ReadAction","target":["https:\/\/www.meliconi.com\/es\/producto\/hp50-plus\/"]}]},{"@type":"ImageObject","inLanguage":"es","@id":"https:\/\/www.meliconi.com\/es\/producto\/hp50-plus\/#primaryimage","url":"https:\/\/www.meliconi.com\/wp-content\/uploads\/2022\/10\/HP50_PLUS_New_CMYK.png","contentUrl":"https:\/\/www.meliconi.com\/wp-content\/uploads\/2022\/10\/HP50_PLUS_New_CMYK.png","width":4055,"height":4938},{"@type":"BreadcrumbList","@id":"https:\/\/www.meliconi.com\/es\/producto\/hp50-plus\/#breadcrumb","itemListElement":[{"@type":"ListItem","position":1,"name":"Home","item":"https:\/\/www.meliconi.com\/es\/"},{"@type":"ListItem","position":2,"name":"Shop","item":"https:\/\/www.meliconi.com\/es\/shop-es\/"},{"@type":"ListItem","position":3,"name":"HP50 plus"}]},{"@type":"WebSite","@id":"https:\/\/www.meliconi.com\/es\/#website","url":"https:\/\/www.meliconi.com\/es\/","name":"Meliconi","description":"El especialista en accesorios ","publisher":{"@id":"https:\/\/www.meliconi.com\/es\/#organization"},"potentialAction":[{"@type":"SearchAction","target":{"@type":"EntryPoint","urlTemplate":"https:\/\/www.meliconi.com\/es\/?s={search_term_string}"},"query-input":{"@type":"PropertyValueSpecification","valueRequired":true,"valueName":"search_term_string"}}],"inLanguage":"es"},{"@type":"Organization","@id":"https:\/\/www.meliconi.com\/es\/#organization","name":"Meliconi","url":"https:\/\/www.meliconi.com\/es\/","logo":{"@type":"ImageObject","inLanguage":"es","@id":"https:\/\/www.meliconi.com\/es\/#\/schema\/logo\/image\/","url":"https:\/\/www.meliconi.com\/wp-content\/uploads\/2021\/06\/logo-meliconi.png","contentUrl":"https:\/\/www.meliconi.com\/wp-content\/uploads\/2021\/06\/logo-meliconi.png","width":338,"height":102,"caption":"Meliconi"},"image":{"@id":"https:\/\/www.meliconi.com\/es\/#\/schema\/logo\/image\/"}}]}},"_links":{"self":[{"href":"https:\/\/www.meliconi.com\/es\/wp-json\/wp\/v2\/product\/18074","targetHints":{"allow":["GET"]}}],"collection":[{"href":"https:\/\/www.meliconi.com\/es\/wp-json\/wp\/v2\/product"}],"about":[{"href":"https:\/\/www.meliconi.com\/es\/wp-json\/wp\/v2\/types\/product"}],"wp:featuredmedia":[{"embeddable":true,"href":"https:\/\/www.meliconi.com\/es\/wp-json\/wp\/v2\/media\/18069"}],"wp:attachment":[{"href":"https:\/\/www.meliconi.com\/es\/wp-json\/wp\/v2\/media?parent=18074"}],"wp:term":[{"taxonomy":"product_cat","embeddable":true,"href":"https:\/\/www.meliconi.com\/es\/wp-json\/wp\/v2\/product_cat?post=18074"},{"taxonomy":"product_tag","embeddable":true,"href":"https:\/\/www.meliconi.com\/es\/wp-json\/wp\/v2\/product_tag?post=18074"}],"curies":[{"name":"wp","href":"https:\/\/api.w.org\/{rel}","templated":true}]}}