{"id":17508,"date":"2022-07-21T08:15:53","date_gmt":"2022-07-21T08:15:53","guid":{"rendered":"https:\/\/www.meliconi.com\/prodotto\/eco-spray-schermi\/"},"modified":"2022-07-21T14:47:42","modified_gmt":"2022-07-21T14:47:42","slug":"spray-ecologico-pantallas","status":"publish","type":"product","link":"https:\/\/www.meliconi.com\/es\/producto\/spray-ecologico-pantallas\/","title":{"rendered":"Spray Ecol\u00f3gico Pantallas"},"content":{"rendered":"<p>El spray de limpieza es apto para limpiar gafas y pantallas de PC, tabletas, e-books, tel\u00e9fonos, TV, pero tambi\u00e9n espejos y cristales. No deja halos y previene la acumulaci\u00f3n de polvo. No contienen fragancias. Contiene tensioactivos con aceite de palma certificados por RSPO. NO contiene f\u00f3sforo.<br \/>\nPa\u00f1o de microfibra incluido. Fabricado en Italia.<\/p>\n<p><strong>Caracter\u00edsticas Green:<\/strong><br \/>\n\u2022 F\u00f3rmula 100% natural;<br \/>\n\u2022 Sin olor, sin fragrancia a\u00f1adida;<br \/>\n\u2022 Toxicidad limitada para los organismos acu\u00e1ticos*;<br \/>\n\u2022 Botella de pl\u00e1stico reciclado al 50%.<\/p>\n<p><strong>Instrucciones de uso:<\/strong><br \/>\n\u2022 Pulverizar una peque\u00f1a cantidad de producto sobre la superficie deseada y limpiar con el pa\u00f1o de microfibra. Repetir la operaci\u00f3n si es necesario.<\/p>\n<p>*C\u00e1lculo realizado en base a la soluci\u00f3n detergente en t\u00e9rminos de CDVtox (litros) seg\u00fan la DECISI\u00d3N (UE) 2017\/1217 de la COMISI\u00d3N de 23 de junio de 2017<\/p>\n","protected":false},"excerpt":{"rendered":"<p>El spray de limpieza es apto para limpiar gafas y pantallas de PC, tabletas, e-books, tel\u00e9fonos, TV, pero tambi\u00e9n espejos y cristales. No deja halos y previene la acumulaci\u00f3n de polvo. No contienen fragancias. Contiene tensioactivos con aceite de palma certificados por RSPO. NO contiene f\u00f3sforo. Pa\u00f1o de microfibra incluido. Fabricado en Italia. Caracter\u00edsticas Green: [&hellip;]<\/p>\n","protected":false},"featured_media":17390,"template":"","meta":{"_acf_changed":false},"product_cat":[431],"product_tag":[],"class_list":{"0":"post-17508","1":"product","2":"type-product","3":"status-publish","4":"has-post-thumbnail","6":"product_cat-linea-green-es","8":"first","9":"outofstock","10":"taxable","11":"shipping-taxable","12":"purchasable","13":"product-type-simple"},"acf":[],"yoast_head":"<!-- This site is optimized with the Yoast SEO plugin v26.1.1 - https:\/\/yoast.com\/wordpress\/plugins\/seo\/ -->\n<title>Spray Ecol\u00f3gico Pantallas - Meliconi<\/title>\n<meta name=\"robots\" content=\"index, follow, max-snippet:-1, max-image-preview:large, max-video-preview:-1\" \/>\n<link rel=\"canonical\" href=\"https:\/\/www.meliconi.com\/es\/producto\/spray-ecologico-pantallas\/\" \/>\n<meta property=\"og:locale\" content=\"es_ES\" \/>\n<meta property=\"og:type\" content=\"article\" \/>\n<meta property=\"og:title\" content=\"Spray Ecol\u00f3gico Pantallas - Meliconi\" \/>\n<meta property=\"og:description\" content=\"El spray de limpieza es apto para limpiar gafas y pantallas de PC, tabletas, e-books, tel\u00e9fonos, TV, pero tambi\u00e9n espejos y cristales. No deja halos y previene la acumulaci\u00f3n de polvo. No contienen fragancias. Contiene tensioactivos con aceite de palma certificados por RSPO. NO contiene f\u00f3sforo. Pa\u00f1o de microfibra incluido. Fabricado en Italia. Caracter\u00edsticas Green: [&hellip;]\" \/>\n<meta property=\"og:url\" content=\"https:\/\/www.meliconi.com\/es\/producto\/spray-ecologico-pantallas\/\" \/>\n<meta property=\"og:site_name\" content=\"Meliconi\" \/>\n<meta property=\"article:modified_time\" content=\"2022-07-21T14:47:42+00:00\" \/>\n<meta property=\"og:image\" content=\"https:\/\/www.meliconi.com\/wp-content\/uploads\/2022\/06\/LINEA_GREEN_897x1234_897x1234_ECO_SPRAY.jpg\" \/>\n\t<meta property=\"og:image:width\" content=\"897\" \/>\n\t<meta property=\"og:image:height\" content=\"1234\" \/>\n\t<meta property=\"og:image:type\" content=\"image\/jpeg\" \/>\n<meta name=\"twitter:card\" content=\"summary_large_image\" \/>\n<meta name=\"twitter:label1\" content=\"Tiempo de lectura\" \/>\n\t<meta name=\"twitter:data1\" content=\"1 minuto\" \/>\n<script type=\"application\/ld+json\" class=\"yoast-schema-graph\">{\"@context\":\"https:\/\/schema.org\",\"@graph\":[{\"@type\":\"WebPage\",\"@id\":\"https:\/\/www.meliconi.com\/es\/producto\/spray-ecologico-pantallas\/\",\"url\":\"https:\/\/www.meliconi.com\/es\/producto\/spray-ecologico-pantallas\/\",\"name\":\"Spray Ecol\u00f3gico Pantallas - Meliconi\",\"isPartOf\":{\"@id\":\"https:\/\/www.meliconi.com\/es\/#website\"},\"primaryImageOfPage\":{\"@id\":\"https:\/\/www.meliconi.com\/es\/producto\/spray-ecologico-pantallas\/#primaryimage\"},\"image\":{\"@id\":\"https:\/\/www.meliconi.com\/es\/producto\/spray-ecologico-pantallas\/#primaryimage\"},\"thumbnailUrl\":\"https:\/\/www.meliconi.com\/wp-content\/uploads\/2022\/06\/LINEA_GREEN_897x1234_897x1234_ECO_SPRAY.jpg\",\"datePublished\":\"2022-07-21T08:15:53+00:00\",\"dateModified\":\"2022-07-21T14:47:42+00:00\",\"breadcrumb\":{\"@id\":\"https:\/\/www.meliconi.com\/es\/producto\/spray-ecologico-pantallas\/#breadcrumb\"},\"inLanguage\":\"es\",\"potentialAction\":[{\"@type\":\"ReadAction\",\"target\":[\"https:\/\/www.meliconi.com\/es\/producto\/spray-ecologico-pantallas\/\"]}]},{\"@type\":\"ImageObject\",\"inLanguage\":\"es\",\"@id\":\"https:\/\/www.meliconi.com\/es\/producto\/spray-ecologico-pantallas\/#primaryimage\",\"url\":\"https:\/\/www.meliconi.com\/wp-content\/uploads\/2022\/06\/LINEA_GREEN_897x1234_897x1234_ECO_SPRAY.jpg\",\"contentUrl\":\"https:\/\/www.meliconi.com\/wp-content\/uploads\/2022\/06\/LINEA_GREEN_897x1234_897x1234_ECO_SPRAY.jpg\",\"width\":897,\"height\":1234},{\"@type\":\"BreadcrumbList\",\"@id\":\"https:\/\/www.meliconi.com\/es\/producto\/spray-ecologico-pantallas\/#breadcrumb\",\"itemListElement\":[{\"@type\":\"ListItem\",\"position\":1,\"name\":\"Home\",\"item\":\"https:\/\/www.meliconi.com\/es\/\"},{\"@type\":\"ListItem\",\"position\":2,\"name\":\"Shop\",\"item\":\"https:\/\/www.meliconi.com\/es\/shop-es\/\"},{\"@type\":\"ListItem\",\"position\":3,\"name\":\"Spray Ecol\u00f3gico Pantallas\"}]},{\"@type\":\"WebSite\",\"@id\":\"https:\/\/www.meliconi.com\/es\/#website\",\"url\":\"https:\/\/www.meliconi.com\/es\/\",\"name\":\"Meliconi\",\"description\":\"El especialista en accesorios \",\"publisher\":{\"@id\":\"https:\/\/www.meliconi.com\/es\/#organization\"},\"potentialAction\":[{\"@type\":\"SearchAction\",\"target\":{\"@type\":\"EntryPoint\",\"urlTemplate\":\"https:\/\/www.meliconi.com\/es\/?s={search_term_string}\"},\"query-input\":{\"@type\":\"PropertyValueSpecification\",\"valueRequired\":true,\"valueName\":\"search_term_string\"}}],\"inLanguage\":\"es\"},{\"@type\":\"Organization\",\"@id\":\"https:\/\/www.meliconi.com\/es\/#organization\",\"name\":\"Meliconi\",\"url\":\"https:\/\/www.meliconi.com\/es\/\",\"logo\":{\"@type\":\"ImageObject\",\"inLanguage\":\"es\",\"@id\":\"https:\/\/www.meliconi.com\/es\/#\/schema\/logo\/image\/\",\"url\":\"https:\/\/www.meliconi.com\/wp-content\/uploads\/2021\/06\/logo-meliconi.png\",\"contentUrl\":\"https:\/\/www.meliconi.com\/wp-content\/uploads\/2021\/06\/logo-meliconi.png\",\"width\":338,\"height\":102,\"caption\":\"Meliconi\"},\"image\":{\"@id\":\"https:\/\/www.meliconi.com\/es\/#\/schema\/logo\/image\/\"}}]}<\/script>\n<!-- \/ Yoast SEO plugin. -->","yoast_head_json":{"title":"Spray Ecol\u00f3gico Pantallas - Meliconi","robots":{"index":"index","follow":"follow","max-snippet":"max-snippet:-1","max-image-preview":"max-image-preview:large","max-video-preview":"max-video-preview:-1"},"canonical":"https:\/\/www.meliconi.com\/es\/producto\/spray-ecologico-pantallas\/","og_locale":"es_ES","og_type":"article","og_title":"Spray Ecol\u00f3gico Pantallas - Meliconi","og_description":"El spray de limpieza es apto para limpiar gafas y pantallas de PC, tabletas, e-books, tel\u00e9fonos, TV, pero tambi\u00e9n espejos y cristales. No deja halos y previene la acumulaci\u00f3n de polvo. No contienen fragancias. Contiene tensioactivos con aceite de palma certificados por RSPO. NO contiene f\u00f3sforo. Pa\u00f1o de microfibra incluido. Fabricado en Italia. Caracter\u00edsticas Green: [&hellip;]","og_url":"https:\/\/www.meliconi.com\/es\/producto\/spray-ecologico-pantallas\/","og_site_name":"Meliconi","article_modified_time":"2022-07-21T14:47:42+00:00","og_image":[{"width":897,"height":1234,"url":"https:\/\/www.meliconi.com\/wp-content\/uploads\/2022\/06\/LINEA_GREEN_897x1234_897x1234_ECO_SPRAY.jpg","type":"image\/jpeg"}],"twitter_card":"summary_large_image","twitter_misc":{"Tiempo de lectura":"1 minuto"},"schema":{"@context":"https:\/\/schema.org","@graph":[{"@type":"WebPage","@id":"https:\/\/www.meliconi.com\/es\/producto\/spray-ecologico-pantallas\/","url":"https:\/\/www.meliconi.com\/es\/producto\/spray-ecologico-pantallas\/","name":"Spray Ecol\u00f3gico Pantallas - Meliconi","isPartOf":{"@id":"https:\/\/www.meliconi.com\/es\/#website"},"primaryImageOfPage":{"@id":"https:\/\/www.meliconi.com\/es\/producto\/spray-ecologico-pantallas\/#primaryimage"},"image":{"@id":"https:\/\/www.meliconi.com\/es\/producto\/spray-ecologico-pantallas\/#primaryimage"},"thumbnailUrl":"https:\/\/www.meliconi.com\/wp-content\/uploads\/2022\/06\/LINEA_GREEN_897x1234_897x1234_ECO_SPRAY.jpg","datePublished":"2022-07-21T08:15:53+00:00","dateModified":"2022-07-21T14:47:42+00:00","breadcrumb":{"@id":"https:\/\/www.meliconi.com\/es\/producto\/spray-ecologico-pantallas\/#breadcrumb"},"inLanguage":"es","potentialAction":[{"@type":"ReadAction","target":["https:\/\/www.meliconi.com\/es\/producto\/spray-ecologico-pantallas\/"]}]},{"@type":"ImageObject","inLanguage":"es","@id":"https:\/\/www.meliconi.com\/es\/producto\/spray-ecologico-pantallas\/#primaryimage","url":"https:\/\/www.meliconi.com\/wp-content\/uploads\/2022\/06\/LINEA_GREEN_897x1234_897x1234_ECO_SPRAY.jpg","contentUrl":"https:\/\/www.meliconi.com\/wp-content\/uploads\/2022\/06\/LINEA_GREEN_897x1234_897x1234_ECO_SPRAY.jpg","width":897,"height":1234},{"@type":"BreadcrumbList","@id":"https:\/\/www.meliconi.com\/es\/producto\/spray-ecologico-pantallas\/#breadcrumb","itemListElement":[{"@type":"ListItem","position":1,"name":"Home","item":"https:\/\/www.meliconi.com\/es\/"},{"@type":"ListItem","position":2,"name":"Shop","item":"https:\/\/www.meliconi.com\/es\/shop-es\/"},{"@type":"ListItem","position":3,"name":"Spray Ecol\u00f3gico Pantallas"}]},{"@type":"WebSite","@id":"https:\/\/www.meliconi.com\/es\/#website","url":"https:\/\/www.meliconi.com\/es\/","name":"Meliconi","description":"El especialista en accesorios ","publisher":{"@id":"https:\/\/www.meliconi.com\/es\/#organization"},"potentialAction":[{"@type":"SearchAction","target":{"@type":"EntryPoint","urlTemplate":"https:\/\/www.meliconi.com\/es\/?s={search_term_string}"},"query-input":{"@type":"PropertyValueSpecification","valueRequired":true,"valueName":"search_term_string"}}],"inLanguage":"es"},{"@type":"Organization","@id":"https:\/\/www.meliconi.com\/es\/#organization","name":"Meliconi","url":"https:\/\/www.meliconi.com\/es\/","logo":{"@type":"ImageObject","inLanguage":"es","@id":"https:\/\/www.meliconi.com\/es\/#\/schema\/logo\/image\/","url":"https:\/\/www.meliconi.com\/wp-content\/uploads\/2021\/06\/logo-meliconi.png","contentUrl":"https:\/\/www.meliconi.com\/wp-content\/uploads\/2021\/06\/logo-meliconi.png","width":338,"height":102,"caption":"Meliconi"},"image":{"@id":"https:\/\/www.meliconi.com\/es\/#\/schema\/logo\/image\/"}}]}},"_links":{"self":[{"href":"https:\/\/www.meliconi.com\/es\/wp-json\/wp\/v2\/product\/17508","targetHints":{"allow":["GET"]}}],"collection":[{"href":"https:\/\/www.meliconi.com\/es\/wp-json\/wp\/v2\/product"}],"about":[{"href":"https:\/\/www.meliconi.com\/es\/wp-json\/wp\/v2\/types\/product"}],"wp:featuredmedia":[{"embeddable":true,"href":"https:\/\/www.meliconi.com\/es\/wp-json\/wp\/v2\/media\/17390"}],"wp:attachment":[{"href":"https:\/\/www.meliconi.com\/es\/wp-json\/wp\/v2\/media?parent=17508"}],"wp:term":[{"taxonomy":"product_cat","embeddable":true,"href":"https:\/\/www.meliconi.com\/es\/wp-json\/wp\/v2\/product_cat?post=17508"},{"taxonomy":"product_tag","embeddable":true,"href":"https:\/\/www.meliconi.com\/es\/wp-json\/wp\/v2\/product_tag?post=17508"}],"curies":[{"name":"wp","href":"https:\/\/api.w.org\/{rel}","templated":true}]}}