{"id":17502,"date":"2022-07-21T08:15:54","date_gmt":"2022-07-21T08:15:54","guid":{"rendered":"https:\/\/www.meliconi.com\/prodotto\/soft-wool\/"},"modified":"2025-09-29T12:28:15","modified_gmt":"2025-09-29T10:28:15","slug":"lana-suave","status":"publish","type":"product","link":"https:\/\/www.meliconi.com\/es\/producto\/lana-suave\/","title":{"rendered":"Soft Wool"},"content":{"rendered":"<p>Ovillos de lana 100% de Nueva Zelanda y natural para secadora. Gracias a sus alto poder de absorci\u00f3n, secan m\u00e1s r\u00e1pidamente la ropa, eliminando la humedad en exceso, facilitando el planchado y dejando la ropa suave, todo reduciendo el consumo de energ\u00eda. Se pueden reutilizar por un n\u00famero ilimitado de ciclos. 3 ovillos de lana de Nueva Zelanda. \u00d8 ca 7 cm.<\/p>\n<p><strong>Caracter\u00edsticas Green:<\/strong><br \/>\n\u2022 100% lana natural de Nueva Zelanda;<br \/>\n\u2022 Sin olor \u2013 se pueden a\u00f1adir gotas de aceites esenciales de su elecci\u00f3n para perfumar la ropa;<br \/>\n\u2022 Embalaje de cart\u00f3n, sin pl\u00e1stico;<br \/>\n\u2022 Gracias a sus alto poder de absorci\u00f3n, secan m\u00e1s r\u00e1pidamente la ropa.<\/p>\n<p><strong>Instrucciones de uso:<\/strong><br \/>\n\u2022 Inserir los ovillos en la cesta de la secadora;<br \/>\n\u2022 Dejar que se sequen los ovillos por separado (se pueden dejar en la cesta con la puerta de la secadora abierta);<br \/>\n\u2022 Puede reutilizarse por un n\u00famero ilimitado de ciclos;<br \/>\n\u2022 Consejo: a\u00f1adir gotas de aceites esenciales de su elecci\u00f3n para perfumar la ropa;<br \/>\n\u2022 Atenci\u00f3n! Nunca inserir los ovillos en la lavadora.<\/p>\n","protected":false},"excerpt":{"rendered":"<p>Ovillos de lana 100% de Nueva Zelanda y natural para secadora. Gracias a sus alto poder de absorci\u00f3n, secan m\u00e1s r\u00e1pidamente la ropa, eliminando la humedad en exceso, facilitando el planchado y dejando la ropa suave, todo reduciendo el consumo de energ\u00eda. Se pueden reutilizar por un n\u00famero ilimitado de ciclos. 3 ovillos de lana [&hellip;]<\/p>\n","protected":false},"featured_media":17402,"template":"","meta":{"_acf_changed":false},"product_brand":[],"product_cat":[431],"product_tag":[],"class_list":{"0":"post-17502","1":"product","2":"type-product","3":"status-publish","4":"has-post-thumbnail","6":"product_cat-linea-green-es","8":"first","9":"instock","10":"taxable","11":"shipping-taxable","12":"purchasable","13":"product-type-simple"},"acf":[],"yoast_head":"<!-- This site is optimized with the Yoast SEO plugin v27.4 - https:\/\/yoast.com\/product\/yoast-seo-wordpress\/ -->\n<title>Soft Wool - Meliconi<\/title>\n<meta name=\"robots\" content=\"index, follow, max-snippet:-1, max-image-preview:large, max-video-preview:-1\" \/>\n<link rel=\"canonical\" href=\"https:\/\/www.meliconi.com\/es\/producto\/lana-suave\/\" \/>\n<meta property=\"og:locale\" content=\"es_ES\" \/>\n<meta property=\"og:type\" content=\"article\" \/>\n<meta property=\"og:title\" content=\"Soft Wool - Meliconi\" \/>\n<meta property=\"og:description\" content=\"Ovillos de lana 100% de Nueva Zelanda y natural para secadora. Gracias a sus alto poder de absorci\u00f3n, secan m\u00e1s r\u00e1pidamente la ropa, eliminando la humedad en exceso, facilitando el planchado y dejando la ropa suave, todo reduciendo el consumo de energ\u00eda. Se pueden reutilizar por un n\u00famero ilimitado de ciclos. 3 ovillos de lana [&hellip;]\" \/>\n<meta property=\"og:url\" content=\"https:\/\/www.meliconi.com\/es\/producto\/lana-suave\/\" \/>\n<meta property=\"og:site_name\" content=\"Meliconi\" \/>\n<meta property=\"article:modified_time\" content=\"2025-09-29T10:28:15+00:00\" \/>\n<meta property=\"og:image\" content=\"https:\/\/www.meliconi.com\/wp-content\/uploads\/2022\/06\/LINEA_GREEN_897x1234_897x1234_Soft_Wool.jpg\" \/>\n\t<meta property=\"og:image:width\" content=\"897\" \/>\n\t<meta property=\"og:image:height\" content=\"1234\" \/>\n\t<meta property=\"og:image:type\" content=\"image\/jpeg\" \/>\n<meta name=\"twitter:card\" content=\"summary_large_image\" \/>\n<meta name=\"twitter:label1\" content=\"Tiempo de lectura\" \/>\n\t<meta name=\"twitter:data1\" content=\"1 minuto\" \/>\n<script type=\"application\/ld+json\" class=\"yoast-schema-graph\">{\"@context\":\"https:\\\/\\\/schema.org\",\"@graph\":[{\"@type\":\"WebPage\",\"@id\":\"https:\\\/\\\/www.meliconi.com\\\/es\\\/producto\\\/lana-suave\\\/\",\"url\":\"https:\\\/\\\/www.meliconi.com\\\/es\\\/producto\\\/lana-suave\\\/\",\"name\":\"Soft Wool - Meliconi\",\"isPartOf\":{\"@id\":\"https:\\\/\\\/www.meliconi.com\\\/es\\\/#website\"},\"primaryImageOfPage\":{\"@id\":\"https:\\\/\\\/www.meliconi.com\\\/es\\\/producto\\\/lana-suave\\\/#primaryimage\"},\"image\":{\"@id\":\"https:\\\/\\\/www.meliconi.com\\\/es\\\/producto\\\/lana-suave\\\/#primaryimage\"},\"thumbnailUrl\":\"https:\\\/\\\/www.meliconi.com\\\/wp-content\\\/uploads\\\/2022\\\/06\\\/LINEA_GREEN_897x1234_897x1234_Soft_Wool.jpg\",\"datePublished\":\"2022-07-21T08:15:54+00:00\",\"dateModified\":\"2025-09-29T10:28:15+00:00\",\"breadcrumb\":{\"@id\":\"https:\\\/\\\/www.meliconi.com\\\/es\\\/producto\\\/lana-suave\\\/#breadcrumb\"},\"inLanguage\":\"es\",\"potentialAction\":[{\"@type\":\"ReadAction\",\"target\":[\"https:\\\/\\\/www.meliconi.com\\\/es\\\/producto\\\/lana-suave\\\/\"]}]},{\"@type\":\"ImageObject\",\"inLanguage\":\"es\",\"@id\":\"https:\\\/\\\/www.meliconi.com\\\/es\\\/producto\\\/lana-suave\\\/#primaryimage\",\"url\":\"https:\\\/\\\/www.meliconi.com\\\/wp-content\\\/uploads\\\/2022\\\/06\\\/LINEA_GREEN_897x1234_897x1234_Soft_Wool.jpg\",\"contentUrl\":\"https:\\\/\\\/www.meliconi.com\\\/wp-content\\\/uploads\\\/2022\\\/06\\\/LINEA_GREEN_897x1234_897x1234_Soft_Wool.jpg\",\"width\":897,\"height\":1234},{\"@type\":\"BreadcrumbList\",\"@id\":\"https:\\\/\\\/www.meliconi.com\\\/es\\\/producto\\\/lana-suave\\\/#breadcrumb\",\"itemListElement\":[{\"@type\":\"ListItem\",\"position\":1,\"name\":\"Home\",\"item\":\"https:\\\/\\\/www.meliconi.com\\\/es\\\/\"},{\"@type\":\"ListItem\",\"position\":2,\"name\":\"Shop\",\"item\":\"https:\\\/\\\/www.meliconi.com\\\/es\\\/shop-es\\\/\"},{\"@type\":\"ListItem\",\"position\":3,\"name\":\"Soft Wool\"}]},{\"@type\":\"WebSite\",\"@id\":\"https:\\\/\\\/www.meliconi.com\\\/es\\\/#website\",\"url\":\"https:\\\/\\\/www.meliconi.com\\\/es\\\/\",\"name\":\"Meliconi\",\"description\":\"El especialista en accesorios \",\"publisher\":{\"@id\":\"https:\\\/\\\/www.meliconi.com\\\/es\\\/#organization\"},\"potentialAction\":[{\"@type\":\"SearchAction\",\"target\":{\"@type\":\"EntryPoint\",\"urlTemplate\":\"https:\\\/\\\/www.meliconi.com\\\/es\\\/?s={search_term_string}\"},\"query-input\":{\"@type\":\"PropertyValueSpecification\",\"valueRequired\":true,\"valueName\":\"search_term_string\"}}],\"inLanguage\":\"es\"},{\"@type\":\"Organization\",\"@id\":\"https:\\\/\\\/www.meliconi.com\\\/es\\\/#organization\",\"name\":\"Meliconi\",\"url\":\"https:\\\/\\\/www.meliconi.com\\\/es\\\/\",\"logo\":{\"@type\":\"ImageObject\",\"inLanguage\":\"es\",\"@id\":\"https:\\\/\\\/www.meliconi.com\\\/es\\\/#\\\/schema\\\/logo\\\/image\\\/\",\"url\":\"https:\\\/\\\/www.meliconi.com\\\/wp-content\\\/uploads\\\/2021\\\/06\\\/logo-meliconi.png\",\"contentUrl\":\"https:\\\/\\\/www.meliconi.com\\\/wp-content\\\/uploads\\\/2021\\\/06\\\/logo-meliconi.png\",\"width\":338,\"height\":102,\"caption\":\"Meliconi\"},\"image\":{\"@id\":\"https:\\\/\\\/www.meliconi.com\\\/es\\\/#\\\/schema\\\/logo\\\/image\\\/\"}}]}<\/script>\n<!-- \/ Yoast SEO plugin. -->","yoast_head_json":{"title":"Soft Wool - Meliconi","robots":{"index":"index","follow":"follow","max-snippet":"max-snippet:-1","max-image-preview":"max-image-preview:large","max-video-preview":"max-video-preview:-1"},"canonical":"https:\/\/www.meliconi.com\/es\/producto\/lana-suave\/","og_locale":"es_ES","og_type":"article","og_title":"Soft Wool - Meliconi","og_description":"Ovillos de lana 100% de Nueva Zelanda y natural para secadora. Gracias a sus alto poder de absorci\u00f3n, secan m\u00e1s r\u00e1pidamente la ropa, eliminando la humedad en exceso, facilitando el planchado y dejando la ropa suave, todo reduciendo el consumo de energ\u00eda. Se pueden reutilizar por un n\u00famero ilimitado de ciclos. 3 ovillos de lana [&hellip;]","og_url":"https:\/\/www.meliconi.com\/es\/producto\/lana-suave\/","og_site_name":"Meliconi","article_modified_time":"2025-09-29T10:28:15+00:00","og_image":[{"width":897,"height":1234,"url":"https:\/\/www.meliconi.com\/wp-content\/uploads\/2022\/06\/LINEA_GREEN_897x1234_897x1234_Soft_Wool.jpg","type":"image\/jpeg"}],"twitter_card":"summary_large_image","twitter_misc":{"Tiempo de lectura":"1 minuto"},"schema":{"@context":"https:\/\/schema.org","@graph":[{"@type":"WebPage","@id":"https:\/\/www.meliconi.com\/es\/producto\/lana-suave\/","url":"https:\/\/www.meliconi.com\/es\/producto\/lana-suave\/","name":"Soft Wool - Meliconi","isPartOf":{"@id":"https:\/\/www.meliconi.com\/es\/#website"},"primaryImageOfPage":{"@id":"https:\/\/www.meliconi.com\/es\/producto\/lana-suave\/#primaryimage"},"image":{"@id":"https:\/\/www.meliconi.com\/es\/producto\/lana-suave\/#primaryimage"},"thumbnailUrl":"https:\/\/www.meliconi.com\/wp-content\/uploads\/2022\/06\/LINEA_GREEN_897x1234_897x1234_Soft_Wool.jpg","datePublished":"2022-07-21T08:15:54+00:00","dateModified":"2025-09-29T10:28:15+00:00","breadcrumb":{"@id":"https:\/\/www.meliconi.com\/es\/producto\/lana-suave\/#breadcrumb"},"inLanguage":"es","potentialAction":[{"@type":"ReadAction","target":["https:\/\/www.meliconi.com\/es\/producto\/lana-suave\/"]}]},{"@type":"ImageObject","inLanguage":"es","@id":"https:\/\/www.meliconi.com\/es\/producto\/lana-suave\/#primaryimage","url":"https:\/\/www.meliconi.com\/wp-content\/uploads\/2022\/06\/LINEA_GREEN_897x1234_897x1234_Soft_Wool.jpg","contentUrl":"https:\/\/www.meliconi.com\/wp-content\/uploads\/2022\/06\/LINEA_GREEN_897x1234_897x1234_Soft_Wool.jpg","width":897,"height":1234},{"@type":"BreadcrumbList","@id":"https:\/\/www.meliconi.com\/es\/producto\/lana-suave\/#breadcrumb","itemListElement":[{"@type":"ListItem","position":1,"name":"Home","item":"https:\/\/www.meliconi.com\/es\/"},{"@type":"ListItem","position":2,"name":"Shop","item":"https:\/\/www.meliconi.com\/es\/shop-es\/"},{"@type":"ListItem","position":3,"name":"Soft Wool"}]},{"@type":"WebSite","@id":"https:\/\/www.meliconi.com\/es\/#website","url":"https:\/\/www.meliconi.com\/es\/","name":"Meliconi","description":"El especialista en accesorios ","publisher":{"@id":"https:\/\/www.meliconi.com\/es\/#organization"},"potentialAction":[{"@type":"SearchAction","target":{"@type":"EntryPoint","urlTemplate":"https:\/\/www.meliconi.com\/es\/?s={search_term_string}"},"query-input":{"@type":"PropertyValueSpecification","valueRequired":true,"valueName":"search_term_string"}}],"inLanguage":"es"},{"@type":"Organization","@id":"https:\/\/www.meliconi.com\/es\/#organization","name":"Meliconi","url":"https:\/\/www.meliconi.com\/es\/","logo":{"@type":"ImageObject","inLanguage":"es","@id":"https:\/\/www.meliconi.com\/es\/#\/schema\/logo\/image\/","url":"https:\/\/www.meliconi.com\/wp-content\/uploads\/2021\/06\/logo-meliconi.png","contentUrl":"https:\/\/www.meliconi.com\/wp-content\/uploads\/2021\/06\/logo-meliconi.png","width":338,"height":102,"caption":"Meliconi"},"image":{"@id":"https:\/\/www.meliconi.com\/es\/#\/schema\/logo\/image\/"}}]}},"_links":{"self":[{"href":"https:\/\/www.meliconi.com\/es\/wp-json\/wp\/v2\/product\/17502","targetHints":{"allow":["GET"]}}],"collection":[{"href":"https:\/\/www.meliconi.com\/es\/wp-json\/wp\/v2\/product"}],"about":[{"href":"https:\/\/www.meliconi.com\/es\/wp-json\/wp\/v2\/types\/product"}],"wp:featuredmedia":[{"embeddable":true,"href":"https:\/\/www.meliconi.com\/es\/wp-json\/wp\/v2\/media\/17402"}],"wp:attachment":[{"href":"https:\/\/www.meliconi.com\/es\/wp-json\/wp\/v2\/media?parent=17502"}],"wp:term":[{"taxonomy":"product_brand","embeddable":true,"href":"https:\/\/www.meliconi.com\/es\/wp-json\/wp\/v2\/product_brand?post=17502"},{"taxonomy":"product_cat","embeddable":true,"href":"https:\/\/www.meliconi.com\/es\/wp-json\/wp\/v2\/product_cat?post=17502"},{"taxonomy":"product_tag","embeddable":true,"href":"https:\/\/www.meliconi.com\/es\/wp-json\/wp\/v2\/product_tag?post=17502"}],"curies":[{"name":"wp","href":"https:\/\/api.w.org\/{rel}","templated":true}]}}