{"id":17026,"date":"2022-04-05T09:48:59","date_gmt":"2022-04-05T09:48:59","guid":{"rendered":"https:\/\/www.meliconi.com\/prodotto\/at-380-usb\/"},"modified":"2025-04-15T15:12:51","modified_gmt":"2025-04-15T13:12:51","slug":"at-380-usb","status":"publish","type":"product","link":"https:\/\/www.meliconi.com\/es\/producto\/at-380-usb\/","title":{"rendered":"AT 380 USB"},"content":{"rendered":"<p>&#8211; ANTENA TV AMPLIFICADA PARA INTERIORES<br \/>\n\u2022 Lista para el futuro: la antena, compatible con las se\u00f1ales digitales terrestres DVBT, est\u00e1 equipada con filtros contra interferencias 4G y 5G, y ya est\u00e1 preparada para recibir se\u00f1ales DVBT2 HEVC.<br \/>\n\u2022 Alcance de la antena: ideal para recibir se\u00f1ales de repetidores situados hasta a 20 km de distancia.<br \/>\n\u2022 Orientable: elemento de captura orientable horizontalmente a 340\u00b0 y verticalmente a 180\u00b0 para una recepci\u00f3n ideal de se\u00f1al.<br \/>\n\u2022 Alimentaci\u00f3n: 5V mediante cable USB incluido (se debe conectar a la entrada USB del televisor o del decodificador).<br \/>\n\u2022 Compatibilidad: se\u00f1ales DVB-T, DVB-T HD, DVB-T2 HEVC, Radio DAB+. Rango de recepci\u00f3n VHF + UHF (174~230 MHz 470~694 MHz).<\/p>\n","protected":false},"excerpt":{"rendered":"<p>&#8211; ANTENA TV AMPLIFICADA PARA INTERIORES \u2022 Lista para el futuro: la antena, compatible con las se\u00f1ales digitales terrestres DVBT, est\u00e1 equipada con filtros contra interferencias 4G y 5G, y ya est\u00e1 preparada para recibir se\u00f1ales DVBT2 HEVC. \u2022 Alcance de la antena: ideal para recibir se\u00f1ales de repetidores situados hasta a 20 km de [&hellip;]<\/p>\n","protected":false},"featured_media":17015,"template":"","meta":{"_acf_changed":false},"product_cat":[347],"product_tag":[],"class_list":{"0":"post-17026","1":"product","2":"type-product","3":"status-publish","4":"has-post-thumbnail","6":"product_cat-antenas-tv-y-amplificadores-es","8":"first","9":"instock","10":"taxable","11":"shipping-taxable","12":"purchasable","13":"product-type-simple"},"acf":[],"yoast_head":"<!-- This site is optimized with the Yoast SEO plugin v26.1.1 - https:\/\/yoast.com\/wordpress\/plugins\/seo\/ -->\n<title>AT 380 USB - Meliconi<\/title>\n<meta name=\"robots\" content=\"index, follow, max-snippet:-1, max-image-preview:large, max-video-preview:-1\" \/>\n<link rel=\"canonical\" href=\"https:\/\/www.meliconi.com\/es\/producto\/at-380-usb\/\" \/>\n<meta property=\"og:locale\" content=\"es_ES\" \/>\n<meta property=\"og:type\" content=\"article\" \/>\n<meta property=\"og:title\" content=\"AT 380 USB - Meliconi\" \/>\n<meta property=\"og:description\" content=\"&#8211; ANTENA TV AMPLIFICADA PARA INTERIORES \u2022 Lista para el futuro: la antena, compatible con las se\u00f1ales digitales terrestres DVBT, est\u00e1 equipada con filtros contra interferencias 4G y 5G, y ya est\u00e1 preparada para recibir se\u00f1ales DVBT2 HEVC. \u2022 Alcance de la antena: ideal para recibir se\u00f1ales de repetidores situados hasta a 20 km de [&hellip;]\" \/>\n<meta property=\"og:url\" content=\"https:\/\/www.meliconi.com\/es\/producto\/at-380-usb\/\" \/>\n<meta property=\"og:site_name\" content=\"Meliconi\" \/>\n<meta property=\"article:modified_time\" content=\"2025-04-15T13:12:51+00:00\" \/>\n<meta property=\"og:image\" content=\"https:\/\/www.meliconi.com\/wp-content\/uploads\/2022\/04\/881001_AT380-USB-scaled.jpg\" \/>\n\t<meta property=\"og:image:width\" content=\"1896\" \/>\n\t<meta property=\"og:image:height\" content=\"2560\" \/>\n\t<meta property=\"og:image:type\" content=\"image\/jpeg\" \/>\n<meta name=\"twitter:card\" content=\"summary_large_image\" \/>\n<meta name=\"twitter:label1\" content=\"Tiempo de lectura\" \/>\n\t<meta name=\"twitter:data1\" content=\"1 minuto\" \/>\n<script type=\"application\/ld+json\" class=\"yoast-schema-graph\">{\"@context\":\"https:\/\/schema.org\",\"@graph\":[{\"@type\":\"WebPage\",\"@id\":\"https:\/\/www.meliconi.com\/es\/producto\/at-380-usb\/\",\"url\":\"https:\/\/www.meliconi.com\/es\/producto\/at-380-usb\/\",\"name\":\"AT 380 USB - Meliconi\",\"isPartOf\":{\"@id\":\"https:\/\/www.meliconi.com\/es\/#website\"},\"primaryImageOfPage\":{\"@id\":\"https:\/\/www.meliconi.com\/es\/producto\/at-380-usb\/#primaryimage\"},\"image\":{\"@id\":\"https:\/\/www.meliconi.com\/es\/producto\/at-380-usb\/#primaryimage\"},\"thumbnailUrl\":\"https:\/\/www.meliconi.com\/wp-content\/uploads\/2022\/04\/881001_AT380-USB-scaled.jpg\",\"datePublished\":\"2022-04-05T09:48:59+00:00\",\"dateModified\":\"2025-04-15T13:12:51+00:00\",\"breadcrumb\":{\"@id\":\"https:\/\/www.meliconi.com\/es\/producto\/at-380-usb\/#breadcrumb\"},\"inLanguage\":\"es\",\"potentialAction\":[{\"@type\":\"ReadAction\",\"target\":[\"https:\/\/www.meliconi.com\/es\/producto\/at-380-usb\/\"]}]},{\"@type\":\"ImageObject\",\"inLanguage\":\"es\",\"@id\":\"https:\/\/www.meliconi.com\/es\/producto\/at-380-usb\/#primaryimage\",\"url\":\"https:\/\/www.meliconi.com\/wp-content\/uploads\/2022\/04\/881001_AT380-USB-scaled.jpg\",\"contentUrl\":\"https:\/\/www.meliconi.com\/wp-content\/uploads\/2022\/04\/881001_AT380-USB-scaled.jpg\",\"width\":1896,\"height\":2560},{\"@type\":\"BreadcrumbList\",\"@id\":\"https:\/\/www.meliconi.com\/es\/producto\/at-380-usb\/#breadcrumb\",\"itemListElement\":[{\"@type\":\"ListItem\",\"position\":1,\"name\":\"Home\",\"item\":\"https:\/\/www.meliconi.com\/es\/\"},{\"@type\":\"ListItem\",\"position\":2,\"name\":\"Shop\",\"item\":\"https:\/\/www.meliconi.com\/es\/shop-es\/\"},{\"@type\":\"ListItem\",\"position\":3,\"name\":\"AT 380 USB\"}]},{\"@type\":\"WebSite\",\"@id\":\"https:\/\/www.meliconi.com\/es\/#website\",\"url\":\"https:\/\/www.meliconi.com\/es\/\",\"name\":\"Meliconi\",\"description\":\"El especialista en accesorios \",\"publisher\":{\"@id\":\"https:\/\/www.meliconi.com\/es\/#organization\"},\"potentialAction\":[{\"@type\":\"SearchAction\",\"target\":{\"@type\":\"EntryPoint\",\"urlTemplate\":\"https:\/\/www.meliconi.com\/es\/?s={search_term_string}\"},\"query-input\":{\"@type\":\"PropertyValueSpecification\",\"valueRequired\":true,\"valueName\":\"search_term_string\"}}],\"inLanguage\":\"es\"},{\"@type\":\"Organization\",\"@id\":\"https:\/\/www.meliconi.com\/es\/#organization\",\"name\":\"Meliconi\",\"url\":\"https:\/\/www.meliconi.com\/es\/\",\"logo\":{\"@type\":\"ImageObject\",\"inLanguage\":\"es\",\"@id\":\"https:\/\/www.meliconi.com\/es\/#\/schema\/logo\/image\/\",\"url\":\"https:\/\/www.meliconi.com\/wp-content\/uploads\/2021\/06\/logo-meliconi.png\",\"contentUrl\":\"https:\/\/www.meliconi.com\/wp-content\/uploads\/2021\/06\/logo-meliconi.png\",\"width\":338,\"height\":102,\"caption\":\"Meliconi\"},\"image\":{\"@id\":\"https:\/\/www.meliconi.com\/es\/#\/schema\/logo\/image\/\"}}]}<\/script>\n<!-- \/ Yoast SEO plugin. -->","yoast_head_json":{"title":"AT 380 USB - Meliconi","robots":{"index":"index","follow":"follow","max-snippet":"max-snippet:-1","max-image-preview":"max-image-preview:large","max-video-preview":"max-video-preview:-1"},"canonical":"https:\/\/www.meliconi.com\/es\/producto\/at-380-usb\/","og_locale":"es_ES","og_type":"article","og_title":"AT 380 USB - Meliconi","og_description":"&#8211; ANTENA TV AMPLIFICADA PARA INTERIORES \u2022 Lista para el futuro: la antena, compatible con las se\u00f1ales digitales terrestres DVBT, est\u00e1 equipada con filtros contra interferencias 4G y 5G, y ya est\u00e1 preparada para recibir se\u00f1ales DVBT2 HEVC. \u2022 Alcance de la antena: ideal para recibir se\u00f1ales de repetidores situados hasta a 20 km de [&hellip;]","og_url":"https:\/\/www.meliconi.com\/es\/producto\/at-380-usb\/","og_site_name":"Meliconi","article_modified_time":"2025-04-15T13:12:51+00:00","og_image":[{"width":1896,"height":2560,"url":"https:\/\/www.meliconi.com\/wp-content\/uploads\/2022\/04\/881001_AT380-USB-scaled.jpg","type":"image\/jpeg"}],"twitter_card":"summary_large_image","twitter_misc":{"Tiempo de lectura":"1 minuto"},"schema":{"@context":"https:\/\/schema.org","@graph":[{"@type":"WebPage","@id":"https:\/\/www.meliconi.com\/es\/producto\/at-380-usb\/","url":"https:\/\/www.meliconi.com\/es\/producto\/at-380-usb\/","name":"AT 380 USB - Meliconi","isPartOf":{"@id":"https:\/\/www.meliconi.com\/es\/#website"},"primaryImageOfPage":{"@id":"https:\/\/www.meliconi.com\/es\/producto\/at-380-usb\/#primaryimage"},"image":{"@id":"https:\/\/www.meliconi.com\/es\/producto\/at-380-usb\/#primaryimage"},"thumbnailUrl":"https:\/\/www.meliconi.com\/wp-content\/uploads\/2022\/04\/881001_AT380-USB-scaled.jpg","datePublished":"2022-04-05T09:48:59+00:00","dateModified":"2025-04-15T13:12:51+00:00","breadcrumb":{"@id":"https:\/\/www.meliconi.com\/es\/producto\/at-380-usb\/#breadcrumb"},"inLanguage":"es","potentialAction":[{"@type":"ReadAction","target":["https:\/\/www.meliconi.com\/es\/producto\/at-380-usb\/"]}]},{"@type":"ImageObject","inLanguage":"es","@id":"https:\/\/www.meliconi.com\/es\/producto\/at-380-usb\/#primaryimage","url":"https:\/\/www.meliconi.com\/wp-content\/uploads\/2022\/04\/881001_AT380-USB-scaled.jpg","contentUrl":"https:\/\/www.meliconi.com\/wp-content\/uploads\/2022\/04\/881001_AT380-USB-scaled.jpg","width":1896,"height":2560},{"@type":"BreadcrumbList","@id":"https:\/\/www.meliconi.com\/es\/producto\/at-380-usb\/#breadcrumb","itemListElement":[{"@type":"ListItem","position":1,"name":"Home","item":"https:\/\/www.meliconi.com\/es\/"},{"@type":"ListItem","position":2,"name":"Shop","item":"https:\/\/www.meliconi.com\/es\/shop-es\/"},{"@type":"ListItem","position":3,"name":"AT 380 USB"}]},{"@type":"WebSite","@id":"https:\/\/www.meliconi.com\/es\/#website","url":"https:\/\/www.meliconi.com\/es\/","name":"Meliconi","description":"El especialista en accesorios ","publisher":{"@id":"https:\/\/www.meliconi.com\/es\/#organization"},"potentialAction":[{"@type":"SearchAction","target":{"@type":"EntryPoint","urlTemplate":"https:\/\/www.meliconi.com\/es\/?s={search_term_string}"},"query-input":{"@type":"PropertyValueSpecification","valueRequired":true,"valueName":"search_term_string"}}],"inLanguage":"es"},{"@type":"Organization","@id":"https:\/\/www.meliconi.com\/es\/#organization","name":"Meliconi","url":"https:\/\/www.meliconi.com\/es\/","logo":{"@type":"ImageObject","inLanguage":"es","@id":"https:\/\/www.meliconi.com\/es\/#\/schema\/logo\/image\/","url":"https:\/\/www.meliconi.com\/wp-content\/uploads\/2021\/06\/logo-meliconi.png","contentUrl":"https:\/\/www.meliconi.com\/wp-content\/uploads\/2021\/06\/logo-meliconi.png","width":338,"height":102,"caption":"Meliconi"},"image":{"@id":"https:\/\/www.meliconi.com\/es\/#\/schema\/logo\/image\/"}}]}},"_links":{"self":[{"href":"https:\/\/www.meliconi.com\/es\/wp-json\/wp\/v2\/product\/17026","targetHints":{"allow":["GET"]}}],"collection":[{"href":"https:\/\/www.meliconi.com\/es\/wp-json\/wp\/v2\/product"}],"about":[{"href":"https:\/\/www.meliconi.com\/es\/wp-json\/wp\/v2\/types\/product"}],"wp:featuredmedia":[{"embeddable":true,"href":"https:\/\/www.meliconi.com\/es\/wp-json\/wp\/v2\/media\/17015"}],"wp:attachment":[{"href":"https:\/\/www.meliconi.com\/es\/wp-json\/wp\/v2\/media?parent=17026"}],"wp:term":[{"taxonomy":"product_cat","embeddable":true,"href":"https:\/\/www.meliconi.com\/es\/wp-json\/wp\/v2\/product_cat?post=17026"},{"taxonomy":"product_tag","embeddable":true,"href":"https:\/\/www.meliconi.com\/es\/wp-json\/wp\/v2\/product_tag?post=17026"}],"curies":[{"name":"wp","href":"https:\/\/api.w.org\/{rel}","templated":true}]}}