{"id":13872,"date":"2021-06-25T15:57:12","date_gmt":"2021-06-25T15:57:12","guid":{"rendered":"https:\/\/www.meliconi.com\/prodotto\/ac-100\/"},"modified":"2021-09-08T15:25:33","modified_gmt":"2021-09-08T15:25:33","slug":"ac-100","status":"publish","type":"product","link":"https:\/\/www.meliconi.com\/es\/producto\/ac-100\/","title":{"rendered":"AC 100 plus"},"content":{"rendered":"<p>\u2022 Funciona con el 99% de las marcas comercializadas.<br \/>\n\u2022 Incluye todas las funciones principales.<br \/>\n\u2022 \u00c9cran de grandes dimensions r\u00e9tro-\u00e9clair\u00e9 \/ visible aussi dans l\u2019obscurit\u00e9.<br \/>\n\u2022 Fonction LED torche.<br \/>\n\u2022 Reloj y timer interno encendido \/ apagado.<br \/>\n\u2022 Ajustes r\u00e1pidos refrigeraci\u00f3n \/ calefacci\u00f3n.<\/p>\n","protected":false},"excerpt":{"rendered":"<p>Mando a distancia universal para acondicionadores de aire dom\u00e9sticos. Pantalla retroiluminada. Todas las funciones principales est\u00e1n cubiertas.<\/p>\n","protected":false},"featured_media":12718,"template":"","meta":{"_acf_changed":false},"product_brand":[],"product_cat":[346],"product_tag":[],"class_list":{"0":"post-13872","1":"product","2":"type-product","3":"status-publish","4":"has-post-thumbnail","6":"product_cat-mandos-a-distancia-es","7":"pa_tipo-telecomando-para-acondicionadores","9":"first","10":"outofstock","11":"taxable","12":"shipping-taxable","13":"purchasable","14":"product-type-simple"},"acf":[],"yoast_head":"<!-- This site is optimized with the Yoast SEO plugin v27.4 - https:\/\/yoast.com\/product\/yoast-seo-wordpress\/ -->\n<title>AC 100 plus - Meliconi<\/title>\n<meta name=\"robots\" content=\"index, follow, max-snippet:-1, max-image-preview:large, max-video-preview:-1\" \/>\n<link rel=\"canonical\" href=\"https:\/\/www.meliconi.com\/es\/producto\/ac-100\/\" \/>\n<meta property=\"og:locale\" content=\"es_ES\" \/>\n<meta property=\"og:type\" content=\"article\" \/>\n<meta property=\"og:title\" content=\"AC 100 plus - Meliconi\" \/>\n<meta property=\"og:description\" content=\"Mando a distancia universal para acondicionadores de aire dom\u00e9sticos. Pantalla retroiluminada. Todas las funciones principales est\u00e1n cubiertas.\" \/>\n<meta property=\"og:url\" content=\"https:\/\/www.meliconi.com\/es\/producto\/ac-100\/\" \/>\n<meta property=\"og:site_name\" content=\"Meliconi\" \/>\n<meta property=\"article:modified_time\" content=\"2021-09-08T15:25:33+00:00\" \/>\n<meta property=\"og:image\" content=\"https:\/\/www.meliconi.com\/wp-content\/uploads\/2021\/06\/802101_AC100_plus-scaled.jpg\" \/>\n\t<meta property=\"og:image:width\" content=\"1363\" \/>\n\t<meta property=\"og:image:height\" content=\"2560\" \/>\n\t<meta property=\"og:image:type\" content=\"image\/jpeg\" \/>\n<meta name=\"twitter:card\" content=\"summary_large_image\" \/>\n<meta name=\"twitter:label1\" content=\"Tiempo de lectura\" \/>\n\t<meta name=\"twitter:data1\" content=\"1 minuto\" \/>\n<script type=\"application\/ld+json\" class=\"yoast-schema-graph\">{\"@context\":\"https:\\\/\\\/schema.org\",\"@graph\":[{\"@type\":\"WebPage\",\"@id\":\"https:\\\/\\\/www.meliconi.com\\\/es\\\/producto\\\/ac-100\\\/\",\"url\":\"https:\\\/\\\/www.meliconi.com\\\/es\\\/producto\\\/ac-100\\\/\",\"name\":\"AC 100 plus - Meliconi\",\"isPartOf\":{\"@id\":\"https:\\\/\\\/www.meliconi.com\\\/es\\\/#website\"},\"primaryImageOfPage\":{\"@id\":\"https:\\\/\\\/www.meliconi.com\\\/es\\\/producto\\\/ac-100\\\/#primaryimage\"},\"image\":{\"@id\":\"https:\\\/\\\/www.meliconi.com\\\/es\\\/producto\\\/ac-100\\\/#primaryimage\"},\"thumbnailUrl\":\"https:\\\/\\\/www.meliconi.com\\\/wp-content\\\/uploads\\\/2021\\\/06\\\/802101_AC100_plus-scaled.jpg\",\"datePublished\":\"2021-06-25T15:57:12+00:00\",\"dateModified\":\"2021-09-08T15:25:33+00:00\",\"breadcrumb\":{\"@id\":\"https:\\\/\\\/www.meliconi.com\\\/es\\\/producto\\\/ac-100\\\/#breadcrumb\"},\"inLanguage\":\"es\",\"potentialAction\":[{\"@type\":\"ReadAction\",\"target\":[\"https:\\\/\\\/www.meliconi.com\\\/es\\\/producto\\\/ac-100\\\/\"]}]},{\"@type\":\"ImageObject\",\"inLanguage\":\"es\",\"@id\":\"https:\\\/\\\/www.meliconi.com\\\/es\\\/producto\\\/ac-100\\\/#primaryimage\",\"url\":\"https:\\\/\\\/www.meliconi.com\\\/wp-content\\\/uploads\\\/2021\\\/06\\\/802101_AC100_plus-scaled.jpg\",\"contentUrl\":\"https:\\\/\\\/www.meliconi.com\\\/wp-content\\\/uploads\\\/2021\\\/06\\\/802101_AC100_plus-scaled.jpg\",\"width\":1363,\"height\":2560},{\"@type\":\"BreadcrumbList\",\"@id\":\"https:\\\/\\\/www.meliconi.com\\\/es\\\/producto\\\/ac-100\\\/#breadcrumb\",\"itemListElement\":[{\"@type\":\"ListItem\",\"position\":1,\"name\":\"Home\",\"item\":\"https:\\\/\\\/www.meliconi.com\\\/es\\\/\"},{\"@type\":\"ListItem\",\"position\":2,\"name\":\"Shop\",\"item\":\"https:\\\/\\\/www.meliconi.com\\\/es\\\/shop-es\\\/\"},{\"@type\":\"ListItem\",\"position\":3,\"name\":\"AC 100 plus\"}]},{\"@type\":\"WebSite\",\"@id\":\"https:\\\/\\\/www.meliconi.com\\\/es\\\/#website\",\"url\":\"https:\\\/\\\/www.meliconi.com\\\/es\\\/\",\"name\":\"Meliconi\",\"description\":\"El especialista en accesorios \",\"publisher\":{\"@id\":\"https:\\\/\\\/www.meliconi.com\\\/es\\\/#organization\"},\"potentialAction\":[{\"@type\":\"SearchAction\",\"target\":{\"@type\":\"EntryPoint\",\"urlTemplate\":\"https:\\\/\\\/www.meliconi.com\\\/es\\\/?s={search_term_string}\"},\"query-input\":{\"@type\":\"PropertyValueSpecification\",\"valueRequired\":true,\"valueName\":\"search_term_string\"}}],\"inLanguage\":\"es\"},{\"@type\":\"Organization\",\"@id\":\"https:\\\/\\\/www.meliconi.com\\\/es\\\/#organization\",\"name\":\"Meliconi\",\"url\":\"https:\\\/\\\/www.meliconi.com\\\/es\\\/\",\"logo\":{\"@type\":\"ImageObject\",\"inLanguage\":\"es\",\"@id\":\"https:\\\/\\\/www.meliconi.com\\\/es\\\/#\\\/schema\\\/logo\\\/image\\\/\",\"url\":\"https:\\\/\\\/www.meliconi.com\\\/wp-content\\\/uploads\\\/2021\\\/06\\\/logo-meliconi.png\",\"contentUrl\":\"https:\\\/\\\/www.meliconi.com\\\/wp-content\\\/uploads\\\/2021\\\/06\\\/logo-meliconi.png\",\"width\":338,\"height\":102,\"caption\":\"Meliconi\"},\"image\":{\"@id\":\"https:\\\/\\\/www.meliconi.com\\\/es\\\/#\\\/schema\\\/logo\\\/image\\\/\"}}]}<\/script>\n<!-- \/ Yoast SEO plugin. -->","yoast_head_json":{"title":"AC 100 plus - Meliconi","robots":{"index":"index","follow":"follow","max-snippet":"max-snippet:-1","max-image-preview":"max-image-preview:large","max-video-preview":"max-video-preview:-1"},"canonical":"https:\/\/www.meliconi.com\/es\/producto\/ac-100\/","og_locale":"es_ES","og_type":"article","og_title":"AC 100 plus - Meliconi","og_description":"Mando a distancia universal para acondicionadores de aire dom\u00e9sticos. Pantalla retroiluminada. Todas las funciones principales est\u00e1n cubiertas.","og_url":"https:\/\/www.meliconi.com\/es\/producto\/ac-100\/","og_site_name":"Meliconi","article_modified_time":"2021-09-08T15:25:33+00:00","og_image":[{"width":1363,"height":2560,"url":"https:\/\/www.meliconi.com\/wp-content\/uploads\/2021\/06\/802101_AC100_plus-scaled.jpg","type":"image\/jpeg"}],"twitter_card":"summary_large_image","twitter_misc":{"Tiempo de lectura":"1 minuto"},"schema":{"@context":"https:\/\/schema.org","@graph":[{"@type":"WebPage","@id":"https:\/\/www.meliconi.com\/es\/producto\/ac-100\/","url":"https:\/\/www.meliconi.com\/es\/producto\/ac-100\/","name":"AC 100 plus - Meliconi","isPartOf":{"@id":"https:\/\/www.meliconi.com\/es\/#website"},"primaryImageOfPage":{"@id":"https:\/\/www.meliconi.com\/es\/producto\/ac-100\/#primaryimage"},"image":{"@id":"https:\/\/www.meliconi.com\/es\/producto\/ac-100\/#primaryimage"},"thumbnailUrl":"https:\/\/www.meliconi.com\/wp-content\/uploads\/2021\/06\/802101_AC100_plus-scaled.jpg","datePublished":"2021-06-25T15:57:12+00:00","dateModified":"2021-09-08T15:25:33+00:00","breadcrumb":{"@id":"https:\/\/www.meliconi.com\/es\/producto\/ac-100\/#breadcrumb"},"inLanguage":"es","potentialAction":[{"@type":"ReadAction","target":["https:\/\/www.meliconi.com\/es\/producto\/ac-100\/"]}]},{"@type":"ImageObject","inLanguage":"es","@id":"https:\/\/www.meliconi.com\/es\/producto\/ac-100\/#primaryimage","url":"https:\/\/www.meliconi.com\/wp-content\/uploads\/2021\/06\/802101_AC100_plus-scaled.jpg","contentUrl":"https:\/\/www.meliconi.com\/wp-content\/uploads\/2021\/06\/802101_AC100_plus-scaled.jpg","width":1363,"height":2560},{"@type":"BreadcrumbList","@id":"https:\/\/www.meliconi.com\/es\/producto\/ac-100\/#breadcrumb","itemListElement":[{"@type":"ListItem","position":1,"name":"Home","item":"https:\/\/www.meliconi.com\/es\/"},{"@type":"ListItem","position":2,"name":"Shop","item":"https:\/\/www.meliconi.com\/es\/shop-es\/"},{"@type":"ListItem","position":3,"name":"AC 100 plus"}]},{"@type":"WebSite","@id":"https:\/\/www.meliconi.com\/es\/#website","url":"https:\/\/www.meliconi.com\/es\/","name":"Meliconi","description":"El especialista en accesorios ","publisher":{"@id":"https:\/\/www.meliconi.com\/es\/#organization"},"potentialAction":[{"@type":"SearchAction","target":{"@type":"EntryPoint","urlTemplate":"https:\/\/www.meliconi.com\/es\/?s={search_term_string}"},"query-input":{"@type":"PropertyValueSpecification","valueRequired":true,"valueName":"search_term_string"}}],"inLanguage":"es"},{"@type":"Organization","@id":"https:\/\/www.meliconi.com\/es\/#organization","name":"Meliconi","url":"https:\/\/www.meliconi.com\/es\/","logo":{"@type":"ImageObject","inLanguage":"es","@id":"https:\/\/www.meliconi.com\/es\/#\/schema\/logo\/image\/","url":"https:\/\/www.meliconi.com\/wp-content\/uploads\/2021\/06\/logo-meliconi.png","contentUrl":"https:\/\/www.meliconi.com\/wp-content\/uploads\/2021\/06\/logo-meliconi.png","width":338,"height":102,"caption":"Meliconi"},"image":{"@id":"https:\/\/www.meliconi.com\/es\/#\/schema\/logo\/image\/"}}]}},"_links":{"self":[{"href":"https:\/\/www.meliconi.com\/es\/wp-json\/wp\/v2\/product\/13872","targetHints":{"allow":["GET"]}}],"collection":[{"href":"https:\/\/www.meliconi.com\/es\/wp-json\/wp\/v2\/product"}],"about":[{"href":"https:\/\/www.meliconi.com\/es\/wp-json\/wp\/v2\/types\/product"}],"wp:featuredmedia":[{"embeddable":true,"href":"https:\/\/www.meliconi.com\/es\/wp-json\/wp\/v2\/media\/12718"}],"wp:attachment":[{"href":"https:\/\/www.meliconi.com\/es\/wp-json\/wp\/v2\/media?parent=13872"}],"wp:term":[{"taxonomy":"product_brand","embeddable":true,"href":"https:\/\/www.meliconi.com\/es\/wp-json\/wp\/v2\/product_brand?post=13872"},{"taxonomy":"product_cat","embeddable":true,"href":"https:\/\/www.meliconi.com\/es\/wp-json\/wp\/v2\/product_cat?post=13872"},{"taxonomy":"product_tag","embeddable":true,"href":"https:\/\/www.meliconi.com\/es\/wp-json\/wp\/v2\/product_tag?post=13872"}],"curies":[{"name":"wp","href":"https:\/\/api.w.org\/{rel}","templated":true}]}}