{"id":13766,"date":"2021-09-01T10:53:57","date_gmt":"2021-09-01T10:53:57","guid":{"rendered":"https:\/\/www.meliconi.com\/prodotto\/easy-4-1\/"},"modified":"2025-03-14T11:44:12","modified_gmt":"2025-03-14T10:44:12","slug":"easy-4-1","status":"publish","type":"product","link":"https:\/\/www.meliconi.com\/es\/producto\/easy-4-1\/","title":{"rendered":"Easy 4.1"},"content":{"rendered":"<p>MANDO A DISTANCIA UNIVERSAL 4 EN 1<br \/>\n\u2022 Mando a distancia universal ideal para sustituir y agrupar hasta 4 mandos a distancia para TV, TV smart, descodificadores digitales terrestres y satelitales, DVD y Blu Ray, Media Center, TV box y mucho mas.<br \/>\n\u2022 Funciona con casi todas las marcas y modelos.<br \/>\n\u2022 Todas las funciones infrarrojas originales disponibles.<br \/>\n\u2022 Teclado completo (43 teclas + tecla M).<br \/>\n\u2022 Funciones memo y aprendizaje.<br \/>\n\u2022 El modo seguridad (bloqueo de teclas no esenciales) puede activarse seg\u00fan se desee.<br \/>\n\u2022 Soporte web completo en espa\u00f1ol en www.cme.it (software de b\u00fasqueda de c\u00f3digo, tablas de correspondencia de teclas \/ funciones, b\u00fasqueda de im\u00e1genes, manual de instrucciones, videogu\u00eda y m\u00e1s).<\/p>\n","protected":false},"excerpt":{"rendered":"<p>MANDO A DISTANCIA UNIVERSAL 4 EN 1 \u2022 Mando a distancia universal ideal para sustituir y agrupar hasta 4 mandos a distancia para TV, TV smart, descodificadores digitales terrestres y satelitales, DVD y Blu Ray, Media Center, TV box y mucho mas. \u2022 Funciona con casi todas las marcas y modelos. \u2022 Todas las funciones [&hellip;]<\/p>\n","protected":false},"featured_media":13762,"template":"","meta":{"_acf_changed":false},"product_brand":[],"product_cat":[346],"product_tag":[],"class_list":{"0":"post-13766","1":"product","2":"type-product","3":"status-publish","4":"has-post-thumbnail","6":"product_cat-mandos-a-distancia-es","8":"first","9":"outofstock","10":"taxable","11":"shipping-taxable","12":"product-type-simple"},"acf":[],"yoast_head":"<!-- This site is optimized with the Yoast SEO plugin v27.4 - https:\/\/yoast.com\/product\/yoast-seo-wordpress\/ -->\n<title>Easy 4.1 - Meliconi<\/title>\n<meta name=\"robots\" content=\"index, follow, max-snippet:-1, max-image-preview:large, max-video-preview:-1\" \/>\n<link rel=\"canonical\" href=\"https:\/\/www.meliconi.com\/es\/producto\/easy-4-1\/\" \/>\n<meta property=\"og:locale\" content=\"es_ES\" \/>\n<meta property=\"og:type\" content=\"article\" \/>\n<meta property=\"og:title\" content=\"Easy 4.1 - Meliconi\" \/>\n<meta property=\"og:description\" content=\"MANDO A DISTANCIA UNIVERSAL 4 EN 1 \u2022 Mando a distancia universal ideal para sustituir y agrupar hasta 4 mandos a distancia para TV, TV smart, descodificadores digitales terrestres y satelitales, DVD y Blu Ray, Media Center, TV box y mucho mas. \u2022 Funciona con casi todas las marcas y modelos. \u2022 Todas las funciones [&hellip;]\" \/>\n<meta property=\"og:url\" content=\"https:\/\/www.meliconi.com\/es\/producto\/easy-4-1\/\" \/>\n<meta property=\"og:site_name\" content=\"Meliconi\" \/>\n<meta property=\"article:modified_time\" content=\"2025-03-14T10:44:12+00:00\" \/>\n<meta property=\"og:image\" content=\"https:\/\/www.meliconi.com\/wp-content\/uploads\/2021\/09\/easy_41-403x1024.png\" \/>\n\t<meta property=\"og:image:width\" content=\"403\" \/>\n\t<meta property=\"og:image:height\" content=\"1024\" \/>\n\t<meta property=\"og:image:type\" content=\"image\/png\" \/>\n<meta name=\"twitter:card\" content=\"summary_large_image\" \/>\n<meta name=\"twitter:label1\" content=\"Tiempo de lectura\" \/>\n\t<meta name=\"twitter:data1\" content=\"1 minuto\" \/>\n<script type=\"application\/ld+json\" class=\"yoast-schema-graph\">{\"@context\":\"https:\\\/\\\/schema.org\",\"@graph\":[{\"@type\":\"WebPage\",\"@id\":\"https:\\\/\\\/www.meliconi.com\\\/es\\\/producto\\\/easy-4-1\\\/\",\"url\":\"https:\\\/\\\/www.meliconi.com\\\/es\\\/producto\\\/easy-4-1\\\/\",\"name\":\"Easy 4.1 - Meliconi\",\"isPartOf\":{\"@id\":\"https:\\\/\\\/www.meliconi.com\\\/es\\\/#website\"},\"primaryImageOfPage\":{\"@id\":\"https:\\\/\\\/www.meliconi.com\\\/es\\\/producto\\\/easy-4-1\\\/#primaryimage\"},\"image\":{\"@id\":\"https:\\\/\\\/www.meliconi.com\\\/es\\\/producto\\\/easy-4-1\\\/#primaryimage\"},\"thumbnailUrl\":\"https:\\\/\\\/www.meliconi.com\\\/wp-content\\\/uploads\\\/2021\\\/09\\\/easy_41.png\",\"datePublished\":\"2021-09-01T10:53:57+00:00\",\"dateModified\":\"2025-03-14T10:44:12+00:00\",\"breadcrumb\":{\"@id\":\"https:\\\/\\\/www.meliconi.com\\\/es\\\/producto\\\/easy-4-1\\\/#breadcrumb\"},\"inLanguage\":\"es\",\"potentialAction\":[{\"@type\":\"ReadAction\",\"target\":[\"https:\\\/\\\/www.meliconi.com\\\/es\\\/producto\\\/easy-4-1\\\/\"]}]},{\"@type\":\"ImageObject\",\"inLanguage\":\"es\",\"@id\":\"https:\\\/\\\/www.meliconi.com\\\/es\\\/producto\\\/easy-4-1\\\/#primaryimage\",\"url\":\"https:\\\/\\\/www.meliconi.com\\\/wp-content\\\/uploads\\\/2021\\\/09\\\/easy_41.png\",\"contentUrl\":\"https:\\\/\\\/www.meliconi.com\\\/wp-content\\\/uploads\\\/2021\\\/09\\\/easy_41.png\",\"width\":1576,\"height\":4000},{\"@type\":\"BreadcrumbList\",\"@id\":\"https:\\\/\\\/www.meliconi.com\\\/es\\\/producto\\\/easy-4-1\\\/#breadcrumb\",\"itemListElement\":[{\"@type\":\"ListItem\",\"position\":1,\"name\":\"Home\",\"item\":\"https:\\\/\\\/www.meliconi.com\\\/es\\\/\"},{\"@type\":\"ListItem\",\"position\":2,\"name\":\"Shop\",\"item\":\"https:\\\/\\\/www.meliconi.com\\\/es\\\/shop-es\\\/\"},{\"@type\":\"ListItem\",\"position\":3,\"name\":\"Easy 4.1\"}]},{\"@type\":\"WebSite\",\"@id\":\"https:\\\/\\\/www.meliconi.com\\\/es\\\/#website\",\"url\":\"https:\\\/\\\/www.meliconi.com\\\/es\\\/\",\"name\":\"Meliconi\",\"description\":\"El especialista en accesorios \",\"publisher\":{\"@id\":\"https:\\\/\\\/www.meliconi.com\\\/es\\\/#organization\"},\"potentialAction\":[{\"@type\":\"SearchAction\",\"target\":{\"@type\":\"EntryPoint\",\"urlTemplate\":\"https:\\\/\\\/www.meliconi.com\\\/es\\\/?s={search_term_string}\"},\"query-input\":{\"@type\":\"PropertyValueSpecification\",\"valueRequired\":true,\"valueName\":\"search_term_string\"}}],\"inLanguage\":\"es\"},{\"@type\":\"Organization\",\"@id\":\"https:\\\/\\\/www.meliconi.com\\\/es\\\/#organization\",\"name\":\"Meliconi\",\"url\":\"https:\\\/\\\/www.meliconi.com\\\/es\\\/\",\"logo\":{\"@type\":\"ImageObject\",\"inLanguage\":\"es\",\"@id\":\"https:\\\/\\\/www.meliconi.com\\\/es\\\/#\\\/schema\\\/logo\\\/image\\\/\",\"url\":\"https:\\\/\\\/www.meliconi.com\\\/wp-content\\\/uploads\\\/2021\\\/06\\\/logo-meliconi.png\",\"contentUrl\":\"https:\\\/\\\/www.meliconi.com\\\/wp-content\\\/uploads\\\/2021\\\/06\\\/logo-meliconi.png\",\"width\":338,\"height\":102,\"caption\":\"Meliconi\"},\"image\":{\"@id\":\"https:\\\/\\\/www.meliconi.com\\\/es\\\/#\\\/schema\\\/logo\\\/image\\\/\"}}]}<\/script>\n<!-- \/ Yoast SEO plugin. -->","yoast_head_json":{"title":"Easy 4.1 - Meliconi","robots":{"index":"index","follow":"follow","max-snippet":"max-snippet:-1","max-image-preview":"max-image-preview:large","max-video-preview":"max-video-preview:-1"},"canonical":"https:\/\/www.meliconi.com\/es\/producto\/easy-4-1\/","og_locale":"es_ES","og_type":"article","og_title":"Easy 4.1 - Meliconi","og_description":"MANDO A DISTANCIA UNIVERSAL 4 EN 1 \u2022 Mando a distancia universal ideal para sustituir y agrupar hasta 4 mandos a distancia para TV, TV smart, descodificadores digitales terrestres y satelitales, DVD y Blu Ray, Media Center, TV box y mucho mas. \u2022 Funciona con casi todas las marcas y modelos. \u2022 Todas las funciones [&hellip;]","og_url":"https:\/\/www.meliconi.com\/es\/producto\/easy-4-1\/","og_site_name":"Meliconi","article_modified_time":"2025-03-14T10:44:12+00:00","og_image":[{"width":403,"height":1024,"url":"https:\/\/www.meliconi.com\/wp-content\/uploads\/2021\/09\/easy_41-403x1024.png","type":"image\/png"}],"twitter_card":"summary_large_image","twitter_misc":{"Tiempo de lectura":"1 minuto"},"schema":{"@context":"https:\/\/schema.org","@graph":[{"@type":"WebPage","@id":"https:\/\/www.meliconi.com\/es\/producto\/easy-4-1\/","url":"https:\/\/www.meliconi.com\/es\/producto\/easy-4-1\/","name":"Easy 4.1 - Meliconi","isPartOf":{"@id":"https:\/\/www.meliconi.com\/es\/#website"},"primaryImageOfPage":{"@id":"https:\/\/www.meliconi.com\/es\/producto\/easy-4-1\/#primaryimage"},"image":{"@id":"https:\/\/www.meliconi.com\/es\/producto\/easy-4-1\/#primaryimage"},"thumbnailUrl":"https:\/\/www.meliconi.com\/wp-content\/uploads\/2021\/09\/easy_41.png","datePublished":"2021-09-01T10:53:57+00:00","dateModified":"2025-03-14T10:44:12+00:00","breadcrumb":{"@id":"https:\/\/www.meliconi.com\/es\/producto\/easy-4-1\/#breadcrumb"},"inLanguage":"es","potentialAction":[{"@type":"ReadAction","target":["https:\/\/www.meliconi.com\/es\/producto\/easy-4-1\/"]}]},{"@type":"ImageObject","inLanguage":"es","@id":"https:\/\/www.meliconi.com\/es\/producto\/easy-4-1\/#primaryimage","url":"https:\/\/www.meliconi.com\/wp-content\/uploads\/2021\/09\/easy_41.png","contentUrl":"https:\/\/www.meliconi.com\/wp-content\/uploads\/2021\/09\/easy_41.png","width":1576,"height":4000},{"@type":"BreadcrumbList","@id":"https:\/\/www.meliconi.com\/es\/producto\/easy-4-1\/#breadcrumb","itemListElement":[{"@type":"ListItem","position":1,"name":"Home","item":"https:\/\/www.meliconi.com\/es\/"},{"@type":"ListItem","position":2,"name":"Shop","item":"https:\/\/www.meliconi.com\/es\/shop-es\/"},{"@type":"ListItem","position":3,"name":"Easy 4.1"}]},{"@type":"WebSite","@id":"https:\/\/www.meliconi.com\/es\/#website","url":"https:\/\/www.meliconi.com\/es\/","name":"Meliconi","description":"El especialista en accesorios ","publisher":{"@id":"https:\/\/www.meliconi.com\/es\/#organization"},"potentialAction":[{"@type":"SearchAction","target":{"@type":"EntryPoint","urlTemplate":"https:\/\/www.meliconi.com\/es\/?s={search_term_string}"},"query-input":{"@type":"PropertyValueSpecification","valueRequired":true,"valueName":"search_term_string"}}],"inLanguage":"es"},{"@type":"Organization","@id":"https:\/\/www.meliconi.com\/es\/#organization","name":"Meliconi","url":"https:\/\/www.meliconi.com\/es\/","logo":{"@type":"ImageObject","inLanguage":"es","@id":"https:\/\/www.meliconi.com\/es\/#\/schema\/logo\/image\/","url":"https:\/\/www.meliconi.com\/wp-content\/uploads\/2021\/06\/logo-meliconi.png","contentUrl":"https:\/\/www.meliconi.com\/wp-content\/uploads\/2021\/06\/logo-meliconi.png","width":338,"height":102,"caption":"Meliconi"},"image":{"@id":"https:\/\/www.meliconi.com\/es\/#\/schema\/logo\/image\/"}}]}},"_links":{"self":[{"href":"https:\/\/www.meliconi.com\/es\/wp-json\/wp\/v2\/product\/13766","targetHints":{"allow":["GET"]}}],"collection":[{"href":"https:\/\/www.meliconi.com\/es\/wp-json\/wp\/v2\/product"}],"about":[{"href":"https:\/\/www.meliconi.com\/es\/wp-json\/wp\/v2\/types\/product"}],"wp:featuredmedia":[{"embeddable":true,"href":"https:\/\/www.meliconi.com\/es\/wp-json\/wp\/v2\/media\/13762"}],"wp:attachment":[{"href":"https:\/\/www.meliconi.com\/es\/wp-json\/wp\/v2\/media?parent=13766"}],"wp:term":[{"taxonomy":"product_brand","embeddable":true,"href":"https:\/\/www.meliconi.com\/es\/wp-json\/wp\/v2\/product_brand?post=13766"},{"taxonomy":"product_cat","embeddable":true,"href":"https:\/\/www.meliconi.com\/es\/wp-json\/wp\/v2\/product_cat?post=13766"},{"taxonomy":"product_tag","embeddable":true,"href":"https:\/\/www.meliconi.com\/es\/wp-json\/wp\/v2\/product_tag?post=13766"}],"curies":[{"name":"wp","href":"https:\/\/api.w.org\/{rel}","templated":true}]}}