{"id":13179,"date":"2021-08-04T08:50:33","date_gmt":"2021-08-04T08:50:33","guid":{"rendered":"https:\/\/www.meliconi.com\/prodotto\/base-space-extra\/"},"modified":"2025-04-04T16:18:59","modified_gmt":"2025-04-04T14:18:59","slug":"base-space-extra","status":"publish","type":"product","link":"https:\/\/www.meliconi.com\/es\/producto\/base-space-extra\/","title":{"rendered":"BASE SPACE EXTRA"},"content":{"rendered":"<p>El electrodom\u00e9stico se coloca a 31 cm del suelo. Hace que sea m\u00e1s c\u00f3modo usar el electrodom\u00e9stico, facilita la limpieza del suelo.<\/p>\n<p>Adecuado para lavadoras\/secadoras u otroselectrodom\u00e9sticos con un tama\u00f1o m\u00e1ximo de 60&#215;60 cm (en profundidad, distancia m\u00e1xima de 55 cm entre los pies del aparato).<\/p>\n<p>Estructura de tecnopol\u00edmero. No se oxida.<\/p>\n<p>Peso m\u00e1ximo admitido: 250 kg.<\/p>\n<p>Cesta de alambre extra\u00edble con capacidad de hasta 28 litros.<\/p>\n<p>4 pies ajustables en altura permiten nivelar el producto y, por tanto el aparato.<\/p>\n<p>Los pies de goma permiten la m\u00e1xima adherencia al suelo.<\/p>\n<p>Incluye correa de seguridad de 6 metros con hebilla met\u00e1lica.<\/p>\n<p>Montaje r\u00e1pido y sencillo.<\/p>\n","protected":false},"excerpt":{"rendered":"<p>30 cm de altura para lavadoras o secadoras con caj\u00f3n extra\u00edble.<br \/>\nIncluyendo el cintur\u00f3n de seguridad y 4 pies ajustables.<\/p>\n","protected":false},"featured_media":13169,"template":"","meta":{"_acf_changed":false},"product_cat":[421,349,269,264],"product_tag":[],"class_list":{"0":"post-13179","1":"product","2":"type-product","3":"status-publish","4":"has-post-thumbnail","6":"product_cat-promozioni-es","7":"product_cat-accesorios-para-electrodomesticos-es","8":"product_cat-pedestal-es","9":"product_cat-bases-para-electrodomesticos","11":"first","12":"instock","13":"sale","14":"taxable","15":"shipping-taxable","16":"purchasable","17":"product-type-simple"},"acf":[],"yoast_head":"<!-- This site is optimized with the Yoast SEO plugin v26.1.1 - https:\/\/yoast.com\/wordpress\/plugins\/seo\/ -->\n<title>BASE SPACE EXTRA - Meliconi<\/title>\n<meta name=\"robots\" content=\"index, follow, max-snippet:-1, max-image-preview:large, max-video-preview:-1\" \/>\n<link rel=\"canonical\" href=\"https:\/\/www.meliconi.com\/es\/producto\/base-space-extra\/\" \/>\n<meta property=\"og:locale\" content=\"es_ES\" \/>\n<meta property=\"og:type\" content=\"article\" \/>\n<meta property=\"og:title\" content=\"BASE SPACE EXTRA - Meliconi\" \/>\n<meta property=\"og:description\" content=\"30 cm de altura para lavadoras o secadoras con caj\u00f3n extra\u00edble. Incluyendo el cintur\u00f3n de seguridad y 4 pies ajustables.\" \/>\n<meta property=\"og:url\" content=\"https:\/\/www.meliconi.com\/es\/producto\/base-space-extra\/\" \/>\n<meta property=\"og:site_name\" content=\"Meliconi\" \/>\n<meta property=\"article:modified_time\" content=\"2025-04-04T14:18:59+00:00\" \/>\n<meta property=\"og:image\" content=\"https:\/\/www.meliconi.com\/wp-content\/uploads\/2021\/08\/base-space-plus-5_grigio-1024x885.png\" \/>\n\t<meta property=\"og:image:width\" content=\"1024\" \/>\n\t<meta property=\"og:image:height\" content=\"885\" \/>\n\t<meta property=\"og:image:type\" content=\"image\/png\" \/>\n<meta name=\"twitter:card\" content=\"summary_large_image\" \/>\n<meta name=\"twitter:label1\" content=\"Tiempo de lectura\" \/>\n\t<meta name=\"twitter:data1\" content=\"1 minuto\" \/>\n<script type=\"application\/ld+json\" class=\"yoast-schema-graph\">{\"@context\":\"https:\/\/schema.org\",\"@graph\":[{\"@type\":\"WebPage\",\"@id\":\"https:\/\/www.meliconi.com\/es\/producto\/base-space-extra\/\",\"url\":\"https:\/\/www.meliconi.com\/es\/producto\/base-space-extra\/\",\"name\":\"BASE SPACE EXTRA - Meliconi\",\"isPartOf\":{\"@id\":\"https:\/\/www.meliconi.com\/es\/#website\"},\"primaryImageOfPage\":{\"@id\":\"https:\/\/www.meliconi.com\/es\/producto\/base-space-extra\/#primaryimage\"},\"image\":{\"@id\":\"https:\/\/www.meliconi.com\/es\/producto\/base-space-extra\/#primaryimage\"},\"thumbnailUrl\":\"https:\/\/www.meliconi.com\/wp-content\/uploads\/2021\/08\/base-space-plus-5_grigio.png\",\"datePublished\":\"2021-08-04T08:50:33+00:00\",\"dateModified\":\"2025-04-04T14:18:59+00:00\",\"breadcrumb\":{\"@id\":\"https:\/\/www.meliconi.com\/es\/producto\/base-space-extra\/#breadcrumb\"},\"inLanguage\":\"es\",\"potentialAction\":[{\"@type\":\"ReadAction\",\"target\":[\"https:\/\/www.meliconi.com\/es\/producto\/base-space-extra\/\"]}]},{\"@type\":\"ImageObject\",\"inLanguage\":\"es\",\"@id\":\"https:\/\/www.meliconi.com\/es\/producto\/base-space-extra\/#primaryimage\",\"url\":\"https:\/\/www.meliconi.com\/wp-content\/uploads\/2021\/08\/base-space-plus-5_grigio.png\",\"contentUrl\":\"https:\/\/www.meliconi.com\/wp-content\/uploads\/2021\/08\/base-space-plus-5_grigio.png\",\"width\":7680,\"height\":6637},{\"@type\":\"BreadcrumbList\",\"@id\":\"https:\/\/www.meliconi.com\/es\/producto\/base-space-extra\/#breadcrumb\",\"itemListElement\":[{\"@type\":\"ListItem\",\"position\":1,\"name\":\"Home\",\"item\":\"https:\/\/www.meliconi.com\/es\/\"},{\"@type\":\"ListItem\",\"position\":2,\"name\":\"Shop\",\"item\":\"https:\/\/www.meliconi.com\/es\/shop-es\/\"},{\"@type\":\"ListItem\",\"position\":3,\"name\":\"BASE SPACE EXTRA\"}]},{\"@type\":\"WebSite\",\"@id\":\"https:\/\/www.meliconi.com\/es\/#website\",\"url\":\"https:\/\/www.meliconi.com\/es\/\",\"name\":\"Meliconi\",\"description\":\"El especialista en accesorios \",\"publisher\":{\"@id\":\"https:\/\/www.meliconi.com\/es\/#organization\"},\"potentialAction\":[{\"@type\":\"SearchAction\",\"target\":{\"@type\":\"EntryPoint\",\"urlTemplate\":\"https:\/\/www.meliconi.com\/es\/?s={search_term_string}\"},\"query-input\":{\"@type\":\"PropertyValueSpecification\",\"valueRequired\":true,\"valueName\":\"search_term_string\"}}],\"inLanguage\":\"es\"},{\"@type\":\"Organization\",\"@id\":\"https:\/\/www.meliconi.com\/es\/#organization\",\"name\":\"Meliconi\",\"url\":\"https:\/\/www.meliconi.com\/es\/\",\"logo\":{\"@type\":\"ImageObject\",\"inLanguage\":\"es\",\"@id\":\"https:\/\/www.meliconi.com\/es\/#\/schema\/logo\/image\/\",\"url\":\"https:\/\/www.meliconi.com\/wp-content\/uploads\/2021\/06\/logo-meliconi.png\",\"contentUrl\":\"https:\/\/www.meliconi.com\/wp-content\/uploads\/2021\/06\/logo-meliconi.png\",\"width\":338,\"height\":102,\"caption\":\"Meliconi\"},\"image\":{\"@id\":\"https:\/\/www.meliconi.com\/es\/#\/schema\/logo\/image\/\"}}]}<\/script>\n<!-- \/ Yoast SEO plugin. -->","yoast_head_json":{"title":"BASE SPACE EXTRA - Meliconi","robots":{"index":"index","follow":"follow","max-snippet":"max-snippet:-1","max-image-preview":"max-image-preview:large","max-video-preview":"max-video-preview:-1"},"canonical":"https:\/\/www.meliconi.com\/es\/producto\/base-space-extra\/","og_locale":"es_ES","og_type":"article","og_title":"BASE SPACE EXTRA - Meliconi","og_description":"30 cm de altura para lavadoras o secadoras con caj\u00f3n extra\u00edble. Incluyendo el cintur\u00f3n de seguridad y 4 pies ajustables.","og_url":"https:\/\/www.meliconi.com\/es\/producto\/base-space-extra\/","og_site_name":"Meliconi","article_modified_time":"2025-04-04T14:18:59+00:00","og_image":[{"width":1024,"height":885,"url":"https:\/\/www.meliconi.com\/wp-content\/uploads\/2021\/08\/base-space-plus-5_grigio-1024x885.png","type":"image\/png"}],"twitter_card":"summary_large_image","twitter_misc":{"Tiempo de lectura":"1 minuto"},"schema":{"@context":"https:\/\/schema.org","@graph":[{"@type":"WebPage","@id":"https:\/\/www.meliconi.com\/es\/producto\/base-space-extra\/","url":"https:\/\/www.meliconi.com\/es\/producto\/base-space-extra\/","name":"BASE SPACE EXTRA - Meliconi","isPartOf":{"@id":"https:\/\/www.meliconi.com\/es\/#website"},"primaryImageOfPage":{"@id":"https:\/\/www.meliconi.com\/es\/producto\/base-space-extra\/#primaryimage"},"image":{"@id":"https:\/\/www.meliconi.com\/es\/producto\/base-space-extra\/#primaryimage"},"thumbnailUrl":"https:\/\/www.meliconi.com\/wp-content\/uploads\/2021\/08\/base-space-plus-5_grigio.png","datePublished":"2021-08-04T08:50:33+00:00","dateModified":"2025-04-04T14:18:59+00:00","breadcrumb":{"@id":"https:\/\/www.meliconi.com\/es\/producto\/base-space-extra\/#breadcrumb"},"inLanguage":"es","potentialAction":[{"@type":"ReadAction","target":["https:\/\/www.meliconi.com\/es\/producto\/base-space-extra\/"]}]},{"@type":"ImageObject","inLanguage":"es","@id":"https:\/\/www.meliconi.com\/es\/producto\/base-space-extra\/#primaryimage","url":"https:\/\/www.meliconi.com\/wp-content\/uploads\/2021\/08\/base-space-plus-5_grigio.png","contentUrl":"https:\/\/www.meliconi.com\/wp-content\/uploads\/2021\/08\/base-space-plus-5_grigio.png","width":7680,"height":6637},{"@type":"BreadcrumbList","@id":"https:\/\/www.meliconi.com\/es\/producto\/base-space-extra\/#breadcrumb","itemListElement":[{"@type":"ListItem","position":1,"name":"Home","item":"https:\/\/www.meliconi.com\/es\/"},{"@type":"ListItem","position":2,"name":"Shop","item":"https:\/\/www.meliconi.com\/es\/shop-es\/"},{"@type":"ListItem","position":3,"name":"BASE SPACE EXTRA"}]},{"@type":"WebSite","@id":"https:\/\/www.meliconi.com\/es\/#website","url":"https:\/\/www.meliconi.com\/es\/","name":"Meliconi","description":"El especialista en accesorios ","publisher":{"@id":"https:\/\/www.meliconi.com\/es\/#organization"},"potentialAction":[{"@type":"SearchAction","target":{"@type":"EntryPoint","urlTemplate":"https:\/\/www.meliconi.com\/es\/?s={search_term_string}"},"query-input":{"@type":"PropertyValueSpecification","valueRequired":true,"valueName":"search_term_string"}}],"inLanguage":"es"},{"@type":"Organization","@id":"https:\/\/www.meliconi.com\/es\/#organization","name":"Meliconi","url":"https:\/\/www.meliconi.com\/es\/","logo":{"@type":"ImageObject","inLanguage":"es","@id":"https:\/\/www.meliconi.com\/es\/#\/schema\/logo\/image\/","url":"https:\/\/www.meliconi.com\/wp-content\/uploads\/2021\/06\/logo-meliconi.png","contentUrl":"https:\/\/www.meliconi.com\/wp-content\/uploads\/2021\/06\/logo-meliconi.png","width":338,"height":102,"caption":"Meliconi"},"image":{"@id":"https:\/\/www.meliconi.com\/es\/#\/schema\/logo\/image\/"}}]}},"_links":{"self":[{"href":"https:\/\/www.meliconi.com\/es\/wp-json\/wp\/v2\/product\/13179","targetHints":{"allow":["GET"]}}],"collection":[{"href":"https:\/\/www.meliconi.com\/es\/wp-json\/wp\/v2\/product"}],"about":[{"href":"https:\/\/www.meliconi.com\/es\/wp-json\/wp\/v2\/types\/product"}],"wp:featuredmedia":[{"embeddable":true,"href":"https:\/\/www.meliconi.com\/es\/wp-json\/wp\/v2\/media\/13169"}],"wp:attachment":[{"href":"https:\/\/www.meliconi.com\/es\/wp-json\/wp\/v2\/media?parent=13179"}],"wp:term":[{"taxonomy":"product_cat","embeddable":true,"href":"https:\/\/www.meliconi.com\/es\/wp-json\/wp\/v2\/product_cat?post=13179"},{"taxonomy":"product_tag","embeddable":true,"href":"https:\/\/www.meliconi.com\/es\/wp-json\/wp\/v2\/product_tag?post=13179"}],"curies":[{"name":"wp","href":"https:\/\/api.w.org\/{rel}","templated":true}]}}