{"id":17329,"date":"2022-07-21T08:34:39","date_gmt":"2022-07-21T08:34:39","guid":{"rendered":"https:\/\/www.meliconi.com\/?page_id=17329"},"modified":"2025-06-04T12:09:54","modified_gmt":"2025-06-04T10:09:54","slug":"linea-green","status":"publish","type":"page","link":"https:\/\/www.meliconi.com\/es\/otros-productos\/linea-green\/","title":{"rendered":"Linea Green"},"content":{"rendered":"<div>\n<h1>Linea Green<\/h1>\n<div>\n<p>La nueva Linea Green nace del objetivo de Meliconi de reducir el impacto medioambiental de sus productos, garantizando seguridad y eficacia de los resultados<\/p>\n<\/div>\n<p><a href=\"\/es\/shop\/accesorios-para-electrodomesticos-es\/accessoriosi-es\/linea-green-es\/\">Descubre los productos<\/a><\/p>\n<\/div>\n<h2>La nueva Linea Green ofrece una gama de productos de alta calidad para la limpieza y el cuidado de las superficies y los principales electrodom\u00e9sticos. Los productos facilitan sus mantenimiento con ventajas de ahorro de energ\u00eda. Tambi\u00e9n garantizan una limpieza profunda de las superficies de la casa sin necesidad de aclarado, lo que favorece el ahorro de agua<\/h2>\n<p>\n    <a href=\"\/es\/shop\/accesorios-para-electrodomesticos-es\/accessoriosi-es\/linea-green-es\/\">Descubre los productos<\/a>\n<\/p>\n<p><!--more--><br \/>\n<!-- {\"children\":[{\"type\":\"section\",\"props\":{\"animation\":\"slide-bottom-small\",\"animation_delay\":\"200\",\"class\":\"uk-animation-fade uk-margin-small-bottom\",\"image\":\"wp-content\\\/uploads\\\/2022\\\/06\\\/meliconi-linea-green-hero.jpg\",\"image_effect\":\"parallax\",\"image_parallax_bgy\":\"0,-100\",\"image_parallax_easing\":\"1\",\"image_position\":\"center-center\",\"image_size\":\"cover\",\"media_overlay\":\"rgba(14, 14, 14, 0.48)\",\"overlap\":false,\"padding\":\"large\",\"style\":\"default\",\"text_color\":\"light\",\"title_breakpoint\":\"xl\",\"title_position\":\"top-left\",\"title_rotation\":\"left\",\"vertical_align\":\"middle\",\"width\":\"default\"},\"children\":[{\"type\":\"row\",\"children\":[{\"type\":\"column\",\"props\":{\"image_position\":\"center-center\",\"position_sticky_breakpoint\":\"m\"},\"children\":[{\"type\":\"panel\",\"props\":{\"content\":\"\n\n<p>La nueva Linea Green nace del objetivo de Meliconi de reducir el impacto medioambiental de sus productos, garantizando seguridad y eficacia de los resultados<\\\/p>\",\"content_column_breakpoint\":\"m\",\"content_style\":\"text-lead\",\"icon_width\":80,\"image\":\"\",\"image_align\":\"top\",\"image_grid_breakpoint\":\"m\",\"image_grid_width\":\"1-2\",\"image_svg_color\":\"emphasis\",\"image_width\":\"200\",\"link\":\"es\\\/shop\\\/accesorios-para-electrodomesticos-es\\\/accessoriosi-es\\\/linea-green-es\\\/\",\"link_margin\":\"medium\",\"link_size\":\"large\",\"link_style\":\"primary\",\"link_text\":\"Descubre los productos\",\"margin\":\"default\",\"maxwidth\":\"2xlarge\",\"meta_align\":\"below-title\",\"meta_element\":\"div\",\"meta_style\":\"text-meta\",\"title\":\"Linea Green\",\"title_align\":\"top\",\"title_element\":\"h1\",\"title_grid_breakpoint\":\"m\",\"title_grid_width\":\"1-2\",\"title_hover_style\":\"reset\",\"title_style\":\"heading-medium\"}}]}]}],\"name\":\"Hero\"},{\"type\":\"section\",\"props\":{\"animation\":\"slide-bottom-small\",\"animation_delay\":\"200\",\"class\":\"uk-animation-fade uk-margin-small-bottom\",\"css\":\"@media (max-width: 960px) {\\n    .el-section > div > div:first-child {\\n    \\tbackground-image: linear-gradient(90deg, rgba(25,25,25,.5) 20%, rgba(25,25,25,.3) 100%) !important;\\n    }\\n}\",\"height\":\"viewport\",\"height_offset_top\":true,\"height_viewport\":80,\"image\":\"wp-content\\\/uploads\\\/2022\\\/07\\\/2000x1000_altriProdotti_LINEAGREEN.jpg\",\"image_effect\":\"parallax\",\"image_parallax_bgx\":\"0,-50\",\"image_parallax_easing\":\"1\",\"image_position\":\"bottom-left\",\"image_size\":\"cover\",\"media_overlay\":\"rgba(9, 9, 9, 0)\",\"media_overlay_gradient\":\"linear-gradient(270deg, rgba(25,25,25,.7) 0%, rgba(255,255,255,0) 80%)\",\"padding\":\"large\",\"style\":\"default\",\"text_color\":\"light\",\"title_breakpoint\":\"xl\",\"title_position\":\"top-left\",\"title_rotation\":\"left\",\"vertical_align\":\"middle\",\"width\":\"default\"},\"children\":[{\"type\":\"row\",\"children\":[{\"type\":\"column\",\"props\":{\"image_position\":\"center-center\",\"position_sticky_breakpoint\":\"m\"},\"children\":[{\"type\":\"headline\",\"props\":{\"block_align\":\"right\",\"block_align_breakpoint\":\"m\",\"content\":\"La nueva Linea Green ofrece una gama de productos de alta calidad para la limpieza y el cuidado de las superficies y los principales electrodom\\u00e9sticos. Los productos facilitan sus mantenimiento con ventajas de ahorro de energ\\u00eda. Tambi\\u00e9n garantizan una limpieza profunda de las superficies de la casa sin necesidad de aclarado, lo que favorece el ahorro de agua\",\"maxwidth\":\"xlarge\",\"title_element\":\"h2\",\"title_style\":\"h3\"}},{\"type\":\"button\",\"props\":{\"block_align\":\"right\",\"button_size\":\"large\",\"class\":\"uk-margin-medium-top\",\"grid_column_gap\":\"small\",\"grid_row_gap\":\"small\",\"margin\":\"\",\"maxwidth\":\"xlarge\"},\"children\":[{\"type\":\"button_item\",\"props\":{\"button_style\":\"primary\",\"content\":\"Descubre los productos\",\"icon_align\":\"left\",\"link\":\"es\\\/shop\\\/accesorios-para-electrodomesticos-es\\\/accessoriosi-es\\\/linea-green-es\\\/\"}}]}]}]}],\"name\":\"Prodotti secondari\"}],\"version\":\"4.3.5\",\"type\":\"layout\"} --><\/p>\n","protected":false},"excerpt":{"rendered":"<p>Linea Green La nueva Linea Green nace del objetivo de Meliconi de reducir el impacto medioambiental de sus productos, garantizando seguridad y eficacia de los resultados Descubre los productos La nueva Linea Green ofrece una gama de productos de alta calidad para la limpieza y el cuidado de las superficies y los principales electrodom\u00e9sticos. Los [&hellip;]<\/p>\n","protected":false},"author":2,"featured_media":0,"parent":13602,"menu_order":0,"comment_status":"closed","ping_status":"closed","template":"","meta":{"_acf_changed":false,"footnotes":""},"class_list":["post-17329","page","type-page","status-publish","hentry"],"acf":[],"yoast_head":"<!-- This site is optimized with the Yoast SEO plugin v27.4 - https:\/\/yoast.com\/product\/yoast-seo-wordpress\/ -->\n<title>Linea Green - Meliconi<\/title>\n<meta name=\"robots\" content=\"index, follow, max-snippet:-1, max-image-preview:large, max-video-preview:-1\" \/>\n<link rel=\"canonical\" href=\"https:\/\/www.meliconi.com\/es\/otros-productos\/linea-green\/\" \/>\n<meta property=\"og:locale\" content=\"es_ES\" \/>\n<meta property=\"og:type\" content=\"article\" \/>\n<meta property=\"og:title\" content=\"Linea Green - Meliconi\" \/>\n<meta property=\"og:description\" content=\"Linea Green La nueva Linea Green nace del objetivo de Meliconi de reducir el impacto medioambiental de sus productos, garantizando seguridad y eficacia de los resultados Descubre los productos La nueva Linea Green ofrece una gama de productos de alta calidad para la limpieza y el cuidado de las superficies y los principales electrodom\u00e9sticos. Los [&hellip;]\" \/>\n<meta property=\"og:url\" content=\"https:\/\/www.meliconi.com\/es\/otros-productos\/linea-green\/\" \/>\n<meta property=\"og:site_name\" content=\"Meliconi\" \/>\n<meta property=\"article:modified_time\" content=\"2025-06-04T10:09:54+00:00\" \/>\n<meta name=\"twitter:card\" content=\"summary_large_image\" \/>\n<meta name=\"twitter:label1\" content=\"Tiempo de lectura\" \/>\n\t<meta name=\"twitter:data1\" content=\"1 minuto\" \/>\n<script type=\"application\/ld+json\" class=\"yoast-schema-graph\">{\"@context\":\"https:\\\/\\\/schema.org\",\"@graph\":[{\"@type\":\"WebPage\",\"@id\":\"https:\\\/\\\/www.meliconi.com\\\/es\\\/otros-productos\\\/linea-green\\\/\",\"url\":\"https:\\\/\\\/www.meliconi.com\\\/es\\\/otros-productos\\\/linea-green\\\/\",\"name\":\"Linea Green - Meliconi\",\"isPartOf\":{\"@id\":\"https:\\\/\\\/www.meliconi.com\\\/es\\\/#website\"},\"datePublished\":\"2022-07-21T08:34:39+00:00\",\"dateModified\":\"2025-06-04T10:09:54+00:00\",\"breadcrumb\":{\"@id\":\"https:\\\/\\\/www.meliconi.com\\\/es\\\/otros-productos\\\/linea-green\\\/#breadcrumb\"},\"inLanguage\":\"es\",\"potentialAction\":[{\"@type\":\"ReadAction\",\"target\":[\"https:\\\/\\\/www.meliconi.com\\\/es\\\/otros-productos\\\/linea-green\\\/\"]}]},{\"@type\":\"BreadcrumbList\",\"@id\":\"https:\\\/\\\/www.meliconi.com\\\/es\\\/otros-productos\\\/linea-green\\\/#breadcrumb\",\"itemListElement\":[{\"@type\":\"ListItem\",\"position\":1,\"name\":\"Home\",\"item\":\"https:\\\/\\\/www.meliconi.com\\\/es\\\/\"},{\"@type\":\"ListItem\",\"position\":2,\"name\":\"Otros productos\",\"item\":\"https:\\\/\\\/www.meliconi.com\\\/es\\\/altri-prodotti\\\/\"},{\"@type\":\"ListItem\",\"position\":3,\"name\":\"Linea Green\"}]},{\"@type\":\"WebSite\",\"@id\":\"https:\\\/\\\/www.meliconi.com\\\/es\\\/#website\",\"url\":\"https:\\\/\\\/www.meliconi.com\\\/es\\\/\",\"name\":\"Meliconi\",\"description\":\"El especialista en accesorios \",\"publisher\":{\"@id\":\"https:\\\/\\\/www.meliconi.com\\\/es\\\/#organization\"},\"potentialAction\":[{\"@type\":\"SearchAction\",\"target\":{\"@type\":\"EntryPoint\",\"urlTemplate\":\"https:\\\/\\\/www.meliconi.com\\\/es\\\/?s={search_term_string}\"},\"query-input\":{\"@type\":\"PropertyValueSpecification\",\"valueRequired\":true,\"valueName\":\"search_term_string\"}}],\"inLanguage\":\"es\"},{\"@type\":\"Organization\",\"@id\":\"https:\\\/\\\/www.meliconi.com\\\/es\\\/#organization\",\"name\":\"Meliconi\",\"url\":\"https:\\\/\\\/www.meliconi.com\\\/es\\\/\",\"logo\":{\"@type\":\"ImageObject\",\"inLanguage\":\"es\",\"@id\":\"https:\\\/\\\/www.meliconi.com\\\/es\\\/#\\\/schema\\\/logo\\\/image\\\/\",\"url\":\"https:\\\/\\\/www.meliconi.com\\\/wp-content\\\/uploads\\\/2021\\\/06\\\/logo-meliconi.png\",\"contentUrl\":\"https:\\\/\\\/www.meliconi.com\\\/wp-content\\\/uploads\\\/2021\\\/06\\\/logo-meliconi.png\",\"width\":338,\"height\":102,\"caption\":\"Meliconi\"},\"image\":{\"@id\":\"https:\\\/\\\/www.meliconi.com\\\/es\\\/#\\\/schema\\\/logo\\\/image\\\/\"}}]}<\/script>\n<!-- \/ Yoast SEO plugin. -->","yoast_head_json":{"title":"Linea Green - Meliconi","robots":{"index":"index","follow":"follow","max-snippet":"max-snippet:-1","max-image-preview":"max-image-preview:large","max-video-preview":"max-video-preview:-1"},"canonical":"https:\/\/www.meliconi.com\/es\/otros-productos\/linea-green\/","og_locale":"es_ES","og_type":"article","og_title":"Linea Green - Meliconi","og_description":"Linea Green La nueva Linea Green nace del objetivo de Meliconi de reducir el impacto medioambiental de sus productos, garantizando seguridad y eficacia de los resultados Descubre los productos La nueva Linea Green ofrece una gama de productos de alta calidad para la limpieza y el cuidado de las superficies y los principales electrodom\u00e9sticos. Los [&hellip;]","og_url":"https:\/\/www.meliconi.com\/es\/otros-productos\/linea-green\/","og_site_name":"Meliconi","article_modified_time":"2025-06-04T10:09:54+00:00","twitter_card":"summary_large_image","twitter_misc":{"Tiempo de lectura":"1 minuto"},"schema":{"@context":"https:\/\/schema.org","@graph":[{"@type":"WebPage","@id":"https:\/\/www.meliconi.com\/es\/otros-productos\/linea-green\/","url":"https:\/\/www.meliconi.com\/es\/otros-productos\/linea-green\/","name":"Linea Green - Meliconi","isPartOf":{"@id":"https:\/\/www.meliconi.com\/es\/#website"},"datePublished":"2022-07-21T08:34:39+00:00","dateModified":"2025-06-04T10:09:54+00:00","breadcrumb":{"@id":"https:\/\/www.meliconi.com\/es\/otros-productos\/linea-green\/#breadcrumb"},"inLanguage":"es","potentialAction":[{"@type":"ReadAction","target":["https:\/\/www.meliconi.com\/es\/otros-productos\/linea-green\/"]}]},{"@type":"BreadcrumbList","@id":"https:\/\/www.meliconi.com\/es\/otros-productos\/linea-green\/#breadcrumb","itemListElement":[{"@type":"ListItem","position":1,"name":"Home","item":"https:\/\/www.meliconi.com\/es\/"},{"@type":"ListItem","position":2,"name":"Otros productos","item":"https:\/\/www.meliconi.com\/es\/altri-prodotti\/"},{"@type":"ListItem","position":3,"name":"Linea Green"}]},{"@type":"WebSite","@id":"https:\/\/www.meliconi.com\/es\/#website","url":"https:\/\/www.meliconi.com\/es\/","name":"Meliconi","description":"El especialista en accesorios ","publisher":{"@id":"https:\/\/www.meliconi.com\/es\/#organization"},"potentialAction":[{"@type":"SearchAction","target":{"@type":"EntryPoint","urlTemplate":"https:\/\/www.meliconi.com\/es\/?s={search_term_string}"},"query-input":{"@type":"PropertyValueSpecification","valueRequired":true,"valueName":"search_term_string"}}],"inLanguage":"es"},{"@type":"Organization","@id":"https:\/\/www.meliconi.com\/es\/#organization","name":"Meliconi","url":"https:\/\/www.meliconi.com\/es\/","logo":{"@type":"ImageObject","inLanguage":"es","@id":"https:\/\/www.meliconi.com\/es\/#\/schema\/logo\/image\/","url":"https:\/\/www.meliconi.com\/wp-content\/uploads\/2021\/06\/logo-meliconi.png","contentUrl":"https:\/\/www.meliconi.com\/wp-content\/uploads\/2021\/06\/logo-meliconi.png","width":338,"height":102,"caption":"Meliconi"},"image":{"@id":"https:\/\/www.meliconi.com\/es\/#\/schema\/logo\/image\/"}}]}},"_links":{"self":[{"href":"https:\/\/www.meliconi.com\/es\/wp-json\/wp\/v2\/pages\/17329","targetHints":{"allow":["GET"]}}],"collection":[{"href":"https:\/\/www.meliconi.com\/es\/wp-json\/wp\/v2\/pages"}],"about":[{"href":"https:\/\/www.meliconi.com\/es\/wp-json\/wp\/v2\/types\/page"}],"author":[{"embeddable":true,"href":"https:\/\/www.meliconi.com\/es\/wp-json\/wp\/v2\/users\/2"}],"replies":[{"embeddable":true,"href":"https:\/\/www.meliconi.com\/es\/wp-json\/wp\/v2\/comments?post=17329"}],"version-history":[{"count":7,"href":"https:\/\/www.meliconi.com\/es\/wp-json\/wp\/v2\/pages\/17329\/revisions"}],"predecessor-version":[{"id":65866,"href":"https:\/\/www.meliconi.com\/es\/wp-json\/wp\/v2\/pages\/17329\/revisions\/65866"}],"up":[{"embeddable":true,"href":"https:\/\/www.meliconi.com\/es\/wp-json\/wp\/v2\/pages\/13602"}],"wp:attachment":[{"href":"https:\/\/www.meliconi.com\/es\/wp-json\/wp\/v2\/media?parent=17329"}],"curies":[{"name":"wp","href":"https:\/\/api.w.org\/{rel}","templated":true}]}}