{"id":15528,"date":"2021-07-09T09:32:44","date_gmt":"2021-07-09T09:32:44","guid":{"rendered":"https:\/\/www.meliconi.com\/privacy-policy\/informativa-newsletter\/"},"modified":"2021-11-18T11:53:42","modified_gmt":"2021-11-18T11:53:42","slug":"informacion-sobre-el-boletin","status":"publish","type":"page","link":"https:\/\/www.meliconi.com\/es\/privacy-policy\/informacion-sobre-el-boletin\/","title":{"rendered":"Informaci\u00f3n sobre el bolet\u00edn"},"content":{"rendered":"\n<p>Informaci\u00f3n emitida por Meliconi S.p.A. en virtud de lo dispuesto por el art. 13 del Reglamento Europeo 2016\/679<\/p>\n\n\n\n<h3 class=\"wp-block-heading\">Considerando que<\/h3>\n\n\n\n<ol class=\"wp-block-list\"><li>a ra\u00edz de su solicitud de recibir nuestro bolet\u00edn peri\u00f3dico, la empresa abajo firmante recoger\u00e1 y tratar\u00e1 algunos de sus datos personales;<\/li><li>en aras de la claridad, especificamos las siguientes definiciones dadas por el Reglamento Europeo 2016\/679:<\/li><\/ol>\n\n\n\n<p>Dato personal: cualquier informaci\u00f3n referida a una persona f\u00edsica identificada o identificable (\u00abinteresado\u00bb); se considera identificable a aquella persona f\u00edsica que puede ser identificada, directa o indirectamente, por referencia a un identificador como el nombre, un n\u00famero de identificaci\u00f3n, datos de localizaci\u00f3n, un identificador en l\u00ednea o a uno o m\u00e1s elementos caracter\u00edsticos de su identidad f\u00edsica, fisiol\u00f3gica, gen\u00e9tica, ps\u00edquica, econ\u00f3mica, cultural o social;<\/p>\n\n\n\n<p>Tratamiento: cualquier operaci\u00f3n o conjunto de operaciones llevadas a cabo con o sin procedimientos automatizados y aplicadas a datos personales o conjuntos de datos personales, como la recogida, el registro, la organizaci\u00f3n, la estructuraci\u00f3n, el almacenamiento, la adaptaci\u00f3n o la modificaci\u00f3n, la recuperaci\u00f3n, la consulta, la utilizaci\u00f3n, la divulgaci\u00f3n por transmisi\u00f3n, difusi\u00f3n o cualquier otra forma de puesta a disposici\u00f3n, el cotejo o la interconexi\u00f3n, la limitaci\u00f3n, la eliminaci\u00f3n o la destrucci\u00f3n.<\/p>\n\n\n\n<p>Considerando todo lo anterior, de acuerdo con lo que establece el art\u00edculo 13 del Reglamento Europeo 2016\/679,<\/p>\n\n\n\n<h4 class=\"wp-block-heading\">le informamos<\/h4>\n\n\n\n<p>que la recogida y el tratamiento de sus datos personales en esta secci\u00f3n del sitio ser\u00e1n realizados por la empresa abajo firmante de acuerdo con lo siguiente:<\/p>\n\n\n\n<ul class=\"wp-block-list\"><li>finalidad: los datos ser\u00e1n tratados \u00fanica y exclusivamente con el fin de enviarle nuestro bolet\u00edn peri\u00f3dico, que usted ha solicitado;<\/li><li>modalidades: los datos se tratar\u00e1n tanto con herramientas\/soportes de papel como electr\u00f3nicos\/inform\u00e1ticos\/telem\u00e1ticos, en pleno cumplimiento de la ley, seg\u00fan los principios de legalidad y correcci\u00f3n y de forma que se proteja su confidencialidad;<\/li><li>suministro opcional: el suministro de sus datos es opcional y no obligatorio;<\/li><li>consecuencias de una eventual negativa: la negativa a proporcionar los datos o la falta de consentimiento para su tratamiento nos impedir\u00e1, lamentablemente, enviarle el bolet\u00edn;<\/li><li>sujetos o categor\u00edas de sujetos (destinatarios) a los cuales podr\u00e1n ser comunicados o difundidos los datos: los datos podr\u00e1n ser comunicados a terceros s\u00f3lo para cumplir con obligaciones legales o para satisfacer sus solicitudes. Los datos en ning\u00fan caso ser\u00e1n difundidos;<\/li><li>personas autorizadas para el tratamiento: los datos ser\u00e1n tratados \u00fanica y exclusivamente por un n\u00famero limitado de empleados de la empresa, espec\u00edficamente autorizados;<\/li><li>procesos automatizados de toma de decisiones (por ejemplo, elaboraci\u00f3n de perfiles): no se gestionan, de ning\u00fan modo, procesos automatizados de toma de decisiones;<\/li><li>derechos del interesado: el interesado goza de todos los derechos consagrados en el Reglamento Europeo 2016\/679, como el derecho a solicitar el acceso a sus datos personales y la rectificaci\u00f3n de los mismos, su eliminaci\u00f3n, la limitaci\u00f3n del tratamiento, el derecho a oponerse al tratamiento, as\u00ed como el derecho a la portabilidad de los datos. Tambi\u00e9n tiene derecho a presentar una reclamaci\u00f3n ante la Autoridad de Control;<\/li><li>transferencias a terceros pa\u00edses: cualquier transferencia de datos personales a un tercer pa\u00eds fuera de la Uni\u00f3n Europea o a una organizaci\u00f3n internacional tendr\u00e1 lugar sobre la base de una decisi\u00f3n de adecuaci\u00f3n de la Comisi\u00f3n o, en el caso de transferencias en virtud de los art\u00edculos 46, 47 o 49, inciso segundo, del Reglamento Europeo, sobre la base de garant\u00edas apropiadas y oportunas;<\/li><li>periodo de conservaci\u00f3n de los datos: los datos se conservar\u00e1n durante el periodo de tiempo estrictamente necesario para cumplir con las solicitudes del interesado o seg\u00fan lo dispuesto por la normativa vigente o por eventuales cl\u00e1usulas contractuales;<\/li><li>titular: el titular del tratamiento es Meliconi S.p.A., con sede en Granarolo dell\u2019Emilia (BO), Via Minghetti n.\u00ba 10, en la persona de su representante legal <em>pro tempore<\/em>;<\/li><li>responsable de la protecci\u00f3n de datos\/data protection officer: el responsable de la protecci\u00f3n de datos es el Dr. Juri Torreggiani, con despacho sito en Reggio Emilia, Via Piccard n.\u00ba 16\/G, tel. 0522\/30.11.69, fax 0522\/38.79.96: cualquier solicitud de aclaraci\u00f3n o informaci\u00f3n podr\u00e1 dirigirse a este responsable.<\/li><\/ul>\n\n\n\n<p>Esta nota informativa podr\u00e1 ser completada, oralmente o por escrito, con elementos e indicaciones adicionales, con el fin de satisfacer mejor cualquier necesidad de informaci\u00f3n sobre \u00abPrivacidad\u00bb y de adaptarse a la evoluci\u00f3n normativa.<\/p>\n\n\n\n<p>Granarolo dell\u2019Emilia (BO), 14\/07\/2021<\/p>\n\n\n\n<p class=\"has-text-align-right\">El titular del tratamiento de los datos<br><strong>Meliconi S.p.A.<\/strong><\/p>\n","protected":false},"excerpt":{"rendered":"<p>Informaci\u00f3n emitida por Meliconi S.p.A. en virtud de lo dispuesto por el art. 13 del Reglamento Europeo 2016\/679 Considerando que a ra\u00edz de su solicitud de recibir nuestro bolet\u00edn peri\u00f3dico, la empresa abajo firmante recoger\u00e1 y tratar\u00e1 algunos de sus datos personales; en aras de la claridad, especificamos las siguientes definiciones dadas por el Reglamento [&hellip;]<\/p>\n","protected":false},"author":1,"featured_media":0,"parent":15442,"menu_order":0,"comment_status":"closed","ping_status":"closed","template":"","meta":{"_acf_changed":false,"footnotes":""},"class_list":["post-15528","page","type-page","status-publish","hentry"],"acf":[],"yoast_head":"<!-- This site is optimized with the Yoast SEO plugin v27.4 - https:\/\/yoast.com\/product\/yoast-seo-wordpress\/ -->\n<title>Informaci\u00f3n sobre el bolet\u00edn - Meliconi<\/title>\n<meta name=\"robots\" content=\"index, follow, max-snippet:-1, max-image-preview:large, max-video-preview:-1\" \/>\n<link rel=\"canonical\" href=\"https:\/\/www.meliconi.com\/es\/privacy-policy\/informacion-sobre-el-boletin\/\" \/>\n<meta property=\"og:locale\" content=\"es_ES\" \/>\n<meta property=\"og:type\" content=\"article\" \/>\n<meta property=\"og:title\" content=\"Informaci\u00f3n sobre el bolet\u00edn - Meliconi\" \/>\n<meta property=\"og:description\" content=\"Informaci\u00f3n emitida por Meliconi S.p.A. en virtud de lo dispuesto por el art. 13 del Reglamento Europeo 2016\/679 Considerando que a ra\u00edz de su solicitud de recibir nuestro bolet\u00edn peri\u00f3dico, la empresa abajo firmante recoger\u00e1 y tratar\u00e1 algunos de sus datos personales; en aras de la claridad, especificamos las siguientes definiciones dadas por el Reglamento [&hellip;]\" \/>\n<meta property=\"og:url\" content=\"https:\/\/www.meliconi.com\/es\/privacy-policy\/informacion-sobre-el-boletin\/\" \/>\n<meta property=\"og:site_name\" content=\"Meliconi\" \/>\n<meta property=\"article:modified_time\" content=\"2021-11-18T11:53:42+00:00\" \/>\n<meta name=\"twitter:card\" content=\"summary_large_image\" \/>\n<meta name=\"twitter:label1\" content=\"Tiempo de lectura\" \/>\n\t<meta name=\"twitter:data1\" content=\"4 minutos\" \/>\n<script type=\"application\/ld+json\" class=\"yoast-schema-graph\">{\"@context\":\"https:\\\/\\\/schema.org\",\"@graph\":[{\"@type\":\"WebPage\",\"@id\":\"https:\\\/\\\/www.meliconi.com\\\/es\\\/privacy-policy\\\/informacion-sobre-el-boletin\\\/\",\"url\":\"https:\\\/\\\/www.meliconi.com\\\/es\\\/privacy-policy\\\/informacion-sobre-el-boletin\\\/\",\"name\":\"Informaci\u00f3n sobre el bolet\u00edn - Meliconi\",\"isPartOf\":{\"@id\":\"https:\\\/\\\/www.meliconi.com\\\/es\\\/#website\"},\"datePublished\":\"2021-07-09T09:32:44+00:00\",\"dateModified\":\"2021-11-18T11:53:42+00:00\",\"breadcrumb\":{\"@id\":\"https:\\\/\\\/www.meliconi.com\\\/es\\\/privacy-policy\\\/informacion-sobre-el-boletin\\\/#breadcrumb\"},\"inLanguage\":\"es\",\"potentialAction\":[{\"@type\":\"ReadAction\",\"target\":[\"https:\\\/\\\/www.meliconi.com\\\/es\\\/privacy-policy\\\/informacion-sobre-el-boletin\\\/\"]}]},{\"@type\":\"BreadcrumbList\",\"@id\":\"https:\\\/\\\/www.meliconi.com\\\/es\\\/privacy-policy\\\/informacion-sobre-el-boletin\\\/#breadcrumb\",\"itemListElement\":[{\"@type\":\"ListItem\",\"position\":1,\"name\":\"Home\",\"item\":\"https:\\\/\\\/www.meliconi.com\\\/es\\\/\"},{\"@type\":\"ListItem\",\"position\":2,\"name\":\"Privacy Policy\",\"item\":\"https:\\\/\\\/www.meliconi.com\\\/es\\\/privacy-policy\\\/\"},{\"@type\":\"ListItem\",\"position\":3,\"name\":\"Informaci\u00f3n sobre el bolet\u00edn\"}]},{\"@type\":\"WebSite\",\"@id\":\"https:\\\/\\\/www.meliconi.com\\\/es\\\/#website\",\"url\":\"https:\\\/\\\/www.meliconi.com\\\/es\\\/\",\"name\":\"Meliconi\",\"description\":\"El especialista en accesorios \",\"publisher\":{\"@id\":\"https:\\\/\\\/www.meliconi.com\\\/es\\\/#organization\"},\"potentialAction\":[{\"@type\":\"SearchAction\",\"target\":{\"@type\":\"EntryPoint\",\"urlTemplate\":\"https:\\\/\\\/www.meliconi.com\\\/es\\\/?s={search_term_string}\"},\"query-input\":{\"@type\":\"PropertyValueSpecification\",\"valueRequired\":true,\"valueName\":\"search_term_string\"}}],\"inLanguage\":\"es\"},{\"@type\":\"Organization\",\"@id\":\"https:\\\/\\\/www.meliconi.com\\\/es\\\/#organization\",\"name\":\"Meliconi\",\"url\":\"https:\\\/\\\/www.meliconi.com\\\/es\\\/\",\"logo\":{\"@type\":\"ImageObject\",\"inLanguage\":\"es\",\"@id\":\"https:\\\/\\\/www.meliconi.com\\\/es\\\/#\\\/schema\\\/logo\\\/image\\\/\",\"url\":\"https:\\\/\\\/www.meliconi.com\\\/wp-content\\\/uploads\\\/2021\\\/06\\\/logo-meliconi.png\",\"contentUrl\":\"https:\\\/\\\/www.meliconi.com\\\/wp-content\\\/uploads\\\/2021\\\/06\\\/logo-meliconi.png\",\"width\":338,\"height\":102,\"caption\":\"Meliconi\"},\"image\":{\"@id\":\"https:\\\/\\\/www.meliconi.com\\\/es\\\/#\\\/schema\\\/logo\\\/image\\\/\"}}]}<\/script>\n<!-- \/ Yoast SEO plugin. -->","yoast_head_json":{"title":"Informaci\u00f3n sobre el bolet\u00edn - Meliconi","robots":{"index":"index","follow":"follow","max-snippet":"max-snippet:-1","max-image-preview":"max-image-preview:large","max-video-preview":"max-video-preview:-1"},"canonical":"https:\/\/www.meliconi.com\/es\/privacy-policy\/informacion-sobre-el-boletin\/","og_locale":"es_ES","og_type":"article","og_title":"Informaci\u00f3n sobre el bolet\u00edn - Meliconi","og_description":"Informaci\u00f3n emitida por Meliconi S.p.A. en virtud de lo dispuesto por el art. 13 del Reglamento Europeo 2016\/679 Considerando que a ra\u00edz de su solicitud de recibir nuestro bolet\u00edn peri\u00f3dico, la empresa abajo firmante recoger\u00e1 y tratar\u00e1 algunos de sus datos personales; en aras de la claridad, especificamos las siguientes definiciones dadas por el Reglamento [&hellip;]","og_url":"https:\/\/www.meliconi.com\/es\/privacy-policy\/informacion-sobre-el-boletin\/","og_site_name":"Meliconi","article_modified_time":"2021-11-18T11:53:42+00:00","twitter_card":"summary_large_image","twitter_misc":{"Tiempo de lectura":"4 minutos"},"schema":{"@context":"https:\/\/schema.org","@graph":[{"@type":"WebPage","@id":"https:\/\/www.meliconi.com\/es\/privacy-policy\/informacion-sobre-el-boletin\/","url":"https:\/\/www.meliconi.com\/es\/privacy-policy\/informacion-sobre-el-boletin\/","name":"Informaci\u00f3n sobre el bolet\u00edn - Meliconi","isPartOf":{"@id":"https:\/\/www.meliconi.com\/es\/#website"},"datePublished":"2021-07-09T09:32:44+00:00","dateModified":"2021-11-18T11:53:42+00:00","breadcrumb":{"@id":"https:\/\/www.meliconi.com\/es\/privacy-policy\/informacion-sobre-el-boletin\/#breadcrumb"},"inLanguage":"es","potentialAction":[{"@type":"ReadAction","target":["https:\/\/www.meliconi.com\/es\/privacy-policy\/informacion-sobre-el-boletin\/"]}]},{"@type":"BreadcrumbList","@id":"https:\/\/www.meliconi.com\/es\/privacy-policy\/informacion-sobre-el-boletin\/#breadcrumb","itemListElement":[{"@type":"ListItem","position":1,"name":"Home","item":"https:\/\/www.meliconi.com\/es\/"},{"@type":"ListItem","position":2,"name":"Privacy Policy","item":"https:\/\/www.meliconi.com\/es\/privacy-policy\/"},{"@type":"ListItem","position":3,"name":"Informaci\u00f3n sobre el bolet\u00edn"}]},{"@type":"WebSite","@id":"https:\/\/www.meliconi.com\/es\/#website","url":"https:\/\/www.meliconi.com\/es\/","name":"Meliconi","description":"El especialista en accesorios ","publisher":{"@id":"https:\/\/www.meliconi.com\/es\/#organization"},"potentialAction":[{"@type":"SearchAction","target":{"@type":"EntryPoint","urlTemplate":"https:\/\/www.meliconi.com\/es\/?s={search_term_string}"},"query-input":{"@type":"PropertyValueSpecification","valueRequired":true,"valueName":"search_term_string"}}],"inLanguage":"es"},{"@type":"Organization","@id":"https:\/\/www.meliconi.com\/es\/#organization","name":"Meliconi","url":"https:\/\/www.meliconi.com\/es\/","logo":{"@type":"ImageObject","inLanguage":"es","@id":"https:\/\/www.meliconi.com\/es\/#\/schema\/logo\/image\/","url":"https:\/\/www.meliconi.com\/wp-content\/uploads\/2021\/06\/logo-meliconi.png","contentUrl":"https:\/\/www.meliconi.com\/wp-content\/uploads\/2021\/06\/logo-meliconi.png","width":338,"height":102,"caption":"Meliconi"},"image":{"@id":"https:\/\/www.meliconi.com\/es\/#\/schema\/logo\/image\/"}}]}},"_links":{"self":[{"href":"https:\/\/www.meliconi.com\/es\/wp-json\/wp\/v2\/pages\/15528","targetHints":{"allow":["GET"]}}],"collection":[{"href":"https:\/\/www.meliconi.com\/es\/wp-json\/wp\/v2\/pages"}],"about":[{"href":"https:\/\/www.meliconi.com\/es\/wp-json\/wp\/v2\/types\/page"}],"author":[{"embeddable":true,"href":"https:\/\/www.meliconi.com\/es\/wp-json\/wp\/v2\/users\/1"}],"replies":[{"embeddable":true,"href":"https:\/\/www.meliconi.com\/es\/wp-json\/wp\/v2\/comments?post=15528"}],"version-history":[{"count":1,"href":"https:\/\/www.meliconi.com\/es\/wp-json\/wp\/v2\/pages\/15528\/revisions"}],"predecessor-version":[{"id":15730,"href":"https:\/\/www.meliconi.com\/es\/wp-json\/wp\/v2\/pages\/15528\/revisions\/15730"}],"up":[{"embeddable":true,"href":"https:\/\/www.meliconi.com\/es\/wp-json\/wp\/v2\/pages\/15442"}],"wp:attachment":[{"href":"https:\/\/www.meliconi.com\/es\/wp-json\/wp\/v2\/media?parent=15528"}],"curies":[{"name":"wp","href":"https:\/\/api.w.org\/{rel}","templated":true}]}}