{"id":15442,"date":"2021-04-08T08:37:59","date_gmt":"2021-04-08T08:37:59","guid":{"rendered":"https:\/\/www.meliconi.com\/privacy-policy\/"},"modified":"2025-05-14T16:29:55","modified_gmt":"2025-05-14T14:29:55","slug":"privacy-policy","status":"publish","type":"page","link":"https:\/\/www.meliconi.com\/es\/privacy-policy\/","title":{"rendered":"Privacy Policy"},"content":{"rendered":"<div>\n<h1>Centro de privacidad Meliconi<\/h1>\n<div>\n<p>Estimado cliente, este es el portal dedicado a la privacidad de Meliconi S.p.A. <br \/>Aqu\u00ed encontrar\u00e1 toda la informaci\u00f3n sobre c\u00f3mo se gestionan sus datos personales en nuestro sitio web y en los servicios relacionados.<\/p>\n<\/div>\n<\/div>\n<ul>\n<li>\n<p><a href=\"\/es\/privacy-policy\/informacion-sobre-el-tratamiento-de-datos-personales\/\"><\/p>\n<p>Informaci\u00f3n sobre el tratamiento de datos personales<\/p>\n<p><\/a><\/p>\n<\/li>\n<li>\n<p><a href=\"\/es\/privacy-policy\/politica-de-cookies\/\"><\/p>\n<p>Pol\u00edtica de Cookies<\/p>\n<p><\/a><\/p>\n<\/li>\n<\/ul>\n<p><!--more--><br \/>\n<!-- {\"type\":\"layout\",\"children\":[{\"type\":\"section\",\"props\":{\"height\":\"viewport\",\"height_offset_top\":true,\"image_position\":\"center-center\",\"style\":\"default\",\"title_breakpoint\":\"xl\",\"title_position\":\"top-left\",\"title_rotation\":\"left\",\"vertical_align\":\"\",\"width\":\"default\"},\"children\":[{\"type\":\"row\",\"children\":[{\"type\":\"column\",\"props\":{\"image_position\":\"center-center\",\"position_sticky_breakpoint\":\"m\"},\"children\":[{\"type\":\"panel\",\"props\":{\"content\":\"\n\n<p>Estimado cliente, este es el portal dedicado a la privacidad de Meliconi S.p.A. <br \\\/>Aqu\\u00ed encontrar\\u00e1 toda la informaci\\u00f3n sobre c\\u00f3mo se gestionan sus datos personales en nuestro sitio web y en los servicios relacionados.<\\\/p>\",\"content_column_breakpoint\":\"m\",\"icon_width\":80,\"image_align\":\"top\",\"image_grid_breakpoint\":\"m\",\"image_grid_width\":\"1-2\",\"image_svg_color\":\"emphasis\",\"link_style\":\"default\",\"link_text\":\"Read more\",\"margin\":\"default\",\"meta_align\":\"below-title\",\"meta_element\":\"div\",\"meta_style\":\"text-meta\",\"text_align\":\"center\",\"text_align_breakpoint\":\"m\",\"text_align_fallback\":\"left\",\"title\":\"Centro de privacidad Meliconi\",\"title_align\":\"top\",\"title_element\":\"h1\",\"title_grid_breakpoint\":\"m\",\"title_grid_width\":\"1-2\",\"title_hover_style\":\"reset\",\"title_style\":\"heading-small\"}},{\"type\":\"list\",\"props\":{\"block_align\":\"center\",\"block_align_breakpoint\":\"m\",\"column_breakpoint\":\"m\",\"icon\":\"triangle-right\",\"image_align\":\"left\",\"image_svg_color\":\"emphasis\",\"image_vertical_align\":true,\"link_style\":\"text\",\"list_element\":\"ul\",\"list_horizontal_separator\":\", \",\"list_size\":\"large\",\"list_type\":\"vertical\",\"maxwidth\":\"large\",\"maxwidth_breakpoint\":\"m\",\"show_image\":true,\"show_link\":true,\"status\":\"disabled\"},\"children\":[{\"type\":\"list_item\",\"props\":{\"content\":\"\n\n<p>Informativa per il trattamento dei dati personali<\\\/p>\",\"link\":\"privacy-policy\\\/informativa-trattamento\\\/\"}},{\"type\":\"list_item\",\"props\":{\"content\":\"\n\n<p>Informativa sui cookie<\\\/p>\",\"link\":\"privacy-policy\\\/informativa-cookie-2\\\/\"}},{\"type\":\"list_item\",\"props\":{\"content\":\"\n\n<p>Informativa sulla newsletter<\\\/p>\",\"link\":\"privacy-policy\\\/informativa-newsletter\\\/\"}},{\"type\":\"list_item\",\"props\":{\"content\":\"\n\n<p>Informativa ai clienti e fornitori<\\\/p>\",\"link\":\"privacy-policy\\\/informativa-clienti-fornitori\\\/\"}},{\"type\":\"list_item\",\"props\":{\"content\":\"\n\n<p>Informativa per la raccolta dei dati sul sito web<\\\/p>\",\"link\":\"privacy-policy\\\/informativa-raccolta-dati\\\/\"}}]},{\"type\":\"list\",\"props\":{\"block_align\":\"center\",\"block_align_breakpoint\":\"m\",\"column_breakpoint\":\"m\",\"icon\":\"triangle-right\",\"image_align\":\"left\",\"image_svg_color\":\"emphasis\",\"image_vertical_align\":true,\"link_style\":\"text\",\"list_element\":\"ul\",\"list_horizontal_separator\":\", \",\"list_size\":\"large\",\"list_type\":\"vertical\",\"maxwidth\":\"large\",\"maxwidth_breakpoint\":\"m\",\"show_image\":true,\"show_link\":true},\"children\":[{\"type\":\"list_item\",\"props\":{\"content\":\"\n\n<p>Informaci\\u00f3n sobre el tratamiento de datos personales<\\\/p>\",\"link\":\"es\\\/privacy-policy\\\/informacion-sobre-el-tratamiento-de-datos-personales\\\/\"}},{\"type\":\"list_item\",\"props\":{\"content\":\"\n\n<p>Pol\\u00edtica de Cookies<\\\/p>\",\"link\":\"es\\\/privacy-policy\\\/politica-de-cookies\\\/\"}}]}]}]}]}],\"version\":\"4.3.5\"} --><\/p>\n","protected":false},"excerpt":{"rendered":"<p>Centro de privacidad Meliconi Estimado cliente, este es el portal dedicado a la privacidad de Meliconi S.p.A. Aqu\u00ed encontrar\u00e1 toda la informaci\u00f3n sobre c\u00f3mo se gestionan sus datos personales en nuestro sitio web y en los servicios relacionados. Informaci\u00f3n sobre el tratamiento de datos personales Pol\u00edtica de Cookies<\/p>\n","protected":false},"author":1,"featured_media":0,"parent":0,"menu_order":0,"comment_status":"closed","ping_status":"closed","template":"","meta":{"_acf_changed":false,"footnotes":""},"class_list":["post-15442","page","type-page","status-publish","hentry"],"acf":[],"yoast_head":"<!-- This site is optimized with the Yoast SEO plugin v27.4 - https:\/\/yoast.com\/product\/yoast-seo-wordpress\/ -->\n<title>Privacy Policy - Meliconi<\/title>\n<meta name=\"robots\" content=\"index, follow, max-snippet:-1, max-image-preview:large, max-video-preview:-1\" \/>\n<link rel=\"canonical\" href=\"https:\/\/www.meliconi.com\/es\/privacy-policy\/\" \/>\n<meta property=\"og:locale\" content=\"es_ES\" \/>\n<meta property=\"og:type\" content=\"article\" \/>\n<meta property=\"og:title\" content=\"Privacy Policy - Meliconi\" \/>\n<meta property=\"og:description\" content=\"Centro de privacidad Meliconi Estimado cliente, este es el portal dedicado a la privacidad de Meliconi S.p.A. Aqu\u00ed encontrar\u00e1 toda la informaci\u00f3n sobre c\u00f3mo se gestionan sus datos personales en nuestro sitio web y en los servicios relacionados. Informaci\u00f3n sobre el tratamiento de datos personales Pol\u00edtica de Cookies\" \/>\n<meta property=\"og:url\" content=\"https:\/\/www.meliconi.com\/es\/privacy-policy\/\" \/>\n<meta property=\"og:site_name\" content=\"Meliconi\" \/>\n<meta property=\"article:modified_time\" content=\"2025-05-14T14:29:55+00:00\" \/>\n<meta name=\"twitter:card\" content=\"summary_large_image\" \/>\n<script type=\"application\/ld+json\" class=\"yoast-schema-graph\">{\"@context\":\"https:\\\/\\\/schema.org\",\"@graph\":[{\"@type\":\"WebPage\",\"@id\":\"https:\\\/\\\/www.meliconi.com\\\/es\\\/privacy-policy\\\/\",\"url\":\"https:\\\/\\\/www.meliconi.com\\\/es\\\/privacy-policy\\\/\",\"name\":\"Privacy Policy - Meliconi\",\"isPartOf\":{\"@id\":\"https:\\\/\\\/www.meliconi.com\\\/es\\\/#website\"},\"datePublished\":\"2021-04-08T08:37:59+00:00\",\"dateModified\":\"2025-05-14T14:29:55+00:00\",\"breadcrumb\":{\"@id\":\"https:\\\/\\\/www.meliconi.com\\\/es\\\/privacy-policy\\\/#breadcrumb\"},\"inLanguage\":\"es\",\"potentialAction\":[{\"@type\":\"ReadAction\",\"target\":[\"https:\\\/\\\/www.meliconi.com\\\/es\\\/privacy-policy\\\/\"]}]},{\"@type\":\"BreadcrumbList\",\"@id\":\"https:\\\/\\\/www.meliconi.com\\\/es\\\/privacy-policy\\\/#breadcrumb\",\"itemListElement\":[{\"@type\":\"ListItem\",\"position\":1,\"name\":\"Home\",\"item\":\"https:\\\/\\\/www.meliconi.com\\\/es\\\/\"},{\"@type\":\"ListItem\",\"position\":2,\"name\":\"Privacy Policy\"}]},{\"@type\":\"WebSite\",\"@id\":\"https:\\\/\\\/www.meliconi.com\\\/es\\\/#website\",\"url\":\"https:\\\/\\\/www.meliconi.com\\\/es\\\/\",\"name\":\"Meliconi\",\"description\":\"El especialista en accesorios \",\"publisher\":{\"@id\":\"https:\\\/\\\/www.meliconi.com\\\/es\\\/#organization\"},\"potentialAction\":[{\"@type\":\"SearchAction\",\"target\":{\"@type\":\"EntryPoint\",\"urlTemplate\":\"https:\\\/\\\/www.meliconi.com\\\/es\\\/?s={search_term_string}\"},\"query-input\":{\"@type\":\"PropertyValueSpecification\",\"valueRequired\":true,\"valueName\":\"search_term_string\"}}],\"inLanguage\":\"es\"},{\"@type\":\"Organization\",\"@id\":\"https:\\\/\\\/www.meliconi.com\\\/es\\\/#organization\",\"name\":\"Meliconi\",\"url\":\"https:\\\/\\\/www.meliconi.com\\\/es\\\/\",\"logo\":{\"@type\":\"ImageObject\",\"inLanguage\":\"es\",\"@id\":\"https:\\\/\\\/www.meliconi.com\\\/es\\\/#\\\/schema\\\/logo\\\/image\\\/\",\"url\":\"https:\\\/\\\/www.meliconi.com\\\/wp-content\\\/uploads\\\/2021\\\/06\\\/logo-meliconi.png\",\"contentUrl\":\"https:\\\/\\\/www.meliconi.com\\\/wp-content\\\/uploads\\\/2021\\\/06\\\/logo-meliconi.png\",\"width\":338,\"height\":102,\"caption\":\"Meliconi\"},\"image\":{\"@id\":\"https:\\\/\\\/www.meliconi.com\\\/es\\\/#\\\/schema\\\/logo\\\/image\\\/\"}}]}<\/script>\n<!-- \/ Yoast SEO plugin. -->","yoast_head_json":{"title":"Privacy Policy - Meliconi","robots":{"index":"index","follow":"follow","max-snippet":"max-snippet:-1","max-image-preview":"max-image-preview:large","max-video-preview":"max-video-preview:-1"},"canonical":"https:\/\/www.meliconi.com\/es\/privacy-policy\/","og_locale":"es_ES","og_type":"article","og_title":"Privacy Policy - Meliconi","og_description":"Centro de privacidad Meliconi Estimado cliente, este es el portal dedicado a la privacidad de Meliconi S.p.A. Aqu\u00ed encontrar\u00e1 toda la informaci\u00f3n sobre c\u00f3mo se gestionan sus datos personales en nuestro sitio web y en los servicios relacionados. Informaci\u00f3n sobre el tratamiento de datos personales Pol\u00edtica de Cookies","og_url":"https:\/\/www.meliconi.com\/es\/privacy-policy\/","og_site_name":"Meliconi","article_modified_time":"2025-05-14T14:29:55+00:00","twitter_card":"summary_large_image","schema":{"@context":"https:\/\/schema.org","@graph":[{"@type":"WebPage","@id":"https:\/\/www.meliconi.com\/es\/privacy-policy\/","url":"https:\/\/www.meliconi.com\/es\/privacy-policy\/","name":"Privacy Policy - Meliconi","isPartOf":{"@id":"https:\/\/www.meliconi.com\/es\/#website"},"datePublished":"2021-04-08T08:37:59+00:00","dateModified":"2025-05-14T14:29:55+00:00","breadcrumb":{"@id":"https:\/\/www.meliconi.com\/es\/privacy-policy\/#breadcrumb"},"inLanguage":"es","potentialAction":[{"@type":"ReadAction","target":["https:\/\/www.meliconi.com\/es\/privacy-policy\/"]}]},{"@type":"BreadcrumbList","@id":"https:\/\/www.meliconi.com\/es\/privacy-policy\/#breadcrumb","itemListElement":[{"@type":"ListItem","position":1,"name":"Home","item":"https:\/\/www.meliconi.com\/es\/"},{"@type":"ListItem","position":2,"name":"Privacy Policy"}]},{"@type":"WebSite","@id":"https:\/\/www.meliconi.com\/es\/#website","url":"https:\/\/www.meliconi.com\/es\/","name":"Meliconi","description":"El especialista en accesorios ","publisher":{"@id":"https:\/\/www.meliconi.com\/es\/#organization"},"potentialAction":[{"@type":"SearchAction","target":{"@type":"EntryPoint","urlTemplate":"https:\/\/www.meliconi.com\/es\/?s={search_term_string}"},"query-input":{"@type":"PropertyValueSpecification","valueRequired":true,"valueName":"search_term_string"}}],"inLanguage":"es"},{"@type":"Organization","@id":"https:\/\/www.meliconi.com\/es\/#organization","name":"Meliconi","url":"https:\/\/www.meliconi.com\/es\/","logo":{"@type":"ImageObject","inLanguage":"es","@id":"https:\/\/www.meliconi.com\/es\/#\/schema\/logo\/image\/","url":"https:\/\/www.meliconi.com\/wp-content\/uploads\/2021\/06\/logo-meliconi.png","contentUrl":"https:\/\/www.meliconi.com\/wp-content\/uploads\/2021\/06\/logo-meliconi.png","width":338,"height":102,"caption":"Meliconi"},"image":{"@id":"https:\/\/www.meliconi.com\/es\/#\/schema\/logo\/image\/"}}]}},"_links":{"self":[{"href":"https:\/\/www.meliconi.com\/es\/wp-json\/wp\/v2\/pages\/15442","targetHints":{"allow":["GET"]}}],"collection":[{"href":"https:\/\/www.meliconi.com\/es\/wp-json\/wp\/v2\/pages"}],"about":[{"href":"https:\/\/www.meliconi.com\/es\/wp-json\/wp\/v2\/types\/page"}],"author":[{"embeddable":true,"href":"https:\/\/www.meliconi.com\/es\/wp-json\/wp\/v2\/users\/1"}],"replies":[{"embeddable":true,"href":"https:\/\/www.meliconi.com\/es\/wp-json\/wp\/v2\/comments?post=15442"}],"version-history":[{"count":10,"href":"https:\/\/www.meliconi.com\/es\/wp-json\/wp\/v2\/pages\/15442\/revisions"}],"predecessor-version":[{"id":65639,"href":"https:\/\/www.meliconi.com\/es\/wp-json\/wp\/v2\/pages\/15442\/revisions\/65639"}],"wp:attachment":[{"href":"https:\/\/www.meliconi.com\/es\/wp-json\/wp\/v2\/media?parent=15442"}],"curies":[{"name":"wp","href":"https:\/\/api.w.org\/{rel}","templated":true}]}}