{"id":15363,"date":"2021-04-16T14:25:42","date_gmt":"2021-04-16T14:25:42","guid":{"rendered":"https:\/\/www.meliconi.com\/faq\/"},"modified":"2025-10-03T17:05:38","modified_gmt":"2025-10-03T15:05:38","slug":"faq","status":"publish","type":"page","link":"https:\/\/www.meliconi.com\/es\/faq\/","title":{"rendered":"FAQ"},"content":{"rendered":"<ul>\n<li>\n<h3>\u00bfDeseas conocer la disponibilidad de una pieza de recambio para un producto Meliconi?<\/h3>\n<div>\n<p>Env\u00eda tu solicitud a <a href=\"mailto:info@meliconi.es\">info@meliconi.es<\/a> con el asunto \u00absolicitud de piezas de recambio\u00bb.<\/p>\n<\/div>\n<\/li>\n<li>\n<h3>\u00bfTienes alguna consulta o problema t\u00e9cnico con tu producto?<\/h3>\n<div>\n<p>Encuentra la persona de contacto a la que llamar en este enlace <a href=\"https:\/\/www.meliconi.com\/es\/atencion-al-cliente\/\">https:\/\/www.meliconi.com\/es\/atencion-al-cliente\/<\/a><\/p>\n<\/div>\n<\/li>\n<li>\n<h3>\u00bfDeseas saber si puedes utilizar uno de nuestros kits de superposici\u00f3n L\u00ednea Base con tus electrodom\u00e9sticos?<\/h3>\n<div>\n<p>Nuestros kits de superposici\u00f3n pueden utilizarse con todas las lavadoras de carga frontal con una profundidad m\u00ednima de 45 cm y m\u00e1xima de 60 cm, y con las secadoras de carga frontal con una profundidad de hasta 60 cm.<br \/>Para m\u00e1s informaci\u00f3n, escribe a <a href=\"mailto:info@meliconi.es\">info@meliconi.es<\/a> con el asunto del correo electr\u00f3nico \u00abl\u00ednea base\u00bb.<\/p>\n<\/div>\n<\/li>\n<li>\n<h3>\u00bfTienes dudas sobre la programaci\u00f3n de tu mando a distancia?<\/h3>\n<div>\n<p>Env\u00eda un correo electr\u00f3nico a <a href=\"mailto:info@meliconi.es\">info@meliconi.es<\/a><\/p>\n<\/p>\n<\/div>\n<\/li>\n<\/ul>\n<p><!--more--><br \/>\n<!-- {\"type\":\"layout\",\"children\":[{\"type\":\"section\",\"props\":{\"image_position\":\"center-center\",\"style\":\"secondary\",\"title_breakpoint\":\"xl\",\"title_position\":\"top-left\",\"title_rotation\":\"left\",\"vertical_align\":\"middle\",\"width\":\"default\"},\"children\":[{\"type\":\"row\",\"children\":[{\"type\":\"column\",\"props\":{\"image_position\":\"center-center\",\"position_sticky_breakpoint\":\"m\"},\"children\":[{\"type\":\"headline\",\"props\":{\"text_align\":\"center\",\"title_element\":\"h1\",\"title_style\":\"heading-medium\"},\"source\":{\"query\":{\"name\":\"pages.singlePage\"},\"props\":{\"content\":{\"filters\":{\"search\":\"\"},\"name\":\"title\"}}}}]}]}]},{\"type\":\"section\",\"props\":{\"animation\":\"slide-bottom-small\",\"animation_delay\":\"200\",\"image_position\":\"center-center\",\"style\":\"default\",\"title_breakpoint\":\"xl\",\"title_position\":\"top-left\",\"title_rotation\":\"left\",\"vertical_align\":\"middle\",\"width\":\"default\"},\"children\":[{\"type\":\"row\",\"children\":[{\"type\":\"column\",\"props\":{\"image_position\":\"center-center\",\"position_sticky_breakpoint\":\"m\"},\"children\":[{\"type\":\"accordion\",\"props\":{\"block_align\":\"center\",\"class\":\"me-faq-accordion\",\"collapsible\":true,\"content_column_breakpoint\":\"m\",\"content_margin\":\"medium\",\"image_align\":\"top\",\"image_grid_breakpoint\":\"m\",\"image_grid_width\":\"1-2\",\"image_svg_color\":\"emphasis\",\"link_style\":\"default\",\"link_text\":\"Read more\",\"maxwidth\":\"2xlarge\",\"multiple\":true,\"show_image\":true,\"show_link\":true},\"children\":[{\"type\":\"accordion_item\",\"props\":{\"content\":\"\n\n<p>Env\\u00eda tu solicitud a <a href=\\\"mailto:info@meliconi.es\\\">info@meliconi.es<\\\/a> con el asunto \\\"solicitud de piezas de recambio\\\".<\\\/p>\",\"title\":\"\\u00bfDeseas conocer la disponibilidad de una pieza de recambio para un producto Meliconi?\"}},{\"type\":\"accordion_item\",\"props\":{\"content\":\"\n\n<p>Encuentra la persona de contacto a la que llamar en este enlace <a href=\\\"https:\\\/\\\/www.meliconi.com\\\/es\\\/atencion-al-cliente\\\/\\\">https:\\\/\\\/www.meliconi.com\\\/es\\\/atencion-al-cliente\\\/<\\\/a><\\\/p>\",\"title\":\"\\u00bfTienes alguna consulta o problema t\\u00e9cnico con tu producto?\"}},{\"type\":\"accordion_item\",\"props\":{\"content\":\"\n\n<p>Nuestros kits de superposici\\u00f3n pueden utilizarse con todas las lavadoras de carga frontal con una profundidad m\\u00ednima de 45 cm y m\\u00e1xima de 60 cm, y con las secadoras de carga frontal con una profundidad de hasta 60 cm.<br \\\/>Para m\\u00e1s informaci\\u00f3n, escribe a <a href=\\\"mailto:info@meliconi.es\\\">info@meliconi.es<\\\/a> con el asunto del correo electr\\u00f3nico \\\"l\\u00ednea base\\\".<\\\/p>\",\"title\":\"\\u00bfDeseas saber si puedes utilizar uno de nuestros kits de superposici\\u00f3n L\\u00ednea Base con tus electrodom\\u00e9sticos?\"}},{\"type\":\"accordion_item\",\"props\":{\"content\":\"\n\n<p>Env\\u00eda un correo electr\\u00f3nico a <a href=\\\"mailto:info@meliconi.es\\\">info@meliconi.es<\\\/a><\\\/p>\\n\n\n<p><\\\/p>\",\"title\":\"\\u00bfTienes dudas sobre la programaci\\u00f3n de tu mando a distancia?\"}}]}]}]}]}],\"version\":\"4.3.5\"} --><\/p>\n","protected":false},"excerpt":{"rendered":"<p>\u00bfDeseas conocer la disponibilidad de una pieza de recambio para un producto Meliconi? Env\u00eda tu solicitud a info@meliconi.es con el asunto \u00absolicitud de piezas de recambio\u00bb. \u00bfTienes alguna consulta o problema t\u00e9cnico con tu producto? Encuentra la persona de contacto a la que llamar en este enlace https:\/\/www.meliconi.com\/es\/atencion-al-cliente\/ \u00bfDeseas saber si puedes utilizar uno de [&hellip;]<\/p>\n","protected":false},"author":1,"featured_media":0,"parent":0,"menu_order":0,"comment_status":"closed","ping_status":"closed","template":"","meta":{"_acf_changed":false,"footnotes":""},"class_list":["post-15363","page","type-page","status-publish","hentry"],"acf":[],"yoast_head":"<!-- This site is optimized with the Yoast SEO plugin v27.4 - https:\/\/yoast.com\/product\/yoast-seo-wordpress\/ -->\n<title>FAQ - Meliconi<\/title>\n<meta name=\"robots\" content=\"index, follow, max-snippet:-1, max-image-preview:large, max-video-preview:-1\" \/>\n<link rel=\"canonical\" href=\"https:\/\/www.meliconi.com\/es\/faq\/\" \/>\n<meta property=\"og:locale\" content=\"es_ES\" \/>\n<meta property=\"og:type\" content=\"article\" \/>\n<meta property=\"og:title\" content=\"FAQ - Meliconi\" \/>\n<meta property=\"og:description\" content=\"\u00bfDeseas conocer la disponibilidad de una pieza de recambio para un producto Meliconi? Env\u00eda tu solicitud a info@meliconi.es con el asunto \u00absolicitud de piezas de recambio\u00bb. \u00bfTienes alguna consulta o problema t\u00e9cnico con tu producto? Encuentra la persona de contacto a la que llamar en este enlace https:\/\/www.meliconi.com\/es\/atencion-al-cliente\/ \u00bfDeseas saber si puedes utilizar uno de [&hellip;]\" \/>\n<meta property=\"og:url\" content=\"https:\/\/www.meliconi.com\/es\/faq\/\" \/>\n<meta property=\"og:site_name\" content=\"Meliconi\" \/>\n<meta property=\"article:modified_time\" content=\"2025-10-03T15:05:38+00:00\" \/>\n<meta name=\"twitter:card\" content=\"summary_large_image\" \/>\n<meta name=\"twitter:label1\" content=\"Tiempo de lectura\" \/>\n\t<meta name=\"twitter:data1\" content=\"1 minuto\" \/>\n<script type=\"application\/ld+json\" class=\"yoast-schema-graph\">{\"@context\":\"https:\\\/\\\/schema.org\",\"@graph\":[{\"@type\":\"WebPage\",\"@id\":\"https:\\\/\\\/www.meliconi.com\\\/es\\\/faq\\\/\",\"url\":\"https:\\\/\\\/www.meliconi.com\\\/es\\\/faq\\\/\",\"name\":\"FAQ - Meliconi\",\"isPartOf\":{\"@id\":\"https:\\\/\\\/www.meliconi.com\\\/es\\\/#website\"},\"datePublished\":\"2021-04-16T14:25:42+00:00\",\"dateModified\":\"2025-10-03T15:05:38+00:00\",\"breadcrumb\":{\"@id\":\"https:\\\/\\\/www.meliconi.com\\\/es\\\/faq\\\/#breadcrumb\"},\"inLanguage\":\"es\",\"potentialAction\":[{\"@type\":\"ReadAction\",\"target\":[\"https:\\\/\\\/www.meliconi.com\\\/es\\\/faq\\\/\"]}]},{\"@type\":\"BreadcrumbList\",\"@id\":\"https:\\\/\\\/www.meliconi.com\\\/es\\\/faq\\\/#breadcrumb\",\"itemListElement\":[{\"@type\":\"ListItem\",\"position\":1,\"name\":\"Home\",\"item\":\"https:\\\/\\\/www.meliconi.com\\\/es\\\/\"},{\"@type\":\"ListItem\",\"position\":2,\"name\":\"FAQ\"}]},{\"@type\":\"WebSite\",\"@id\":\"https:\\\/\\\/www.meliconi.com\\\/es\\\/#website\",\"url\":\"https:\\\/\\\/www.meliconi.com\\\/es\\\/\",\"name\":\"Meliconi\",\"description\":\"El especialista en accesorios \",\"publisher\":{\"@id\":\"https:\\\/\\\/www.meliconi.com\\\/es\\\/#organization\"},\"potentialAction\":[{\"@type\":\"SearchAction\",\"target\":{\"@type\":\"EntryPoint\",\"urlTemplate\":\"https:\\\/\\\/www.meliconi.com\\\/es\\\/?s={search_term_string}\"},\"query-input\":{\"@type\":\"PropertyValueSpecification\",\"valueRequired\":true,\"valueName\":\"search_term_string\"}}],\"inLanguage\":\"es\"},{\"@type\":\"Organization\",\"@id\":\"https:\\\/\\\/www.meliconi.com\\\/es\\\/#organization\",\"name\":\"Meliconi\",\"url\":\"https:\\\/\\\/www.meliconi.com\\\/es\\\/\",\"logo\":{\"@type\":\"ImageObject\",\"inLanguage\":\"es\",\"@id\":\"https:\\\/\\\/www.meliconi.com\\\/es\\\/#\\\/schema\\\/logo\\\/image\\\/\",\"url\":\"https:\\\/\\\/www.meliconi.com\\\/wp-content\\\/uploads\\\/2021\\\/06\\\/logo-meliconi.png\",\"contentUrl\":\"https:\\\/\\\/www.meliconi.com\\\/wp-content\\\/uploads\\\/2021\\\/06\\\/logo-meliconi.png\",\"width\":338,\"height\":102,\"caption\":\"Meliconi\"},\"image\":{\"@id\":\"https:\\\/\\\/www.meliconi.com\\\/es\\\/#\\\/schema\\\/logo\\\/image\\\/\"}}]}<\/script>\n<!-- \/ Yoast SEO plugin. -->","yoast_head_json":{"title":"FAQ - Meliconi","robots":{"index":"index","follow":"follow","max-snippet":"max-snippet:-1","max-image-preview":"max-image-preview:large","max-video-preview":"max-video-preview:-1"},"canonical":"https:\/\/www.meliconi.com\/es\/faq\/","og_locale":"es_ES","og_type":"article","og_title":"FAQ - Meliconi","og_description":"\u00bfDeseas conocer la disponibilidad de una pieza de recambio para un producto Meliconi? Env\u00eda tu solicitud a info@meliconi.es con el asunto \u00absolicitud de piezas de recambio\u00bb. \u00bfTienes alguna consulta o problema t\u00e9cnico con tu producto? Encuentra la persona de contacto a la que llamar en este enlace https:\/\/www.meliconi.com\/es\/atencion-al-cliente\/ \u00bfDeseas saber si puedes utilizar uno de [&hellip;]","og_url":"https:\/\/www.meliconi.com\/es\/faq\/","og_site_name":"Meliconi","article_modified_time":"2025-10-03T15:05:38+00:00","twitter_card":"summary_large_image","twitter_misc":{"Tiempo de lectura":"1 minuto"},"schema":{"@context":"https:\/\/schema.org","@graph":[{"@type":"WebPage","@id":"https:\/\/www.meliconi.com\/es\/faq\/","url":"https:\/\/www.meliconi.com\/es\/faq\/","name":"FAQ - Meliconi","isPartOf":{"@id":"https:\/\/www.meliconi.com\/es\/#website"},"datePublished":"2021-04-16T14:25:42+00:00","dateModified":"2025-10-03T15:05:38+00:00","breadcrumb":{"@id":"https:\/\/www.meliconi.com\/es\/faq\/#breadcrumb"},"inLanguage":"es","potentialAction":[{"@type":"ReadAction","target":["https:\/\/www.meliconi.com\/es\/faq\/"]}]},{"@type":"BreadcrumbList","@id":"https:\/\/www.meliconi.com\/es\/faq\/#breadcrumb","itemListElement":[{"@type":"ListItem","position":1,"name":"Home","item":"https:\/\/www.meliconi.com\/es\/"},{"@type":"ListItem","position":2,"name":"FAQ"}]},{"@type":"WebSite","@id":"https:\/\/www.meliconi.com\/es\/#website","url":"https:\/\/www.meliconi.com\/es\/","name":"Meliconi","description":"El especialista en accesorios ","publisher":{"@id":"https:\/\/www.meliconi.com\/es\/#organization"},"potentialAction":[{"@type":"SearchAction","target":{"@type":"EntryPoint","urlTemplate":"https:\/\/www.meliconi.com\/es\/?s={search_term_string}"},"query-input":{"@type":"PropertyValueSpecification","valueRequired":true,"valueName":"search_term_string"}}],"inLanguage":"es"},{"@type":"Organization","@id":"https:\/\/www.meliconi.com\/es\/#organization","name":"Meliconi","url":"https:\/\/www.meliconi.com\/es\/","logo":{"@type":"ImageObject","inLanguage":"es","@id":"https:\/\/www.meliconi.com\/es\/#\/schema\/logo\/image\/","url":"https:\/\/www.meliconi.com\/wp-content\/uploads\/2021\/06\/logo-meliconi.png","contentUrl":"https:\/\/www.meliconi.com\/wp-content\/uploads\/2021\/06\/logo-meliconi.png","width":338,"height":102,"caption":"Meliconi"},"image":{"@id":"https:\/\/www.meliconi.com\/es\/#\/schema\/logo\/image\/"}}]}},"_links":{"self":[{"href":"https:\/\/www.meliconi.com\/es\/wp-json\/wp\/v2\/pages\/15363","targetHints":{"allow":["GET"]}}],"collection":[{"href":"https:\/\/www.meliconi.com\/es\/wp-json\/wp\/v2\/pages"}],"about":[{"href":"https:\/\/www.meliconi.com\/es\/wp-json\/wp\/v2\/types\/page"}],"author":[{"embeddable":true,"href":"https:\/\/www.meliconi.com\/es\/wp-json\/wp\/v2\/users\/1"}],"replies":[{"embeddable":true,"href":"https:\/\/www.meliconi.com\/es\/wp-json\/wp\/v2\/comments?post=15363"}],"version-history":[{"count":6,"href":"https:\/\/www.meliconi.com\/es\/wp-json\/wp\/v2\/pages\/15363\/revisions"}],"predecessor-version":[{"id":68203,"href":"https:\/\/www.meliconi.com\/es\/wp-json\/wp\/v2\/pages\/15363\/revisions\/68203"}],"wp:attachment":[{"href":"https:\/\/www.meliconi.com\/es\/wp-json\/wp\/v2\/media?parent=15363"}],"curies":[{"name":"wp","href":"https:\/\/api.w.org\/{rel}","templated":true}]}}