{"id":13602,"date":"2021-08-11T09:03:22","date_gmt":"2021-08-11T09:03:22","guid":{"rendered":"https:\/\/www.meliconi.com\/?page_id=13602"},"modified":"2025-10-15T11:55:38","modified_gmt":"2025-10-15T09:55:38","slug":"otros-productos","status":"publish","type":"page","link":"https:\/\/www.meliconi.com\/es\/otros-productos\/","title":{"rendered":"Otros productos"},"content":{"rendered":"<ul>\n<li>\n<p><img decoding=\"async\" src=\"\/wp-content\/uploads\/2021\/07\/secondary_menu_icon_antenne_tv.png\" alt=\"\"><\/p>\n<div>Antenas de TV<\/div>\n<p><a href=\"\/es\/shop\/tv-es\/antenas-tv-y-amplificadores-es\/\"><\/a><\/p>\n<\/li>\n<li>\n<p><img decoding=\"async\" src=\"\/wp-content\/uploads\/2021\/07\/secondary_menu_icon_guscio-telecomando.png\" alt=\"\"><\/p>\n<div>Funda de protecci\u00f3n para mandos<\/div>\n<p><a href=\"\/es\/shop\/otros-accessorios-es\/funda-para-mandos-es\/\"><\/a><\/p>\n<\/li>\n<\/ul>\n<h1><span>Otros accesorios Meliconi<\/span><\/h1>\n<div>\n<h2>Antenas Tv<\/h2>\n<div>\n<p>Las antenas de televisi\u00f3n de interior Meliconi permiten una recepci\u00f3n \u00f3ptima de la se\u00f1al digital terrestre (DVBT y DVBT2) a trav\u00e9s de un decodificador (integrado en el televisor o externo).<\/p>\n<\/div>\n<p><a href=\"\/es\/outros-productos\/antenas-tv\/\">M\u00e1s informaci\u00f3n<\/a><\/p>\n<\/div>\n<div>\n<h2>Funda de protecci\u00f3n para mandos a distancia<\/h2>\n<div>\n<p><span>Un producto ic\u00f3nico, representativo de la empresa desde 1987 (a\u00f1o en que se lanz\u00f3 al mercado), incluso despu\u00e9s de m\u00e1s de 30 a\u00f1os la carcasa del mando a distancia sigue siendo conocida y apreciada por los consumidores.<\/span><\/p>\n<\/div>\n<p><a href=\"\/es\/shop\/otros-accessorios-es\/funda-para-mandos-es\/\">Descubre los productos<\/a><\/p>\n<\/div>\n<p><!--more--><br \/>\n<!-- {\"name\":\"Long Page - Audio\",\"type\":\"layout\",\"children\":[{\"type\":\"section\",\"props\":{\"image_position\":\"center-center\",\"padding\":\"none\",\"style\":\"default\",\"title_breakpoint\":\"xl\",\"title_position\":\"top-left\",\"title_rotation\":\"left\",\"vertical_align\":\"middle\",\"width\":\"\"},\"children\":[{\"type\":\"row\",\"children\":[{\"type\":\"column\",\"props\":{\"image_position\":\"center-center\",\"position_sticky_breakpoint\":\"m\"},\"children\":[{\"type\":\"panel-slider\",\"props\":{\"attributes\":\"uk-sticky=\\\"offset:60;media:960;\\\"\",\"class\":\"me-secondary-menu\",\"content_column_breakpoint\":\"m\",\"icon_width\":\"30\",\"image_align\":\"top\",\"image_grid_breakpoint\":\"m\",\"image_grid_width\":\"1-5\",\"image_link\":false,\"image_svg_color\":\"emphasis\",\"image_width\":\"75\",\"link_style\":\"default\",\"link_text\":\"\",\"margin\":\"\",\"meta_align\":\"below-title\",\"meta_element\":\"div\",\"meta_style\":\"text-meta\",\"nav\":\"\",\"nav_align\":\"center\",\"nav_breakpoint\":\"s\",\"panel_image_no_padding\":false,\"panel_link\":true,\"panel_match\":true,\"panel_padding\":\"small\",\"panel_style\":\"card-secondary\",\"show_content\":true,\"show_image\":true,\"show_link\":true,\"show_meta\":true,\"show_title\":true,\"slidenav\":\"default\",\"slidenav_breakpoint\":\"\",\"slidenav_color\":\"light\",\"slidenav_large\":false,\"slidenav_margin\":\"\",\"slidenav_outside_breakpoint\":\"xl\",\"slider_autoplay_pause\":true,\"slider_center\":false,\"slider_divider\":true,\"slider_finite\":true,\"slider_gap\":\"\",\"slider_width\":\"fixed\",\"slider_width_default\":\"3-5\",\"slider_width_large\":\"1-2\",\"slider_width_medium\":\"1-2\",\"slider_width_small\":\"1-2\",\"slider_width_xlarge\":\"1-2\",\"text_align\":\"center\",\"title_align\":\"top\",\"title_element\":\"div\",\"title_grid_breakpoint\":\"m\",\"title_grid_width\":\"1-2\",\"title_hover_style\":\"heading\",\"title_link\":true,\"title_style\":\"h6\"},\"children\":[{\"type\":\"panel-slider_item\",\"props\":{\"icon\":\"\",\"image\":\"wp-content\\\/uploads\\\/2021\\\/07\\\/secondary_menu_icon_antenne_tv.png\",\"link\":\"es\\\/shop\\\/tv-es\\\/antenas-tv-y-amplificadores-es\\\/\",\"title\":\"Antenas de TV\"}},{\"type\":\"panel-slider_item\",\"props\":{\"icon\":\"\",\"image\":\"wp-content\\\/uploads\\\/2021\\\/06\\\/secondary_menu_icon_cavi.png\",\"link\":\"es\\\/shop\\\/tv-es\\\/cables-es\\\/\",\"status\":\"disabled\",\"title\":\"Cables\"}},{\"type\":\"panel-slider_item\",\"props\":{\"icon\":\"\",\"image\":\"wp-content\\\/uploads\\\/2021\\\/07\\\/secondary_menu_icon_guscio-telecomando.png\",\"link\":\"es\\\/shop\\\/otros-accessorios-es\\\/funda-para-mandos-es\\\/\",\"title\":\"Funda de protecci\\u00f3n para mandos\"}},{\"type\":\"panel-slider_item\",\"props\":{\"icon\":\"\",\"image\":\"wp-content\\\/uploads\\\/2022\\\/07\\\/secondary_menu_icon_linea-green_3.png\",\"link\":\"es\\\/shop\\\/accesorios-para-electrodomesticos-es\\\/accessoriosi-es\\\/linea-green-es\\\/\",\"status\":\"disabled\",\"title\":\"Linea Green\"}},{\"type\":\"panel-slider_item\",\"props\":{\"icon\":\"\",\"image\":\"wp-content\\\/uploads\\\/2021\\\/10\\\/secondary_menu_icon_prodotti-detergenza.png\",\"link\":\"es\\\/shop\\\/otros-accessorios-es\\\/limpieza-av-es\\\/\",\"status\":\"disabled\",\"title\":\"Limpieza A\\\/V\"}},{\"type\":\"panel-slider_item\",\"props\":{\"icon\":\"\",\"image\":\"wp-content\\\/uploads\\\/2021\\\/06\\\/secondary_menu_icon_cleaning_tower.png\",\"link\":\"es\\\/producto\\\/cleaning-tower\\\/\",\"status\":\"disabled\",\"title\":\"Cleaning Tower\"}}],\"modified\":\"2021-05-05T12:19:20.663Z\",\"name\":\"Secondary Menu\"}]}]}]},{\"type\":\"section\",\"props\":{\"animation\":\"slide-bottom-medium\",\"animation_delay\":\"500\",\"image_position\":\"center-center\",\"style\":\"default\",\"title_breakpoint\":\"xl\",\"title_position\":\"top-left\",\"title_rotation\":\"left\",\"vertical_align\":\"middle\",\"width\":\"default\"},\"children\":[{\"type\":\"row\",\"children\":[{\"type\":\"column\",\"props\":{\"image_position\":\"center-center\",\"position_sticky_breakpoint\":\"m\"},\"children\":[{\"type\":\"headline\",\"props\":{\"content\":\"<span>Otros accesorios Meliconi<\\\/span>\",\"text_align\":\"center\",\"title_element\":\"h1\",\"title_style\":\"heading-medium\"}}]}]}]},{\"type\":\"section\",\"props\":{\"animation\":\"slide-bottom-small\",\"animation_delay\":\"200\",\"class\":\"uk-animation-fade uk-margin-small-bottom\",\"image\":\"wp-content\\\/uploads\\\/2021\\\/05\\\/ANTENNE.jpg\",\"image_position\":\"center-right\",\"image_size\":\"cover\",\"overlap\":false,\"padding\":\"large\",\"style\":\"default\",\"text_color\":\"light\",\"title_breakpoint\":\"xl\",\"title_position\":\"top-left\",\"title_rotation\":\"left\",\"vertical_align\":\"middle\",\"width\":\"default\"},\"children\":[{\"type\":\"row\",\"children\":[{\"type\":\"column\",\"props\":{\"image_position\":\"center-center\",\"position_sticky_breakpoint\":\"m\"},\"children\":[{\"type\":\"panel\",\"props\":{\"block_align\":\"right\",\"block_align_breakpoint\":\"m\",\"content\":\"\n\n<p>Las antenas de televisi\\u00f3n de interior Meliconi permiten una recepci\\u00f3n \\u00f3ptima de la se\\u00f1al digital terrestre (DVBT y DVBT2) a trav\\u00e9s de un decodificador (integrado en el televisor o externo).<\\\/p>\",\"content_column_breakpoint\":\"m\",\"content_style\":\"text-lead\",\"icon_width\":80,\"image\":\"\",\"image_align\":\"top\",\"image_grid_breakpoint\":\"m\",\"image_grid_width\":\"1-2\",\"image_svg_color\":\"emphasis\",\"image_width\":\"200\",\"link\":\"es\\\/outros-productos\\\/antenas-tv\\\/\",\"link_margin\":\"medium\",\"link_size\":\"large\",\"link_style\":\"primary\",\"link_text\":\"M\\u00e1s informaci\\u00f3n\",\"margin\":\"default\",\"maxwidth\":\"xlarge\",\"meta_align\":\"below-title\",\"meta_element\":\"div\",\"meta_style\":\"text-meta\",\"title\":\"Antenas Tv\",\"title_align\":\"top\",\"title_element\":\"h2\",\"title_grid_breakpoint\":\"m\",\"title_grid_width\":\"1-2\",\"title_hover_style\":\"reset\",\"title_style\":\"heading-small\"}}]}]}],\"name\":\"Antenne banner\",\"modified\":\"2021-06-08T13:32:51.374Z\"},{\"type\":\"section\",\"props\":{\"animation\":\"slide-bottom-small\",\"animation_delay\":\"200\",\"class\":\"uk-animation-fade uk-margin-small-bottom\",\"image\":\"wp-content\\\/uploads\\\/2021\\\/05\\\/altri-accessori-cavi.jpg\",\"image_effect\":\"parallax\",\"image_parallax_bgy\":\"0,100\",\"image_parallax_easing\":\"1\",\"image_position\":\"center-center\",\"image_size\":\"cover\",\"media_overlay_gradient\":\"linear-gradient(90deg, rgba(0,0,0,0.75) 0%, rgba(255,255,255,0) 70%)\",\"padding\":\"large\",\"status\":\"disabled\",\"style\":\"default\",\"text_color\":\"light\",\"title_breakpoint\":\"xl\",\"title_position\":\"top-left\",\"title_rotation\":\"left\",\"vertical_align\":\"middle\",\"width\":\"default\"},\"children\":[{\"type\":\"row\",\"children\":[{\"type\":\"column\",\"props\":{\"image_position\":\"center-center\",\"position_sticky_breakpoint\":\"m\"},\"children\":[{\"type\":\"panel\",\"props\":{\"content\":\"\n\n<p><span>La gama de cables Meliconi es todo lo que se utilizarse en casa para <\\\/span><span>conectar sus dispositivos de audio\\\/v\\u00eddeo, incluidos los de \\u00faltima <\\\/span><span>generaci\\u00f3n, con el valor a\\u00f1adido de la alta calidad que garantiza <\\\/span><span>nuestra marca.<\\\/span><\\\/p>\",\"content_column_breakpoint\":\"m\",\"content_style\":\"text-lead\",\"icon_width\":80,\"image\":\"\",\"image_align\":\"top\",\"image_grid_breakpoint\":\"m\",\"image_grid_width\":\"1-2\",\"image_svg_color\":\"emphasis\",\"image_width\":\"200\",\"link_margin\":\"medium\",\"link_size\":\"large\",\"link_style\":\"primary\",\"link_text\":\"Descubre los productos\",\"margin\":\"default\",\"maxwidth\":\"xlarge\",\"meta_align\":\"below-title\",\"meta_element\":\"div\",\"meta_style\":\"text-meta\",\"title\":\"Cables\",\"title_align\":\"top\",\"title_element\":\"h2\",\"title_grid_breakpoint\":\"m\",\"title_grid_width\":\"1-2\",\"title_hover_style\":\"reset\",\"title_style\":\"heading-small\"}}]}]}],\"name\":\"Cavi\"},{\"type\":\"section\",\"props\":{\"animation\":\"slide-bottom-small\",\"animation_delay\":\"200\",\"class\":\"uk-animation-fade uk-margin-small-bottom\",\"image\":\"wp-content\\\/uploads\\\/2021\\\/06\\\/441569_My-sky-2017-guscio-8-3-scaled.jpg\",\"image_effect\":\"parallax\",\"image_parallax_bgx\":\"0,0\",\"image_parallax_bgy\":\"-100,100\",\"image_parallax_easing\":\"1\",\"image_position\":\"center-right\",\"image_size\":\"contain\",\"media_overlay\":\"rgba(0, 0, 0, 0.44)\",\"padding\":\"large\",\"style\":\"default\",\"text_color\":\"light\",\"title_breakpoint\":\"xl\",\"title_position\":\"top-left\",\"title_rotation\":\"left\",\"vertical_align\":\"middle\",\"width\":\"default\"},\"children\":[{\"type\":\"row\",\"children\":[{\"type\":\"column\",\"props\":{\"image_position\":\"center-center\",\"position_sticky_breakpoint\":\"m\"},\"children\":[{\"type\":\"panel\",\"props\":{\"content\":\"\n\n<p><span>Un producto ic\\u00f3nico, representativo de la empresa desde 1987 (a\\u00f1o en que se lanz\\u00f3 al mercado), incluso despu\\u00e9s de m\\u00e1s de 30 a\\u00f1os la carcasa del mando a distancia sigue siendo conocida y apreciada por los consumidores.<\\\/span><\\\/p>\",\"content_column_breakpoint\":\"m\",\"content_style\":\"text-lead\",\"icon_width\":80,\"image\":\"\",\"image_align\":\"top\",\"image_grid_breakpoint\":\"m\",\"image_grid_width\":\"1-2\",\"image_svg_color\":\"emphasis\",\"image_width\":\"200\",\"link\":\"es\\\/shop\\\/otros-accessorios-es\\\/funda-para-mandos-es\\\/\",\"link_margin\":\"medium\",\"link_size\":\"large\",\"link_style\":\"primary\",\"link_text\":\"Descubre los productos\",\"margin\":\"default\",\"maxwidth\":\"xlarge\",\"meta_align\":\"below-title\",\"meta_element\":\"div\",\"meta_style\":\"text-meta\",\"title\":\"Funda de protecci\\u00f3n para mandos a distancia\",\"title_align\":\"top\",\"title_element\":\"h2\",\"title_grid_breakpoint\":\"m\",\"title_grid_width\":\"1-2\",\"title_hover_style\":\"reset\",\"title_style\":\"heading-small\"}}]}]}],\"name\":\"Gusci salva telecomando\"},{\"type\":\"section\",\"props\":{\"animation\":\"slide-bottom-small\",\"animation_delay\":\"200\",\"class\":\"uk-animation-fade uk-margin-small-bottom\",\"css\":\"@media (max-width: 960px) {\\n    .el-section > div > div:first-child {\\n    \\tbackground-image: linear-gradient(90deg, rgba(25,25,25,0.5) 0%, rgba(0,0,0,0.3) 70%) !important;\\n    }\\n}\\n@media (max-width: 640px) {\\n    .el-section > div {background-position-x: 20%;}\\n}\",\"image\":\"wp-content\\\/uploads\\\/2022\\\/07\\\/2000x1000_altriProdotti_LINEAGREEN_foglia.jpg\",\"image_effect\":\"parallax\",\"image_parallax_bgy\":\"0,100\",\"image_parallax_easing\":\"1\",\"image_position\":\"center-left\",\"image_size\":\"cover\",\"media_overlay_gradient\":\"linear-gradient(90deg, rgba(255,255,255,0) 0%, rgba(0,0,0,0.5) 70%)\",\"padding\":\"large\",\"status\":\"disabled\",\"style\":\"default\",\"text_color\":\"light\",\"title_breakpoint\":\"xl\",\"title_position\":\"top-left\",\"title_rotation\":\"left\",\"vertical_align\":\"middle\",\"width\":\"default\"},\"children\":[{\"type\":\"row\",\"children\":[{\"type\":\"column\",\"props\":{\"image_position\":\"center-center\",\"position_sticky_breakpoint\":\"m\"},\"children\":[{\"type\":\"panel\",\"props\":{\"block_align\":\"right\",\"content\":\"\n\n<p>Meliconi para el ambiente: la nueva Linea Green ofrece una gama de productos Made in Italy de alta calidad para la limpieza y el cuidado de superficies y electrodom\\u00e9sticos.<\\\/p>\\n\n\n<p>El objetivo es ofrecer productos altamente eficaces con un bajo impacto medioambiental, con paquetes reciclables y f\\u00f3rmulas dise\\u00f1adas para respetar el ambiente y el ecosistema.<\\\/p>\",\"content_column_breakpoint\":\"m\",\"content_style\":\"text-lead\",\"icon_width\":80,\"image\":\"\",\"image_align\":\"top\",\"image_grid_breakpoint\":\"m\",\"image_grid_width\":\"1-2\",\"image_svg_color\":\"emphasis\",\"image_width\":\"200\",\"link\":\"es\\\/otros-productos\\\/linea-green\\\/\",\"link_margin\":\"medium\",\"link_size\":\"large\",\"link_style\":\"primary\",\"link_text\":\"M\\u00e1s informaci\\u00f3n\",\"margin\":\"default\",\"maxwidth\":\"xlarge\",\"meta_align\":\"below-title\",\"meta_element\":\"div\",\"meta_style\":\"text-meta\",\"title\":\"Linea Green\",\"title_align\":\"top\",\"title_element\":\"h2\",\"title_grid_breakpoint\":\"m\",\"title_grid_width\":\"1-2\",\"title_hover_style\":\"reset\",\"title_style\":\"heading-small\"}}]}]}],\"name\":\"Banner Linea Green\"},{\"type\":\"section\",\"props\":{\"animation\":\"slide-bottom-small\",\"animation_delay\":\"200\",\"class\":\"uk-animation-fade uk-margin-small-bottom\",\"image\":\"wp-content\\\/uploads\\\/2021\\\/05\\\/altri-accessori-cleaning-tower-sm.jpeg\",\"image_effect\":\"parallax\",\"image_parallax_bgy\":\"0,60\",\"image_parallax_easing\":\"1\",\"image_position\":\"center-center\",\"image_size\":\"cover\",\"media_overlay\":\"rgba(0, 0, 0, 0.44)\",\"padding\":\"large\",\"status\":\"disabled\",\"style\":\"default\",\"text_color\":\"light\",\"title_breakpoint\":\"xl\",\"title_position\":\"top-left\",\"title_rotation\":\"left\",\"vertical_align\":\"middle\",\"width\":\"default\"},\"children\":[{\"type\":\"row\",\"children\":[{\"type\":\"column\",\"props\":{\"image_position\":\"center-center\",\"position_sticky_breakpoint\":\"m\"},\"children\":[{\"type\":\"panel\",\"props\":{\"block_align\":\"right\",\"content\":\"\n\n<p><span>Soporte de suelo para la aspiradora sin cable Dyson, con capacidad para 8 accesorios.<\\\/span><span> <\\\/span><\\\/p>\",\"content_column_breakpoint\":\"m\",\"content_style\":\"text-lead\",\"icon_width\":80,\"image\":\"\",\"image_align\":\"top\",\"image_grid_breakpoint\":\"m\",\"image_grid_width\":\"1-2\",\"image_svg_color\":\"emphasis\",\"image_width\":\"200\",\"link_margin\":\"medium\",\"link_size\":\"large\",\"link_style\":\"primary\",\"link_text\":\"Descubre el producto\",\"margin\":\"default\",\"maxwidth\":\"xlarge\",\"meta_align\":\"below-title\",\"meta_element\":\"div\",\"meta_style\":\"text-meta\",\"title\":\"Cleaning Tower\",\"title_align\":\"top\",\"title_element\":\"h2\",\"title_grid_breakpoint\":\"m\",\"title_grid_width\":\"1-2\",\"title_hover_style\":\"reset\",\"title_style\":\"heading-small\"}}]}]}],\"name\":\"Cleaning Tower\"}],\"version\":\"4.3.5\"} --><\/p>\n","protected":false},"excerpt":{"rendered":"<p>Antenas de TV Funda de protecci\u00f3n para mandos Otros accesorios Meliconi Antenas Tv Las antenas de televisi\u00f3n de interior Meliconi permiten una recepci\u00f3n \u00f3ptima de la se\u00f1al digital terrestre (DVBT y DVBT2) a trav\u00e9s de un decodificador (integrado en el televisor o externo). M\u00e1s informaci\u00f3n Funda de protecci\u00f3n para mandos a distancia Un producto ic\u00f3nico, [&hellip;]<\/p>\n","protected":false},"author":4,"featured_media":0,"parent":0,"menu_order":0,"comment_status":"closed","ping_status":"closed","template":"","meta":{"_acf_changed":false,"footnotes":""},"class_list":["post-13602","page","type-page","status-publish","hentry"],"acf":[],"yoast_head":"<!-- This site is optimized with the Yoast SEO plugin v26.1.1 - https:\/\/yoast.com\/wordpress\/plugins\/seo\/ -->\n<title>Otros productos - Meliconi<\/title>\n<meta name=\"robots\" content=\"index, follow, max-snippet:-1, max-image-preview:large, max-video-preview:-1\" \/>\n<link rel=\"canonical\" href=\"https:\/\/www.meliconi.com\/es\/otros-productos\/\" \/>\n<meta property=\"og:locale\" content=\"es_ES\" \/>\n<meta property=\"og:type\" content=\"article\" \/>\n<meta property=\"og:title\" content=\"Otros productos - Meliconi\" \/>\n<meta property=\"og:description\" content=\"Antenas de TV Funda de protecci\u00f3n para mandos Otros accesorios Meliconi Antenas Tv Las antenas de televisi\u00f3n de interior Meliconi permiten una recepci\u00f3n \u00f3ptima de la se\u00f1al digital terrestre (DVBT y DVBT2) a trav\u00e9s de un decodificador (integrado en el televisor o externo). M\u00e1s informaci\u00f3n Funda de protecci\u00f3n para mandos a distancia Un producto ic\u00f3nico, [&hellip;]\" \/>\n<meta property=\"og:url\" content=\"https:\/\/www.meliconi.com\/es\/otros-productos\/\" \/>\n<meta property=\"og:site_name\" content=\"Meliconi\" \/>\n<meta property=\"article:modified_time\" content=\"2025-10-15T09:55:38+00:00\" \/>\n<meta name=\"twitter:card\" content=\"summary_large_image\" \/>\n<meta name=\"twitter:label1\" content=\"Tiempo de lectura\" \/>\n\t<meta name=\"twitter:data1\" content=\"1 minuto\" \/>\n<script type=\"application\/ld+json\" class=\"yoast-schema-graph\">{\"@context\":\"https:\/\/schema.org\",\"@graph\":[{\"@type\":\"WebPage\",\"@id\":\"https:\/\/www.meliconi.com\/es\/otros-productos\/\",\"url\":\"https:\/\/www.meliconi.com\/es\/otros-productos\/\",\"name\":\"Otros productos - Meliconi\",\"isPartOf\":{\"@id\":\"https:\/\/www.meliconi.com\/es\/#website\"},\"datePublished\":\"2021-08-11T09:03:22+00:00\",\"dateModified\":\"2025-10-15T09:55:38+00:00\",\"breadcrumb\":{\"@id\":\"https:\/\/www.meliconi.com\/es\/otros-productos\/#breadcrumb\"},\"inLanguage\":\"es\",\"potentialAction\":[{\"@type\":\"ReadAction\",\"target\":[\"https:\/\/www.meliconi.com\/es\/otros-productos\/\"]}]},{\"@type\":\"BreadcrumbList\",\"@id\":\"https:\/\/www.meliconi.com\/es\/otros-productos\/#breadcrumb\",\"itemListElement\":[{\"@type\":\"ListItem\",\"position\":1,\"name\":\"Home\",\"item\":\"https:\/\/www.meliconi.com\/es\/\"},{\"@type\":\"ListItem\",\"position\":2,\"name\":\"Otros productos\"}]},{\"@type\":\"WebSite\",\"@id\":\"https:\/\/www.meliconi.com\/es\/#website\",\"url\":\"https:\/\/www.meliconi.com\/es\/\",\"name\":\"Meliconi\",\"description\":\"El especialista en accesorios \",\"publisher\":{\"@id\":\"https:\/\/www.meliconi.com\/es\/#organization\"},\"potentialAction\":[{\"@type\":\"SearchAction\",\"target\":{\"@type\":\"EntryPoint\",\"urlTemplate\":\"https:\/\/www.meliconi.com\/es\/?s={search_term_string}\"},\"query-input\":{\"@type\":\"PropertyValueSpecification\",\"valueRequired\":true,\"valueName\":\"search_term_string\"}}],\"inLanguage\":\"es\"},{\"@type\":\"Organization\",\"@id\":\"https:\/\/www.meliconi.com\/es\/#organization\",\"name\":\"Meliconi\",\"url\":\"https:\/\/www.meliconi.com\/es\/\",\"logo\":{\"@type\":\"ImageObject\",\"inLanguage\":\"es\",\"@id\":\"https:\/\/www.meliconi.com\/es\/#\/schema\/logo\/image\/\",\"url\":\"https:\/\/www.meliconi.com\/wp-content\/uploads\/2021\/06\/logo-meliconi.png\",\"contentUrl\":\"https:\/\/www.meliconi.com\/wp-content\/uploads\/2021\/06\/logo-meliconi.png\",\"width\":338,\"height\":102,\"caption\":\"Meliconi\"},\"image\":{\"@id\":\"https:\/\/www.meliconi.com\/es\/#\/schema\/logo\/image\/\"}}]}<\/script>\n<!-- \/ Yoast SEO plugin. -->","yoast_head_json":{"title":"Otros productos - Meliconi","robots":{"index":"index","follow":"follow","max-snippet":"max-snippet:-1","max-image-preview":"max-image-preview:large","max-video-preview":"max-video-preview:-1"},"canonical":"https:\/\/www.meliconi.com\/es\/otros-productos\/","og_locale":"es_ES","og_type":"article","og_title":"Otros productos - Meliconi","og_description":"Antenas de TV Funda de protecci\u00f3n para mandos Otros accesorios Meliconi Antenas Tv Las antenas de televisi\u00f3n de interior Meliconi permiten una recepci\u00f3n \u00f3ptima de la se\u00f1al digital terrestre (DVBT y DVBT2) a trav\u00e9s de un decodificador (integrado en el televisor o externo). M\u00e1s informaci\u00f3n Funda de protecci\u00f3n para mandos a distancia Un producto ic\u00f3nico, [&hellip;]","og_url":"https:\/\/www.meliconi.com\/es\/otros-productos\/","og_site_name":"Meliconi","article_modified_time":"2025-10-15T09:55:38+00:00","twitter_card":"summary_large_image","twitter_misc":{"Tiempo de lectura":"1 minuto"},"schema":{"@context":"https:\/\/schema.org","@graph":[{"@type":"WebPage","@id":"https:\/\/www.meliconi.com\/es\/otros-productos\/","url":"https:\/\/www.meliconi.com\/es\/otros-productos\/","name":"Otros productos - Meliconi","isPartOf":{"@id":"https:\/\/www.meliconi.com\/es\/#website"},"datePublished":"2021-08-11T09:03:22+00:00","dateModified":"2025-10-15T09:55:38+00:00","breadcrumb":{"@id":"https:\/\/www.meliconi.com\/es\/otros-productos\/#breadcrumb"},"inLanguage":"es","potentialAction":[{"@type":"ReadAction","target":["https:\/\/www.meliconi.com\/es\/otros-productos\/"]}]},{"@type":"BreadcrumbList","@id":"https:\/\/www.meliconi.com\/es\/otros-productos\/#breadcrumb","itemListElement":[{"@type":"ListItem","position":1,"name":"Home","item":"https:\/\/www.meliconi.com\/es\/"},{"@type":"ListItem","position":2,"name":"Otros productos"}]},{"@type":"WebSite","@id":"https:\/\/www.meliconi.com\/es\/#website","url":"https:\/\/www.meliconi.com\/es\/","name":"Meliconi","description":"El especialista en accesorios ","publisher":{"@id":"https:\/\/www.meliconi.com\/es\/#organization"},"potentialAction":[{"@type":"SearchAction","target":{"@type":"EntryPoint","urlTemplate":"https:\/\/www.meliconi.com\/es\/?s={search_term_string}"},"query-input":{"@type":"PropertyValueSpecification","valueRequired":true,"valueName":"search_term_string"}}],"inLanguage":"es"},{"@type":"Organization","@id":"https:\/\/www.meliconi.com\/es\/#organization","name":"Meliconi","url":"https:\/\/www.meliconi.com\/es\/","logo":{"@type":"ImageObject","inLanguage":"es","@id":"https:\/\/www.meliconi.com\/es\/#\/schema\/logo\/image\/","url":"https:\/\/www.meliconi.com\/wp-content\/uploads\/2021\/06\/logo-meliconi.png","contentUrl":"https:\/\/www.meliconi.com\/wp-content\/uploads\/2021\/06\/logo-meliconi.png","width":338,"height":102,"caption":"Meliconi"},"image":{"@id":"https:\/\/www.meliconi.com\/es\/#\/schema\/logo\/image\/"}}]}},"_links":{"self":[{"href":"https:\/\/www.meliconi.com\/es\/wp-json\/wp\/v2\/pages\/13602","targetHints":{"allow":["GET"]}}],"collection":[{"href":"https:\/\/www.meliconi.com\/es\/wp-json\/wp\/v2\/pages"}],"about":[{"href":"https:\/\/www.meliconi.com\/es\/wp-json\/wp\/v2\/types\/page"}],"author":[{"embeddable":true,"href":"https:\/\/www.meliconi.com\/es\/wp-json\/wp\/v2\/users\/4"}],"replies":[{"embeddable":true,"href":"https:\/\/www.meliconi.com\/es\/wp-json\/wp\/v2\/comments?post=13602"}],"version-history":[{"count":22,"href":"https:\/\/www.meliconi.com\/es\/wp-json\/wp\/v2\/pages\/13602\/revisions"}],"predecessor-version":[{"id":68321,"href":"https:\/\/www.meliconi.com\/es\/wp-json\/wp\/v2\/pages\/13602\/revisions\/68321"}],"wp:attachment":[{"href":"https:\/\/www.meliconi.com\/es\/wp-json\/wp\/v2\/media?parent=13602"}],"curies":[{"name":"wp","href":"https:\/\/api.w.org\/{rel}","templated":true}]}}