{"id":13599,"date":"2021-08-11T09:01:23","date_gmt":"2021-08-11T09:01:23","guid":{"rendered":"https:\/\/www.meliconi.com\/?page_id=13599"},"modified":"2025-10-15T12:17:36","modified_gmt":"2025-10-15T10:17:36","slug":"auriculares-tv","status":"publish","type":"page","link":"https:\/\/www.meliconi.com\/es\/audio\/auriculares-tv\/","title":{"rendered":"Auriculares TV"},"content":{"rendered":"<ul>\n<li>\n<p><img decoding=\"async\" src=\"\/wp-content\/uploads\/2021\/07\/secondary_menu_icon_cuffie_tv_con_cavo.png\" alt=\"\"><\/p>\n<div>Auriculares de televisi\u00f3n con cable<\/div>\n<p><a href=\"\/es\/shop\/cat-audio-es\/auriculares-tv-es\/con-cable-es\/\"><\/a><\/p>\n<\/li>\n<li>\n<p><img decoding=\"async\" src=\"\/wp-content\/uploads\/2021\/06\/secondary_menu_icon_cuffie-tv-wireless.png\" alt=\"\"><\/p>\n<div>Auriculares de televisi\u00f3n inal\u00e1mbricos<\/div>\n<p><a href=\"\/es\/shop\/cat-audio-es\/auriculares-tv-es\/inalambrico-es\/\"><\/a><\/p>\n<\/li>\n<li>\n<p><img decoding=\"async\" src=\"\/wp-content\/uploads\/2021\/06\/secondary_menu_icon_cuffie_bluetooth.png\" alt=\"\"><\/p>\n<div>Auriculares TV Bluetooth<\/div>\n<p><a href=\"\/es\/shop\/cat-audio-es\/auriculares-tv-es\/auriculares-tv-bluetooth\/\"><\/a><\/p>\n<\/li>\n<\/ul>\n<div>\n<h1>Auricolares de TV Meliconi<\/h1>\n<div>\n<p><span style=\"font-weight: 400;\">Auriculares con cable, inal\u00e1mbricos, con o sin base de carga, circumaurales o estetosc\u00f3picos, la gama de auriculares de TV Meliconi se caracteriza por su alta calidad de sonido y la b\u00fasqueda de un aspecto esencial, moderno y distintivo. Ideal para escuchar la televisi\u00f3n u otros equipos audiovisuales con total tranquilidad y sin molestar a los vecinos<\/span><\/p>\n<\/div>\n<p><a href=\"\/es\/shop\/cat-audio-es\/auriculares-tv-es\/\">Ver productos<\/a><\/p>\n<\/div>\n<div>\n<h2>Auricolares con cable<\/h2>\n<div>\n<p><span style=\"font-weight: 400;\">Los auriculares con cable Meliconi son una soluci\u00f3n c\u00f3moda <strong>para ver programas de televisi\u00f3n sin molestar a los vecinos.<\/strong> El cable de 5 m de longitud permite escuchar la televisi\u00f3n desde la comodidad de la cama o el sof\u00e1. El modelo HP50 tambi\u00e9n tiene un rendimiento de audio interesante gracias al altavoz de alta calidad y a los auriculares que a\u00edslan lo justo del ruido ambiental.<\/span><\/p>\n<\/div>\n<\/div>\n<div>\n<h2>Auriculares de televisi\u00f3n inal\u00e1mbricos<\/h2>\n<div>\n<p><span style=\"font-weight: 400;\">Los auriculares de televisi\u00f3n inal\u00e1mbricos, que pueden utilizarse con cualquier dispositivo audio\/v\u00eddeo con salida de audio, est\u00e1n equipados con m\u00faltiples entradas (jack de 3,5 mm, RCA, digital coaxial y digital \u00f3ptico Toslink), lo que garantiza una compatibilidad total con todos los modelos de televisi\u00f3n del mercado actual. Gracias a la tecnolog\u00eda inal\u00e1mbrica, <strong>los auriculares para TV de Meliconi<\/strong> garantizan una total libertad de movimientos en el entorno. <br \/>Elegantes y funcionales, se adaptan perfectamente a la forma de la oreja gracias a un dise\u00f1o ergon\u00f3mico, pensado para ofrecer la m\u00e1xima comodidad durante su uso. Algunos modelos disponen de una base de apoyo en la que se pueden recargar las bater\u00edas al mismo tiempo.<\/span><\/p>\n<\/div>\n<\/div>\n<ul>\n<li>\n<p><img decoding=\"async\" src=\"\/wp-content\/uploads\/2021\/07\/cuffie-tv-long-page-cuffie-cavo.png\" alt=\"\"><\/p>\n<h3>Auriculares de televisi\u00f3n con cable<\/h3>\n<p><a href=\"https:\/\/www.meliconi.com\/es\/shop\/cat-audio-es\/auriculares-tv-es\/con-cable-es\/\">M\u00e1s informaci\u00f3n<\/a><\/p>\n<\/li>\n<li>\n<p><img decoding=\"async\" src=\"\/wp-content\/uploads\/2021\/05\/cuffie-wireless-min-1.png\" alt=\"\"><\/p>\n<h3>Auriculares de televisi\u00f3n inal\u00e1mbricos<\/h3>\n<p><a href=\"\/es\/shop\/cat-audio-es\/auriculares-tv-es\/inalambrico-es\/\">M\u00e1s informaci\u00f3n<\/a><\/p>\n<\/li>\n<li>\n<p><img decoding=\"async\" src=\"\/wp-content\/uploads\/2025\/10\/497338_STILL-LIFE-8_ombra-scaled.png\" alt=\"\"><\/p>\n<h3>Auriculares TV Bluetooth<\/h3>\n<p><a href=\"\/es\/shop\/cat-audio-es\/auriculares-tv-es\/auriculares-tv-bluetooth\/\">M\u00e1s informaci\u00f3n<\/a><\/p>\n<\/li>\n<\/ul>\n<p><!--more--><br \/>\n<!-- {\"name\":\"Long Page - Audio\",\"type\":\"layout\",\"children\":[{\"type\":\"section\",\"props\":{\"image_position\":\"center-center\",\"padding\":\"none\",\"style\":\"default\",\"title_breakpoint\":\"xl\",\"title_position\":\"top-left\",\"title_rotation\":\"left\",\"vertical_align\":\"middle\",\"width\":\"\"},\"children\":[{\"type\":\"row\",\"children\":[{\"type\":\"column\",\"props\":{\"image_position\":\"center-center\",\"position_sticky_breakpoint\":\"m\"},\"children\":[{\"type\":\"panel-slider\",\"props\":{\"attributes\":\"uk-sticky=\\\"offset:60;media:960;\\\"\",\"class\":\"me-secondary-menu\",\"content_column_breakpoint\":\"m\",\"icon_width\":\"30\",\"image_align\":\"top\",\"image_grid_breakpoint\":\"m\",\"image_grid_width\":\"1-5\",\"image_link\":false,\"image_svg_color\":\"emphasis\",\"image_width\":\"75\",\"link_style\":\"default\",\"link_text\":\"\",\"margin\":\"\",\"meta_align\":\"below-title\",\"meta_element\":\"div\",\"meta_style\":\"text-meta\",\"nav\":\"\",\"nav_align\":\"center\",\"nav_breakpoint\":\"s\",\"panel_image_no_padding\":false,\"panel_link\":true,\"panel_match\":true,\"panel_padding\":\"small\",\"panel_style\":\"card-secondary\",\"show_content\":true,\"show_image\":true,\"show_link\":true,\"show_meta\":true,\"show_title\":true,\"slidenav\":\"default\",\"slidenav_breakpoint\":\"\",\"slidenav_color\":\"light\",\"slidenav_large\":false,\"slidenav_margin\":\"\",\"slidenav_outside_breakpoint\":\"xl\",\"slider_autoplay_pause\":true,\"slider_center\":false,\"slider_divider\":true,\"slider_finite\":true,\"slider_gap\":\"\",\"slider_width\":\"fixed\",\"slider_width_default\":\"1-2\",\"slider_width_medium\":\"1-3\",\"slider_width_small\":\"1-2\",\"text_align\":\"center\",\"title_align\":\"top\",\"title_element\":\"div\",\"title_grid_breakpoint\":\"m\",\"title_grid_width\":\"1-2\",\"title_hover_style\":\"heading\",\"title_link\":true,\"title_style\":\"h6\"},\"children\":[{\"type\":\"panel-slider_item\",\"props\":{\"icon\":\"\",\"image\":\"wp-content\\\/uploads\\\/2021\\\/07\\\/secondary_menu_icon_cuffie_tv_con_cavo.png\",\"link\":\"es\\\/shop\\\/cat-audio-es\\\/auriculares-tv-es\\\/con-cable-es\\\/\",\"title\":\"Auriculares de televisi\\u00f3n con cable\"}},{\"type\":\"panel-slider_item\",\"props\":{\"icon\":\"\",\"image\":\"wp-content\\\/uploads\\\/2021\\\/06\\\/secondary_menu_icon_cuffie-tv-wireless.png\",\"link\":\"es\\\/shop\\\/cat-audio-es\\\/auriculares-tv-es\\\/inalambrico-es\\\/\",\"title\":\"Auriculares de televisi\\u00f3n inal\\u00e1mbricos\"}},{\"type\":\"panel-slider_item\",\"props\":{\"icon\":\"\",\"image\":\"wp-content\\\/uploads\\\/2021\\\/06\\\/secondary_menu_icon_cuffie_bluetooth.png\",\"link\":\"es\\\/shop\\\/cat-audio-es\\\/auriculares-tv-es\\\/auriculares-tv-bluetooth\\\/\",\"title\":\"Auriculares TV Bluetooth\"}}],\"modified\":\"2021-05-05T12:19:20.663Z\",\"name\":\"Secondary Menu\"}]}]}],\"name\":\"Menu secondario\"},{\"type\":\"section\",\"props\":{\"animation\":\"slide-bottom-small\",\"animation_delay\":\"200\",\"class\":\"uk-animation-fade uk-margin-small-bottom\",\"image\":\"wp-content\\\/uploads\\\/2021\\\/05\\\/foto-cuffie-tv-divano-1.jpg\",\"image_position\":\"center-center\",\"image_size\":\"cover\",\"media_overlay_gradient\":\"linear-gradient(90deg, rgba(0,0,0,0.5) 0%, rgba(255,255,255,0) 80%)\",\"padding\":\"large\",\"padding_remove_horizontal\":false,\"style\":\"secondary\",\"title_breakpoint\":\"xl\",\"title_position\":\"top-left\",\"title_rotation\":\"left\",\"vertical_align\":\"middle\",\"width\":\"default\"},\"children\":[{\"type\":\"row\",\"children\":[{\"type\":\"column\",\"props\":{\"image_position\":\"center-center\",\"position_sticky_breakpoint\":\"m\"},\"children\":[{\"type\":\"panel\",\"props\":{\"content\":\"\n\n<p><span style=\\\"font-weight: 400;\\\">Auriculares con cable, inal\\u00e1mbricos, con o sin base de carga, circumaurales o estetosc\\u00f3picos, la gama de auriculares de TV Meliconi se caracteriza por su alta calidad de sonido y la b\\u00fasqueda de un aspecto esencial, moderno y distintivo. Ideal para escuchar la televisi\\u00f3n u otros equipos audiovisuales con total tranquilidad y sin molestar a los vecinos<\\\/span><\\\/p>\",\"content_column_breakpoint\":\"m\",\"content_style\":\"text-lead\",\"icon_width\":80,\"image\":\"\",\"image_align\":\"top\",\"image_grid_breakpoint\":\"m\",\"image_grid_width\":\"1-2\",\"image_svg_color\":\"emphasis\",\"image_width\":\"200\",\"link\":\"es\\\/shop\\\/cat-audio-es\\\/auriculares-tv-es\\\/\",\"link_margin\":\"medium\",\"link_size\":\"large\",\"link_style\":\"primary\",\"link_text\":\"Ver productos\",\"margin\":\"default\",\"maxwidth\":\"xlarge\",\"meta_align\":\"below-title\",\"meta_element\":\"div\",\"meta_style\":\"text-meta\",\"title\":\"Auricolares de TV Meliconi\",\"title_align\":\"top\",\"title_element\":\"h1\",\"title_grid_breakpoint\":\"m\",\"title_grid_width\":\"1-2\",\"title_hover_style\":\"reset\",\"title_style\":\"heading-medium\"}}]}]}],\"name\":\"Hero\"},{\"type\":\"section\",\"props\":{\"animation\":\"slide-bottom-small\",\"animation_delay\":\"200\",\"class\":\"uk-animation-fade uk-margin-small-bottom\",\"image\":\"wp-content\\\/uploads\\\/2021\\\/06\\\/497305_HP50-dettaglio.jpg\",\"image_position\":\"center-right\",\"image_size\":\"cover\",\"media_overlay\":\"rgba(21, 25, 27, 0.7)\",\"padding\":\"large\",\"style\":\"secondary\",\"title_breakpoint\":\"xl\",\"title_position\":\"top-left\",\"title_rotation\":\"left\",\"vertical_align\":\"middle\",\"width\":\"default\"},\"children\":[{\"type\":\"row\",\"children\":[{\"type\":\"column\",\"props\":{\"image_position\":\"center-center\",\"position_sticky_breakpoint\":\"m\"},\"children\":[{\"type\":\"panel\",\"props\":{\"content\":\"\n\n<p><span style=\\\"font-weight: 400;\\\">Los auriculares con cable Meliconi son una soluci\\u00f3n c\\u00f3moda <strong>para ver programas de televisi\\u00f3n sin molestar a los vecinos.<\\\/strong> El cable de 5 m de longitud permite escuchar la televisi\\u00f3n desde la comodidad de la cama o el sof\\u00e1. El modelo HP50 tambi\\u00e9n tiene un rendimiento de audio interesante gracias al altavoz de alta calidad y a los auriculares que a\\u00edslan lo justo del ruido ambiental.<\\\/span><\\\/p>\",\"content_column_breakpoint\":\"m\",\"content_style\":\"text-lead\",\"icon_width\":80,\"image\":\"\",\"image_align\":\"top\",\"image_grid_breakpoint\":\"m\",\"image_grid_width\":\"1-2\",\"image_svg_color\":\"emphasis\",\"image_width\":\"200\",\"link_margin\":\"medium\",\"link_size\":\"large\",\"link_style\":\"primary\",\"link_text\":\"Scopri i prodotti\",\"margin\":\"default\",\"maxwidth\":\"xlarge\",\"meta_align\":\"below-title\",\"meta_element\":\"div\",\"meta_style\":\"text-meta\",\"title\":\"Auricolares con cable\",\"title_align\":\"top\",\"title_element\":\"h2\",\"title_grid_breakpoint\":\"m\",\"title_grid_width\":\"1-2\",\"title_hover_style\":\"reset\",\"title_style\":\"heading-small\"}}]}]}],\"name\":\"Cuffie Con Cavo\"},{\"type\":\"section\",\"props\":{\"animation\":\"slide-bottom-small\",\"animation_delay\":\"200\",\"class\":\"uk-animation-fade\",\"image\":\"wp-content\\\/uploads\\\/2021\\\/06\\\/HP600_Pro_close_up_cuffia_1-scaled.jpg\",\"image_position\":\"center-center\",\"image_size\":\"width-1-1\",\"media_overlay\":\"rgba(21, 25, 27, 0.7)\",\"padding\":\"large\",\"style\":\"secondary\",\"title_breakpoint\":\"xl\",\"title_position\":\"top-left\",\"title_rotation\":\"left\",\"vertical_align\":\"middle\",\"width\":\"default\"},\"children\":[{\"type\":\"row\",\"children\":[{\"type\":\"column\",\"props\":{\"image_position\":\"center-center\",\"position_sticky_breakpoint\":\"m\"},\"children\":[{\"type\":\"panel\",\"props\":{\"block_align\":\"right\",\"content\":\"\n\n<p><span style=\\\"font-weight: 400;\\\">Los auriculares de televisi\\u00f3n inal\\u00e1mbricos, que pueden utilizarse con cualquier dispositivo audio\\\/v\\u00eddeo con salida de audio, est\\u00e1n equipados con m\\u00faltiples entradas (jack de 3,5 mm, RCA, digital coaxial y digital \\u00f3ptico Toslink), lo que garantiza una compatibilidad total con todos los modelos de televisi\\u00f3n del mercado actual. Gracias a la tecnolog\\u00eda inal\\u00e1mbrica, <strong>los auriculares para TV de Meliconi<\\\/strong> garantizan una total libertad de movimientos en el entorno. <br \\\/>Elegantes y funcionales, se adaptan perfectamente a la forma de la oreja gracias a un dise\\u00f1o ergon\\u00f3mico, pensado para ofrecer la m\\u00e1xima comodidad durante su uso. Algunos modelos disponen de una base de apoyo en la que se pueden recargar las bater\\u00edas al mismo tiempo.<\\\/span><\\\/p>\",\"content_column_breakpoint\":\"m\",\"content_style\":\"text-lead\",\"icon_width\":80,\"image\":\"\",\"image_align\":\"top\",\"image_grid_breakpoint\":\"m\",\"image_grid_width\":\"1-2\",\"image_svg_color\":\"emphasis\",\"image_width\":\"200\",\"link_margin\":\"medium\",\"link_size\":\"large\",\"link_style\":\"primary\",\"link_text\":\"Scopri i prodotti\",\"margin\":\"default\",\"maxwidth\":\"xlarge\",\"maxwidth_breakpoint\":\"m\",\"meta_align\":\"below-title\",\"meta_element\":\"div\",\"meta_style\":\"text-meta\",\"title\":\"Auriculares de televisi\\u00f3n inal\\u00e1mbricos\",\"title_align\":\"top\",\"title_element\":\"h2\",\"title_grid_breakpoint\":\"m\",\"title_grid_width\":\"1-2\",\"title_hover_style\":\"reset\",\"title_style\":\"heading-small\"}}]}]}],\"name\":\"Cuffie TV Wireless\"},{\"type\":\"section\",\"props\":{\"animation\":\"slide-bottom-small\",\"animation_delay\":\"200\",\"class\":\"uk-padding-small\",\"image_position\":\"center-center\",\"padding\":\"xsmall\",\"style\":\"default\",\"title_breakpoint\":\"xl\",\"title_position\":\"top-left\",\"title_rotation\":\"left\",\"vertical_align\":\"middle\",\"width\":\"\"},\"children\":[{\"type\":\"row\",\"children\":[{\"type\":\"column\",\"props\":{\"image_position\":\"center-center\",\"position_sticky_breakpoint\":\"m\"},\"children\":[{\"type\":\"grid\",\"props\":{\"attributes\":\"uk-height-match=\\\".el-image\\\"\",\"class\":\"me-grid-product-page\",\"content_column_breakpoint\":\"m\",\"content_margin\":\"small\",\"filter_align\":\"left\",\"filter_all\":true,\"filter_grid_breakpoint\":\"m\",\"filter_grid_width\":\"auto\",\"filter_position\":\"top\",\"filter_style\":\"tab\",\"grid_column_gap\":\"small\",\"grid_default\":\"1\",\"grid_medium\":\"\",\"grid_row_gap\":\"small\",\"grid_small\":\"2\",\"icon_width\":80,\"image_align\":\"bottom\",\"image_grid_breakpoint\":\"m\",\"image_grid_width\":\"1-2\",\"image_height\":\"330\",\"image_svg_color\":\"emphasis\",\"image_transition\":\"scale-up\",\"image_width\":\"540\",\"item_animation\":true,\"link_style\":\"primary\",\"link_text\":\"Scopri di pi\\u00f9\",\"margin\":\"default\",\"meta_align\":\"below-title\",\"meta_element\":\"div\",\"meta_style\":\"text-meta\",\"panel_image_no_padding\":true,\"panel_link\":true,\"panel_padding\":\"default\",\"panel_style\":\"card-secondary\",\"parallax_easing\":\"1\",\"show_content\":true,\"show_image\":true,\"show_link\":true,\"show_meta\":true,\"show_title\":true,\"text_align\":\"center\",\"title_align\":\"top\",\"title_element\":\"h3\",\"title_grid_breakpoint\":\"m\",\"title_grid_width\":\"1-2\",\"title_hover_style\":\"reset\",\"title_style\":\"h1\"},\"children\":[{\"type\":\"grid_item\",\"props\":{\"content\":\"\",\"image\":\"wp-content\\\/uploads\\\/2021\\\/07\\\/cuffie-tv-long-page-cuffie-cavo.png\",\"link\":\"https:\\\/\\\/www.meliconi.com\\\/es\\\/shop\\\/cat-audio-es\\\/auriculares-tv-es\\\/con-cable-es\\\/\",\"link_text\":\"M\\u00e1s informaci\\u00f3n\",\"title\":\"Auriculares de televisi\\u00f3n con cable\"}},{\"type\":\"grid_item\",\"props\":{\"content\":\"\",\"image\":\"wp-content\\\/uploads\\\/2021\\\/05\\\/cuffie-wireless-min-1.png\",\"link\":\"es\\\/shop\\\/cat-audio-es\\\/auriculares-tv-es\\\/inalambrico-es\\\/\",\"link_text\":\"M\\u00e1s informaci\\u00f3n\",\"title\":\"Auriculares de televisi\\u00f3n inal\\u00e1mbricos\"}},{\"type\":\"grid_item\",\"props\":{\"content\":\"\",\"image\":\"wp-content\\\/uploads\\\/2025\\\/10\\\/497338_STILL-LIFE-8_ombra-scaled.png\",\"link\":\"es\\\/shop\\\/cat-audio-es\\\/auriculares-tv-es\\\/auriculares-tv-bluetooth\\\/\",\"link_text\":\"M\\u00e1s informaci\\u00f3n\",\"title\":\"Auriculares TV Bluetooth\"}}]}]}]}],\"name\":\"Grid Cuffie TV\"}],\"version\":\"4.3.5\"} --><\/p>\n","protected":false},"excerpt":{"rendered":"<p>Auriculares de televisi\u00f3n con cable Auriculares de televisi\u00f3n inal\u00e1mbricos Auriculares TV Bluetooth Auricolares de TV Meliconi Auriculares con cable, inal\u00e1mbricos, con o sin base de carga, circumaurales o estetosc\u00f3picos, la gama de auriculares de TV Meliconi se caracteriza por su alta calidad de sonido y la b\u00fasqueda de un aspecto esencial, moderno y distintivo. Ideal [&hellip;]<\/p>\n","protected":false},"author":4,"featured_media":0,"parent":13544,"menu_order":0,"comment_status":"closed","ping_status":"closed","template":"","meta":{"_acf_changed":false,"footnotes":""},"class_list":["post-13599","page","type-page","status-publish","hentry"],"acf":[],"yoast_head":"<!-- This site is optimized with the Yoast SEO plugin v26.1.1 - https:\/\/yoast.com\/wordpress\/plugins\/seo\/ -->\n<title>Auriculares TV - Meliconi<\/title>\n<meta name=\"robots\" content=\"index, follow, max-snippet:-1, max-image-preview:large, max-video-preview:-1\" \/>\n<link rel=\"canonical\" href=\"https:\/\/www.meliconi.com\/es\/audio\/auriculares-tv\/\" \/>\n<meta property=\"og:locale\" content=\"es_ES\" \/>\n<meta property=\"og:type\" content=\"article\" \/>\n<meta property=\"og:title\" content=\"Auriculares TV - Meliconi\" \/>\n<meta property=\"og:description\" content=\"Auriculares de televisi\u00f3n con cable Auriculares de televisi\u00f3n inal\u00e1mbricos Auriculares TV Bluetooth Auricolares de TV Meliconi Auriculares con cable, inal\u00e1mbricos, con o sin base de carga, circumaurales o estetosc\u00f3picos, la gama de auriculares de TV Meliconi se caracteriza por su alta calidad de sonido y la b\u00fasqueda de un aspecto esencial, moderno y distintivo. Ideal [&hellip;]\" \/>\n<meta property=\"og:url\" content=\"https:\/\/www.meliconi.com\/es\/audio\/auriculares-tv\/\" \/>\n<meta property=\"og:site_name\" content=\"Meliconi\" \/>\n<meta property=\"article:modified_time\" content=\"2025-10-15T10:17:36+00:00\" \/>\n<meta name=\"twitter:card\" content=\"summary_large_image\" \/>\n<meta name=\"twitter:label1\" content=\"Tiempo de lectura\" \/>\n\t<meta name=\"twitter:data1\" content=\"2 minutos\" \/>\n<script type=\"application\/ld+json\" class=\"yoast-schema-graph\">{\"@context\":\"https:\/\/schema.org\",\"@graph\":[{\"@type\":\"WebPage\",\"@id\":\"https:\/\/www.meliconi.com\/es\/audio\/auriculares-tv\/\",\"url\":\"https:\/\/www.meliconi.com\/es\/audio\/auriculares-tv\/\",\"name\":\"Auriculares TV - Meliconi\",\"isPartOf\":{\"@id\":\"https:\/\/www.meliconi.com\/es\/#website\"},\"datePublished\":\"2021-08-11T09:01:23+00:00\",\"dateModified\":\"2025-10-15T10:17:36+00:00\",\"breadcrumb\":{\"@id\":\"https:\/\/www.meliconi.com\/es\/audio\/auriculares-tv\/#breadcrumb\"},\"inLanguage\":\"es\",\"potentialAction\":[{\"@type\":\"ReadAction\",\"target\":[\"https:\/\/www.meliconi.com\/es\/audio\/auriculares-tv\/\"]}]},{\"@type\":\"BreadcrumbList\",\"@id\":\"https:\/\/www.meliconi.com\/es\/audio\/auriculares-tv\/#breadcrumb\",\"itemListElement\":[{\"@type\":\"ListItem\",\"position\":1,\"name\":\"Home\",\"item\":\"https:\/\/www.meliconi.com\/es\/\"},{\"@type\":\"ListItem\",\"position\":2,\"name\":\"Audio\",\"item\":\"https:\/\/www.meliconi.com\/es\/audio\/\"},{\"@type\":\"ListItem\",\"position\":3,\"name\":\"Auriculares TV\"}]},{\"@type\":\"WebSite\",\"@id\":\"https:\/\/www.meliconi.com\/es\/#website\",\"url\":\"https:\/\/www.meliconi.com\/es\/\",\"name\":\"Meliconi\",\"description\":\"El especialista en accesorios \",\"publisher\":{\"@id\":\"https:\/\/www.meliconi.com\/es\/#organization\"},\"potentialAction\":[{\"@type\":\"SearchAction\",\"target\":{\"@type\":\"EntryPoint\",\"urlTemplate\":\"https:\/\/www.meliconi.com\/es\/?s={search_term_string}\"},\"query-input\":{\"@type\":\"PropertyValueSpecification\",\"valueRequired\":true,\"valueName\":\"search_term_string\"}}],\"inLanguage\":\"es\"},{\"@type\":\"Organization\",\"@id\":\"https:\/\/www.meliconi.com\/es\/#organization\",\"name\":\"Meliconi\",\"url\":\"https:\/\/www.meliconi.com\/es\/\",\"logo\":{\"@type\":\"ImageObject\",\"inLanguage\":\"es\",\"@id\":\"https:\/\/www.meliconi.com\/es\/#\/schema\/logo\/image\/\",\"url\":\"https:\/\/www.meliconi.com\/wp-content\/uploads\/2021\/06\/logo-meliconi.png\",\"contentUrl\":\"https:\/\/www.meliconi.com\/wp-content\/uploads\/2021\/06\/logo-meliconi.png\",\"width\":338,\"height\":102,\"caption\":\"Meliconi\"},\"image\":{\"@id\":\"https:\/\/www.meliconi.com\/es\/#\/schema\/logo\/image\/\"}}]}<\/script>\n<!-- \/ Yoast SEO plugin. -->","yoast_head_json":{"title":"Auriculares TV - Meliconi","robots":{"index":"index","follow":"follow","max-snippet":"max-snippet:-1","max-image-preview":"max-image-preview:large","max-video-preview":"max-video-preview:-1"},"canonical":"https:\/\/www.meliconi.com\/es\/audio\/auriculares-tv\/","og_locale":"es_ES","og_type":"article","og_title":"Auriculares TV - Meliconi","og_description":"Auriculares de televisi\u00f3n con cable Auriculares de televisi\u00f3n inal\u00e1mbricos Auriculares TV Bluetooth Auricolares de TV Meliconi Auriculares con cable, inal\u00e1mbricos, con o sin base de carga, circumaurales o estetosc\u00f3picos, la gama de auriculares de TV Meliconi se caracteriza por su alta calidad de sonido y la b\u00fasqueda de un aspecto esencial, moderno y distintivo. Ideal [&hellip;]","og_url":"https:\/\/www.meliconi.com\/es\/audio\/auriculares-tv\/","og_site_name":"Meliconi","article_modified_time":"2025-10-15T10:17:36+00:00","twitter_card":"summary_large_image","twitter_misc":{"Tiempo de lectura":"2 minutos"},"schema":{"@context":"https:\/\/schema.org","@graph":[{"@type":"WebPage","@id":"https:\/\/www.meliconi.com\/es\/audio\/auriculares-tv\/","url":"https:\/\/www.meliconi.com\/es\/audio\/auriculares-tv\/","name":"Auriculares TV - Meliconi","isPartOf":{"@id":"https:\/\/www.meliconi.com\/es\/#website"},"datePublished":"2021-08-11T09:01:23+00:00","dateModified":"2025-10-15T10:17:36+00:00","breadcrumb":{"@id":"https:\/\/www.meliconi.com\/es\/audio\/auriculares-tv\/#breadcrumb"},"inLanguage":"es","potentialAction":[{"@type":"ReadAction","target":["https:\/\/www.meliconi.com\/es\/audio\/auriculares-tv\/"]}]},{"@type":"BreadcrumbList","@id":"https:\/\/www.meliconi.com\/es\/audio\/auriculares-tv\/#breadcrumb","itemListElement":[{"@type":"ListItem","position":1,"name":"Home","item":"https:\/\/www.meliconi.com\/es\/"},{"@type":"ListItem","position":2,"name":"Audio","item":"https:\/\/www.meliconi.com\/es\/audio\/"},{"@type":"ListItem","position":3,"name":"Auriculares TV"}]},{"@type":"WebSite","@id":"https:\/\/www.meliconi.com\/es\/#website","url":"https:\/\/www.meliconi.com\/es\/","name":"Meliconi","description":"El especialista en accesorios ","publisher":{"@id":"https:\/\/www.meliconi.com\/es\/#organization"},"potentialAction":[{"@type":"SearchAction","target":{"@type":"EntryPoint","urlTemplate":"https:\/\/www.meliconi.com\/es\/?s={search_term_string}"},"query-input":{"@type":"PropertyValueSpecification","valueRequired":true,"valueName":"search_term_string"}}],"inLanguage":"es"},{"@type":"Organization","@id":"https:\/\/www.meliconi.com\/es\/#organization","name":"Meliconi","url":"https:\/\/www.meliconi.com\/es\/","logo":{"@type":"ImageObject","inLanguage":"es","@id":"https:\/\/www.meliconi.com\/es\/#\/schema\/logo\/image\/","url":"https:\/\/www.meliconi.com\/wp-content\/uploads\/2021\/06\/logo-meliconi.png","contentUrl":"https:\/\/www.meliconi.com\/wp-content\/uploads\/2021\/06\/logo-meliconi.png","width":338,"height":102,"caption":"Meliconi"},"image":{"@id":"https:\/\/www.meliconi.com\/es\/#\/schema\/logo\/image\/"}}]}},"_links":{"self":[{"href":"https:\/\/www.meliconi.com\/es\/wp-json\/wp\/v2\/pages\/13599","targetHints":{"allow":["GET"]}}],"collection":[{"href":"https:\/\/www.meliconi.com\/es\/wp-json\/wp\/v2\/pages"}],"about":[{"href":"https:\/\/www.meliconi.com\/es\/wp-json\/wp\/v2\/types\/page"}],"author":[{"embeddable":true,"href":"https:\/\/www.meliconi.com\/es\/wp-json\/wp\/v2\/users\/4"}],"replies":[{"embeddable":true,"href":"https:\/\/www.meliconi.com\/es\/wp-json\/wp\/v2\/comments?post=13599"}],"version-history":[{"count":9,"href":"https:\/\/www.meliconi.com\/es\/wp-json\/wp\/v2\/pages\/13599\/revisions"}],"predecessor-version":[{"id":68331,"href":"https:\/\/www.meliconi.com\/es\/wp-json\/wp\/v2\/pages\/13599\/revisions\/68331"}],"up":[{"embeddable":true,"href":"https:\/\/www.meliconi.com\/es\/wp-json\/wp\/v2\/pages\/13544"}],"wp:attachment":[{"href":"https:\/\/www.meliconi.com\/es\/wp-json\/wp\/v2\/media?parent=13599"}],"curies":[{"name":"wp","href":"https:\/\/api.w.org\/{rel}","templated":true}]}}