{"id":13551,"date":"2021-08-10T14:38:01","date_gmt":"2021-08-10T14:38:01","guid":{"rendered":"https:\/\/www.meliconi.com\/?page_id=13551"},"modified":"2025-05-07T11:39:36","modified_gmt":"2025-05-07T09:39:36","slug":"company","status":"publish","type":"page","link":"https:\/\/www.meliconi.com\/es\/company\/","title":{"rendered":"Company"},"content":{"rendered":"<ul>\n<li>\n        <a href=\"#historia\">Historia<\/a>\n    <\/li>\n<li>\n        <a href=\"#vision\">Vision<\/a>\n    <\/li>\n<li>\n        <a href=\"#mission\">Mission<\/a>\n    <\/li>\n<li>\n        <a href=\"#sostenibilidad\">Sostenibilidad<\/a>\n    <\/li>\n<li>\n        <a href=\"#codice-etico\">Codigo etico<\/a>\n    <\/li>\n<\/ul>\n<ul>\n<li>\n        <a href=\"#historia\">Historia<\/a>\n    <\/li>\n<li>\n        <a href=\"#vision\">Vision<\/a>\n    <\/li>\n<li>\n        <a href=\"#mission\">Mission<\/a>\n    <\/li>\n<li>\n        <a href=\"#sostenibilidad\">Sostenibilidad<\/a>\n    <\/li>\n<li>\n        <a href=\"#codice-etico\">Codigo etico<\/a>\n    <\/li>\n<\/ul>\n<div>\n<h2>Historia<\/h2>\n<div>\n<p>M\u00e1s de 50 a\u00f1os de ideas inteligentes<\/p>\n<\/div>\n<p><a href=\"\/es\/company\/historia\/\">Descubra todas las innovaciones<\/a><\/p>\n<\/div>\n<div>\n<h2>Vision<\/h2>\n<div>\n<p><span style=\"font-weight: 400;\">Desde su fundaci\u00f3n, Meliconi ha aportado al mercado ideas originales que facilitan la vida cotidiana.<\/span><\/p>\n<\/p>\n<p><span style=\"font-weight: 400;\">Gracias a la creatividad, la pasi\u00f3n y el poder inoxidable de las buenas ideas de quienes trabajan all\u00ed, Meliconi sigue inventando un futuro mejor y sostenible.<\/span><\/p>\n<\/div>\n<\/div>\n<div>\n<h2>Mission<\/h2>\n<div>\n<p><span style=\"font-weight: 400;\">Meliconi pretende anticiparse y satisfacer los deseos y necesidades de las personas gracias a una amplia gama de productos de calidad, seguros y certificados.<\/span><\/p>\n<\/p>\n<p><span style=\"font-weight: 400;\">La empresa quiere seguir creciendo y desarroll\u00e1ndose en Italia y en el extranjero, consolidando una red ganadora de clientes y proveedores para crear juntos un valor mutuo y duradero.<\/span><\/p>\n<\/p>\n<p><span style=\"font-weight: 400;\">La b\u00fasqueda constante de la funcionalidad y la atenci\u00f3n a las necesidades del cliente han permitido a la empresa convertirse en l\u00edder en la producci\u00f3n de accesorios de audio y v\u00eddeo y art\u00edculos para el hogar.<\/span><\/p>\n<\/div>\n<\/div>\n<div>\n<h2>Sostenibilidad<\/h2>\n<div>\n<p style=\"text-align: center;\"><strong>Ideas inteligentes que respetan el medio ambiente y el territorio<\/strong><\/p>\n<p>La sostenibilidad en Meliconi es un modelo de negocio que gu\u00eda las decisiones institucionales y de innovaci\u00f3n, lo que confirma un compromiso concreto en el \u00e1mbito de la responsabilidad social y medioambiental.<\/p>\n<\/div>\n<p><a href=\"\/es\/company\/sostenibilidad\/\">Descubra todas las iniciativas<\/a><\/p>\n<\/div>\n<div>\n<h2>Codigo etico<\/h2>\n<div>\n<p>Los escenarios a los que nos enfrentamos diariamente y la r\u00e1pida evoluci\u00f3n de los contextos en los que se encuentra la empresa han llevado a una clara definici\u00f3n de los valores en los que la propia Meliconi SPA se reconoce y que ahora desea compartir en un documento esencial para el buen crecimiento de la empresa.<\/p>\n<p>Por lo tanto, el 19\/05\/2023 se cre\u00f3 el C\u00f3digo \u00c9tico como gu\u00eda para el comportamiento responsable de quienes trabajan en nombre de la Empresa.<\/p>\n<\/div>\n<p><a href=\"\/wp-content\/uploads\/2024\/06\/codice.etico_ES.pdf\">Leer el c\u00f3digo de \u00e9tica<\/a><\/p>\n<\/div>\n<p><!--more--><br \/>\n<!-- {\"type\":\"layout\",\"children\":[{\"type\":\"section\",\"props\":{\"image\":\"wp-content\\\/uploads\\\/2021\\\/06\\\/meliconi-company-05-sede.jpg\",\"image_position\":\"center-center\",\"image_size\":\"cover\",\"media_overlay\":\"rgba(0, 0, 0, 0.5)\",\"padding\":\"large\",\"style\":\"secondary\",\"title_breakpoint\":\"xl\",\"title_position\":\"top-left\",\"title_rotation\":\"left\",\"vertical_align\":\"middle\",\"width\":\"default\"},\"children\":[{\"type\":\"row\",\"children\":[{\"type\":\"column\",\"props\":{\"image_position\":\"center-center\",\"position_sticky_breakpoint\":\"m\"},\"children\":[{\"type\":\"headline\",\"props\":{\"text_align\":\"center\",\"title_element\":\"h1\",\"title_style\":\"heading-medium\"},\"source\":{\"query\":{\"name\":\"pages.singlePage\"},\"props\":{\"content\":{\"filters\":{\"search\":\"\"},\"name\":\"title\"}}}}]}]}],\"name\":\"Hero\"},{\"type\":\"section\",\"props\":{\"animation\":\"slide-bottom-small\",\"animation_delay\":\"200\",\"image_position\":\"center-center\",\"padding\":\"small\",\"padding_remove_top\":false,\"style\":\"default\",\"title_breakpoint\":\"xl\",\"title_position\":\"top-left\",\"title_rotation\":\"left\",\"vertical_align\":\"middle\",\"width\":\"\"},\"children\":[{\"type\":\"row\",\"children\":[{\"type\":\"column\",\"props\":{\"image_position\":\"center-center\",\"position_sticky_breakpoint\":\"m\"},\"children\":[{\"type\":\"subnav\",\"props\":{\"attributes\":\"uk-sticky=\\\"offset:60; bottom:#mission\\\"\",\"class\":\"uk-background-default\",\"subnav_style\":\"tab\",\"text_align\":\"center\",\"visibility\":\"m\"},\"children\":[{\"type\":\"subnav_item\",\"props\":{\"content\":\"Historia\",\"link\":\"#historia\"}},{\"type\":\"subnav_item\",\"props\":{\"content\":\"Vision\",\"link\":\"#vision\"}},{\"type\":\"subnav_item\",\"props\":{\"content\":\"Mission\",\"link\":\"#mission\"}},{\"type\":\"subnav_item\",\"props\":{\"content\":\"Sostenibilidad\",\"link\":\"#sostenibilidad\"}},{\"type\":\"subnav_item\",\"props\":{\"content\":\"Codigo etico\",\"link\":\"#codice-etico\"}}],\"name\":\"Subnav desktop\"},{\"type\":\"subnav\",\"props\":{\"attributes\":\"uk-sticky=\\\"offset:50; bottom:#mission\\\"\",\"class\":\"uk-background-default\",\"subnav_style\":\"tab\",\"text_align\":\"center\",\"visibility\":\"hidden-m\"},\"children\":[{\"type\":\"subnav_item\",\"props\":{\"content\":\"Historia\",\"link\":\"#historia\"}},{\"type\":\"subnav_item\",\"props\":{\"content\":\"Vision\",\"link\":\"#vision\"}},{\"type\":\"subnav_item\",\"props\":{\"content\":\"Mission\",\"link\":\"#mission\"}},{\"type\":\"subnav_item\",\"props\":{\"content\":\"Sostenibilidad\",\"link\":\"#sostenibilidad\"}},{\"type\":\"subnav_item\",\"props\":{\"content\":\"Codigo etico\",\"link\":\"#codice-etico\"}}],\"name\":\"Subnav mobile\"}]}]}],\"name\":\"SubNav\"},{\"type\":\"section\",\"props\":{\"animation\":\"slide-bottom-small\",\"animation_delay\":\"200\",\"id\":\"historia\",\"image\":\"wp-content\\\/uploads\\\/2023\\\/10\\\/Meliconi-Loris-002-scaled.jpg\",\"image_effect\":\"parallax\",\"image_parallax_bgy\":\"0,60\",\"image_parallax_easing\":\"1\",\"image_position\":\"center-center\",\"image_size\":\"cover\",\"media_background\":\"rgba(0, 0, 0, 0.68)\",\"media_overlay\":\"rgba(0, 0, 0, 0.5)\",\"padding\":\"large\",\"style\":\"secondary\",\"title_breakpoint\":\"xl\",\"title_position\":\"top-left\",\"title_rotation\":\"left\",\"vertical_align\":\"middle\",\"width\":\"\"},\"children\":[{\"type\":\"row\",\"children\":[{\"type\":\"column\",\"props\":{\"image_position\":\"center-center\",\"position_sticky_breakpoint\":\"m\",\"vertical_align\":\"middle\"},\"children\":[{\"type\":\"panel\",\"props\":{\"block_align\":\"center\",\"class\":\"uk-padding\",\"content\":\"\n\n<p>M\\u00e1s de 50 a\\u00f1os de ideas inteligentes<\\\/p>\",\"content_align\":false,\"content_column_breakpoint\":\"m\",\"content_style\":\"text-lead\",\"icon_width\":80,\"image\":\"\",\"image_align\":\"right\",\"image_alt\":\"company 1967 loris meliconi\",\"image_grid_breakpoint\":\"m\",\"image_grid_width\":\"1-2\",\"image_svg_color\":\"emphasis\",\"image_vertical_align\":true,\"link\":\"es\\\/company\\\/historia\\\/\",\"link_style\":\"primary\",\"link_target\":true,\"link_text\":\"Descubra todas las innovaciones\",\"margin\":\"large\",\"meta_align\":\"below-title\",\"meta_element\":\"div\",\"meta_style\":\"text-meta\",\"text_align\":\"center\",\"title\":\"Historia\",\"title_align\":\"top\",\"title_element\":\"h2\",\"title_grid_breakpoint\":\"m\",\"title_grid_column_gap\":\"collapse\",\"title_grid_width\":\"expand\",\"title_hover_style\":\"reset\",\"title_style\":\"heading-medium\"}}]}],\"props\":{\"margin\":\"remove-vertical\",\"margin_remove_bottom\":false,\"margin_remove_top\":false,\"width\":\"default\"}}],\"name\":\"Section - Company Storia\"},{\"type\":\"section\",\"props\":{\"animation\":\"slide-bottom-small\",\"animation_delay\":\"200\",\"id\":\"vision\",\"image_position\":\"center-center\",\"padding\":\"large\",\"padding_remove_bottom\":false,\"style\":\"secondary\",\"title_breakpoint\":\"xl\",\"title_position\":\"top-left\",\"title_rotation\":\"left\",\"vertical_align\":\"middle\",\"width\":\"\"},\"children\":[{\"type\":\"row\",\"children\":[{\"type\":\"column\",\"props\":{\"image_position\":\"center-center\",\"position_sticky_breakpoint\":\"m\",\"vertical_align\":\"middle\"},\"children\":[{\"type\":\"panel\",\"props\":{\"block_align\":\"center\",\"class\":\"uk-padding\",\"content\":\"\n\n<p><span style=\\\"font-weight: 400;\\\">Desde su fundaci\\u00f3n, Meliconi ha aportado al mercado ideas originales que facilitan la vida cotidiana.<\\\/span><\\\/p>\\n\n\n<p><\\\/p>\\n\n\n<p><span style=\\\"font-weight: 400;\\\">Gracias a la creatividad, la pasi\\u00f3n y el poder inoxidable de las buenas ideas de quienes trabajan all\\u00ed, Meliconi sigue inventando un futuro mejor y sostenible.<\\\/span><\\\/p>\",\"content_align\":true,\"content_column_breakpoint\":\"m\",\"content_style\":\"text-lead\",\"icon_width\":80,\"image_align\":\"top\",\"image_grid_breakpoint\":\"m\",\"image_grid_width\":\"1-2\",\"image_svg_color\":\"emphasis\",\"link_style\":\"default\",\"link_text\":\"Read more\",\"margin\":\"default\",\"maxwidth\":\"2xlarge\",\"meta_align\":\"below-title\",\"meta_element\":\"div\",\"meta_style\":\"text-meta\",\"text_align\":\"center\",\"title\":\"Vision\",\"title_align\":\"top\",\"title_element\":\"h2\",\"title_grid_breakpoint\":\"m\",\"title_grid_width\":\"1-2\",\"title_hover_style\":\"reset\",\"title_style\":\"heading-small\"}}]}],\"props\":{\"margin\":\"remove-vertical\",\"margin_remove_bottom\":false,\"margin_remove_top\":false}}],\"name\":\"Vision\"},{\"type\":\"section\",\"props\":{\"animation\":\"slide-bottom-small\",\"animation_delay\":\"200\",\"id\":\"mission\",\"image\":\"wp-content\\\/uploads\\\/2021\\\/06\\\/meliconi-company-04-sede.jpg\",\"image_effect\":\"parallax\",\"image_parallax_bgy\":\"0,60\",\"image_parallax_easing\":\"1\",\"image_position\":\"center-center\",\"image_size\":\"cover\",\"media_background\":\"rgba(0, 0, 0, 0.68)\",\"media_overlay\":\"rgba(0, 0, 0, 0.5)\",\"padding\":\"large\",\"style\":\"secondary\",\"title_breakpoint\":\"xl\",\"title_position\":\"top-left\",\"title_rotation\":\"left\",\"vertical_align\":\"middle\",\"width\":\"\"},\"children\":[{\"type\":\"row\",\"children\":[{\"type\":\"column\",\"props\":{\"image_position\":\"center-center\",\"position_sticky_breakpoint\":\"m\",\"vertical_align\":\"middle\"},\"children\":[{\"type\":\"panel\",\"props\":{\"block_align\":\"center\",\"class\":\"uk-padding\",\"content\":\"\n\n<p><span style=\\\"font-weight: 400;\\\">Meliconi pretende anticiparse y satisfacer los deseos y necesidades de las personas gracias a una amplia gama de productos de calidad, seguros y certificados.<\\\/span><\\\/p>\\n\n\n<p><\\\/p>\\n\n\n<p><span style=\\\"font-weight: 400;\\\">La empresa quiere seguir creciendo y desarroll\\u00e1ndose en Italia y en el extranjero, consolidando una red ganadora de clientes y proveedores para crear juntos un valor mutuo y duradero.<\\\/span><\\\/p>\\n\n\n<p><\\\/p>\\n\n\n<p><span style=\\\"font-weight: 400;\\\">La b\\u00fasqueda constante de la funcionalidad y la atenci\\u00f3n a las necesidades del cliente han permitido a la empresa convertirse en l\\u00edder en la producci\\u00f3n de accesorios de audio y v\\u00eddeo y art\\u00edculos para el hogar.<\\\/span><\\\/p>\",\"content_align\":true,\"content_column_breakpoint\":\"m\",\"content_style\":\"text-lead\",\"icon_width\":80,\"image_align\":\"top\",\"image_grid_breakpoint\":\"m\",\"image_grid_width\":\"1-2\",\"image_svg_color\":\"emphasis\",\"link_style\":\"default\",\"link_text\":\"Read more\",\"margin\":\"large\",\"maxwidth\":\"2xlarge\",\"meta_align\":\"below-title\",\"meta_element\":\"div\",\"meta_style\":\"text-meta\",\"text_align\":\"center\",\"title\":\"Mission\",\"title_align\":\"top\",\"title_element\":\"h2\",\"title_grid_breakpoint\":\"m\",\"title_grid_width\":\"1-2\",\"title_hover_style\":\"reset\",\"title_style\":\"heading-small\"}}]}],\"props\":{\"margin\":\"remove-vertical\",\"margin_remove_bottom\":false,\"margin_remove_top\":false}}],\"name\":\"Mission\"},{\"type\":\"section\",\"props\":{\"animation\":\"slide-bottom-small\",\"animation_delay\":\"200\",\"id\":\"sostenibilidad\",\"image\":\"wp-content\\\/uploads\\\/2023\\\/10\\\/IMM_Sostenibilita-scaled.jpg\",\"image_effect\":\"parallax\",\"image_parallax_bgy\":\"0,60\",\"image_parallax_easing\":\"1\",\"image_position\":\"center-center\",\"image_size\":\"cover\",\"media_background\":\"rgba(0, 0, 0, 0.68)\",\"media_overlay\":\"rgba(0, 0, 0, 0.5)\",\"padding\":\"large\",\"style\":\"secondary\",\"title_breakpoint\":\"xl\",\"title_position\":\"top-left\",\"title_rotation\":\"left\",\"vertical_align\":\"middle\",\"width\":\"\"},\"children\":[{\"type\":\"row\",\"children\":[{\"type\":\"column\",\"props\":{\"image_position\":\"center-center\",\"position_sticky_breakpoint\":\"m\",\"vertical_align\":\"middle\"},\"children\":[{\"type\":\"panel\",\"props\":{\"block_align\":\"center\",\"class\":\"uk-padding\",\"content\":\"\n\n<p style=\\\"text-align: center;\\\"><strong>Ideas inteligentes que respetan el medio ambiente y el territorio<\\\/strong><\\\/p>\\n\n\n<p>La sostenibilidad en Meliconi es un modelo de negocio que gu\\u00eda las decisiones institucionales y de innovaci\\u00f3n, lo que confirma un compromiso concreto en el \\u00e1mbito de la responsabilidad social y medioambiental.<\\\/p>\",\"content_align\":true,\"content_column_breakpoint\":\"m\",\"content_style\":\"text-lead\",\"icon_width\":80,\"image\":\"\",\"image_align\":\"top\",\"image_grid_breakpoint\":\"m\",\"image_grid_width\":\"1-2\",\"image_svg_color\":\"emphasis\",\"image_width\":\"350\",\"link\":\"es\\\/company\\\/sostenibilidad\\\/\",\"link_style\":\"primary\",\"link_target\":false,\"link_text\":\"Descubra todas las iniciativas\",\"margin\":\"large\",\"maxwidth\":\"2xlarge\",\"meta_align\":\"below-title\",\"meta_element\":\"div\",\"meta_style\":\"text-meta\",\"text_align\":\"center\",\"title\":\"Sostenibilidad\",\"title_align\":\"top\",\"title_element\":\"h2\",\"title_grid_breakpoint\":\"m\",\"title_grid_width\":\"1-2\",\"title_hover_style\":\"reset\",\"title_style\":\"heading-small\"}}]}],\"props\":{\"margin\":\"remove-vertical\",\"margin_remove_bottom\":false,\"margin_remove_top\":false}}],\"name\":\"Section - Company Sostenibilita\"},{\"type\":\"section\",\"props\":{\"animation\":\"slide-bottom-small\",\"animation_delay\":\"200\",\"id\":\"codice-etico\",\"image\":\"wp-content\\\/uploads\\\/2023\\\/06\\\/meliconi-codice-etico.jpg\",\"image_effect\":\"parallax\",\"image_parallax_bgy\":\"0,60\",\"image_parallax_easing\":\"1\",\"image_position\":\"center-center\",\"image_size\":\"cover\",\"media_background\":\"rgba(0, 0, 0, 0.68)\",\"media_overlay\":\"rgba(0, 0, 0, 0.5)\",\"padding\":\"large\",\"style\":\"secondary\",\"title_breakpoint\":\"xl\",\"title_position\":\"top-left\",\"title_rotation\":\"left\",\"vertical_align\":\"middle\",\"width\":\"\"},\"children\":[{\"type\":\"row\",\"children\":[{\"type\":\"column\",\"props\":{\"image_position\":\"center-center\",\"position_sticky_breakpoint\":\"m\",\"vertical_align\":\"middle\"},\"children\":[{\"type\":\"panel\",\"props\":{\"block_align\":\"center\",\"class\":\"uk-padding\",\"content\":\"\n\n<p>Los escenarios a los que nos enfrentamos diariamente y la r\\u00e1pida evoluci\\u00f3n de los contextos en los que se encuentra la empresa han llevado a una clara definici\\u00f3n de los valores en los que la propia Meliconi SPA se reconoce y que ahora desea compartir en un documento esencial para el buen crecimiento de la empresa.<\\\/p>\\n\n\n<p>Por lo tanto, el 19\\\/05\\\/2023 se cre\\u00f3 el C\\u00f3digo \\u00c9tico como gu\\u00eda para el comportamiento responsable de quienes trabajan en nombre de la Empresa.<\\\/p>\",\"content_align\":true,\"content_column_breakpoint\":\"m\",\"content_style\":\"text-lead\",\"icon_width\":80,\"image_align\":\"top\",\"image_grid_breakpoint\":\"m\",\"image_grid_width\":\"1-2\",\"image_svg_color\":\"emphasis\",\"link\":\"wp-content\\\/uploads\\\/2024\\\/06\\\/codice.etico_ES.pdf\",\"link_style\":\"primary\",\"link_target\":true,\"link_text\":\"Leer el c\\u00f3digo de \\u00e9tica\",\"margin\":\"large\",\"maxwidth\":\"2xlarge\",\"meta_align\":\"below-title\",\"meta_element\":\"div\",\"meta_style\":\"text-meta\",\"text_align\":\"center\",\"title\":\"Codigo etico\",\"title_align\":\"top\",\"title_element\":\"h2\",\"title_grid_breakpoint\":\"m\",\"title_grid_width\":\"1-2\",\"title_hover_style\":\"reset\",\"title_style\":\"heading-small\"}}]}],\"props\":{\"margin\":\"remove-vertical\",\"margin_remove_bottom\":false,\"margin_remove_top\":false}}],\"name\":\"Codice etico\"}],\"version\":\"4.3.5\"} --><\/p>\n","protected":false},"excerpt":{"rendered":"<p>Historia Vision Mission Sostenibilidad Codigo etico Historia Vision Mission Sostenibilidad Codigo etico Historia M\u00e1s de 50 a\u00f1os de ideas inteligentes Descubra todas las innovaciones Vision Desde su fundaci\u00f3n, Meliconi ha aportado al mercado ideas originales que facilitan la vida cotidiana. Gracias a la creatividad, la pasi\u00f3n y el poder inoxidable de las buenas ideas de [&hellip;]<\/p>\n","protected":false},"author":4,"featured_media":0,"parent":0,"menu_order":0,"comment_status":"closed","ping_status":"closed","template":"","meta":{"_acf_changed":false,"footnotes":""},"class_list":["post-13551","page","type-page","status-publish","hentry"],"acf":[],"yoast_head":"<!-- This site is optimized with the Yoast SEO plugin v26.1.1 - https:\/\/yoast.com\/wordpress\/plugins\/seo\/ -->\n<title>Company - Meliconi<\/title>\n<meta name=\"robots\" content=\"index, follow, max-snippet:-1, max-image-preview:large, max-video-preview:-1\" \/>\n<link rel=\"canonical\" href=\"https:\/\/www.meliconi.com\/es\/company\/\" \/>\n<meta property=\"og:locale\" content=\"es_ES\" \/>\n<meta property=\"og:type\" content=\"article\" \/>\n<meta property=\"og:title\" content=\"Company - Meliconi\" \/>\n<meta property=\"og:description\" content=\"Historia Vision Mission Sostenibilidad Codigo etico Historia Vision Mission Sostenibilidad Codigo etico Historia M\u00e1s de 50 a\u00f1os de ideas inteligentes Descubra todas las innovaciones Vision Desde su fundaci\u00f3n, Meliconi ha aportado al mercado ideas originales que facilitan la vida cotidiana. Gracias a la creatividad, la pasi\u00f3n y el poder inoxidable de las buenas ideas de [&hellip;]\" \/>\n<meta property=\"og:url\" content=\"https:\/\/www.meliconi.com\/es\/company\/\" \/>\n<meta property=\"og:site_name\" content=\"Meliconi\" \/>\n<meta property=\"article:modified_time\" content=\"2025-05-07T09:39:36+00:00\" \/>\n<meta name=\"twitter:card\" content=\"summary_large_image\" \/>\n<meta name=\"twitter:label1\" content=\"Tiempo de lectura\" \/>\n\t<meta name=\"twitter:data1\" content=\"2 minutos\" \/>\n<script type=\"application\/ld+json\" class=\"yoast-schema-graph\">{\"@context\":\"https:\/\/schema.org\",\"@graph\":[{\"@type\":\"WebPage\",\"@id\":\"https:\/\/www.meliconi.com\/es\/company\/\",\"url\":\"https:\/\/www.meliconi.com\/es\/company\/\",\"name\":\"Company - Meliconi\",\"isPartOf\":{\"@id\":\"https:\/\/www.meliconi.com\/es\/#website\"},\"datePublished\":\"2021-08-10T14:38:01+00:00\",\"dateModified\":\"2025-05-07T09:39:36+00:00\",\"breadcrumb\":{\"@id\":\"https:\/\/www.meliconi.com\/es\/company\/#breadcrumb\"},\"inLanguage\":\"es\",\"potentialAction\":[{\"@type\":\"ReadAction\",\"target\":[\"https:\/\/www.meliconi.com\/es\/company\/\"]}]},{\"@type\":\"BreadcrumbList\",\"@id\":\"https:\/\/www.meliconi.com\/es\/company\/#breadcrumb\",\"itemListElement\":[{\"@type\":\"ListItem\",\"position\":1,\"name\":\"Home\",\"item\":\"https:\/\/www.meliconi.com\/es\/\"},{\"@type\":\"ListItem\",\"position\":2,\"name\":\"Company\"}]},{\"@type\":\"WebSite\",\"@id\":\"https:\/\/www.meliconi.com\/es\/#website\",\"url\":\"https:\/\/www.meliconi.com\/es\/\",\"name\":\"Meliconi\",\"description\":\"El especialista en accesorios \",\"publisher\":{\"@id\":\"https:\/\/www.meliconi.com\/es\/#organization\"},\"potentialAction\":[{\"@type\":\"SearchAction\",\"target\":{\"@type\":\"EntryPoint\",\"urlTemplate\":\"https:\/\/www.meliconi.com\/es\/?s={search_term_string}\"},\"query-input\":{\"@type\":\"PropertyValueSpecification\",\"valueRequired\":true,\"valueName\":\"search_term_string\"}}],\"inLanguage\":\"es\"},{\"@type\":\"Organization\",\"@id\":\"https:\/\/www.meliconi.com\/es\/#organization\",\"name\":\"Meliconi\",\"url\":\"https:\/\/www.meliconi.com\/es\/\",\"logo\":{\"@type\":\"ImageObject\",\"inLanguage\":\"es\",\"@id\":\"https:\/\/www.meliconi.com\/es\/#\/schema\/logo\/image\/\",\"url\":\"https:\/\/www.meliconi.com\/wp-content\/uploads\/2021\/06\/logo-meliconi.png\",\"contentUrl\":\"https:\/\/www.meliconi.com\/wp-content\/uploads\/2021\/06\/logo-meliconi.png\",\"width\":338,\"height\":102,\"caption\":\"Meliconi\"},\"image\":{\"@id\":\"https:\/\/www.meliconi.com\/es\/#\/schema\/logo\/image\/\"}}]}<\/script>\n<!-- \/ Yoast SEO plugin. -->","yoast_head_json":{"title":"Company - Meliconi","robots":{"index":"index","follow":"follow","max-snippet":"max-snippet:-1","max-image-preview":"max-image-preview:large","max-video-preview":"max-video-preview:-1"},"canonical":"https:\/\/www.meliconi.com\/es\/company\/","og_locale":"es_ES","og_type":"article","og_title":"Company - Meliconi","og_description":"Historia Vision Mission Sostenibilidad Codigo etico Historia Vision Mission Sostenibilidad Codigo etico Historia M\u00e1s de 50 a\u00f1os de ideas inteligentes Descubra todas las innovaciones Vision Desde su fundaci\u00f3n, Meliconi ha aportado al mercado ideas originales que facilitan la vida cotidiana. Gracias a la creatividad, la pasi\u00f3n y el poder inoxidable de las buenas ideas de [&hellip;]","og_url":"https:\/\/www.meliconi.com\/es\/company\/","og_site_name":"Meliconi","article_modified_time":"2025-05-07T09:39:36+00:00","twitter_card":"summary_large_image","twitter_misc":{"Tiempo de lectura":"2 minutos"},"schema":{"@context":"https:\/\/schema.org","@graph":[{"@type":"WebPage","@id":"https:\/\/www.meliconi.com\/es\/company\/","url":"https:\/\/www.meliconi.com\/es\/company\/","name":"Company - Meliconi","isPartOf":{"@id":"https:\/\/www.meliconi.com\/es\/#website"},"datePublished":"2021-08-10T14:38:01+00:00","dateModified":"2025-05-07T09:39:36+00:00","breadcrumb":{"@id":"https:\/\/www.meliconi.com\/es\/company\/#breadcrumb"},"inLanguage":"es","potentialAction":[{"@type":"ReadAction","target":["https:\/\/www.meliconi.com\/es\/company\/"]}]},{"@type":"BreadcrumbList","@id":"https:\/\/www.meliconi.com\/es\/company\/#breadcrumb","itemListElement":[{"@type":"ListItem","position":1,"name":"Home","item":"https:\/\/www.meliconi.com\/es\/"},{"@type":"ListItem","position":2,"name":"Company"}]},{"@type":"WebSite","@id":"https:\/\/www.meliconi.com\/es\/#website","url":"https:\/\/www.meliconi.com\/es\/","name":"Meliconi","description":"El especialista en accesorios ","publisher":{"@id":"https:\/\/www.meliconi.com\/es\/#organization"},"potentialAction":[{"@type":"SearchAction","target":{"@type":"EntryPoint","urlTemplate":"https:\/\/www.meliconi.com\/es\/?s={search_term_string}"},"query-input":{"@type":"PropertyValueSpecification","valueRequired":true,"valueName":"search_term_string"}}],"inLanguage":"es"},{"@type":"Organization","@id":"https:\/\/www.meliconi.com\/es\/#organization","name":"Meliconi","url":"https:\/\/www.meliconi.com\/es\/","logo":{"@type":"ImageObject","inLanguage":"es","@id":"https:\/\/www.meliconi.com\/es\/#\/schema\/logo\/image\/","url":"https:\/\/www.meliconi.com\/wp-content\/uploads\/2021\/06\/logo-meliconi.png","contentUrl":"https:\/\/www.meliconi.com\/wp-content\/uploads\/2021\/06\/logo-meliconi.png","width":338,"height":102,"caption":"Meliconi"},"image":{"@id":"https:\/\/www.meliconi.com\/es\/#\/schema\/logo\/image\/"}}]}},"_links":{"self":[{"href":"https:\/\/www.meliconi.com\/es\/wp-json\/wp\/v2\/pages\/13551","targetHints":{"allow":["GET"]}}],"collection":[{"href":"https:\/\/www.meliconi.com\/es\/wp-json\/wp\/v2\/pages"}],"about":[{"href":"https:\/\/www.meliconi.com\/es\/wp-json\/wp\/v2\/types\/page"}],"author":[{"embeddable":true,"href":"https:\/\/www.meliconi.com\/es\/wp-json\/wp\/v2\/users\/4"}],"replies":[{"embeddable":true,"href":"https:\/\/www.meliconi.com\/es\/wp-json\/wp\/v2\/comments?post=13551"}],"version-history":[{"count":13,"href":"https:\/\/www.meliconi.com\/es\/wp-json\/wp\/v2\/pages\/13551\/revisions"}],"predecessor-version":[{"id":65596,"href":"https:\/\/www.meliconi.com\/es\/wp-json\/wp\/v2\/pages\/13551\/revisions\/65596"}],"wp:attachment":[{"href":"https:\/\/www.meliconi.com\/es\/wp-json\/wp\/v2\/media?parent=13551"}],"curies":[{"name":"wp","href":"https:\/\/api.w.org\/{rel}","templated":true}]}}