{"id":13530,"date":"2021-08-10T14:27:16","date_gmt":"2021-08-10T14:27:16","guid":{"rendered":"https:\/\/www.meliconi.com\/?page_id=13530"},"modified":"2022-08-30T14:34:07","modified_gmt":"2022-08-30T14:34:07","slug":"antenas-tv","status":"publish","type":"page","link":"https:\/\/www.meliconi.com\/es\/otros-productos\/antenas-tv\/","title":{"rendered":"Antenas TV"},"content":{"rendered":"<div>\n<h1>Antenas de TV.<\/h1>\n<div>\n<p><span style=\"font-weight: 400;\">Las antenas de TV de interior Meliconi permiten una recepci\u00f3n \u00f3ptima de la se\u00f1al digital terrestre (DVBT y DVBT2) a trav\u00e9s del decodificador (integrado en el televisor o externo).<\/span><\/p>\n<\/div>\n<p><a href=\"\/es\/shop\/tv-es\/antenas-tv-y-amplificadores-es\/\">Ver productos<\/a><\/p>\n<\/div>\n<h2><strong>Ideales para su uso en interiores (en segundas residencias no equipadas con antena exterior, en establecimientos p\u00fablicos, en las habitaciones de la casa a las que no llegan los cables de la antena del condominio), son ofrecidos en el mercado europeo por Meliconi desde principios de los a\u00f1os 2000, y se caracterizan por:<\/strong><\/h2>\n<div>\n<ul>\n<li><span style=\"font-weight: 400;\">Calidad garantizada<\/span><\/li>\n<li><span style=\"font-weight: 400;\">Gran atenci\u00f3n al dise\u00f1o<\/span><\/li>\n<li><span style=\"font-weight: 400;\">Experiencia de m\u00e1s de diez a\u00f1os de Meliconi en el sector (conocimiento del producto y del mercado)<\/span><\/li>\n<li><span style=\"font-weight: 400;\">Amplia gama, en varios niveles de precio<\/span><\/li>\n<li><span style=\"font-weight: 400;\">Asistencia telef\u00f3nica especializada<\/span><\/li>\n<li><span style=\"font-weight: 400;\">Instrumentos web de apoyo al consumidor (videogu\u00edas, preguntas frecuentes en la web <a href=\"http:\/\/www.meliconi.com\">www.meliconi.com<\/a>)<\/span><\/li>\n<\/ul>\n<\/div>\n<h2><strong>La gama 2021 presenta las siguientes caracter\u00edsticas, \u00fanicas en el mercado:<\/strong><\/h2>\n<div>\n<ul>\n<li><span style=\"font-weight: 400;\">Casi todos los modelos est\u00e1n preparados para el Switchoff de 2021\/2022<\/span><\/li>\n<li><span style=\"font-weight: 400;\">Amplificador interno de alta calidad<\/span><\/li>\n<li><span style=\"font-weight: 400;\">Alimentaci\u00f3n: a trav\u00e9s de la red tradicional y\/o de una toma USB para facilitar su uso en interiores y en vacaciones<\/span><\/li>\n<li><span style=\"font-weight: 400;\">Filtros 4G\/5G para evitar las interferencias de se\u00f1ales no deseadas<\/span><\/li>\n<\/ul>\n<\/div>\n<p>\n    <a href=\"\/es\/shop\/tv-es\/antenas-tv-y-amplificadores-es\/\">Descubre m\u00e1s<\/a>\n<\/p>\n<p><!--more--><br \/>\n<!-- {\"children\":[{\"type\":\"section\",\"props\":{\"style\":\"default\",\"width\":\"default\",\"vertical_align\":\"middle\",\"title_position\":\"top-left\",\"title_rotation\":\"left\",\"title_breakpoint\":\"xl\",\"image_position\":\"center-right\",\"image\":\"wp-content\\\/uploads\\\/2021\\\/05\\\/ANTENNE.jpg\",\"image_size\":\"cover\",\"padding\":\"large\",\"animation\":\"slide-bottom-small\",\"animation_delay\":\"200\",\"class\":\"uk-animation-fade uk-margin-small-bottom\",\"overlap\":false,\"text_color\":\"light\"},\"children\":[{\"type\":\"row\",\"children\":[{\"type\":\"column\",\"props\":{\"image_position\":\"center-center\",\"media_overlay_gradient\":\"\",\"position_sticky_breakpoint\":\"m\"},\"children\":[{\"type\":\"panel\",\"props\":{\"link_text\":\"Ver productos\",\"title_hover_style\":\"reset\",\"title_element\":\"h1\",\"title_align\":\"top\",\"title_grid_width\":\"1-2\",\"title_grid_breakpoint\":\"m\",\"meta_style\":\"meta\",\"meta_align\":\"below-title\",\"meta_element\":\"div\",\"content_column_breakpoint\":\"m\",\"icon_width\":80,\"image_align\":\"top\",\"image_grid_width\":\"1-2\",\"image_grid_breakpoint\":\"m\",\"image_svg_color\":\"emphasis\",\"link_style\":\"primary\",\"margin\":\"default\",\"title\":\"Antenas de TV.\",\"content\":\"\n\n<p><span style=\\\"font-weight: 400;\\\">Las antenas de TV de interior Meliconi permiten una recepci\\u00f3n \\u00f3ptima de la se\\u00f1al digital terrestre (DVBT y DVBT2) a trav\\u00e9s del decodificador (integrado en el televisor o externo).<\\\/span><\\\/p>\",\"link\":\"es\\\/shop\\\/tv-es\\\/antenas-tv-y-amplificadores-es\\\/\",\"title_style\":\"heading-medium\",\"content_style\":\"lead\",\"link_margin\":\"medium\",\"link_size\":\"large\",\"image\":\"\",\"image_width\":\"200\",\"maxwidth\":\"2xlarge\"}}]}]}],\"name\":\"Hero\"},{\"type\":\"section\",\"props\":{\"style\":\"default\",\"width\":\"default\",\"vertical_align\":\"middle\",\"title_position\":\"top-left\",\"title_rotation\":\"left\",\"title_breakpoint\":\"xl\",\"image_position\":\"center-right\",\"image\":\"wp-content\\\/uploads\\\/2021\\\/05\\\/AT49-1.jpg\",\"image_size\":\"cover\",\"padding\":\"large\",\"animation\":\"slide-bottom-small\",\"animation_delay\":\"200\",\"class\":\"uk-animation-fade uk-margin-small-bottom\",\"text_color\":\"light\",\"media_overlay\":\"rgba(0, 0, 0, 0.19)\",\"media_overlay_gradient\":\"linear-gradient(90deg, rgba(0,0,0,0.5) 0%, rgba(255,255,255,0) 80%)\"},\"children\":[{\"type\":\"row\",\"children\":[{\"type\":\"column\",\"props\":{\"image_position\":\"center-center\",\"media_overlay_gradient\":\"\",\"position_sticky_breakpoint\":\"m\"},\"children\":[{\"type\":\"headline\",\"props\":{\"title_element\":\"h2\",\"content\":\"<strong>Ideales para su uso en interiores (en segundas residencias no equipadas con antena exterior, en establecimientos p\\u00fablicos, en las habitaciones de la casa a las que no llegan los cables de la antena del condominio), son ofrecidos en el mercado europeo por Meliconi desde principios de los a\\u00f1os 2000, y se caracterizan por:<\\\/strong>\",\"maxwidth\":\"2xlarge\",\"title_style\":\"h3\"}},{\"type\":\"text\",\"props\":{\"margin\":\"default\",\"column_breakpoint\":\"m\",\"content\":\"\n\n<ul>\\n\n\n<li><span style=\\\"font-weight: 400;\\\">Calidad garantizada<\\\/span><\\\/li>\\n\n\n<li><span style=\\\"font-weight: 400;\\\">Gran atenci\\u00f3n al dise\\u00f1o<\\\/span><\\\/li>\\n\n\n<li><span style=\\\"font-weight: 400;\\\">Experiencia de m\\u00e1s de diez a\\u00f1os de Meliconi en el sector (conocimiento del producto y del mercado)<\\\/span><\\\/li>\\n\n\n<li><span style=\\\"font-weight: 400;\\\">Amplia gama, en varios niveles de precio<\\\/span><\\\/li>\\n\n\n<li><span style=\\\"font-weight: 400;\\\">Asistencia telef\\u00f3nica especializada<\\\/span><\\\/li>\\n\n\n<li><span style=\\\"font-weight: 400;\\\">Instrumentos web de apoyo al consumidor (videogu\\u00edas, preguntas frecuentes en la web <a href=\\\"http:\\\/\\\/www.meliconi.com\\\">www.meliconi.com<\\\/a>)<\\\/span><\\\/li>\\n<\\\/ul>\"}}]}]}],\"name\":\"Prodotti secondari\"},{\"type\":\"section\",\"props\":{\"style\":\"default\",\"width\":\"default\",\"vertical_align\":\"middle\",\"title_position\":\"top-left\",\"title_rotation\":\"left\",\"title_breakpoint\":\"xl\",\"image_position\":\"center-center\",\"image\":\"wp-content\\\/uploads\\\/2021\\\/05\\\/SCHEDA1.jpg\",\"image_size\":\"cover\",\"padding\":\"large\",\"animation\":\"slide-bottom-small\",\"animation_delay\":\"200\",\"class\":\"uk-animation-fade uk-margin-small-bottom\",\"text_color\":\"light\",\"media_overlay\":\"rgba(9, 9, 9, 0.52)\"},\"children\":[{\"type\":\"row\",\"children\":[{\"type\":\"column\",\"props\":{\"image_position\":\"center-center\",\"media_overlay_gradient\":\"\",\"position_sticky_breakpoint\":\"m\"},\"children\":[{\"type\":\"headline\",\"props\":{\"title_element\":\"h2\",\"content\":\"<strong>La gama 2021 presenta las siguientes caracter\\u00edsticas, \\u00fanicas en el mercado:<\\\/strong>\",\"maxwidth\":\"xlarge\",\"block_align\":\"right\",\"title_style\":\"h3\"}},{\"type\":\"text\",\"props\":{\"margin\":\"default\",\"column_breakpoint\":\"m\",\"content\":\"\n\n<ul>\\n\n\n<li><span style=\\\"font-weight: 400;\\\">Casi todos los modelos est\\u00e1n preparados para el Switchoff de 2021\\\/2022<\\\/span><\\\/li>\\n\n\n<li><span style=\\\"font-weight: 400;\\\">Amplificador interno de alta calidad<\\\/span><\\\/li>\\n\n\n<li><span style=\\\"font-weight: 400;\\\">Alimentaci\\u00f3n: a trav\\u00e9s de la red tradicional y\\\/o de una toma USB para facilitar su uso en interiores y en vacaciones<\\\/span><\\\/li>\\n\n\n<li><span style=\\\"font-weight: 400;\\\">Filtros 4G\\\/5G para evitar las interferencias de se\\u00f1ales no deseadas<\\\/span><\\\/li>\\n<\\\/ul>\",\"maxwidth\":\"xlarge\",\"block_align\":\"right\",\"block_align_breakpoint\":\"m\"}},{\"type\":\"button\",\"props\":{\"grid_column_gap\":\"small\",\"grid_row_gap\":\"small\",\"margin\":\"\",\"class\":\"uk-margin-medium-top\",\"button_size\":\"large\",\"maxwidth\":\"xlarge\",\"block_align\":\"right\"},\"children\":[{\"type\":\"button_item\",\"props\":{\"button_style\":\"primary\",\"icon_align\":\"left\",\"content\":\"Descubre m\\u00e1s\",\"link\":\"es\\\/shop\\\/tv-es\\\/antenas-tv-y-amplificadores-es\\\/\"}}]}]}]}],\"name\":\"Prodotti secondari\"}],\"version\":\"2.7.22\",\"type\":\"layout\"} --><\/p>\n","protected":false},"excerpt":{"rendered":"<p>Antenas de TV. Las antenas de TV de interior Meliconi permiten una recepci\u00f3n \u00f3ptima de la se\u00f1al digital terrestre (DVBT y DVBT2) a trav\u00e9s del decodificador (integrado en el televisor o externo). Ver productos Ideales para su uso en interiores (en segundas residencias no equipadas con antena exterior, en establecimientos p\u00fablicos, en las habitaciones de [&hellip;]<\/p>\n","protected":false},"author":4,"featured_media":0,"parent":13602,"menu_order":0,"comment_status":"closed","ping_status":"closed","template":"","meta":{"_acf_changed":false,"footnotes":""},"class_list":["post-13530","page","type-page","status-publish","hentry"],"acf":[],"yoast_head":"<!-- This site is optimized with the Yoast SEO plugin v26.1.1 - https:\/\/yoast.com\/wordpress\/plugins\/seo\/ -->\n<title>Antenas TV - Meliconi<\/title>\n<meta name=\"robots\" content=\"index, follow, max-snippet:-1, max-image-preview:large, max-video-preview:-1\" \/>\n<link rel=\"canonical\" href=\"https:\/\/www.meliconi.com\/es\/otros-productos\/antenas-tv\/\" \/>\n<meta property=\"og:locale\" content=\"es_ES\" \/>\n<meta property=\"og:type\" content=\"article\" \/>\n<meta property=\"og:title\" content=\"Antenas TV - Meliconi\" \/>\n<meta property=\"og:description\" content=\"Antenas de TV. Las antenas de TV de interior Meliconi permiten una recepci\u00f3n \u00f3ptima de la se\u00f1al digital terrestre (DVBT y DVBT2) a trav\u00e9s del decodificador (integrado en el televisor o externo). Ver productos Ideales para su uso en interiores (en segundas residencias no equipadas con antena exterior, en establecimientos p\u00fablicos, en las habitaciones de [&hellip;]\" \/>\n<meta property=\"og:url\" content=\"https:\/\/www.meliconi.com\/es\/otros-productos\/antenas-tv\/\" \/>\n<meta property=\"og:site_name\" content=\"Meliconi\" \/>\n<meta property=\"article:modified_time\" content=\"2022-08-30T14:34:07+00:00\" \/>\n<meta name=\"twitter:card\" content=\"summary_large_image\" \/>\n<meta name=\"twitter:label1\" content=\"Tiempo de lectura\" \/>\n\t<meta name=\"twitter:data1\" content=\"1 minuto\" \/>\n<script type=\"application\/ld+json\" class=\"yoast-schema-graph\">{\"@context\":\"https:\/\/schema.org\",\"@graph\":[{\"@type\":\"WebPage\",\"@id\":\"https:\/\/www.meliconi.com\/es\/otros-productos\/antenas-tv\/\",\"url\":\"https:\/\/www.meliconi.com\/es\/otros-productos\/antenas-tv\/\",\"name\":\"Antenas TV - Meliconi\",\"isPartOf\":{\"@id\":\"https:\/\/www.meliconi.com\/es\/#website\"},\"datePublished\":\"2021-08-10T14:27:16+00:00\",\"dateModified\":\"2022-08-30T14:34:07+00:00\",\"breadcrumb\":{\"@id\":\"https:\/\/www.meliconi.com\/es\/otros-productos\/antenas-tv\/#breadcrumb\"},\"inLanguage\":\"es\",\"potentialAction\":[{\"@type\":\"ReadAction\",\"target\":[\"https:\/\/www.meliconi.com\/es\/otros-productos\/antenas-tv\/\"]}]},{\"@type\":\"BreadcrumbList\",\"@id\":\"https:\/\/www.meliconi.com\/es\/otros-productos\/antenas-tv\/#breadcrumb\",\"itemListElement\":[{\"@type\":\"ListItem\",\"position\":1,\"name\":\"Home\",\"item\":\"https:\/\/www.meliconi.com\/es\/\"},{\"@type\":\"ListItem\",\"position\":2,\"name\":\"Otros productos\",\"item\":\"https:\/\/www.meliconi.com\/es\/altri-prodotti\/\"},{\"@type\":\"ListItem\",\"position\":3,\"name\":\"Antenas TV\"}]},{\"@type\":\"WebSite\",\"@id\":\"https:\/\/www.meliconi.com\/es\/#website\",\"url\":\"https:\/\/www.meliconi.com\/es\/\",\"name\":\"Meliconi\",\"description\":\"El especialista en accesorios \",\"publisher\":{\"@id\":\"https:\/\/www.meliconi.com\/es\/#organization\"},\"potentialAction\":[{\"@type\":\"SearchAction\",\"target\":{\"@type\":\"EntryPoint\",\"urlTemplate\":\"https:\/\/www.meliconi.com\/es\/?s={search_term_string}\"},\"query-input\":{\"@type\":\"PropertyValueSpecification\",\"valueRequired\":true,\"valueName\":\"search_term_string\"}}],\"inLanguage\":\"es\"},{\"@type\":\"Organization\",\"@id\":\"https:\/\/www.meliconi.com\/es\/#organization\",\"name\":\"Meliconi\",\"url\":\"https:\/\/www.meliconi.com\/es\/\",\"logo\":{\"@type\":\"ImageObject\",\"inLanguage\":\"es\",\"@id\":\"https:\/\/www.meliconi.com\/es\/#\/schema\/logo\/image\/\",\"url\":\"https:\/\/www.meliconi.com\/wp-content\/uploads\/2021\/06\/logo-meliconi.png\",\"contentUrl\":\"https:\/\/www.meliconi.com\/wp-content\/uploads\/2021\/06\/logo-meliconi.png\",\"width\":338,\"height\":102,\"caption\":\"Meliconi\"},\"image\":{\"@id\":\"https:\/\/www.meliconi.com\/es\/#\/schema\/logo\/image\/\"}}]}<\/script>\n<!-- \/ Yoast SEO plugin. -->","yoast_head_json":{"title":"Antenas TV - Meliconi","robots":{"index":"index","follow":"follow","max-snippet":"max-snippet:-1","max-image-preview":"max-image-preview:large","max-video-preview":"max-video-preview:-1"},"canonical":"https:\/\/www.meliconi.com\/es\/otros-productos\/antenas-tv\/","og_locale":"es_ES","og_type":"article","og_title":"Antenas TV - Meliconi","og_description":"Antenas de TV. Las antenas de TV de interior Meliconi permiten una recepci\u00f3n \u00f3ptima de la se\u00f1al digital terrestre (DVBT y DVBT2) a trav\u00e9s del decodificador (integrado en el televisor o externo). Ver productos Ideales para su uso en interiores (en segundas residencias no equipadas con antena exterior, en establecimientos p\u00fablicos, en las habitaciones de [&hellip;]","og_url":"https:\/\/www.meliconi.com\/es\/otros-productos\/antenas-tv\/","og_site_name":"Meliconi","article_modified_time":"2022-08-30T14:34:07+00:00","twitter_card":"summary_large_image","twitter_misc":{"Tiempo de lectura":"1 minuto"},"schema":{"@context":"https:\/\/schema.org","@graph":[{"@type":"WebPage","@id":"https:\/\/www.meliconi.com\/es\/otros-productos\/antenas-tv\/","url":"https:\/\/www.meliconi.com\/es\/otros-productos\/antenas-tv\/","name":"Antenas TV - Meliconi","isPartOf":{"@id":"https:\/\/www.meliconi.com\/es\/#website"},"datePublished":"2021-08-10T14:27:16+00:00","dateModified":"2022-08-30T14:34:07+00:00","breadcrumb":{"@id":"https:\/\/www.meliconi.com\/es\/otros-productos\/antenas-tv\/#breadcrumb"},"inLanguage":"es","potentialAction":[{"@type":"ReadAction","target":["https:\/\/www.meliconi.com\/es\/otros-productos\/antenas-tv\/"]}]},{"@type":"BreadcrumbList","@id":"https:\/\/www.meliconi.com\/es\/otros-productos\/antenas-tv\/#breadcrumb","itemListElement":[{"@type":"ListItem","position":1,"name":"Home","item":"https:\/\/www.meliconi.com\/es\/"},{"@type":"ListItem","position":2,"name":"Otros productos","item":"https:\/\/www.meliconi.com\/es\/altri-prodotti\/"},{"@type":"ListItem","position":3,"name":"Antenas TV"}]},{"@type":"WebSite","@id":"https:\/\/www.meliconi.com\/es\/#website","url":"https:\/\/www.meliconi.com\/es\/","name":"Meliconi","description":"El especialista en accesorios ","publisher":{"@id":"https:\/\/www.meliconi.com\/es\/#organization"},"potentialAction":[{"@type":"SearchAction","target":{"@type":"EntryPoint","urlTemplate":"https:\/\/www.meliconi.com\/es\/?s={search_term_string}"},"query-input":{"@type":"PropertyValueSpecification","valueRequired":true,"valueName":"search_term_string"}}],"inLanguage":"es"},{"@type":"Organization","@id":"https:\/\/www.meliconi.com\/es\/#organization","name":"Meliconi","url":"https:\/\/www.meliconi.com\/es\/","logo":{"@type":"ImageObject","inLanguage":"es","@id":"https:\/\/www.meliconi.com\/es\/#\/schema\/logo\/image\/","url":"https:\/\/www.meliconi.com\/wp-content\/uploads\/2021\/06\/logo-meliconi.png","contentUrl":"https:\/\/www.meliconi.com\/wp-content\/uploads\/2021\/06\/logo-meliconi.png","width":338,"height":102,"caption":"Meliconi"},"image":{"@id":"https:\/\/www.meliconi.com\/es\/#\/schema\/logo\/image\/"}}]}},"_links":{"self":[{"href":"https:\/\/www.meliconi.com\/es\/wp-json\/wp\/v2\/pages\/13530","targetHints":{"allow":["GET"]}}],"collection":[{"href":"https:\/\/www.meliconi.com\/es\/wp-json\/wp\/v2\/pages"}],"about":[{"href":"https:\/\/www.meliconi.com\/es\/wp-json\/wp\/v2\/types\/page"}],"author":[{"embeddable":true,"href":"https:\/\/www.meliconi.com\/es\/wp-json\/wp\/v2\/users\/4"}],"replies":[{"embeddable":true,"href":"https:\/\/www.meliconi.com\/es\/wp-json\/wp\/v2\/comments?post=13530"}],"version-history":[{"count":9,"href":"https:\/\/www.meliconi.com\/es\/wp-json\/wp\/v2\/pages\/13530\/revisions"}],"predecessor-version":[{"id":17662,"href":"https:\/\/www.meliconi.com\/es\/wp-json\/wp\/v2\/pages\/13530\/revisions\/17662"}],"up":[{"embeddable":true,"href":"https:\/\/www.meliconi.com\/es\/wp-json\/wp\/v2\/pages\/13602"}],"wp:attachment":[{"href":"https:\/\/www.meliconi.com\/es\/wp-json\/wp\/v2\/media?parent=13530"}],"curies":[{"name":"wp","href":"https:\/\/api.w.org\/{rel}","templated":true}]}}