{"id":13493,"date":"2021-08-10T12:57:01","date_gmt":"2021-08-10T12:57:01","guid":{"rendered":"https:\/\/www.meliconi.com\/?page_id=13493"},"modified":"2025-09-25T16:44:46","modified_gmt":"2025-09-25T14:44:46","slug":"mandos-a-distancia","status":"publish","type":"page","link":"https:\/\/www.meliconi.com\/es\/mandos-a-distancia\/","title":{"rendered":"Mandos a distancia"},"content":{"rendered":"<ul>\n<li>\n<p><img decoding=\"async\" src=\"\/wp-content\/uploads\/2021\/06\/secondary_menu_icon_programma_telecomando-2.png\" alt=\"\"><\/p>\n<div>Programar el mando a distancia<\/div>\n<p><a href=\"\/es\/programa-mando-a-distancia\/\"><\/a><\/p>\n<\/li>\n<li>\n<p><img decoding=\"async\" src=\"\/wp-content\/uploads\/2021\/06\/secondary_menu_icon_scegli_telecomando.png\" alt=\"\"><\/p>\n<div>Elegir el mando a distancia<\/div>\n<p><a href=\"\/es\/elegir-mando-a-distancia\/\"><\/a><\/p>\n<\/li>\n<li>\n<p><img decoding=\"async\" src=\"\/wp-content\/uploads\/2021\/06\/secondary_menu_icon_telecomandi.png\" alt=\"\"><\/p>\n<div>Todos los mandos a distancia<\/div>\n<p><a href=\"\/es\/shop\/tv-es\/mandos-a-distancia-es\/\"><\/a><\/p>\n<\/li>\n<\/ul>\n<div>\n<h1>Mandos a distancia para cada exigencia<\/h1>\n<div>\n<p><span>Controla a distancia todos sus dispositivos.<\/span><\/p>\n<\/div>\n<p><a href=\"\/es\/shop\/tv-es\/mandos-a-distancia-es\/\">Descubre los productos<\/a><\/p>\n<\/div>\n<div>\n<h2>\u00bfNecesita programar su mando a distancia?<\/h2>\n<div>\n<p><span>Con nuestro servicio en l\u00ednea puede adaptar su mando a distancia Meliconi a su dispositivo en unos sencillos pasos.<\/span><\/p>\n<\/div>\n<p><a href=\"\/es\/programa-mando-a-distancia\/\">Busque los c\u00f3digos<\/a><\/p>\n<\/div>\n<div>\n<h2>\u00bfHay que elegir el mando a distancia?<\/h2>\n<div>\n<p><span>Encuentre el mando a distancia que mejor se adapte a sus necesidades. Puede elegir seg\u00fan el tipo o la marca del dispositivo que desee combinar.<\/span><\/p>\n<\/div>\n<p><a href=\"\/es\/elegir-mando-a-distancia\/\">Encuentra el mando a distancia<\/a><\/p>\n<\/div>\n<div>\n<p><span>Gumbody, el mando a distancia con\u00a0<\/span>protecci\u00f3n de goma m\u00e1s vendido en Italia, fue el primer modelo fabricado por Meliconi en 2001, tras la adquisici\u00f3n de CME, una empresa italiana especializada en la producci\u00f3n de mandos a distancia de recambio desde los a\u00f1os 70. Gracias a este modelo y a todos los que le han seguido desde entonces (con y sin protecci\u00f3n de goma), Meliconi se ha consolidado como una de las empresas de referencia en Europa en materia de mandos a distancia.<\/p>\n<\/div>\n<ul>\n<li>\n<p><img decoding=\"async\" src=\"\/wp-content\/uploads\/2021\/06\/telecomandi-long-page-universali.png\" alt=\"\"><\/p>\n<h2>Modelos universales<\/h2>\n<div>\n<p><span>Ideales para televisores y otros equipos de audio\/v\u00eddeo, son compatibles con varias marcas y modelos; algunos de ellos pueden sustituir y agrupar hasta 8 mandos a distancia en uno, para mayor facilidad de uso y para ahorrar espacio<\/span><\/p>\n<\/div>\n<p><a href=\"\/es\/tipo-telecomando\/universali-es\/\">Descubre todos los productos<\/a><\/p>\n<\/li>\n<li>\n<p><img decoding=\"async\" src=\"\/wp-content\/uploads\/2021\/06\/telecomandi-long-page_dedicati.png\" alt=\"\"><\/p>\n<h2>Modelos de repuesto<\/h2>\n<div>\n<p><span>Modelos espec\u00edficos para cada una de las principales marcas de TV (SAMSUNG, LG, SONY, PHILIPS, PANASONIC, TELEFUNKEN, TLC\/THOMSON), listos para usar, sin programaci\u00f3n inicial<\/span><\/p>\n<\/div>\n<p><a href=\"\/es\/tipo-telecomando\/de-repuesto\/\">Descubre todos los productos<\/a><\/p>\n<\/li>\n<li>\n<p><img decoding=\"async\" src=\"\/wp-content\/uploads\/2025\/09\/802102_AC200-1-3.png\" alt=\"\"><\/p>\n<h2>Para acondicionadores de aire<\/h2>\n<div>\n<p><span>Un modelo espec\u00edfico para controlar los acondicionadores de aire.<\/span><\/p>\n<\/div>\n<p><a href=\"https:\/\/www.meliconi.com\/es\/shop\/tv-es\/mandos-a-distancia-es\/?filter_tipo-telecomando=para-acondicionadores&#038;query_type_tipo-telecomando=or\">Descubre<\/a><\/p>\n<\/li>\n<\/ul>\n<div>Productos recomendados<\/div>\n<div>\n<div class=\"woocommerce columns-1 \"><\/div><\/div>\n<p>\n    <a href=\"\/es\/shop\/tv-es\/mandos-a-distancia-es\/\">Todos los productos<\/a>\n<\/p>\n<p><!--more--><br \/>\n<!-- {\"name\":\"Long Page - Audio\",\"type\":\"layout\",\"children\":[{\"type\":\"section\",\"props\":{\"image_position\":\"center-center\",\"padding\":\"none\",\"style\":\"default\",\"title_breakpoint\":\"xl\",\"title_position\":\"top-left\",\"title_rotation\":\"left\",\"vertical_align\":\"middle\",\"width\":\"\"},\"children\":[{\"type\":\"row\",\"children\":[{\"type\":\"column\",\"props\":{\"image_position\":\"center-center\",\"position_sticky_breakpoint\":\"m\"},\"children\":[{\"type\":\"panel-slider\",\"props\":{\"attributes\":\"uk-sticky=\\\"offset: 60; media: 960; top: 140; animation: uk-animation-slide-top-small\\\"\",\"class\":\"me-secondary-menu\",\"content_column_breakpoint\":\"m\",\"icon_width\":\"30\",\"image_align\":\"top\",\"image_grid_breakpoint\":\"m\",\"image_grid_width\":\"1-5\",\"image_link\":false,\"image_svg_color\":\"emphasis\",\"image_width\":\"75\",\"link_style\":\"default\",\"link_text\":\"\",\"margin\":\"\",\"meta_align\":\"below-title\",\"meta_element\":\"div\",\"meta_style\":\"text-meta\",\"nav\":\"\",\"nav_align\":\"center\",\"nav_breakpoint\":\"s\",\"panel_image_no_padding\":false,\"panel_link\":true,\"panel_match\":true,\"panel_padding\":\"small\",\"panel_style\":\"card-secondary\",\"show_content\":true,\"show_image\":true,\"show_link\":true,\"show_meta\":true,\"show_title\":true,\"slidenav\":\"default\",\"slidenav_breakpoint\":\"\",\"slidenav_color\":\"light\",\"slidenav_large\":false,\"slidenav_margin\":\"\",\"slidenav_outside_breakpoint\":\"xl\",\"slider_autoplay_pause\":true,\"slider_center\":false,\"slider_divider\":true,\"slider_finite\":true,\"slider_gap\":\"\",\"slider_width\":\"fixed\",\"slider_width_default\":\"3-5\",\"slider_width_medium\":\"1-3\",\"slider_width_small\":\"1-3\",\"text_align\":\"center\",\"title_align\":\"top\",\"title_element\":\"div\",\"title_grid_breakpoint\":\"m\",\"title_grid_width\":\"1-2\",\"title_hover_style\":\"heading\",\"title_link\":true,\"title_style\":\"h6\"},\"children\":[{\"type\":\"panel-slider_item\",\"props\":{\"icon\":\"\",\"image\":\"wp-content\\\/uploads\\\/2021\\\/06\\\/secondary_menu_icon_programma_telecomando-2.png\",\"link\":\"es\\\/programa-mando-a-distancia\\\/\",\"title\":\"Programar el mando a distancia\"}},{\"type\":\"panel-slider_item\",\"props\":{\"icon\":\"\",\"image\":\"wp-content\\\/uploads\\\/2021\\\/06\\\/secondary_menu_icon_scegli_telecomando.png\",\"link\":\"es\\\/elegir-mando-a-distancia\\\/\",\"title\":\"Elegir el mando a distancia\"}},{\"type\":\"panel-slider_item\",\"props\":{\"icon\":\"\",\"image\":\"wp-content\\\/uploads\\\/2021\\\/06\\\/secondary_menu_icon_telecomandi.png\",\"link\":\"es\\\/shop\\\/tv-es\\\/mandos-a-distancia-es\\\/\",\"title\":\"Todos los mandos a distancia\"}}],\"modified\":\"2021-05-05T11:32:39.191Z\",\"name\":\"Secondary menu\"}]}]}]},{\"type\":\"section\",\"props\":{\"animation\":\"slide-bottom-small\",\"animation_delay\":\"200\",\"class\":\"uk-animation-fade\",\"image\":\"wp-content\\\/uploads\\\/2021\\\/06\\\/slide__1.jpg\",\"image_position\":\"center-right\",\"image_size\":\"cover\",\"media_overlay\":\"rgba(43, 43, 43, 0.33)\",\"media_overlay_gradient\":\"linear-gradient(90deg, rgba(0,0,0,0.5) 0%, rgba(255,255,255,0) 70%)\",\"padding\":\"large\",\"style\":\"secondary\",\"title_breakpoint\":\"xl\",\"title_position\":\"top-left\",\"title_rotation\":\"left\",\"vertical_align\":\"middle\",\"width\":\"default\"},\"children\":[{\"type\":\"row\",\"children\":[{\"type\":\"column\",\"props\":{\"image_position\":\"center-center\",\"position_sticky_breakpoint\":\"m\"},\"children\":[{\"type\":\"panel\",\"props\":{\"content\":\"\n\n<p><span>Controla a distancia todos sus dispositivos.<\\\/span><\\\/p>\",\"content_column_breakpoint\":\"m\",\"content_style\":\"text-lead\",\"icon_width\":80,\"image\":\"\",\"image_align\":\"top\",\"image_grid_breakpoint\":\"m\",\"image_grid_width\":\"1-2\",\"image_svg_color\":\"emphasis\",\"image_width\":\"200\",\"link\":\"es\\\/shop\\\/tv-es\\\/mandos-a-distancia-es\\\/\",\"link_margin\":\"medium\",\"link_size\":\"large\",\"link_style\":\"primary\",\"link_text\":\"Descubre los productos\",\"margin\":\"default\",\"maxwidth\":\"2xlarge\",\"meta_align\":\"below-title\",\"meta_element\":\"div\",\"meta_style\":\"text-meta\",\"title\":\"Mandos a distancia para cada exigencia\",\"title_align\":\"top\",\"title_element\":\"h1\",\"title_grid_breakpoint\":\"m\",\"title_grid_width\":\"1-2\",\"title_hover_style\":\"reset\",\"title_style\":\"heading-medium\"}}]}]}],\"name\":\"Hero\"},{\"type\":\"section\",\"props\":{\"class\":\"uk-padding-small\",\"image_position\":\"center-center\",\"padding\":\"xsmall\",\"padding_remove_bottom\":false,\"style\":\"default\",\"title_breakpoint\":\"xl\",\"title_position\":\"top-left\",\"title_rotation\":\"left\",\"vertical_align\":\"middle\",\"width\":\"\"},\"children\":[{\"type\":\"row\",\"children\":[{\"type\":\"column\",\"props\":{\"image_position\":\"center-center\",\"padding\":\"none\",\"position_sticky_breakpoint\":\"m\",\"style\":\"tile-secondary\",\"vertical_align\":\"middle\",\"width_medium\":\"1-2\"},\"children\":[{\"type\":\"panel\",\"props\":{\"block_align\":\"center\",\"content\":\"\n\n<p><span>Con nuestro servicio en l\\u00ednea puede adaptar su mando a distancia Meliconi a su dispositivo en unos sencillos pasos.<\\\/span><\\\/p>\",\"content_column_breakpoint\":\"m\",\"icon_width\":80,\"image_align\":\"top\",\"image_grid_breakpoint\":\"m\",\"image_grid_width\":\"1-2\",\"image_svg_color\":\"emphasis\",\"link\":\"es\\\/programa-mando-a-distancia\\\/\",\"link_style\":\"default\",\"link_text\":\"Busque los c\\u00f3digos\",\"margin\":\"default\",\"maxwidth\":\"xlarge\",\"meta_align\":\"below-title\",\"meta_element\":\"div\",\"meta_style\":\"text-meta\",\"panel_padding\":\"default\",\"panel_style\":\"card-secondary\",\"text_align\":\"center\",\"title\":\"\\u00bfNecesita programar su mando a distancia?\",\"title_align\":\"top\",\"title_element\":\"h2\",\"title_grid_breakpoint\":\"m\",\"title_grid_width\":\"1-2\",\"title_hover_style\":\"reset\",\"title_style\":\"h1\"}}]},{\"type\":\"column\",\"props\":{\"image_position\":\"center-center\",\"padding\":\"none\",\"position_sticky_breakpoint\":\"m\",\"style\":\"tile-primary\",\"vertical_align\":\"middle\",\"width_medium\":\"1-2\"},\"children\":[{\"type\":\"panel\",\"props\":{\"block_align\":\"center\",\"content\":\"\n\n<p><span>Encuentre el mando a distancia que mejor se adapte a sus necesidades. Puede elegir seg\\u00fan el tipo o la marca del dispositivo que desee combinar.<\\\/span><\\\/p>\",\"content_column_breakpoint\":\"m\",\"icon_width\":80,\"image_align\":\"top\",\"image_grid_breakpoint\":\"m\",\"image_grid_width\":\"1-2\",\"image_svg_color\":\"emphasis\",\"link\":\"es\\\/elegir-mando-a-distancia\\\/\",\"link_style\":\"default\",\"link_text\":\"Encuentra el mando a distancia\",\"margin\":\"default\",\"maxwidth\":\"xlarge\",\"meta_align\":\"below-title\",\"meta_element\":\"div\",\"meta_style\":\"text-meta\",\"panel_padding\":\"default\",\"panel_style\":\"card-primary\",\"text_align\":\"center\",\"title\":\"\\u00bfHay que elegir el mando a distancia?\",\"title_align\":\"top\",\"title_element\":\"h2\",\"title_grid_breakpoint\":\"m\",\"title_grid_width\":\"1-2\",\"title_hover_style\":\"reset\",\"title_style\":\"h1\"}}]}],\"props\":{\"column_gap\":\"small\",\"layout\":\"1-2,1-2\",\"row_gap\":\"small\"}}]},{\"type\":\"section\",\"props\":{\"image\":\"wp-content\\\/uploads\\\/2021\\\/06\\\/telecomandi-long-page-gumbody.jpg\",\"image_effect\":\"parallax\",\"image_parallax_bgy\":\"0,-50\",\"image_parallax_easing\":\"1\",\"image_position\":\"center-center\",\"image_size\":\"cover\",\"media_overlay\":\"rgba(0, 0, 0, 0.43)\",\"padding\":\"large\",\"padding_remove_bottom\":false,\"style\":\"default\",\"text_color\":\"light\",\"title_breakpoint\":\"xl\",\"title_position\":\"top-left\",\"title_rotation\":\"left\",\"vertical_align\":\"middle\",\"width\":\"large\"},\"children\":[{\"type\":\"row\",\"props\":{\"row_gap\":\"large\"},\"children\":[{\"type\":\"column\",\"props\":{\"image_position\":\"center-center\",\"position_sticky_breakpoint\":\"m\"},\"children\":[{\"type\":\"text\",\"props\":{\"block_align\":\"right\",\"column_breakpoint\":\"m\",\"content\":\"\n\n<p><span>Gumbody, el mando a distancia con\\u00a0<\\\/span>protecci\\u00f3n de goma m\\u00e1s vendido en Italia, fue el primer modelo fabricado por Meliconi en 2001, tras la adquisici\\u00f3n de CME, una empresa italiana especializada en la producci\\u00f3n de mandos a distancia de recambio desde los a\\u00f1os 70. Gracias a este modelo y a todos los que le han seguido desde entonces (con y sin protecci\\u00f3n de goma), Meliconi se ha consolidado como una de las empresas de referencia en Europa en materia de mandos a distancia.<\\\/p>\",\"margin\":\"large\",\"maxwidth\":\"2xlarge\",\"text_style\":\"large\"}}]}]}]},{\"type\":\"section\",\"props\":{\"class\":\"uk-padding-small\",\"image_position\":\"center-center\",\"padding\":\"xsmall\",\"style\":\"muted\",\"title_breakpoint\":\"xl\",\"title_position\":\"top-left\",\"title_rotation\":\"left\",\"vertical_align\":\"middle\",\"width\":\"\"},\"children\":[{\"type\":\"row\",\"children\":[{\"type\":\"column\",\"props\":{\"image_position\":\"center-center\",\"position_sticky_breakpoint\":\"m\"},\"children\":[{\"type\":\"grid\",\"props\":{\"attributes\":\"uk-height-match=\\\".el-title\\\"\",\"class\":\"me-grid-product-page\",\"content_align\":true,\"content_column_breakpoint\":\"m\",\"content_margin\":\"small\",\"filter_align\":\"left\",\"filter_all\":true,\"filter_grid_breakpoint\":\"m\",\"filter_grid_width\":\"auto\",\"filter_position\":\"top\",\"filter_style\":\"tab\",\"grid_column_gap\":\"small\",\"grid_default\":\"1\",\"grid_medium\":\"2\",\"grid_row_gap\":\"small\",\"icon_width\":80,\"image_align\":\"bottom\",\"image_grid_breakpoint\":\"m\",\"image_grid_width\":\"1-2\",\"image_link\":false,\"image_svg_color\":\"emphasis\",\"image_transition\":\"scale-up\",\"item_animation\":true,\"link_style\":\"primary\",\"link_text\":\"Scopri di pi\\u00f9\",\"margin\":\"default\",\"meta_align\":\"below-title\",\"meta_element\":\"div\",\"meta_style\":\"text-meta\",\"panel_image_no_padding\":true,\"panel_link\":true,\"panel_padding\":\"default\",\"panel_style\":\"card-secondary\",\"parallax_easing\":\"1\",\"show_content\":true,\"show_image\":true,\"show_link\":true,\"show_meta\":true,\"show_title\":true,\"text_align\":\"center\",\"title_align\":\"top\",\"title_element\":\"h2\",\"title_grid_breakpoint\":\"m\",\"title_grid_width\":\"1-2\",\"title_hover_style\":\"reset\",\"title_style\":\"h1\"},\"children\":[{\"type\":\"grid_item\",\"props\":{\"content\":\"\n\n<p><span>Ideales para televisores y otros equipos de audio\\\/v\\u00eddeo, son compatibles con varias marcas y modelos; algunos de ellos pueden sustituir y agrupar hasta 8 mandos a distancia en uno, para mayor facilidad de uso y para ahorrar espacio<\\\/span><\\\/p>\",\"image\":\"wp-content\\\/uploads\\\/2021\\\/06\\\/telecomandi-long-page-universali.png\",\"link\":\"es\\\/tipo-telecomando\\\/universali-es\\\/\",\"link_text\":\"Descubre todos los productos\",\"title\":\"Modelos universales\"}},{\"type\":\"grid_item\",\"props\":{\"content\":\"\n\n<p><span>Modelos espec\\u00edficos para cada una de las principales marcas de TV (SAMSUNG, LG, SONY, PHILIPS, PANASONIC, TELEFUNKEN, TLC\\\/THOMSON), listos para usar, sin programaci\\u00f3n inicial<\\\/span><\\\/p>\",\"image\":\"wp-content\\\/uploads\\\/2021\\\/06\\\/telecomandi-long-page_dedicati.png\",\"link\":\"es\\\/tipo-telecomando\\\/de-repuesto\\\/\",\"link_text\":\"Descubre todos los productos\",\"title\":\"Modelos de repuesto\"}},{\"type\":\"grid_item\",\"props\":{\"content\":\"\n\n<p><span>Un modelo espec\\u00edfico para controlar los acondicionadores de aire.<\\\/span><\\\/p>\",\"image\":\"wp-content\\\/uploads\\\/2025\\\/09\\\/802102_AC200-1-3.png\",\"lightbox_image_focal_point\":\"top-center\",\"link\":\"https:\\\/\\\/www.meliconi.com\\\/es\\\/shop\\\/tv-es\\\/mandos-a-distancia-es\\\/?filter_tipo-telecomando=para-acondicionadores&query_type_tipo-telecomando=or\",\"link_text\":\"Descubre\",\"title\":\"Para acondicionadores de aire\"}}]}]}],\"props\":{\"row_gap\":\"large\"}},{\"type\":\"row\",\"props\":{\"row_gap\":\"large\"},\"children\":[{\"type\":\"column\",\"props\":{\"image_position\":\"center-center\",\"position_sticky_breakpoint\":\"m\"}}]}]},{\"type\":\"section\",\"props\":{\"image_position\":\"center-center\",\"style\":\"muted\",\"title_breakpoint\":\"xl\",\"title_position\":\"top-left\",\"title_rotation\":\"left\",\"vertical_align\":\"middle\",\"width\":\"large\"},\"children\":[{\"type\":\"row\",\"children\":[{\"type\":\"column\",\"props\":{\"image_position\":\"center-center\",\"position_sticky_breakpoint\":\"m\"},\"children\":[{\"type\":\"headline\",\"props\":{\"content\":\"Productos recomendados\",\"text_align\":\"center\",\"title_element\":\"div\",\"title_style\":\"heading-small\"}},{\"type\":\"woo_products\",\"props\":{\"cat_operator\":\"IN\",\"category\":\"cat-telecomandi\",\"columns\":4,\"limit\":4,\"order\":\"desc\",\"orderby\":\"rand\",\"paginate\":\"false\",\"product_visibility\":\"visible\",\"show_count\":true,\"show_ordering\":true,\"show_rating\":false,\"show_title\":true,\"tag_operator\":\"IN\",\"terms_operator\":\"IN\",\"type\":\"products\"}},{\"type\":\"html\",\"props\":{\"content\":\"[products category=\\\"cat-telecomandi\\\" limit=\\\"4\\\" ids=\\\"304,305,311,310\\\"]\"}},{\"type\":\"button\",\"props\":{\"button_size\":\"large\",\"grid_column_gap\":\"small\",\"grid_row_gap\":\"small\",\"margin\":\"medium\",\"text_align\":\"center\"},\"children\":[{\"type\":\"button_item\",\"props\":{\"button_style\":\"primary\",\"content\":\"Todos los productos\",\"icon_align\":\"left\",\"link\":\"es\\\/shop\\\/tv-es\\\/mandos-a-distancia-es\\\/\"}}]}]}]}]}],\"version\":\"4.3.5\"} --><\/p>\n","protected":false},"excerpt":{"rendered":"<p>Programar el mando a distancia Elegir el mando a distancia Todos los mandos a distancia Mandos a distancia para cada exigencia Controla a distancia todos sus dispositivos. Descubre los productos \u00bfNecesita programar su mando a distancia? Con nuestro servicio en l\u00ednea puede adaptar su mando a distancia Meliconi a su dispositivo en unos sencillos pasos. [&hellip;]<\/p>\n","protected":false},"author":4,"featured_media":0,"parent":0,"menu_order":0,"comment_status":"closed","ping_status":"closed","template":"","meta":{"_acf_changed":false,"footnotes":""},"class_list":["post-13493","page","type-page","status-publish","hentry"],"acf":[],"yoast_head":"<!-- This site is optimized with the Yoast SEO plugin v27.4 - https:\/\/yoast.com\/product\/yoast-seo-wordpress\/ -->\n<title>Mandos a distancia - Meliconi<\/title>\n<meta name=\"robots\" content=\"index, follow, max-snippet:-1, max-image-preview:large, max-video-preview:-1\" \/>\n<link rel=\"canonical\" href=\"https:\/\/www.meliconi.com\/es\/mandos-a-distancia\/\" \/>\n<meta property=\"og:locale\" content=\"es_ES\" \/>\n<meta property=\"og:type\" content=\"article\" \/>\n<meta property=\"og:title\" content=\"Mandos a distancia - Meliconi\" \/>\n<meta property=\"og:description\" content=\"Programar el mando a distancia Elegir el mando a distancia Todos los mandos a distancia Mandos a distancia para cada exigencia Controla a distancia todos sus dispositivos. Descubre los productos \u00bfNecesita programar su mando a distancia? Con nuestro servicio en l\u00ednea puede adaptar su mando a distancia Meliconi a su dispositivo en unos sencillos pasos. [&hellip;]\" \/>\n<meta property=\"og:url\" content=\"https:\/\/www.meliconi.com\/es\/mandos-a-distancia\/\" \/>\n<meta property=\"og:site_name\" content=\"Meliconi\" \/>\n<meta property=\"article:modified_time\" content=\"2025-09-25T14:44:46+00:00\" \/>\n<meta name=\"twitter:card\" content=\"summary_large_image\" \/>\n<meta name=\"twitter:label1\" content=\"Tiempo de lectura\" \/>\n\t<meta name=\"twitter:data1\" content=\"5 minutos\" \/>\n<script type=\"application\/ld+json\" class=\"yoast-schema-graph\">{\"@context\":\"https:\\\/\\\/schema.org\",\"@graph\":[{\"@type\":\"WebPage\",\"@id\":\"https:\\\/\\\/www.meliconi.com\\\/es\\\/mandos-a-distancia\\\/\",\"url\":\"https:\\\/\\\/www.meliconi.com\\\/es\\\/mandos-a-distancia\\\/\",\"name\":\"Mandos a distancia - Meliconi\",\"isPartOf\":{\"@id\":\"https:\\\/\\\/www.meliconi.com\\\/es\\\/#website\"},\"datePublished\":\"2021-08-10T12:57:01+00:00\",\"dateModified\":\"2025-09-25T14:44:46+00:00\",\"breadcrumb\":{\"@id\":\"https:\\\/\\\/www.meliconi.com\\\/es\\\/mandos-a-distancia\\\/#breadcrumb\"},\"inLanguage\":\"es\",\"potentialAction\":[{\"@type\":\"ReadAction\",\"target\":[\"https:\\\/\\\/www.meliconi.com\\\/es\\\/mandos-a-distancia\\\/\"]}]},{\"@type\":\"BreadcrumbList\",\"@id\":\"https:\\\/\\\/www.meliconi.com\\\/es\\\/mandos-a-distancia\\\/#breadcrumb\",\"itemListElement\":[{\"@type\":\"ListItem\",\"position\":1,\"name\":\"Home\",\"item\":\"https:\\\/\\\/www.meliconi.com\\\/es\\\/\"},{\"@type\":\"ListItem\",\"position\":2,\"name\":\"Mandos a distancia\"}]},{\"@type\":\"WebSite\",\"@id\":\"https:\\\/\\\/www.meliconi.com\\\/es\\\/#website\",\"url\":\"https:\\\/\\\/www.meliconi.com\\\/es\\\/\",\"name\":\"Meliconi\",\"description\":\"El especialista en accesorios \",\"publisher\":{\"@id\":\"https:\\\/\\\/www.meliconi.com\\\/es\\\/#organization\"},\"potentialAction\":[{\"@type\":\"SearchAction\",\"target\":{\"@type\":\"EntryPoint\",\"urlTemplate\":\"https:\\\/\\\/www.meliconi.com\\\/es\\\/?s={search_term_string}\"},\"query-input\":{\"@type\":\"PropertyValueSpecification\",\"valueRequired\":true,\"valueName\":\"search_term_string\"}}],\"inLanguage\":\"es\"},{\"@type\":\"Organization\",\"@id\":\"https:\\\/\\\/www.meliconi.com\\\/es\\\/#organization\",\"name\":\"Meliconi\",\"url\":\"https:\\\/\\\/www.meliconi.com\\\/es\\\/\",\"logo\":{\"@type\":\"ImageObject\",\"inLanguage\":\"es\",\"@id\":\"https:\\\/\\\/www.meliconi.com\\\/es\\\/#\\\/schema\\\/logo\\\/image\\\/\",\"url\":\"https:\\\/\\\/www.meliconi.com\\\/wp-content\\\/uploads\\\/2021\\\/06\\\/logo-meliconi.png\",\"contentUrl\":\"https:\\\/\\\/www.meliconi.com\\\/wp-content\\\/uploads\\\/2021\\\/06\\\/logo-meliconi.png\",\"width\":338,\"height\":102,\"caption\":\"Meliconi\"},\"image\":{\"@id\":\"https:\\\/\\\/www.meliconi.com\\\/es\\\/#\\\/schema\\\/logo\\\/image\\\/\"}}]}<\/script>\n<!-- \/ Yoast SEO plugin. -->","yoast_head_json":{"title":"Mandos a distancia - Meliconi","robots":{"index":"index","follow":"follow","max-snippet":"max-snippet:-1","max-image-preview":"max-image-preview:large","max-video-preview":"max-video-preview:-1"},"canonical":"https:\/\/www.meliconi.com\/es\/mandos-a-distancia\/","og_locale":"es_ES","og_type":"article","og_title":"Mandos a distancia - Meliconi","og_description":"Programar el mando a distancia Elegir el mando a distancia Todos los mandos a distancia Mandos a distancia para cada exigencia Controla a distancia todos sus dispositivos. Descubre los productos \u00bfNecesita programar su mando a distancia? Con nuestro servicio en l\u00ednea puede adaptar su mando a distancia Meliconi a su dispositivo en unos sencillos pasos. [&hellip;]","og_url":"https:\/\/www.meliconi.com\/es\/mandos-a-distancia\/","og_site_name":"Meliconi","article_modified_time":"2025-09-25T14:44:46+00:00","twitter_card":"summary_large_image","twitter_misc":{"Tiempo de lectura":"5 minutos"},"schema":{"@context":"https:\/\/schema.org","@graph":[{"@type":"WebPage","@id":"https:\/\/www.meliconi.com\/es\/mandos-a-distancia\/","url":"https:\/\/www.meliconi.com\/es\/mandos-a-distancia\/","name":"Mandos a distancia - Meliconi","isPartOf":{"@id":"https:\/\/www.meliconi.com\/es\/#website"},"datePublished":"2021-08-10T12:57:01+00:00","dateModified":"2025-09-25T14:44:46+00:00","breadcrumb":{"@id":"https:\/\/www.meliconi.com\/es\/mandos-a-distancia\/#breadcrumb"},"inLanguage":"es","potentialAction":[{"@type":"ReadAction","target":["https:\/\/www.meliconi.com\/es\/mandos-a-distancia\/"]}]},{"@type":"BreadcrumbList","@id":"https:\/\/www.meliconi.com\/es\/mandos-a-distancia\/#breadcrumb","itemListElement":[{"@type":"ListItem","position":1,"name":"Home","item":"https:\/\/www.meliconi.com\/es\/"},{"@type":"ListItem","position":2,"name":"Mandos a distancia"}]},{"@type":"WebSite","@id":"https:\/\/www.meliconi.com\/es\/#website","url":"https:\/\/www.meliconi.com\/es\/","name":"Meliconi","description":"El especialista en accesorios ","publisher":{"@id":"https:\/\/www.meliconi.com\/es\/#organization"},"potentialAction":[{"@type":"SearchAction","target":{"@type":"EntryPoint","urlTemplate":"https:\/\/www.meliconi.com\/es\/?s={search_term_string}"},"query-input":{"@type":"PropertyValueSpecification","valueRequired":true,"valueName":"search_term_string"}}],"inLanguage":"es"},{"@type":"Organization","@id":"https:\/\/www.meliconi.com\/es\/#organization","name":"Meliconi","url":"https:\/\/www.meliconi.com\/es\/","logo":{"@type":"ImageObject","inLanguage":"es","@id":"https:\/\/www.meliconi.com\/es\/#\/schema\/logo\/image\/","url":"https:\/\/www.meliconi.com\/wp-content\/uploads\/2021\/06\/logo-meliconi.png","contentUrl":"https:\/\/www.meliconi.com\/wp-content\/uploads\/2021\/06\/logo-meliconi.png","width":338,"height":102,"caption":"Meliconi"},"image":{"@id":"https:\/\/www.meliconi.com\/es\/#\/schema\/logo\/image\/"}}]}},"_links":{"self":[{"href":"https:\/\/www.meliconi.com\/es\/wp-json\/wp\/v2\/pages\/13493","targetHints":{"allow":["GET"]}}],"collection":[{"href":"https:\/\/www.meliconi.com\/es\/wp-json\/wp\/v2\/pages"}],"about":[{"href":"https:\/\/www.meliconi.com\/es\/wp-json\/wp\/v2\/types\/page"}],"author":[{"embeddable":true,"href":"https:\/\/www.meliconi.com\/es\/wp-json\/wp\/v2\/users\/4"}],"replies":[{"embeddable":true,"href":"https:\/\/www.meliconi.com\/es\/wp-json\/wp\/v2\/comments?post=13493"}],"version-history":[{"count":21,"href":"https:\/\/www.meliconi.com\/es\/wp-json\/wp\/v2\/pages\/13493\/revisions"}],"predecessor-version":[{"id":68073,"href":"https:\/\/www.meliconi.com\/es\/wp-json\/wp\/v2\/pages\/13493\/revisions\/68073"}],"wp:attachment":[{"href":"https:\/\/www.meliconi.com\/es\/wp-json\/wp\/v2\/media?parent=13493"}],"curies":[{"name":"wp","href":"https:\/\/api.w.org\/{rel}","templated":true}]}}