{"id":69028,"date":"2025-03-31T14:19:54","date_gmt":"2025-03-31T12:19:54","guid":{"rendered":"https:\/\/www.meliconi.com\/prodotto\/base-move-slim\/"},"modified":"2025-12-02T11:18:18","modified_gmt":"2025-12-02T10:18:18","slug":"base-move-slim","status":"publish","type":"product","link":"https:\/\/www.meliconi.com\/de\/produkt\/base-move-slim\/","title":{"rendered":"Base Move Slim"},"content":{"rendered":"<p>Die vibrationsd\u00e4mpfende Basis mit Rollen von Meliconi, Base Move Slim, ist die ideale L\u00f6sung f\u00fcr SLIM-Waschmaschinen und -Trockner. Sie wurde entwickelt, um das Bewegen der Ger\u00e4te zu vereinfachen und ihre Stabilit\u00e4t zu gew\u00e4hrleisten. Mit dieser SLIM-Waschmaschinenbasis mit Rollen k\u00f6nnen Sie Ger\u00e4te leicht bewegen oder dank des vorderen Bremshebelsystems sicher feststellen.<\/p>\n<p>Die Struktur besteht aus extrem widerstandsf\u00e4higem Technopolymer und enth\u00e4lt 30 % recycelten Kunststoff, was das Engagement von Meliconi f\u00fcr \u00f6kologische Nachhaltigkeit unterstreicht. Trotz der Verwendung von recycelten Materialien bietet sie au\u00dfergew\u00f6hnliche Festigkeit und Stabilit\u00e4t.<\/p>\n<p>Sie ist vormontiert und sehr einfach zu installieren, universell einsetzbar und mit allen SLIM-Frontlader-Waschmaschinen und -Trocknern mit einer Breite von 60 cm und einer Tiefe von bis zu 47 cm kompatibel. Maximaler Abstand zwischen den vorderen und hinteren F\u00fc\u00dfen: 43 cm. Die vorderen Bremshebel machen ihn ideal f\u00fcr den Einbau oder die Platzierung in Wandn\u00e4he. Er kann auch mit gestapelten Wasch-Trockner-S\u00e4ulen verwendet werden und tr\u00e4gt bis zu 250 kg.<\/p>\n<p>Dieser in Italien hergestellte und mit 10 Jahren Garantie versehene Waschmaschinenuntersatz mit R\u00e4dern ist mit einem Anti-Vibrationssystem ausgestattet. Wenn die Hebel heruntergedr\u00fcckt sind, halten die Gummipads den Sockel fest auf dem Boden und absorbieren Vibrationen. Wenn die Hebel bet\u00e4tigt werden, senken sich die Vorderr\u00e4der, die Gummipads heben sich und der Sockel erm\u00f6glicht es Ihnen, das Ger\u00e4t leicht vor und zur\u00fcck zu bewegen.<\/p>\n<p>Entscheiden Sie sich f\u00fcr den Meliconi Base Move Slim Waschmaschinensockel als praktische, stabile und umweltfreundliche L\u00f6sung f\u00fcr Ihre Ger\u00e4te.<\/p>\n","protected":false},"excerpt":{"rendered":"<p>ANTI-VIBRATIONSBASIS: Anti-Vibrationsbasis mit Rollen, speziell f\u00fcr schmale Waschmaschinen oder schmale Trockner entwickelt, auch f\u00fcr schmale Wasch-Trockner-Kombinationen geeignet.<br \/>\nGEBRAUCHSFERTIG: Vormontiert und sehr einfach zu installieren.<br \/>\nMIT ROLLEN UND BREMSEN: Erm\u00f6glicht das einfache Verschieben der Ger\u00e4te oder deren sicheren Stand. Die vorderen Bremshebel eignen sich auch ideal f\u00fcr Einbauger\u00e4te oder Ger\u00e4te, die nahe an einer Wand stehen.<br \/>\nKOMPATIBILIT\u00c4T: Universell und kompatibel mit allen SLIM-Frontlader-Waschmaschinen und -Trocknern mit einer Breite von 60 cm und einer Tiefe von bis zu 47 cm. Maximaler Abstand zwischen den vorderen und hinteren F\u00fc\u00dfen: 43 cm. Tr\u00e4gt bis zu 250 kg.<br \/>\nGEEIGNET F\u00dcR WASCHKOLONNE: Kann auch mit dem Meliconi-Stapelset verwendet werden, um eine gestapelte Waschmaschine-Trockner-Kolonne zu schaffen.<br \/>\nRECYCLED PLASTIC: Die Struktur besteht aus extrem widerstandsf\u00e4higem Technopolymer, das zu 30 % aus recyceltem Kunststoff besteht, was das Engagement von Meliconi f\u00fcr den Planeten unterstreicht. Dieser Prozentsatz reduziert die Umweltbelastung und gew\u00e4hrleistet gleichzeitig Festigkeit und Stabilit\u00e4t.<br \/>\nMELICONI-QUALIT\u00c4T: Seit seiner Gr\u00fcndung bringt Meliconi originelle und erschwingliche Ideen auf den Markt, um den Alltag zu vereinfachen. Dieses Meliconi-Kit ist zu 100 % in Italien hergestellt und verf\u00fcgt \u00fcber eine 10-j\u00e4hrige Garantie.<\/p>\n","protected":false},"featured_media":64876,"template":"","meta":{"_acf_changed":false},"product_cat":[1177],"product_tag":[],"class_list":{"0":"post-69028","1":"product","2":"type-product","3":"status-publish","4":"has-post-thumbnail","6":"product_cat-untergestelle-fur-haushaltsgerate","8":"first","9":"instock","10":"taxable","11":"shipping-taxable","12":"purchasable","13":"product-type-simple"},"acf":[],"yoast_head":"<!-- This site is optimized with the Yoast SEO plugin v26.1.1 - https:\/\/yoast.com\/wordpress\/plugins\/seo\/ -->\n<title>Base Move Slim - Meliconi<\/title>\n<meta name=\"description\" content=\"Waschmaschinenuntergestell mit Technopolymer-Rollen, abnehmbaren Seitenbremsen und Anti-Vibrationssystem, speziell entwickelt f\u00fcr SLIM-Waschmaschinen oder -Trockner.\" \/>\n<meta name=\"robots\" content=\"index, follow, max-snippet:-1, max-image-preview:large, max-video-preview:-1\" \/>\n<link rel=\"canonical\" href=\"https:\/\/www.meliconi.com\/de\/produkt\/base-move-slim\/\" \/>\n<meta property=\"og:locale\" content=\"de_DE\" \/>\n<meta property=\"og:type\" content=\"article\" \/>\n<meta property=\"og:title\" content=\"Base Move Slim - Meliconi\" \/>\n<meta property=\"og:description\" content=\"Waschmaschinenuntergestell mit Technopolymer-Rollen, abnehmbaren Seitenbremsen und Anti-Vibrationssystem, speziell entwickelt f\u00fcr SLIM-Waschmaschinen oder -Trockner.\" \/>\n<meta property=\"og:url\" content=\"https:\/\/www.meliconi.com\/de\/produkt\/base-move-slim\/\" \/>\n<meta property=\"og:site_name\" content=\"Meliconi\" \/>\n<meta property=\"article:modified_time\" content=\"2025-12-02T10:18:18+00:00\" \/>\n<meta property=\"og:image\" content=\"https:\/\/www.meliconi.com\/wp-content\/uploads\/2025\/03\/656149_BMS-still-2-1024x576.png\" \/>\n\t<meta property=\"og:image:width\" content=\"1024\" \/>\n\t<meta property=\"og:image:height\" content=\"576\" \/>\n\t<meta property=\"og:image:type\" content=\"image\/png\" \/>\n<meta name=\"twitter:card\" content=\"summary_large_image\" \/>\n<meta name=\"twitter:label1\" content=\"Gesch\u00e4tzte Lesezeit\" \/>\n\t<meta name=\"twitter:data1\" content=\"1\u00a0Minute\" \/>\n<script type=\"application\/ld+json\" class=\"yoast-schema-graph\">{\"@context\":\"https:\/\/schema.org\",\"@graph\":[{\"@type\":\"WebPage\",\"@id\":\"https:\/\/www.meliconi.com\/de\/produkt\/base-move-slim\/\",\"url\":\"https:\/\/www.meliconi.com\/de\/produkt\/base-move-slim\/\",\"name\":\"Base Move Slim - Meliconi\",\"isPartOf\":{\"@id\":\"https:\/\/www.meliconi.com\/de\/#website\"},\"primaryImageOfPage\":{\"@id\":\"https:\/\/www.meliconi.com\/de\/produkt\/base-move-slim\/#primaryimage\"},\"image\":{\"@id\":\"https:\/\/www.meliconi.com\/de\/produkt\/base-move-slim\/#primaryimage\"},\"thumbnailUrl\":\"https:\/\/www.meliconi.com\/wp-content\/uploads\/2025\/03\/656149_BMS-still-2.png\",\"datePublished\":\"2025-03-31T12:19:54+00:00\",\"dateModified\":\"2025-12-02T10:18:18+00:00\",\"description\":\"Waschmaschinenuntergestell mit Technopolymer-Rollen, abnehmbaren Seitenbremsen und Anti-Vibrationssystem, speziell entwickelt f\u00fcr SLIM-Waschmaschinen oder -Trockner.\",\"breadcrumb\":{\"@id\":\"https:\/\/www.meliconi.com\/de\/produkt\/base-move-slim\/#breadcrumb\"},\"inLanguage\":\"de\",\"potentialAction\":[{\"@type\":\"ReadAction\",\"target\":[\"https:\/\/www.meliconi.com\/de\/produkt\/base-move-slim\/\"]}]},{\"@type\":\"ImageObject\",\"inLanguage\":\"de\",\"@id\":\"https:\/\/www.meliconi.com\/de\/produkt\/base-move-slim\/#primaryimage\",\"url\":\"https:\/\/www.meliconi.com\/wp-content\/uploads\/2025\/03\/656149_BMS-still-2.png\",\"contentUrl\":\"https:\/\/www.meliconi.com\/wp-content\/uploads\/2025\/03\/656149_BMS-still-2.png\",\"width\":6000,\"height\":3375},{\"@type\":\"BreadcrumbList\",\"@id\":\"https:\/\/www.meliconi.com\/de\/produkt\/base-move-slim\/#breadcrumb\",\"itemListElement\":[{\"@type\":\"ListItem\",\"position\":1,\"name\":\"Home\",\"item\":\"https:\/\/www.meliconi.com\/de\/\"},{\"@type\":\"ListItem\",\"position\":2,\"name\":\"Shop\",\"item\":\"https:\/\/www.meliconi.com\/de\/shop-de\/\"},{\"@type\":\"ListItem\",\"position\":3,\"name\":\"Base Move Slim\"}]},{\"@type\":\"WebSite\",\"@id\":\"https:\/\/www.meliconi.com\/de\/#website\",\"url\":\"https:\/\/www.meliconi.com\/de\/\",\"name\":\"Meliconi\",\"description\":\"Lo specialista dell&#039;accessorio\",\"publisher\":{\"@id\":\"https:\/\/www.meliconi.com\/de\/#organization\"},\"potentialAction\":[{\"@type\":\"SearchAction\",\"target\":{\"@type\":\"EntryPoint\",\"urlTemplate\":\"https:\/\/www.meliconi.com\/de\/?s={search_term_string}\"},\"query-input\":{\"@type\":\"PropertyValueSpecification\",\"valueRequired\":true,\"valueName\":\"search_term_string\"}}],\"inLanguage\":\"de\"},{\"@type\":\"Organization\",\"@id\":\"https:\/\/www.meliconi.com\/de\/#organization\",\"name\":\"Meliconi\",\"url\":\"https:\/\/www.meliconi.com\/de\/\",\"logo\":{\"@type\":\"ImageObject\",\"inLanguage\":\"de\",\"@id\":\"https:\/\/www.meliconi.com\/de\/#\/schema\/logo\/image\/\",\"url\":\"https:\/\/www.meliconi.com\/wp-content\/uploads\/2021\/06\/logo-meliconi.png\",\"contentUrl\":\"https:\/\/www.meliconi.com\/wp-content\/uploads\/2021\/06\/logo-meliconi.png\",\"width\":338,\"height\":102,\"caption\":\"Meliconi\"},\"image\":{\"@id\":\"https:\/\/www.meliconi.com\/de\/#\/schema\/logo\/image\/\"}}]}<\/script>\n<!-- \/ Yoast SEO plugin. -->","yoast_head_json":{"title":"Base Move Slim - Meliconi","description":"Waschmaschinenuntergestell mit Technopolymer-Rollen, abnehmbaren Seitenbremsen und Anti-Vibrationssystem, speziell entwickelt f\u00fcr SLIM-Waschmaschinen oder -Trockner.","robots":{"index":"index","follow":"follow","max-snippet":"max-snippet:-1","max-image-preview":"max-image-preview:large","max-video-preview":"max-video-preview:-1"},"canonical":"https:\/\/www.meliconi.com\/de\/produkt\/base-move-slim\/","og_locale":"de_DE","og_type":"article","og_title":"Base Move Slim - Meliconi","og_description":"Waschmaschinenuntergestell mit Technopolymer-Rollen, abnehmbaren Seitenbremsen und Anti-Vibrationssystem, speziell entwickelt f\u00fcr SLIM-Waschmaschinen oder -Trockner.","og_url":"https:\/\/www.meliconi.com\/de\/produkt\/base-move-slim\/","og_site_name":"Meliconi","article_modified_time":"2025-12-02T10:18:18+00:00","og_image":[{"width":1024,"height":576,"url":"https:\/\/www.meliconi.com\/wp-content\/uploads\/2025\/03\/656149_BMS-still-2-1024x576.png","type":"image\/png"}],"twitter_card":"summary_large_image","twitter_misc":{"Gesch\u00e4tzte Lesezeit":"1\u00a0Minute"},"schema":{"@context":"https:\/\/schema.org","@graph":[{"@type":"WebPage","@id":"https:\/\/www.meliconi.com\/de\/produkt\/base-move-slim\/","url":"https:\/\/www.meliconi.com\/de\/produkt\/base-move-slim\/","name":"Base Move Slim - Meliconi","isPartOf":{"@id":"https:\/\/www.meliconi.com\/de\/#website"},"primaryImageOfPage":{"@id":"https:\/\/www.meliconi.com\/de\/produkt\/base-move-slim\/#primaryimage"},"image":{"@id":"https:\/\/www.meliconi.com\/de\/produkt\/base-move-slim\/#primaryimage"},"thumbnailUrl":"https:\/\/www.meliconi.com\/wp-content\/uploads\/2025\/03\/656149_BMS-still-2.png","datePublished":"2025-03-31T12:19:54+00:00","dateModified":"2025-12-02T10:18:18+00:00","description":"Waschmaschinenuntergestell mit Technopolymer-Rollen, abnehmbaren Seitenbremsen und Anti-Vibrationssystem, speziell entwickelt f\u00fcr SLIM-Waschmaschinen oder -Trockner.","breadcrumb":{"@id":"https:\/\/www.meliconi.com\/de\/produkt\/base-move-slim\/#breadcrumb"},"inLanguage":"de","potentialAction":[{"@type":"ReadAction","target":["https:\/\/www.meliconi.com\/de\/produkt\/base-move-slim\/"]}]},{"@type":"ImageObject","inLanguage":"de","@id":"https:\/\/www.meliconi.com\/de\/produkt\/base-move-slim\/#primaryimage","url":"https:\/\/www.meliconi.com\/wp-content\/uploads\/2025\/03\/656149_BMS-still-2.png","contentUrl":"https:\/\/www.meliconi.com\/wp-content\/uploads\/2025\/03\/656149_BMS-still-2.png","width":6000,"height":3375},{"@type":"BreadcrumbList","@id":"https:\/\/www.meliconi.com\/de\/produkt\/base-move-slim\/#breadcrumb","itemListElement":[{"@type":"ListItem","position":1,"name":"Home","item":"https:\/\/www.meliconi.com\/de\/"},{"@type":"ListItem","position":2,"name":"Shop","item":"https:\/\/www.meliconi.com\/de\/shop-de\/"},{"@type":"ListItem","position":3,"name":"Base Move Slim"}]},{"@type":"WebSite","@id":"https:\/\/www.meliconi.com\/de\/#website","url":"https:\/\/www.meliconi.com\/de\/","name":"Meliconi","description":"Lo specialista dell&#039;accessorio","publisher":{"@id":"https:\/\/www.meliconi.com\/de\/#organization"},"potentialAction":[{"@type":"SearchAction","target":{"@type":"EntryPoint","urlTemplate":"https:\/\/www.meliconi.com\/de\/?s={search_term_string}"},"query-input":{"@type":"PropertyValueSpecification","valueRequired":true,"valueName":"search_term_string"}}],"inLanguage":"de"},{"@type":"Organization","@id":"https:\/\/www.meliconi.com\/de\/#organization","name":"Meliconi","url":"https:\/\/www.meliconi.com\/de\/","logo":{"@type":"ImageObject","inLanguage":"de","@id":"https:\/\/www.meliconi.com\/de\/#\/schema\/logo\/image\/","url":"https:\/\/www.meliconi.com\/wp-content\/uploads\/2021\/06\/logo-meliconi.png","contentUrl":"https:\/\/www.meliconi.com\/wp-content\/uploads\/2021\/06\/logo-meliconi.png","width":338,"height":102,"caption":"Meliconi"},"image":{"@id":"https:\/\/www.meliconi.com\/de\/#\/schema\/logo\/image\/"}}]}},"_links":{"self":[{"href":"https:\/\/www.meliconi.com\/de\/wp-json\/wp\/v2\/product\/69028","targetHints":{"allow":["GET"]}}],"collection":[{"href":"https:\/\/www.meliconi.com\/de\/wp-json\/wp\/v2\/product"}],"about":[{"href":"https:\/\/www.meliconi.com\/de\/wp-json\/wp\/v2\/types\/product"}],"wp:featuredmedia":[{"embeddable":true,"href":"https:\/\/www.meliconi.com\/de\/wp-json\/wp\/v2\/media\/64876"}],"wp:attachment":[{"href":"https:\/\/www.meliconi.com\/de\/wp-json\/wp\/v2\/media?parent=69028"}],"wp:term":[{"taxonomy":"product_cat","embeddable":true,"href":"https:\/\/www.meliconi.com\/de\/wp-json\/wp\/v2\/product_cat?post=69028"},{"taxonomy":"product_tag","embeddable":true,"href":"https:\/\/www.meliconi.com\/de\/wp-json\/wp\/v2\/product_tag?post=69028"}],"curies":[{"name":"wp","href":"https:\/\/api.w.org\/{rel}","templated":true}]}}