{"id":69020,"date":"2024-10-18T16:36:16","date_gmt":"2024-10-18T14:36:16","guid":{"rendered":"https:\/\/www.meliconi.com\/prodotto\/torre-green-2\/"},"modified":"2025-12-02T11:00:43","modified_gmt":"2025-12-02T10:00:43","slug":"torre-green-plus","status":"publish","type":"product","link":"https:\/\/www.meliconi.com\/de\/produkt\/torre-green-plus\/","title":{"rendered":"Torre Green +"},"content":{"rendered":"<p>TORRE GREEN IST DAS WASCHMASCHINEN- UND TROCKNER-STAPELKIT MIT FSC\u00ae-ZERTIFIZIERTEM HOLZREGAL<\/p>\n<p>Spart Platz, indem der W\u00e4schetrockner auf die Waschmaschine gestellt wird.<br \/>\nDas brandneue FSC\u00ae-zertifizierte Holzregal, das eine verantwortungsvolle Waldbewirtschaftung unterst\u00fctzt, bietet eine praktische Ablagefl\u00e4che f\u00fcr die W\u00e4schepflege.<br \/>\nNeue silbergraue Farbe und neuer Griff im Blattdesign f\u00fcr einen modernen W\u00e4scheturm.<\/p>\n<p>Kompatibel mit allen Frontlader-Waschmaschinen mit einer Mindesttiefe von 45 cm und Frontlader-W\u00e4schetrocknern mit einer Tiefe von mehr als 60 cm (der Abstand zwischen den Trocknerf\u00fc\u00dfen darf maximal 54 cm betragen).<\/p>\n<p>Maximale Tragkraft: 250 kg.<br \/>\nDie ausziehbare Ablage in praktischer H\u00f6he bietet eine praktische Ablagefl\u00e4che und eine gro\u00dfe Arbeitsfl\u00e4che zum Zusammenlegen von Kleidung.<br \/>\nMaximale Tragkraft: 10 kg.<br \/>\nEin 6 Meter langer Sicherheitsgurt mit Metallschnalle ist im Lieferumfang enthalten. Die Gurtf\u00fchrung befindet sich au\u00dferhalb des Sets.<br \/>\nAlle Metallteile sind rostgesch\u00fctzt.<br \/>\nVormontiert, einfach und schnell zu installieren.<\/p>\n<p>FSC\u00ae C190330<\/p>\n","protected":false},"excerpt":{"rendered":"<p>Stapelkit, universell, mit FSC\u00ae-zertifiziertem Holzregal, unterst\u00fctzt verantwortungsvolle Waldbewirtschaftung.<\/p>\n<p>FSC\u00ae C190330<\/p>\n","protected":false},"featured_media":62311,"template":"","meta":{"_acf_changed":false},"product_cat":[1176],"product_tag":[565],"class_list":{"0":"post-69020","1":"product","2":"type-product","3":"status-publish","4":"has-post-thumbnail","6":"product_cat-zwischenbaurahmen","7":"product_tag-universale-de","9":"first","10":"instock","11":"taxable","12":"shipping-taxable","13":"purchasable","14":"product-type-simple"},"acf":[],"yoast_head":"<!-- This site is optimized with the Yoast SEO plugin v26.1.1 - https:\/\/yoast.com\/wordpress\/plugins\/seo\/ -->\n<title>Torre Green + - Meliconi<\/title>\n<meta name=\"description\" content=\"Stacking kit, universal, with FSC\u00ae-certified wood shelf, supporting responsible forest managementStapel-Set, universell, mit FSC\u00ae-zertifiziertem Holzregal, unterst\u00fctzt verantwortungsvolle Waldbewirtschaftung\" \/>\n<meta name=\"robots\" content=\"index, follow, max-snippet:-1, max-image-preview:large, max-video-preview:-1\" \/>\n<link rel=\"canonical\" href=\"https:\/\/www.meliconi.com\/de\/produkt\/torre-green-plus\/\" \/>\n<meta property=\"og:locale\" content=\"de_DE\" \/>\n<meta property=\"og:type\" content=\"article\" \/>\n<meta property=\"og:title\" content=\"Torre Green + - Meliconi\" \/>\n<meta property=\"og:description\" content=\"Stacking kit, universal, with FSC\u00ae-certified wood shelf, supporting responsible forest managementStapel-Set, universell, mit FSC\u00ae-zertifiziertem Holzregal, unterst\u00fctzt verantwortungsvolle Waldbewirtschaftung\" \/>\n<meta property=\"og:url\" content=\"https:\/\/www.meliconi.com\/de\/produkt\/torre-green-plus\/\" \/>\n<meta property=\"og:site_name\" content=\"Meliconi\" \/>\n<meta property=\"article:modified_time\" content=\"2025-12-02T10:00:43+00:00\" \/>\n<meta property=\"og:image\" content=\"https:\/\/www.meliconi.com\/wp-content\/uploads\/2024\/10\/656129_TORRE-GREEN-1-1024x724.png\" \/>\n\t<meta property=\"og:image:width\" content=\"1024\" \/>\n\t<meta property=\"og:image:height\" content=\"724\" \/>\n\t<meta property=\"og:image:type\" content=\"image\/png\" \/>\n<meta name=\"twitter:card\" content=\"summary_large_image\" \/>\n<meta name=\"twitter:label1\" content=\"Gesch\u00e4tzte Lesezeit\" \/>\n\t<meta name=\"twitter:data1\" content=\"1\u00a0Minute\" \/>\n<script type=\"application\/ld+json\" class=\"yoast-schema-graph\">{\"@context\":\"https:\/\/schema.org\",\"@graph\":[{\"@type\":\"WebPage\",\"@id\":\"https:\/\/www.meliconi.com\/de\/produkt\/torre-green-plus\/\",\"url\":\"https:\/\/www.meliconi.com\/de\/produkt\/torre-green-plus\/\",\"name\":\"Torre Green + - Meliconi\",\"isPartOf\":{\"@id\":\"https:\/\/www.meliconi.com\/de\/#website\"},\"primaryImageOfPage\":{\"@id\":\"https:\/\/www.meliconi.com\/de\/produkt\/torre-green-plus\/#primaryimage\"},\"image\":{\"@id\":\"https:\/\/www.meliconi.com\/de\/produkt\/torre-green-plus\/#primaryimage\"},\"thumbnailUrl\":\"https:\/\/www.meliconi.com\/wp-content\/uploads\/2024\/10\/656129_TORRE-GREEN-1.png\",\"datePublished\":\"2024-10-18T14:36:16+00:00\",\"dateModified\":\"2025-12-02T10:00:43+00:00\",\"description\":\"Stacking kit, universal, with FSC\u00ae-certified wood shelf, supporting responsible forest managementStapel-Set, universell, mit FSC\u00ae-zertifiziertem Holzregal, unterst\u00fctzt verantwortungsvolle Waldbewirtschaftung\",\"breadcrumb\":{\"@id\":\"https:\/\/www.meliconi.com\/de\/produkt\/torre-green-plus\/#breadcrumb\"},\"inLanguage\":\"de\",\"potentialAction\":[{\"@type\":\"ReadAction\",\"target\":[\"https:\/\/www.meliconi.com\/de\/produkt\/torre-green-plus\/\"]}]},{\"@type\":\"ImageObject\",\"inLanguage\":\"de\",\"@id\":\"https:\/\/www.meliconi.com\/de\/produkt\/torre-green-plus\/#primaryimage\",\"url\":\"https:\/\/www.meliconi.com\/wp-content\/uploads\/2024\/10\/656129_TORRE-GREEN-1.png\",\"contentUrl\":\"https:\/\/www.meliconi.com\/wp-content\/uploads\/2024\/10\/656129_TORRE-GREEN-1.png\",\"width\":5000,\"height\":3535},{\"@type\":\"BreadcrumbList\",\"@id\":\"https:\/\/www.meliconi.com\/de\/produkt\/torre-green-plus\/#breadcrumb\",\"itemListElement\":[{\"@type\":\"ListItem\",\"position\":1,\"name\":\"Home\",\"item\":\"https:\/\/www.meliconi.com\/de\/\"},{\"@type\":\"ListItem\",\"position\":2,\"name\":\"Shop\",\"item\":\"https:\/\/www.meliconi.com\/de\/shop-de\/\"},{\"@type\":\"ListItem\",\"position\":3,\"name\":\"Torre Green +\"}]},{\"@type\":\"WebSite\",\"@id\":\"https:\/\/www.meliconi.com\/de\/#website\",\"url\":\"https:\/\/www.meliconi.com\/de\/\",\"name\":\"Meliconi\",\"description\":\"Lo specialista dell&#039;accessorio\",\"publisher\":{\"@id\":\"https:\/\/www.meliconi.com\/de\/#organization\"},\"potentialAction\":[{\"@type\":\"SearchAction\",\"target\":{\"@type\":\"EntryPoint\",\"urlTemplate\":\"https:\/\/www.meliconi.com\/de\/?s={search_term_string}\"},\"query-input\":{\"@type\":\"PropertyValueSpecification\",\"valueRequired\":true,\"valueName\":\"search_term_string\"}}],\"inLanguage\":\"de\"},{\"@type\":\"Organization\",\"@id\":\"https:\/\/www.meliconi.com\/de\/#organization\",\"name\":\"Meliconi\",\"url\":\"https:\/\/www.meliconi.com\/de\/\",\"logo\":{\"@type\":\"ImageObject\",\"inLanguage\":\"de\",\"@id\":\"https:\/\/www.meliconi.com\/de\/#\/schema\/logo\/image\/\",\"url\":\"https:\/\/www.meliconi.com\/wp-content\/uploads\/2021\/06\/logo-meliconi.png\",\"contentUrl\":\"https:\/\/www.meliconi.com\/wp-content\/uploads\/2021\/06\/logo-meliconi.png\",\"width\":338,\"height\":102,\"caption\":\"Meliconi\"},\"image\":{\"@id\":\"https:\/\/www.meliconi.com\/de\/#\/schema\/logo\/image\/\"}}]}<\/script>\n<!-- \/ Yoast SEO plugin. -->","yoast_head_json":{"title":"Torre Green + - Meliconi","description":"Stacking kit, universal, with FSC\u00ae-certified wood shelf, supporting responsible forest managementStapel-Set, universell, mit FSC\u00ae-zertifiziertem Holzregal, unterst\u00fctzt verantwortungsvolle Waldbewirtschaftung","robots":{"index":"index","follow":"follow","max-snippet":"max-snippet:-1","max-image-preview":"max-image-preview:large","max-video-preview":"max-video-preview:-1"},"canonical":"https:\/\/www.meliconi.com\/de\/produkt\/torre-green-plus\/","og_locale":"de_DE","og_type":"article","og_title":"Torre Green + - Meliconi","og_description":"Stacking kit, universal, with FSC\u00ae-certified wood shelf, supporting responsible forest managementStapel-Set, universell, mit FSC\u00ae-zertifiziertem Holzregal, unterst\u00fctzt verantwortungsvolle Waldbewirtschaftung","og_url":"https:\/\/www.meliconi.com\/de\/produkt\/torre-green-plus\/","og_site_name":"Meliconi","article_modified_time":"2025-12-02T10:00:43+00:00","og_image":[{"width":1024,"height":724,"url":"https:\/\/www.meliconi.com\/wp-content\/uploads\/2024\/10\/656129_TORRE-GREEN-1-1024x724.png","type":"image\/png"}],"twitter_card":"summary_large_image","twitter_misc":{"Gesch\u00e4tzte Lesezeit":"1\u00a0Minute"},"schema":{"@context":"https:\/\/schema.org","@graph":[{"@type":"WebPage","@id":"https:\/\/www.meliconi.com\/de\/produkt\/torre-green-plus\/","url":"https:\/\/www.meliconi.com\/de\/produkt\/torre-green-plus\/","name":"Torre Green + - Meliconi","isPartOf":{"@id":"https:\/\/www.meliconi.com\/de\/#website"},"primaryImageOfPage":{"@id":"https:\/\/www.meliconi.com\/de\/produkt\/torre-green-plus\/#primaryimage"},"image":{"@id":"https:\/\/www.meliconi.com\/de\/produkt\/torre-green-plus\/#primaryimage"},"thumbnailUrl":"https:\/\/www.meliconi.com\/wp-content\/uploads\/2024\/10\/656129_TORRE-GREEN-1.png","datePublished":"2024-10-18T14:36:16+00:00","dateModified":"2025-12-02T10:00:43+00:00","description":"Stacking kit, universal, with FSC\u00ae-certified wood shelf, supporting responsible forest managementStapel-Set, universell, mit FSC\u00ae-zertifiziertem Holzregal, unterst\u00fctzt verantwortungsvolle Waldbewirtschaftung","breadcrumb":{"@id":"https:\/\/www.meliconi.com\/de\/produkt\/torre-green-plus\/#breadcrumb"},"inLanguage":"de","potentialAction":[{"@type":"ReadAction","target":["https:\/\/www.meliconi.com\/de\/produkt\/torre-green-plus\/"]}]},{"@type":"ImageObject","inLanguage":"de","@id":"https:\/\/www.meliconi.com\/de\/produkt\/torre-green-plus\/#primaryimage","url":"https:\/\/www.meliconi.com\/wp-content\/uploads\/2024\/10\/656129_TORRE-GREEN-1.png","contentUrl":"https:\/\/www.meliconi.com\/wp-content\/uploads\/2024\/10\/656129_TORRE-GREEN-1.png","width":5000,"height":3535},{"@type":"BreadcrumbList","@id":"https:\/\/www.meliconi.com\/de\/produkt\/torre-green-plus\/#breadcrumb","itemListElement":[{"@type":"ListItem","position":1,"name":"Home","item":"https:\/\/www.meliconi.com\/de\/"},{"@type":"ListItem","position":2,"name":"Shop","item":"https:\/\/www.meliconi.com\/de\/shop-de\/"},{"@type":"ListItem","position":3,"name":"Torre Green +"}]},{"@type":"WebSite","@id":"https:\/\/www.meliconi.com\/de\/#website","url":"https:\/\/www.meliconi.com\/de\/","name":"Meliconi","description":"Lo specialista dell&#039;accessorio","publisher":{"@id":"https:\/\/www.meliconi.com\/de\/#organization"},"potentialAction":[{"@type":"SearchAction","target":{"@type":"EntryPoint","urlTemplate":"https:\/\/www.meliconi.com\/de\/?s={search_term_string}"},"query-input":{"@type":"PropertyValueSpecification","valueRequired":true,"valueName":"search_term_string"}}],"inLanguage":"de"},{"@type":"Organization","@id":"https:\/\/www.meliconi.com\/de\/#organization","name":"Meliconi","url":"https:\/\/www.meliconi.com\/de\/","logo":{"@type":"ImageObject","inLanguage":"de","@id":"https:\/\/www.meliconi.com\/de\/#\/schema\/logo\/image\/","url":"https:\/\/www.meliconi.com\/wp-content\/uploads\/2021\/06\/logo-meliconi.png","contentUrl":"https:\/\/www.meliconi.com\/wp-content\/uploads\/2021\/06\/logo-meliconi.png","width":338,"height":102,"caption":"Meliconi"},"image":{"@id":"https:\/\/www.meliconi.com\/de\/#\/schema\/logo\/image\/"}}]}},"_links":{"self":[{"href":"https:\/\/www.meliconi.com\/de\/wp-json\/wp\/v2\/product\/69020","targetHints":{"allow":["GET"]}}],"collection":[{"href":"https:\/\/www.meliconi.com\/de\/wp-json\/wp\/v2\/product"}],"about":[{"href":"https:\/\/www.meliconi.com\/de\/wp-json\/wp\/v2\/types\/product"}],"wp:featuredmedia":[{"embeddable":true,"href":"https:\/\/www.meliconi.com\/de\/wp-json\/wp\/v2\/media\/62311"}],"wp:attachment":[{"href":"https:\/\/www.meliconi.com\/de\/wp-json\/wp\/v2\/media?parent=69020"}],"wp:term":[{"taxonomy":"product_cat","embeddable":true,"href":"https:\/\/www.meliconi.com\/de\/wp-json\/wp\/v2\/product_cat?post=69020"},{"taxonomy":"product_tag","embeddable":true,"href":"https:\/\/www.meliconi.com\/de\/wp-json\/wp\/v2\/product_tag?post=69020"}],"curies":[{"name":"wp","href":"https:\/\/api.w.org\/{rel}","templated":true}]}}