{"id":68862,"date":"2023-09-22T11:55:30","date_gmt":"2023-09-22T11:55:30","guid":{"rendered":"https:\/\/www.meliconi.com\/prodotto\/torre-green\/"},"modified":"2025-11-18T15:48:09","modified_gmt":"2025-11-18T14:48:09","slug":"torre-duo","status":"publish","type":"product","link":"https:\/\/www.meliconi.com\/de\/produkt\/torre-duo\/","title":{"rendered":"Torre Duo"},"content":{"rendered":"<p>TORRE DUO IST DAS NEUE 2-IN-1-STAPELKIT F\u00dcR WASCHMASCHINE UND TROCKNER.<br \/>\nES HILFT, PLATZ ZU SPAREN UND NEUEN RAUM ZU SCHAFFEN.<\/p>\n<p>Spart Platz, indem der Trockner auf die Waschmaschine gestellt wird.<br \/>\nDie ausziehbare Ablage ist eine praktische Unterlage f\u00fcr die W\u00e4schepflege, unter der sich ein ger\u00e4umiges Fach f\u00fcr alles befindet, was Sie griffbereit aufbewahren m\u00f6chten. So haben Sie eine praktische Ablage f\u00fcr Ihre W\u00e4schepflege.<br \/>\nNeue Zweifarbigkeit: Silbergrau und Wei\u00df f\u00fcr einen modernen W\u00e4scheturm.<\/p>\n<p>Kompatibel mit allen Frontlader-Waschmaschinen mit einer Mindesttiefe von 45 cm und Frontlader-W\u00e4schetrocknern mit einer Tiefe von mehr als 60 cm (der Abstand zwischen den Trocknerf\u00fc\u00dfen darf maximal 54 cm betragen).<\/p>\n<p>Maximale Tragkraft: 250 kg.<br \/>\nDas ausziehbare Regal in praktischer H\u00f6he bietet eine praktische Ablagefl\u00e4che und eine gro\u00dfe Arbeitsfl\u00e4che zum Zusammenlegen von Kleidung.<br \/>\nMaximale Tragkraft: 10 kg.<br \/>\nUnter dem Regal befindet sich ein gro\u00dfes und praktisches Fach, das Platz in Ihrer W\u00e4schespalte schafft.<br \/>\nEin 6 Meter langer Sicherheitsgurt mit Metallschnalle ist im Lieferumfang enthalten. Die Gurtf\u00fchrung befindet sich au\u00dferhalb des Bausatzes.<br \/>\nAlle Metallteile sind rostgesch\u00fctzt.<br \/>\nVormontiert, einfach und schnell zu installieren.<\/p>\n","protected":false},"excerpt":{"rendered":"<p>Stapel-Set, universell, 2-in-1 mit ausziehbarem Regal und verschlie\u00dfbarer Schublade. Platzsparend im Haushalt, schafft neuen Raum in einem modernen Turm.<\/p>\n","protected":false},"featured_media":61444,"template":"","meta":{"_acf_changed":false},"product_brand":[],"product_cat":[1176],"product_tag":[565],"class_list":{"0":"post-68862","1":"product","2":"type-product","3":"status-publish","4":"has-post-thumbnail","6":"product_cat-zwischenbaurahmen","7":"product_tag-universale-de","9":"first","10":"instock","11":"taxable","12":"shipping-taxable","13":"purchasable","14":"product-type-simple"},"acf":[],"yoast_head":"<!-- This site is optimized with the Yoast SEO plugin v27.4 - https:\/\/yoast.com\/product\/yoast-seo-wordpress\/ -->\n<title>Torre Duo - Meliconi<\/title>\n<meta name=\"description\" content=\"Stapel-Set, universell, 2-in-1 mit ausziehbarem Regal und verschlie\u00dfbarer Schublade. Platzsparend im Haushalt, schafft neuen Raum in einem modernen Turm.\" \/>\n<meta name=\"robots\" content=\"index, follow, max-snippet:-1, max-image-preview:large, max-video-preview:-1\" \/>\n<link rel=\"canonical\" href=\"https:\/\/www.meliconi.com\/de\/produkt\/torre-duo\/\" \/>\n<meta property=\"og:locale\" content=\"de_DE\" \/>\n<meta property=\"og:type\" content=\"article\" \/>\n<meta property=\"og:title\" content=\"Torre Duo - Meliconi\" \/>\n<meta property=\"og:description\" content=\"Stapel-Set, universell, 2-in-1 mit ausziehbarem Regal und verschlie\u00dfbarer Schublade. Platzsparend im Haushalt, schafft neuen Raum in einem modernen Turm.\" \/>\n<meta property=\"og:url\" content=\"https:\/\/www.meliconi.com\/de\/produkt\/torre-duo\/\" \/>\n<meta property=\"og:site_name\" content=\"Meliconi\" \/>\n<meta property=\"article:modified_time\" content=\"2025-11-18T14:48:09+00:00\" \/>\n<meta property=\"og:image\" content=\"https:\/\/www.meliconi.com\/wp-content\/uploads\/2023\/09\/656123_TORRE_DUO-APERTO-2-1024x724.png\" \/>\n\t<meta property=\"og:image:width\" content=\"1024\" \/>\n\t<meta property=\"og:image:height\" content=\"724\" \/>\n\t<meta property=\"og:image:type\" content=\"image\/png\" \/>\n<meta name=\"twitter:card\" content=\"summary_large_image\" \/>\n<meta name=\"twitter:label1\" content=\"Gesch\u00e4tzte Lesezeit\" \/>\n\t<meta name=\"twitter:data1\" content=\"1\u00a0Minute\" \/>\n<script type=\"application\/ld+json\" class=\"yoast-schema-graph\">{\"@context\":\"https:\\\/\\\/schema.org\",\"@graph\":[{\"@type\":\"WebPage\",\"@id\":\"https:\\\/\\\/www.meliconi.com\\\/de\\\/produkt\\\/torre-duo\\\/\",\"url\":\"https:\\\/\\\/www.meliconi.com\\\/de\\\/produkt\\\/torre-duo\\\/\",\"name\":\"Torre Duo - Meliconi\",\"isPartOf\":{\"@id\":\"https:\\\/\\\/www.meliconi.com\\\/de\\\/#website\"},\"primaryImageOfPage\":{\"@id\":\"https:\\\/\\\/www.meliconi.com\\\/de\\\/produkt\\\/torre-duo\\\/#primaryimage\"},\"image\":{\"@id\":\"https:\\\/\\\/www.meliconi.com\\\/de\\\/produkt\\\/torre-duo\\\/#primaryimage\"},\"thumbnailUrl\":\"https:\\\/\\\/www.meliconi.com\\\/wp-content\\\/uploads\\\/2023\\\/09\\\/656123_TORRE_DUO-APERTO-2.png\",\"datePublished\":\"2023-09-22T11:55:30+00:00\",\"dateModified\":\"2025-11-18T14:48:09+00:00\",\"description\":\"Stapel-Set, universell, 2-in-1 mit ausziehbarem Regal und verschlie\u00dfbarer Schublade. Platzsparend im Haushalt, schafft neuen Raum in einem modernen Turm.\",\"breadcrumb\":{\"@id\":\"https:\\\/\\\/www.meliconi.com\\\/de\\\/produkt\\\/torre-duo\\\/#breadcrumb\"},\"inLanguage\":\"de\",\"potentialAction\":[{\"@type\":\"ReadAction\",\"target\":[\"https:\\\/\\\/www.meliconi.com\\\/de\\\/produkt\\\/torre-duo\\\/\"]}]},{\"@type\":\"ImageObject\",\"inLanguage\":\"de\",\"@id\":\"https:\\\/\\\/www.meliconi.com\\\/de\\\/produkt\\\/torre-duo\\\/#primaryimage\",\"url\":\"https:\\\/\\\/www.meliconi.com\\\/wp-content\\\/uploads\\\/2023\\\/09\\\/656123_TORRE_DUO-APERTO-2.png\",\"contentUrl\":\"https:\\\/\\\/www.meliconi.com\\\/wp-content\\\/uploads\\\/2023\\\/09\\\/656123_TORRE_DUO-APERTO-2.png\",\"width\":5000,\"height\":3535},{\"@type\":\"BreadcrumbList\",\"@id\":\"https:\\\/\\\/www.meliconi.com\\\/de\\\/produkt\\\/torre-duo\\\/#breadcrumb\",\"itemListElement\":[{\"@type\":\"ListItem\",\"position\":1,\"name\":\"Home\",\"item\":\"https:\\\/\\\/www.meliconi.com\\\/de\\\/\"},{\"@type\":\"ListItem\",\"position\":2,\"name\":\"Shop\",\"item\":\"https:\\\/\\\/www.meliconi.com\\\/de\\\/shop-de\\\/\"},{\"@type\":\"ListItem\",\"position\":3,\"name\":\"Torre Duo\"}]},{\"@type\":\"WebSite\",\"@id\":\"https:\\\/\\\/www.meliconi.com\\\/de\\\/#website\",\"url\":\"https:\\\/\\\/www.meliconi.com\\\/de\\\/\",\"name\":\"Meliconi\",\"description\":\"Lo specialista dell&#039;accessorio\",\"publisher\":{\"@id\":\"https:\\\/\\\/www.meliconi.com\\\/de\\\/#organization\"},\"potentialAction\":[{\"@type\":\"SearchAction\",\"target\":{\"@type\":\"EntryPoint\",\"urlTemplate\":\"https:\\\/\\\/www.meliconi.com\\\/de\\\/?s={search_term_string}\"},\"query-input\":{\"@type\":\"PropertyValueSpecification\",\"valueRequired\":true,\"valueName\":\"search_term_string\"}}],\"inLanguage\":\"de\"},{\"@type\":\"Organization\",\"@id\":\"https:\\\/\\\/www.meliconi.com\\\/de\\\/#organization\",\"name\":\"Meliconi\",\"url\":\"https:\\\/\\\/www.meliconi.com\\\/de\\\/\",\"logo\":{\"@type\":\"ImageObject\",\"inLanguage\":\"de\",\"@id\":\"https:\\\/\\\/www.meliconi.com\\\/de\\\/#\\\/schema\\\/logo\\\/image\\\/\",\"url\":\"https:\\\/\\\/www.meliconi.com\\\/wp-content\\\/uploads\\\/2021\\\/06\\\/logo-meliconi.png\",\"contentUrl\":\"https:\\\/\\\/www.meliconi.com\\\/wp-content\\\/uploads\\\/2021\\\/06\\\/logo-meliconi.png\",\"width\":338,\"height\":102,\"caption\":\"Meliconi\"},\"image\":{\"@id\":\"https:\\\/\\\/www.meliconi.com\\\/de\\\/#\\\/schema\\\/logo\\\/image\\\/\"}}]}<\/script>\n<!-- \/ Yoast SEO plugin. -->","yoast_head_json":{"title":"Torre Duo - Meliconi","description":"Stapel-Set, universell, 2-in-1 mit ausziehbarem Regal und verschlie\u00dfbarer Schublade. Platzsparend im Haushalt, schafft neuen Raum in einem modernen Turm.","robots":{"index":"index","follow":"follow","max-snippet":"max-snippet:-1","max-image-preview":"max-image-preview:large","max-video-preview":"max-video-preview:-1"},"canonical":"https:\/\/www.meliconi.com\/de\/produkt\/torre-duo\/","og_locale":"de_DE","og_type":"article","og_title":"Torre Duo - Meliconi","og_description":"Stapel-Set, universell, 2-in-1 mit ausziehbarem Regal und verschlie\u00dfbarer Schublade. Platzsparend im Haushalt, schafft neuen Raum in einem modernen Turm.","og_url":"https:\/\/www.meliconi.com\/de\/produkt\/torre-duo\/","og_site_name":"Meliconi","article_modified_time":"2025-11-18T14:48:09+00:00","og_image":[{"width":1024,"height":724,"url":"https:\/\/www.meliconi.com\/wp-content\/uploads\/2023\/09\/656123_TORRE_DUO-APERTO-2-1024x724.png","type":"image\/png"}],"twitter_card":"summary_large_image","twitter_misc":{"Gesch\u00e4tzte Lesezeit":"1\u00a0Minute"},"schema":{"@context":"https:\/\/schema.org","@graph":[{"@type":"WebPage","@id":"https:\/\/www.meliconi.com\/de\/produkt\/torre-duo\/","url":"https:\/\/www.meliconi.com\/de\/produkt\/torre-duo\/","name":"Torre Duo - Meliconi","isPartOf":{"@id":"https:\/\/www.meliconi.com\/de\/#website"},"primaryImageOfPage":{"@id":"https:\/\/www.meliconi.com\/de\/produkt\/torre-duo\/#primaryimage"},"image":{"@id":"https:\/\/www.meliconi.com\/de\/produkt\/torre-duo\/#primaryimage"},"thumbnailUrl":"https:\/\/www.meliconi.com\/wp-content\/uploads\/2023\/09\/656123_TORRE_DUO-APERTO-2.png","datePublished":"2023-09-22T11:55:30+00:00","dateModified":"2025-11-18T14:48:09+00:00","description":"Stapel-Set, universell, 2-in-1 mit ausziehbarem Regal und verschlie\u00dfbarer Schublade. Platzsparend im Haushalt, schafft neuen Raum in einem modernen Turm.","breadcrumb":{"@id":"https:\/\/www.meliconi.com\/de\/produkt\/torre-duo\/#breadcrumb"},"inLanguage":"de","potentialAction":[{"@type":"ReadAction","target":["https:\/\/www.meliconi.com\/de\/produkt\/torre-duo\/"]}]},{"@type":"ImageObject","inLanguage":"de","@id":"https:\/\/www.meliconi.com\/de\/produkt\/torre-duo\/#primaryimage","url":"https:\/\/www.meliconi.com\/wp-content\/uploads\/2023\/09\/656123_TORRE_DUO-APERTO-2.png","contentUrl":"https:\/\/www.meliconi.com\/wp-content\/uploads\/2023\/09\/656123_TORRE_DUO-APERTO-2.png","width":5000,"height":3535},{"@type":"BreadcrumbList","@id":"https:\/\/www.meliconi.com\/de\/produkt\/torre-duo\/#breadcrumb","itemListElement":[{"@type":"ListItem","position":1,"name":"Home","item":"https:\/\/www.meliconi.com\/de\/"},{"@type":"ListItem","position":2,"name":"Shop","item":"https:\/\/www.meliconi.com\/de\/shop-de\/"},{"@type":"ListItem","position":3,"name":"Torre Duo"}]},{"@type":"WebSite","@id":"https:\/\/www.meliconi.com\/de\/#website","url":"https:\/\/www.meliconi.com\/de\/","name":"Meliconi","description":"Lo specialista dell&#039;accessorio","publisher":{"@id":"https:\/\/www.meliconi.com\/de\/#organization"},"potentialAction":[{"@type":"SearchAction","target":{"@type":"EntryPoint","urlTemplate":"https:\/\/www.meliconi.com\/de\/?s={search_term_string}"},"query-input":{"@type":"PropertyValueSpecification","valueRequired":true,"valueName":"search_term_string"}}],"inLanguage":"de"},{"@type":"Organization","@id":"https:\/\/www.meliconi.com\/de\/#organization","name":"Meliconi","url":"https:\/\/www.meliconi.com\/de\/","logo":{"@type":"ImageObject","inLanguage":"de","@id":"https:\/\/www.meliconi.com\/de\/#\/schema\/logo\/image\/","url":"https:\/\/www.meliconi.com\/wp-content\/uploads\/2021\/06\/logo-meliconi.png","contentUrl":"https:\/\/www.meliconi.com\/wp-content\/uploads\/2021\/06\/logo-meliconi.png","width":338,"height":102,"caption":"Meliconi"},"image":{"@id":"https:\/\/www.meliconi.com\/de\/#\/schema\/logo\/image\/"}}]}},"_links":{"self":[{"href":"https:\/\/www.meliconi.com\/de\/wp-json\/wp\/v2\/product\/68862","targetHints":{"allow":["GET"]}}],"collection":[{"href":"https:\/\/www.meliconi.com\/de\/wp-json\/wp\/v2\/product"}],"about":[{"href":"https:\/\/www.meliconi.com\/de\/wp-json\/wp\/v2\/types\/product"}],"wp:featuredmedia":[{"embeddable":true,"href":"https:\/\/www.meliconi.com\/de\/wp-json\/wp\/v2\/media\/61444"}],"wp:attachment":[{"href":"https:\/\/www.meliconi.com\/de\/wp-json\/wp\/v2\/media?parent=68862"}],"wp:term":[{"taxonomy":"product_brand","embeddable":true,"href":"https:\/\/www.meliconi.com\/de\/wp-json\/wp\/v2\/product_brand?post=68862"},{"taxonomy":"product_cat","embeddable":true,"href":"https:\/\/www.meliconi.com\/de\/wp-json\/wp\/v2\/product_cat?post=68862"},{"taxonomy":"product_tag","embeddable":true,"href":"https:\/\/www.meliconi.com\/de\/wp-json\/wp\/v2\/product_tag?post=68862"}],"curies":[{"name":"wp","href":"https:\/\/api.w.org\/{rel}","templated":true}]}}