{"id":68861,"date":"2025-03-24T17:27:27","date_gmt":"2025-03-24T16:27:27","guid":{"rendered":"https:\/\/www.meliconi.com\/prodotto\/torre-noir\/"},"modified":"2025-11-18T15:45:13","modified_gmt":"2025-11-18T14:45:13","slug":"torre-noir","status":"publish","type":"product","link":"https:\/\/www.meliconi.com\/de\/produkt\/torre-noir\/","title":{"rendered":"Torre Noir"},"content":{"rendered":"<p>Mit dem neuen Stapelset Torre Noir k\u00f6nnen Sie Ihren Waschraum organisieren, indem Sie Ihren Trockner auf Ihre Waschmaschine stapeln und so wertvollen Platz sparen.<br \/>\nUniversell einsetzbar, kompatibel mit den meisten Frontlader-Waschmaschinen und -Trocknern mit einer Breite von 60 cm und einer Tiefe von \u00fcber 60 cm.<br \/>\nMaximale Tragkraft: 250 kg. Sicherheitsgurt mit Metallschnalle im Lieferumfang enthalten.<\/p>\n<p>Kompatibel mit allen Frontlader-Waschmaschinen mit einer Mindesttiefe von 45 cm und Frontlader-Trocknern mit einer Tiefe von \u00fcber 60 cm (der Abstand zwischen den Trocknerf\u00fc\u00dfen darf maximal 54 cm betragen).<\/p>\n<p>Maximale Tragkraft: 250 kg.<br \/>\nInklusive 6 Meter langem schwarzem Sicherheitsgurt mit Metallschnalle.<br \/>\nVormontiert, schnell und einfach zu installieren.<\/p>\n","protected":false},"excerpt":{"rendered":"<p>WASCHMASCHINEN- UND TROCKNER-KIT: Dieses Stapelkit verf\u00fcgt \u00fcber eine verst\u00e4rkte Technopolymer-Struktur, die eine maximale Belastung von 250 kg erm\u00f6glicht und Platz spart, indem der Trockner auf die Waschmaschine gestellt wird.<br \/>\nUNIVERSELL: Kompatibel mit allen Frontlader-Waschmaschinen (mit einer Mindesttiefe von 45 cm und einer maximalen Breite von 60 cm) und mit allen Frontlader-Trocknern mit einer Tiefe von bis zu 70 cm.<br \/>\nSICHER: Um optimale Stabilit\u00e4t zu gew\u00e4hrleisten, enth\u00e4lt dieses Waschmaschinen-Basis-Kit einen 6 m langen wei\u00dfen Sicherheitsgurt mit Metallschnalle, um die beiden Ger\u00e4te zusammenzuhalten.<br \/>\nSCHNELLE INSTALLATION: Dieses Meliconi-Stapelkit wird f\u00fcr eine schnelle Installation vormontiert geliefert; weiche Schaumstoffschutzvorrichtungen sind ebenfalls im Kit enthalten.<br \/>\nENTHALTENES ZUBEH\u00d6R: Sicherheitsgurt; 8 Schutzpolster aus EVA-Schaumstoff<\/p>\n","protected":false},"featured_media":64754,"template":"","meta":{"_acf_changed":false},"product_cat":[1176],"product_tag":[],"class_list":{"0":"post-68861","1":"product","2":"type-product","3":"status-publish","4":"has-post-thumbnail","6":"product_cat-zwischenbaurahmen","8":"first","9":"instock","10":"taxable","11":"shipping-taxable","12":"purchasable","13":"product-type-simple"},"acf":[],"yoast_head":"<!-- This site is optimized with the Yoast SEO plugin v26.1.1 - https:\/\/yoast.com\/wordpress\/plugins\/seo\/ -->\n<title>Torre Noir - Meliconi<\/title>\n<meta name=\"description\" content=\"Kit f\u00fcr Waschmaschine und Trockner, schwarz, universell und vormontiert. Aus massivem Technopolymer. T\u00dcV S\u00dcD-zertifiziert.\" \/>\n<meta name=\"robots\" content=\"index, follow, max-snippet:-1, max-image-preview:large, max-video-preview:-1\" \/>\n<link rel=\"canonical\" href=\"https:\/\/www.meliconi.com\/de\/produkt\/torre-noir\/\" \/>\n<meta property=\"og:locale\" content=\"de_DE\" \/>\n<meta property=\"og:type\" content=\"article\" \/>\n<meta property=\"og:title\" content=\"Torre Noir - Meliconi\" \/>\n<meta property=\"og:description\" content=\"Kit f\u00fcr Waschmaschine und Trockner, schwarz, universell und vormontiert. Aus massivem Technopolymer. T\u00dcV S\u00dcD-zertifiziert.\" \/>\n<meta property=\"og:url\" content=\"https:\/\/www.meliconi.com\/de\/produkt\/torre-noir\/\" \/>\n<meta property=\"og:site_name\" content=\"Meliconi\" \/>\n<meta property=\"article:modified_time\" content=\"2025-11-18T14:45:13+00:00\" \/>\n<meta property=\"og:image\" content=\"https:\/\/www.meliconi.com\/wp-content\/uploads\/2025\/03\/656138_BASIC-black-1.png\" \/>\n\t<meta property=\"og:image:width\" content=\"6000\" \/>\n\t<meta property=\"og:image:height\" content=\"3375\" \/>\n\t<meta property=\"og:image:type\" content=\"image\/png\" \/>\n<meta name=\"twitter:card\" content=\"summary_large_image\" \/>\n<script type=\"application\/ld+json\" class=\"yoast-schema-graph\">{\"@context\":\"https:\/\/schema.org\",\"@graph\":[{\"@type\":\"WebPage\",\"@id\":\"https:\/\/www.meliconi.com\/de\/produkt\/torre-noir\/\",\"url\":\"https:\/\/www.meliconi.com\/de\/produkt\/torre-noir\/\",\"name\":\"Torre Noir - Meliconi\",\"isPartOf\":{\"@id\":\"https:\/\/www.meliconi.com\/de\/#website\"},\"primaryImageOfPage\":{\"@id\":\"https:\/\/www.meliconi.com\/de\/produkt\/torre-noir\/#primaryimage\"},\"image\":{\"@id\":\"https:\/\/www.meliconi.com\/de\/produkt\/torre-noir\/#primaryimage\"},\"thumbnailUrl\":\"https:\/\/www.meliconi.com\/wp-content\/uploads\/2025\/03\/656138_BASIC-black-1.png\",\"datePublished\":\"2025-03-24T16:27:27+00:00\",\"dateModified\":\"2025-11-18T14:45:13+00:00\",\"description\":\"Kit f\u00fcr Waschmaschine und Trockner, schwarz, universell und vormontiert. Aus massivem Technopolymer. T\u00dcV S\u00dcD-zertifiziert.\",\"breadcrumb\":{\"@id\":\"https:\/\/www.meliconi.com\/de\/produkt\/torre-noir\/#breadcrumb\"},\"inLanguage\":\"de\",\"potentialAction\":[{\"@type\":\"ReadAction\",\"target\":[\"https:\/\/www.meliconi.com\/de\/produkt\/torre-noir\/\"]}]},{\"@type\":\"ImageObject\",\"inLanguage\":\"de\",\"@id\":\"https:\/\/www.meliconi.com\/de\/produkt\/torre-noir\/#primaryimage\",\"url\":\"https:\/\/www.meliconi.com\/wp-content\/uploads\/2025\/03\/656138_BASIC-black-1.png\",\"contentUrl\":\"https:\/\/www.meliconi.com\/wp-content\/uploads\/2025\/03\/656138_BASIC-black-1.png\",\"width\":6000,\"height\":3375},{\"@type\":\"BreadcrumbList\",\"@id\":\"https:\/\/www.meliconi.com\/de\/produkt\/torre-noir\/#breadcrumb\",\"itemListElement\":[{\"@type\":\"ListItem\",\"position\":1,\"name\":\"Home\",\"item\":\"https:\/\/www.meliconi.com\/de\/\"},{\"@type\":\"ListItem\",\"position\":2,\"name\":\"Shop\",\"item\":\"https:\/\/www.meliconi.com\/de\/shop-de\/\"},{\"@type\":\"ListItem\",\"position\":3,\"name\":\"Torre Noir\"}]},{\"@type\":\"WebSite\",\"@id\":\"https:\/\/www.meliconi.com\/de\/#website\",\"url\":\"https:\/\/www.meliconi.com\/de\/\",\"name\":\"Meliconi\",\"description\":\"Lo specialista dell&#039;accessorio\",\"publisher\":{\"@id\":\"https:\/\/www.meliconi.com\/de\/#organization\"},\"potentialAction\":[{\"@type\":\"SearchAction\",\"target\":{\"@type\":\"EntryPoint\",\"urlTemplate\":\"https:\/\/www.meliconi.com\/de\/?s={search_term_string}\"},\"query-input\":{\"@type\":\"PropertyValueSpecification\",\"valueRequired\":true,\"valueName\":\"search_term_string\"}}],\"inLanguage\":\"de\"},{\"@type\":\"Organization\",\"@id\":\"https:\/\/www.meliconi.com\/de\/#organization\",\"name\":\"Meliconi\",\"url\":\"https:\/\/www.meliconi.com\/de\/\",\"logo\":{\"@type\":\"ImageObject\",\"inLanguage\":\"de\",\"@id\":\"https:\/\/www.meliconi.com\/de\/#\/schema\/logo\/image\/\",\"url\":\"https:\/\/www.meliconi.com\/wp-content\/uploads\/2021\/06\/logo-meliconi.png\",\"contentUrl\":\"https:\/\/www.meliconi.com\/wp-content\/uploads\/2021\/06\/logo-meliconi.png\",\"width\":338,\"height\":102,\"caption\":\"Meliconi\"},\"image\":{\"@id\":\"https:\/\/www.meliconi.com\/de\/#\/schema\/logo\/image\/\"}}]}<\/script>\n<!-- \/ Yoast SEO plugin. -->","yoast_head_json":{"title":"Torre Noir - Meliconi","description":"Kit f\u00fcr Waschmaschine und Trockner, schwarz, universell und vormontiert. Aus massivem Technopolymer. T\u00dcV S\u00dcD-zertifiziert.","robots":{"index":"index","follow":"follow","max-snippet":"max-snippet:-1","max-image-preview":"max-image-preview:large","max-video-preview":"max-video-preview:-1"},"canonical":"https:\/\/www.meliconi.com\/de\/produkt\/torre-noir\/","og_locale":"de_DE","og_type":"article","og_title":"Torre Noir - Meliconi","og_description":"Kit f\u00fcr Waschmaschine und Trockner, schwarz, universell und vormontiert. Aus massivem Technopolymer. T\u00dcV S\u00dcD-zertifiziert.","og_url":"https:\/\/www.meliconi.com\/de\/produkt\/torre-noir\/","og_site_name":"Meliconi","article_modified_time":"2025-11-18T14:45:13+00:00","og_image":[{"width":6000,"height":3375,"url":"https:\/\/www.meliconi.com\/wp-content\/uploads\/2025\/03\/656138_BASIC-black-1.png","type":"image\/png"}],"twitter_card":"summary_large_image","schema":{"@context":"https:\/\/schema.org","@graph":[{"@type":"WebPage","@id":"https:\/\/www.meliconi.com\/de\/produkt\/torre-noir\/","url":"https:\/\/www.meliconi.com\/de\/produkt\/torre-noir\/","name":"Torre Noir - Meliconi","isPartOf":{"@id":"https:\/\/www.meliconi.com\/de\/#website"},"primaryImageOfPage":{"@id":"https:\/\/www.meliconi.com\/de\/produkt\/torre-noir\/#primaryimage"},"image":{"@id":"https:\/\/www.meliconi.com\/de\/produkt\/torre-noir\/#primaryimage"},"thumbnailUrl":"https:\/\/www.meliconi.com\/wp-content\/uploads\/2025\/03\/656138_BASIC-black-1.png","datePublished":"2025-03-24T16:27:27+00:00","dateModified":"2025-11-18T14:45:13+00:00","description":"Kit f\u00fcr Waschmaschine und Trockner, schwarz, universell und vormontiert. Aus massivem Technopolymer. T\u00dcV S\u00dcD-zertifiziert.","breadcrumb":{"@id":"https:\/\/www.meliconi.com\/de\/produkt\/torre-noir\/#breadcrumb"},"inLanguage":"de","potentialAction":[{"@type":"ReadAction","target":["https:\/\/www.meliconi.com\/de\/produkt\/torre-noir\/"]}]},{"@type":"ImageObject","inLanguage":"de","@id":"https:\/\/www.meliconi.com\/de\/produkt\/torre-noir\/#primaryimage","url":"https:\/\/www.meliconi.com\/wp-content\/uploads\/2025\/03\/656138_BASIC-black-1.png","contentUrl":"https:\/\/www.meliconi.com\/wp-content\/uploads\/2025\/03\/656138_BASIC-black-1.png","width":6000,"height":3375},{"@type":"BreadcrumbList","@id":"https:\/\/www.meliconi.com\/de\/produkt\/torre-noir\/#breadcrumb","itemListElement":[{"@type":"ListItem","position":1,"name":"Home","item":"https:\/\/www.meliconi.com\/de\/"},{"@type":"ListItem","position":2,"name":"Shop","item":"https:\/\/www.meliconi.com\/de\/shop-de\/"},{"@type":"ListItem","position":3,"name":"Torre Noir"}]},{"@type":"WebSite","@id":"https:\/\/www.meliconi.com\/de\/#website","url":"https:\/\/www.meliconi.com\/de\/","name":"Meliconi","description":"Lo specialista dell&#039;accessorio","publisher":{"@id":"https:\/\/www.meliconi.com\/de\/#organization"},"potentialAction":[{"@type":"SearchAction","target":{"@type":"EntryPoint","urlTemplate":"https:\/\/www.meliconi.com\/de\/?s={search_term_string}"},"query-input":{"@type":"PropertyValueSpecification","valueRequired":true,"valueName":"search_term_string"}}],"inLanguage":"de"},{"@type":"Organization","@id":"https:\/\/www.meliconi.com\/de\/#organization","name":"Meliconi","url":"https:\/\/www.meliconi.com\/de\/","logo":{"@type":"ImageObject","inLanguage":"de","@id":"https:\/\/www.meliconi.com\/de\/#\/schema\/logo\/image\/","url":"https:\/\/www.meliconi.com\/wp-content\/uploads\/2021\/06\/logo-meliconi.png","contentUrl":"https:\/\/www.meliconi.com\/wp-content\/uploads\/2021\/06\/logo-meliconi.png","width":338,"height":102,"caption":"Meliconi"},"image":{"@id":"https:\/\/www.meliconi.com\/de\/#\/schema\/logo\/image\/"}}]}},"_links":{"self":[{"href":"https:\/\/www.meliconi.com\/de\/wp-json\/wp\/v2\/product\/68861","targetHints":{"allow":["GET"]}}],"collection":[{"href":"https:\/\/www.meliconi.com\/de\/wp-json\/wp\/v2\/product"}],"about":[{"href":"https:\/\/www.meliconi.com\/de\/wp-json\/wp\/v2\/types\/product"}],"wp:featuredmedia":[{"embeddable":true,"href":"https:\/\/www.meliconi.com\/de\/wp-json\/wp\/v2\/media\/64754"}],"wp:attachment":[{"href":"https:\/\/www.meliconi.com\/de\/wp-json\/wp\/v2\/media?parent=68861"}],"wp:term":[{"taxonomy":"product_cat","embeddable":true,"href":"https:\/\/www.meliconi.com\/de\/wp-json\/wp\/v2\/product_cat?post=68861"},{"taxonomy":"product_tag","embeddable":true,"href":"https:\/\/www.meliconi.com\/de\/wp-json\/wp\/v2\/product_tag?post=68861"}],"curies":[{"name":"wp","href":"https:\/\/api.w.org\/{rel}","templated":true}]}}