{"id":68856,"date":"2023-09-15T09:45:51","date_gmt":"2023-09-15T09:45:51","guid":{"rendered":"https:\/\/www.meliconi.com\/prodotto\/cura_lavatrice-prodotto-cura-lavatrice\/"},"modified":"2025-11-18T14:59:11","modified_gmt":"2025-11-18T13:59:11","slug":"waschmaschinenpflege-produkt-waschmaschinenpflege","status":"publish","type":"product","link":"https:\/\/www.meliconi.com\/de\/produkt\/waschmaschinenpflege-produkt-waschmaschinenpflege\/","title":{"rendered":"Waschmaschinenpflege Eco 2 in 1"},"content":{"rendered":"<p>Ein hervorragender Verb\u00fcndeter f\u00fcr die Pflege Ihrer Waschmaschine, der sie sowohl innen als auch au\u00dfen und an den sichtbaren Teilen sauber h\u00e4lt und dabei stets umweltfreundlich und effizient ist. Dieses Produkt pflegt Ihre Waschmaschine, desinfiziert, parf\u00fcmiert, entkalkt und beugt Ger\u00fcchen und Kalkablagerungen vor, wodurch die Lebensdauer des Ger\u00e4ts verl\u00e4ngert wird. Die Packung enth\u00e4lt 2 Flaschen \u00e0 250 ml, die f\u00fcr zwei vollst\u00e4ndige Behandlungen ausreichen.<\/p>\n<p>Plus Green:<\/p>\n<p>Rohstoffe pflanzlichen Ursprungs, biologisch abbaubar und aus erneuerbaren Quellen.<br \/>\nVerpackung ohne Kunststoff.<br \/>\nFlasche zu 100 % recycelbar.<br \/>\nWirksam bei niedrigen Temperaturen, bereits ab 40 \u00b0C, f\u00fcr einen geringeren Energieverbrauch.<\/p>\n<p>Gebrauchsanweisung:<\/p>\n<p>Geben Sie einige Milliliter des Waschmaschinenreinigers auf ein Tuch, um die \u00e4u\u00dferen Teile wie Dichtungen, T\u00fcr und Waschmittelschublade zu reinigen. Gie\u00dfen Sie die restliche Fl\u00fcssigkeit in die Waschmittelschublade und starten Sie einen Leerlauf, um die Waschmaschine vollst\u00e4ndig zu entkalken und innen zu reinigen. Wirkt bereits bei 40 \u00b0C und sorgt so f\u00fcr einen geringeren Energieverbrauch.<\/p>\n","protected":false},"excerpt":{"rendered":"<div id=\"featurebullets_feature_div\" class=\"celwidget\" data-feature-name=\"featurebullets\" data-csa-c-type=\"widget\" data-csa-c-content-id=\"featurebullets\" data-csa-c-slot-id=\"featurebullets_feature_div\" data-csa-c-asin=\"B0CJRN4LYV\" data-csa-c-is-in-initial-active-row=\"false\" data-csa-c-id=\"gq2pir-g88gcv-kxvcrp-d7g7ul\" data-cel-widget=\"featurebullets_feature_div\">\n<div id=\"feature-bullets\" class=\"a-section a-spacing-medium a-spacing-top-small\">\n<p>WASCHMASCHINENPFLEGE: Der ideale Verb\u00fcndete f\u00fcr die Pflege Ihrer Waschmaschine, h\u00e4lt sowohl das Innere als auch die Au\u00dfenteile sauber und garantiert stets Effizienz und Umweltfreundlichkeit.<br \/>\nWASCHMASCHINEN-DESINFEKTIONSMITTEL: Desinfiziert, parf\u00fcmiert, entkalkt, beugt Ger\u00fcchen und Kalkablagerungen vor. Verl\u00e4ngert die Lebensdauer des Ger\u00e4ts. Packung mit 2 Flaschen \u00e0 250 ml f\u00fcr zwei vollst\u00e4ndige Behandlungen.<br \/>\nNAT\u00dcRLICHE FORMEL: Biologisch abbaubare Rohstoffe pflanzlichen Ursprungs aus erneuerbaren Quellen. Nicht plastifizierte Verpackung, Flasche zu 100 % recycelbar. Wirksam bei niedrigen Temperaturen.<br \/>\nGEBRAUCHSANWEISUNG: Geben Sie einige ml des Produkts auf ein Tuch, um die \u00e4u\u00dferen Teile wie Dichtungen, T\u00fcrfenster und Beh\u00e4lter zu reinigen; leeren Sie die restliche Fl\u00fcssigkeit in den Waschmittelbeh\u00e4lter und starten Sie einen Leerlaufzyklus f\u00fcr eine vollst\u00e4ndige Entkalkung und Innenreinigung. Wirkt bereits bei 40 \u00b0C f\u00fcr einen geringeren Energieverbrauch<br \/>\nMELICONI-QUALIT\u00c4T: Seit seiner Gr\u00fcndung bringt Meliconi originelle und f\u00fcr jedermann erschwingliche Ideen auf den Markt, um den Alltag zu vereinfachen. Dieses Meliconi-Produkt ist zu 100 % Made in Italy.<\/p>\n<\/div>\n<\/div>\n","protected":false},"featured_media":68857,"template":"","meta":{"_acf_changed":false},"product_brand":[],"product_cat":[564],"product_tag":[],"class_list":{"0":"post-68856","1":"product","2":"type-product","3":"status-publish","4":"has-post-thumbnail","6":"product_cat-grune-linie","8":"first","9":"instock","10":"taxable","11":"shipping-taxable","12":"purchasable","13":"product-type-simple"},"acf":[],"yoast_head":"<!-- This site is optimized with the Yoast SEO plugin v27.4 - https:\/\/yoast.com\/product\/yoast-seo-wordpress\/ -->\n<title>Waschmaschinenpflege Eco 2 in 1 - Meliconi - cura lavatrice<\/title>\n<meta name=\"robots\" content=\"index, follow, max-snippet:-1, max-image-preview:large, max-video-preview:-1\" \/>\n<link rel=\"canonical\" href=\"https:\/\/www.meliconi.com\/de\/produkt\/waschmaschinenpflege-produkt-waschmaschinenpflege\/\" \/>\n<meta property=\"og:locale\" content=\"de_DE\" \/>\n<meta property=\"og:type\" content=\"article\" \/>\n<meta property=\"og:title\" content=\"Waschmaschinenpflege Eco 2 in 1 - Meliconi - cura lavatrice\" \/>\n<meta property=\"og:description\" content=\"WASCHMASCHINENPFLEGE: Der ideale Verb\u00fcndete f\u00fcr die Pflege Ihrer Waschmaschine, h\u00e4lt sowohl das Innere als auch die Au\u00dfenteile sauber und garantiert stets Effizienz und Umweltfreundlichkeit. WASCHMASCHINEN-DESINFEKTIONSMITTEL: Desinfiziert, parf\u00fcmiert, entkalkt, beugt Ger\u00fcchen und Kalkablagerungen vor. Verl\u00e4ngert die Lebensdauer des Ger\u00e4ts. Packung mit 2 Flaschen \u00e0 250 ml f\u00fcr zwei vollst\u00e4ndige Behandlungen. NAT\u00dcRLICHE FORMEL: Biologisch abbaubare Rohstoffe pflanzlichen Ursprungs aus erneuerbaren Quellen. Nicht plastifizierte Verpackung, Flasche zu 100 % recycelbar. Wirksam bei niedrigen Temperaturen. GEBRAUCHSANWEISUNG: Geben Sie einige ml des Produkts auf ein Tuch, um die \u00e4u\u00dferen Teile wie Dichtungen, T\u00fcrfenster und Beh\u00e4lter zu reinigen; leeren Sie die restliche Fl\u00fcssigkeit in den Waschmittelbeh\u00e4lter und starten Sie einen Leerlaufzyklus f\u00fcr eine vollst\u00e4ndige Entkalkung und Innenreinigung. Wirkt bereits bei 40 \u00b0C f\u00fcr einen geringeren Energieverbrauch MELICONI-QUALIT\u00c4T: Seit seiner Gr\u00fcndung bringt Meliconi originelle und f\u00fcr jedermann erschwingliche Ideen auf den Markt, um den Alltag zu vereinfachen. Dieses Meliconi-Produkt ist zu 100 % Made in Italy.\" \/>\n<meta property=\"og:url\" content=\"https:\/\/www.meliconi.com\/de\/produkt\/waschmaschinenpflege-produkt-waschmaschinenpflege\/\" \/>\n<meta property=\"og:site_name\" content=\"Meliconi\" \/>\n<meta property=\"article:modified_time\" content=\"2025-11-18T13:59:11+00:00\" \/>\n<meta property=\"og:image\" content=\"https:\/\/www.meliconi.com\/wp-content\/uploads\/2023\/09\/656161_3D_CuraLavatriceEco2in1_fronte-1-1024x576.png\" \/>\n\t<meta property=\"og:image:width\" content=\"1024\" \/>\n\t<meta property=\"og:image:height\" content=\"576\" \/>\n\t<meta property=\"og:image:type\" content=\"image\/png\" \/>\n<meta name=\"twitter:card\" content=\"summary_large_image\" \/>\n<meta name=\"twitter:label1\" content=\"Gesch\u00e4tzte Lesezeit\" \/>\n\t<meta name=\"twitter:data1\" content=\"1\u00a0Minute\" \/>\n<script type=\"application\/ld+json\" class=\"yoast-schema-graph\">{\"@context\":\"https:\\\/\\\/schema.org\",\"@graph\":[{\"@type\":\"WebPage\",\"@id\":\"https:\\\/\\\/www.meliconi.com\\\/de\\\/produkt\\\/waschmaschinenpflege-produkt-waschmaschinenpflege\\\/\",\"url\":\"https:\\\/\\\/www.meliconi.com\\\/de\\\/produkt\\\/waschmaschinenpflege-produkt-waschmaschinenpflege\\\/\",\"name\":\"Waschmaschinenpflege Eco 2 in 1 - Meliconi - cura lavatrice\",\"isPartOf\":{\"@id\":\"https:\\\/\\\/www.meliconi.com\\\/de\\\/#website\"},\"primaryImageOfPage\":{\"@id\":\"https:\\\/\\\/www.meliconi.com\\\/de\\\/produkt\\\/waschmaschinenpflege-produkt-waschmaschinenpflege\\\/#primaryimage\"},\"image\":{\"@id\":\"https:\\\/\\\/www.meliconi.com\\\/de\\\/produkt\\\/waschmaschinenpflege-produkt-waschmaschinenpflege\\\/#primaryimage\"},\"thumbnailUrl\":\"https:\\\/\\\/www.meliconi.com\\\/wp-content\\\/uploads\\\/2023\\\/09\\\/656161_3D_CuraLavatriceEco2in1_fronte-1.png\",\"datePublished\":\"2023-09-15T09:45:51+00:00\",\"dateModified\":\"2025-11-18T13:59:11+00:00\",\"breadcrumb\":{\"@id\":\"https:\\\/\\\/www.meliconi.com\\\/de\\\/produkt\\\/waschmaschinenpflege-produkt-waschmaschinenpflege\\\/#breadcrumb\"},\"inLanguage\":\"de\",\"potentialAction\":[{\"@type\":\"ReadAction\",\"target\":[\"https:\\\/\\\/www.meliconi.com\\\/de\\\/produkt\\\/waschmaschinenpflege-produkt-waschmaschinenpflege\\\/\"]}]},{\"@type\":\"ImageObject\",\"inLanguage\":\"de\",\"@id\":\"https:\\\/\\\/www.meliconi.com\\\/de\\\/produkt\\\/waschmaschinenpflege-produkt-waschmaschinenpflege\\\/#primaryimage\",\"url\":\"https:\\\/\\\/www.meliconi.com\\\/wp-content\\\/uploads\\\/2023\\\/09\\\/656161_3D_CuraLavatriceEco2in1_fronte-1.png\",\"contentUrl\":\"https:\\\/\\\/www.meliconi.com\\\/wp-content\\\/uploads\\\/2023\\\/09\\\/656161_3D_CuraLavatriceEco2in1_fronte-1.png\",\"width\":7087,\"height\":3986},{\"@type\":\"BreadcrumbList\",\"@id\":\"https:\\\/\\\/www.meliconi.com\\\/de\\\/produkt\\\/waschmaschinenpflege-produkt-waschmaschinenpflege\\\/#breadcrumb\",\"itemListElement\":[{\"@type\":\"ListItem\",\"position\":1,\"name\":\"Home\",\"item\":\"https:\\\/\\\/www.meliconi.com\\\/de\\\/\"},{\"@type\":\"ListItem\",\"position\":2,\"name\":\"Shop\",\"item\":\"https:\\\/\\\/www.meliconi.com\\\/de\\\/shop-de\\\/\"},{\"@type\":\"ListItem\",\"position\":3,\"name\":\"Waschmaschinenpflege Eco 2 in 1\"}]},{\"@type\":\"WebSite\",\"@id\":\"https:\\\/\\\/www.meliconi.com\\\/de\\\/#website\",\"url\":\"https:\\\/\\\/www.meliconi.com\\\/de\\\/\",\"name\":\"Meliconi\",\"description\":\"Lo specialista dell&#039;accessorio\",\"publisher\":{\"@id\":\"https:\\\/\\\/www.meliconi.com\\\/de\\\/#organization\"},\"potentialAction\":[{\"@type\":\"SearchAction\",\"target\":{\"@type\":\"EntryPoint\",\"urlTemplate\":\"https:\\\/\\\/www.meliconi.com\\\/de\\\/?s={search_term_string}\"},\"query-input\":{\"@type\":\"PropertyValueSpecification\",\"valueRequired\":true,\"valueName\":\"search_term_string\"}}],\"inLanguage\":\"de\"},{\"@type\":\"Organization\",\"@id\":\"https:\\\/\\\/www.meliconi.com\\\/de\\\/#organization\",\"name\":\"Meliconi\",\"url\":\"https:\\\/\\\/www.meliconi.com\\\/de\\\/\",\"logo\":{\"@type\":\"ImageObject\",\"inLanguage\":\"de\",\"@id\":\"https:\\\/\\\/www.meliconi.com\\\/de\\\/#\\\/schema\\\/logo\\\/image\\\/\",\"url\":\"https:\\\/\\\/www.meliconi.com\\\/wp-content\\\/uploads\\\/2021\\\/06\\\/logo-meliconi.png\",\"contentUrl\":\"https:\\\/\\\/www.meliconi.com\\\/wp-content\\\/uploads\\\/2021\\\/06\\\/logo-meliconi.png\",\"width\":338,\"height\":102,\"caption\":\"Meliconi\"},\"image\":{\"@id\":\"https:\\\/\\\/www.meliconi.com\\\/de\\\/#\\\/schema\\\/logo\\\/image\\\/\"}}]}<\/script>\n<!-- \/ Yoast SEO plugin. -->","yoast_head_json":{"title":"Waschmaschinenpflege Eco 2 in 1 - Meliconi - cura lavatrice","robots":{"index":"index","follow":"follow","max-snippet":"max-snippet:-1","max-image-preview":"max-image-preview:large","max-video-preview":"max-video-preview:-1"},"canonical":"https:\/\/www.meliconi.com\/de\/produkt\/waschmaschinenpflege-produkt-waschmaschinenpflege\/","og_locale":"de_DE","og_type":"article","og_title":"Waschmaschinenpflege Eco 2 in 1 - Meliconi - cura lavatrice","og_description":"WASCHMASCHINENPFLEGE: Der ideale Verb\u00fcndete f\u00fcr die Pflege Ihrer Waschmaschine, h\u00e4lt sowohl das Innere als auch die Au\u00dfenteile sauber und garantiert stets Effizienz und Umweltfreundlichkeit. WASCHMASCHINEN-DESINFEKTIONSMITTEL: Desinfiziert, parf\u00fcmiert, entkalkt, beugt Ger\u00fcchen und Kalkablagerungen vor. Verl\u00e4ngert die Lebensdauer des Ger\u00e4ts. Packung mit 2 Flaschen \u00e0 250 ml f\u00fcr zwei vollst\u00e4ndige Behandlungen. NAT\u00dcRLICHE FORMEL: Biologisch abbaubare Rohstoffe pflanzlichen Ursprungs aus erneuerbaren Quellen. Nicht plastifizierte Verpackung, Flasche zu 100 % recycelbar. Wirksam bei niedrigen Temperaturen. GEBRAUCHSANWEISUNG: Geben Sie einige ml des Produkts auf ein Tuch, um die \u00e4u\u00dferen Teile wie Dichtungen, T\u00fcrfenster und Beh\u00e4lter zu reinigen; leeren Sie die restliche Fl\u00fcssigkeit in den Waschmittelbeh\u00e4lter und starten Sie einen Leerlaufzyklus f\u00fcr eine vollst\u00e4ndige Entkalkung und Innenreinigung. Wirkt bereits bei 40 \u00b0C f\u00fcr einen geringeren Energieverbrauch MELICONI-QUALIT\u00c4T: Seit seiner Gr\u00fcndung bringt Meliconi originelle und f\u00fcr jedermann erschwingliche Ideen auf den Markt, um den Alltag zu vereinfachen. Dieses Meliconi-Produkt ist zu 100 % Made in Italy.","og_url":"https:\/\/www.meliconi.com\/de\/produkt\/waschmaschinenpflege-produkt-waschmaschinenpflege\/","og_site_name":"Meliconi","article_modified_time":"2025-11-18T13:59:11+00:00","og_image":[{"width":1024,"height":576,"url":"https:\/\/www.meliconi.com\/wp-content\/uploads\/2023\/09\/656161_3D_CuraLavatriceEco2in1_fronte-1-1024x576.png","type":"image\/png"}],"twitter_card":"summary_large_image","twitter_misc":{"Gesch\u00e4tzte Lesezeit":"1\u00a0Minute"},"schema":{"@context":"https:\/\/schema.org","@graph":[{"@type":"WebPage","@id":"https:\/\/www.meliconi.com\/de\/produkt\/waschmaschinenpflege-produkt-waschmaschinenpflege\/","url":"https:\/\/www.meliconi.com\/de\/produkt\/waschmaschinenpflege-produkt-waschmaschinenpflege\/","name":"Waschmaschinenpflege Eco 2 in 1 - Meliconi - cura lavatrice","isPartOf":{"@id":"https:\/\/www.meliconi.com\/de\/#website"},"primaryImageOfPage":{"@id":"https:\/\/www.meliconi.com\/de\/produkt\/waschmaschinenpflege-produkt-waschmaschinenpflege\/#primaryimage"},"image":{"@id":"https:\/\/www.meliconi.com\/de\/produkt\/waschmaschinenpflege-produkt-waschmaschinenpflege\/#primaryimage"},"thumbnailUrl":"https:\/\/www.meliconi.com\/wp-content\/uploads\/2023\/09\/656161_3D_CuraLavatriceEco2in1_fronte-1.png","datePublished":"2023-09-15T09:45:51+00:00","dateModified":"2025-11-18T13:59:11+00:00","breadcrumb":{"@id":"https:\/\/www.meliconi.com\/de\/produkt\/waschmaschinenpflege-produkt-waschmaschinenpflege\/#breadcrumb"},"inLanguage":"de","potentialAction":[{"@type":"ReadAction","target":["https:\/\/www.meliconi.com\/de\/produkt\/waschmaschinenpflege-produkt-waschmaschinenpflege\/"]}]},{"@type":"ImageObject","inLanguage":"de","@id":"https:\/\/www.meliconi.com\/de\/produkt\/waschmaschinenpflege-produkt-waschmaschinenpflege\/#primaryimage","url":"https:\/\/www.meliconi.com\/wp-content\/uploads\/2023\/09\/656161_3D_CuraLavatriceEco2in1_fronte-1.png","contentUrl":"https:\/\/www.meliconi.com\/wp-content\/uploads\/2023\/09\/656161_3D_CuraLavatriceEco2in1_fronte-1.png","width":7087,"height":3986},{"@type":"BreadcrumbList","@id":"https:\/\/www.meliconi.com\/de\/produkt\/waschmaschinenpflege-produkt-waschmaschinenpflege\/#breadcrumb","itemListElement":[{"@type":"ListItem","position":1,"name":"Home","item":"https:\/\/www.meliconi.com\/de\/"},{"@type":"ListItem","position":2,"name":"Shop","item":"https:\/\/www.meliconi.com\/de\/shop-de\/"},{"@type":"ListItem","position":3,"name":"Waschmaschinenpflege Eco 2 in 1"}]},{"@type":"WebSite","@id":"https:\/\/www.meliconi.com\/de\/#website","url":"https:\/\/www.meliconi.com\/de\/","name":"Meliconi","description":"Lo specialista dell&#039;accessorio","publisher":{"@id":"https:\/\/www.meliconi.com\/de\/#organization"},"potentialAction":[{"@type":"SearchAction","target":{"@type":"EntryPoint","urlTemplate":"https:\/\/www.meliconi.com\/de\/?s={search_term_string}"},"query-input":{"@type":"PropertyValueSpecification","valueRequired":true,"valueName":"search_term_string"}}],"inLanguage":"de"},{"@type":"Organization","@id":"https:\/\/www.meliconi.com\/de\/#organization","name":"Meliconi","url":"https:\/\/www.meliconi.com\/de\/","logo":{"@type":"ImageObject","inLanguage":"de","@id":"https:\/\/www.meliconi.com\/de\/#\/schema\/logo\/image\/","url":"https:\/\/www.meliconi.com\/wp-content\/uploads\/2021\/06\/logo-meliconi.png","contentUrl":"https:\/\/www.meliconi.com\/wp-content\/uploads\/2021\/06\/logo-meliconi.png","width":338,"height":102,"caption":"Meliconi"},"image":{"@id":"https:\/\/www.meliconi.com\/de\/#\/schema\/logo\/image\/"}}]}},"_links":{"self":[{"href":"https:\/\/www.meliconi.com\/de\/wp-json\/wp\/v2\/product\/68856","targetHints":{"allow":["GET"]}}],"collection":[{"href":"https:\/\/www.meliconi.com\/de\/wp-json\/wp\/v2\/product"}],"about":[{"href":"https:\/\/www.meliconi.com\/de\/wp-json\/wp\/v2\/types\/product"}],"wp:featuredmedia":[{"embeddable":true,"href":"https:\/\/www.meliconi.com\/de\/wp-json\/wp\/v2\/media\/68857"}],"wp:attachment":[{"href":"https:\/\/www.meliconi.com\/de\/wp-json\/wp\/v2\/media?parent=68856"}],"wp:term":[{"taxonomy":"product_brand","embeddable":true,"href":"https:\/\/www.meliconi.com\/de\/wp-json\/wp\/v2\/product_brand?post=68856"},{"taxonomy":"product_cat","embeddable":true,"href":"https:\/\/www.meliconi.com\/de\/wp-json\/wp\/v2\/product_cat?post=68856"},{"taxonomy":"product_tag","embeddable":true,"href":"https:\/\/www.meliconi.com\/de\/wp-json\/wp\/v2\/product_tag?post=68856"}],"curies":[{"name":"wp","href":"https:\/\/api.w.org\/{rel}","templated":true}]}}