{"id":68852,"date":"2024-10-15T14:24:44","date_gmt":"2024-10-15T12:24:44","guid":{"rendered":"https:\/\/www.meliconi.com\/prodotto\/eco-clean-pavimenti\/"},"modified":"2025-11-18T14:13:12","modified_gmt":"2025-11-18T13:13:12","slug":"eco-clean-fussboeden","status":"publish","type":"product","link":"https:\/\/www.meliconi.com\/de\/produkt\/eco-clean-fussboeden\/","title":{"rendered":"Eco Clean Bodenbel\u00e4ge"},"content":{"rendered":"<p>Der neue Mehrzweckreiniger Meliconi Eco Clean Pavimenti wurde f\u00fcr die Verwendung mit Wischmopps und Reinigungsrobotern entwickelt. Dank seiner nicht sch\u00e4umenden Formel mit Ethanol pflanzlichen Ursprungs und OHNE GVO, Phosphor und EDTA reinigt er alle Oberfl\u00e4chen gr\u00fcndlich und schont dabei die Umwelt. Es ist wirksam auf Holz-, Fliesen-, Laminat- und anderen B\u00f6den, hinterl\u00e4sst einen frischen und zarten Duft und sorgt f\u00fcr ein strahlendes und sicheres Zuhause f\u00fcr die ganze Familie.<\/p>\n<p>Der praktische Messdeckel verf\u00fcgt \u00fcber eine Klapp\u00f6ffnung f\u00fcr die bequeme Verwendung mit allen Haushaltsger\u00e4ten.<\/p>\n<p>1-Liter-Packung<\/p>\n<p>Gebrauchsanweisung:<\/p>\n<p>1 Verschlusskappe des Produkts (ca. 30 ml) in den Frischwassertank geben. Bei gr\u00fcndlicher und au\u00dferordentlicher Reinigung 2 Verschlusskappen hinzuf\u00fcgen. Wasser bis zur maximalen F\u00fcllh\u00f6he im Tank hinzuf\u00fcgen. Beachten Sie jedoch die Anweisungen des Herstellers des Haushaltsger\u00e4ts. Wenn Sie sich hinsichtlich der Art der Oberfl\u00e4che unsicher sind, testen Sie das Produkt zun\u00e4chst an einer versteckten Stelle.<br \/>\nDas Produkt kann Wachse oder andere auf den Oberfl\u00e4chen aufgetragene Behandlungen entfernen.<\/p>\n<p>&nbsp;<\/p>\n","protected":false},"excerpt":{"rendered":"<p>MULTIFUNKTIONAL<br \/>\nUNIVERSELL: Kann mit Elektrobesen und Roboterstaubsaugern mit Bodenwischfunktion aller Marken verwendet werden.<br \/>\nSCHAUMFREI<br \/>\nDUFT: Frisch, zart und lang anhaltend.<br \/>\nMADE IN ITALY: Dieses Produkt wird zu 100 % in Italien hergestellt.<\/p>\n","protected":false},"featured_media":62140,"template":"","meta":{"_acf_changed":false},"product_cat":[564],"product_tag":[],"class_list":{"0":"post-68852","1":"product","2":"type-product","3":"status-publish","4":"has-post-thumbnail","6":"product_cat-grune-linie","8":"first","9":"instock","10":"taxable","11":"shipping-taxable","12":"purchasable","13":"product-type-simple"},"acf":[],"yoast_head":"<!-- This site is optimized with the Yoast SEO plugin v26.1.1 - https:\/\/yoast.com\/wordpress\/plugins\/seo\/ -->\n<title>Eco Clean Bodenbel\u00e4ge - Meliconi - assorbiodori frigorifero<\/title>\n<meta name=\"robots\" content=\"index, follow, max-snippet:-1, max-image-preview:large, max-video-preview:-1\" \/>\n<link rel=\"canonical\" href=\"https:\/\/www.meliconi.com\/de\/produkt\/eco-clean-fussboeden\/\" \/>\n<meta property=\"og:locale\" content=\"de_DE\" \/>\n<meta property=\"og:type\" content=\"article\" \/>\n<meta property=\"og:title\" content=\"Eco Clean Bodenbel\u00e4ge - Meliconi - assorbiodori frigorifero\" \/>\n<meta property=\"og:description\" content=\"MULTIFUNKTIONAL UNIVERSELL: Kann mit Elektrobesen und Roboterstaubsaugern mit Bodenwischfunktion aller Marken verwendet werden. SCHAUMFREI DUFT: Frisch, zart und lang anhaltend. MADE IN ITALY: Dieses Produkt wird zu 100 % in Italien hergestellt.\" \/>\n<meta property=\"og:url\" content=\"https:\/\/www.meliconi.com\/de\/produkt\/eco-clean-fussboeden\/\" \/>\n<meta property=\"og:site_name\" content=\"Meliconi\" \/>\n<meta property=\"article:modified_time\" content=\"2025-11-18T13:13:12+00:00\" \/>\n<meta property=\"og:image\" content=\"https:\/\/www.meliconi.com\/wp-content\/uploads\/2024\/10\/621029_ECO_CLEAN_pavimenti_ok-437x1024.png\" \/>\n\t<meta property=\"og:image:width\" content=\"437\" \/>\n\t<meta property=\"og:image:height\" content=\"1024\" \/>\n\t<meta property=\"og:image:type\" content=\"image\/png\" \/>\n<meta name=\"twitter:card\" content=\"summary_large_image\" \/>\n<meta name=\"twitter:label1\" content=\"Gesch\u00e4tzte Lesezeit\" \/>\n\t<meta name=\"twitter:data1\" content=\"1\u00a0Minute\" \/>\n<script type=\"application\/ld+json\" class=\"yoast-schema-graph\">{\"@context\":\"https:\/\/schema.org\",\"@graph\":[{\"@type\":\"WebPage\",\"@id\":\"https:\/\/www.meliconi.com\/de\/produkt\/eco-clean-fussboeden\/\",\"url\":\"https:\/\/www.meliconi.com\/de\/produkt\/eco-clean-fussboeden\/\",\"name\":\"Eco Clean Bodenbel\u00e4ge - Meliconi - assorbiodori frigorifero\",\"isPartOf\":{\"@id\":\"https:\/\/www.meliconi.com\/de\/#website\"},\"primaryImageOfPage\":{\"@id\":\"https:\/\/www.meliconi.com\/de\/produkt\/eco-clean-fussboeden\/#primaryimage\"},\"image\":{\"@id\":\"https:\/\/www.meliconi.com\/de\/produkt\/eco-clean-fussboeden\/#primaryimage\"},\"thumbnailUrl\":\"https:\/\/www.meliconi.com\/wp-content\/uploads\/2024\/10\/621029_ECO_CLEAN_pavimenti_ok.png\",\"datePublished\":\"2024-10-15T12:24:44+00:00\",\"dateModified\":\"2025-11-18T13:13:12+00:00\",\"breadcrumb\":{\"@id\":\"https:\/\/www.meliconi.com\/de\/produkt\/eco-clean-fussboeden\/#breadcrumb\"},\"inLanguage\":\"de\",\"potentialAction\":[{\"@type\":\"ReadAction\",\"target\":[\"https:\/\/www.meliconi.com\/de\/produkt\/eco-clean-fussboeden\/\"]}]},{\"@type\":\"ImageObject\",\"inLanguage\":\"de\",\"@id\":\"https:\/\/www.meliconi.com\/de\/produkt\/eco-clean-fussboeden\/#primaryimage\",\"url\":\"https:\/\/www.meliconi.com\/wp-content\/uploads\/2024\/10\/621029_ECO_CLEAN_pavimenti_ok.png\",\"contentUrl\":\"https:\/\/www.meliconi.com\/wp-content\/uploads\/2024\/10\/621029_ECO_CLEAN_pavimenti_ok.png\",\"width\":1496,\"height\":3508},{\"@type\":\"BreadcrumbList\",\"@id\":\"https:\/\/www.meliconi.com\/de\/produkt\/eco-clean-fussboeden\/#breadcrumb\",\"itemListElement\":[{\"@type\":\"ListItem\",\"position\":1,\"name\":\"Home\",\"item\":\"https:\/\/www.meliconi.com\/de\/\"},{\"@type\":\"ListItem\",\"position\":2,\"name\":\"Shop\",\"item\":\"https:\/\/www.meliconi.com\/de\/shop-de\/\"},{\"@type\":\"ListItem\",\"position\":3,\"name\":\"Eco Clean Bodenbel\u00e4ge\"}]},{\"@type\":\"WebSite\",\"@id\":\"https:\/\/www.meliconi.com\/de\/#website\",\"url\":\"https:\/\/www.meliconi.com\/de\/\",\"name\":\"Meliconi\",\"description\":\"Lo specialista dell&#039;accessorio\",\"publisher\":{\"@id\":\"https:\/\/www.meliconi.com\/de\/#organization\"},\"potentialAction\":[{\"@type\":\"SearchAction\",\"target\":{\"@type\":\"EntryPoint\",\"urlTemplate\":\"https:\/\/www.meliconi.com\/de\/?s={search_term_string}\"},\"query-input\":{\"@type\":\"PropertyValueSpecification\",\"valueRequired\":true,\"valueName\":\"search_term_string\"}}],\"inLanguage\":\"de\"},{\"@type\":\"Organization\",\"@id\":\"https:\/\/www.meliconi.com\/de\/#organization\",\"name\":\"Meliconi\",\"url\":\"https:\/\/www.meliconi.com\/de\/\",\"logo\":{\"@type\":\"ImageObject\",\"inLanguage\":\"de\",\"@id\":\"https:\/\/www.meliconi.com\/de\/#\/schema\/logo\/image\/\",\"url\":\"https:\/\/www.meliconi.com\/wp-content\/uploads\/2021\/06\/logo-meliconi.png\",\"contentUrl\":\"https:\/\/www.meliconi.com\/wp-content\/uploads\/2021\/06\/logo-meliconi.png\",\"width\":338,\"height\":102,\"caption\":\"Meliconi\"},\"image\":{\"@id\":\"https:\/\/www.meliconi.com\/de\/#\/schema\/logo\/image\/\"}}]}<\/script>\n<!-- \/ Yoast SEO plugin. -->","yoast_head_json":{"title":"Eco Clean Bodenbel\u00e4ge - Meliconi - assorbiodori frigorifero","robots":{"index":"index","follow":"follow","max-snippet":"max-snippet:-1","max-image-preview":"max-image-preview:large","max-video-preview":"max-video-preview:-1"},"canonical":"https:\/\/www.meliconi.com\/de\/produkt\/eco-clean-fussboeden\/","og_locale":"de_DE","og_type":"article","og_title":"Eco Clean Bodenbel\u00e4ge - Meliconi - assorbiodori frigorifero","og_description":"MULTIFUNKTIONAL UNIVERSELL: Kann mit Elektrobesen und Roboterstaubsaugern mit Bodenwischfunktion aller Marken verwendet werden. SCHAUMFREI DUFT: Frisch, zart und lang anhaltend. MADE IN ITALY: Dieses Produkt wird zu 100 % in Italien hergestellt.","og_url":"https:\/\/www.meliconi.com\/de\/produkt\/eco-clean-fussboeden\/","og_site_name":"Meliconi","article_modified_time":"2025-11-18T13:13:12+00:00","og_image":[{"width":437,"height":1024,"url":"https:\/\/www.meliconi.com\/wp-content\/uploads\/2024\/10\/621029_ECO_CLEAN_pavimenti_ok-437x1024.png","type":"image\/png"}],"twitter_card":"summary_large_image","twitter_misc":{"Gesch\u00e4tzte Lesezeit":"1\u00a0Minute"},"schema":{"@context":"https:\/\/schema.org","@graph":[{"@type":"WebPage","@id":"https:\/\/www.meliconi.com\/de\/produkt\/eco-clean-fussboeden\/","url":"https:\/\/www.meliconi.com\/de\/produkt\/eco-clean-fussboeden\/","name":"Eco Clean Bodenbel\u00e4ge - Meliconi - assorbiodori frigorifero","isPartOf":{"@id":"https:\/\/www.meliconi.com\/de\/#website"},"primaryImageOfPage":{"@id":"https:\/\/www.meliconi.com\/de\/produkt\/eco-clean-fussboeden\/#primaryimage"},"image":{"@id":"https:\/\/www.meliconi.com\/de\/produkt\/eco-clean-fussboeden\/#primaryimage"},"thumbnailUrl":"https:\/\/www.meliconi.com\/wp-content\/uploads\/2024\/10\/621029_ECO_CLEAN_pavimenti_ok.png","datePublished":"2024-10-15T12:24:44+00:00","dateModified":"2025-11-18T13:13:12+00:00","breadcrumb":{"@id":"https:\/\/www.meliconi.com\/de\/produkt\/eco-clean-fussboeden\/#breadcrumb"},"inLanguage":"de","potentialAction":[{"@type":"ReadAction","target":["https:\/\/www.meliconi.com\/de\/produkt\/eco-clean-fussboeden\/"]}]},{"@type":"ImageObject","inLanguage":"de","@id":"https:\/\/www.meliconi.com\/de\/produkt\/eco-clean-fussboeden\/#primaryimage","url":"https:\/\/www.meliconi.com\/wp-content\/uploads\/2024\/10\/621029_ECO_CLEAN_pavimenti_ok.png","contentUrl":"https:\/\/www.meliconi.com\/wp-content\/uploads\/2024\/10\/621029_ECO_CLEAN_pavimenti_ok.png","width":1496,"height":3508},{"@type":"BreadcrumbList","@id":"https:\/\/www.meliconi.com\/de\/produkt\/eco-clean-fussboeden\/#breadcrumb","itemListElement":[{"@type":"ListItem","position":1,"name":"Home","item":"https:\/\/www.meliconi.com\/de\/"},{"@type":"ListItem","position":2,"name":"Shop","item":"https:\/\/www.meliconi.com\/de\/shop-de\/"},{"@type":"ListItem","position":3,"name":"Eco Clean Bodenbel\u00e4ge"}]},{"@type":"WebSite","@id":"https:\/\/www.meliconi.com\/de\/#website","url":"https:\/\/www.meliconi.com\/de\/","name":"Meliconi","description":"Lo specialista dell&#039;accessorio","publisher":{"@id":"https:\/\/www.meliconi.com\/de\/#organization"},"potentialAction":[{"@type":"SearchAction","target":{"@type":"EntryPoint","urlTemplate":"https:\/\/www.meliconi.com\/de\/?s={search_term_string}"},"query-input":{"@type":"PropertyValueSpecification","valueRequired":true,"valueName":"search_term_string"}}],"inLanguage":"de"},{"@type":"Organization","@id":"https:\/\/www.meliconi.com\/de\/#organization","name":"Meliconi","url":"https:\/\/www.meliconi.com\/de\/","logo":{"@type":"ImageObject","inLanguage":"de","@id":"https:\/\/www.meliconi.com\/de\/#\/schema\/logo\/image\/","url":"https:\/\/www.meliconi.com\/wp-content\/uploads\/2021\/06\/logo-meliconi.png","contentUrl":"https:\/\/www.meliconi.com\/wp-content\/uploads\/2021\/06\/logo-meliconi.png","width":338,"height":102,"caption":"Meliconi"},"image":{"@id":"https:\/\/www.meliconi.com\/de\/#\/schema\/logo\/image\/"}}]}},"_links":{"self":[{"href":"https:\/\/www.meliconi.com\/de\/wp-json\/wp\/v2\/product\/68852","targetHints":{"allow":["GET"]}}],"collection":[{"href":"https:\/\/www.meliconi.com\/de\/wp-json\/wp\/v2\/product"}],"about":[{"href":"https:\/\/www.meliconi.com\/de\/wp-json\/wp\/v2\/types\/product"}],"wp:featuredmedia":[{"embeddable":true,"href":"https:\/\/www.meliconi.com\/de\/wp-json\/wp\/v2\/media\/62140"}],"wp:attachment":[{"href":"https:\/\/www.meliconi.com\/de\/wp-json\/wp\/v2\/media?parent=68852"}],"wp:term":[{"taxonomy":"product_cat","embeddable":true,"href":"https:\/\/www.meliconi.com\/de\/wp-json\/wp\/v2\/product_cat?post=68852"},{"taxonomy":"product_tag","embeddable":true,"href":"https:\/\/www.meliconi.com\/de\/wp-json\/wp\/v2\/product_tag?post=68852"}],"curies":[{"name":"wp","href":"https:\/\/api.w.org\/{rel}","templated":true}]}}