{"id":68848,"date":"2024-10-15T11:54:06","date_gmt":"2024-10-15T09:54:06","guid":{"rendered":"https:\/\/www.meliconi.com\/prodotto\/eco-parfum-biancheria\/"},"modified":"2025-11-18T14:04:26","modified_gmt":"2025-11-18T13:04:26","slug":"eco-parfum-waesche","status":"publish","type":"product","link":"https:\/\/www.meliconi.com\/de\/produkt\/eco-parfum-waesche\/","title":{"rendered":"Eco Parfum W\u00e4sche"},"content":{"rendered":"<p>Die neuen Eco Parfum Biancheria Meliconi garantieren einen intensiven und lang anhaltenden Duft auf Ihrer Kleidung und sorgen jeden Tag f\u00fcr ein Gef\u00fchl nat\u00fcrlicher Frische. Sie sind konzentriert und wurden f\u00fcr eine geringere Umweltbelastung mit biologisch abbaubaren Tensiden entwickelt, sind dermatologisch getestet und frei von Farbstoffen.<\/p>\n<p>3 intensive D\u00fcfte:<\/p>\n<p>FRESH WOODY: Patchouli und s\u00fc\u00dfe Orange<br \/>\nFRESH MUSK: wei\u00dfer Moschus und Baumwollbl\u00fcten<br \/>\nFRESH CLEAN: Eukalyptus und schottische Kiefer<\/p>\n<p>Gebrauchsanweisung:<\/p>\n<p>In der Waschmaschine vor dem Waschgang eine Verschlusskappe direkt in das Weichsp\u00fclerfach geben.<br \/>\nBei Handw\u00e4sche vor dem Eintauchen der W\u00e4sche eine Verschlusskappe hinzuf\u00fcgen.<br \/>\nIm W\u00e4schetrockner einige Tropfen auf die Soft Wool Meliconi-Wollb\u00e4llchen oder ein Baumwolltuch geben.<br \/>\nAuch f\u00fcr Mischgewebe und Synthetikstoffe geeignet.<\/p>\n<p>&nbsp;<\/p>\n","protected":false},"excerpt":{"rendered":"<p>2in1: f\u00fcr Waschmaschine und Trockner geeignet<br \/>\nMIT NAT\u00dcRLICHEN \u00c4THERISCHEN \u00d6LEN: authentische und lang anhaltende D\u00fcfte<br \/>\nKONZENTRIERT: f\u00fcr eine geringere Umweltbelastung entwickelt<br \/>\nLEBENSDAUER: bis zu 35 Waschg\u00e4nge<br \/>\nMADE IN ITALY: dieses Produkt wird zu 100 % in Italien hergestellt<\/p>\n","protected":false},"featured_media":62029,"template":"","meta":{"_acf_changed":false},"product_brand":[],"product_cat":[564],"product_tag":[],"class_list":{"0":"post-68848","1":"product","2":"type-product","3":"status-publish","4":"has-post-thumbnail","6":"product_cat-grune-linie","8":"first","9":"instock","10":"taxable","11":"shipping-taxable","12":"purchasable","13":"product-type-variable"},"acf":[],"yoast_head":"<!-- This site is optimized with the Yoast SEO plugin v27.4 - https:\/\/yoast.com\/product\/yoast-seo-wordpress\/ -->\n<title>Eco Parfum W\u00e4sche - Meliconi - assorbiodori frigorifero<\/title>\n<meta name=\"description\" content=\"Profuma bucato liquido concentrato per lavatrice e asciugatrice con oli essenziali. Fino a 35 lavaggi. Utilizzabile in asciugatrice con Meliconi Soft Wool\" \/>\n<meta name=\"robots\" content=\"index, follow, max-snippet:-1, max-image-preview:large, max-video-preview:-1\" \/>\n<link rel=\"canonical\" href=\"https:\/\/www.meliconi.com\/de\/produkt\/eco-parfum-waesche\/\" \/>\n<meta property=\"og:locale\" content=\"de_DE\" \/>\n<meta property=\"og:type\" content=\"article\" \/>\n<meta property=\"og:title\" content=\"Eco Parfum W\u00e4sche - Meliconi - assorbiodori frigorifero\" \/>\n<meta property=\"og:description\" content=\"Profuma bucato liquido concentrato per lavatrice e asciugatrice con oli essenziali. Fino a 35 lavaggi. Utilizzabile in asciugatrice con Meliconi Soft Wool\" \/>\n<meta property=\"og:url\" content=\"https:\/\/www.meliconi.com\/de\/produkt\/eco-parfum-waesche\/\" \/>\n<meta property=\"og:site_name\" content=\"Meliconi\" \/>\n<meta property=\"article:modified_time\" content=\"2025-11-18T13:04:26+00:00\" \/>\n<meta property=\"og:image\" content=\"https:\/\/www.meliconi.com\/wp-content\/uploads\/2024\/10\/3D_ECO_PARFUM_2-1024x724.png\" \/>\n\t<meta property=\"og:image:width\" content=\"1024\" \/>\n\t<meta property=\"og:image:height\" content=\"724\" \/>\n\t<meta property=\"og:image:type\" content=\"image\/png\" \/>\n<meta name=\"twitter:card\" content=\"summary_large_image\" \/>\n<meta name=\"twitter:label1\" content=\"Gesch\u00e4tzte Lesezeit\" \/>\n\t<meta name=\"twitter:data1\" content=\"1\u00a0Minute\" \/>\n<script type=\"application\/ld+json\" class=\"yoast-schema-graph\">{\"@context\":\"https:\\\/\\\/schema.org\",\"@graph\":[{\"@type\":\"WebPage\",\"@id\":\"https:\\\/\\\/www.meliconi.com\\\/de\\\/produkt\\\/eco-parfum-waesche\\\/\",\"url\":\"https:\\\/\\\/www.meliconi.com\\\/de\\\/produkt\\\/eco-parfum-waesche\\\/\",\"name\":\"Eco Parfum W\u00e4sche - Meliconi - assorbiodori frigorifero\",\"isPartOf\":{\"@id\":\"https:\\\/\\\/www.meliconi.com\\\/de\\\/#website\"},\"primaryImageOfPage\":{\"@id\":\"https:\\\/\\\/www.meliconi.com\\\/de\\\/produkt\\\/eco-parfum-waesche\\\/#primaryimage\"},\"image\":{\"@id\":\"https:\\\/\\\/www.meliconi.com\\\/de\\\/produkt\\\/eco-parfum-waesche\\\/#primaryimage\"},\"thumbnailUrl\":\"https:\\\/\\\/www.meliconi.com\\\/wp-content\\\/uploads\\\/2024\\\/10\\\/3D_ECO_PARFUM_2.png\",\"datePublished\":\"2024-10-15T09:54:06+00:00\",\"dateModified\":\"2025-11-18T13:04:26+00:00\",\"description\":\"Profuma bucato liquido concentrato per lavatrice e asciugatrice con oli essenziali. Fino a 35 lavaggi. Utilizzabile in asciugatrice con Meliconi Soft Wool\",\"breadcrumb\":{\"@id\":\"https:\\\/\\\/www.meliconi.com\\\/de\\\/produkt\\\/eco-parfum-waesche\\\/#breadcrumb\"},\"inLanguage\":\"de\",\"potentialAction\":[{\"@type\":\"ReadAction\",\"target\":[\"https:\\\/\\\/www.meliconi.com\\\/de\\\/produkt\\\/eco-parfum-waesche\\\/\"]}]},{\"@type\":\"ImageObject\",\"inLanguage\":\"de\",\"@id\":\"https:\\\/\\\/www.meliconi.com\\\/de\\\/produkt\\\/eco-parfum-waesche\\\/#primaryimage\",\"url\":\"https:\\\/\\\/www.meliconi.com\\\/wp-content\\\/uploads\\\/2024\\\/10\\\/3D_ECO_PARFUM_2.png\",\"contentUrl\":\"https:\\\/\\\/www.meliconi.com\\\/wp-content\\\/uploads\\\/2024\\\/10\\\/3D_ECO_PARFUM_2.png\",\"width\":4961,\"height\":3508},{\"@type\":\"BreadcrumbList\",\"@id\":\"https:\\\/\\\/www.meliconi.com\\\/de\\\/produkt\\\/eco-parfum-waesche\\\/#breadcrumb\",\"itemListElement\":[{\"@type\":\"ListItem\",\"position\":1,\"name\":\"Home\",\"item\":\"https:\\\/\\\/www.meliconi.com\\\/de\\\/\"},{\"@type\":\"ListItem\",\"position\":2,\"name\":\"Shop\",\"item\":\"https:\\\/\\\/www.meliconi.com\\\/de\\\/shop-de\\\/\"},{\"@type\":\"ListItem\",\"position\":3,\"name\":\"Eco Parfum W\u00e4sche\"}]},{\"@type\":\"WebSite\",\"@id\":\"https:\\\/\\\/www.meliconi.com\\\/de\\\/#website\",\"url\":\"https:\\\/\\\/www.meliconi.com\\\/de\\\/\",\"name\":\"Meliconi\",\"description\":\"Lo specialista dell&#039;accessorio\",\"publisher\":{\"@id\":\"https:\\\/\\\/www.meliconi.com\\\/de\\\/#organization\"},\"potentialAction\":[{\"@type\":\"SearchAction\",\"target\":{\"@type\":\"EntryPoint\",\"urlTemplate\":\"https:\\\/\\\/www.meliconi.com\\\/de\\\/?s={search_term_string}\"},\"query-input\":{\"@type\":\"PropertyValueSpecification\",\"valueRequired\":true,\"valueName\":\"search_term_string\"}}],\"inLanguage\":\"de\"},{\"@type\":\"Organization\",\"@id\":\"https:\\\/\\\/www.meliconi.com\\\/de\\\/#organization\",\"name\":\"Meliconi\",\"url\":\"https:\\\/\\\/www.meliconi.com\\\/de\\\/\",\"logo\":{\"@type\":\"ImageObject\",\"inLanguage\":\"de\",\"@id\":\"https:\\\/\\\/www.meliconi.com\\\/de\\\/#\\\/schema\\\/logo\\\/image\\\/\",\"url\":\"https:\\\/\\\/www.meliconi.com\\\/wp-content\\\/uploads\\\/2021\\\/06\\\/logo-meliconi.png\",\"contentUrl\":\"https:\\\/\\\/www.meliconi.com\\\/wp-content\\\/uploads\\\/2021\\\/06\\\/logo-meliconi.png\",\"width\":338,\"height\":102,\"caption\":\"Meliconi\"},\"image\":{\"@id\":\"https:\\\/\\\/www.meliconi.com\\\/de\\\/#\\\/schema\\\/logo\\\/image\\\/\"}}]}<\/script>\n<!-- \/ Yoast SEO plugin. -->","yoast_head_json":{"title":"Eco Parfum W\u00e4sche - Meliconi - assorbiodori frigorifero","description":"Profuma bucato liquido concentrato per lavatrice e asciugatrice con oli essenziali. Fino a 35 lavaggi. Utilizzabile in asciugatrice con Meliconi Soft Wool","robots":{"index":"index","follow":"follow","max-snippet":"max-snippet:-1","max-image-preview":"max-image-preview:large","max-video-preview":"max-video-preview:-1"},"canonical":"https:\/\/www.meliconi.com\/de\/produkt\/eco-parfum-waesche\/","og_locale":"de_DE","og_type":"article","og_title":"Eco Parfum W\u00e4sche - Meliconi - assorbiodori frigorifero","og_description":"Profuma bucato liquido concentrato per lavatrice e asciugatrice con oli essenziali. Fino a 35 lavaggi. Utilizzabile in asciugatrice con Meliconi Soft Wool","og_url":"https:\/\/www.meliconi.com\/de\/produkt\/eco-parfum-waesche\/","og_site_name":"Meliconi","article_modified_time":"2025-11-18T13:04:26+00:00","og_image":[{"width":1024,"height":724,"url":"https:\/\/www.meliconi.com\/wp-content\/uploads\/2024\/10\/3D_ECO_PARFUM_2-1024x724.png","type":"image\/png"}],"twitter_card":"summary_large_image","twitter_misc":{"Gesch\u00e4tzte Lesezeit":"1\u00a0Minute"},"schema":{"@context":"https:\/\/schema.org","@graph":[{"@type":"WebPage","@id":"https:\/\/www.meliconi.com\/de\/produkt\/eco-parfum-waesche\/","url":"https:\/\/www.meliconi.com\/de\/produkt\/eco-parfum-waesche\/","name":"Eco Parfum W\u00e4sche - Meliconi - assorbiodori frigorifero","isPartOf":{"@id":"https:\/\/www.meliconi.com\/de\/#website"},"primaryImageOfPage":{"@id":"https:\/\/www.meliconi.com\/de\/produkt\/eco-parfum-waesche\/#primaryimage"},"image":{"@id":"https:\/\/www.meliconi.com\/de\/produkt\/eco-parfum-waesche\/#primaryimage"},"thumbnailUrl":"https:\/\/www.meliconi.com\/wp-content\/uploads\/2024\/10\/3D_ECO_PARFUM_2.png","datePublished":"2024-10-15T09:54:06+00:00","dateModified":"2025-11-18T13:04:26+00:00","description":"Profuma bucato liquido concentrato per lavatrice e asciugatrice con oli essenziali. Fino a 35 lavaggi. Utilizzabile in asciugatrice con Meliconi Soft Wool","breadcrumb":{"@id":"https:\/\/www.meliconi.com\/de\/produkt\/eco-parfum-waesche\/#breadcrumb"},"inLanguage":"de","potentialAction":[{"@type":"ReadAction","target":["https:\/\/www.meliconi.com\/de\/produkt\/eco-parfum-waesche\/"]}]},{"@type":"ImageObject","inLanguage":"de","@id":"https:\/\/www.meliconi.com\/de\/produkt\/eco-parfum-waesche\/#primaryimage","url":"https:\/\/www.meliconi.com\/wp-content\/uploads\/2024\/10\/3D_ECO_PARFUM_2.png","contentUrl":"https:\/\/www.meliconi.com\/wp-content\/uploads\/2024\/10\/3D_ECO_PARFUM_2.png","width":4961,"height":3508},{"@type":"BreadcrumbList","@id":"https:\/\/www.meliconi.com\/de\/produkt\/eco-parfum-waesche\/#breadcrumb","itemListElement":[{"@type":"ListItem","position":1,"name":"Home","item":"https:\/\/www.meliconi.com\/de\/"},{"@type":"ListItem","position":2,"name":"Shop","item":"https:\/\/www.meliconi.com\/de\/shop-de\/"},{"@type":"ListItem","position":3,"name":"Eco Parfum W\u00e4sche"}]},{"@type":"WebSite","@id":"https:\/\/www.meliconi.com\/de\/#website","url":"https:\/\/www.meliconi.com\/de\/","name":"Meliconi","description":"Lo specialista dell&#039;accessorio","publisher":{"@id":"https:\/\/www.meliconi.com\/de\/#organization"},"potentialAction":[{"@type":"SearchAction","target":{"@type":"EntryPoint","urlTemplate":"https:\/\/www.meliconi.com\/de\/?s={search_term_string}"},"query-input":{"@type":"PropertyValueSpecification","valueRequired":true,"valueName":"search_term_string"}}],"inLanguage":"de"},{"@type":"Organization","@id":"https:\/\/www.meliconi.com\/de\/#organization","name":"Meliconi","url":"https:\/\/www.meliconi.com\/de\/","logo":{"@type":"ImageObject","inLanguage":"de","@id":"https:\/\/www.meliconi.com\/de\/#\/schema\/logo\/image\/","url":"https:\/\/www.meliconi.com\/wp-content\/uploads\/2021\/06\/logo-meliconi.png","contentUrl":"https:\/\/www.meliconi.com\/wp-content\/uploads\/2021\/06\/logo-meliconi.png","width":338,"height":102,"caption":"Meliconi"},"image":{"@id":"https:\/\/www.meliconi.com\/de\/#\/schema\/logo\/image\/"}}]}},"_links":{"self":[{"href":"https:\/\/www.meliconi.com\/de\/wp-json\/wp\/v2\/product\/68848","targetHints":{"allow":["GET"]}}],"collection":[{"href":"https:\/\/www.meliconi.com\/de\/wp-json\/wp\/v2\/product"}],"about":[{"href":"https:\/\/www.meliconi.com\/de\/wp-json\/wp\/v2\/types\/product"}],"wp:featuredmedia":[{"embeddable":true,"href":"https:\/\/www.meliconi.com\/de\/wp-json\/wp\/v2\/media\/62029"}],"wp:attachment":[{"href":"https:\/\/www.meliconi.com\/de\/wp-json\/wp\/v2\/media?parent=68848"}],"wp:term":[{"taxonomy":"product_brand","embeddable":true,"href":"https:\/\/www.meliconi.com\/de\/wp-json\/wp\/v2\/product_brand?post=68848"},{"taxonomy":"product_cat","embeddable":true,"href":"https:\/\/www.meliconi.com\/de\/wp-json\/wp\/v2\/product_cat?post=68848"},{"taxonomy":"product_tag","embeddable":true,"href":"https:\/\/www.meliconi.com\/de\/wp-json\/wp\/v2\/product_tag?post=68848"}],"curies":[{"name":"wp","href":"https:\/\/api.w.org\/{rel}","templated":true}]}}