{"id":62382,"date":"2024-10-10T16:28:04","date_gmt":"2024-10-10T14:28:04","guid":{"rendered":"https:\/\/www.meliconi.com\/prodotto\/torre-dark\/"},"modified":"2024-10-22T10:59:04","modified_gmt":"2024-10-22T08:59:04","slug":"torre-dark","status":"publish","type":"product","link":"https:\/\/www.meliconi.com\/de\/produkt\/torre-dark\/","title":{"rendered":"Torre Dark"},"content":{"rendered":"<p>TORRE DARK IST DAS ZWISCHENBAURAHMEN MIT FSC\u00ae-ZERTIFIZIERTEM HOLZREGAL<\/p>\n<p>Das neue Zwischenbaurahmen von Meliconi erm\u00f6glicht es, den Platz in der Waschk\u00fcche optimal zu nutzen, indem der Trockner einfach und sicher auf die Waschmaschine gestellt wird. Es ist mit einem praktischen ausziehbaren Regal ausgestattet, das w\u00e4hrend des Wasch- und Trocknungsvorgangs eine funktionale Ablagefl\u00e4che bietet. Das Kit besticht durch seine solide und elegante Bauweise, wobei das ausziehbare Regal vollst\u00e4ndig aus FSC\u00ae-zertifiziertem Holz (C190330) gefertigt ist, was eine verantwortungsvolle Waldbewirtschaftung garantiert. Die Robustheit wird durch das T\u00dcV-Zeichen zertifiziert, das eine Tragf\u00e4higkeit von bis zu 250 kg bescheinigt. Dieses Kit ist universell einsetzbar und mit Ger\u00e4ten aller Marken kompatibel, wobei keine Bohrung der Waschmaschine zur Installation erforderlich ist. Es ist bereits vormontiert; einfach die weichen, rutschfesten Gummif\u00fc\u00dfe unter die Trocknerf\u00fc\u00dfe legen und die Ger\u00e4te stapeln. Ein 6 Meter langer, schwarzer Sicherheitsgurt mit Metallschnalle sorgt f\u00fcr die stabile Fixierung der Wasch-Trockner-S\u00e4ule. Eine innovative Eigenschaft des Kits sind die integrierten Libellen, die es erm\u00f6glichen, die Waschmaschine perfekt auszurichten, bevor der Trockner gestapelt wird, um eine stabile und ausgerichtete W\u00e4sches\u00e4ule zu gew\u00e4hrleisten. Das Zwischenbaurahmen von Meliconi wird vollst\u00e4ndig in Italien entworfen und hergestellt und ist ein langlebiges und zuverl\u00e4ssiges Produkt mit einer verl\u00e4ngerten Garantie von 10 Jahren.<\/p>\n<p><strong>EASY LEVEL<\/strong> \u2013 Die neuen Meliconi Zwischenbaurahmen sind die einzigen mit einer Kombination aus zwei Libellen auf zwei Achsen, die es erm\u00f6glichen, die Waschmaschine vor dem Stapeln des Trockners auszurichten, um eine perfekt ausgerichtete Wasch- und Trockners\u00e4ule zu erhalten.<\/p>\n<p>Kompatibel mit allen Frontlader-Waschmaschinen mit einer Mindesttiefe von 45 cm und Frontlader-Trocknern mit einer Tiefe von \u00fcber 60 cm (der Abstand zwischen den Trocknerf\u00fc\u00dfen darf maximal 54 cm betragen).<\/p>\n<p>Maximale Tragf\u00e4higkeit: 250 kg.<br \/>\nDas ausziehbare Regal, das sich in bequemer H\u00f6he befindet, bietet eine praktische Ablagefl\u00e4che und eine gro\u00dfz\u00fcgige Arbeitsfl\u00e4che zum Zusammenlegen von Kleidungsst\u00fccken.<br \/>\nMaximale Belastung: 10 kg.<br \/>\nEin 6 Meter langer Sicherheitsgurt mit Metallschnalle ist im Lieferumfang enthalten. Der Gurt verl\u00e4uft au\u00dferhalb des Kits.<br \/>\nVormontiert, einfach und schnell zu installieren.<\/p>\n<p><strong>FSC\u00ae C190330<\/strong><\/p>\n","protected":false},"excerpt":{"rendered":"<ul>\n<li>\u201eTORRE DARK\u201c W\u00c4SCHETROCKNER-STAPELSET: Die perfekte L\u00f6sung, um den Platz in Ihrer Waschk\u00fcche optimal zu nutzen. So k\u00f6nnen Sie Ihren Trockner einfach, praktisch und sicher auf Ihre Waschmaschine platzieren<\/li>\n<li>UNIVERSELL: Der Zwischenbaurahmen ist universell, mit jeder Ger\u00e4temarke kompatibel und erfordert keine Bohrungen in der Waschmaschine f\u00fcr die Installation<\/li>\n<li>AUSZIEHBARE ABLAGE AUS NACHHALTIGEM HOLZ: Die ausziehbare Ablage ist sehr funktional. Es besteht vollst\u00e4ndig aus FSC (C190330) zertifiziertem Holz, das eine verantwortungsvolle Forstwirtschaft garantiert<\/li>\n<li>ELEGANTES SCHWARZES DESIGN: Dank des eleganten schwarzen Designs ist der Zwischenbaurahmen perfekt f\u00fcr alle, die Funktionalit\u00e4t und \u00c4sthetik miteinander verbinden m\u00f6chten. Dieses Set eignet sich ideal f\u00fcr die Kombination mit dunkelfarbigen Ger\u00e4ten<\/li>\n<li>SICHER UND STARK: Er hat eine Tragf\u00e4higkeit von bis zu 250 kg und ist T\u00dcV-zertifiziert. Der 6 Meter lange Sicherheitsgurt sorgt f\u00fcr eine stabile Befestigung. Die Wasserwaagen erm\u00f6glichen es Ihnen, die Waschmaschine zu nivellieren und so einen stabilen Waschturm zu garantieren<\/li>\n<\/ul>\n","protected":false},"featured_media":61946,"template":"","meta":{"_acf_changed":false},"product_cat":[1176],"product_tag":[565],"class_list":{"0":"post-62382","1":"product","2":"type-product","3":"status-publish","4":"has-post-thumbnail","6":"product_cat-zwischenbaurahmen","7":"product_tag-universale-de","9":"first","10":"instock","11":"taxable","12":"shipping-taxable","13":"purchasable","14":"product-type-simple"},"acf":[],"yoast_head":"<!-- This site is optimized with the Yoast SEO plugin v26.1.1 - https:\/\/yoast.com\/wordpress\/plugins\/seo\/ -->\n<title>Torre Dark - Meliconi<\/title>\n<meta name=\"description\" content=\"Zwischenbaurahmen, universell, mit FSC\u00ae-zertifiziertem Holzregal, unterst\u00fctzt die verantwortungsvolle Waldbewirtschaftung.\" \/>\n<meta name=\"robots\" content=\"index, follow, max-snippet:-1, max-image-preview:large, max-video-preview:-1\" \/>\n<link rel=\"canonical\" href=\"https:\/\/www.meliconi.com\/de\/produkt\/torre-dark\/\" \/>\n<meta property=\"og:locale\" content=\"de_DE\" \/>\n<meta property=\"og:type\" content=\"article\" \/>\n<meta property=\"og:title\" content=\"Torre Dark - Meliconi\" \/>\n<meta property=\"og:description\" content=\"Zwischenbaurahmen, universell, mit FSC\u00ae-zertifiziertem Holzregal, unterst\u00fctzt die verantwortungsvolle Waldbewirtschaftung.\" \/>\n<meta property=\"og:url\" content=\"https:\/\/www.meliconi.com\/de\/produkt\/torre-dark\/\" \/>\n<meta property=\"og:site_name\" content=\"Meliconi\" \/>\n<meta property=\"article:modified_time\" content=\"2024-10-22T08:59:04+00:00\" \/>\n<meta property=\"og:image\" content=\"https:\/\/www.meliconi.com\/wp-content\/uploads\/2024\/10\/656128_TORRE-DARK-1-1024x724.png\" \/>\n\t<meta property=\"og:image:width\" content=\"1024\" \/>\n\t<meta property=\"og:image:height\" content=\"724\" \/>\n\t<meta property=\"og:image:type\" content=\"image\/png\" \/>\n<meta name=\"twitter:card\" content=\"summary_large_image\" \/>\n<meta name=\"twitter:label1\" content=\"Gesch\u00e4tzte Lesezeit\" \/>\n\t<meta name=\"twitter:data1\" content=\"2\u00a0Minuten\" \/>\n<script type=\"application\/ld+json\" class=\"yoast-schema-graph\">{\"@context\":\"https:\/\/schema.org\",\"@graph\":[{\"@type\":\"WebPage\",\"@id\":\"https:\/\/www.meliconi.com\/de\/produkt\/torre-dark\/\",\"url\":\"https:\/\/www.meliconi.com\/de\/produkt\/torre-dark\/\",\"name\":\"Torre Dark - Meliconi\",\"isPartOf\":{\"@id\":\"https:\/\/www.meliconi.com\/de\/#website\"},\"primaryImageOfPage\":{\"@id\":\"https:\/\/www.meliconi.com\/de\/produkt\/torre-dark\/#primaryimage\"},\"image\":{\"@id\":\"https:\/\/www.meliconi.com\/de\/produkt\/torre-dark\/#primaryimage\"},\"thumbnailUrl\":\"https:\/\/www.meliconi.com\/wp-content\/uploads\/2024\/10\/656128_TORRE-DARK-1.png\",\"datePublished\":\"2024-10-10T14:28:04+00:00\",\"dateModified\":\"2024-10-22T08:59:04+00:00\",\"description\":\"Zwischenbaurahmen, universell, mit FSC\u00ae-zertifiziertem Holzregal, unterst\u00fctzt die verantwortungsvolle Waldbewirtschaftung.\",\"breadcrumb\":{\"@id\":\"https:\/\/www.meliconi.com\/de\/produkt\/torre-dark\/#breadcrumb\"},\"inLanguage\":\"de\",\"potentialAction\":[{\"@type\":\"ReadAction\",\"target\":[\"https:\/\/www.meliconi.com\/de\/produkt\/torre-dark\/\"]}]},{\"@type\":\"ImageObject\",\"inLanguage\":\"de\",\"@id\":\"https:\/\/www.meliconi.com\/de\/produkt\/torre-dark\/#primaryimage\",\"url\":\"https:\/\/www.meliconi.com\/wp-content\/uploads\/2024\/10\/656128_TORRE-DARK-1.png\",\"contentUrl\":\"https:\/\/www.meliconi.com\/wp-content\/uploads\/2024\/10\/656128_TORRE-DARK-1.png\",\"width\":5000,\"height\":3535},{\"@type\":\"BreadcrumbList\",\"@id\":\"https:\/\/www.meliconi.com\/de\/produkt\/torre-dark\/#breadcrumb\",\"itemListElement\":[{\"@type\":\"ListItem\",\"position\":1,\"name\":\"Home\",\"item\":\"https:\/\/www.meliconi.com\/de\/\"},{\"@type\":\"ListItem\",\"position\":2,\"name\":\"Shop\",\"item\":\"https:\/\/www.meliconi.com\/de\/shop-de\/\"},{\"@type\":\"ListItem\",\"position\":3,\"name\":\"Torre Dark\"}]},{\"@type\":\"WebSite\",\"@id\":\"https:\/\/www.meliconi.com\/de\/#website\",\"url\":\"https:\/\/www.meliconi.com\/de\/\",\"name\":\"Meliconi\",\"description\":\"Lo specialista dell&#039;accessorio\",\"publisher\":{\"@id\":\"https:\/\/www.meliconi.com\/de\/#organization\"},\"potentialAction\":[{\"@type\":\"SearchAction\",\"target\":{\"@type\":\"EntryPoint\",\"urlTemplate\":\"https:\/\/www.meliconi.com\/de\/?s={search_term_string}\"},\"query-input\":{\"@type\":\"PropertyValueSpecification\",\"valueRequired\":true,\"valueName\":\"search_term_string\"}}],\"inLanguage\":\"de\"},{\"@type\":\"Organization\",\"@id\":\"https:\/\/www.meliconi.com\/de\/#organization\",\"name\":\"Meliconi\",\"url\":\"https:\/\/www.meliconi.com\/de\/\",\"logo\":{\"@type\":\"ImageObject\",\"inLanguage\":\"de\",\"@id\":\"https:\/\/www.meliconi.com\/de\/#\/schema\/logo\/image\/\",\"url\":\"https:\/\/www.meliconi.com\/wp-content\/uploads\/2021\/06\/logo-meliconi.png\",\"contentUrl\":\"https:\/\/www.meliconi.com\/wp-content\/uploads\/2021\/06\/logo-meliconi.png\",\"width\":338,\"height\":102,\"caption\":\"Meliconi\"},\"image\":{\"@id\":\"https:\/\/www.meliconi.com\/de\/#\/schema\/logo\/image\/\"}}]}<\/script>\n<!-- \/ Yoast SEO plugin. -->","yoast_head_json":{"title":"Torre Dark - Meliconi","description":"Zwischenbaurahmen, universell, mit FSC\u00ae-zertifiziertem Holzregal, unterst\u00fctzt die verantwortungsvolle Waldbewirtschaftung.","robots":{"index":"index","follow":"follow","max-snippet":"max-snippet:-1","max-image-preview":"max-image-preview:large","max-video-preview":"max-video-preview:-1"},"canonical":"https:\/\/www.meliconi.com\/de\/produkt\/torre-dark\/","og_locale":"de_DE","og_type":"article","og_title":"Torre Dark - Meliconi","og_description":"Zwischenbaurahmen, universell, mit FSC\u00ae-zertifiziertem Holzregal, unterst\u00fctzt die verantwortungsvolle Waldbewirtschaftung.","og_url":"https:\/\/www.meliconi.com\/de\/produkt\/torre-dark\/","og_site_name":"Meliconi","article_modified_time":"2024-10-22T08:59:04+00:00","og_image":[{"width":1024,"height":724,"url":"https:\/\/www.meliconi.com\/wp-content\/uploads\/2024\/10\/656128_TORRE-DARK-1-1024x724.png","type":"image\/png"}],"twitter_card":"summary_large_image","twitter_misc":{"Gesch\u00e4tzte Lesezeit":"2\u00a0Minuten"},"schema":{"@context":"https:\/\/schema.org","@graph":[{"@type":"WebPage","@id":"https:\/\/www.meliconi.com\/de\/produkt\/torre-dark\/","url":"https:\/\/www.meliconi.com\/de\/produkt\/torre-dark\/","name":"Torre Dark - Meliconi","isPartOf":{"@id":"https:\/\/www.meliconi.com\/de\/#website"},"primaryImageOfPage":{"@id":"https:\/\/www.meliconi.com\/de\/produkt\/torre-dark\/#primaryimage"},"image":{"@id":"https:\/\/www.meliconi.com\/de\/produkt\/torre-dark\/#primaryimage"},"thumbnailUrl":"https:\/\/www.meliconi.com\/wp-content\/uploads\/2024\/10\/656128_TORRE-DARK-1.png","datePublished":"2024-10-10T14:28:04+00:00","dateModified":"2024-10-22T08:59:04+00:00","description":"Zwischenbaurahmen, universell, mit FSC\u00ae-zertifiziertem Holzregal, unterst\u00fctzt die verantwortungsvolle Waldbewirtschaftung.","breadcrumb":{"@id":"https:\/\/www.meliconi.com\/de\/produkt\/torre-dark\/#breadcrumb"},"inLanguage":"de","potentialAction":[{"@type":"ReadAction","target":["https:\/\/www.meliconi.com\/de\/produkt\/torre-dark\/"]}]},{"@type":"ImageObject","inLanguage":"de","@id":"https:\/\/www.meliconi.com\/de\/produkt\/torre-dark\/#primaryimage","url":"https:\/\/www.meliconi.com\/wp-content\/uploads\/2024\/10\/656128_TORRE-DARK-1.png","contentUrl":"https:\/\/www.meliconi.com\/wp-content\/uploads\/2024\/10\/656128_TORRE-DARK-1.png","width":5000,"height":3535},{"@type":"BreadcrumbList","@id":"https:\/\/www.meliconi.com\/de\/produkt\/torre-dark\/#breadcrumb","itemListElement":[{"@type":"ListItem","position":1,"name":"Home","item":"https:\/\/www.meliconi.com\/de\/"},{"@type":"ListItem","position":2,"name":"Shop","item":"https:\/\/www.meliconi.com\/de\/shop-de\/"},{"@type":"ListItem","position":3,"name":"Torre Dark"}]},{"@type":"WebSite","@id":"https:\/\/www.meliconi.com\/de\/#website","url":"https:\/\/www.meliconi.com\/de\/","name":"Meliconi","description":"Lo specialista dell&#039;accessorio","publisher":{"@id":"https:\/\/www.meliconi.com\/de\/#organization"},"potentialAction":[{"@type":"SearchAction","target":{"@type":"EntryPoint","urlTemplate":"https:\/\/www.meliconi.com\/de\/?s={search_term_string}"},"query-input":{"@type":"PropertyValueSpecification","valueRequired":true,"valueName":"search_term_string"}}],"inLanguage":"de"},{"@type":"Organization","@id":"https:\/\/www.meliconi.com\/de\/#organization","name":"Meliconi","url":"https:\/\/www.meliconi.com\/de\/","logo":{"@type":"ImageObject","inLanguage":"de","@id":"https:\/\/www.meliconi.com\/de\/#\/schema\/logo\/image\/","url":"https:\/\/www.meliconi.com\/wp-content\/uploads\/2021\/06\/logo-meliconi.png","contentUrl":"https:\/\/www.meliconi.com\/wp-content\/uploads\/2021\/06\/logo-meliconi.png","width":338,"height":102,"caption":"Meliconi"},"image":{"@id":"https:\/\/www.meliconi.com\/de\/#\/schema\/logo\/image\/"}}]}},"_links":{"self":[{"href":"https:\/\/www.meliconi.com\/de\/wp-json\/wp\/v2\/product\/62382","targetHints":{"allow":["GET"]}}],"collection":[{"href":"https:\/\/www.meliconi.com\/de\/wp-json\/wp\/v2\/product"}],"about":[{"href":"https:\/\/www.meliconi.com\/de\/wp-json\/wp\/v2\/types\/product"}],"wp:featuredmedia":[{"embeddable":true,"href":"https:\/\/www.meliconi.com\/de\/wp-json\/wp\/v2\/media\/61946"}],"wp:attachment":[{"href":"https:\/\/www.meliconi.com\/de\/wp-json\/wp\/v2\/media?parent=62382"}],"wp:term":[{"taxonomy":"product_cat","embeddable":true,"href":"https:\/\/www.meliconi.com\/de\/wp-json\/wp\/v2\/product_cat?post=62382"},{"taxonomy":"product_tag","embeddable":true,"href":"https:\/\/www.meliconi.com\/de\/wp-json\/wp\/v2\/product_tag?post=62382"}],"curies":[{"name":"wp","href":"https:\/\/api.w.org\/{rel}","templated":true}]}}