{"id":62341,"date":"2024-10-18T15:41:59","date_gmt":"2024-10-18T13:41:59","guid":{"rendered":"https:\/\/www.meliconi.com\/prodotto\/torre-quick\/"},"modified":"2024-10-23T16:08:28","modified_gmt":"2024-10-23T14:08:28","slug":"torre-quick","status":"publish","type":"product","link":"https:\/\/www.meliconi.com\/de\/produkt\/torre-quick\/","title":{"rendered":"Torre Quick"},"content":{"rendered":"<p>Das neue Torre Quick-\u00dcberbau Zwischenbaurahmen, den Platz in der Waschk\u00fcche optimal zu nutzen, indem der Trockner einfach und sicher auf die Waschmaschine gestellt wird. Es ist mit einem praktischen ausziehbaren Regal ausgestattet, das w\u00e4hrend des Wasch- und Trocknungszyklus eine funktionale Arbeitsfl\u00e4che bietet. Universell, kompatibel mit den meisten Waschmaschinen und Trocknern mit Frontladung, die 60 cm breit und auch \u00fcber 60 cm tief sind. Im Einklang mit dem Engagement von Meliconi f\u00fcr den Planeten wurde das Turm Quick mit 30 % recyceltem Kunststoff entwickelt. Dieser Anteil reduziert die Umweltbelastung und gew\u00e4hrleistet dennoch Festigkeit und Stabilit\u00e4t. Maximale Traglast: 250 kg. Sicherheitsgurt mit Metallschnalle inklusive. EASY LEVEL \u2013 Die neuen \u00dcberbau-Kits von Meliconi sind die einzigen mit einer Kombination aus zwei Libellen auf zwei Achsen, die es erm\u00f6glichen, die Waschmaschine vor dem Stapeln des Trockners auszurichten, um eine perfekt ausgerichtete Wasch- und Trockners\u00e4ule zu erhalten. Maximale Traglast: 250 kg. Das ausziehbare Regal, das sich in bequemer H\u00f6he befindet, bietet eine praktische Ablagefl\u00e4che und eine gro\u00dfz\u00fcgige Arbeitsfl\u00e4che zum Zusammenlegen von Kleidungsst\u00fccken. Maximale Belastung: 10 kg. Ein 6 Meter langer Sicherheitsgurt mit Metallschnalle ist im Lieferumfang enthalten. Der Gurt verl\u00e4uft au\u00dferhalb des Kits. Vormontiert, einfach und schnell zu installieren.<\/p>\n","protected":false},"excerpt":{"rendered":"<ul>\n<li>ZWISCHENBAURAHMEN F\u00dcR WASCHMASCHINE UND TROCKNER: Der Quick Tower erm\u00f6glicht es, die Waschmaschine und den Trockner \u00fcbereinander zu stapeln, um Platz zu sparen<\/li>\n<li>UNIVERSAL: Kompatibel mit allen Waschmaschinen und Trocknern mit einer Breite von 60 cm und einer Tiefe von \u00fcber 60 cm<\/li>\n<li>NACHHALTIG: Die Struktur aus Technopolymer besteht zu 30% aus recyceltem Kunststoff. Dies reduziert die Umweltbelastung, ohne Kompromisse bei St\u00e4rke und Stabilit\u00e4t einzugehen<\/li>\n<li>WIDERSTANDSF\u00c4HIG UND SICHER: Der wei\u00dfe 6 m lange Sicherheitsgurt mit Metallschnalle eignet sich bestens, um die beiden Ger\u00e4te zusammenzuhalten und f\u00fcr optimale Stabilit\u00e4t zu sorgen. Unterst\u00fctzt Gewichte bis zu 250 kg<\/li>\n<li>AUSZIEHBARE ABLAGE: Die ausziehbare Ablage mit einer Tragf\u00e4higkeit von bis zu 10 kg erm\u00f6glicht es Ihnen, Ihre Kleidung leicht von einem Ger\u00e4t zum anderen zu transportieren<\/li>\n<li>VORMONTIERT: Das Meliconi Waschmaschinen-Trockner-Kit wird vormontiert geliefert und ist sofort einsatzbereit. Au\u00dferdem enth\u00e4lt das Set eine weiche Schaumstoffpads um Ihre Ger\u00e4te zu sch\u00fctzen<\/li>\n<li>MELICONI QUALIT\u00c4T: Seit der Unternehmensgr\u00fcndung bringt Meliconi originelle und erschwingliche Produkte auf den Markt, um Ihnen den Alltag zu erleichtern. Dieser Zwischenbaurahmen f\u00fcr Waschmaschine und Trockner ist zu 100% in Italien hergestellt und T\u00dcV-zertifiziert<\/li>\n<\/ul>\n","protected":false},"featured_media":62253,"template":"","meta":{"_acf_changed":false},"product_cat":[1176],"product_tag":[],"class_list":{"0":"post-62341","1":"product","2":"type-product","3":"status-publish","4":"has-post-thumbnail","6":"product_cat-zwischenbaurahmen","8":"first","9":"instock","10":"taxable","11":"shipping-taxable","12":"purchasable","13":"product-type-simple"},"acf":[],"yoast_head":"<!-- This site is optimized with the Yoast SEO plugin v26.1.1 - https:\/\/yoast.com\/wordpress\/plugins\/seo\/ -->\n<title>Torre Quick - Meliconi<\/title>\n<meta name=\"description\" content=\"Zwischenbaurahmen f\u00fcr Waschmaschine und Trockner, universell und vormontiert. Mit robustem und elegantem ausziehbarem Regal. T\u00dcV-zertifiziert.\" \/>\n<meta name=\"robots\" content=\"index, follow, max-snippet:-1, max-image-preview:large, max-video-preview:-1\" \/>\n<link rel=\"canonical\" href=\"https:\/\/www.meliconi.com\/de\/produkt\/torre-quick\/\" \/>\n<meta property=\"og:locale\" content=\"de_DE\" \/>\n<meta property=\"og:type\" content=\"article\" \/>\n<meta property=\"og:title\" content=\"Torre Quick - Meliconi\" \/>\n<meta property=\"og:description\" content=\"Zwischenbaurahmen f\u00fcr Waschmaschine und Trockner, universell und vormontiert. Mit robustem und elegantem ausziehbarem Regal. T\u00dcV-zertifiziert.\" \/>\n<meta property=\"og:url\" content=\"https:\/\/www.meliconi.com\/de\/produkt\/torre-quick\/\" \/>\n<meta property=\"og:site_name\" content=\"Meliconi\" \/>\n<meta property=\"article:modified_time\" content=\"2024-10-23T14:08:28+00:00\" \/>\n<meta property=\"og:image\" content=\"https:\/\/www.meliconi.com\/wp-content\/uploads\/2024\/10\/656132_TORRE-QUICK-1-1024x724.png\" \/>\n\t<meta property=\"og:image:width\" content=\"1024\" \/>\n\t<meta property=\"og:image:height\" content=\"724\" \/>\n\t<meta property=\"og:image:type\" content=\"image\/png\" \/>\n<meta name=\"twitter:card\" content=\"summary_large_image\" \/>\n<meta name=\"twitter:label1\" content=\"Gesch\u00e4tzte Lesezeit\" \/>\n\t<meta name=\"twitter:data1\" content=\"2\u00a0Minuten\" \/>\n<script type=\"application\/ld+json\" class=\"yoast-schema-graph\">{\"@context\":\"https:\/\/schema.org\",\"@graph\":[{\"@type\":\"WebPage\",\"@id\":\"https:\/\/www.meliconi.com\/de\/produkt\/torre-quick\/\",\"url\":\"https:\/\/www.meliconi.com\/de\/produkt\/torre-quick\/\",\"name\":\"Torre Quick - Meliconi\",\"isPartOf\":{\"@id\":\"https:\/\/www.meliconi.com\/de\/#website\"},\"primaryImageOfPage\":{\"@id\":\"https:\/\/www.meliconi.com\/de\/produkt\/torre-quick\/#primaryimage\"},\"image\":{\"@id\":\"https:\/\/www.meliconi.com\/de\/produkt\/torre-quick\/#primaryimage\"},\"thumbnailUrl\":\"https:\/\/www.meliconi.com\/wp-content\/uploads\/2024\/10\/656132_TORRE-QUICK-1.png\",\"datePublished\":\"2024-10-18T13:41:59+00:00\",\"dateModified\":\"2024-10-23T14:08:28+00:00\",\"description\":\"Zwischenbaurahmen f\u00fcr Waschmaschine und Trockner, universell und vormontiert. Mit robustem und elegantem ausziehbarem Regal. T\u00dcV-zertifiziert.\",\"breadcrumb\":{\"@id\":\"https:\/\/www.meliconi.com\/de\/produkt\/torre-quick\/#breadcrumb\"},\"inLanguage\":\"de\",\"potentialAction\":[{\"@type\":\"ReadAction\",\"target\":[\"https:\/\/www.meliconi.com\/de\/produkt\/torre-quick\/\"]}]},{\"@type\":\"ImageObject\",\"inLanguage\":\"de\",\"@id\":\"https:\/\/www.meliconi.com\/de\/produkt\/torre-quick\/#primaryimage\",\"url\":\"https:\/\/www.meliconi.com\/wp-content\/uploads\/2024\/10\/656132_TORRE-QUICK-1.png\",\"contentUrl\":\"https:\/\/www.meliconi.com\/wp-content\/uploads\/2024\/10\/656132_TORRE-QUICK-1.png\",\"width\":5000,\"height\":3535},{\"@type\":\"BreadcrumbList\",\"@id\":\"https:\/\/www.meliconi.com\/de\/produkt\/torre-quick\/#breadcrumb\",\"itemListElement\":[{\"@type\":\"ListItem\",\"position\":1,\"name\":\"Home\",\"item\":\"https:\/\/www.meliconi.com\/de\/\"},{\"@type\":\"ListItem\",\"position\":2,\"name\":\"Shop\",\"item\":\"https:\/\/www.meliconi.com\/de\/shop-de\/\"},{\"@type\":\"ListItem\",\"position\":3,\"name\":\"Torre Quick\"}]},{\"@type\":\"WebSite\",\"@id\":\"https:\/\/www.meliconi.com\/de\/#website\",\"url\":\"https:\/\/www.meliconi.com\/de\/\",\"name\":\"Meliconi\",\"description\":\"Lo specialista dell&#039;accessorio\",\"publisher\":{\"@id\":\"https:\/\/www.meliconi.com\/de\/#organization\"},\"potentialAction\":[{\"@type\":\"SearchAction\",\"target\":{\"@type\":\"EntryPoint\",\"urlTemplate\":\"https:\/\/www.meliconi.com\/de\/?s={search_term_string}\"},\"query-input\":{\"@type\":\"PropertyValueSpecification\",\"valueRequired\":true,\"valueName\":\"search_term_string\"}}],\"inLanguage\":\"de\"},{\"@type\":\"Organization\",\"@id\":\"https:\/\/www.meliconi.com\/de\/#organization\",\"name\":\"Meliconi\",\"url\":\"https:\/\/www.meliconi.com\/de\/\",\"logo\":{\"@type\":\"ImageObject\",\"inLanguage\":\"de\",\"@id\":\"https:\/\/www.meliconi.com\/de\/#\/schema\/logo\/image\/\",\"url\":\"https:\/\/www.meliconi.com\/wp-content\/uploads\/2021\/06\/logo-meliconi.png\",\"contentUrl\":\"https:\/\/www.meliconi.com\/wp-content\/uploads\/2021\/06\/logo-meliconi.png\",\"width\":338,\"height\":102,\"caption\":\"Meliconi\"},\"image\":{\"@id\":\"https:\/\/www.meliconi.com\/de\/#\/schema\/logo\/image\/\"}}]}<\/script>\n<!-- \/ Yoast SEO plugin. -->","yoast_head_json":{"title":"Torre Quick - Meliconi","description":"Zwischenbaurahmen f\u00fcr Waschmaschine und Trockner, universell und vormontiert. Mit robustem und elegantem ausziehbarem Regal. T\u00dcV-zertifiziert.","robots":{"index":"index","follow":"follow","max-snippet":"max-snippet:-1","max-image-preview":"max-image-preview:large","max-video-preview":"max-video-preview:-1"},"canonical":"https:\/\/www.meliconi.com\/de\/produkt\/torre-quick\/","og_locale":"de_DE","og_type":"article","og_title":"Torre Quick - Meliconi","og_description":"Zwischenbaurahmen f\u00fcr Waschmaschine und Trockner, universell und vormontiert. Mit robustem und elegantem ausziehbarem Regal. T\u00dcV-zertifiziert.","og_url":"https:\/\/www.meliconi.com\/de\/produkt\/torre-quick\/","og_site_name":"Meliconi","article_modified_time":"2024-10-23T14:08:28+00:00","og_image":[{"width":1024,"height":724,"url":"https:\/\/www.meliconi.com\/wp-content\/uploads\/2024\/10\/656132_TORRE-QUICK-1-1024x724.png","type":"image\/png"}],"twitter_card":"summary_large_image","twitter_misc":{"Gesch\u00e4tzte Lesezeit":"2\u00a0Minuten"},"schema":{"@context":"https:\/\/schema.org","@graph":[{"@type":"WebPage","@id":"https:\/\/www.meliconi.com\/de\/produkt\/torre-quick\/","url":"https:\/\/www.meliconi.com\/de\/produkt\/torre-quick\/","name":"Torre Quick - Meliconi","isPartOf":{"@id":"https:\/\/www.meliconi.com\/de\/#website"},"primaryImageOfPage":{"@id":"https:\/\/www.meliconi.com\/de\/produkt\/torre-quick\/#primaryimage"},"image":{"@id":"https:\/\/www.meliconi.com\/de\/produkt\/torre-quick\/#primaryimage"},"thumbnailUrl":"https:\/\/www.meliconi.com\/wp-content\/uploads\/2024\/10\/656132_TORRE-QUICK-1.png","datePublished":"2024-10-18T13:41:59+00:00","dateModified":"2024-10-23T14:08:28+00:00","description":"Zwischenbaurahmen f\u00fcr Waschmaschine und Trockner, universell und vormontiert. Mit robustem und elegantem ausziehbarem Regal. T\u00dcV-zertifiziert.","breadcrumb":{"@id":"https:\/\/www.meliconi.com\/de\/produkt\/torre-quick\/#breadcrumb"},"inLanguage":"de","potentialAction":[{"@type":"ReadAction","target":["https:\/\/www.meliconi.com\/de\/produkt\/torre-quick\/"]}]},{"@type":"ImageObject","inLanguage":"de","@id":"https:\/\/www.meliconi.com\/de\/produkt\/torre-quick\/#primaryimage","url":"https:\/\/www.meliconi.com\/wp-content\/uploads\/2024\/10\/656132_TORRE-QUICK-1.png","contentUrl":"https:\/\/www.meliconi.com\/wp-content\/uploads\/2024\/10\/656132_TORRE-QUICK-1.png","width":5000,"height":3535},{"@type":"BreadcrumbList","@id":"https:\/\/www.meliconi.com\/de\/produkt\/torre-quick\/#breadcrumb","itemListElement":[{"@type":"ListItem","position":1,"name":"Home","item":"https:\/\/www.meliconi.com\/de\/"},{"@type":"ListItem","position":2,"name":"Shop","item":"https:\/\/www.meliconi.com\/de\/shop-de\/"},{"@type":"ListItem","position":3,"name":"Torre Quick"}]},{"@type":"WebSite","@id":"https:\/\/www.meliconi.com\/de\/#website","url":"https:\/\/www.meliconi.com\/de\/","name":"Meliconi","description":"Lo specialista dell&#039;accessorio","publisher":{"@id":"https:\/\/www.meliconi.com\/de\/#organization"},"potentialAction":[{"@type":"SearchAction","target":{"@type":"EntryPoint","urlTemplate":"https:\/\/www.meliconi.com\/de\/?s={search_term_string}"},"query-input":{"@type":"PropertyValueSpecification","valueRequired":true,"valueName":"search_term_string"}}],"inLanguage":"de"},{"@type":"Organization","@id":"https:\/\/www.meliconi.com\/de\/#organization","name":"Meliconi","url":"https:\/\/www.meliconi.com\/de\/","logo":{"@type":"ImageObject","inLanguage":"de","@id":"https:\/\/www.meliconi.com\/de\/#\/schema\/logo\/image\/","url":"https:\/\/www.meliconi.com\/wp-content\/uploads\/2021\/06\/logo-meliconi.png","contentUrl":"https:\/\/www.meliconi.com\/wp-content\/uploads\/2021\/06\/logo-meliconi.png","width":338,"height":102,"caption":"Meliconi"},"image":{"@id":"https:\/\/www.meliconi.com\/de\/#\/schema\/logo\/image\/"}}]}},"_links":{"self":[{"href":"https:\/\/www.meliconi.com\/de\/wp-json\/wp\/v2\/product\/62341","targetHints":{"allow":["GET"]}}],"collection":[{"href":"https:\/\/www.meliconi.com\/de\/wp-json\/wp\/v2\/product"}],"about":[{"href":"https:\/\/www.meliconi.com\/de\/wp-json\/wp\/v2\/types\/product"}],"wp:featuredmedia":[{"embeddable":true,"href":"https:\/\/www.meliconi.com\/de\/wp-json\/wp\/v2\/media\/62253"}],"wp:attachment":[{"href":"https:\/\/www.meliconi.com\/de\/wp-json\/wp\/v2\/media?parent=62341"}],"wp:term":[{"taxonomy":"product_cat","embeddable":true,"href":"https:\/\/www.meliconi.com\/de\/wp-json\/wp\/v2\/product_cat?post=62341"},{"taxonomy":"product_tag","embeddable":true,"href":"https:\/\/www.meliconi.com\/de\/wp-json\/wp\/v2\/product_tag?post=62341"}],"curies":[{"name":"wp","href":"https:\/\/api.w.org\/{rel}","templated":true}]}}