{"id":61471,"date":"2024-10-04T16:47:51","date_gmt":"2024-10-04T14:47:51","guid":{"rendered":"https:\/\/www.meliconi.com\/?post_type=product&#038;p=61471"},"modified":"2024-10-08T15:42:00","modified_gmt":"2024-10-08T13:42:00","slug":"spacesystem-dualmotion-600","status":"publish","type":"product","link":"https:\/\/www.meliconi.com\/de\/produkt\/spacesystem-dualmotion-600\/","title":{"rendered":"SPACESYSTEM DUALMOTION 600"},"content":{"rendered":"<p>SPACESYSTEM \u00e8 la nuova linea di supporti da muro per TV marchiata Meliconi S.p.A., connubio perfetto tra tecnologia all\u2019avanguardia, materiali di ultima generazione e design accattivante.\u00a0 L\u2019aggiunta di un rivestimento protettivo in gomma su tutti i supporti, protegger\u00e0 la tua TV nel tempo, senza rinunciare a un ridottissimo ingombro (fino a un minimo di 10,5 cm dal muro) e una totale sicurezza. Tutti i supporti EXTRA sono 100% Made in Italy, con qualit\u00e0 certificata TUV e 10 anni di garanzia.<\/p>\n<p>DUALMOTION 600 \u00e8 un <strong>s<\/strong>upporto tv a muro orientabile a due braccia e due snodi per TV con foratura VESA 300 \u2013 400 \u2013 600 mm, da 50 a 85 pollici e con portata massima di 55kg, consente di inclinare lo schermo verticalmente e orizzontalmente, adatto alle TV di grande formato.<\/p>\n<p>Il nuovo sistema di bloccaggio FAST BLOCK rende il supporto tv facile, sicuro e rapido da montare. Installa la TV in pochi passi: avvita le staffe al retro della tv, agganciala alla piastra, al &#8222;click&#8220; la tv sar\u00e0 posizionata correttamente! Fast block permette l&#8217;installazione anche da una sola persona.<\/p>\n<p>EASY FIX Up&amp;Down \u00e8 l&#8217;unico sistema completo di regolazione TV post montaggio. I supporti Meliconi, grazie a questa tecnologia, permettono la regolazione in orizzontale e verticale post montaggio, in modo da correggere eventuali errori di installazione senza smontare il supporto e riforare il muro.<\/p>\n","protected":false},"excerpt":{"rendered":"<ul class=\"a-unordered-list a-vertical a-spacing-mini\">\n<li class=\"a-spacing-mini\"><span class=\"a-list-item\">VON 32&#8243; bis 85&#8243;: TV-Wandhalterung f\u00fcr Flachbildfernseher 32&#8243; bis 85&#8243; und mit vertikaler Drehbarkeit von -5\u00b0\/+10\u00b0 und horizontaler Drehbarkeit von \u00b190\u00b0. Die maximale Belastbarkeit betr\u00e4gt 55 kg<\/span><\/li>\n<li class=\"a-spacing-mini\"><span class=\"a-list-item\">VESA: Kompatibel mit allen Ger\u00e4ten mit VESA-L\u00f6chern 300&#215;300, 300&#215;400, 400&#215;300, 400&#215;400, 600&#215;400. \u00dcberpr\u00fcfe hierzu den Abstand zwischen den 4 L\u00f6chern auf der R\u00fcckseite des Fernsehers (mm)<\/span><\/li>\n<li class=\"a-spacing-mini\"><span class=\"a-list-item\">EINFACHE MONTAGE: F\u00fcr eine problemlose Installation werden Fischer-D\u00fcbel, eine Wasserwaage, passende Schrauben f\u00fcr die meisten g\u00e4ngigen TV-Ger\u00e4te und sch\u00fctzende EVA-Durchf\u00fchrungsringe mitgeliefert<\/span><\/li>\n<li class=\"a-spacing-mini\"><span class=\"a-list-item\">SMART LOCK PRO: Erm\u00f6glicht es dir, die vertikale Neigung des Fernsehers anzupassen und sorgt f\u00fcr eine optimale Nivellierung des Fernsehers nach der Befestigung der Halterung, ganz ohne Schraubenzieher<\/span><\/li>\n<li class=\"a-spacing-mini\"><span class=\"a-list-item\">MELICONI QUALIT\u00c4T: Meliconi stellt seit jeher innovative und preiswerte Produkte her, die dir den Alltag erleichtern. Die Halterung wird in Italien hergestellt und ist T\u00dcV-zertifiziert<\/span><\/li>\n<\/ul>\n","protected":false},"featured_media":61472,"template":"","meta":{"_acf_changed":false},"product_brand":[],"product_cat":[1121],"product_tag":[],"class_list":{"0":"post-61471","1":"product","2":"type-product","3":"status-publish","4":"has-post-thumbnail","6":"product_cat-extra-de","7":"pa_movimento-supporto-double-rotation-de","9":"first","10":"instock","11":"sale","12":"taxable","13":"shipping-taxable","14":"purchasable","15":"product-type-simple"},"acf":[],"yoast_head":"<!-- This site is optimized with the Yoast SEO plugin v27.4 - https:\/\/yoast.com\/product\/yoast-seo-wordpress\/ -->\n<title>SPACESYSTEM DUALMOTION 600 - Meliconi<\/title>\n<meta name=\"description\" content=\"TV-Halterung mit doppelter Drehfunktion, einfach zu montieren. 50-85 Zoll, maximale Tragkraft 55 kg.\" \/>\n<meta name=\"robots\" content=\"index, follow, max-snippet:-1, max-image-preview:large, max-video-preview:-1\" \/>\n<link rel=\"canonical\" href=\"https:\/\/www.meliconi.com\/de\/produkt\/spacesystem-dualmotion-600\/\" \/>\n<meta property=\"og:locale\" content=\"de_DE\" \/>\n<meta property=\"og:type\" content=\"article\" \/>\n<meta property=\"og:title\" content=\"SPACESYSTEM DUALMOTION 600 - Meliconi\" \/>\n<meta property=\"og:description\" content=\"TV-Halterung mit doppelter Drehfunktion, einfach zu montieren. 50-85 Zoll, maximale Tragkraft 55 kg.\" \/>\n<meta property=\"og:url\" content=\"https:\/\/www.meliconi.com\/de\/produkt\/spacesystem-dualmotion-600\/\" \/>\n<meta property=\"og:site_name\" content=\"Meliconi\" \/>\n<meta property=\"article:modified_time\" content=\"2024-10-08T13:42:00+00:00\" \/>\n<meta property=\"og:image\" content=\"https:\/\/www.meliconi.com\/wp-content\/uploads\/2024\/01\/480875_EXTRA-600-SDRP-Plus-2023-ok-2-1024x724.png\" \/>\n\t<meta property=\"og:image:width\" content=\"1024\" \/>\n\t<meta property=\"og:image:height\" content=\"724\" \/>\n\t<meta property=\"og:image:type\" content=\"image\/png\" \/>\n<meta name=\"twitter:card\" content=\"summary_large_image\" \/>\n<meta name=\"twitter:label1\" content=\"Gesch\u00e4tzte Lesezeit\" \/>\n\t<meta name=\"twitter:data1\" content=\"2\u00a0Minuten\" \/>\n<script type=\"application\/ld+json\" class=\"yoast-schema-graph\">{\"@context\":\"https:\\\/\\\/schema.org\",\"@graph\":[{\"@type\":\"WebPage\",\"@id\":\"https:\\\/\\\/www.meliconi.com\\\/de\\\/produkt\\\/spacesystem-dualmotion-600\\\/\",\"url\":\"https:\\\/\\\/www.meliconi.com\\\/de\\\/produkt\\\/spacesystem-dualmotion-600\\\/\",\"name\":\"SPACESYSTEM DUALMOTION 600 - Meliconi\",\"isPartOf\":{\"@id\":\"https:\\\/\\\/www.meliconi.com\\\/de\\\/#website\"},\"primaryImageOfPage\":{\"@id\":\"https:\\\/\\\/www.meliconi.com\\\/de\\\/produkt\\\/spacesystem-dualmotion-600\\\/#primaryimage\"},\"image\":{\"@id\":\"https:\\\/\\\/www.meliconi.com\\\/de\\\/produkt\\\/spacesystem-dualmotion-600\\\/#primaryimage\"},\"thumbnailUrl\":\"https:\\\/\\\/www.meliconi.com\\\/wp-content\\\/uploads\\\/2024\\\/01\\\/480875_EXTRA-600-SDRP-Plus-2023-ok-2.png\",\"datePublished\":\"2024-10-04T14:47:51+00:00\",\"dateModified\":\"2024-10-08T13:42:00+00:00\",\"description\":\"TV-Halterung mit doppelter Drehfunktion, einfach zu montieren. 50-85 Zoll, maximale Tragkraft 55 kg.\",\"breadcrumb\":{\"@id\":\"https:\\\/\\\/www.meliconi.com\\\/de\\\/produkt\\\/spacesystem-dualmotion-600\\\/#breadcrumb\"},\"inLanguage\":\"de\",\"potentialAction\":[{\"@type\":\"ReadAction\",\"target\":[\"https:\\\/\\\/www.meliconi.com\\\/de\\\/produkt\\\/spacesystem-dualmotion-600\\\/\"]}]},{\"@type\":\"ImageObject\",\"inLanguage\":\"de\",\"@id\":\"https:\\\/\\\/www.meliconi.com\\\/de\\\/produkt\\\/spacesystem-dualmotion-600\\\/#primaryimage\",\"url\":\"https:\\\/\\\/www.meliconi.com\\\/wp-content\\\/uploads\\\/2024\\\/01\\\/480875_EXTRA-600-SDRP-Plus-2023-ok-2.png\",\"contentUrl\":\"https:\\\/\\\/www.meliconi.com\\\/wp-content\\\/uploads\\\/2024\\\/01\\\/480875_EXTRA-600-SDRP-Plus-2023-ok-2.png\",\"width\":5000,\"height\":3535},{\"@type\":\"BreadcrumbList\",\"@id\":\"https:\\\/\\\/www.meliconi.com\\\/de\\\/produkt\\\/spacesystem-dualmotion-600\\\/#breadcrumb\",\"itemListElement\":[{\"@type\":\"ListItem\",\"position\":1,\"name\":\"Home\",\"item\":\"https:\\\/\\\/www.meliconi.com\\\/de\\\/\"},{\"@type\":\"ListItem\",\"position\":2,\"name\":\"Shop\",\"item\":\"https:\\\/\\\/www.meliconi.com\\\/de\\\/shop-de\\\/\"},{\"@type\":\"ListItem\",\"position\":3,\"name\":\"SPACESYSTEM DUALMOTION 600\"}]},{\"@type\":\"WebSite\",\"@id\":\"https:\\\/\\\/www.meliconi.com\\\/de\\\/#website\",\"url\":\"https:\\\/\\\/www.meliconi.com\\\/de\\\/\",\"name\":\"Meliconi\",\"description\":\"Lo specialista dell&#039;accessorio\",\"publisher\":{\"@id\":\"https:\\\/\\\/www.meliconi.com\\\/de\\\/#organization\"},\"potentialAction\":[{\"@type\":\"SearchAction\",\"target\":{\"@type\":\"EntryPoint\",\"urlTemplate\":\"https:\\\/\\\/www.meliconi.com\\\/de\\\/?s={search_term_string}\"},\"query-input\":{\"@type\":\"PropertyValueSpecification\",\"valueRequired\":true,\"valueName\":\"search_term_string\"}}],\"inLanguage\":\"de\"},{\"@type\":\"Organization\",\"@id\":\"https:\\\/\\\/www.meliconi.com\\\/de\\\/#organization\",\"name\":\"Meliconi\",\"url\":\"https:\\\/\\\/www.meliconi.com\\\/de\\\/\",\"logo\":{\"@type\":\"ImageObject\",\"inLanguage\":\"de\",\"@id\":\"https:\\\/\\\/www.meliconi.com\\\/de\\\/#\\\/schema\\\/logo\\\/image\\\/\",\"url\":\"https:\\\/\\\/www.meliconi.com\\\/wp-content\\\/uploads\\\/2021\\\/06\\\/logo-meliconi.png\",\"contentUrl\":\"https:\\\/\\\/www.meliconi.com\\\/wp-content\\\/uploads\\\/2021\\\/06\\\/logo-meliconi.png\",\"width\":338,\"height\":102,\"caption\":\"Meliconi\"},\"image\":{\"@id\":\"https:\\\/\\\/www.meliconi.com\\\/de\\\/#\\\/schema\\\/logo\\\/image\\\/\"}}]}<\/script>\n<!-- \/ Yoast SEO plugin. -->","yoast_head_json":{"title":"SPACESYSTEM DUALMOTION 600 - Meliconi","description":"TV-Halterung mit doppelter Drehfunktion, einfach zu montieren. 50-85 Zoll, maximale Tragkraft 55 kg.","robots":{"index":"index","follow":"follow","max-snippet":"max-snippet:-1","max-image-preview":"max-image-preview:large","max-video-preview":"max-video-preview:-1"},"canonical":"https:\/\/www.meliconi.com\/de\/produkt\/spacesystem-dualmotion-600\/","og_locale":"de_DE","og_type":"article","og_title":"SPACESYSTEM DUALMOTION 600 - Meliconi","og_description":"TV-Halterung mit doppelter Drehfunktion, einfach zu montieren. 50-85 Zoll, maximale Tragkraft 55 kg.","og_url":"https:\/\/www.meliconi.com\/de\/produkt\/spacesystem-dualmotion-600\/","og_site_name":"Meliconi","article_modified_time":"2024-10-08T13:42:00+00:00","og_image":[{"width":1024,"height":724,"url":"https:\/\/www.meliconi.com\/wp-content\/uploads\/2024\/01\/480875_EXTRA-600-SDRP-Plus-2023-ok-2-1024x724.png","type":"image\/png"}],"twitter_card":"summary_large_image","twitter_misc":{"Gesch\u00e4tzte Lesezeit":"2\u00a0Minuten"},"schema":{"@context":"https:\/\/schema.org","@graph":[{"@type":"WebPage","@id":"https:\/\/www.meliconi.com\/de\/produkt\/spacesystem-dualmotion-600\/","url":"https:\/\/www.meliconi.com\/de\/produkt\/spacesystem-dualmotion-600\/","name":"SPACESYSTEM DUALMOTION 600 - Meliconi","isPartOf":{"@id":"https:\/\/www.meliconi.com\/de\/#website"},"primaryImageOfPage":{"@id":"https:\/\/www.meliconi.com\/de\/produkt\/spacesystem-dualmotion-600\/#primaryimage"},"image":{"@id":"https:\/\/www.meliconi.com\/de\/produkt\/spacesystem-dualmotion-600\/#primaryimage"},"thumbnailUrl":"https:\/\/www.meliconi.com\/wp-content\/uploads\/2024\/01\/480875_EXTRA-600-SDRP-Plus-2023-ok-2.png","datePublished":"2024-10-04T14:47:51+00:00","dateModified":"2024-10-08T13:42:00+00:00","description":"TV-Halterung mit doppelter Drehfunktion, einfach zu montieren. 50-85 Zoll, maximale Tragkraft 55 kg.","breadcrumb":{"@id":"https:\/\/www.meliconi.com\/de\/produkt\/spacesystem-dualmotion-600\/#breadcrumb"},"inLanguage":"de","potentialAction":[{"@type":"ReadAction","target":["https:\/\/www.meliconi.com\/de\/produkt\/spacesystem-dualmotion-600\/"]}]},{"@type":"ImageObject","inLanguage":"de","@id":"https:\/\/www.meliconi.com\/de\/produkt\/spacesystem-dualmotion-600\/#primaryimage","url":"https:\/\/www.meliconi.com\/wp-content\/uploads\/2024\/01\/480875_EXTRA-600-SDRP-Plus-2023-ok-2.png","contentUrl":"https:\/\/www.meliconi.com\/wp-content\/uploads\/2024\/01\/480875_EXTRA-600-SDRP-Plus-2023-ok-2.png","width":5000,"height":3535},{"@type":"BreadcrumbList","@id":"https:\/\/www.meliconi.com\/de\/produkt\/spacesystem-dualmotion-600\/#breadcrumb","itemListElement":[{"@type":"ListItem","position":1,"name":"Home","item":"https:\/\/www.meliconi.com\/de\/"},{"@type":"ListItem","position":2,"name":"Shop","item":"https:\/\/www.meliconi.com\/de\/shop-de\/"},{"@type":"ListItem","position":3,"name":"SPACESYSTEM DUALMOTION 600"}]},{"@type":"WebSite","@id":"https:\/\/www.meliconi.com\/de\/#website","url":"https:\/\/www.meliconi.com\/de\/","name":"Meliconi","description":"Lo specialista dell&#039;accessorio","publisher":{"@id":"https:\/\/www.meliconi.com\/de\/#organization"},"potentialAction":[{"@type":"SearchAction","target":{"@type":"EntryPoint","urlTemplate":"https:\/\/www.meliconi.com\/de\/?s={search_term_string}"},"query-input":{"@type":"PropertyValueSpecification","valueRequired":true,"valueName":"search_term_string"}}],"inLanguage":"de"},{"@type":"Organization","@id":"https:\/\/www.meliconi.com\/de\/#organization","name":"Meliconi","url":"https:\/\/www.meliconi.com\/de\/","logo":{"@type":"ImageObject","inLanguage":"de","@id":"https:\/\/www.meliconi.com\/de\/#\/schema\/logo\/image\/","url":"https:\/\/www.meliconi.com\/wp-content\/uploads\/2021\/06\/logo-meliconi.png","contentUrl":"https:\/\/www.meliconi.com\/wp-content\/uploads\/2021\/06\/logo-meliconi.png","width":338,"height":102,"caption":"Meliconi"},"image":{"@id":"https:\/\/www.meliconi.com\/de\/#\/schema\/logo\/image\/"}}]}},"_links":{"self":[{"href":"https:\/\/www.meliconi.com\/de\/wp-json\/wp\/v2\/product\/61471","targetHints":{"allow":["GET"]}}],"collection":[{"href":"https:\/\/www.meliconi.com\/de\/wp-json\/wp\/v2\/product"}],"about":[{"href":"https:\/\/www.meliconi.com\/de\/wp-json\/wp\/v2\/types\/product"}],"wp:featuredmedia":[{"embeddable":true,"href":"https:\/\/www.meliconi.com\/de\/wp-json\/wp\/v2\/media\/61472"}],"wp:attachment":[{"href":"https:\/\/www.meliconi.com\/de\/wp-json\/wp\/v2\/media?parent=61471"}],"wp:term":[{"taxonomy":"product_brand","embeddable":true,"href":"https:\/\/www.meliconi.com\/de\/wp-json\/wp\/v2\/product_brand?post=61471"},{"taxonomy":"product_cat","embeddable":true,"href":"https:\/\/www.meliconi.com\/de\/wp-json\/wp\/v2\/product_cat?post=61471"},{"taxonomy":"product_tag","embeddable":true,"href":"https:\/\/www.meliconi.com\/de\/wp-json\/wp\/v2\/product_tag?post=61471"}],"curies":[{"name":"wp","href":"https:\/\/api.w.org\/{rel}","templated":true}]}}