{"id":61453,"date":"2024-10-03T16:45:02","date_gmt":"2024-10-03T14:45:02","guid":{"rendered":"https:\/\/www.meliconi.com\/?post_type=product&#038;p=61453"},"modified":"2024-10-08T15:31:07","modified_gmt":"2024-10-08T13:31:07","slug":"spacesystem-turn-200","status":"publish","type":"product","link":"https:\/\/www.meliconi.com\/de\/produkt\/spacesystem-turn-200\/","title":{"rendered":"SPACESYSTEM TURN 200"},"content":{"rendered":"<div class=\"flex flex-grow flex-col max-w-full\">\n<div class=\"min-h-[20px] text-message flex flex-col items-start whitespace-pre-wrap break-words [.text-message+&amp;]:mt-5 juice:w-full juice:items-end overflow-x-auto gap-2\" dir=\"auto\" data-message-author-role=\"assistant\" data-message-id=\"d84c20c6-45fb-40ed-b6cf-21dbf92f01ac\">\n<div class=\"flex w-full flex-col gap-1 juice:empty:hidden juice:first:pt-[3px]\">\n<div class=\"markdown prose w-full break-words dark:prose-invert light\">\n<p>SPACESYSTEM ist die neue ultrad\u00fcnne Wandhalterungslinie f\u00fcr Fernseher von Meliconi S.p.A., die perfekte Kombination aus fortschrittlicher Technologie, modernsten Materialien und attraktivem Design. Der zus\u00e4tzliche Schutz\u00fcberzug aus Gummi auf allen Halterungen sch\u00fctzt Ihren Fernseher \u00fcber die Zeit, ohne dabei auf eine \u00e4u\u00dferst geringe Tiefe (bis zu einem Minimum von 5,5 cm von der Wand) und totale Sicherheit zu verzichten. Alle SPACESYSTEM-Halterungen sind 100 % Made in Italy, T\u00dcV-zertifiziert und haben 10 Jahre Garantie.<br \/>\n200 ST ist eine feste TV-Wandhalterung mit VESA-Befestigungsl\u00f6chern 50-75-100-200 mm, die das vertikale Neigen des Bildschirms erm\u00f6glicht und f\u00fcr mittelgro\u00dfe Fernseher (14&#8243; &#8211; 45&#8243;) geeignet ist.<br \/>\nDas neue FAST BLOCK-Verriegelungssystem macht die Montage einfach, sicher und schnell. Installieren Sie den Fernseher in wenigen Schritten: Schrauben Sie die Halterungen auf die R\u00fcckseite des Fernsehers, haken Sie sie an der Platte ein, und beim &#8222;Klick&#8220; sitzt der Fernseher korrekt! Fast Block erm\u00f6glicht die Installation auch durch nur eine Person.<br \/>\nDieses Produkt ist ideal f\u00fcr diejenigen, die eine neig- und schwenkbare TV-Wandhalterung suchen. Die L\u00f6sungen von Meliconi bieten fortschrittliche Funktionen f\u00fcr ein optimales Seherlebnis. Die SPACESYSTEM-Linie und das Modell TURN200 sind perfekt f\u00fcr diejenigen, die eine schwenkbare und zuverl\u00e4ssige TV-Wandhalterung suchen, die stets maximale Sicherheit und Benutzerfreundlichkeit gew\u00e4hrleistet.<\/p>\n<\/div>\n<\/div>\n<\/div>\n<\/div>\n<div class=\"mt-1 flex gap-3 empty:hidden juice:-ml-3\">\n<div class=\"items-center justify-start rounded-xl p-1 flex\">\n<div class=\"flex items-center\"><\/div>\n<\/div>\n<\/div>\n","protected":false},"excerpt":{"rendered":"<ul class=\"a-unordered-list a-vertical a-spacing-mini\">\n<li class=\"a-spacing-mini\"><span class=\"a-list-item\">TV HALTERUNG: Die schwenkbare TV Halterung ist vielseitig einsetzbar und kompatibel mit VESA 50-75-100-200 TVs von 14&#8243; bis 40&#8243;<\/span><\/li>\n<li class=\"a-spacing-mini\"><span class=\"a-list-item\">GROSSE TRAGKRAFT: Die maximale Tragkraft dieser TV-Wandhalterung betr\u00e4gt 30 kg und sorgt f\u00fcr Sicherheit und Stabilit\u00e4t<\/span><\/li>\n<li class=\"a-spacing-mini\"><span class=\"a-list-item\">VERTIKALE UND HORIZONTALE ROTATION: Die Halterung erm\u00f6glicht eine vertikale Drehung von -5\u00b0\/+20\u00b0 und eine horizontale Drehung von \u00b120\u00b0<\/span><\/li>\n<li class=\"a-spacing-mini\"><span class=\"a-list-item\">STAFFA TV F\u00dcR ALLE BED\u00dcRFNISSE: Egal, ob Sie eine TV Wandhalterung 55 Zoll, TV Wandhalterung 32 Zoll oder TV Wandhalterung 43 Zoll ben\u00f6tigen, diese Halterung ist die ideale L\u00f6sung<\/span><\/li>\n<li class=\"a-spacing-mini\"><span class=\"a-list-item\">QUALIT\u00c4T MELICONI: Seit seiner Gr\u00fcndung bringt Meliconi originelle und f\u00fcr jeden zug\u00e4ngliche Ideen auf den Markt, um den Alltag zu vereinfachen; dieser Meliconi TV-Arm ist zu 100% Made in Italy<\/span><\/li>\n<\/ul>\n","protected":false},"featured_media":58821,"template":"","meta":{"_acf_changed":false},"product_brand":[],"product_cat":[567],"product_tag":[1122,1289,1124,1125,1126,1127,1632,1291,1268,1269,1276,1277,1133,1139,1270,1278,1156,1633,1634,1273,1279,1274],"class_list":{"0":"post-61453","1":"product","2":"type-product","3":"status-publish","4":"has-post-thumbnail","6":"product_cat-slimstyle-plus-de","7":"product_tag-braccio-tv-de","8":"product_tag-braccio-tv-45-pollici-de","9":"product_tag-porta-tv-de","10":"product_tag-porta-tv-da-parete-de","11":"product_tag-sostegno-tv-de","12":"product_tag-staffa-tv-de","13":"product_tag-staffa-tv-26-pollici-de","14":"product_tag-staffa-tv-45-pollici-de","15":"product_tag-staffa-tv-con-braccio-regolabile-de","16":"product_tag-staffa-tv-full-motion-de","17":"product_tag-staffa-tv-inclinabile-de","18":"product_tag-staffa-tv-parete-full-motion-de","19":"product_tag-staffe-per-tv-de","20":"product_tag-supporto-tv-de","21":"product_tag-supporto-tv-a-muro-girevole-de","22":"product_tag-supporto-tv-meliconi-inclinabile-e-girevole-de","23":"product_tag-supporto-tv-parete-de","24":"product_tag-supporto-tv-parete-26-pollici-de","25":"product_tag-supporto-tv-parete-45-de","26":"product_tag-supporto-tv-parete-inclinabile-e-girevole-de","27":"product_tag-supporto-tv-parete-ruotabile-de","28":"product_tag-supporto-tv-universale-ruotabile-e-inclinabile-de","29":"pa_movimento-supporto-tilted-de","31":"first","32":"instock","33":"taxable","34":"shipping-taxable","35":"purchasable","36":"product-type-simple"},"acf":[],"yoast_head":"<!-- This site is optimized with the Yoast SEO plugin v27.4 - https:\/\/yoast.com\/product\/yoast-seo-wordpress\/ -->\n<title>SPACESYSTEM TURN 200 - Meliconi - Neigbare TV-Wandhalterung<\/title>\n<meta name=\"description\" content=\"Schwarze, neigbare Slim-TV-Wandhalterung f\u00fcr Fernseher von 26 bis 45 Zoll, einfach zu montieren und sicher. Geeignet f\u00fcr VESA 50-75-100-200 Fernseher\" \/>\n<meta name=\"robots\" content=\"index, follow, max-snippet:-1, max-image-preview:large, max-video-preview:-1\" \/>\n<link rel=\"canonical\" href=\"https:\/\/www.meliconi.com\/de\/produkt\/spacesystem-turn-200\/\" \/>\n<meta property=\"og:locale\" content=\"de_DE\" \/>\n<meta property=\"og:type\" content=\"article\" \/>\n<meta property=\"og:title\" content=\"SPACESYSTEM TURN 200 - Meliconi - Neigbare TV-Wandhalterung\" \/>\n<meta property=\"og:description\" content=\"Schwarze, neigbare Slim-TV-Wandhalterung f\u00fcr Fernseher von 26 bis 45 Zoll, einfach zu montieren und sicher. Geeignet f\u00fcr VESA 50-75-100-200 Fernseher\" \/>\n<meta property=\"og:url\" content=\"https:\/\/www.meliconi.com\/de\/produkt\/spacesystem-turn-200\/\" \/>\n<meta property=\"og:site_name\" content=\"Meliconi\" \/>\n<meta property=\"article:modified_time\" content=\"2024-10-08T13:31:07+00:00\" \/>\n<meta property=\"og:image\" content=\"https:\/\/www.meliconi.com\/wp-content\/uploads\/2024\/01\/480987_200T_New-687x1024.png\" \/>\n\t<meta property=\"og:image:width\" content=\"687\" \/>\n\t<meta property=\"og:image:height\" content=\"1024\" \/>\n\t<meta property=\"og:image:type\" content=\"image\/png\" \/>\n<meta name=\"twitter:card\" content=\"summary_large_image\" \/>\n<meta name=\"twitter:label1\" content=\"Gesch\u00e4tzte Lesezeit\" \/>\n\t<meta name=\"twitter:data1\" content=\"2\u00a0Minuten\" \/>\n<script type=\"application\/ld+json\" class=\"yoast-schema-graph\">{\"@context\":\"https:\\\/\\\/schema.org\",\"@graph\":[{\"@type\":\"WebPage\",\"@id\":\"https:\\\/\\\/www.meliconi.com\\\/de\\\/produkt\\\/spacesystem-turn-200\\\/\",\"url\":\"https:\\\/\\\/www.meliconi.com\\\/de\\\/produkt\\\/spacesystem-turn-200\\\/\",\"name\":\"SPACESYSTEM TURN 200 - Meliconi - Neigbare TV-Wandhalterung\",\"isPartOf\":{\"@id\":\"https:\\\/\\\/www.meliconi.com\\\/de\\\/#website\"},\"primaryImageOfPage\":{\"@id\":\"https:\\\/\\\/www.meliconi.com\\\/de\\\/produkt\\\/spacesystem-turn-200\\\/#primaryimage\"},\"image\":{\"@id\":\"https:\\\/\\\/www.meliconi.com\\\/de\\\/produkt\\\/spacesystem-turn-200\\\/#primaryimage\"},\"thumbnailUrl\":\"https:\\\/\\\/www.meliconi.com\\\/wp-content\\\/uploads\\\/2024\\\/01\\\/480987_200T_New.png\",\"datePublished\":\"2024-10-03T14:45:02+00:00\",\"dateModified\":\"2024-10-08T13:31:07+00:00\",\"description\":\"Schwarze, neigbare Slim-TV-Wandhalterung f\u00fcr Fernseher von 26 bis 45 Zoll, einfach zu montieren und sicher. Geeignet f\u00fcr VESA 50-75-100-200 Fernseher\",\"breadcrumb\":{\"@id\":\"https:\\\/\\\/www.meliconi.com\\\/de\\\/produkt\\\/spacesystem-turn-200\\\/#breadcrumb\"},\"inLanguage\":\"de\",\"potentialAction\":[{\"@type\":\"ReadAction\",\"target\":[\"https:\\\/\\\/www.meliconi.com\\\/de\\\/produkt\\\/spacesystem-turn-200\\\/\"]}]},{\"@type\":\"ImageObject\",\"inLanguage\":\"de\",\"@id\":\"https:\\\/\\\/www.meliconi.com\\\/de\\\/produkt\\\/spacesystem-turn-200\\\/#primaryimage\",\"url\":\"https:\\\/\\\/www.meliconi.com\\\/wp-content\\\/uploads\\\/2024\\\/01\\\/480987_200T_New.png\",\"contentUrl\":\"https:\\\/\\\/www.meliconi.com\\\/wp-content\\\/uploads\\\/2024\\\/01\\\/480987_200T_New.png\",\"width\":2371,\"height\":3533},{\"@type\":\"BreadcrumbList\",\"@id\":\"https:\\\/\\\/www.meliconi.com\\\/de\\\/produkt\\\/spacesystem-turn-200\\\/#breadcrumb\",\"itemListElement\":[{\"@type\":\"ListItem\",\"position\":1,\"name\":\"Home\",\"item\":\"https:\\\/\\\/www.meliconi.com\\\/de\\\/\"},{\"@type\":\"ListItem\",\"position\":2,\"name\":\"Shop\",\"item\":\"https:\\\/\\\/www.meliconi.com\\\/de\\\/shop-de\\\/\"},{\"@type\":\"ListItem\",\"position\":3,\"name\":\"SPACESYSTEM TURN 200\"}]},{\"@type\":\"WebSite\",\"@id\":\"https:\\\/\\\/www.meliconi.com\\\/de\\\/#website\",\"url\":\"https:\\\/\\\/www.meliconi.com\\\/de\\\/\",\"name\":\"Meliconi\",\"description\":\"Lo specialista dell&#039;accessorio\",\"publisher\":{\"@id\":\"https:\\\/\\\/www.meliconi.com\\\/de\\\/#organization\"},\"potentialAction\":[{\"@type\":\"SearchAction\",\"target\":{\"@type\":\"EntryPoint\",\"urlTemplate\":\"https:\\\/\\\/www.meliconi.com\\\/de\\\/?s={search_term_string}\"},\"query-input\":{\"@type\":\"PropertyValueSpecification\",\"valueRequired\":true,\"valueName\":\"search_term_string\"}}],\"inLanguage\":\"de\"},{\"@type\":\"Organization\",\"@id\":\"https:\\\/\\\/www.meliconi.com\\\/de\\\/#organization\",\"name\":\"Meliconi\",\"url\":\"https:\\\/\\\/www.meliconi.com\\\/de\\\/\",\"logo\":{\"@type\":\"ImageObject\",\"inLanguage\":\"de\",\"@id\":\"https:\\\/\\\/www.meliconi.com\\\/de\\\/#\\\/schema\\\/logo\\\/image\\\/\",\"url\":\"https:\\\/\\\/www.meliconi.com\\\/wp-content\\\/uploads\\\/2021\\\/06\\\/logo-meliconi.png\",\"contentUrl\":\"https:\\\/\\\/www.meliconi.com\\\/wp-content\\\/uploads\\\/2021\\\/06\\\/logo-meliconi.png\",\"width\":338,\"height\":102,\"caption\":\"Meliconi\"},\"image\":{\"@id\":\"https:\\\/\\\/www.meliconi.com\\\/de\\\/#\\\/schema\\\/logo\\\/image\\\/\"}}]}<\/script>\n<!-- \/ Yoast SEO plugin. -->","yoast_head_json":{"title":"SPACESYSTEM TURN 200 - Meliconi - Neigbare TV-Wandhalterung","description":"Schwarze, neigbare Slim-TV-Wandhalterung f\u00fcr Fernseher von 26 bis 45 Zoll, einfach zu montieren und sicher. Geeignet f\u00fcr VESA 50-75-100-200 Fernseher","robots":{"index":"index","follow":"follow","max-snippet":"max-snippet:-1","max-image-preview":"max-image-preview:large","max-video-preview":"max-video-preview:-1"},"canonical":"https:\/\/www.meliconi.com\/de\/produkt\/spacesystem-turn-200\/","og_locale":"de_DE","og_type":"article","og_title":"SPACESYSTEM TURN 200 - Meliconi - Neigbare TV-Wandhalterung","og_description":"Schwarze, neigbare Slim-TV-Wandhalterung f\u00fcr Fernseher von 26 bis 45 Zoll, einfach zu montieren und sicher. Geeignet f\u00fcr VESA 50-75-100-200 Fernseher","og_url":"https:\/\/www.meliconi.com\/de\/produkt\/spacesystem-turn-200\/","og_site_name":"Meliconi","article_modified_time":"2024-10-08T13:31:07+00:00","og_image":[{"width":687,"height":1024,"url":"https:\/\/www.meliconi.com\/wp-content\/uploads\/2024\/01\/480987_200T_New-687x1024.png","type":"image\/png"}],"twitter_card":"summary_large_image","twitter_misc":{"Gesch\u00e4tzte Lesezeit":"2\u00a0Minuten"},"schema":{"@context":"https:\/\/schema.org","@graph":[{"@type":"WebPage","@id":"https:\/\/www.meliconi.com\/de\/produkt\/spacesystem-turn-200\/","url":"https:\/\/www.meliconi.com\/de\/produkt\/spacesystem-turn-200\/","name":"SPACESYSTEM TURN 200 - Meliconi - Neigbare TV-Wandhalterung","isPartOf":{"@id":"https:\/\/www.meliconi.com\/de\/#website"},"primaryImageOfPage":{"@id":"https:\/\/www.meliconi.com\/de\/produkt\/spacesystem-turn-200\/#primaryimage"},"image":{"@id":"https:\/\/www.meliconi.com\/de\/produkt\/spacesystem-turn-200\/#primaryimage"},"thumbnailUrl":"https:\/\/www.meliconi.com\/wp-content\/uploads\/2024\/01\/480987_200T_New.png","datePublished":"2024-10-03T14:45:02+00:00","dateModified":"2024-10-08T13:31:07+00:00","description":"Schwarze, neigbare Slim-TV-Wandhalterung f\u00fcr Fernseher von 26 bis 45 Zoll, einfach zu montieren und sicher. Geeignet f\u00fcr VESA 50-75-100-200 Fernseher","breadcrumb":{"@id":"https:\/\/www.meliconi.com\/de\/produkt\/spacesystem-turn-200\/#breadcrumb"},"inLanguage":"de","potentialAction":[{"@type":"ReadAction","target":["https:\/\/www.meliconi.com\/de\/produkt\/spacesystem-turn-200\/"]}]},{"@type":"ImageObject","inLanguage":"de","@id":"https:\/\/www.meliconi.com\/de\/produkt\/spacesystem-turn-200\/#primaryimage","url":"https:\/\/www.meliconi.com\/wp-content\/uploads\/2024\/01\/480987_200T_New.png","contentUrl":"https:\/\/www.meliconi.com\/wp-content\/uploads\/2024\/01\/480987_200T_New.png","width":2371,"height":3533},{"@type":"BreadcrumbList","@id":"https:\/\/www.meliconi.com\/de\/produkt\/spacesystem-turn-200\/#breadcrumb","itemListElement":[{"@type":"ListItem","position":1,"name":"Home","item":"https:\/\/www.meliconi.com\/de\/"},{"@type":"ListItem","position":2,"name":"Shop","item":"https:\/\/www.meliconi.com\/de\/shop-de\/"},{"@type":"ListItem","position":3,"name":"SPACESYSTEM TURN 200"}]},{"@type":"WebSite","@id":"https:\/\/www.meliconi.com\/de\/#website","url":"https:\/\/www.meliconi.com\/de\/","name":"Meliconi","description":"Lo specialista dell&#039;accessorio","publisher":{"@id":"https:\/\/www.meliconi.com\/de\/#organization"},"potentialAction":[{"@type":"SearchAction","target":{"@type":"EntryPoint","urlTemplate":"https:\/\/www.meliconi.com\/de\/?s={search_term_string}"},"query-input":{"@type":"PropertyValueSpecification","valueRequired":true,"valueName":"search_term_string"}}],"inLanguage":"de"},{"@type":"Organization","@id":"https:\/\/www.meliconi.com\/de\/#organization","name":"Meliconi","url":"https:\/\/www.meliconi.com\/de\/","logo":{"@type":"ImageObject","inLanguage":"de","@id":"https:\/\/www.meliconi.com\/de\/#\/schema\/logo\/image\/","url":"https:\/\/www.meliconi.com\/wp-content\/uploads\/2021\/06\/logo-meliconi.png","contentUrl":"https:\/\/www.meliconi.com\/wp-content\/uploads\/2021\/06\/logo-meliconi.png","width":338,"height":102,"caption":"Meliconi"},"image":{"@id":"https:\/\/www.meliconi.com\/de\/#\/schema\/logo\/image\/"}}]}},"_links":{"self":[{"href":"https:\/\/www.meliconi.com\/de\/wp-json\/wp\/v2\/product\/61453","targetHints":{"allow":["GET"]}}],"collection":[{"href":"https:\/\/www.meliconi.com\/de\/wp-json\/wp\/v2\/product"}],"about":[{"href":"https:\/\/www.meliconi.com\/de\/wp-json\/wp\/v2\/types\/product"}],"wp:featuredmedia":[{"embeddable":true,"href":"https:\/\/www.meliconi.com\/de\/wp-json\/wp\/v2\/media\/58821"}],"wp:attachment":[{"href":"https:\/\/www.meliconi.com\/de\/wp-json\/wp\/v2\/media?parent=61453"}],"wp:term":[{"taxonomy":"product_brand","embeddable":true,"href":"https:\/\/www.meliconi.com\/de\/wp-json\/wp\/v2\/product_brand?post=61453"},{"taxonomy":"product_cat","embeddable":true,"href":"https:\/\/www.meliconi.com\/de\/wp-json\/wp\/v2\/product_cat?post=61453"},{"taxonomy":"product_tag","embeddable":true,"href":"https:\/\/www.meliconi.com\/de\/wp-json\/wp\/v2\/product_tag?post=61453"}],"curies":[{"name":"wp","href":"https:\/\/api.w.org\/{rel}","templated":true}]}}