{"id":61446,"date":"2024-10-03T16:37:56","date_gmt":"2024-10-03T14:37:56","guid":{"rendered":"https:\/\/www.meliconi.com\/?post_type=product&#038;p=61446"},"modified":"2024-10-08T15:36:43","modified_gmt":"2024-10-08T13:36:43","slug":"space-system-fullmotion-400","status":"publish","type":"product","link":"https:\/\/www.meliconi.com\/de\/produkt\/space-system-fullmotion-400\/","title":{"rendered":"Meliconi SPACE SYSTEM FULLMOTION 400"},"content":{"rendered":"<p>SPACE SYSTEM\u00a0ist die neue ultraschlanke TV-Halterungsserie von Meliconi S.p.A., die eine perfekte Kombination aus fortschrittlicher Technologie, modernsten Materialien und ansprechendem Design bietet. Ein zus\u00e4tzlicher Gummischutz an allen TV-Halterungen sch\u00fctzt Ihren Fernseher langfristig, ohne dabei auf eine minimale Tiefe (bis zu nur 2 cm von der Wand) und absolute Sicherheit zu verzichten. Alle SLIMSTYLE PLUS-Halterungen sind 100% Made in Italy, TUV-zertifiziert und haben eine Garantie von 10 Jahren.<\/p>\n<p>Das Modell 400 SDR ist eine TV-Halterung mit zwei Gelenken f\u00fcr Fernseher mit VESA-Bohrungen 200-300-400 mm und eignet sich f\u00fcr Gro\u00dfbildfernseher (40&#8243;-82&#8243;). Die EASY TILT PRO-Funktion erm\u00f6glicht nicht nur eine freie vertikale Neigung des Fernsehers, sondern sorgt auch f\u00fcr die exakte Ausrichtung des Fernsehers, selbst nachdem die Halterung an der Wand befestigt wurde, ohne den Einsatz eines Schraubendrehers.<\/p>\n<p>Das neue FAST BLOCK-Verriegelungssystem macht die Montage einfach, sicher und schnell. Installieren Sie den Fernseher in wenigen Schritten: Schrauben Sie die Halterungen an die R\u00fcckseite des Fernsehers, h\u00e4ngen Sie ihn an die Wandplatte, und beim &#8222;Klick&#8220; sitzt der Fernseher richtig! FAST BLOCK erm\u00f6glicht die Installation sogar von einer einzelnen Person.<\/p>\n<p>EASY FIX Up&amp;Down ist das einzige vollst\u00e4ndige System zur Nachjustierung des Fernsehers nach der Montage. Dank dieser Technologie erm\u00f6glichen die Meliconi-Halterungen eine horizontale und vertikale Justierung nach der Montage, sodass Installationsfehler korrigiert werden k\u00f6nnen, ohne die Halterung abzunehmen oder die Wand neu zu bohren. W\u00e4hlen Sie die TV-Halterung von Meliconi f\u00fcr eine praktische und elegante L\u00f6sung.<\/p>\n","protected":false},"excerpt":{"rendered":"<p>TV-Halterung mit Doppelrotation<\/p>\n","protected":false},"featured_media":60593,"template":"","meta":{"_acf_changed":false},"product_brand":[],"product_cat":[567],"product_tag":[],"class_list":{"0":"post-61446","1":"product","2":"type-product","3":"status-publish","4":"has-post-thumbnail","6":"product_cat-slimstyle-plus-de","7":"pa_movimento-supporto-double-rotation-de","9":"first","10":"instock","11":"taxable","12":"shipping-taxable","13":"purchasable","14":"product-type-simple"},"acf":[],"yoast_head":"<!-- This site is optimized with the Yoast SEO plugin v27.4 - https:\/\/yoast.com\/product\/yoast-seo-wordpress\/ -->\n<title>Meliconi SPACE SYSTEM FULLMOTION 400 - Meliconi<\/title>\n<meta name=\"description\" content=\"Meliconi TV-Halterung, einfach zu montieren. F\u00fcr VESA 200-300-400, 40-82 Zoll, maximale Tragkraft 30 kg. Verriegelungs- und Nachjustierungssystem.\" \/>\n<meta name=\"robots\" content=\"index, follow, max-snippet:-1, max-image-preview:large, max-video-preview:-1\" \/>\n<link rel=\"canonical\" href=\"https:\/\/www.meliconi.com\/de\/produkt\/space-system-fullmotion-400\/\" \/>\n<meta property=\"og:locale\" content=\"de_DE\" \/>\n<meta property=\"og:type\" content=\"article\" \/>\n<meta property=\"og:title\" content=\"Meliconi SPACE SYSTEM FULLMOTION 400 - Meliconi\" \/>\n<meta property=\"og:description\" content=\"Meliconi TV-Halterung, einfach zu montieren. F\u00fcr VESA 200-300-400, 40-82 Zoll, maximale Tragkraft 30 kg. Verriegelungs- und Nachjustierungssystem.\" \/>\n<meta property=\"og:url\" content=\"https:\/\/www.meliconi.com\/de\/produkt\/space-system-fullmotion-400\/\" \/>\n<meta property=\"og:site_name\" content=\"Meliconi\" \/>\n<meta property=\"article:modified_time\" content=\"2024-10-08T13:36:43+00:00\" \/>\n<meta property=\"og:image\" content=\"https:\/\/www.meliconi.com\/wp-content\/uploads\/2024\/01\/480994_SLIM-STYLE-Plus-400-SDR-2023-k-1-1-1-1024x724.png\" \/>\n\t<meta property=\"og:image:width\" content=\"1024\" \/>\n\t<meta property=\"og:image:height\" content=\"724\" \/>\n\t<meta property=\"og:image:type\" content=\"image\/png\" \/>\n<meta name=\"twitter:card\" content=\"summary_large_image\" \/>\n<meta name=\"twitter:label1\" content=\"Gesch\u00e4tzte Lesezeit\" \/>\n\t<meta name=\"twitter:data1\" content=\"2\u00a0Minuten\" \/>\n<script type=\"application\/ld+json\" class=\"yoast-schema-graph\">{\"@context\":\"https:\\\/\\\/schema.org\",\"@graph\":[{\"@type\":\"WebPage\",\"@id\":\"https:\\\/\\\/www.meliconi.com\\\/de\\\/produkt\\\/space-system-fullmotion-400\\\/\",\"url\":\"https:\\\/\\\/www.meliconi.com\\\/de\\\/produkt\\\/space-system-fullmotion-400\\\/\",\"name\":\"Meliconi SPACE SYSTEM FULLMOTION 400 - Meliconi\",\"isPartOf\":{\"@id\":\"https:\\\/\\\/www.meliconi.com\\\/de\\\/#website\"},\"primaryImageOfPage\":{\"@id\":\"https:\\\/\\\/www.meliconi.com\\\/de\\\/produkt\\\/space-system-fullmotion-400\\\/#primaryimage\"},\"image\":{\"@id\":\"https:\\\/\\\/www.meliconi.com\\\/de\\\/produkt\\\/space-system-fullmotion-400\\\/#primaryimage\"},\"thumbnailUrl\":\"https:\\\/\\\/www.meliconi.com\\\/wp-content\\\/uploads\\\/2024\\\/01\\\/480994_SLIM-STYLE-Plus-400-SDR-2023-k-1-1-1.png\",\"datePublished\":\"2024-10-03T14:37:56+00:00\",\"dateModified\":\"2024-10-08T13:36:43+00:00\",\"description\":\"Meliconi TV-Halterung, einfach zu montieren. F\u00fcr VESA 200-300-400, 40-82 Zoll, maximale Tragkraft 30 kg. Verriegelungs- und Nachjustierungssystem.\",\"breadcrumb\":{\"@id\":\"https:\\\/\\\/www.meliconi.com\\\/de\\\/produkt\\\/space-system-fullmotion-400\\\/#breadcrumb\"},\"inLanguage\":\"de\",\"potentialAction\":[{\"@type\":\"ReadAction\",\"target\":[\"https:\\\/\\\/www.meliconi.com\\\/de\\\/produkt\\\/space-system-fullmotion-400\\\/\"]}]},{\"@type\":\"ImageObject\",\"inLanguage\":\"de\",\"@id\":\"https:\\\/\\\/www.meliconi.com\\\/de\\\/produkt\\\/space-system-fullmotion-400\\\/#primaryimage\",\"url\":\"https:\\\/\\\/www.meliconi.com\\\/wp-content\\\/uploads\\\/2024\\\/01\\\/480994_SLIM-STYLE-Plus-400-SDR-2023-k-1-1-1.png\",\"contentUrl\":\"https:\\\/\\\/www.meliconi.com\\\/wp-content\\\/uploads\\\/2024\\\/01\\\/480994_SLIM-STYLE-Plus-400-SDR-2023-k-1-1-1.png\",\"width\":5000,\"height\":3535},{\"@type\":\"BreadcrumbList\",\"@id\":\"https:\\\/\\\/www.meliconi.com\\\/de\\\/produkt\\\/space-system-fullmotion-400\\\/#breadcrumb\",\"itemListElement\":[{\"@type\":\"ListItem\",\"position\":1,\"name\":\"Home\",\"item\":\"https:\\\/\\\/www.meliconi.com\\\/de\\\/\"},{\"@type\":\"ListItem\",\"position\":2,\"name\":\"Shop\",\"item\":\"https:\\\/\\\/www.meliconi.com\\\/de\\\/shop-de\\\/\"},{\"@type\":\"ListItem\",\"position\":3,\"name\":\"Meliconi SPACE SYSTEM FULLMOTION 400\"}]},{\"@type\":\"WebSite\",\"@id\":\"https:\\\/\\\/www.meliconi.com\\\/de\\\/#website\",\"url\":\"https:\\\/\\\/www.meliconi.com\\\/de\\\/\",\"name\":\"Meliconi\",\"description\":\"Lo specialista dell&#039;accessorio\",\"publisher\":{\"@id\":\"https:\\\/\\\/www.meliconi.com\\\/de\\\/#organization\"},\"potentialAction\":[{\"@type\":\"SearchAction\",\"target\":{\"@type\":\"EntryPoint\",\"urlTemplate\":\"https:\\\/\\\/www.meliconi.com\\\/de\\\/?s={search_term_string}\"},\"query-input\":{\"@type\":\"PropertyValueSpecification\",\"valueRequired\":true,\"valueName\":\"search_term_string\"}}],\"inLanguage\":\"de\"},{\"@type\":\"Organization\",\"@id\":\"https:\\\/\\\/www.meliconi.com\\\/de\\\/#organization\",\"name\":\"Meliconi\",\"url\":\"https:\\\/\\\/www.meliconi.com\\\/de\\\/\",\"logo\":{\"@type\":\"ImageObject\",\"inLanguage\":\"de\",\"@id\":\"https:\\\/\\\/www.meliconi.com\\\/de\\\/#\\\/schema\\\/logo\\\/image\\\/\",\"url\":\"https:\\\/\\\/www.meliconi.com\\\/wp-content\\\/uploads\\\/2021\\\/06\\\/logo-meliconi.png\",\"contentUrl\":\"https:\\\/\\\/www.meliconi.com\\\/wp-content\\\/uploads\\\/2021\\\/06\\\/logo-meliconi.png\",\"width\":338,\"height\":102,\"caption\":\"Meliconi\"},\"image\":{\"@id\":\"https:\\\/\\\/www.meliconi.com\\\/de\\\/#\\\/schema\\\/logo\\\/image\\\/\"}}]}<\/script>\n<!-- \/ Yoast SEO plugin. -->","yoast_head_json":{"title":"Meliconi SPACE SYSTEM FULLMOTION 400 - Meliconi","description":"Meliconi TV-Halterung, einfach zu montieren. F\u00fcr VESA 200-300-400, 40-82 Zoll, maximale Tragkraft 30 kg. Verriegelungs- und Nachjustierungssystem.","robots":{"index":"index","follow":"follow","max-snippet":"max-snippet:-1","max-image-preview":"max-image-preview:large","max-video-preview":"max-video-preview:-1"},"canonical":"https:\/\/www.meliconi.com\/de\/produkt\/space-system-fullmotion-400\/","og_locale":"de_DE","og_type":"article","og_title":"Meliconi SPACE SYSTEM FULLMOTION 400 - Meliconi","og_description":"Meliconi TV-Halterung, einfach zu montieren. F\u00fcr VESA 200-300-400, 40-82 Zoll, maximale Tragkraft 30 kg. Verriegelungs- und Nachjustierungssystem.","og_url":"https:\/\/www.meliconi.com\/de\/produkt\/space-system-fullmotion-400\/","og_site_name":"Meliconi","article_modified_time":"2024-10-08T13:36:43+00:00","og_image":[{"width":1024,"height":724,"url":"https:\/\/www.meliconi.com\/wp-content\/uploads\/2024\/01\/480994_SLIM-STYLE-Plus-400-SDR-2023-k-1-1-1-1024x724.png","type":"image\/png"}],"twitter_card":"summary_large_image","twitter_misc":{"Gesch\u00e4tzte Lesezeit":"2\u00a0Minuten"},"schema":{"@context":"https:\/\/schema.org","@graph":[{"@type":"WebPage","@id":"https:\/\/www.meliconi.com\/de\/produkt\/space-system-fullmotion-400\/","url":"https:\/\/www.meliconi.com\/de\/produkt\/space-system-fullmotion-400\/","name":"Meliconi SPACE SYSTEM FULLMOTION 400 - Meliconi","isPartOf":{"@id":"https:\/\/www.meliconi.com\/de\/#website"},"primaryImageOfPage":{"@id":"https:\/\/www.meliconi.com\/de\/produkt\/space-system-fullmotion-400\/#primaryimage"},"image":{"@id":"https:\/\/www.meliconi.com\/de\/produkt\/space-system-fullmotion-400\/#primaryimage"},"thumbnailUrl":"https:\/\/www.meliconi.com\/wp-content\/uploads\/2024\/01\/480994_SLIM-STYLE-Plus-400-SDR-2023-k-1-1-1.png","datePublished":"2024-10-03T14:37:56+00:00","dateModified":"2024-10-08T13:36:43+00:00","description":"Meliconi TV-Halterung, einfach zu montieren. F\u00fcr VESA 200-300-400, 40-82 Zoll, maximale Tragkraft 30 kg. Verriegelungs- und Nachjustierungssystem.","breadcrumb":{"@id":"https:\/\/www.meliconi.com\/de\/produkt\/space-system-fullmotion-400\/#breadcrumb"},"inLanguage":"de","potentialAction":[{"@type":"ReadAction","target":["https:\/\/www.meliconi.com\/de\/produkt\/space-system-fullmotion-400\/"]}]},{"@type":"ImageObject","inLanguage":"de","@id":"https:\/\/www.meliconi.com\/de\/produkt\/space-system-fullmotion-400\/#primaryimage","url":"https:\/\/www.meliconi.com\/wp-content\/uploads\/2024\/01\/480994_SLIM-STYLE-Plus-400-SDR-2023-k-1-1-1.png","contentUrl":"https:\/\/www.meliconi.com\/wp-content\/uploads\/2024\/01\/480994_SLIM-STYLE-Plus-400-SDR-2023-k-1-1-1.png","width":5000,"height":3535},{"@type":"BreadcrumbList","@id":"https:\/\/www.meliconi.com\/de\/produkt\/space-system-fullmotion-400\/#breadcrumb","itemListElement":[{"@type":"ListItem","position":1,"name":"Home","item":"https:\/\/www.meliconi.com\/de\/"},{"@type":"ListItem","position":2,"name":"Shop","item":"https:\/\/www.meliconi.com\/de\/shop-de\/"},{"@type":"ListItem","position":3,"name":"Meliconi SPACE SYSTEM FULLMOTION 400"}]},{"@type":"WebSite","@id":"https:\/\/www.meliconi.com\/de\/#website","url":"https:\/\/www.meliconi.com\/de\/","name":"Meliconi","description":"Lo specialista dell&#039;accessorio","publisher":{"@id":"https:\/\/www.meliconi.com\/de\/#organization"},"potentialAction":[{"@type":"SearchAction","target":{"@type":"EntryPoint","urlTemplate":"https:\/\/www.meliconi.com\/de\/?s={search_term_string}"},"query-input":{"@type":"PropertyValueSpecification","valueRequired":true,"valueName":"search_term_string"}}],"inLanguage":"de"},{"@type":"Organization","@id":"https:\/\/www.meliconi.com\/de\/#organization","name":"Meliconi","url":"https:\/\/www.meliconi.com\/de\/","logo":{"@type":"ImageObject","inLanguage":"de","@id":"https:\/\/www.meliconi.com\/de\/#\/schema\/logo\/image\/","url":"https:\/\/www.meliconi.com\/wp-content\/uploads\/2021\/06\/logo-meliconi.png","contentUrl":"https:\/\/www.meliconi.com\/wp-content\/uploads\/2021\/06\/logo-meliconi.png","width":338,"height":102,"caption":"Meliconi"},"image":{"@id":"https:\/\/www.meliconi.com\/de\/#\/schema\/logo\/image\/"}}]}},"_links":{"self":[{"href":"https:\/\/www.meliconi.com\/de\/wp-json\/wp\/v2\/product\/61446","targetHints":{"allow":["GET"]}}],"collection":[{"href":"https:\/\/www.meliconi.com\/de\/wp-json\/wp\/v2\/product"}],"about":[{"href":"https:\/\/www.meliconi.com\/de\/wp-json\/wp\/v2\/types\/product"}],"wp:featuredmedia":[{"embeddable":true,"href":"https:\/\/www.meliconi.com\/de\/wp-json\/wp\/v2\/media\/60593"}],"wp:attachment":[{"href":"https:\/\/www.meliconi.com\/de\/wp-json\/wp\/v2\/media?parent=61446"}],"wp:term":[{"taxonomy":"product_brand","embeddable":true,"href":"https:\/\/www.meliconi.com\/de\/wp-json\/wp\/v2\/product_brand?post=61446"},{"taxonomy":"product_cat","embeddable":true,"href":"https:\/\/www.meliconi.com\/de\/wp-json\/wp\/v2\/product_cat?post=61446"},{"taxonomy":"product_tag","embeddable":true,"href":"https:\/\/www.meliconi.com\/de\/wp-json\/wp\/v2\/product_tag?post=61446"}],"curies":[{"name":"wp","href":"https:\/\/api.w.org\/{rel}","templated":true}]}}