{"id":61443,"date":"2023-10-10T09:37:12","date_gmt":"2023-10-10T09:37:12","guid":{"rendered":"https:\/\/www.meliconi.com\/prodotto\/torre-duo-bis-kit-di-sovrapposizione-lavatrice-asciugatrice\/"},"modified":"2024-10-08T15:21:06","modified_gmt":"2024-10-08T13:21:06","slug":"torre-duo-zwischenbaurahmen-fuer-trockner-und-waschmaschine","status":"publish","type":"product","link":"https:\/\/www.meliconi.com\/de\/produkt\/torre-duo-zwischenbaurahmen-fuer-trockner-und-waschmaschine\/","title":{"rendered":"Torre Duo"},"content":{"rendered":"<div class=\"flex flex-grow flex-col max-w-full\">\n<div class=\"min-h-[20px] text-message flex flex-col items-start whitespace-pre-wrap break-words [.text-message+&amp;]:mt-5 juice:w-full juice:items-end overflow-x-auto gap-2\" dir=\"auto\" data-message-author-role=\"assistant\" data-message-id=\"4d467e10-b84d-4033-9cfa-eed971741ce6\">\n<div class=\"flex w-full flex-col gap-1 juice:empty:hidden juice:first:pt-[3px]\">\n<div class=\"markdown prose w-full break-words dark:prose-invert light\">\n<p>Das Kit spart Platz, indem der Trockner auf der Waschmaschine platziert wird. Das ausziehbare Regal ist eine praktische Ablage f\u00fcr den W\u00e4schealltag und bietet darunter ein ger\u00e4umiges Fach, um beliebige Gegenst\u00e4nde griffbereit zu verstauen. Die neue zweifarbige Lackierung in Silber-Grau und Wei\u00df verleiht dem Waschturm ein modernes Aussehen.<br \/>\nEs ist kompatibel mit allen Frontlader-Waschmaschinen mit einer Mindesttiefe von 45 cm und Frontlader-Trocknern mit einer Tiefe von mehr als 60 cm (der Abstand zwischen den Trocknerf\u00fc\u00dfen darf maximal 54 cm betragen).<br \/>\nDas maximale Gewicht, das unterst\u00fctzt wird, betr\u00e4gt 250 kg. Das ausziehbare Regal, das sich in einer bequemen H\u00f6he befindet, bietet eine praktische Ablagefl\u00e4che und eine gro\u00dfz\u00fcgige Arbeitsfl\u00e4che zum Zusammenlegen von Kleidung mit einer Tragf\u00e4higkeit von bis zu 10 kg. Unter dem Regal schafft ein gro\u00dfes zus\u00e4tzliches Fach mehr Platz in der Waschs\u00e4ule.<br \/>\nIm Lieferumfang ist ein 6 Meter langer Sicherheitsgurt mit Metallschnalle enthalten, der au\u00dfen am Kit gef\u00fchrt wird. Alle Metallteile sind mit einer Rostschutzbeschichtung behandelt. Das Kit ist vormontiert, was die Installation einfach und schnell macht.<\/p>\n<\/div>\n<\/div>\n<\/div>\n<\/div>\n<div class=\"mt-1 flex gap-3 empty:hidden juice:-ml-3\">\n<div class=\"items-center justify-start rounded-xl p-1 flex\">\n<div class=\"flex items-center\"><\/div>\n<\/div>\n<\/div>\n","protected":false},"excerpt":{"rendered":"<p>Zwischenbaurahmen f\u00fcr Trockner und Waschmaschine, universell, 2-in-1 mit ausziehbarem Regal und Schublade<\/p>\n","protected":false},"featured_media":61444,"template":"","meta":{"_acf_changed":false},"product_brand":[],"product_cat":[1176],"product_tag":[1451,1452,1453,1454,1455,1456,1457,1458,1459,1460,1461,1462,1463,565],"class_list":{"0":"post-61443","1":"product","2":"type-product","3":"status-publish","4":"has-post-thumbnail","6":"product_cat-zwischenbaurahmen","7":"product_tag-divisorio-de","8":"product_tag-kit-colonna-bucato-de","9":"product_tag-kit-di-sovrapposizione-universale-de","10":"product_tag-kit-salvaspazio-lavatrice-asciugatrice-de","11":"product_tag-kit-sovrapposizione-lavatrice-asciugatrice-de","12":"product_tag-meliconi-lavatrice-asciugatrice-de","13":"product_tag-meliconi-torre-lavatrice-asciugatrice-de","14":"product_tag-mobile-lavatrice-asciugatrice-de","15":"product_tag-separatore-de","16":"product_tag-sovrapposizione-lavatrice-asciugatrice-de","17":"product_tag-supporto-asciugatrice-lavatrice-de","18":"product_tag-supporto-asciugatrice-sopra-lavatrice-de","19":"product_tag-supporto-lavatrice-asciugatrice-de","20":"product_tag-universale-de","22":"first","23":"instock","24":"taxable","25":"shipping-taxable","26":"product-type-simple"},"acf":[],"yoast_head":"<!-- This site is optimized with the Yoast SEO plugin v27.4 - https:\/\/yoast.com\/product\/yoast-seo-wordpress\/ -->\n<title>Torre Duo - Meliconi - Zwischenbaurahmen f\u00fcr Trockner und Waschmaschine<\/title>\n<meta name=\"description\" content=\"Zwischenbaurahmen f\u00fcr Trockner und Waschmaschine, universell, 2-in-1 mit ausziehbarem Regal und Schublade. T\u00dcV-zertifiziert, Made in Italy und vormontiert\" \/>\n<meta name=\"robots\" content=\"index, follow, max-snippet:-1, max-image-preview:large, max-video-preview:-1\" \/>\n<link rel=\"canonical\" href=\"https:\/\/www.meliconi.com\/de\/produkt\/torre-duo-zwischenbaurahmen-fuer-trockner-und-waschmaschine\/\" \/>\n<meta property=\"og:locale\" content=\"de_DE\" \/>\n<meta property=\"og:type\" content=\"article\" \/>\n<meta property=\"og:title\" content=\"Torre Duo - Meliconi - Zwischenbaurahmen f\u00fcr Trockner und Waschmaschine\" \/>\n<meta property=\"og:description\" content=\"Zwischenbaurahmen f\u00fcr Trockner und Waschmaschine, universell, 2-in-1 mit ausziehbarem Regal und Schublade. T\u00dcV-zertifiziert, Made in Italy und vormontiert\" \/>\n<meta property=\"og:url\" content=\"https:\/\/www.meliconi.com\/de\/produkt\/torre-duo-zwischenbaurahmen-fuer-trockner-und-waschmaschine\/\" \/>\n<meta property=\"og:site_name\" content=\"Meliconi\" \/>\n<meta property=\"article:modified_time\" content=\"2024-10-08T13:21:06+00:00\" \/>\n<meta property=\"og:image\" content=\"https:\/\/www.meliconi.com\/wp-content\/uploads\/2023\/09\/656123_TORRE_DUO-APERTO-2-1024x724.png\" \/>\n\t<meta property=\"og:image:width\" content=\"1024\" \/>\n\t<meta property=\"og:image:height\" content=\"724\" \/>\n\t<meta property=\"og:image:type\" content=\"image\/png\" \/>\n<meta name=\"twitter:card\" content=\"summary_large_image\" \/>\n<meta name=\"twitter:label1\" content=\"Gesch\u00e4tzte Lesezeit\" \/>\n\t<meta name=\"twitter:data1\" content=\"2\u00a0Minuten\" \/>\n<script type=\"application\/ld+json\" class=\"yoast-schema-graph\">{\"@context\":\"https:\\\/\\\/schema.org\",\"@graph\":[{\"@type\":\"WebPage\",\"@id\":\"https:\\\/\\\/www.meliconi.com\\\/de\\\/produkt\\\/torre-duo-zwischenbaurahmen-fuer-trockner-und-waschmaschine\\\/\",\"url\":\"https:\\\/\\\/www.meliconi.com\\\/de\\\/produkt\\\/torre-duo-zwischenbaurahmen-fuer-trockner-und-waschmaschine\\\/\",\"name\":\"Torre Duo - Meliconi - Zwischenbaurahmen f\u00fcr Trockner und Waschmaschine\",\"isPartOf\":{\"@id\":\"https:\\\/\\\/www.meliconi.com\\\/de\\\/#website\"},\"primaryImageOfPage\":{\"@id\":\"https:\\\/\\\/www.meliconi.com\\\/de\\\/produkt\\\/torre-duo-zwischenbaurahmen-fuer-trockner-und-waschmaschine\\\/#primaryimage\"},\"image\":{\"@id\":\"https:\\\/\\\/www.meliconi.com\\\/de\\\/produkt\\\/torre-duo-zwischenbaurahmen-fuer-trockner-und-waschmaschine\\\/#primaryimage\"},\"thumbnailUrl\":\"https:\\\/\\\/www.meliconi.com\\\/wp-content\\\/uploads\\\/2023\\\/09\\\/656123_TORRE_DUO-APERTO-2.png\",\"datePublished\":\"2023-10-10T09:37:12+00:00\",\"dateModified\":\"2024-10-08T13:21:06+00:00\",\"description\":\"Zwischenbaurahmen f\u00fcr Trockner und Waschmaschine, universell, 2-in-1 mit ausziehbarem Regal und Schublade. T\u00dcV-zertifiziert, Made in Italy und vormontiert\",\"breadcrumb\":{\"@id\":\"https:\\\/\\\/www.meliconi.com\\\/de\\\/produkt\\\/torre-duo-zwischenbaurahmen-fuer-trockner-und-waschmaschine\\\/#breadcrumb\"},\"inLanguage\":\"de\",\"potentialAction\":[{\"@type\":\"ReadAction\",\"target\":[\"https:\\\/\\\/www.meliconi.com\\\/de\\\/produkt\\\/torre-duo-zwischenbaurahmen-fuer-trockner-und-waschmaschine\\\/\"]}]},{\"@type\":\"ImageObject\",\"inLanguage\":\"de\",\"@id\":\"https:\\\/\\\/www.meliconi.com\\\/de\\\/produkt\\\/torre-duo-zwischenbaurahmen-fuer-trockner-und-waschmaschine\\\/#primaryimage\",\"url\":\"https:\\\/\\\/www.meliconi.com\\\/wp-content\\\/uploads\\\/2023\\\/09\\\/656123_TORRE_DUO-APERTO-2.png\",\"contentUrl\":\"https:\\\/\\\/www.meliconi.com\\\/wp-content\\\/uploads\\\/2023\\\/09\\\/656123_TORRE_DUO-APERTO-2.png\",\"width\":5000,\"height\":3535},{\"@type\":\"BreadcrumbList\",\"@id\":\"https:\\\/\\\/www.meliconi.com\\\/de\\\/produkt\\\/torre-duo-zwischenbaurahmen-fuer-trockner-und-waschmaschine\\\/#breadcrumb\",\"itemListElement\":[{\"@type\":\"ListItem\",\"position\":1,\"name\":\"Home\",\"item\":\"https:\\\/\\\/www.meliconi.com\\\/de\\\/\"},{\"@type\":\"ListItem\",\"position\":2,\"name\":\"Shop\",\"item\":\"https:\\\/\\\/www.meliconi.com\\\/de\\\/shop-de\\\/\"},{\"@type\":\"ListItem\",\"position\":3,\"name\":\"Torre Duo\"}]},{\"@type\":\"WebSite\",\"@id\":\"https:\\\/\\\/www.meliconi.com\\\/de\\\/#website\",\"url\":\"https:\\\/\\\/www.meliconi.com\\\/de\\\/\",\"name\":\"Meliconi\",\"description\":\"Lo specialista dell&#039;accessorio\",\"publisher\":{\"@id\":\"https:\\\/\\\/www.meliconi.com\\\/de\\\/#organization\"},\"potentialAction\":[{\"@type\":\"SearchAction\",\"target\":{\"@type\":\"EntryPoint\",\"urlTemplate\":\"https:\\\/\\\/www.meliconi.com\\\/de\\\/?s={search_term_string}\"},\"query-input\":{\"@type\":\"PropertyValueSpecification\",\"valueRequired\":true,\"valueName\":\"search_term_string\"}}],\"inLanguage\":\"de\"},{\"@type\":\"Organization\",\"@id\":\"https:\\\/\\\/www.meliconi.com\\\/de\\\/#organization\",\"name\":\"Meliconi\",\"url\":\"https:\\\/\\\/www.meliconi.com\\\/de\\\/\",\"logo\":{\"@type\":\"ImageObject\",\"inLanguage\":\"de\",\"@id\":\"https:\\\/\\\/www.meliconi.com\\\/de\\\/#\\\/schema\\\/logo\\\/image\\\/\",\"url\":\"https:\\\/\\\/www.meliconi.com\\\/wp-content\\\/uploads\\\/2021\\\/06\\\/logo-meliconi.png\",\"contentUrl\":\"https:\\\/\\\/www.meliconi.com\\\/wp-content\\\/uploads\\\/2021\\\/06\\\/logo-meliconi.png\",\"width\":338,\"height\":102,\"caption\":\"Meliconi\"},\"image\":{\"@id\":\"https:\\\/\\\/www.meliconi.com\\\/de\\\/#\\\/schema\\\/logo\\\/image\\\/\"}}]}<\/script>\n<!-- \/ Yoast SEO plugin. -->","yoast_head_json":{"title":"Torre Duo - Meliconi - Zwischenbaurahmen f\u00fcr Trockner und Waschmaschine","description":"Zwischenbaurahmen f\u00fcr Trockner und Waschmaschine, universell, 2-in-1 mit ausziehbarem Regal und Schublade. T\u00dcV-zertifiziert, Made in Italy und vormontiert","robots":{"index":"index","follow":"follow","max-snippet":"max-snippet:-1","max-image-preview":"max-image-preview:large","max-video-preview":"max-video-preview:-1"},"canonical":"https:\/\/www.meliconi.com\/de\/produkt\/torre-duo-zwischenbaurahmen-fuer-trockner-und-waschmaschine\/","og_locale":"de_DE","og_type":"article","og_title":"Torre Duo - Meliconi - Zwischenbaurahmen f\u00fcr Trockner und Waschmaschine","og_description":"Zwischenbaurahmen f\u00fcr Trockner und Waschmaschine, universell, 2-in-1 mit ausziehbarem Regal und Schublade. T\u00dcV-zertifiziert, Made in Italy und vormontiert","og_url":"https:\/\/www.meliconi.com\/de\/produkt\/torre-duo-zwischenbaurahmen-fuer-trockner-und-waschmaschine\/","og_site_name":"Meliconi","article_modified_time":"2024-10-08T13:21:06+00:00","og_image":[{"width":1024,"height":724,"url":"https:\/\/www.meliconi.com\/wp-content\/uploads\/2023\/09\/656123_TORRE_DUO-APERTO-2-1024x724.png","type":"image\/png"}],"twitter_card":"summary_large_image","twitter_misc":{"Gesch\u00e4tzte Lesezeit":"2\u00a0Minuten"},"schema":{"@context":"https:\/\/schema.org","@graph":[{"@type":"WebPage","@id":"https:\/\/www.meliconi.com\/de\/produkt\/torre-duo-zwischenbaurahmen-fuer-trockner-und-waschmaschine\/","url":"https:\/\/www.meliconi.com\/de\/produkt\/torre-duo-zwischenbaurahmen-fuer-trockner-und-waschmaschine\/","name":"Torre Duo - Meliconi - Zwischenbaurahmen f\u00fcr Trockner und Waschmaschine","isPartOf":{"@id":"https:\/\/www.meliconi.com\/de\/#website"},"primaryImageOfPage":{"@id":"https:\/\/www.meliconi.com\/de\/produkt\/torre-duo-zwischenbaurahmen-fuer-trockner-und-waschmaschine\/#primaryimage"},"image":{"@id":"https:\/\/www.meliconi.com\/de\/produkt\/torre-duo-zwischenbaurahmen-fuer-trockner-und-waschmaschine\/#primaryimage"},"thumbnailUrl":"https:\/\/www.meliconi.com\/wp-content\/uploads\/2023\/09\/656123_TORRE_DUO-APERTO-2.png","datePublished":"2023-10-10T09:37:12+00:00","dateModified":"2024-10-08T13:21:06+00:00","description":"Zwischenbaurahmen f\u00fcr Trockner und Waschmaschine, universell, 2-in-1 mit ausziehbarem Regal und Schublade. T\u00dcV-zertifiziert, Made in Italy und vormontiert","breadcrumb":{"@id":"https:\/\/www.meliconi.com\/de\/produkt\/torre-duo-zwischenbaurahmen-fuer-trockner-und-waschmaschine\/#breadcrumb"},"inLanguage":"de","potentialAction":[{"@type":"ReadAction","target":["https:\/\/www.meliconi.com\/de\/produkt\/torre-duo-zwischenbaurahmen-fuer-trockner-und-waschmaschine\/"]}]},{"@type":"ImageObject","inLanguage":"de","@id":"https:\/\/www.meliconi.com\/de\/produkt\/torre-duo-zwischenbaurahmen-fuer-trockner-und-waschmaschine\/#primaryimage","url":"https:\/\/www.meliconi.com\/wp-content\/uploads\/2023\/09\/656123_TORRE_DUO-APERTO-2.png","contentUrl":"https:\/\/www.meliconi.com\/wp-content\/uploads\/2023\/09\/656123_TORRE_DUO-APERTO-2.png","width":5000,"height":3535},{"@type":"BreadcrumbList","@id":"https:\/\/www.meliconi.com\/de\/produkt\/torre-duo-zwischenbaurahmen-fuer-trockner-und-waschmaschine\/#breadcrumb","itemListElement":[{"@type":"ListItem","position":1,"name":"Home","item":"https:\/\/www.meliconi.com\/de\/"},{"@type":"ListItem","position":2,"name":"Shop","item":"https:\/\/www.meliconi.com\/de\/shop-de\/"},{"@type":"ListItem","position":3,"name":"Torre Duo"}]},{"@type":"WebSite","@id":"https:\/\/www.meliconi.com\/de\/#website","url":"https:\/\/www.meliconi.com\/de\/","name":"Meliconi","description":"Lo specialista dell&#039;accessorio","publisher":{"@id":"https:\/\/www.meliconi.com\/de\/#organization"},"potentialAction":[{"@type":"SearchAction","target":{"@type":"EntryPoint","urlTemplate":"https:\/\/www.meliconi.com\/de\/?s={search_term_string}"},"query-input":{"@type":"PropertyValueSpecification","valueRequired":true,"valueName":"search_term_string"}}],"inLanguage":"de"},{"@type":"Organization","@id":"https:\/\/www.meliconi.com\/de\/#organization","name":"Meliconi","url":"https:\/\/www.meliconi.com\/de\/","logo":{"@type":"ImageObject","inLanguage":"de","@id":"https:\/\/www.meliconi.com\/de\/#\/schema\/logo\/image\/","url":"https:\/\/www.meliconi.com\/wp-content\/uploads\/2021\/06\/logo-meliconi.png","contentUrl":"https:\/\/www.meliconi.com\/wp-content\/uploads\/2021\/06\/logo-meliconi.png","width":338,"height":102,"caption":"Meliconi"},"image":{"@id":"https:\/\/www.meliconi.com\/de\/#\/schema\/logo\/image\/"}}]}},"_links":{"self":[{"href":"https:\/\/www.meliconi.com\/de\/wp-json\/wp\/v2\/product\/61443","targetHints":{"allow":["GET"]}}],"collection":[{"href":"https:\/\/www.meliconi.com\/de\/wp-json\/wp\/v2\/product"}],"about":[{"href":"https:\/\/www.meliconi.com\/de\/wp-json\/wp\/v2\/types\/product"}],"wp:featuredmedia":[{"embeddable":true,"href":"https:\/\/www.meliconi.com\/de\/wp-json\/wp\/v2\/media\/61444"}],"wp:attachment":[{"href":"https:\/\/www.meliconi.com\/de\/wp-json\/wp\/v2\/media?parent=61443"}],"wp:term":[{"taxonomy":"product_brand","embeddable":true,"href":"https:\/\/www.meliconi.com\/de\/wp-json\/wp\/v2\/product_brand?post=61443"},{"taxonomy":"product_cat","embeddable":true,"href":"https:\/\/www.meliconi.com\/de\/wp-json\/wp\/v2\/product_cat?post=61443"},{"taxonomy":"product_tag","embeddable":true,"href":"https:\/\/www.meliconi.com\/de\/wp-json\/wp\/v2\/product_tag?post=61443"}],"curies":[{"name":"wp","href":"https:\/\/api.w.org\/{rel}","templated":true}]}}