{"id":61435,"date":"2023-09-15T10:19:46","date_gmt":"2023-09-15T10:19:46","guid":{"rendered":"https:\/\/www.meliconi.com\/prodotto\/decalcificante-eco-2-in-1-decalcificante-per-macchina-da-caffe\/"},"modified":"2024-11-04T14:24:49","modified_gmt":"2024-11-04T13:24:49","slug":"decalcificante-eco-2-in-1-entkalker-fuer-kaffeemaschinen","status":"publish","type":"product","link":"https:\/\/www.meliconi.com\/de\/produkt\/decalcificante-eco-2-in-1-entkalker-fuer-kaffeemaschinen\/","title":{"rendered":"Entkalker Eco 2-in-1"},"content":{"rendered":"<p>Ein hervorragender Helfer zur Pflege Ihrer Kaffeemaschine und anderer kleiner Haushaltsger\u00e4te wie B\u00fcgeleisen, Wasserkocher und Dampfback\u00f6fen. Die innovative Formel auf Basis von nat\u00fcrlicher Milchs\u00e4ure hilft, Ihre Kaffeemaschine umweltfreundlich zu pflegen. Sie entkalkt praktisch und effektiv sowohl die inneren als auch die \u00e4u\u00dferen Teile und verl\u00e4ngert die Lebensdauer des Ger\u00e4ts.<\/p>\n<p><strong>Plus Green:<\/strong><\/p>\n<ul>\n<li>100% nat\u00fcrlicher Wirkstoff<\/li>\n<li>Unbeschichteter Karton<\/li>\n<li>100% recycelbare Flasche<\/li>\n<\/ul>\n<p><strong>Gebrauchsanweisung:<\/strong> F\u00fcr jede Anwendung die H\u00e4lfte der Flasche verwenden: Einige Milliliter des Produkts auf ein Tuch geben, um die Au\u00dfenteile wie Dampfd\u00fcse, Dosierer und Dichtungen zu reinigen. Dann die H\u00e4lfte der Flasche in den Wassertank geben, das Wasser erhitzen und den Tank vollst\u00e4ndig entleeren, um eine innere Entkalkung und Reinigung zu gew\u00e4hrleisten.<\/p>\n","protected":false},"excerpt":{"rendered":"<p>Entkalker f\u00fcr Kaffeemaschinen<\/p>\n","protected":false},"featured_media":61437,"template":"","meta":{"_acf_changed":false},"product_brand":[],"product_cat":[564],"product_tag":[1598,1599,1600,1601,1602,1603,1604,1605,1606,1480,1607,1608,565,1609,1610],"class_list":{"0":"post-61435","1":"product","2":"type-product","3":"status-publish","4":"has-post-thumbnail","6":"product_cat-grune-linie","7":"product_tag-anticalcare-de","8":"product_tag-anticalcare-macchine-caffe-de","9":"product_tag-decalcificante-de-longhi-de","10":"product_tag-decalcificante-ferro-da-stiro-de","11":"product_tag-decalcificante-macchina-caffe-de","12":"product_tag-decalcificante-macchina-nespresso-de","13":"product_tag-decalcificante-naturale-de","14":"product_tag-decalcificante-per-macchine-da-caffe-de","15":"product_tag-filtro-anticalcare-macchina-caffe-de","16":"product_tag-meliconi-de","17":"product_tag-pulizia-macchina-caffe-de","18":"product_tag-sciogli-calcare-de","19":"product_tag-universale-de","20":"product_tag-zero-calcare-de","21":"product_tag-zerocalcare-de","23":"first","24":"instock","25":"taxable","26":"shipping-taxable","27":"purchasable","28":"product-type-simple"},"acf":[],"yoast_head":"<!-- This site is optimized with the Yoast SEO plugin v27.4 - https:\/\/yoast.com\/product\/yoast-seo-wordpress\/ -->\n<title>Entkalker Eco 2-in-1 - Meliconi - Entkalker f\u00fcr Kaffeemaschinen<\/title>\n<meta name=\"description\" content=\"Entkalker f\u00fcr Kaffeemaschinen auf Basis von Milchs\u00e4ure. Formel mit pflanzlichen, biologisch abbaubaren Rohstoffen aus erneuerbaren Quellen.\" \/>\n<meta name=\"robots\" content=\"index, follow, max-snippet:-1, max-image-preview:large, max-video-preview:-1\" \/>\n<link rel=\"canonical\" href=\"https:\/\/www.meliconi.com\/de\/produkt\/decalcificante-eco-2-in-1-entkalker-fuer-kaffeemaschinen\/\" \/>\n<meta property=\"og:locale\" content=\"de_DE\" \/>\n<meta property=\"og:type\" content=\"article\" \/>\n<meta property=\"og:title\" content=\"Entkalker Eco 2-in-1 - Meliconi - Entkalker f\u00fcr Kaffeemaschinen\" \/>\n<meta property=\"og:description\" content=\"Entkalker f\u00fcr Kaffeemaschinen auf Basis von Milchs\u00e4ure. Formel mit pflanzlichen, biologisch abbaubaren Rohstoffen aus erneuerbaren Quellen.\" \/>\n<meta property=\"og:url\" content=\"https:\/\/www.meliconi.com\/de\/produkt\/decalcificante-eco-2-in-1-entkalker-fuer-kaffeemaschinen\/\" \/>\n<meta property=\"og:site_name\" content=\"Meliconi\" \/>\n<meta property=\"article:modified_time\" content=\"2024-11-04T13:24:49+00:00\" \/>\n<meta property=\"og:image\" content=\"https:\/\/www.meliconi.com\/wp-content\/uploads\/2023\/09\/656163_3D_DecalcificanteEco2in1_fronte-1-1024x576.png\" \/>\n\t<meta property=\"og:image:width\" content=\"1024\" \/>\n\t<meta property=\"og:image:height\" content=\"576\" \/>\n\t<meta property=\"og:image:type\" content=\"image\/png\" \/>\n<meta name=\"twitter:card\" content=\"summary_large_image\" \/>\n<meta name=\"twitter:label1\" content=\"Gesch\u00e4tzte Lesezeit\" \/>\n\t<meta name=\"twitter:data1\" content=\"1\u00a0Minute\" \/>\n<script type=\"application\/ld+json\" class=\"yoast-schema-graph\">{\"@context\":\"https:\\\/\\\/schema.org\",\"@graph\":[{\"@type\":\"WebPage\",\"@id\":\"https:\\\/\\\/www.meliconi.com\\\/de\\\/produkt\\\/decalcificante-eco-2-in-1-entkalker-fuer-kaffeemaschinen\\\/\",\"url\":\"https:\\\/\\\/www.meliconi.com\\\/de\\\/produkt\\\/decalcificante-eco-2-in-1-entkalker-fuer-kaffeemaschinen\\\/\",\"name\":\"Entkalker Eco 2-in-1 - Meliconi - Entkalker f\u00fcr Kaffeemaschinen\",\"isPartOf\":{\"@id\":\"https:\\\/\\\/www.meliconi.com\\\/de\\\/#website\"},\"primaryImageOfPage\":{\"@id\":\"https:\\\/\\\/www.meliconi.com\\\/de\\\/produkt\\\/decalcificante-eco-2-in-1-entkalker-fuer-kaffeemaschinen\\\/#primaryimage\"},\"image\":{\"@id\":\"https:\\\/\\\/www.meliconi.com\\\/de\\\/produkt\\\/decalcificante-eco-2-in-1-entkalker-fuer-kaffeemaschinen\\\/#primaryimage\"},\"thumbnailUrl\":\"https:\\\/\\\/www.meliconi.com\\\/wp-content\\\/uploads\\\/2023\\\/09\\\/656163_3D_DecalcificanteEco2in1_fronte-1.png\",\"datePublished\":\"2023-09-15T10:19:46+00:00\",\"dateModified\":\"2024-11-04T13:24:49+00:00\",\"description\":\"Entkalker f\u00fcr Kaffeemaschinen auf Basis von Milchs\u00e4ure. Formel mit pflanzlichen, biologisch abbaubaren Rohstoffen aus erneuerbaren Quellen.\",\"breadcrumb\":{\"@id\":\"https:\\\/\\\/www.meliconi.com\\\/de\\\/produkt\\\/decalcificante-eco-2-in-1-entkalker-fuer-kaffeemaschinen\\\/#breadcrumb\"},\"inLanguage\":\"de\",\"potentialAction\":[{\"@type\":\"ReadAction\",\"target\":[\"https:\\\/\\\/www.meliconi.com\\\/de\\\/produkt\\\/decalcificante-eco-2-in-1-entkalker-fuer-kaffeemaschinen\\\/\"]}]},{\"@type\":\"ImageObject\",\"inLanguage\":\"de\",\"@id\":\"https:\\\/\\\/www.meliconi.com\\\/de\\\/produkt\\\/decalcificante-eco-2-in-1-entkalker-fuer-kaffeemaschinen\\\/#primaryimage\",\"url\":\"https:\\\/\\\/www.meliconi.com\\\/wp-content\\\/uploads\\\/2023\\\/09\\\/656163_3D_DecalcificanteEco2in1_fronte-1.png\",\"contentUrl\":\"https:\\\/\\\/www.meliconi.com\\\/wp-content\\\/uploads\\\/2023\\\/09\\\/656163_3D_DecalcificanteEco2in1_fronte-1.png\",\"width\":7087,\"height\":3986},{\"@type\":\"BreadcrumbList\",\"@id\":\"https:\\\/\\\/www.meliconi.com\\\/de\\\/produkt\\\/decalcificante-eco-2-in-1-entkalker-fuer-kaffeemaschinen\\\/#breadcrumb\",\"itemListElement\":[{\"@type\":\"ListItem\",\"position\":1,\"name\":\"Home\",\"item\":\"https:\\\/\\\/www.meliconi.com\\\/de\\\/\"},{\"@type\":\"ListItem\",\"position\":2,\"name\":\"Shop\",\"item\":\"https:\\\/\\\/www.meliconi.com\\\/de\\\/shop-de\\\/\"},{\"@type\":\"ListItem\",\"position\":3,\"name\":\"Entkalker Eco 2-in-1\"}]},{\"@type\":\"WebSite\",\"@id\":\"https:\\\/\\\/www.meliconi.com\\\/de\\\/#website\",\"url\":\"https:\\\/\\\/www.meliconi.com\\\/de\\\/\",\"name\":\"Meliconi\",\"description\":\"Lo specialista dell&#039;accessorio\",\"publisher\":{\"@id\":\"https:\\\/\\\/www.meliconi.com\\\/de\\\/#organization\"},\"potentialAction\":[{\"@type\":\"SearchAction\",\"target\":{\"@type\":\"EntryPoint\",\"urlTemplate\":\"https:\\\/\\\/www.meliconi.com\\\/de\\\/?s={search_term_string}\"},\"query-input\":{\"@type\":\"PropertyValueSpecification\",\"valueRequired\":true,\"valueName\":\"search_term_string\"}}],\"inLanguage\":\"de\"},{\"@type\":\"Organization\",\"@id\":\"https:\\\/\\\/www.meliconi.com\\\/de\\\/#organization\",\"name\":\"Meliconi\",\"url\":\"https:\\\/\\\/www.meliconi.com\\\/de\\\/\",\"logo\":{\"@type\":\"ImageObject\",\"inLanguage\":\"de\",\"@id\":\"https:\\\/\\\/www.meliconi.com\\\/de\\\/#\\\/schema\\\/logo\\\/image\\\/\",\"url\":\"https:\\\/\\\/www.meliconi.com\\\/wp-content\\\/uploads\\\/2021\\\/06\\\/logo-meliconi.png\",\"contentUrl\":\"https:\\\/\\\/www.meliconi.com\\\/wp-content\\\/uploads\\\/2021\\\/06\\\/logo-meliconi.png\",\"width\":338,\"height\":102,\"caption\":\"Meliconi\"},\"image\":{\"@id\":\"https:\\\/\\\/www.meliconi.com\\\/de\\\/#\\\/schema\\\/logo\\\/image\\\/\"}}]}<\/script>\n<!-- \/ Yoast SEO plugin. -->","yoast_head_json":{"title":"Entkalker Eco 2-in-1 - Meliconi - Entkalker f\u00fcr Kaffeemaschinen","description":"Entkalker f\u00fcr Kaffeemaschinen auf Basis von Milchs\u00e4ure. Formel mit pflanzlichen, biologisch abbaubaren Rohstoffen aus erneuerbaren Quellen.","robots":{"index":"index","follow":"follow","max-snippet":"max-snippet:-1","max-image-preview":"max-image-preview:large","max-video-preview":"max-video-preview:-1"},"canonical":"https:\/\/www.meliconi.com\/de\/produkt\/decalcificante-eco-2-in-1-entkalker-fuer-kaffeemaschinen\/","og_locale":"de_DE","og_type":"article","og_title":"Entkalker Eco 2-in-1 - Meliconi - Entkalker f\u00fcr Kaffeemaschinen","og_description":"Entkalker f\u00fcr Kaffeemaschinen auf Basis von Milchs\u00e4ure. Formel mit pflanzlichen, biologisch abbaubaren Rohstoffen aus erneuerbaren Quellen.","og_url":"https:\/\/www.meliconi.com\/de\/produkt\/decalcificante-eco-2-in-1-entkalker-fuer-kaffeemaschinen\/","og_site_name":"Meliconi","article_modified_time":"2024-11-04T13:24:49+00:00","og_image":[{"width":1024,"height":576,"url":"https:\/\/www.meliconi.com\/wp-content\/uploads\/2023\/09\/656163_3D_DecalcificanteEco2in1_fronte-1-1024x576.png","type":"image\/png"}],"twitter_card":"summary_large_image","twitter_misc":{"Gesch\u00e4tzte Lesezeit":"1\u00a0Minute"},"schema":{"@context":"https:\/\/schema.org","@graph":[{"@type":"WebPage","@id":"https:\/\/www.meliconi.com\/de\/produkt\/decalcificante-eco-2-in-1-entkalker-fuer-kaffeemaschinen\/","url":"https:\/\/www.meliconi.com\/de\/produkt\/decalcificante-eco-2-in-1-entkalker-fuer-kaffeemaschinen\/","name":"Entkalker Eco 2-in-1 - Meliconi - Entkalker f\u00fcr Kaffeemaschinen","isPartOf":{"@id":"https:\/\/www.meliconi.com\/de\/#website"},"primaryImageOfPage":{"@id":"https:\/\/www.meliconi.com\/de\/produkt\/decalcificante-eco-2-in-1-entkalker-fuer-kaffeemaschinen\/#primaryimage"},"image":{"@id":"https:\/\/www.meliconi.com\/de\/produkt\/decalcificante-eco-2-in-1-entkalker-fuer-kaffeemaschinen\/#primaryimage"},"thumbnailUrl":"https:\/\/www.meliconi.com\/wp-content\/uploads\/2023\/09\/656163_3D_DecalcificanteEco2in1_fronte-1.png","datePublished":"2023-09-15T10:19:46+00:00","dateModified":"2024-11-04T13:24:49+00:00","description":"Entkalker f\u00fcr Kaffeemaschinen auf Basis von Milchs\u00e4ure. Formel mit pflanzlichen, biologisch abbaubaren Rohstoffen aus erneuerbaren Quellen.","breadcrumb":{"@id":"https:\/\/www.meliconi.com\/de\/produkt\/decalcificante-eco-2-in-1-entkalker-fuer-kaffeemaschinen\/#breadcrumb"},"inLanguage":"de","potentialAction":[{"@type":"ReadAction","target":["https:\/\/www.meliconi.com\/de\/produkt\/decalcificante-eco-2-in-1-entkalker-fuer-kaffeemaschinen\/"]}]},{"@type":"ImageObject","inLanguage":"de","@id":"https:\/\/www.meliconi.com\/de\/produkt\/decalcificante-eco-2-in-1-entkalker-fuer-kaffeemaschinen\/#primaryimage","url":"https:\/\/www.meliconi.com\/wp-content\/uploads\/2023\/09\/656163_3D_DecalcificanteEco2in1_fronte-1.png","contentUrl":"https:\/\/www.meliconi.com\/wp-content\/uploads\/2023\/09\/656163_3D_DecalcificanteEco2in1_fronte-1.png","width":7087,"height":3986},{"@type":"BreadcrumbList","@id":"https:\/\/www.meliconi.com\/de\/produkt\/decalcificante-eco-2-in-1-entkalker-fuer-kaffeemaschinen\/#breadcrumb","itemListElement":[{"@type":"ListItem","position":1,"name":"Home","item":"https:\/\/www.meliconi.com\/de\/"},{"@type":"ListItem","position":2,"name":"Shop","item":"https:\/\/www.meliconi.com\/de\/shop-de\/"},{"@type":"ListItem","position":3,"name":"Entkalker Eco 2-in-1"}]},{"@type":"WebSite","@id":"https:\/\/www.meliconi.com\/de\/#website","url":"https:\/\/www.meliconi.com\/de\/","name":"Meliconi","description":"Lo specialista dell&#039;accessorio","publisher":{"@id":"https:\/\/www.meliconi.com\/de\/#organization"},"potentialAction":[{"@type":"SearchAction","target":{"@type":"EntryPoint","urlTemplate":"https:\/\/www.meliconi.com\/de\/?s={search_term_string}"},"query-input":{"@type":"PropertyValueSpecification","valueRequired":true,"valueName":"search_term_string"}}],"inLanguage":"de"},{"@type":"Organization","@id":"https:\/\/www.meliconi.com\/de\/#organization","name":"Meliconi","url":"https:\/\/www.meliconi.com\/de\/","logo":{"@type":"ImageObject","inLanguage":"de","@id":"https:\/\/www.meliconi.com\/de\/#\/schema\/logo\/image\/","url":"https:\/\/www.meliconi.com\/wp-content\/uploads\/2021\/06\/logo-meliconi.png","contentUrl":"https:\/\/www.meliconi.com\/wp-content\/uploads\/2021\/06\/logo-meliconi.png","width":338,"height":102,"caption":"Meliconi"},"image":{"@id":"https:\/\/www.meliconi.com\/de\/#\/schema\/logo\/image\/"}}]}},"_links":{"self":[{"href":"https:\/\/www.meliconi.com\/de\/wp-json\/wp\/v2\/product\/61435","targetHints":{"allow":["GET"]}}],"collection":[{"href":"https:\/\/www.meliconi.com\/de\/wp-json\/wp\/v2\/product"}],"about":[{"href":"https:\/\/www.meliconi.com\/de\/wp-json\/wp\/v2\/types\/product"}],"wp:featuredmedia":[{"embeddable":true,"href":"https:\/\/www.meliconi.com\/de\/wp-json\/wp\/v2\/media\/61437"}],"wp:attachment":[{"href":"https:\/\/www.meliconi.com\/de\/wp-json\/wp\/v2\/media?parent=61435"}],"wp:term":[{"taxonomy":"product_brand","embeddable":true,"href":"https:\/\/www.meliconi.com\/de\/wp-json\/wp\/v2\/product_brand?post=61435"},{"taxonomy":"product_cat","embeddable":true,"href":"https:\/\/www.meliconi.com\/de\/wp-json\/wp\/v2\/product_cat?post=61435"},{"taxonomy":"product_tag","embeddable":true,"href":"https:\/\/www.meliconi.com\/de\/wp-json\/wp\/v2\/product_tag?post=61435"}],"curies":[{"name":"wp","href":"https:\/\/api.w.org\/{rel}","templated":true}]}}