{"id":61222,"date":"2024-05-22T16:07:37","date_gmt":"2024-05-22T14:07:37","guid":{"rendered":"https:\/\/www.meliconi.com\/prodotto\/moving-tower-kit-sovrapposizione-lavatrice-asciugatrice\/"},"modified":"2024-10-08T15:27:22","modified_gmt":"2024-10-08T13:27:22","slug":"moving-tower-zwischenbaurahmen-fuer-trockner-und-waschmaschine","status":"publish","type":"product","link":"https:\/\/www.meliconi.com\/de\/produkt\/moving-tower-zwischenbaurahmen-fuer-trockner-und-waschmaschine\/","title":{"rendered":"Moving Tower"},"content":{"rendered":"<p>2-in-1-Kit zur Erstellung eines Waschmaschinen-Trockner-Turms und zur Erleichterung der Bewegung. Beinhaltet Torre Style und Base Wash Evo.<br \/>\nUniversell und kompatibel mit allen Frontlader-Waschmaschinen und -Trocknern, die 60 cm breit und bis zu 61 cm tief sind, mit einem maximalen Abstand von 54,5 cm zwischen den vorderen und hinteren F\u00fc\u00dfen. Kompatibel mit Trocknern mit einer maximalen Tiefe von 70 cm.<br \/>\nVormontiert und extrem einfach zu installieren, enth\u00e4lt es einen Sicherheitsgurt. Im Einklang mit Meliconis Engagement f\u00fcr die Umwelt wird die Base Wash Evo aus 30 % recyceltem Kunststoff gefertigt, was den \u00f6kologischen Fu\u00dfabdruck reduziert, ohne die Widerstandsf\u00e4higkeit und Stabilit\u00e4t zu beeintr\u00e4chtigen.<br \/>\nDas T\u00dcV-Zertifikat garantiert eine maximale Tragf\u00e4higkeit von 250 kg f\u00fcr den Torre Style. Hergestellt in Italien und mit einer Garantie von 10 Jahren ausgestattet.<\/p>\n","protected":false},"excerpt":{"rendered":"<p>Zwischenbaurahmen f\u00fcr slim Trockner und Waschmaschine<\/p>\n","protected":false},"featured_media":61224,"template":"","meta":{"_acf_changed":false},"product_cat":[1176],"product_tag":[1435,1445,1471,1473,1437,1451,1452,1453,1479,1454,1455,1480,1456,1457,1458,1459,1460,1461,1462,1449,1440,1463,1478,1442,1443],"class_list":{"0":"post-61222","1":"product","2":"type-product","3":"status-publish","4":"has-post-thumbnail","6":"product_cat-zwischenbaurahmen","7":"product_tag-anti-vibrazione-de","8":"product_tag-base-lavatrice-de","9":"product_tag-base-lavatrice-con-ruote-de","10":"product_tag-base-per-lavatrice-de","11":"product_tag-base-per-lavatrice-e-asciugatrice-de","12":"product_tag-divisorio-de","13":"product_tag-kit-colonna-bucato-de","14":"product_tag-kit-di-sovrapposizione-universale-de","15":"product_tag-kit-lavatrice-asciugatrice-universale-de","16":"product_tag-kit-salvaspazio-lavatrice-asciugatrice-de","17":"product_tag-kit-sovrapposizione-lavatrice-asciugatrice-de","18":"product_tag-meliconi-de","19":"product_tag-meliconi-lavatrice-asciugatrice-de","20":"product_tag-meliconi-torre-lavatrice-asciugatrice-de","21":"product_tag-mobile-lavatrice-asciugatrice-de","22":"product_tag-separatore-de","23":"product_tag-sovrapposizione-lavatrice-asciugatrice-de","24":"product_tag-supporto-asciugatrice-lavatrice-de","25":"product_tag-supporto-asciugatrice-sopra-lavatrice-de","26":"product_tag-supporto-lavatrice-de","27":"product_tag-supporto-lavatrice-anti-vibrazione-de","28":"product_tag-supporto-lavatrice-asciugatrice-de","29":"product_tag-supporto-lavatrice-con-ruote-de","30":"product_tag-supporto-lavatrice-regolabile-de","31":"product_tag-supporto-per-asciugatrice-de","33":"first","34":"instock","35":"taxable","36":"shipping-taxable","37":"purchasable","38":"product-type-simple"},"acf":[],"yoast_head":"<!-- This site is optimized with the Yoast SEO plugin v26.1.1 - https:\/\/yoast.com\/wordpress\/plugins\/seo\/ -->\n<title>Moving Tower - Meliconi<\/title>\n<meta name=\"description\" content=\"Erstellen Sie Ihren Waschmaschinen-Trockner-Turm und bewegen Sie ihn! Zwischenbaurahmen f\u00fcr slim Trockner und Waschmaschine, Made in Italy\" \/>\n<meta name=\"robots\" content=\"index, follow, max-snippet:-1, max-image-preview:large, max-video-preview:-1\" \/>\n<link rel=\"canonical\" href=\"https:\/\/www.meliconi.com\/de\/produkt\/moving-tower-zwischenbaurahmen-fuer-trockner-und-waschmaschine\/\" \/>\n<meta property=\"og:locale\" content=\"de_DE\" \/>\n<meta property=\"og:type\" content=\"article\" \/>\n<meta property=\"og:title\" content=\"Moving Tower - Meliconi\" \/>\n<meta property=\"og:description\" content=\"Erstellen Sie Ihren Waschmaschinen-Trockner-Turm und bewegen Sie ihn! Zwischenbaurahmen f\u00fcr slim Trockner und Waschmaschine, Made in Italy\" \/>\n<meta property=\"og:url\" content=\"https:\/\/www.meliconi.com\/de\/produkt\/moving-tower-zwischenbaurahmen-fuer-trockner-und-waschmaschine\/\" \/>\n<meta property=\"og:site_name\" content=\"Meliconi\" \/>\n<meta property=\"article:modified_time\" content=\"2024-10-08T13:27:22+00:00\" \/>\n<meta property=\"og:image\" content=\"https:\/\/www.meliconi.com\/wp-content\/uploads\/2024\/05\/656147_MT2024-livelli_CMYK_mod-copia-724x1024.png\" \/>\n\t<meta property=\"og:image:width\" content=\"724\" \/>\n\t<meta property=\"og:image:height\" content=\"1024\" \/>\n\t<meta property=\"og:image:type\" content=\"image\/png\" \/>\n<meta name=\"twitter:card\" content=\"summary_large_image\" \/>\n<meta name=\"twitter:label1\" content=\"Gesch\u00e4tzte Lesezeit\" \/>\n\t<meta name=\"twitter:data1\" content=\"1\u00a0Minute\" \/>\n<script type=\"application\/ld+json\" class=\"yoast-schema-graph\">{\"@context\":\"https:\/\/schema.org\",\"@graph\":[{\"@type\":\"WebPage\",\"@id\":\"https:\/\/www.meliconi.com\/de\/produkt\/moving-tower-zwischenbaurahmen-fuer-trockner-und-waschmaschine\/\",\"url\":\"https:\/\/www.meliconi.com\/de\/produkt\/moving-tower-zwischenbaurahmen-fuer-trockner-und-waschmaschine\/\",\"name\":\"Moving Tower - Meliconi\",\"isPartOf\":{\"@id\":\"https:\/\/www.meliconi.com\/de\/#website\"},\"primaryImageOfPage\":{\"@id\":\"https:\/\/www.meliconi.com\/de\/produkt\/moving-tower-zwischenbaurahmen-fuer-trockner-und-waschmaschine\/#primaryimage\"},\"image\":{\"@id\":\"https:\/\/www.meliconi.com\/de\/produkt\/moving-tower-zwischenbaurahmen-fuer-trockner-und-waschmaschine\/#primaryimage\"},\"thumbnailUrl\":\"https:\/\/www.meliconi.com\/wp-content\/uploads\/2024\/05\/656147_MT2024-livelli_CMYK_mod-copia.png\",\"datePublished\":\"2024-05-22T14:07:37+00:00\",\"dateModified\":\"2024-10-08T13:27:22+00:00\",\"description\":\"Erstellen Sie Ihren Waschmaschinen-Trockner-Turm und bewegen Sie ihn! Zwischenbaurahmen f\u00fcr slim Trockner und Waschmaschine, Made in Italy\",\"breadcrumb\":{\"@id\":\"https:\/\/www.meliconi.com\/de\/produkt\/moving-tower-zwischenbaurahmen-fuer-trockner-und-waschmaschine\/#breadcrumb\"},\"inLanguage\":\"de\",\"potentialAction\":[{\"@type\":\"ReadAction\",\"target\":[\"https:\/\/www.meliconi.com\/de\/produkt\/moving-tower-zwischenbaurahmen-fuer-trockner-und-waschmaschine\/\"]}]},{\"@type\":\"ImageObject\",\"inLanguage\":\"de\",\"@id\":\"https:\/\/www.meliconi.com\/de\/produkt\/moving-tower-zwischenbaurahmen-fuer-trockner-und-waschmaschine\/#primaryimage\",\"url\":\"https:\/\/www.meliconi.com\/wp-content\/uploads\/2024\/05\/656147_MT2024-livelli_CMYK_mod-copia.png\",\"contentUrl\":\"https:\/\/www.meliconi.com\/wp-content\/uploads\/2024\/05\/656147_MT2024-livelli_CMYK_mod-copia.png\",\"width\":5000,\"height\":7072},{\"@type\":\"BreadcrumbList\",\"@id\":\"https:\/\/www.meliconi.com\/de\/produkt\/moving-tower-zwischenbaurahmen-fuer-trockner-und-waschmaschine\/#breadcrumb\",\"itemListElement\":[{\"@type\":\"ListItem\",\"position\":1,\"name\":\"Home\",\"item\":\"https:\/\/www.meliconi.com\/de\/\"},{\"@type\":\"ListItem\",\"position\":2,\"name\":\"Shop\",\"item\":\"https:\/\/www.meliconi.com\/de\/shop-de\/\"},{\"@type\":\"ListItem\",\"position\":3,\"name\":\"Moving Tower\"}]},{\"@type\":\"WebSite\",\"@id\":\"https:\/\/www.meliconi.com\/de\/#website\",\"url\":\"https:\/\/www.meliconi.com\/de\/\",\"name\":\"Meliconi\",\"description\":\"Lo specialista dell&#039;accessorio\",\"publisher\":{\"@id\":\"https:\/\/www.meliconi.com\/de\/#organization\"},\"potentialAction\":[{\"@type\":\"SearchAction\",\"target\":{\"@type\":\"EntryPoint\",\"urlTemplate\":\"https:\/\/www.meliconi.com\/de\/?s={search_term_string}\"},\"query-input\":{\"@type\":\"PropertyValueSpecification\",\"valueRequired\":true,\"valueName\":\"search_term_string\"}}],\"inLanguage\":\"de\"},{\"@type\":\"Organization\",\"@id\":\"https:\/\/www.meliconi.com\/de\/#organization\",\"name\":\"Meliconi\",\"url\":\"https:\/\/www.meliconi.com\/de\/\",\"logo\":{\"@type\":\"ImageObject\",\"inLanguage\":\"de\",\"@id\":\"https:\/\/www.meliconi.com\/de\/#\/schema\/logo\/image\/\",\"url\":\"https:\/\/www.meliconi.com\/wp-content\/uploads\/2021\/06\/logo-meliconi.png\",\"contentUrl\":\"https:\/\/www.meliconi.com\/wp-content\/uploads\/2021\/06\/logo-meliconi.png\",\"width\":338,\"height\":102,\"caption\":\"Meliconi\"},\"image\":{\"@id\":\"https:\/\/www.meliconi.com\/de\/#\/schema\/logo\/image\/\"}}]}<\/script>\n<!-- \/ Yoast SEO plugin. -->","yoast_head_json":{"title":"Moving Tower - Meliconi","description":"Erstellen Sie Ihren Waschmaschinen-Trockner-Turm und bewegen Sie ihn! Zwischenbaurahmen f\u00fcr slim Trockner und Waschmaschine, Made in Italy","robots":{"index":"index","follow":"follow","max-snippet":"max-snippet:-1","max-image-preview":"max-image-preview:large","max-video-preview":"max-video-preview:-1"},"canonical":"https:\/\/www.meliconi.com\/de\/produkt\/moving-tower-zwischenbaurahmen-fuer-trockner-und-waschmaschine\/","og_locale":"de_DE","og_type":"article","og_title":"Moving Tower - Meliconi","og_description":"Erstellen Sie Ihren Waschmaschinen-Trockner-Turm und bewegen Sie ihn! Zwischenbaurahmen f\u00fcr slim Trockner und Waschmaschine, Made in Italy","og_url":"https:\/\/www.meliconi.com\/de\/produkt\/moving-tower-zwischenbaurahmen-fuer-trockner-und-waschmaschine\/","og_site_name":"Meliconi","article_modified_time":"2024-10-08T13:27:22+00:00","og_image":[{"width":724,"height":1024,"url":"https:\/\/www.meliconi.com\/wp-content\/uploads\/2024\/05\/656147_MT2024-livelli_CMYK_mod-copia-724x1024.png","type":"image\/png"}],"twitter_card":"summary_large_image","twitter_misc":{"Gesch\u00e4tzte Lesezeit":"1\u00a0Minute"},"schema":{"@context":"https:\/\/schema.org","@graph":[{"@type":"WebPage","@id":"https:\/\/www.meliconi.com\/de\/produkt\/moving-tower-zwischenbaurahmen-fuer-trockner-und-waschmaschine\/","url":"https:\/\/www.meliconi.com\/de\/produkt\/moving-tower-zwischenbaurahmen-fuer-trockner-und-waschmaschine\/","name":"Moving Tower - Meliconi","isPartOf":{"@id":"https:\/\/www.meliconi.com\/de\/#website"},"primaryImageOfPage":{"@id":"https:\/\/www.meliconi.com\/de\/produkt\/moving-tower-zwischenbaurahmen-fuer-trockner-und-waschmaschine\/#primaryimage"},"image":{"@id":"https:\/\/www.meliconi.com\/de\/produkt\/moving-tower-zwischenbaurahmen-fuer-trockner-und-waschmaschine\/#primaryimage"},"thumbnailUrl":"https:\/\/www.meliconi.com\/wp-content\/uploads\/2024\/05\/656147_MT2024-livelli_CMYK_mod-copia.png","datePublished":"2024-05-22T14:07:37+00:00","dateModified":"2024-10-08T13:27:22+00:00","description":"Erstellen Sie Ihren Waschmaschinen-Trockner-Turm und bewegen Sie ihn! Zwischenbaurahmen f\u00fcr slim Trockner und Waschmaschine, Made in Italy","breadcrumb":{"@id":"https:\/\/www.meliconi.com\/de\/produkt\/moving-tower-zwischenbaurahmen-fuer-trockner-und-waschmaschine\/#breadcrumb"},"inLanguage":"de","potentialAction":[{"@type":"ReadAction","target":["https:\/\/www.meliconi.com\/de\/produkt\/moving-tower-zwischenbaurahmen-fuer-trockner-und-waschmaschine\/"]}]},{"@type":"ImageObject","inLanguage":"de","@id":"https:\/\/www.meliconi.com\/de\/produkt\/moving-tower-zwischenbaurahmen-fuer-trockner-und-waschmaschine\/#primaryimage","url":"https:\/\/www.meliconi.com\/wp-content\/uploads\/2024\/05\/656147_MT2024-livelli_CMYK_mod-copia.png","contentUrl":"https:\/\/www.meliconi.com\/wp-content\/uploads\/2024\/05\/656147_MT2024-livelli_CMYK_mod-copia.png","width":5000,"height":7072},{"@type":"BreadcrumbList","@id":"https:\/\/www.meliconi.com\/de\/produkt\/moving-tower-zwischenbaurahmen-fuer-trockner-und-waschmaschine\/#breadcrumb","itemListElement":[{"@type":"ListItem","position":1,"name":"Home","item":"https:\/\/www.meliconi.com\/de\/"},{"@type":"ListItem","position":2,"name":"Shop","item":"https:\/\/www.meliconi.com\/de\/shop-de\/"},{"@type":"ListItem","position":3,"name":"Moving Tower"}]},{"@type":"WebSite","@id":"https:\/\/www.meliconi.com\/de\/#website","url":"https:\/\/www.meliconi.com\/de\/","name":"Meliconi","description":"Lo specialista dell&#039;accessorio","publisher":{"@id":"https:\/\/www.meliconi.com\/de\/#organization"},"potentialAction":[{"@type":"SearchAction","target":{"@type":"EntryPoint","urlTemplate":"https:\/\/www.meliconi.com\/de\/?s={search_term_string}"},"query-input":{"@type":"PropertyValueSpecification","valueRequired":true,"valueName":"search_term_string"}}],"inLanguage":"de"},{"@type":"Organization","@id":"https:\/\/www.meliconi.com\/de\/#organization","name":"Meliconi","url":"https:\/\/www.meliconi.com\/de\/","logo":{"@type":"ImageObject","inLanguage":"de","@id":"https:\/\/www.meliconi.com\/de\/#\/schema\/logo\/image\/","url":"https:\/\/www.meliconi.com\/wp-content\/uploads\/2021\/06\/logo-meliconi.png","contentUrl":"https:\/\/www.meliconi.com\/wp-content\/uploads\/2021\/06\/logo-meliconi.png","width":338,"height":102,"caption":"Meliconi"},"image":{"@id":"https:\/\/www.meliconi.com\/de\/#\/schema\/logo\/image\/"}}]}},"_links":{"self":[{"href":"https:\/\/www.meliconi.com\/de\/wp-json\/wp\/v2\/product\/61222","targetHints":{"allow":["GET"]}}],"collection":[{"href":"https:\/\/www.meliconi.com\/de\/wp-json\/wp\/v2\/product"}],"about":[{"href":"https:\/\/www.meliconi.com\/de\/wp-json\/wp\/v2\/types\/product"}],"wp:featuredmedia":[{"embeddable":true,"href":"https:\/\/www.meliconi.com\/de\/wp-json\/wp\/v2\/media\/61224"}],"wp:attachment":[{"href":"https:\/\/www.meliconi.com\/de\/wp-json\/wp\/v2\/media?parent=61222"}],"wp:term":[{"taxonomy":"product_cat","embeddable":true,"href":"https:\/\/www.meliconi.com\/de\/wp-json\/wp\/v2\/product_cat?post=61222"},{"taxonomy":"product_tag","embeddable":true,"href":"https:\/\/www.meliconi.com\/de\/wp-json\/wp\/v2\/product_tag?post=61222"}],"curies":[{"name":"wp","href":"https:\/\/api.w.org\/{rel}","templated":true}]}}