{"id":61184,"date":"2024-05-02T14:16:46","date_gmt":"2024-05-02T12:16:46","guid":{"rendered":"https:\/\/www.meliconi.com\/prodotto\/base-wash-evo-con-ruote-base-per-lavatrice-con-ruote\/"},"modified":"2024-10-08T14:34:49","modified_gmt":"2024-10-08T12:34:49","slug":"base-wash-evo-antivibrationsbasis-mit-rollen","status":"publish","type":"product","link":"https:\/\/www.meliconi.com\/de\/produkt\/base-wash-evo-antivibrationsbasis-mit-rollen\/","title":{"rendered":"Base Wash Evo"},"content":{"rendered":"<p>Anti-Vibrations-Sockel mit Rollen und Anti-Vibrationssystem, speziell f\u00fcr Waschmaschinen oder Trockner.<br \/>\nDieser Sockel f\u00fcr Waschmaschinen und Trockner erm\u00f6glicht es, die Ger\u00e4te m\u00fchelos zu bewegen oder sicher gebremst zu halten. Die Struktur besteht aus ultra-resistentem Technopolymer, das zu 30 % aus recyceltem Kunststoff gefertigt ist, was Meliconis Engagement f\u00fcr den Umweltschutz unterstreicht. Dieser Anteil verringert den \u00f6kologischen Fu\u00dfabdruck, w\u00e4hrend er gleichzeitig Widerstandsf\u00e4higkeit und Stabilit\u00e4t gew\u00e4hrleistet.<br \/>\nDer Sockel ist vormontiert und extrem einfach zu installieren. Er ist universell und kompatibel mit allen Frontlader-Waschmaschinen und -Trocknern, die 60 cm breit und bis zu 61 cm tief sind, wobei der maximale Abstand zwischen den vorderen und hinteren F\u00fc\u00dfen 54,5 cm betr\u00e4gt. Die vorderen Bremshebel sind auch ideal, wenn das Ger\u00e4t eingebaut oder nah an einer Wand aufgestellt wird. Der Sockel kann auch in Kombination mit einem Wasch-Trockner-Turm verwendet werden und tr\u00e4gt bis zu 250 kg.<br \/>\nMade in Italy und mit einer Garantie von 10 Jahren ausgestattet, verf\u00fcgt dieser Waschmaschinensockel mit Rollen \u00fcber ein Anti-Vibrationssystem. Wenn die Hebel abgesenkt sind, halten die Gummistopfen den Sockel fest auf dem Boden und absorbieren die Vibrationen. Wenn die Hebel aktiviert werden, senken sich die vorderen R\u00e4der, die Gummistopfen heben sich an und der Sockel erm\u00f6glicht ein einfaches Vor- und Zur\u00fcckschieben des Ger\u00e4ts.<\/p>\n","protected":false},"excerpt":{"rendered":"<p>Antivibrationsbasis mit Rollen<\/p>\n","protected":false},"featured_media":59250,"template":"","meta":{"_acf_changed":false},"product_brand":[],"product_cat":[1177],"product_tag":[1435,1464,1465,1466,1467,1468,1469,1445,1470,1471,1472,1473,1437,1474,1475,1476,1477,1440,1478,1442,1443],"class_list":{"0":"post-61184","1":"product","2":"type-product","3":"status-publish","4":"has-post-thumbnail","6":"product_cat-untergestelle-fur-haushaltsgerate","7":"product_tag-anti-vibrazione-de","8":"product_tag-base-alta-per-lavatrice-de","9":"product_tag-base-antivibrante-lavatrice-de","10":"product_tag-base-antivibrazione-per-lavatrice-de","11":"product_tag-base-appoggio-lavatrice-asciugatrice-de","12":"product_tag-base-appoggio-lavatrice-de","13":"product_tag-base-asciugatrice-lavatrice-de","14":"product_tag-base-lavatrice-de","15":"product_tag-base-lavatrice-asciugatrice-de","16":"product_tag-base-lavatrice-con-ruote-de","17":"product_tag-base-per-colonna-lavatrice-asciugatrice-de","18":"product_tag-base-per-lavatrice-de","19":"product_tag-base-per-lavatrice-e-asciugatrice-de","20":"product_tag-base-per-lavatrice-meliconi-de","21":"product_tag-base-porta-lavatrice-de","22":"product_tag-meliconi-base-lavatrice-de","23":"product_tag-mobile-base-per-lavatrice-de","24":"product_tag-supporto-lavatrice-anti-vibrazione-de","25":"product_tag-supporto-lavatrice-con-ruote-de","26":"product_tag-supporto-lavatrice-regolabile-de","27":"product_tag-supporto-per-asciugatrice-de","29":"first","30":"instock","31":"taxable","32":"shipping-taxable","33":"purchasable","34":"product-type-simple"},"acf":[],"yoast_head":"<!-- This site is optimized with the Yoast SEO plugin v27.4 - https:\/\/yoast.com\/product\/yoast-seo-wordpress\/ -->\n<title>Base Wash Evo - Meliconi<\/title>\n<meta name=\"description\" content=\"Antivibrationsbasis mit Rollen aus Technopolymer, herausziehbare Seitenbremsen und Anti-Vibrationssystem, speziell f\u00fcr Waschmaschinen oder Trockner.\" \/>\n<meta name=\"robots\" content=\"index, follow, max-snippet:-1, max-image-preview:large, max-video-preview:-1\" \/>\n<link rel=\"canonical\" href=\"https:\/\/www.meliconi.com\/de\/produkt\/base-wash-evo-antivibrationsbasis-mit-rollen\/\" \/>\n<meta property=\"og:locale\" content=\"de_DE\" \/>\n<meta property=\"og:type\" content=\"article\" \/>\n<meta property=\"og:title\" content=\"Base Wash Evo - Meliconi\" \/>\n<meta property=\"og:description\" content=\"Antivibrationsbasis mit Rollen aus Technopolymer, herausziehbare Seitenbremsen und Anti-Vibrationssystem, speziell f\u00fcr Waschmaschinen oder Trockner.\" \/>\n<meta property=\"og:url\" content=\"https:\/\/www.meliconi.com\/de\/produkt\/base-wash-evo-antivibrationsbasis-mit-rollen\/\" \/>\n<meta property=\"og:site_name\" content=\"Meliconi\" \/>\n<meta property=\"article:modified_time\" content=\"2024-10-08T12:34:49+00:00\" \/>\n<meta property=\"og:image\" content=\"https:\/\/www.meliconi.com\/wp-content\/uploads\/2024\/05\/656146_BASE-WASH-PRO-EVO-no-eva-STILL-1b-1024x724.png\" \/>\n\t<meta property=\"og:image:width\" content=\"1024\" \/>\n\t<meta property=\"og:image:height\" content=\"724\" \/>\n\t<meta property=\"og:image:type\" content=\"image\/png\" \/>\n<meta name=\"twitter:card\" content=\"summary_large_image\" \/>\n<meta name=\"twitter:label1\" content=\"Gesch\u00e4tzte Lesezeit\" \/>\n\t<meta name=\"twitter:data1\" content=\"2\u00a0Minuten\" \/>\n<script type=\"application\/ld+json\" class=\"yoast-schema-graph\">{\"@context\":\"https:\\\/\\\/schema.org\",\"@graph\":[{\"@type\":\"WebPage\",\"@id\":\"https:\\\/\\\/www.meliconi.com\\\/de\\\/produkt\\\/base-wash-evo-antivibrationsbasis-mit-rollen\\\/\",\"url\":\"https:\\\/\\\/www.meliconi.com\\\/de\\\/produkt\\\/base-wash-evo-antivibrationsbasis-mit-rollen\\\/\",\"name\":\"Base Wash Evo - Meliconi\",\"isPartOf\":{\"@id\":\"https:\\\/\\\/www.meliconi.com\\\/de\\\/#website\"},\"primaryImageOfPage\":{\"@id\":\"https:\\\/\\\/www.meliconi.com\\\/de\\\/produkt\\\/base-wash-evo-antivibrationsbasis-mit-rollen\\\/#primaryimage\"},\"image\":{\"@id\":\"https:\\\/\\\/www.meliconi.com\\\/de\\\/produkt\\\/base-wash-evo-antivibrationsbasis-mit-rollen\\\/#primaryimage\"},\"thumbnailUrl\":\"https:\\\/\\\/www.meliconi.com\\\/wp-content\\\/uploads\\\/2024\\\/05\\\/656146_BASE-WASH-PRO-EVO-no-eva-STILL-1b.png\",\"datePublished\":\"2024-05-02T12:16:46+00:00\",\"dateModified\":\"2024-10-08T12:34:49+00:00\",\"description\":\"Antivibrationsbasis mit Rollen aus Technopolymer, herausziehbare Seitenbremsen und Anti-Vibrationssystem, speziell f\u00fcr Waschmaschinen oder Trockner.\",\"breadcrumb\":{\"@id\":\"https:\\\/\\\/www.meliconi.com\\\/de\\\/produkt\\\/base-wash-evo-antivibrationsbasis-mit-rollen\\\/#breadcrumb\"},\"inLanguage\":\"de\",\"potentialAction\":[{\"@type\":\"ReadAction\",\"target\":[\"https:\\\/\\\/www.meliconi.com\\\/de\\\/produkt\\\/base-wash-evo-antivibrationsbasis-mit-rollen\\\/\"]}]},{\"@type\":\"ImageObject\",\"inLanguage\":\"de\",\"@id\":\"https:\\\/\\\/www.meliconi.com\\\/de\\\/produkt\\\/base-wash-evo-antivibrationsbasis-mit-rollen\\\/#primaryimage\",\"url\":\"https:\\\/\\\/www.meliconi.com\\\/wp-content\\\/uploads\\\/2024\\\/05\\\/656146_BASE-WASH-PRO-EVO-no-eva-STILL-1b.png\",\"contentUrl\":\"https:\\\/\\\/www.meliconi.com\\\/wp-content\\\/uploads\\\/2024\\\/05\\\/656146_BASE-WASH-PRO-EVO-no-eva-STILL-1b.png\",\"width\":5000,\"height\":3535},{\"@type\":\"BreadcrumbList\",\"@id\":\"https:\\\/\\\/www.meliconi.com\\\/de\\\/produkt\\\/base-wash-evo-antivibrationsbasis-mit-rollen\\\/#breadcrumb\",\"itemListElement\":[{\"@type\":\"ListItem\",\"position\":1,\"name\":\"Home\",\"item\":\"https:\\\/\\\/www.meliconi.com\\\/de\\\/\"},{\"@type\":\"ListItem\",\"position\":2,\"name\":\"Shop\",\"item\":\"https:\\\/\\\/www.meliconi.com\\\/de\\\/shop-de\\\/\"},{\"@type\":\"ListItem\",\"position\":3,\"name\":\"Base Wash Evo\"}]},{\"@type\":\"WebSite\",\"@id\":\"https:\\\/\\\/www.meliconi.com\\\/de\\\/#website\",\"url\":\"https:\\\/\\\/www.meliconi.com\\\/de\\\/\",\"name\":\"Meliconi\",\"description\":\"Lo specialista dell&#039;accessorio\",\"publisher\":{\"@id\":\"https:\\\/\\\/www.meliconi.com\\\/de\\\/#organization\"},\"potentialAction\":[{\"@type\":\"SearchAction\",\"target\":{\"@type\":\"EntryPoint\",\"urlTemplate\":\"https:\\\/\\\/www.meliconi.com\\\/de\\\/?s={search_term_string}\"},\"query-input\":{\"@type\":\"PropertyValueSpecification\",\"valueRequired\":true,\"valueName\":\"search_term_string\"}}],\"inLanguage\":\"de\"},{\"@type\":\"Organization\",\"@id\":\"https:\\\/\\\/www.meliconi.com\\\/de\\\/#organization\",\"name\":\"Meliconi\",\"url\":\"https:\\\/\\\/www.meliconi.com\\\/de\\\/\",\"logo\":{\"@type\":\"ImageObject\",\"inLanguage\":\"de\",\"@id\":\"https:\\\/\\\/www.meliconi.com\\\/de\\\/#\\\/schema\\\/logo\\\/image\\\/\",\"url\":\"https:\\\/\\\/www.meliconi.com\\\/wp-content\\\/uploads\\\/2021\\\/06\\\/logo-meliconi.png\",\"contentUrl\":\"https:\\\/\\\/www.meliconi.com\\\/wp-content\\\/uploads\\\/2021\\\/06\\\/logo-meliconi.png\",\"width\":338,\"height\":102,\"caption\":\"Meliconi\"},\"image\":{\"@id\":\"https:\\\/\\\/www.meliconi.com\\\/de\\\/#\\\/schema\\\/logo\\\/image\\\/\"}}]}<\/script>\n<!-- \/ Yoast SEO plugin. -->","yoast_head_json":{"title":"Base Wash Evo - Meliconi","description":"Antivibrationsbasis mit Rollen aus Technopolymer, herausziehbare Seitenbremsen und Anti-Vibrationssystem, speziell f\u00fcr Waschmaschinen oder Trockner.","robots":{"index":"index","follow":"follow","max-snippet":"max-snippet:-1","max-image-preview":"max-image-preview:large","max-video-preview":"max-video-preview:-1"},"canonical":"https:\/\/www.meliconi.com\/de\/produkt\/base-wash-evo-antivibrationsbasis-mit-rollen\/","og_locale":"de_DE","og_type":"article","og_title":"Base Wash Evo - Meliconi","og_description":"Antivibrationsbasis mit Rollen aus Technopolymer, herausziehbare Seitenbremsen und Anti-Vibrationssystem, speziell f\u00fcr Waschmaschinen oder Trockner.","og_url":"https:\/\/www.meliconi.com\/de\/produkt\/base-wash-evo-antivibrationsbasis-mit-rollen\/","og_site_name":"Meliconi","article_modified_time":"2024-10-08T12:34:49+00:00","og_image":[{"width":1024,"height":724,"url":"https:\/\/www.meliconi.com\/wp-content\/uploads\/2024\/05\/656146_BASE-WASH-PRO-EVO-no-eva-STILL-1b-1024x724.png","type":"image\/png"}],"twitter_card":"summary_large_image","twitter_misc":{"Gesch\u00e4tzte Lesezeit":"2\u00a0Minuten"},"schema":{"@context":"https:\/\/schema.org","@graph":[{"@type":"WebPage","@id":"https:\/\/www.meliconi.com\/de\/produkt\/base-wash-evo-antivibrationsbasis-mit-rollen\/","url":"https:\/\/www.meliconi.com\/de\/produkt\/base-wash-evo-antivibrationsbasis-mit-rollen\/","name":"Base Wash Evo - Meliconi","isPartOf":{"@id":"https:\/\/www.meliconi.com\/de\/#website"},"primaryImageOfPage":{"@id":"https:\/\/www.meliconi.com\/de\/produkt\/base-wash-evo-antivibrationsbasis-mit-rollen\/#primaryimage"},"image":{"@id":"https:\/\/www.meliconi.com\/de\/produkt\/base-wash-evo-antivibrationsbasis-mit-rollen\/#primaryimage"},"thumbnailUrl":"https:\/\/www.meliconi.com\/wp-content\/uploads\/2024\/05\/656146_BASE-WASH-PRO-EVO-no-eva-STILL-1b.png","datePublished":"2024-05-02T12:16:46+00:00","dateModified":"2024-10-08T12:34:49+00:00","description":"Antivibrationsbasis mit Rollen aus Technopolymer, herausziehbare Seitenbremsen und Anti-Vibrationssystem, speziell f\u00fcr Waschmaschinen oder Trockner.","breadcrumb":{"@id":"https:\/\/www.meliconi.com\/de\/produkt\/base-wash-evo-antivibrationsbasis-mit-rollen\/#breadcrumb"},"inLanguage":"de","potentialAction":[{"@type":"ReadAction","target":["https:\/\/www.meliconi.com\/de\/produkt\/base-wash-evo-antivibrationsbasis-mit-rollen\/"]}]},{"@type":"ImageObject","inLanguage":"de","@id":"https:\/\/www.meliconi.com\/de\/produkt\/base-wash-evo-antivibrationsbasis-mit-rollen\/#primaryimage","url":"https:\/\/www.meliconi.com\/wp-content\/uploads\/2024\/05\/656146_BASE-WASH-PRO-EVO-no-eva-STILL-1b.png","contentUrl":"https:\/\/www.meliconi.com\/wp-content\/uploads\/2024\/05\/656146_BASE-WASH-PRO-EVO-no-eva-STILL-1b.png","width":5000,"height":3535},{"@type":"BreadcrumbList","@id":"https:\/\/www.meliconi.com\/de\/produkt\/base-wash-evo-antivibrationsbasis-mit-rollen\/#breadcrumb","itemListElement":[{"@type":"ListItem","position":1,"name":"Home","item":"https:\/\/www.meliconi.com\/de\/"},{"@type":"ListItem","position":2,"name":"Shop","item":"https:\/\/www.meliconi.com\/de\/shop-de\/"},{"@type":"ListItem","position":3,"name":"Base Wash Evo"}]},{"@type":"WebSite","@id":"https:\/\/www.meliconi.com\/de\/#website","url":"https:\/\/www.meliconi.com\/de\/","name":"Meliconi","description":"Lo specialista dell&#039;accessorio","publisher":{"@id":"https:\/\/www.meliconi.com\/de\/#organization"},"potentialAction":[{"@type":"SearchAction","target":{"@type":"EntryPoint","urlTemplate":"https:\/\/www.meliconi.com\/de\/?s={search_term_string}"},"query-input":{"@type":"PropertyValueSpecification","valueRequired":true,"valueName":"search_term_string"}}],"inLanguage":"de"},{"@type":"Organization","@id":"https:\/\/www.meliconi.com\/de\/#organization","name":"Meliconi","url":"https:\/\/www.meliconi.com\/de\/","logo":{"@type":"ImageObject","inLanguage":"de","@id":"https:\/\/www.meliconi.com\/de\/#\/schema\/logo\/image\/","url":"https:\/\/www.meliconi.com\/wp-content\/uploads\/2021\/06\/logo-meliconi.png","contentUrl":"https:\/\/www.meliconi.com\/wp-content\/uploads\/2021\/06\/logo-meliconi.png","width":338,"height":102,"caption":"Meliconi"},"image":{"@id":"https:\/\/www.meliconi.com\/de\/#\/schema\/logo\/image\/"}}]}},"_links":{"self":[{"href":"https:\/\/www.meliconi.com\/de\/wp-json\/wp\/v2\/product\/61184","targetHints":{"allow":["GET"]}}],"collection":[{"href":"https:\/\/www.meliconi.com\/de\/wp-json\/wp\/v2\/product"}],"about":[{"href":"https:\/\/www.meliconi.com\/de\/wp-json\/wp\/v2\/types\/product"}],"wp:featuredmedia":[{"embeddable":true,"href":"https:\/\/www.meliconi.com\/de\/wp-json\/wp\/v2\/media\/59250"}],"wp:attachment":[{"href":"https:\/\/www.meliconi.com\/de\/wp-json\/wp\/v2\/media?parent=61184"}],"wp:term":[{"taxonomy":"product_brand","embeddable":true,"href":"https:\/\/www.meliconi.com\/de\/wp-json\/wp\/v2\/product_brand?post=61184"},{"taxonomy":"product_cat","embeddable":true,"href":"https:\/\/www.meliconi.com\/de\/wp-json\/wp\/v2\/product_cat?post=61184"},{"taxonomy":"product_tag","embeddable":true,"href":"https:\/\/www.meliconi.com\/de\/wp-json\/wp\/v2\/product_tag?post=61184"}],"curies":[{"name":"wp","href":"https:\/\/api.w.org\/{rel}","templated":true}]}}