{"id":61128,"date":"2021-06-25T15:56:59","date_gmt":"2021-06-25T15:56:59","guid":{"rendered":"https:\/\/www.meliconi.com\/prodotto\/torre-slim-l45-kit-sovrapposizione-lavatrice-asciugatrice-slim\/"},"modified":"2024-10-08T15:24:52","modified_gmt":"2024-10-08T13:24:52","slug":"torre-slim-l45-zwischenbaurahmen-fuer-slim-trockner-und-waschmaschine","status":"publish","type":"product","link":"https:\/\/www.meliconi.com\/de\/produkt\/torre-slim-l45-zwischenbaurahmen-fuer-slim-trockner-und-waschmaschine\/","title":{"rendered":"Torre Slim L45"},"content":{"rendered":"<p>Der TORRE SLIM L45 ist ein Slim-Technopolymer-\u00dcberbaukit f\u00fcr Waschmaschinen und Trockner. Universell und kompatibel mit den meisten Frontlader-Waschmaschinen und -Trocknern, die 60 cm breit und bis zu 47 cm tief sind, unterst\u00fctzt das Kit ein maximales Gewicht von 250 kg. Dieses Kit erm\u00f6glicht es, Platz zu sparen, indem der Trockner auf die Waschmaschine gestellt wird. Die ultrarobuste Technopolymer-Verst\u00e4rkungsstruktur gew\u00e4hrleistet die Stabilit\u00e4t der Ger\u00e4te.<br \/>\nEin 6 Meter langer Sicherheitsgurt mit Metallschnalle ist im Lieferumfang enthalten, der Gurt wird au\u00dfen um das Kit gef\u00fchrt, da keine Schlitze vorhanden sind.<br \/>\nDas vormontierte Design sorgt f\u00fcr eine schnelle Installation und ist ideal als Sockel sowie \u00dcberbaukit f\u00fcr Slim-Waschmaschinen und -Trockner.<\/p>\n","protected":false},"excerpt":{"rendered":"<p>Zwischenbaurahmen f\u00fcr slim Trockner und Waschmaschine.<\/p>\n","protected":false},"featured_media":61130,"template":"","meta":{"_acf_changed":false},"product_brand":[],"product_cat":[1176],"product_tag":[1451,1452,1453,1454,1455,1456,1457,1458,1459,1460,1461,1462,1463],"class_list":{"0":"post-61128","1":"product","2":"type-product","3":"status-publish","4":"has-post-thumbnail","6":"product_cat-zwischenbaurahmen","7":"product_tag-divisorio-de","8":"product_tag-kit-colonna-bucato-de","9":"product_tag-kit-di-sovrapposizione-universale-de","10":"product_tag-kit-salvaspazio-lavatrice-asciugatrice-de","11":"product_tag-kit-sovrapposizione-lavatrice-asciugatrice-de","12":"product_tag-meliconi-lavatrice-asciugatrice-de","13":"product_tag-meliconi-torre-lavatrice-asciugatrice-de","14":"product_tag-mobile-lavatrice-asciugatrice-de","15":"product_tag-separatore-de","16":"product_tag-sovrapposizione-lavatrice-asciugatrice-de","17":"product_tag-supporto-asciugatrice-lavatrice-de","18":"product_tag-supporto-asciugatrice-sopra-lavatrice-de","19":"product_tag-supporto-lavatrice-asciugatrice-de","21":"first","22":"instock","23":"taxable","24":"shipping-taxable","25":"purchasable","26":"product-type-simple"},"acf":[],"yoast_head":"<!-- This site is optimized with the Yoast SEO plugin v27.4 - https:\/\/yoast.com\/product\/yoast-seo-wordpress\/ -->\n<title>Torre Slim L45 - Meliconi<\/title>\n<meta name=\"description\" content=\"Zwischenbaurahmen f\u00fcr slim Trockner und Waschmaschine, bis zu 46 cm tief. Universell, vormontiert, Made in Italy und T\u00dcV-zertifiziert.\" \/>\n<meta name=\"robots\" content=\"index, follow, max-snippet:-1, max-image-preview:large, max-video-preview:-1\" \/>\n<link rel=\"canonical\" href=\"https:\/\/www.meliconi.com\/de\/produkt\/torre-slim-l45-zwischenbaurahmen-fuer-slim-trockner-und-waschmaschine\/\" \/>\n<meta property=\"og:locale\" content=\"de_DE\" \/>\n<meta property=\"og:type\" content=\"article\" \/>\n<meta property=\"og:title\" content=\"Torre Slim L45 - Meliconi\" \/>\n<meta property=\"og:description\" content=\"Zwischenbaurahmen f\u00fcr slim Trockner und Waschmaschine, bis zu 46 cm tief. Universell, vormontiert, Made in Italy und T\u00dcV-zertifiziert.\" \/>\n<meta property=\"og:url\" content=\"https:\/\/www.meliconi.com\/de\/produkt\/torre-slim-l45-zwischenbaurahmen-fuer-slim-trockner-und-waschmaschine\/\" \/>\n<meta property=\"og:site_name\" content=\"Meliconi\" \/>\n<meta property=\"article:modified_time\" content=\"2024-10-08T13:24:52+00:00\" \/>\n<meta property=\"og:image\" content=\"https:\/\/www.meliconi.com\/wp-content\/uploads\/2021\/06\/656116BB_Prodotto_TORRE_SLIM.png\" \/>\n\t<meta property=\"og:image:width\" content=\"4775\" \/>\n\t<meta property=\"og:image:height\" content=\"1906\" \/>\n\t<meta property=\"og:image:type\" content=\"image\/png\" \/>\n<meta name=\"twitter:card\" content=\"summary_large_image\" \/>\n<meta name=\"twitter:label1\" content=\"Gesch\u00e4tzte Lesezeit\" \/>\n\t<meta name=\"twitter:data1\" content=\"1\u00a0Minute\" \/>\n<script type=\"application\/ld+json\" class=\"yoast-schema-graph\">{\"@context\":\"https:\\\/\\\/schema.org\",\"@graph\":[{\"@type\":\"WebPage\",\"@id\":\"https:\\\/\\\/www.meliconi.com\\\/de\\\/produkt\\\/torre-slim-l45-zwischenbaurahmen-fuer-slim-trockner-und-waschmaschine\\\/\",\"url\":\"https:\\\/\\\/www.meliconi.com\\\/de\\\/produkt\\\/torre-slim-l45-zwischenbaurahmen-fuer-slim-trockner-und-waschmaschine\\\/\",\"name\":\"Torre Slim L45 - Meliconi\",\"isPartOf\":{\"@id\":\"https:\\\/\\\/www.meliconi.com\\\/de\\\/#website\"},\"primaryImageOfPage\":{\"@id\":\"https:\\\/\\\/www.meliconi.com\\\/de\\\/produkt\\\/torre-slim-l45-zwischenbaurahmen-fuer-slim-trockner-und-waschmaschine\\\/#primaryimage\"},\"image\":{\"@id\":\"https:\\\/\\\/www.meliconi.com\\\/de\\\/produkt\\\/torre-slim-l45-zwischenbaurahmen-fuer-slim-trockner-und-waschmaschine\\\/#primaryimage\"},\"thumbnailUrl\":\"https:\\\/\\\/www.meliconi.com\\\/wp-content\\\/uploads\\\/2021\\\/06\\\/656116BB_Prodotto_TORRE_SLIM.png\",\"datePublished\":\"2021-06-25T15:56:59+00:00\",\"dateModified\":\"2024-10-08T13:24:52+00:00\",\"description\":\"Zwischenbaurahmen f\u00fcr slim Trockner und Waschmaschine, bis zu 46 cm tief. Universell, vormontiert, Made in Italy und T\u00dcV-zertifiziert.\",\"breadcrumb\":{\"@id\":\"https:\\\/\\\/www.meliconi.com\\\/de\\\/produkt\\\/torre-slim-l45-zwischenbaurahmen-fuer-slim-trockner-und-waschmaschine\\\/#breadcrumb\"},\"inLanguage\":\"de\",\"potentialAction\":[{\"@type\":\"ReadAction\",\"target\":[\"https:\\\/\\\/www.meliconi.com\\\/de\\\/produkt\\\/torre-slim-l45-zwischenbaurahmen-fuer-slim-trockner-und-waschmaschine\\\/\"]}]},{\"@type\":\"ImageObject\",\"inLanguage\":\"de\",\"@id\":\"https:\\\/\\\/www.meliconi.com\\\/de\\\/produkt\\\/torre-slim-l45-zwischenbaurahmen-fuer-slim-trockner-und-waschmaschine\\\/#primaryimage\",\"url\":\"https:\\\/\\\/www.meliconi.com\\\/wp-content\\\/uploads\\\/2021\\\/06\\\/656116BB_Prodotto_TORRE_SLIM.png\",\"contentUrl\":\"https:\\\/\\\/www.meliconi.com\\\/wp-content\\\/uploads\\\/2021\\\/06\\\/656116BB_Prodotto_TORRE_SLIM.png\",\"width\":4775,\"height\":1906},{\"@type\":\"BreadcrumbList\",\"@id\":\"https:\\\/\\\/www.meliconi.com\\\/de\\\/produkt\\\/torre-slim-l45-zwischenbaurahmen-fuer-slim-trockner-und-waschmaschine\\\/#breadcrumb\",\"itemListElement\":[{\"@type\":\"ListItem\",\"position\":1,\"name\":\"Home\",\"item\":\"https:\\\/\\\/www.meliconi.com\\\/de\\\/\"},{\"@type\":\"ListItem\",\"position\":2,\"name\":\"Shop\",\"item\":\"https:\\\/\\\/www.meliconi.com\\\/de\\\/shop-de\\\/\"},{\"@type\":\"ListItem\",\"position\":3,\"name\":\"Torre Slim L45\"}]},{\"@type\":\"WebSite\",\"@id\":\"https:\\\/\\\/www.meliconi.com\\\/de\\\/#website\",\"url\":\"https:\\\/\\\/www.meliconi.com\\\/de\\\/\",\"name\":\"Meliconi\",\"description\":\"Lo specialista dell&#039;accessorio\",\"publisher\":{\"@id\":\"https:\\\/\\\/www.meliconi.com\\\/de\\\/#organization\"},\"potentialAction\":[{\"@type\":\"SearchAction\",\"target\":{\"@type\":\"EntryPoint\",\"urlTemplate\":\"https:\\\/\\\/www.meliconi.com\\\/de\\\/?s={search_term_string}\"},\"query-input\":{\"@type\":\"PropertyValueSpecification\",\"valueRequired\":true,\"valueName\":\"search_term_string\"}}],\"inLanguage\":\"de\"},{\"@type\":\"Organization\",\"@id\":\"https:\\\/\\\/www.meliconi.com\\\/de\\\/#organization\",\"name\":\"Meliconi\",\"url\":\"https:\\\/\\\/www.meliconi.com\\\/de\\\/\",\"logo\":{\"@type\":\"ImageObject\",\"inLanguage\":\"de\",\"@id\":\"https:\\\/\\\/www.meliconi.com\\\/de\\\/#\\\/schema\\\/logo\\\/image\\\/\",\"url\":\"https:\\\/\\\/www.meliconi.com\\\/wp-content\\\/uploads\\\/2021\\\/06\\\/logo-meliconi.png\",\"contentUrl\":\"https:\\\/\\\/www.meliconi.com\\\/wp-content\\\/uploads\\\/2021\\\/06\\\/logo-meliconi.png\",\"width\":338,\"height\":102,\"caption\":\"Meliconi\"},\"image\":{\"@id\":\"https:\\\/\\\/www.meliconi.com\\\/de\\\/#\\\/schema\\\/logo\\\/image\\\/\"}}]}<\/script>\n<!-- \/ Yoast SEO plugin. -->","yoast_head_json":{"title":"Torre Slim L45 - Meliconi","description":"Zwischenbaurahmen f\u00fcr slim Trockner und Waschmaschine, bis zu 46 cm tief. Universell, vormontiert, Made in Italy und T\u00dcV-zertifiziert.","robots":{"index":"index","follow":"follow","max-snippet":"max-snippet:-1","max-image-preview":"max-image-preview:large","max-video-preview":"max-video-preview:-1"},"canonical":"https:\/\/www.meliconi.com\/de\/produkt\/torre-slim-l45-zwischenbaurahmen-fuer-slim-trockner-und-waschmaschine\/","og_locale":"de_DE","og_type":"article","og_title":"Torre Slim L45 - Meliconi","og_description":"Zwischenbaurahmen f\u00fcr slim Trockner und Waschmaschine, bis zu 46 cm tief. Universell, vormontiert, Made in Italy und T\u00dcV-zertifiziert.","og_url":"https:\/\/www.meliconi.com\/de\/produkt\/torre-slim-l45-zwischenbaurahmen-fuer-slim-trockner-und-waschmaschine\/","og_site_name":"Meliconi","article_modified_time":"2024-10-08T13:24:52+00:00","og_image":[{"width":4775,"height":1906,"url":"https:\/\/www.meliconi.com\/wp-content\/uploads\/2021\/06\/656116BB_Prodotto_TORRE_SLIM.png","type":"image\/png"}],"twitter_card":"summary_large_image","twitter_misc":{"Gesch\u00e4tzte Lesezeit":"1\u00a0Minute"},"schema":{"@context":"https:\/\/schema.org","@graph":[{"@type":"WebPage","@id":"https:\/\/www.meliconi.com\/de\/produkt\/torre-slim-l45-zwischenbaurahmen-fuer-slim-trockner-und-waschmaschine\/","url":"https:\/\/www.meliconi.com\/de\/produkt\/torre-slim-l45-zwischenbaurahmen-fuer-slim-trockner-und-waschmaschine\/","name":"Torre Slim L45 - Meliconi","isPartOf":{"@id":"https:\/\/www.meliconi.com\/de\/#website"},"primaryImageOfPage":{"@id":"https:\/\/www.meliconi.com\/de\/produkt\/torre-slim-l45-zwischenbaurahmen-fuer-slim-trockner-und-waschmaschine\/#primaryimage"},"image":{"@id":"https:\/\/www.meliconi.com\/de\/produkt\/torre-slim-l45-zwischenbaurahmen-fuer-slim-trockner-und-waschmaschine\/#primaryimage"},"thumbnailUrl":"https:\/\/www.meliconi.com\/wp-content\/uploads\/2021\/06\/656116BB_Prodotto_TORRE_SLIM.png","datePublished":"2021-06-25T15:56:59+00:00","dateModified":"2024-10-08T13:24:52+00:00","description":"Zwischenbaurahmen f\u00fcr slim Trockner und Waschmaschine, bis zu 46 cm tief. Universell, vormontiert, Made in Italy und T\u00dcV-zertifiziert.","breadcrumb":{"@id":"https:\/\/www.meliconi.com\/de\/produkt\/torre-slim-l45-zwischenbaurahmen-fuer-slim-trockner-und-waschmaschine\/#breadcrumb"},"inLanguage":"de","potentialAction":[{"@type":"ReadAction","target":["https:\/\/www.meliconi.com\/de\/produkt\/torre-slim-l45-zwischenbaurahmen-fuer-slim-trockner-und-waschmaschine\/"]}]},{"@type":"ImageObject","inLanguage":"de","@id":"https:\/\/www.meliconi.com\/de\/produkt\/torre-slim-l45-zwischenbaurahmen-fuer-slim-trockner-und-waschmaschine\/#primaryimage","url":"https:\/\/www.meliconi.com\/wp-content\/uploads\/2021\/06\/656116BB_Prodotto_TORRE_SLIM.png","contentUrl":"https:\/\/www.meliconi.com\/wp-content\/uploads\/2021\/06\/656116BB_Prodotto_TORRE_SLIM.png","width":4775,"height":1906},{"@type":"BreadcrumbList","@id":"https:\/\/www.meliconi.com\/de\/produkt\/torre-slim-l45-zwischenbaurahmen-fuer-slim-trockner-und-waschmaschine\/#breadcrumb","itemListElement":[{"@type":"ListItem","position":1,"name":"Home","item":"https:\/\/www.meliconi.com\/de\/"},{"@type":"ListItem","position":2,"name":"Shop","item":"https:\/\/www.meliconi.com\/de\/shop-de\/"},{"@type":"ListItem","position":3,"name":"Torre Slim L45"}]},{"@type":"WebSite","@id":"https:\/\/www.meliconi.com\/de\/#website","url":"https:\/\/www.meliconi.com\/de\/","name":"Meliconi","description":"Lo specialista dell&#039;accessorio","publisher":{"@id":"https:\/\/www.meliconi.com\/de\/#organization"},"potentialAction":[{"@type":"SearchAction","target":{"@type":"EntryPoint","urlTemplate":"https:\/\/www.meliconi.com\/de\/?s={search_term_string}"},"query-input":{"@type":"PropertyValueSpecification","valueRequired":true,"valueName":"search_term_string"}}],"inLanguage":"de"},{"@type":"Organization","@id":"https:\/\/www.meliconi.com\/de\/#organization","name":"Meliconi","url":"https:\/\/www.meliconi.com\/de\/","logo":{"@type":"ImageObject","inLanguage":"de","@id":"https:\/\/www.meliconi.com\/de\/#\/schema\/logo\/image\/","url":"https:\/\/www.meliconi.com\/wp-content\/uploads\/2021\/06\/logo-meliconi.png","contentUrl":"https:\/\/www.meliconi.com\/wp-content\/uploads\/2021\/06\/logo-meliconi.png","width":338,"height":102,"caption":"Meliconi"},"image":{"@id":"https:\/\/www.meliconi.com\/de\/#\/schema\/logo\/image\/"}}]}},"_links":{"self":[{"href":"https:\/\/www.meliconi.com\/de\/wp-json\/wp\/v2\/product\/61128","targetHints":{"allow":["GET"]}}],"collection":[{"href":"https:\/\/www.meliconi.com\/de\/wp-json\/wp\/v2\/product"}],"about":[{"href":"https:\/\/www.meliconi.com\/de\/wp-json\/wp\/v2\/types\/product"}],"wp:featuredmedia":[{"embeddable":true,"href":"https:\/\/www.meliconi.com\/de\/wp-json\/wp\/v2\/media\/61130"}],"wp:attachment":[{"href":"https:\/\/www.meliconi.com\/de\/wp-json\/wp\/v2\/media?parent=61128"}],"wp:term":[{"taxonomy":"product_brand","embeddable":true,"href":"https:\/\/www.meliconi.com\/de\/wp-json\/wp\/v2\/product_brand?post=61128"},{"taxonomy":"product_cat","embeddable":true,"href":"https:\/\/www.meliconi.com\/de\/wp-json\/wp\/v2\/product_cat?post=61128"},{"taxonomy":"product_tag","embeddable":true,"href":"https:\/\/www.meliconi.com\/de\/wp-json\/wp\/v2\/product_tag?post=61128"}],"curies":[{"name":"wp","href":"https:\/\/api.w.org\/{rel}","templated":true}]}}