{"id":61016,"date":"2021-08-04T08:50:33","date_gmt":"2021-08-04T08:50:33","guid":{"rendered":"https:\/\/www.meliconi.com\/prodotto\/base-space-extra-base-per-lavatrice-meliconi\/"},"modified":"2024-10-08T14:38:47","modified_gmt":"2024-10-08T12:38:47","slug":"sockel-space-extra-meliconi-sockel-waschmaschine","status":"publish","type":"product","link":"https:\/\/www.meliconi.com\/de\/produkt\/sockel-space-extra-meliconi-sockel-waschmaschine\/","title":{"rendered":"Base Space Extra"},"content":{"rendered":"<p>TECHNOPOLYMER-SOCKEL F\u00dcR WASCHMASCHINEN ODER TROCKNER MIT HERAUSZIEHBARER SCHUBLADE.<br \/>\nDieser Technopolymer-Sockel ist so konzipiert, dass das Ger\u00e4t um 30 cm vom Boden angehoben wird, was die Bodenreinigung erleichtert und die Nutzung der Waschmaschine oder des Trockners komfortabler macht. Dieser Sockel f\u00fcr Waschmaschinen und Trockner ist ideal, um Platz zu optimieren und die Ergonomie im Waschraum zu verbessern.<br \/>\nDer Sockel eignet sich f\u00fcr Waschmaschinen, Trockner oder andere Ger\u00e4te mit einer maximalen Gr\u00f6\u00dfe von 60 x 60 cm, wobei die F\u00fc\u00dfe nicht mehr als 55 cm Tiefe einnehmen d\u00fcrfen. Die Technopolymer-Struktur ist robust und rostfrei, was eine lange Lebensdauer gew\u00e4hrleistet.<br \/>\nMit einer Tragf\u00e4higkeit von bis zu 250 kg ist dieser Waschmaschinen-Sockel stabil und zuverl\u00e4ssig. Die herausziehbare Schublade mit einem Fassungsverm\u00f6gen von bis zu 28 Litern bietet zus\u00e4tzlichen Stauraum f\u00fcr Gegenst\u00e4nde und Zubeh\u00f6r, was diesen Sockel mit Schublade besonders praktisch macht.<br \/>\nDie 4 h\u00f6henverstellbaren F\u00fc\u00dfe erm\u00f6glichen eine perfekte Nivellierung des Produkts und somit des Ger\u00e4ts, w\u00e4hrend die Gummif\u00fc\u00dfe f\u00fcr maximale Bodenhaftung sorgen. Dieser Anti-Vibrations-Waschmaschinensockel gew\u00e4hrleistet Stabilit\u00e4t und Sicherheit w\u00e4hrend der Benutzung.<br \/>\nIm Lieferumfang enthalten ist ein 6 Meter langer Sicherheitsgurt mit Metallschnalle, der zus\u00e4tzliche Stabilit\u00e4t f\u00fcr das Ger\u00e4t bietet. Dieser Trocknersockel ist eine vielseitige L\u00f6sung, um die Funktionalit\u00e4t und Organisation Ihres Waschraums zu verbessern, indem er eine Erh\u00f6hung f\u00fcr Waschmaschine und Trockner bietet, die Ergonomie und Benutzerfreundlichkeit optimiert.<\/p>\n","protected":false},"excerpt":{"rendered":"<p>Meliconi-Sockel f\u00fcr Waschmaschine<\/p>\n","protected":false},"featured_media":61026,"template":"","meta":{"_acf_changed":false},"product_cat":[1180,1177],"product_tag":[1435,1445,1437,1438,1439,1450,1447,1448,1449,1440,1441,1442,1443,1444],"class_list":{"0":"post-61016","1":"product","2":"type-product","3":"status-publish","4":"has-post-thumbnail","6":"product_cat-aktionen","7":"product_cat-untergestelle-fur-haushaltsgerate","8":"product_tag-anti-vibrazione-de","9":"product_tag-base-lavatrice-de","10":"product_tag-base-per-lavatrice-e-asciugatrice-de","11":"product_tag-base-per-lavatrice-e-asciugatrice-con-cassetto-de","12":"product_tag-cassetto-sotto-lavatrice-de","13":"product_tag-rialzo-asciguatrice-de","14":"product_tag-rialzo-lavatrice-de","15":"product_tag-supporto-asciugatrice-de","16":"product_tag-supporto-lavatrice-de","17":"product_tag-supporto-lavatrice-anti-vibrazione-de","18":"product_tag-supporto-lavatrice-con-cassetto-de","19":"product_tag-supporto-lavatrice-regolabile-de","20":"product_tag-supporto-per-asciugatrice-de","21":"product_tag-supporto-per-asciugatrice-con-cassetto-de","23":"first","24":"instock","25":"sale","26":"taxable","27":"shipping-taxable","28":"purchasable","29":"product-type-simple"},"acf":[],"yoast_head":"<!-- This site is optimized with the Yoast SEO plugin v26.1.1 - https:\/\/yoast.com\/wordpress\/plugins\/seo\/ -->\n<title>Base Space Extra - Meliconi - Meliconi-Sockel f\u00fcr Waschmaschine<\/title>\n<meta name=\"description\" content=\"Meliconi-Sockel f\u00fcr Waschmaschine mit 30 cm Erh\u00f6hung und herausziehbarer Schublade. Inklusive Sicherheitsgurt und 4 h\u00f6henverstellbaren F\u00fc\u00dfen.\" \/>\n<meta name=\"robots\" content=\"index, follow, max-snippet:-1, max-image-preview:large, max-video-preview:-1\" \/>\n<link rel=\"canonical\" href=\"https:\/\/www.meliconi.com\/de\/produkt\/sockel-space-extra-meliconi-sockel-waschmaschine\/\" \/>\n<meta property=\"og:locale\" content=\"de_DE\" \/>\n<meta property=\"og:type\" content=\"article\" \/>\n<meta property=\"og:title\" content=\"Base Space Extra - Meliconi - Meliconi-Sockel f\u00fcr Waschmaschine\" \/>\n<meta property=\"og:description\" content=\"Meliconi-Sockel f\u00fcr Waschmaschine mit 30 cm Erh\u00f6hung und herausziehbarer Schublade. Inklusive Sicherheitsgurt und 4 h\u00f6henverstellbaren F\u00fc\u00dfen.\" \/>\n<meta property=\"og:url\" content=\"https:\/\/www.meliconi.com\/de\/produkt\/sockel-space-extra-meliconi-sockel-waschmaschine\/\" \/>\n<meta property=\"og:site_name\" content=\"Meliconi\" \/>\n<meta property=\"article:modified_time\" content=\"2024-10-08T12:38:47+00:00\" \/>\n<meta property=\"og:image\" content=\"https:\/\/www.meliconi.com\/wp-content\/uploads\/2021\/08\/base-space-plus-5_grigio-1024x885.png\" \/>\n\t<meta property=\"og:image:width\" content=\"1024\" \/>\n\t<meta property=\"og:image:height\" content=\"885\" \/>\n\t<meta property=\"og:image:type\" content=\"image\/png\" \/>\n<meta name=\"twitter:card\" content=\"summary_large_image\" \/>\n<meta name=\"twitter:label1\" content=\"Gesch\u00e4tzte Lesezeit\" \/>\n\t<meta name=\"twitter:data1\" content=\"2\u00a0Minuten\" \/>\n<script type=\"application\/ld+json\" class=\"yoast-schema-graph\">{\"@context\":\"https:\/\/schema.org\",\"@graph\":[{\"@type\":\"WebPage\",\"@id\":\"https:\/\/www.meliconi.com\/de\/produkt\/sockel-space-extra-meliconi-sockel-waschmaschine\/\",\"url\":\"https:\/\/www.meliconi.com\/de\/produkt\/sockel-space-extra-meliconi-sockel-waschmaschine\/\",\"name\":\"Base Space Extra - Meliconi - Meliconi-Sockel f\u00fcr Waschmaschine\",\"isPartOf\":{\"@id\":\"https:\/\/www.meliconi.com\/de\/#website\"},\"primaryImageOfPage\":{\"@id\":\"https:\/\/www.meliconi.com\/de\/produkt\/sockel-space-extra-meliconi-sockel-waschmaschine\/#primaryimage\"},\"image\":{\"@id\":\"https:\/\/www.meliconi.com\/de\/produkt\/sockel-space-extra-meliconi-sockel-waschmaschine\/#primaryimage\"},\"thumbnailUrl\":\"https:\/\/www.meliconi.com\/wp-content\/uploads\/2021\/08\/base-space-plus-5_grigio.png\",\"datePublished\":\"2021-08-04T08:50:33+00:00\",\"dateModified\":\"2024-10-08T12:38:47+00:00\",\"description\":\"Meliconi-Sockel f\u00fcr Waschmaschine mit 30 cm Erh\u00f6hung und herausziehbarer Schublade. Inklusive Sicherheitsgurt und 4 h\u00f6henverstellbaren F\u00fc\u00dfen.\",\"breadcrumb\":{\"@id\":\"https:\/\/www.meliconi.com\/de\/produkt\/sockel-space-extra-meliconi-sockel-waschmaschine\/#breadcrumb\"},\"inLanguage\":\"de\",\"potentialAction\":[{\"@type\":\"ReadAction\",\"target\":[\"https:\/\/www.meliconi.com\/de\/produkt\/sockel-space-extra-meliconi-sockel-waschmaschine\/\"]}]},{\"@type\":\"ImageObject\",\"inLanguage\":\"de\",\"@id\":\"https:\/\/www.meliconi.com\/de\/produkt\/sockel-space-extra-meliconi-sockel-waschmaschine\/#primaryimage\",\"url\":\"https:\/\/www.meliconi.com\/wp-content\/uploads\/2021\/08\/base-space-plus-5_grigio.png\",\"contentUrl\":\"https:\/\/www.meliconi.com\/wp-content\/uploads\/2021\/08\/base-space-plus-5_grigio.png\",\"width\":7680,\"height\":6637},{\"@type\":\"BreadcrumbList\",\"@id\":\"https:\/\/www.meliconi.com\/de\/produkt\/sockel-space-extra-meliconi-sockel-waschmaschine\/#breadcrumb\",\"itemListElement\":[{\"@type\":\"ListItem\",\"position\":1,\"name\":\"Home\",\"item\":\"https:\/\/www.meliconi.com\/de\/\"},{\"@type\":\"ListItem\",\"position\":2,\"name\":\"Shop\",\"item\":\"https:\/\/www.meliconi.com\/de\/shop-de\/\"},{\"@type\":\"ListItem\",\"position\":3,\"name\":\"Base Space Extra\"}]},{\"@type\":\"WebSite\",\"@id\":\"https:\/\/www.meliconi.com\/de\/#website\",\"url\":\"https:\/\/www.meliconi.com\/de\/\",\"name\":\"Meliconi\",\"description\":\"Lo specialista dell&#039;accessorio\",\"publisher\":{\"@id\":\"https:\/\/www.meliconi.com\/de\/#organization\"},\"potentialAction\":[{\"@type\":\"SearchAction\",\"target\":{\"@type\":\"EntryPoint\",\"urlTemplate\":\"https:\/\/www.meliconi.com\/de\/?s={search_term_string}\"},\"query-input\":{\"@type\":\"PropertyValueSpecification\",\"valueRequired\":true,\"valueName\":\"search_term_string\"}}],\"inLanguage\":\"de\"},{\"@type\":\"Organization\",\"@id\":\"https:\/\/www.meliconi.com\/de\/#organization\",\"name\":\"Meliconi\",\"url\":\"https:\/\/www.meliconi.com\/de\/\",\"logo\":{\"@type\":\"ImageObject\",\"inLanguage\":\"de\",\"@id\":\"https:\/\/www.meliconi.com\/de\/#\/schema\/logo\/image\/\",\"url\":\"https:\/\/www.meliconi.com\/wp-content\/uploads\/2021\/06\/logo-meliconi.png\",\"contentUrl\":\"https:\/\/www.meliconi.com\/wp-content\/uploads\/2021\/06\/logo-meliconi.png\",\"width\":338,\"height\":102,\"caption\":\"Meliconi\"},\"image\":{\"@id\":\"https:\/\/www.meliconi.com\/de\/#\/schema\/logo\/image\/\"}}]}<\/script>\n<!-- \/ Yoast SEO plugin. -->","yoast_head_json":{"title":"Base Space Extra - Meliconi - Meliconi-Sockel f\u00fcr Waschmaschine","description":"Meliconi-Sockel f\u00fcr Waschmaschine mit 30 cm Erh\u00f6hung und herausziehbarer Schublade. Inklusive Sicherheitsgurt und 4 h\u00f6henverstellbaren F\u00fc\u00dfen.","robots":{"index":"index","follow":"follow","max-snippet":"max-snippet:-1","max-image-preview":"max-image-preview:large","max-video-preview":"max-video-preview:-1"},"canonical":"https:\/\/www.meliconi.com\/de\/produkt\/sockel-space-extra-meliconi-sockel-waschmaschine\/","og_locale":"de_DE","og_type":"article","og_title":"Base Space Extra - Meliconi - Meliconi-Sockel f\u00fcr Waschmaschine","og_description":"Meliconi-Sockel f\u00fcr Waschmaschine mit 30 cm Erh\u00f6hung und herausziehbarer Schublade. Inklusive Sicherheitsgurt und 4 h\u00f6henverstellbaren F\u00fc\u00dfen.","og_url":"https:\/\/www.meliconi.com\/de\/produkt\/sockel-space-extra-meliconi-sockel-waschmaschine\/","og_site_name":"Meliconi","article_modified_time":"2024-10-08T12:38:47+00:00","og_image":[{"width":1024,"height":885,"url":"https:\/\/www.meliconi.com\/wp-content\/uploads\/2021\/08\/base-space-plus-5_grigio-1024x885.png","type":"image\/png"}],"twitter_card":"summary_large_image","twitter_misc":{"Gesch\u00e4tzte Lesezeit":"2\u00a0Minuten"},"schema":{"@context":"https:\/\/schema.org","@graph":[{"@type":"WebPage","@id":"https:\/\/www.meliconi.com\/de\/produkt\/sockel-space-extra-meliconi-sockel-waschmaschine\/","url":"https:\/\/www.meliconi.com\/de\/produkt\/sockel-space-extra-meliconi-sockel-waschmaschine\/","name":"Base Space Extra - Meliconi - Meliconi-Sockel f\u00fcr Waschmaschine","isPartOf":{"@id":"https:\/\/www.meliconi.com\/de\/#website"},"primaryImageOfPage":{"@id":"https:\/\/www.meliconi.com\/de\/produkt\/sockel-space-extra-meliconi-sockel-waschmaschine\/#primaryimage"},"image":{"@id":"https:\/\/www.meliconi.com\/de\/produkt\/sockel-space-extra-meliconi-sockel-waschmaschine\/#primaryimage"},"thumbnailUrl":"https:\/\/www.meliconi.com\/wp-content\/uploads\/2021\/08\/base-space-plus-5_grigio.png","datePublished":"2021-08-04T08:50:33+00:00","dateModified":"2024-10-08T12:38:47+00:00","description":"Meliconi-Sockel f\u00fcr Waschmaschine mit 30 cm Erh\u00f6hung und herausziehbarer Schublade. Inklusive Sicherheitsgurt und 4 h\u00f6henverstellbaren F\u00fc\u00dfen.","breadcrumb":{"@id":"https:\/\/www.meliconi.com\/de\/produkt\/sockel-space-extra-meliconi-sockel-waschmaschine\/#breadcrumb"},"inLanguage":"de","potentialAction":[{"@type":"ReadAction","target":["https:\/\/www.meliconi.com\/de\/produkt\/sockel-space-extra-meliconi-sockel-waschmaschine\/"]}]},{"@type":"ImageObject","inLanguage":"de","@id":"https:\/\/www.meliconi.com\/de\/produkt\/sockel-space-extra-meliconi-sockel-waschmaschine\/#primaryimage","url":"https:\/\/www.meliconi.com\/wp-content\/uploads\/2021\/08\/base-space-plus-5_grigio.png","contentUrl":"https:\/\/www.meliconi.com\/wp-content\/uploads\/2021\/08\/base-space-plus-5_grigio.png","width":7680,"height":6637},{"@type":"BreadcrumbList","@id":"https:\/\/www.meliconi.com\/de\/produkt\/sockel-space-extra-meliconi-sockel-waschmaschine\/#breadcrumb","itemListElement":[{"@type":"ListItem","position":1,"name":"Home","item":"https:\/\/www.meliconi.com\/de\/"},{"@type":"ListItem","position":2,"name":"Shop","item":"https:\/\/www.meliconi.com\/de\/shop-de\/"},{"@type":"ListItem","position":3,"name":"Base Space Extra"}]},{"@type":"WebSite","@id":"https:\/\/www.meliconi.com\/de\/#website","url":"https:\/\/www.meliconi.com\/de\/","name":"Meliconi","description":"Lo specialista dell&#039;accessorio","publisher":{"@id":"https:\/\/www.meliconi.com\/de\/#organization"},"potentialAction":[{"@type":"SearchAction","target":{"@type":"EntryPoint","urlTemplate":"https:\/\/www.meliconi.com\/de\/?s={search_term_string}"},"query-input":{"@type":"PropertyValueSpecification","valueRequired":true,"valueName":"search_term_string"}}],"inLanguage":"de"},{"@type":"Organization","@id":"https:\/\/www.meliconi.com\/de\/#organization","name":"Meliconi","url":"https:\/\/www.meliconi.com\/de\/","logo":{"@type":"ImageObject","inLanguage":"de","@id":"https:\/\/www.meliconi.com\/de\/#\/schema\/logo\/image\/","url":"https:\/\/www.meliconi.com\/wp-content\/uploads\/2021\/06\/logo-meliconi.png","contentUrl":"https:\/\/www.meliconi.com\/wp-content\/uploads\/2021\/06\/logo-meliconi.png","width":338,"height":102,"caption":"Meliconi"},"image":{"@id":"https:\/\/www.meliconi.com\/de\/#\/schema\/logo\/image\/"}}]}},"_links":{"self":[{"href":"https:\/\/www.meliconi.com\/de\/wp-json\/wp\/v2\/product\/61016","targetHints":{"allow":["GET"]}}],"collection":[{"href":"https:\/\/www.meliconi.com\/de\/wp-json\/wp\/v2\/product"}],"about":[{"href":"https:\/\/www.meliconi.com\/de\/wp-json\/wp\/v2\/types\/product"}],"wp:featuredmedia":[{"embeddable":true,"href":"https:\/\/www.meliconi.com\/de\/wp-json\/wp\/v2\/media\/61026"}],"wp:attachment":[{"href":"https:\/\/www.meliconi.com\/de\/wp-json\/wp\/v2\/media?parent=61016"}],"wp:term":[{"taxonomy":"product_cat","embeddable":true,"href":"https:\/\/www.meliconi.com\/de\/wp-json\/wp\/v2\/product_cat?post=61016"},{"taxonomy":"product_tag","embeddable":true,"href":"https:\/\/www.meliconi.com\/de\/wp-json\/wp\/v2\/product_tag?post=61016"}],"curies":[{"name":"wp","href":"https:\/\/api.w.org\/{rel}","templated":true}]}}