{"id":61010,"date":"2021-08-04T08:17:19","date_gmt":"2021-08-04T08:17:19","guid":{"rendered":"https:\/\/www.meliconi.com\/prodotto\/base-space-bridge-rialzo-di-30-cm-base-lavatrice-asciugatrice\/"},"modified":"2024-10-08T14:38:03","modified_gmt":"2024-10-08T12:38:03","slug":"sockel-space-bridge-30-cm-sockel-waschmaschine-trockner","status":"publish","type":"product","link":"https:\/\/www.meliconi.com\/de\/produkt\/sockel-space-bridge-30-cm-sockel-waschmaschine-trockner\/","title":{"rendered":"Base Space Bridge"},"content":{"rendered":"<p>TECHNOPOLYMER-SOCKEL F\u00dcR WASCHMASCHINEN ODER TROCKNER<br \/>\nDieser Technopolymer-Sockel ist so konzipiert, dass das Ger\u00e4t um 30 cm vom Boden angehoben wird, was die Bodenreinigung erleichtert und die t\u00e4gliche Nutzung der Waschmaschine oder des Trockners komfortabler macht. Dieser Sockel f\u00fcr Waschmaschinen und Trockner ist f\u00fcr Ger\u00e4te mit einer maximalen Gr\u00f6\u00dfe von 60 x 60 cm geeignet, wobei die F\u00fc\u00dfe nicht mehr als 55 cm Tiefe einnehmen d\u00fcrfen.<br \/>\nDie rostfreie Technopolymer-Struktur sorgt f\u00fcr Langlebigkeit und gew\u00e4hrleistet eine lange Lebensdauer. Mit einer Tragkraft von bis zu 250 kg ist dieser Sockel stabil und zuverl\u00e4ssig. Die 4 h\u00f6henverstellbaren F\u00fc\u00dfe erm\u00f6glichen eine perfekte Nivellierung des Produkts und somit des Ger\u00e4ts, w\u00e4hrend die Gummif\u00fc\u00dfe maximale Bodenhaftung bieten und auch eine Anti-Vibrationsfunktion haben.<br \/>\nIm Lieferumfang enthalten ist ein 6 Meter langer Sicherheitsgurt mit Metallschnalle, der zus\u00e4tzliche Stabilit\u00e4t und Sicherheit des Ger\u00e4ts gew\u00e4hrleistet. Dieser Sockel f\u00fcr Waschmaschinen und Trockner ist eine praktische und vielseitige L\u00f6sung zur Optimierung des Platzes in Ihrem Waschraum. Er bietet einen Waschmaschinen-Sockel, der die Ergonomie und Benutzerfreundlichkeit verbessert.<\/p>\n","protected":false},"excerpt":{"rendered":"<p>Sockel f\u00fcr Waschmaschine und Trockner<\/p>\n","protected":false},"featured_media":61015,"template":"","meta":{"_acf_changed":false},"product_cat":[1180,1177],"product_tag":[1435,1445,1437,1446,1447,1448,1449,1440,1443],"class_list":{"0":"post-61010","1":"product","2":"type-product","3":"status-publish","4":"has-post-thumbnail","6":"product_cat-aktionen","7":"product_cat-untergestelle-fur-haushaltsgerate","8":"product_tag-anti-vibrazione-de","9":"product_tag-base-lavatrice-de","10":"product_tag-base-per-lavatrice-e-asciugatrice-de","11":"product_tag-rialzo-asciugatrice-de","12":"product_tag-rialzo-lavatrice-de","13":"product_tag-supporto-asciugatrice-de","14":"product_tag-supporto-lavatrice-de","15":"product_tag-supporto-lavatrice-anti-vibrazione-de","16":"product_tag-supporto-per-asciugatrice-de","18":"first","19":"instock","20":"sale","21":"taxable","22":"shipping-taxable","23":"purchasable","24":"product-type-simple"},"acf":[],"yoast_head":"<!-- This site is optimized with the Yoast SEO plugin v26.1.1 - https:\/\/yoast.com\/wordpress\/plugins\/seo\/ -->\n<title>Base Space Bridge - Meliconi - Sockel f\u00fcr Waschmaschine und Trockner<\/title>\n<meta name=\"description\" content=\"Sockel f\u00fcr Waschmaschine und Trockner, 30 cm hoch. Inklusive Sicherheitsgurt und 4 h\u00f6henverstellbaren F\u00fc\u00dfen. Einfache Montage\" \/>\n<meta name=\"robots\" content=\"index, follow, max-snippet:-1, max-image-preview:large, max-video-preview:-1\" \/>\n<link rel=\"canonical\" href=\"https:\/\/www.meliconi.com\/de\/produkt\/sockel-space-bridge-30-cm-sockel-waschmaschine-trockner\/\" \/>\n<meta property=\"og:locale\" content=\"de_DE\" \/>\n<meta property=\"og:type\" content=\"article\" \/>\n<meta property=\"og:title\" content=\"Base Space Bridge - Meliconi - Sockel f\u00fcr Waschmaschine und Trockner\" \/>\n<meta property=\"og:description\" content=\"Sockel f\u00fcr Waschmaschine und Trockner, 30 cm hoch. Inklusive Sicherheitsgurt und 4 h\u00f6henverstellbaren F\u00fc\u00dfen. Einfache Montage\" \/>\n<meta property=\"og:url\" content=\"https:\/\/www.meliconi.com\/de\/produkt\/sockel-space-bridge-30-cm-sockel-waschmaschine-trockner\/\" \/>\n<meta property=\"og:site_name\" content=\"Meliconi\" \/>\n<meta property=\"article:modified_time\" content=\"2024-10-08T12:38:03+00:00\" \/>\n<meta property=\"og:image\" content=\"https:\/\/www.meliconi.com\/wp-content\/uploads\/2021\/08\/Base-Space-Bridge-still-scaled.jpg\" \/>\n\t<meta property=\"og:image:width\" content=\"2560\" \/>\n\t<meta property=\"og:image:height\" content=\"1810\" \/>\n\t<meta property=\"og:image:type\" content=\"image\/jpeg\" \/>\n<meta name=\"twitter:card\" content=\"summary_large_image\" \/>\n<meta name=\"twitter:label1\" content=\"Gesch\u00e4tzte Lesezeit\" \/>\n\t<meta name=\"twitter:data1\" content=\"2\u00a0Minuten\" \/>\n<script type=\"application\/ld+json\" class=\"yoast-schema-graph\">{\"@context\":\"https:\/\/schema.org\",\"@graph\":[{\"@type\":\"WebPage\",\"@id\":\"https:\/\/www.meliconi.com\/de\/produkt\/sockel-space-bridge-30-cm-sockel-waschmaschine-trockner\/\",\"url\":\"https:\/\/www.meliconi.com\/de\/produkt\/sockel-space-bridge-30-cm-sockel-waschmaschine-trockner\/\",\"name\":\"Base Space Bridge - Meliconi - Sockel f\u00fcr Waschmaschine und Trockner\",\"isPartOf\":{\"@id\":\"https:\/\/www.meliconi.com\/de\/#website\"},\"primaryImageOfPage\":{\"@id\":\"https:\/\/www.meliconi.com\/de\/produkt\/sockel-space-bridge-30-cm-sockel-waschmaschine-trockner\/#primaryimage\"},\"image\":{\"@id\":\"https:\/\/www.meliconi.com\/de\/produkt\/sockel-space-bridge-30-cm-sockel-waschmaschine-trockner\/#primaryimage\"},\"thumbnailUrl\":\"https:\/\/www.meliconi.com\/wp-content\/uploads\/2021\/08\/Base-Space-Bridge-still-scaled.jpg\",\"datePublished\":\"2021-08-04T08:17:19+00:00\",\"dateModified\":\"2024-10-08T12:38:03+00:00\",\"description\":\"Sockel f\u00fcr Waschmaschine und Trockner, 30 cm hoch. Inklusive Sicherheitsgurt und 4 h\u00f6henverstellbaren F\u00fc\u00dfen. Einfache Montage\",\"breadcrumb\":{\"@id\":\"https:\/\/www.meliconi.com\/de\/produkt\/sockel-space-bridge-30-cm-sockel-waschmaschine-trockner\/#breadcrumb\"},\"inLanguage\":\"de\",\"potentialAction\":[{\"@type\":\"ReadAction\",\"target\":[\"https:\/\/www.meliconi.com\/de\/produkt\/sockel-space-bridge-30-cm-sockel-waschmaschine-trockner\/\"]}]},{\"@type\":\"ImageObject\",\"inLanguage\":\"de\",\"@id\":\"https:\/\/www.meliconi.com\/de\/produkt\/sockel-space-bridge-30-cm-sockel-waschmaschine-trockner\/#primaryimage\",\"url\":\"https:\/\/www.meliconi.com\/wp-content\/uploads\/2021\/08\/Base-Space-Bridge-still-scaled.jpg\",\"contentUrl\":\"https:\/\/www.meliconi.com\/wp-content\/uploads\/2021\/08\/Base-Space-Bridge-still-scaled.jpg\",\"width\":2560,\"height\":1810},{\"@type\":\"BreadcrumbList\",\"@id\":\"https:\/\/www.meliconi.com\/de\/produkt\/sockel-space-bridge-30-cm-sockel-waschmaschine-trockner\/#breadcrumb\",\"itemListElement\":[{\"@type\":\"ListItem\",\"position\":1,\"name\":\"Home\",\"item\":\"https:\/\/www.meliconi.com\/de\/\"},{\"@type\":\"ListItem\",\"position\":2,\"name\":\"Shop\",\"item\":\"https:\/\/www.meliconi.com\/de\/shop-de\/\"},{\"@type\":\"ListItem\",\"position\":3,\"name\":\"Base Space Bridge\"}]},{\"@type\":\"WebSite\",\"@id\":\"https:\/\/www.meliconi.com\/de\/#website\",\"url\":\"https:\/\/www.meliconi.com\/de\/\",\"name\":\"Meliconi\",\"description\":\"Lo specialista dell&#039;accessorio\",\"publisher\":{\"@id\":\"https:\/\/www.meliconi.com\/de\/#organization\"},\"potentialAction\":[{\"@type\":\"SearchAction\",\"target\":{\"@type\":\"EntryPoint\",\"urlTemplate\":\"https:\/\/www.meliconi.com\/de\/?s={search_term_string}\"},\"query-input\":{\"@type\":\"PropertyValueSpecification\",\"valueRequired\":true,\"valueName\":\"search_term_string\"}}],\"inLanguage\":\"de\"},{\"@type\":\"Organization\",\"@id\":\"https:\/\/www.meliconi.com\/de\/#organization\",\"name\":\"Meliconi\",\"url\":\"https:\/\/www.meliconi.com\/de\/\",\"logo\":{\"@type\":\"ImageObject\",\"inLanguage\":\"de\",\"@id\":\"https:\/\/www.meliconi.com\/de\/#\/schema\/logo\/image\/\",\"url\":\"https:\/\/www.meliconi.com\/wp-content\/uploads\/2021\/06\/logo-meliconi.png\",\"contentUrl\":\"https:\/\/www.meliconi.com\/wp-content\/uploads\/2021\/06\/logo-meliconi.png\",\"width\":338,\"height\":102,\"caption\":\"Meliconi\"},\"image\":{\"@id\":\"https:\/\/www.meliconi.com\/de\/#\/schema\/logo\/image\/\"}}]}<\/script>\n<!-- \/ Yoast SEO plugin. -->","yoast_head_json":{"title":"Base Space Bridge - Meliconi - Sockel f\u00fcr Waschmaschine und Trockner","description":"Sockel f\u00fcr Waschmaschine und Trockner, 30 cm hoch. Inklusive Sicherheitsgurt und 4 h\u00f6henverstellbaren F\u00fc\u00dfen. Einfache Montage","robots":{"index":"index","follow":"follow","max-snippet":"max-snippet:-1","max-image-preview":"max-image-preview:large","max-video-preview":"max-video-preview:-1"},"canonical":"https:\/\/www.meliconi.com\/de\/produkt\/sockel-space-bridge-30-cm-sockel-waschmaschine-trockner\/","og_locale":"de_DE","og_type":"article","og_title":"Base Space Bridge - Meliconi - Sockel f\u00fcr Waschmaschine und Trockner","og_description":"Sockel f\u00fcr Waschmaschine und Trockner, 30 cm hoch. Inklusive Sicherheitsgurt und 4 h\u00f6henverstellbaren F\u00fc\u00dfen. Einfache Montage","og_url":"https:\/\/www.meliconi.com\/de\/produkt\/sockel-space-bridge-30-cm-sockel-waschmaschine-trockner\/","og_site_name":"Meliconi","article_modified_time":"2024-10-08T12:38:03+00:00","og_image":[{"width":2560,"height":1810,"url":"https:\/\/www.meliconi.com\/wp-content\/uploads\/2021\/08\/Base-Space-Bridge-still-scaled.jpg","type":"image\/jpeg"}],"twitter_card":"summary_large_image","twitter_misc":{"Gesch\u00e4tzte Lesezeit":"2\u00a0Minuten"},"schema":{"@context":"https:\/\/schema.org","@graph":[{"@type":"WebPage","@id":"https:\/\/www.meliconi.com\/de\/produkt\/sockel-space-bridge-30-cm-sockel-waschmaschine-trockner\/","url":"https:\/\/www.meliconi.com\/de\/produkt\/sockel-space-bridge-30-cm-sockel-waschmaschine-trockner\/","name":"Base Space Bridge - Meliconi - Sockel f\u00fcr Waschmaschine und Trockner","isPartOf":{"@id":"https:\/\/www.meliconi.com\/de\/#website"},"primaryImageOfPage":{"@id":"https:\/\/www.meliconi.com\/de\/produkt\/sockel-space-bridge-30-cm-sockel-waschmaschine-trockner\/#primaryimage"},"image":{"@id":"https:\/\/www.meliconi.com\/de\/produkt\/sockel-space-bridge-30-cm-sockel-waschmaschine-trockner\/#primaryimage"},"thumbnailUrl":"https:\/\/www.meliconi.com\/wp-content\/uploads\/2021\/08\/Base-Space-Bridge-still-scaled.jpg","datePublished":"2021-08-04T08:17:19+00:00","dateModified":"2024-10-08T12:38:03+00:00","description":"Sockel f\u00fcr Waschmaschine und Trockner, 30 cm hoch. Inklusive Sicherheitsgurt und 4 h\u00f6henverstellbaren F\u00fc\u00dfen. Einfache Montage","breadcrumb":{"@id":"https:\/\/www.meliconi.com\/de\/produkt\/sockel-space-bridge-30-cm-sockel-waschmaschine-trockner\/#breadcrumb"},"inLanguage":"de","potentialAction":[{"@type":"ReadAction","target":["https:\/\/www.meliconi.com\/de\/produkt\/sockel-space-bridge-30-cm-sockel-waschmaschine-trockner\/"]}]},{"@type":"ImageObject","inLanguage":"de","@id":"https:\/\/www.meliconi.com\/de\/produkt\/sockel-space-bridge-30-cm-sockel-waschmaschine-trockner\/#primaryimage","url":"https:\/\/www.meliconi.com\/wp-content\/uploads\/2021\/08\/Base-Space-Bridge-still-scaled.jpg","contentUrl":"https:\/\/www.meliconi.com\/wp-content\/uploads\/2021\/08\/Base-Space-Bridge-still-scaled.jpg","width":2560,"height":1810},{"@type":"BreadcrumbList","@id":"https:\/\/www.meliconi.com\/de\/produkt\/sockel-space-bridge-30-cm-sockel-waschmaschine-trockner\/#breadcrumb","itemListElement":[{"@type":"ListItem","position":1,"name":"Home","item":"https:\/\/www.meliconi.com\/de\/"},{"@type":"ListItem","position":2,"name":"Shop","item":"https:\/\/www.meliconi.com\/de\/shop-de\/"},{"@type":"ListItem","position":3,"name":"Base Space Bridge"}]},{"@type":"WebSite","@id":"https:\/\/www.meliconi.com\/de\/#website","url":"https:\/\/www.meliconi.com\/de\/","name":"Meliconi","description":"Lo specialista dell&#039;accessorio","publisher":{"@id":"https:\/\/www.meliconi.com\/de\/#organization"},"potentialAction":[{"@type":"SearchAction","target":{"@type":"EntryPoint","urlTemplate":"https:\/\/www.meliconi.com\/de\/?s={search_term_string}"},"query-input":{"@type":"PropertyValueSpecification","valueRequired":true,"valueName":"search_term_string"}}],"inLanguage":"de"},{"@type":"Organization","@id":"https:\/\/www.meliconi.com\/de\/#organization","name":"Meliconi","url":"https:\/\/www.meliconi.com\/de\/","logo":{"@type":"ImageObject","inLanguage":"de","@id":"https:\/\/www.meliconi.com\/de\/#\/schema\/logo\/image\/","url":"https:\/\/www.meliconi.com\/wp-content\/uploads\/2021\/06\/logo-meliconi.png","contentUrl":"https:\/\/www.meliconi.com\/wp-content\/uploads\/2021\/06\/logo-meliconi.png","width":338,"height":102,"caption":"Meliconi"},"image":{"@id":"https:\/\/www.meliconi.com\/de\/#\/schema\/logo\/image\/"}}]}},"_links":{"self":[{"href":"https:\/\/www.meliconi.com\/de\/wp-json\/wp\/v2\/product\/61010","targetHints":{"allow":["GET"]}}],"collection":[{"href":"https:\/\/www.meliconi.com\/de\/wp-json\/wp\/v2\/product"}],"about":[{"href":"https:\/\/www.meliconi.com\/de\/wp-json\/wp\/v2\/types\/product"}],"wp:featuredmedia":[{"embeddable":true,"href":"https:\/\/www.meliconi.com\/de\/wp-json\/wp\/v2\/media\/61015"}],"wp:attachment":[{"href":"https:\/\/www.meliconi.com\/de\/wp-json\/wp\/v2\/media?parent=61010"}],"wp:term":[{"taxonomy":"product_cat","embeddable":true,"href":"https:\/\/www.meliconi.com\/de\/wp-json\/wp\/v2\/product_cat?post=61010"},{"taxonomy":"product_tag","embeddable":true,"href":"https:\/\/www.meliconi.com\/de\/wp-json\/wp\/v2\/product_tag?post=61010"}],"curies":[{"name":"wp","href":"https:\/\/api.w.org\/{rel}","templated":true}]}}