{"id":60999,"date":"2021-08-04T08:34:03","date_gmt":"2021-08-04T08:34:03","guid":{"rendered":"https:\/\/www.meliconi.com\/prodotto\/base-space-basket-base-lavatrice-e-asciugatrice-con-cestello\/"},"modified":"2024-10-08T14:37:22","modified_gmt":"2024-10-08T12:37:22","slug":"sockel-space-korb-sockel-waschmaschine-und-trockner-mit-korb","status":"publish","type":"product","link":"https:\/\/www.meliconi.com\/de\/produkt\/sockel-space-korb-sockel-waschmaschine-und-trockner-mit-korb\/","title":{"rendered":"Base Space Basket"},"content":{"rendered":"<p>30 cm hoher Sockel f\u00fcr Waschmaschinen oder Trockner mit herausziehbarem Korb. Inklusive Sicherheitsgurt und 4 h\u00f6henverstellbaren F\u00fc\u00dfen.<br \/>\nTECHNOPOLYMER-SOCKEL F\u00dcR WASCHMASCHINEN ODER TROCKNER MIT HERAUSZIEHBAREM KORB.<br \/>\nDieser Technopolymer-Sockel ist so konzipiert, dass das Ger\u00e4t um 30 cm vom Boden angehoben wird, was die Bodenreinigung erleichtert und die Nutzung der Waschmaschine oder des Trockners komfortabler macht. Es handelt sich um einen Sockel f\u00fcr Waschmaschinen und Trockner, der die Zug\u00e4nglichkeit und Ergonomie verbessert und f\u00fcr Ger\u00e4te mit einer maximalen Gr\u00f6\u00dfe von 60 x 60 cm geeignet ist, sofern die F\u00fc\u00dfe nicht mehr als 55 cm Tiefe einnehmen.<br \/>\nDie rostfreie Technopolymer-Struktur gew\u00e4hrleistet Langlebigkeit auch in feuchten Umgebungen. Dieser St\u00e4nder f\u00fcr Trockner und Waschmaschinen ist ideal, um Platz zu optimieren, und kann ein maximales Gewicht von 250 kg tragen. Der herausziehbare Korb mit einem Fassungsverm\u00f6gen von bis zu 32 Litern bietet zus\u00e4tzlichen Stauraum f\u00fcr Gegenst\u00e4nde und Zubeh\u00f6r. Die 4 h\u00f6henverstellbaren F\u00fc\u00dfe erm\u00f6glichen es, das Produkt und somit das Ger\u00e4t zu nivellieren, w\u00e4hrend die Gummif\u00fc\u00dfe maximale Bodenhaftung und Vibrationsd\u00e4mpfung gew\u00e4hrleisten.<br \/>\nIm Lieferumfang enthalten ist ein 6 Meter langer Sicherheitsgurt mit Metallschnalle, der maximale Stabilit\u00e4t des Ger\u00e4ts sicherstellt. Dieser Waschmaschinenst\u00e4nder mit Schublade ist einfach zu montieren und bietet eine praktische L\u00f6sung zur Optimierung des Platzes in Ihrem Waschraum. Er kann auch als Sockel f\u00fcr Waschmaschinen mit R\u00e4dern und Schublade verwendet werden und bietet eine vielseitige M\u00f6glichkeit, Ihre R\u00e4ume optimal zu organisieren.<\/p>\n","protected":false},"excerpt":{"rendered":"<p>Sockel f\u00fcr Waschmaschine und Trockner mit Korb<\/p>\n","protected":false},"featured_media":61009,"template":"","meta":{"_acf_changed":false},"product_brand":[],"product_cat":[1177],"product_tag":[1435,1436,1437,1438,1439,1440,1441,1442,1443,1444],"class_list":{"0":"post-60999","1":"product","2":"type-product","3":"status-publish","4":"has-post-thumbnail","6":"product_cat-untergestelle-fur-haushaltsgerate","7":"product_tag-anti-vibrazione-de","8":"product_tag-base-lavatrice-con-ruote-e-cassetto-de","9":"product_tag-base-per-lavatrice-e-asciugatrice-de","10":"product_tag-base-per-lavatrice-e-asciugatrice-con-cassetto-de","11":"product_tag-cassetto-sotto-lavatrice-de","12":"product_tag-supporto-lavatrice-anti-vibrazione-de","13":"product_tag-supporto-lavatrice-con-cassetto-de","14":"product_tag-supporto-lavatrice-regolabile-de","15":"product_tag-supporto-per-asciugatrice-de","16":"product_tag-supporto-per-asciugatrice-con-cassetto-de","18":"first","19":"instock","20":"sale","21":"taxable","22":"shipping-taxable","23":"purchasable","24":"product-type-simple"},"acf":[],"yoast_head":"<!-- This site is optimized with the Yoast SEO plugin v27.4 - https:\/\/yoast.com\/product\/yoast-seo-wordpress\/ -->\n<title>Base Space Basket - Meliconi - Sockel f\u00fcr Waschmaschine und Trockner<\/title>\n<meta name=\"description\" content=\"Sockel f\u00fcr Waschmaschine und Trockner, 30 cm hoch, mit herausziehbarem Korb. Inklusive Sicherheitsgurt und 4 h\u00f6henverstellbaren F\u00fc\u00dfen\" \/>\n<meta name=\"robots\" content=\"index, follow, max-snippet:-1, max-image-preview:large, max-video-preview:-1\" \/>\n<link rel=\"canonical\" href=\"https:\/\/www.meliconi.com\/de\/produkt\/sockel-space-korb-sockel-waschmaschine-und-trockner-mit-korb\/\" \/>\n<meta property=\"og:locale\" content=\"de_DE\" \/>\n<meta property=\"og:type\" content=\"article\" \/>\n<meta property=\"og:title\" content=\"Base Space Basket - Meliconi - Sockel f\u00fcr Waschmaschine und Trockner\" \/>\n<meta property=\"og:description\" content=\"Sockel f\u00fcr Waschmaschine und Trockner, 30 cm hoch, mit herausziehbarem Korb. Inklusive Sicherheitsgurt und 4 h\u00f6henverstellbaren F\u00fc\u00dfen\" \/>\n<meta property=\"og:url\" content=\"https:\/\/www.meliconi.com\/de\/produkt\/sockel-space-korb-sockel-waschmaschine-und-trockner-mit-korb\/\" \/>\n<meta property=\"og:site_name\" content=\"Meliconi\" \/>\n<meta property=\"article:modified_time\" content=\"2024-10-08T12:37:22+00:00\" \/>\n<meta property=\"og:image\" content=\"https:\/\/www.meliconi.com\/wp-content\/uploads\/2021\/08\/base-space-plus-8-1024x885.png\" \/>\n\t<meta property=\"og:image:width\" content=\"1024\" \/>\n\t<meta property=\"og:image:height\" content=\"885\" \/>\n\t<meta property=\"og:image:type\" content=\"image\/png\" \/>\n<meta name=\"twitter:card\" content=\"summary_large_image\" \/>\n<meta name=\"twitter:label1\" content=\"Gesch\u00e4tzte Lesezeit\" \/>\n\t<meta name=\"twitter:data1\" content=\"2\u00a0Minuten\" \/>\n<script type=\"application\/ld+json\" class=\"yoast-schema-graph\">{\"@context\":\"https:\\\/\\\/schema.org\",\"@graph\":[{\"@type\":\"WebPage\",\"@id\":\"https:\\\/\\\/www.meliconi.com\\\/de\\\/produkt\\\/sockel-space-korb-sockel-waschmaschine-und-trockner-mit-korb\\\/\",\"url\":\"https:\\\/\\\/www.meliconi.com\\\/de\\\/produkt\\\/sockel-space-korb-sockel-waschmaschine-und-trockner-mit-korb\\\/\",\"name\":\"Base Space Basket - Meliconi - Sockel f\u00fcr Waschmaschine und Trockner\",\"isPartOf\":{\"@id\":\"https:\\\/\\\/www.meliconi.com\\\/de\\\/#website\"},\"primaryImageOfPage\":{\"@id\":\"https:\\\/\\\/www.meliconi.com\\\/de\\\/produkt\\\/sockel-space-korb-sockel-waschmaschine-und-trockner-mit-korb\\\/#primaryimage\"},\"image\":{\"@id\":\"https:\\\/\\\/www.meliconi.com\\\/de\\\/produkt\\\/sockel-space-korb-sockel-waschmaschine-und-trockner-mit-korb\\\/#primaryimage\"},\"thumbnailUrl\":\"https:\\\/\\\/www.meliconi.com\\\/wp-content\\\/uploads\\\/2021\\\/08\\\/base-space-plus-8.png\",\"datePublished\":\"2021-08-04T08:34:03+00:00\",\"dateModified\":\"2024-10-08T12:37:22+00:00\",\"description\":\"Sockel f\u00fcr Waschmaschine und Trockner, 30 cm hoch, mit herausziehbarem Korb. Inklusive Sicherheitsgurt und 4 h\u00f6henverstellbaren F\u00fc\u00dfen\",\"breadcrumb\":{\"@id\":\"https:\\\/\\\/www.meliconi.com\\\/de\\\/produkt\\\/sockel-space-korb-sockel-waschmaschine-und-trockner-mit-korb\\\/#breadcrumb\"},\"inLanguage\":\"de\",\"potentialAction\":[{\"@type\":\"ReadAction\",\"target\":[\"https:\\\/\\\/www.meliconi.com\\\/de\\\/produkt\\\/sockel-space-korb-sockel-waschmaschine-und-trockner-mit-korb\\\/\"]}]},{\"@type\":\"ImageObject\",\"inLanguage\":\"de\",\"@id\":\"https:\\\/\\\/www.meliconi.com\\\/de\\\/produkt\\\/sockel-space-korb-sockel-waschmaschine-und-trockner-mit-korb\\\/#primaryimage\",\"url\":\"https:\\\/\\\/www.meliconi.com\\\/wp-content\\\/uploads\\\/2021\\\/08\\\/base-space-plus-8.png\",\"contentUrl\":\"https:\\\/\\\/www.meliconi.com\\\/wp-content\\\/uploads\\\/2021\\\/08\\\/base-space-plus-8.png\",\"width\":7680,\"height\":6637},{\"@type\":\"BreadcrumbList\",\"@id\":\"https:\\\/\\\/www.meliconi.com\\\/de\\\/produkt\\\/sockel-space-korb-sockel-waschmaschine-und-trockner-mit-korb\\\/#breadcrumb\",\"itemListElement\":[{\"@type\":\"ListItem\",\"position\":1,\"name\":\"Home\",\"item\":\"https:\\\/\\\/www.meliconi.com\\\/de\\\/\"},{\"@type\":\"ListItem\",\"position\":2,\"name\":\"Shop\",\"item\":\"https:\\\/\\\/www.meliconi.com\\\/de\\\/shop-de\\\/\"},{\"@type\":\"ListItem\",\"position\":3,\"name\":\"Base Space Basket\"}]},{\"@type\":\"WebSite\",\"@id\":\"https:\\\/\\\/www.meliconi.com\\\/de\\\/#website\",\"url\":\"https:\\\/\\\/www.meliconi.com\\\/de\\\/\",\"name\":\"Meliconi\",\"description\":\"Lo specialista dell&#039;accessorio\",\"publisher\":{\"@id\":\"https:\\\/\\\/www.meliconi.com\\\/de\\\/#organization\"},\"potentialAction\":[{\"@type\":\"SearchAction\",\"target\":{\"@type\":\"EntryPoint\",\"urlTemplate\":\"https:\\\/\\\/www.meliconi.com\\\/de\\\/?s={search_term_string}\"},\"query-input\":{\"@type\":\"PropertyValueSpecification\",\"valueRequired\":true,\"valueName\":\"search_term_string\"}}],\"inLanguage\":\"de\"},{\"@type\":\"Organization\",\"@id\":\"https:\\\/\\\/www.meliconi.com\\\/de\\\/#organization\",\"name\":\"Meliconi\",\"url\":\"https:\\\/\\\/www.meliconi.com\\\/de\\\/\",\"logo\":{\"@type\":\"ImageObject\",\"inLanguage\":\"de\",\"@id\":\"https:\\\/\\\/www.meliconi.com\\\/de\\\/#\\\/schema\\\/logo\\\/image\\\/\",\"url\":\"https:\\\/\\\/www.meliconi.com\\\/wp-content\\\/uploads\\\/2021\\\/06\\\/logo-meliconi.png\",\"contentUrl\":\"https:\\\/\\\/www.meliconi.com\\\/wp-content\\\/uploads\\\/2021\\\/06\\\/logo-meliconi.png\",\"width\":338,\"height\":102,\"caption\":\"Meliconi\"},\"image\":{\"@id\":\"https:\\\/\\\/www.meliconi.com\\\/de\\\/#\\\/schema\\\/logo\\\/image\\\/\"}}]}<\/script>\n<!-- \/ Yoast SEO plugin. -->","yoast_head_json":{"title":"Base Space Basket - Meliconi - Sockel f\u00fcr Waschmaschine und Trockner","description":"Sockel f\u00fcr Waschmaschine und Trockner, 30 cm hoch, mit herausziehbarem Korb. Inklusive Sicherheitsgurt und 4 h\u00f6henverstellbaren F\u00fc\u00dfen","robots":{"index":"index","follow":"follow","max-snippet":"max-snippet:-1","max-image-preview":"max-image-preview:large","max-video-preview":"max-video-preview:-1"},"canonical":"https:\/\/www.meliconi.com\/de\/produkt\/sockel-space-korb-sockel-waschmaschine-und-trockner-mit-korb\/","og_locale":"de_DE","og_type":"article","og_title":"Base Space Basket - Meliconi - Sockel f\u00fcr Waschmaschine und Trockner","og_description":"Sockel f\u00fcr Waschmaschine und Trockner, 30 cm hoch, mit herausziehbarem Korb. Inklusive Sicherheitsgurt und 4 h\u00f6henverstellbaren F\u00fc\u00dfen","og_url":"https:\/\/www.meliconi.com\/de\/produkt\/sockel-space-korb-sockel-waschmaschine-und-trockner-mit-korb\/","og_site_name":"Meliconi","article_modified_time":"2024-10-08T12:37:22+00:00","og_image":[{"width":1024,"height":885,"url":"https:\/\/www.meliconi.com\/wp-content\/uploads\/2021\/08\/base-space-plus-8-1024x885.png","type":"image\/png"}],"twitter_card":"summary_large_image","twitter_misc":{"Gesch\u00e4tzte Lesezeit":"2\u00a0Minuten"},"schema":{"@context":"https:\/\/schema.org","@graph":[{"@type":"WebPage","@id":"https:\/\/www.meliconi.com\/de\/produkt\/sockel-space-korb-sockel-waschmaschine-und-trockner-mit-korb\/","url":"https:\/\/www.meliconi.com\/de\/produkt\/sockel-space-korb-sockel-waschmaschine-und-trockner-mit-korb\/","name":"Base Space Basket - Meliconi - Sockel f\u00fcr Waschmaschine und Trockner","isPartOf":{"@id":"https:\/\/www.meliconi.com\/de\/#website"},"primaryImageOfPage":{"@id":"https:\/\/www.meliconi.com\/de\/produkt\/sockel-space-korb-sockel-waschmaschine-und-trockner-mit-korb\/#primaryimage"},"image":{"@id":"https:\/\/www.meliconi.com\/de\/produkt\/sockel-space-korb-sockel-waschmaschine-und-trockner-mit-korb\/#primaryimage"},"thumbnailUrl":"https:\/\/www.meliconi.com\/wp-content\/uploads\/2021\/08\/base-space-plus-8.png","datePublished":"2021-08-04T08:34:03+00:00","dateModified":"2024-10-08T12:37:22+00:00","description":"Sockel f\u00fcr Waschmaschine und Trockner, 30 cm hoch, mit herausziehbarem Korb. Inklusive Sicherheitsgurt und 4 h\u00f6henverstellbaren F\u00fc\u00dfen","breadcrumb":{"@id":"https:\/\/www.meliconi.com\/de\/produkt\/sockel-space-korb-sockel-waschmaschine-und-trockner-mit-korb\/#breadcrumb"},"inLanguage":"de","potentialAction":[{"@type":"ReadAction","target":["https:\/\/www.meliconi.com\/de\/produkt\/sockel-space-korb-sockel-waschmaschine-und-trockner-mit-korb\/"]}]},{"@type":"ImageObject","inLanguage":"de","@id":"https:\/\/www.meliconi.com\/de\/produkt\/sockel-space-korb-sockel-waschmaschine-und-trockner-mit-korb\/#primaryimage","url":"https:\/\/www.meliconi.com\/wp-content\/uploads\/2021\/08\/base-space-plus-8.png","contentUrl":"https:\/\/www.meliconi.com\/wp-content\/uploads\/2021\/08\/base-space-plus-8.png","width":7680,"height":6637},{"@type":"BreadcrumbList","@id":"https:\/\/www.meliconi.com\/de\/produkt\/sockel-space-korb-sockel-waschmaschine-und-trockner-mit-korb\/#breadcrumb","itemListElement":[{"@type":"ListItem","position":1,"name":"Home","item":"https:\/\/www.meliconi.com\/de\/"},{"@type":"ListItem","position":2,"name":"Shop","item":"https:\/\/www.meliconi.com\/de\/shop-de\/"},{"@type":"ListItem","position":3,"name":"Base Space Basket"}]},{"@type":"WebSite","@id":"https:\/\/www.meliconi.com\/de\/#website","url":"https:\/\/www.meliconi.com\/de\/","name":"Meliconi","description":"Lo specialista dell&#039;accessorio","publisher":{"@id":"https:\/\/www.meliconi.com\/de\/#organization"},"potentialAction":[{"@type":"SearchAction","target":{"@type":"EntryPoint","urlTemplate":"https:\/\/www.meliconi.com\/de\/?s={search_term_string}"},"query-input":{"@type":"PropertyValueSpecification","valueRequired":true,"valueName":"search_term_string"}}],"inLanguage":"de"},{"@type":"Organization","@id":"https:\/\/www.meliconi.com\/de\/#organization","name":"Meliconi","url":"https:\/\/www.meliconi.com\/de\/","logo":{"@type":"ImageObject","inLanguage":"de","@id":"https:\/\/www.meliconi.com\/de\/#\/schema\/logo\/image\/","url":"https:\/\/www.meliconi.com\/wp-content\/uploads\/2021\/06\/logo-meliconi.png","contentUrl":"https:\/\/www.meliconi.com\/wp-content\/uploads\/2021\/06\/logo-meliconi.png","width":338,"height":102,"caption":"Meliconi"},"image":{"@id":"https:\/\/www.meliconi.com\/de\/#\/schema\/logo\/image\/"}}]}},"_links":{"self":[{"href":"https:\/\/www.meliconi.com\/de\/wp-json\/wp\/v2\/product\/60999","targetHints":{"allow":["GET"]}}],"collection":[{"href":"https:\/\/www.meliconi.com\/de\/wp-json\/wp\/v2\/product"}],"about":[{"href":"https:\/\/www.meliconi.com\/de\/wp-json\/wp\/v2\/types\/product"}],"wp:featuredmedia":[{"embeddable":true,"href":"https:\/\/www.meliconi.com\/de\/wp-json\/wp\/v2\/media\/61009"}],"wp:attachment":[{"href":"https:\/\/www.meliconi.com\/de\/wp-json\/wp\/v2\/media?parent=60999"}],"wp:term":[{"taxonomy":"product_brand","embeddable":true,"href":"https:\/\/www.meliconi.com\/de\/wp-json\/wp\/v2\/product_brand?post=60999"},{"taxonomy":"product_cat","embeddable":true,"href":"https:\/\/www.meliconi.com\/de\/wp-json\/wp\/v2\/product_cat?post=60999"},{"taxonomy":"product_tag","embeddable":true,"href":"https:\/\/www.meliconi.com\/de\/wp-json\/wp\/v2\/product_tag?post=60999"}],"curies":[{"name":"wp","href":"https:\/\/api.w.org\/{rel}","templated":true}]}}