{"id":60855,"date":"2021-06-25T15:55:51","date_gmt":"2021-06-25T15:55:51","guid":{"rendered":"https:\/\/www.meliconi.com\/prodotto\/slimstyle-plus-400-sr\/"},"modified":"2024-10-08T15:42:44","modified_gmt":"2024-10-08T13:42:44","slug":"slimstyle-plus-400-sr","status":"publish","type":"product","link":"https:\/\/www.meliconi.com\/de\/produkt\/slimstyle-plus-400-sr\/","title":{"rendered":"SLIMSTYLE PLUS 400 SR"},"content":{"rendered":"<p>SLIMSTYLE PLUS ist die neue ultraschlanke Wandhalterungslinie f\u00fcr TVs von Meliconi S.p.A., eine perfekte Kombination aus modernster Technologie, hochwertigen Materialien und attraktivem Design. Der zus\u00e4tzliche Gummischutz auf allen Halterungen sch\u00fctzt Ihren Fernseher langfristig, ohne auf einen minimalen Abstand (bis zu 2 cm von der Wand) und volle Sicherheit zu verzichten. Alle SLIMSTYLE PLUS-Halterungen sind 100% Made in Italy, TUV-zertifiziert und haben eine 10-Jahres-Garantie.<br \/>\nDer 400 SR ist eine schwenkbare TV-Halterung mit einem Gelenk, geeignet f\u00fcr Fernseher mit VESA-Bohrungen von 200, 300 und 400 mm, passend f\u00fcr mittelgro\u00dfe und gro\u00dfe Fernseher (40&#8243;-82&#8243;).<br \/>\nDie EASY TILT-Funktion erm\u00f6glicht eine stufenlose vertikale Neigung des Fernsehers, ohne dass ein Schraubenzieher ben\u00f6tigt wird.<\/p>\n","protected":false},"excerpt":{"rendered":"<p>Schwenkbare TV-Halterung mit einem Arm<\/p>\n","protected":false},"featured_media":60856,"template":"","meta":{"_acf_changed":false},"product_brand":[],"product_cat":[567],"product_tag":[],"class_list":{"0":"post-60855","1":"product","2":"type-product","3":"status-publish","4":"has-post-thumbnail","6":"product_cat-slimstyle-plus-de","7":"pa_movimento-supporto-rotation-de","9":"first","10":"instock","11":"taxable","12":"shipping-taxable","13":"purchasable","14":"product-type-simple"},"acf":[],"yoast_head":"<!-- This site is optimized with the Yoast SEO plugin v27.4 - https:\/\/yoast.com\/product\/yoast-seo-wordpress\/ -->\n<title>SLIMSTYLE PLUS 400 SR - Meliconi<\/title>\n<meta name=\"robots\" content=\"index, follow, max-snippet:-1, max-image-preview:large, max-video-preview:-1\" \/>\n<link rel=\"canonical\" href=\"https:\/\/www.meliconi.com\/de\/produkt\/slimstyle-plus-400-sr\/\" \/>\n<meta property=\"og:locale\" content=\"de_DE\" \/>\n<meta property=\"og:type\" content=\"article\" \/>\n<meta property=\"og:title\" content=\"SLIMSTYLE PLUS 400 SR - Meliconi\" \/>\n<meta property=\"og:description\" content=\"Schwenkbare TV-Halterung mit einem Arm\" \/>\n<meta property=\"og:url\" content=\"https:\/\/www.meliconi.com\/de\/produkt\/slimstyle-plus-400-sr\/\" \/>\n<meta property=\"og:site_name\" content=\"Meliconi\" \/>\n<meta property=\"article:modified_time\" content=\"2024-10-08T13:42:44+00:00\" \/>\n<meta property=\"og:image\" content=\"https:\/\/www.meliconi.com\/wp-content\/uploads\/2021\/06\/SLIM-STYLE-Plus-400-SR-con-Registro-PROSP-CON-GOMMINI-scaled.jpg\" \/>\n\t<meta property=\"og:image:width\" content=\"2560\" \/>\n\t<meta property=\"og:image:height\" content=\"2394\" \/>\n\t<meta property=\"og:image:type\" content=\"image\/jpeg\" \/>\n<meta name=\"twitter:card\" content=\"summary_large_image\" \/>\n<meta name=\"twitter:label1\" content=\"Gesch\u00e4tzte Lesezeit\" \/>\n\t<meta name=\"twitter:data1\" content=\"1\u00a0Minute\" \/>\n<script type=\"application\/ld+json\" class=\"yoast-schema-graph\">{\"@context\":\"https:\\\/\\\/schema.org\",\"@graph\":[{\"@type\":\"WebPage\",\"@id\":\"https:\\\/\\\/www.meliconi.com\\\/de\\\/produkt\\\/slimstyle-plus-400-sr\\\/\",\"url\":\"https:\\\/\\\/www.meliconi.com\\\/de\\\/produkt\\\/slimstyle-plus-400-sr\\\/\",\"name\":\"SLIMSTYLE PLUS 400 SR - Meliconi\",\"isPartOf\":{\"@id\":\"https:\\\/\\\/www.meliconi.com\\\/de\\\/#website\"},\"primaryImageOfPage\":{\"@id\":\"https:\\\/\\\/www.meliconi.com\\\/de\\\/produkt\\\/slimstyle-plus-400-sr\\\/#primaryimage\"},\"image\":{\"@id\":\"https:\\\/\\\/www.meliconi.com\\\/de\\\/produkt\\\/slimstyle-plus-400-sr\\\/#primaryimage\"},\"thumbnailUrl\":\"https:\\\/\\\/www.meliconi.com\\\/wp-content\\\/uploads\\\/2021\\\/06\\\/SLIM-STYLE-Plus-400-SR-con-Registro-PROSP-CON-GOMMINI-scaled.jpg\",\"datePublished\":\"2021-06-25T15:55:51+00:00\",\"dateModified\":\"2024-10-08T13:42:44+00:00\",\"breadcrumb\":{\"@id\":\"https:\\\/\\\/www.meliconi.com\\\/de\\\/produkt\\\/slimstyle-plus-400-sr\\\/#breadcrumb\"},\"inLanguage\":\"de\",\"potentialAction\":[{\"@type\":\"ReadAction\",\"target\":[\"https:\\\/\\\/www.meliconi.com\\\/de\\\/produkt\\\/slimstyle-plus-400-sr\\\/\"]}]},{\"@type\":\"ImageObject\",\"inLanguage\":\"de\",\"@id\":\"https:\\\/\\\/www.meliconi.com\\\/de\\\/produkt\\\/slimstyle-plus-400-sr\\\/#primaryimage\",\"url\":\"https:\\\/\\\/www.meliconi.com\\\/wp-content\\\/uploads\\\/2021\\\/06\\\/SLIM-STYLE-Plus-400-SR-con-Registro-PROSP-CON-GOMMINI-scaled.jpg\",\"contentUrl\":\"https:\\\/\\\/www.meliconi.com\\\/wp-content\\\/uploads\\\/2021\\\/06\\\/SLIM-STYLE-Plus-400-SR-con-Registro-PROSP-CON-GOMMINI-scaled.jpg\",\"width\":2560,\"height\":2394},{\"@type\":\"BreadcrumbList\",\"@id\":\"https:\\\/\\\/www.meliconi.com\\\/de\\\/produkt\\\/slimstyle-plus-400-sr\\\/#breadcrumb\",\"itemListElement\":[{\"@type\":\"ListItem\",\"position\":1,\"name\":\"Home\",\"item\":\"https:\\\/\\\/www.meliconi.com\\\/de\\\/\"},{\"@type\":\"ListItem\",\"position\":2,\"name\":\"Shop\",\"item\":\"https:\\\/\\\/www.meliconi.com\\\/de\\\/shop-de\\\/\"},{\"@type\":\"ListItem\",\"position\":3,\"name\":\"SLIMSTYLE PLUS 400 SR\"}]},{\"@type\":\"WebSite\",\"@id\":\"https:\\\/\\\/www.meliconi.com\\\/de\\\/#website\",\"url\":\"https:\\\/\\\/www.meliconi.com\\\/de\\\/\",\"name\":\"Meliconi\",\"description\":\"Lo specialista dell&#039;accessorio\",\"publisher\":{\"@id\":\"https:\\\/\\\/www.meliconi.com\\\/de\\\/#organization\"},\"potentialAction\":[{\"@type\":\"SearchAction\",\"target\":{\"@type\":\"EntryPoint\",\"urlTemplate\":\"https:\\\/\\\/www.meliconi.com\\\/de\\\/?s={search_term_string}\"},\"query-input\":{\"@type\":\"PropertyValueSpecification\",\"valueRequired\":true,\"valueName\":\"search_term_string\"}}],\"inLanguage\":\"de\"},{\"@type\":\"Organization\",\"@id\":\"https:\\\/\\\/www.meliconi.com\\\/de\\\/#organization\",\"name\":\"Meliconi\",\"url\":\"https:\\\/\\\/www.meliconi.com\\\/de\\\/\",\"logo\":{\"@type\":\"ImageObject\",\"inLanguage\":\"de\",\"@id\":\"https:\\\/\\\/www.meliconi.com\\\/de\\\/#\\\/schema\\\/logo\\\/image\\\/\",\"url\":\"https:\\\/\\\/www.meliconi.com\\\/wp-content\\\/uploads\\\/2021\\\/06\\\/logo-meliconi.png\",\"contentUrl\":\"https:\\\/\\\/www.meliconi.com\\\/wp-content\\\/uploads\\\/2021\\\/06\\\/logo-meliconi.png\",\"width\":338,\"height\":102,\"caption\":\"Meliconi\"},\"image\":{\"@id\":\"https:\\\/\\\/www.meliconi.com\\\/de\\\/#\\\/schema\\\/logo\\\/image\\\/\"}}]}<\/script>\n<!-- \/ Yoast SEO plugin. -->","yoast_head_json":{"title":"SLIMSTYLE PLUS 400 SR - Meliconi","robots":{"index":"index","follow":"follow","max-snippet":"max-snippet:-1","max-image-preview":"max-image-preview:large","max-video-preview":"max-video-preview:-1"},"canonical":"https:\/\/www.meliconi.com\/de\/produkt\/slimstyle-plus-400-sr\/","og_locale":"de_DE","og_type":"article","og_title":"SLIMSTYLE PLUS 400 SR - Meliconi","og_description":"Schwenkbare TV-Halterung mit einem Arm","og_url":"https:\/\/www.meliconi.com\/de\/produkt\/slimstyle-plus-400-sr\/","og_site_name":"Meliconi","article_modified_time":"2024-10-08T13:42:44+00:00","og_image":[{"width":2560,"height":2394,"url":"https:\/\/www.meliconi.com\/wp-content\/uploads\/2021\/06\/SLIM-STYLE-Plus-400-SR-con-Registro-PROSP-CON-GOMMINI-scaled.jpg","type":"image\/jpeg"}],"twitter_card":"summary_large_image","twitter_misc":{"Gesch\u00e4tzte Lesezeit":"1\u00a0Minute"},"schema":{"@context":"https:\/\/schema.org","@graph":[{"@type":"WebPage","@id":"https:\/\/www.meliconi.com\/de\/produkt\/slimstyle-plus-400-sr\/","url":"https:\/\/www.meliconi.com\/de\/produkt\/slimstyle-plus-400-sr\/","name":"SLIMSTYLE PLUS 400 SR - Meliconi","isPartOf":{"@id":"https:\/\/www.meliconi.com\/de\/#website"},"primaryImageOfPage":{"@id":"https:\/\/www.meliconi.com\/de\/produkt\/slimstyle-plus-400-sr\/#primaryimage"},"image":{"@id":"https:\/\/www.meliconi.com\/de\/produkt\/slimstyle-plus-400-sr\/#primaryimage"},"thumbnailUrl":"https:\/\/www.meliconi.com\/wp-content\/uploads\/2021\/06\/SLIM-STYLE-Plus-400-SR-con-Registro-PROSP-CON-GOMMINI-scaled.jpg","datePublished":"2021-06-25T15:55:51+00:00","dateModified":"2024-10-08T13:42:44+00:00","breadcrumb":{"@id":"https:\/\/www.meliconi.com\/de\/produkt\/slimstyle-plus-400-sr\/#breadcrumb"},"inLanguage":"de","potentialAction":[{"@type":"ReadAction","target":["https:\/\/www.meliconi.com\/de\/produkt\/slimstyle-plus-400-sr\/"]}]},{"@type":"ImageObject","inLanguage":"de","@id":"https:\/\/www.meliconi.com\/de\/produkt\/slimstyle-plus-400-sr\/#primaryimage","url":"https:\/\/www.meliconi.com\/wp-content\/uploads\/2021\/06\/SLIM-STYLE-Plus-400-SR-con-Registro-PROSP-CON-GOMMINI-scaled.jpg","contentUrl":"https:\/\/www.meliconi.com\/wp-content\/uploads\/2021\/06\/SLIM-STYLE-Plus-400-SR-con-Registro-PROSP-CON-GOMMINI-scaled.jpg","width":2560,"height":2394},{"@type":"BreadcrumbList","@id":"https:\/\/www.meliconi.com\/de\/produkt\/slimstyle-plus-400-sr\/#breadcrumb","itemListElement":[{"@type":"ListItem","position":1,"name":"Home","item":"https:\/\/www.meliconi.com\/de\/"},{"@type":"ListItem","position":2,"name":"Shop","item":"https:\/\/www.meliconi.com\/de\/shop-de\/"},{"@type":"ListItem","position":3,"name":"SLIMSTYLE PLUS 400 SR"}]},{"@type":"WebSite","@id":"https:\/\/www.meliconi.com\/de\/#website","url":"https:\/\/www.meliconi.com\/de\/","name":"Meliconi","description":"Lo specialista dell&#039;accessorio","publisher":{"@id":"https:\/\/www.meliconi.com\/de\/#organization"},"potentialAction":[{"@type":"SearchAction","target":{"@type":"EntryPoint","urlTemplate":"https:\/\/www.meliconi.com\/de\/?s={search_term_string}"},"query-input":{"@type":"PropertyValueSpecification","valueRequired":true,"valueName":"search_term_string"}}],"inLanguage":"de"},{"@type":"Organization","@id":"https:\/\/www.meliconi.com\/de\/#organization","name":"Meliconi","url":"https:\/\/www.meliconi.com\/de\/","logo":{"@type":"ImageObject","inLanguage":"de","@id":"https:\/\/www.meliconi.com\/de\/#\/schema\/logo\/image\/","url":"https:\/\/www.meliconi.com\/wp-content\/uploads\/2021\/06\/logo-meliconi.png","contentUrl":"https:\/\/www.meliconi.com\/wp-content\/uploads\/2021\/06\/logo-meliconi.png","width":338,"height":102,"caption":"Meliconi"},"image":{"@id":"https:\/\/www.meliconi.com\/de\/#\/schema\/logo\/image\/"}}]}},"_links":{"self":[{"href":"https:\/\/www.meliconi.com\/de\/wp-json\/wp\/v2\/product\/60855","targetHints":{"allow":["GET"]}}],"collection":[{"href":"https:\/\/www.meliconi.com\/de\/wp-json\/wp\/v2\/product"}],"about":[{"href":"https:\/\/www.meliconi.com\/de\/wp-json\/wp\/v2\/types\/product"}],"wp:featuredmedia":[{"embeddable":true,"href":"https:\/\/www.meliconi.com\/de\/wp-json\/wp\/v2\/media\/60856"}],"wp:attachment":[{"href":"https:\/\/www.meliconi.com\/de\/wp-json\/wp\/v2\/media?parent=60855"}],"wp:term":[{"taxonomy":"product_brand","embeddable":true,"href":"https:\/\/www.meliconi.com\/de\/wp-json\/wp\/v2\/product_brand?post=60855"},{"taxonomy":"product_cat","embeddable":true,"href":"https:\/\/www.meliconi.com\/de\/wp-json\/wp\/v2\/product_cat?post=60855"},{"taxonomy":"product_tag","embeddable":true,"href":"https:\/\/www.meliconi.com\/de\/wp-json\/wp\/v2\/product_tag?post=60855"}],"curies":[{"name":"wp","href":"https:\/\/api.w.org\/{rel}","templated":true}]}}