{"id":60844,"date":"2024-01-18T13:57:40","date_gmt":"2024-01-18T13:57:40","guid":{"rendered":"https:\/\/www.meliconi.com\/prodotto\/supporto-tv-slimstyle-plus-200-s\/"},"modified":"2024-10-08T15:44:10","modified_gmt":"2024-10-08T13:44:10","slug":"tv-halterung-slimstyle-plus-200-s","status":"publish","type":"product","link":"https:\/\/www.meliconi.com\/de\/produkt\/tv-halterung-slimstyle-plus-200-s\/","title":{"rendered":"SLIMSTYLE PLUS 200 S"},"content":{"rendered":"<p>SLIMSTYLE PLUS ist die neue ultraschlanke Wandhalterungslinie f\u00fcr TVs von Meliconi S.p.A., eine perfekte Kombination aus modernster Technologie, hochwertigen Materialien und attraktivem Design. Dank der innovativen Funktionen EASY TILT und EASY TILT PRO war es noch nie so einfach und pr\u00e4zise, den Fernseher zu neigen. Der zus\u00e4tzliche Gummischutz auf allen Halterungen sch\u00fctzt Ihren Fernseher langfristig, ohne auf einen minimalen Abstand (bis zu 2 cm von der Wand) und volle Sicherheit zu verzichten.<br \/>\nAlle SLIMSTYLE PLUS-Halterungen sind 100% Made in Italy, TUV-zertifiziert und haben eine 10-Jahres-Garantie.<br \/>\nDer 200 S ist eine feste Wandhalterung f\u00fcr Fernseher mit VESA-Bohrungen von 50, 75, 100 und 200 mm, geeignet f\u00fcr mittelgro\u00dfe Fernseher von 26 bis 45 Zoll und mit einer maximalen Tragf\u00e4higkeit von 30 kg.<br \/>\nDas neue FAST BLOCK-Verriegelungssystem macht die Montage einfach, sicher und schnell. Installieren Sie den Fernseher in wenigen Schritten: Schrauben Sie die Halterungen an die R\u00fcckseite des Fernsehers, befestigen Sie ihn an der Platte und mit einem &#8222;Klick&#8220; ist der Fernseher korrekt positioniert! Fast Block erm\u00f6glicht sogar die Installation durch eine einzelne Person.<\/p>\n","protected":false},"excerpt":{"rendered":"<p>Feste Wandhalterung f\u00fcr TV<\/p>\n","protected":false},"featured_media":60379,"template":"","meta":{"_acf_changed":false},"product_brand":[],"product_cat":[567],"product_tag":[],"class_list":{"0":"post-60844","1":"product","2":"type-product","3":"status-publish","4":"has-post-thumbnail","6":"product_cat-slimstyle-plus-de","7":"pa_movimento-supporto-fixed-de","9":"first","10":"outofstock","11":"taxable","12":"shipping-taxable","13":"purchasable","14":"product-type-simple"},"acf":[],"yoast_head":"<!-- This site is optimized with the Yoast SEO plugin v27.4 - https:\/\/yoast.com\/product\/yoast-seo-wordpress\/ -->\n<title>SLIMSTYLE PLUS 200 S - Meliconi<\/title>\n<meta name=\"description\" content=\"Feste, sichere, einfach zu montierende Slim-Wandhalterung f\u00fcr TVs von 26 bis 45 Zoll. f\u00fcr VESA 50-75-100-200, maximale Tragf\u00e4higkeit 30 kg\" \/>\n<meta name=\"robots\" content=\"index, follow, max-snippet:-1, max-image-preview:large, max-video-preview:-1\" \/>\n<link rel=\"canonical\" href=\"https:\/\/www.meliconi.com\/de\/produkt\/tv-halterung-slimstyle-plus-200-s\/\" \/>\n<meta property=\"og:locale\" content=\"de_DE\" \/>\n<meta property=\"og:type\" content=\"article\" \/>\n<meta property=\"og:title\" content=\"SLIMSTYLE PLUS 200 S - Meliconi\" \/>\n<meta property=\"og:description\" content=\"Feste, sichere, einfach zu montierende Slim-Wandhalterung f\u00fcr TVs von 26 bis 45 Zoll. f\u00fcr VESA 50-75-100-200, maximale Tragf\u00e4higkeit 30 kg\" \/>\n<meta property=\"og:url\" content=\"https:\/\/www.meliconi.com\/de\/produkt\/tv-halterung-slimstyle-plus-200-s\/\" \/>\n<meta property=\"og:site_name\" content=\"Meliconi\" \/>\n<meta property=\"article:modified_time\" content=\"2024-10-08T13:44:10+00:00\" \/>\n<meta property=\"og:image\" content=\"https:\/\/www.meliconi.com\/wp-content\/uploads\/2024\/01\/480986_200S_SlimStyle-892x1024.png\" \/>\n\t<meta property=\"og:image:width\" content=\"892\" \/>\n\t<meta property=\"og:image:height\" content=\"1024\" \/>\n\t<meta property=\"og:image:type\" content=\"image\/png\" \/>\n<meta name=\"twitter:card\" content=\"summary_large_image\" \/>\n<meta name=\"twitter:label1\" content=\"Gesch\u00e4tzte Lesezeit\" \/>\n\t<meta name=\"twitter:data1\" content=\"2\u00a0Minuten\" \/>\n<script type=\"application\/ld+json\" class=\"yoast-schema-graph\">{\"@context\":\"https:\\\/\\\/schema.org\",\"@graph\":[{\"@type\":\"WebPage\",\"@id\":\"https:\\\/\\\/www.meliconi.com\\\/de\\\/produkt\\\/tv-halterung-slimstyle-plus-200-s\\\/\",\"url\":\"https:\\\/\\\/www.meliconi.com\\\/de\\\/produkt\\\/tv-halterung-slimstyle-plus-200-s\\\/\",\"name\":\"SLIMSTYLE PLUS 200 S - Meliconi\",\"isPartOf\":{\"@id\":\"https:\\\/\\\/www.meliconi.com\\\/de\\\/#website\"},\"primaryImageOfPage\":{\"@id\":\"https:\\\/\\\/www.meliconi.com\\\/de\\\/produkt\\\/tv-halterung-slimstyle-plus-200-s\\\/#primaryimage\"},\"image\":{\"@id\":\"https:\\\/\\\/www.meliconi.com\\\/de\\\/produkt\\\/tv-halterung-slimstyle-plus-200-s\\\/#primaryimage\"},\"thumbnailUrl\":\"https:\\\/\\\/www.meliconi.com\\\/wp-content\\\/uploads\\\/2024\\\/01\\\/480986_200S_SlimStyle.png\",\"datePublished\":\"2024-01-18T13:57:40+00:00\",\"dateModified\":\"2024-10-08T13:44:10+00:00\",\"description\":\"Feste, sichere, einfach zu montierende Slim-Wandhalterung f\u00fcr TVs von 26 bis 45 Zoll. f\u00fcr VESA 50-75-100-200, maximale Tragf\u00e4higkeit 30 kg\",\"breadcrumb\":{\"@id\":\"https:\\\/\\\/www.meliconi.com\\\/de\\\/produkt\\\/tv-halterung-slimstyle-plus-200-s\\\/#breadcrumb\"},\"inLanguage\":\"de\",\"potentialAction\":[{\"@type\":\"ReadAction\",\"target\":[\"https:\\\/\\\/www.meliconi.com\\\/de\\\/produkt\\\/tv-halterung-slimstyle-plus-200-s\\\/\"]}]},{\"@type\":\"ImageObject\",\"inLanguage\":\"de\",\"@id\":\"https:\\\/\\\/www.meliconi.com\\\/de\\\/produkt\\\/tv-halterung-slimstyle-plus-200-s\\\/#primaryimage\",\"url\":\"https:\\\/\\\/www.meliconi.com\\\/wp-content\\\/uploads\\\/2024\\\/01\\\/480986_200S_SlimStyle.png\",\"contentUrl\":\"https:\\\/\\\/www.meliconi.com\\\/wp-content\\\/uploads\\\/2024\\\/01\\\/480986_200S_SlimStyle.png\",\"width\":2990,\"height\":3432},{\"@type\":\"BreadcrumbList\",\"@id\":\"https:\\\/\\\/www.meliconi.com\\\/de\\\/produkt\\\/tv-halterung-slimstyle-plus-200-s\\\/#breadcrumb\",\"itemListElement\":[{\"@type\":\"ListItem\",\"position\":1,\"name\":\"Home\",\"item\":\"https:\\\/\\\/www.meliconi.com\\\/de\\\/\"},{\"@type\":\"ListItem\",\"position\":2,\"name\":\"Shop\",\"item\":\"https:\\\/\\\/www.meliconi.com\\\/de\\\/shop-de\\\/\"},{\"@type\":\"ListItem\",\"position\":3,\"name\":\"SLIMSTYLE PLUS 200 S\"}]},{\"@type\":\"WebSite\",\"@id\":\"https:\\\/\\\/www.meliconi.com\\\/de\\\/#website\",\"url\":\"https:\\\/\\\/www.meliconi.com\\\/de\\\/\",\"name\":\"Meliconi\",\"description\":\"Lo specialista dell&#039;accessorio\",\"publisher\":{\"@id\":\"https:\\\/\\\/www.meliconi.com\\\/de\\\/#organization\"},\"potentialAction\":[{\"@type\":\"SearchAction\",\"target\":{\"@type\":\"EntryPoint\",\"urlTemplate\":\"https:\\\/\\\/www.meliconi.com\\\/de\\\/?s={search_term_string}\"},\"query-input\":{\"@type\":\"PropertyValueSpecification\",\"valueRequired\":true,\"valueName\":\"search_term_string\"}}],\"inLanguage\":\"de\"},{\"@type\":\"Organization\",\"@id\":\"https:\\\/\\\/www.meliconi.com\\\/de\\\/#organization\",\"name\":\"Meliconi\",\"url\":\"https:\\\/\\\/www.meliconi.com\\\/de\\\/\",\"logo\":{\"@type\":\"ImageObject\",\"inLanguage\":\"de\",\"@id\":\"https:\\\/\\\/www.meliconi.com\\\/de\\\/#\\\/schema\\\/logo\\\/image\\\/\",\"url\":\"https:\\\/\\\/www.meliconi.com\\\/wp-content\\\/uploads\\\/2021\\\/06\\\/logo-meliconi.png\",\"contentUrl\":\"https:\\\/\\\/www.meliconi.com\\\/wp-content\\\/uploads\\\/2021\\\/06\\\/logo-meliconi.png\",\"width\":338,\"height\":102,\"caption\":\"Meliconi\"},\"image\":{\"@id\":\"https:\\\/\\\/www.meliconi.com\\\/de\\\/#\\\/schema\\\/logo\\\/image\\\/\"}}]}<\/script>\n<!-- \/ Yoast SEO plugin. -->","yoast_head_json":{"title":"SLIMSTYLE PLUS 200 S - Meliconi","description":"Feste, sichere, einfach zu montierende Slim-Wandhalterung f\u00fcr TVs von 26 bis 45 Zoll. f\u00fcr VESA 50-75-100-200, maximale Tragf\u00e4higkeit 30 kg","robots":{"index":"index","follow":"follow","max-snippet":"max-snippet:-1","max-image-preview":"max-image-preview:large","max-video-preview":"max-video-preview:-1"},"canonical":"https:\/\/www.meliconi.com\/de\/produkt\/tv-halterung-slimstyle-plus-200-s\/","og_locale":"de_DE","og_type":"article","og_title":"SLIMSTYLE PLUS 200 S - Meliconi","og_description":"Feste, sichere, einfach zu montierende Slim-Wandhalterung f\u00fcr TVs von 26 bis 45 Zoll. f\u00fcr VESA 50-75-100-200, maximale Tragf\u00e4higkeit 30 kg","og_url":"https:\/\/www.meliconi.com\/de\/produkt\/tv-halterung-slimstyle-plus-200-s\/","og_site_name":"Meliconi","article_modified_time":"2024-10-08T13:44:10+00:00","og_image":[{"width":892,"height":1024,"url":"https:\/\/www.meliconi.com\/wp-content\/uploads\/2024\/01\/480986_200S_SlimStyle-892x1024.png","type":"image\/png"}],"twitter_card":"summary_large_image","twitter_misc":{"Gesch\u00e4tzte Lesezeit":"2\u00a0Minuten"},"schema":{"@context":"https:\/\/schema.org","@graph":[{"@type":"WebPage","@id":"https:\/\/www.meliconi.com\/de\/produkt\/tv-halterung-slimstyle-plus-200-s\/","url":"https:\/\/www.meliconi.com\/de\/produkt\/tv-halterung-slimstyle-plus-200-s\/","name":"SLIMSTYLE PLUS 200 S - Meliconi","isPartOf":{"@id":"https:\/\/www.meliconi.com\/de\/#website"},"primaryImageOfPage":{"@id":"https:\/\/www.meliconi.com\/de\/produkt\/tv-halterung-slimstyle-plus-200-s\/#primaryimage"},"image":{"@id":"https:\/\/www.meliconi.com\/de\/produkt\/tv-halterung-slimstyle-plus-200-s\/#primaryimage"},"thumbnailUrl":"https:\/\/www.meliconi.com\/wp-content\/uploads\/2024\/01\/480986_200S_SlimStyle.png","datePublished":"2024-01-18T13:57:40+00:00","dateModified":"2024-10-08T13:44:10+00:00","description":"Feste, sichere, einfach zu montierende Slim-Wandhalterung f\u00fcr TVs von 26 bis 45 Zoll. f\u00fcr VESA 50-75-100-200, maximale Tragf\u00e4higkeit 30 kg","breadcrumb":{"@id":"https:\/\/www.meliconi.com\/de\/produkt\/tv-halterung-slimstyle-plus-200-s\/#breadcrumb"},"inLanguage":"de","potentialAction":[{"@type":"ReadAction","target":["https:\/\/www.meliconi.com\/de\/produkt\/tv-halterung-slimstyle-plus-200-s\/"]}]},{"@type":"ImageObject","inLanguage":"de","@id":"https:\/\/www.meliconi.com\/de\/produkt\/tv-halterung-slimstyle-plus-200-s\/#primaryimage","url":"https:\/\/www.meliconi.com\/wp-content\/uploads\/2024\/01\/480986_200S_SlimStyle.png","contentUrl":"https:\/\/www.meliconi.com\/wp-content\/uploads\/2024\/01\/480986_200S_SlimStyle.png","width":2990,"height":3432},{"@type":"BreadcrumbList","@id":"https:\/\/www.meliconi.com\/de\/produkt\/tv-halterung-slimstyle-plus-200-s\/#breadcrumb","itemListElement":[{"@type":"ListItem","position":1,"name":"Home","item":"https:\/\/www.meliconi.com\/de\/"},{"@type":"ListItem","position":2,"name":"Shop","item":"https:\/\/www.meliconi.com\/de\/shop-de\/"},{"@type":"ListItem","position":3,"name":"SLIMSTYLE PLUS 200 S"}]},{"@type":"WebSite","@id":"https:\/\/www.meliconi.com\/de\/#website","url":"https:\/\/www.meliconi.com\/de\/","name":"Meliconi","description":"Lo specialista dell&#039;accessorio","publisher":{"@id":"https:\/\/www.meliconi.com\/de\/#organization"},"potentialAction":[{"@type":"SearchAction","target":{"@type":"EntryPoint","urlTemplate":"https:\/\/www.meliconi.com\/de\/?s={search_term_string}"},"query-input":{"@type":"PropertyValueSpecification","valueRequired":true,"valueName":"search_term_string"}}],"inLanguage":"de"},{"@type":"Organization","@id":"https:\/\/www.meliconi.com\/de\/#organization","name":"Meliconi","url":"https:\/\/www.meliconi.com\/de\/","logo":{"@type":"ImageObject","inLanguage":"de","@id":"https:\/\/www.meliconi.com\/de\/#\/schema\/logo\/image\/","url":"https:\/\/www.meliconi.com\/wp-content\/uploads\/2021\/06\/logo-meliconi.png","contentUrl":"https:\/\/www.meliconi.com\/wp-content\/uploads\/2021\/06\/logo-meliconi.png","width":338,"height":102,"caption":"Meliconi"},"image":{"@id":"https:\/\/www.meliconi.com\/de\/#\/schema\/logo\/image\/"}}]}},"_links":{"self":[{"href":"https:\/\/www.meliconi.com\/de\/wp-json\/wp\/v2\/product\/60844","targetHints":{"allow":["GET"]}}],"collection":[{"href":"https:\/\/www.meliconi.com\/de\/wp-json\/wp\/v2\/product"}],"about":[{"href":"https:\/\/www.meliconi.com\/de\/wp-json\/wp\/v2\/types\/product"}],"wp:featuredmedia":[{"embeddable":true,"href":"https:\/\/www.meliconi.com\/de\/wp-json\/wp\/v2\/media\/60379"}],"wp:attachment":[{"href":"https:\/\/www.meliconi.com\/de\/wp-json\/wp\/v2\/media?parent=60844"}],"wp:term":[{"taxonomy":"product_brand","embeddable":true,"href":"https:\/\/www.meliconi.com\/de\/wp-json\/wp\/v2\/product_brand?post=60844"},{"taxonomy":"product_cat","embeddable":true,"href":"https:\/\/www.meliconi.com\/de\/wp-json\/wp\/v2\/product_cat?post=60844"},{"taxonomy":"product_tag","embeddable":true,"href":"https:\/\/www.meliconi.com\/de\/wp-json\/wp\/v2\/product_tag?post=60844"}],"curies":[{"name":"wp","href":"https:\/\/api.w.org\/{rel}","templated":true}]}}